{"id":1695,"date":"2017-11-18T20:18:18","date_gmt":"2017-11-18T20:18:18","guid":{"rendered":"http:\/\/biblian.is\/1981\/fyrri-kronikubok-11-kafli\/"},"modified":"2021-06-06T10:57:04","modified_gmt":"2021-06-06T10:57:04","slug":"fyrri-kronikubok-11-kafli","status":"publish","type":"page","link":"https:\/\/biblian.is\/1981\/fyrri-kronikubok-11-kafli\/","title":{"rendered":"Fyrri kron\u00edkub\u00f3k 11. kafli"},"content":{"rendered":"<p><a name=\"1\"><span class=\"versanumer\">1<\/span><\/a>\u00de\u00e1 s\u00f6fnu\u00f0ust allir \u00cdsraelsmenn til Dav\u00ed\u00f0s \u00ed Hebron og s\u00f6g\u00f0u: Sj\u00e1, v\u00e9r erum hold \u00feitt og bein!<a name=\"2\"><span class=\"versanumer\">2<\/span><\/a>\u00deegar um langa hr\u00ed\u00f0, me\u00f0an S\u00e1l var konungur, hefir \u00fe\u00fa veri\u00f0 fyrir \u00cdsrael, b\u00e6\u00f0i \u00feegar hann lag\u00f0i af sta\u00f0 \u00ed str\u00ed\u00f0 og \u00feegar hann kom heim. Auk \u00feess hefir Drottinn, Gu\u00f0 \u00feinn, vi\u00f0 \u00feig sagt: \u00de\u00fa skalt vera hir\u00f0ir \u00fej\u00f3\u00f0ar minnar \u00cdsraels, og \u00fe\u00fa skalt vera h\u00f6f\u00f0ingi yfir \u00fej\u00f3\u00f0 minni \u00cdsrael!<a name=\"3\"><span class=\"versanumer\">3<\/span><\/a>\u00de\u00e1 komu allir \u00f6ldungar \u00cdsraels til konungsins \u00ed Hebron, og Dav\u00ed\u00f0 gj\u00f6r\u00f0i vi\u00f0 \u00fe\u00e1 s\u00e1ttm\u00e1la \u00ed Hebron, frammi fyrir augliti Drottins, og \u00feeir smur\u00f0u Dav\u00ed\u00f0 til konungs yfir \u00cdsrael eftir or\u00f0i Drottins fyrir munn Sam\u00faels.<a name=\"4\"><span class=\"versanumer\">4<\/span><\/a>Og Dav\u00ed\u00f0 og allur \u00cdsrael f\u00f3r til Jer\u00fasalem, \u00fea\u00f0 er Jeb\u00fas, og \u00fear voru Jeb\u00fas\u00edtar landsb\u00faar.<a name=\"5\"><span class=\"versanumer\">5<\/span><\/a>\u00de\u00e1 s\u00f6g\u00f0u Jeb\u00fasb\u00faar vi\u00f0 Dav\u00ed\u00f0: \u00de\u00fa munt eigi komast h\u00e9r inn! En Dav\u00ed\u00f0 t\u00f3k v\u00edgi\u00f0 S\u00edon, \u00fea\u00f0 er Dav\u00ed\u00f0sborg.<a name=\"6\"><span class=\"versanumer\">6<\/span><\/a>\u00de\u00e1 m\u00e6lti Dav\u00ed\u00f0: Hver s\u00e1, er fyrstur vinnur sigur \u00e1 Jeb\u00fas\u00edtum, skal ver\u00f0a h\u00f6fu\u00f0sma\u00f0ur og herforingi! Gekk \u00fe\u00e1 fyrstur upp J\u00f3ab Ser\u00fajuson og var\u00f0 h\u00f6fu\u00f0sma\u00f0ur.<a name=\"7\"><span class=\"versanumer\">7<\/span><\/a>\u00dev\u00ed n\u00e6st settist Dav\u00ed\u00f0 a\u00f0 \u00ed v\u00edginu, fyrir \u00fev\u00ed nefndu menn \u00fea\u00f0 Dav\u00ed\u00f0sborg.<a name=\"8\"><span class=\"versanumer\">8<\/span><\/a>Og hann v\u00edggirti borgina allt \u00ed kring, fr\u00e1 Mill\u00f3 og alla lei\u00f0 umhverfis, en a\u00f0ra hluta borgarinnar hressti J\u00f3ab vi\u00f0.<a name=\"9\"><span class=\"versanumer\">9<\/span><\/a>Og Dav\u00ed\u00f0 efldist meir og meir, og Drottinn allsherjar var me\u00f0 honum.<a name=\"10\"><span class=\"versanumer\">10<\/span><\/a>\u00deessir eru helstir kappar Dav\u00ed\u00f0s, er \u00f6fluglega studdu hann til konungstignar, \u00e1samt \u00f6llum \u00cdsrael, til \u00feess a\u00f0 gj\u00f6ra hann a\u00f0 konungi samkv\u00e6mt bo\u00f0i Drottins til \u00cdsraels.<a name=\"11\"><span class=\"versanumer\">11<\/span><\/a>Og \u00feetta er talan \u00e1 k\u00f6ppum Dav\u00ed\u00f0s: Jas\u00f3beam Hakm\u00f3n\u00edson, h\u00f6f\u00f0ingi \u00feeirra \u00feriggja. Hann veifa\u00f0i spj\u00f3ti s\u00ednu yfir \u00ferj\u00fa hundru\u00f0 vegnum \u00ed einu.<a name=\"12\"><span class=\"versanumer\">12<\/span><\/a>Honum n\u00e6stur er Eleasar D\u00f3d\u00f3son, Ah\u00f3h\u00edti. Hann var me\u00f0al kappanna \u00feriggja.<a name=\"13\"><span class=\"versanumer\">13<\/span><\/a>Hann var me\u00f0 Dav\u00ed\u00f0 \u00ed Pas Damm\u00edm, en Filistar h\u00f6f\u00f0u safnast \u00fear saman til orustu. En \u00fear var akurspilda, alsprottin byggi. En er f\u00f3lki\u00f0 fl\u00fd\u00f0i fyrir Filistum,<a name=\"14\"><span class=\"versanumer\">14<\/span><\/a>n\u00e1mu \u00feeir sta\u00f0ar \u00ed spildunni mi\u00f0ri, n\u00e1\u00f0u henni og unnu sigur \u00e1 Filistum. Veitti Drottinn \u00feannig mikinn sigur.<a name=\"15\"><span class=\"versanumer\">15<\/span><\/a>Einu sinni f\u00f3ru \u00fer\u00edr af h\u00f6f\u00f0ingjunum \u00ferj\u00e1t\u00edu til Dav\u00ed\u00f0s \u00ed hamrinum, \u00ed Ad\u00fallamv\u00edginu, en her Filista l\u00e1 \u00ed herb\u00fa\u00f0um \u00ed Refa\u00edmdal.<a name=\"16\"><span class=\"versanumer\">16<\/span><\/a>\u00de\u00e1 var Dav\u00ed\u00f0 \u00ed v\u00edginu, en var\u00f0sveit Filista var \u00fe\u00e1 \u00ed Betlehem.<a name=\"17\"><span class=\"versanumer\">17<\/span><\/a>\u00de\u00e1 \u00feyrsti Dav\u00ed\u00f0 og sag\u00f0i: Hver vill s\u00e6kja m\u00e9r vatn \u00ed brunninn \u00ed Betlehem, sem er \u00fear vi\u00f0 hli\u00f0i\u00f0?<a name=\"18\"><span class=\"versanumer\">18<\/span><\/a>\u00de\u00e1 brutust \u00feeir \u00fer\u00edr gegnum herb\u00fa\u00f0ir Filista, jusu vatn \u00far brunninum \u00ed Betlehem, sem er \u00fear vi\u00f0 hli\u00f0i\u00f0, t\u00f3ku \u00fea\u00f0 og f\u00e6r\u00f0u Dav\u00ed\u00f0. En Dav\u00ed\u00f0 vildi ekki drekka \u00fea\u00f0, heldur dreypti \u00fev\u00ed Drottni til handa<a name=\"19\"><span class=\"versanumer\">19<\/span><\/a>og m\u00e6lti: Gu\u00f0 minn l\u00e1ti \u00fea\u00f0 vera fjarri m\u00e9r a\u00f0 gj\u00f6ra sl\u00edkt. \u00c6tti \u00e9g a\u00f0 drekka bl\u00f3\u00f0 \u00feessara manna, er h\u00e6ttu l\u00edfi s\u00ednu, \u00fev\u00ed a\u00f0 me\u00f0 \u00fev\u00ed a\u00f0 h\u00e6tta l\u00edfi s\u00ednu s\u00f3ttu \u00feeir \u00fea\u00f0. Og hann vildi ekki drekka \u00fea\u00f0. \u00deetta gj\u00f6r\u00f0u kapparnir \u00fer\u00edr.<a name=\"20\"><span class=\"versanumer\">20<\/span><\/a>Ab\u00edsa\u00ed, br\u00f3\u00f0ir J\u00f3abs, var fyrir \u00feeim \u00ferj\u00e1t\u00edu. Hann veifa\u00f0i spj\u00f3ti s\u00ednu yfir \u00ferj\u00fa hundru\u00f0 vegnum og var fr\u00e6gur me\u00f0al \u00feeirra \u00ferj\u00e1t\u00edu.<a name=\"21\"><span class=\"versanumer\">21<\/span><\/a>Af \u00feeim \u00ferj\u00e1t\u00edu var hann \u00ed hei\u00f0ri haf\u00f0ur og var foringi \u00feeirra, en til jafns vi\u00f0 \u00fe\u00e1 \u00ferj\u00e1 komst hann ekki.<a name=\"22\"><span class=\"versanumer\">22<\/span><\/a>Benaja J\u00f3jadason, hraustmenni, fr\u00e6gur fyrir afreksverk s\u00edn, var fr\u00e1 Kabseel. Hann drap b\u00e1\u00f0a sonu Ar\u00edels fr\u00e1 M\u00f3ab. Hann st\u00e9 ofan \u00ed brunn og drap \u00fear lj\u00f3n einn dag, er snj\u00f3a\u00f0 haf\u00f0i.<a name=\"23\"><span class=\"versanumer\">23<\/span><\/a>Hann drap og egypskan mann tr\u00f6llaukinn, fimm \u00e1lna h\u00e1an. Egyptinn haf\u00f0i spj\u00f3t \u00ed hendi, digurt sem vefjarrif, en hann f\u00f3r \u00e1 m\u00f3ti honum me\u00f0 staf, reif spj\u00f3ti\u00f0 \u00far hendi Egyptans og drap hann me\u00f0 hans eigin spj\u00f3ti.<a name=\"24\"><span class=\"versanumer\">24<\/span><\/a>\u00deetta gj\u00f6r\u00f0i Benaja J\u00f3jadason. Hann var fr\u00e6gur me\u00f0al kappanna \u00ferj\u00e1t\u00edu.<a name=\"25\"><span class=\"versanumer\">25<\/span><\/a>Af \u00feeim \u00ferj\u00e1t\u00edu var hann \u00ed hei\u00f0ri haf\u00f0ur, en til jafns vi\u00f0 \u00fe\u00e1 \u00ferj\u00e1 komst hann ekki. Dav\u00ed\u00f0 setti hann yfir l\u00edfv\u00f6r\u00f0 sinn.<a name=\"26\"><span class=\"versanumer\">26<\/span><\/a>Og hraustu kapparnir voru: Asahel, br\u00f3\u00f0ir J\u00f3abs, Elhanan D\u00f3d\u00f3son fr\u00e1 Betlehem,<a name=\"27\"><span class=\"versanumer\">27<\/span><\/a>Samm\u00f3t fr\u00e1 Har\u00f3r, Heles fr\u00e1 Palon,<a name=\"28\"><span class=\"versanumer\">28<\/span><\/a>\u00cdra \u00cdkkesson fr\u00e1 Tek\u00f3a, Ab\u00edeser fr\u00e1 Anat\u00f3t,<a name=\"29\"><span class=\"versanumer\">29<\/span><\/a>Sibbeka\u00ed fr\u00e1 H\u00fasa, \u00cdla\u00ed fr\u00e1 Ah\u00f3,<a name=\"30\"><span class=\"versanumer\">30<\/span><\/a>Mahara\u00ed fr\u00e1 Net\u00f3fa, Heled Baanason fr\u00e1 Net\u00f3fa,<a name=\"31\"><span class=\"versanumer\">31<\/span><\/a>\u00cdtta\u00ed R\u00edba\u00edson fr\u00e1 G\u00edbeu \u00ed Benjam\u00edns \u00e6ttkv\u00edsl, Benaja fr\u00e1 P\u00edraton,<a name=\"32\"><span class=\"versanumer\">32<\/span><\/a>H\u00fara\u00ed fr\u00e1 Nahale Gaas, Ab\u00edel fr\u00e1 Araba,<a name=\"33\"><span class=\"versanumer\">33<\/span><\/a>Asmavet fr\u00e1 Bah\u00far\u00edm, Eljahba fr\u00e1 Saalb\u00f3n,<a name=\"34\"><span class=\"versanumer\">34<\/span><\/a>Hasem fr\u00e1 G\u00edson, J\u00f3natan Sageson fr\u00e1 Harar,<a name=\"35\"><span class=\"versanumer\">35<\/span><\/a>Ah\u00edam Sakarsson fr\u00e1 Harar, El\u00edfal \u00darsson,<a name=\"36\"><span class=\"versanumer\">36<\/span><\/a>Hefer fr\u00e1 Mekera, Ah\u00eda fr\u00e1 Palon,<a name=\"37\"><span class=\"versanumer\">37<\/span><\/a>Hesr\u00f3 fr\u00e1 Karmel, Naara\u00ed Esba\u00edson,<a name=\"38\"><span class=\"versanumer\">38<\/span><\/a>J\u00f3el, br\u00f3\u00f0ir Natans, M\u00edbhar Hagr\u00edson,<a name=\"39\"><span class=\"versanumer\">39<\/span><\/a>Selek Amm\u00f3n\u00edti, Nahra\u00ed fr\u00e1 Beer\u00f3t, skjaldsveinn J\u00f3abs Ser\u00fajusonar,<a name=\"40\"><span class=\"versanumer\">40<\/span><\/a>\u00cdra fr\u00e1 Jatt\u00edr, Gareb fr\u00e1 Jatt\u00edr,<a name=\"41\"><span class=\"versanumer\">41<\/span><\/a>\u00dar\u00eda Het\u00edti, Sabad Ahla\u00edson,<a name=\"42\"><span class=\"versanumer\">42<\/span><\/a>Ad\u00edna S\u00edsason, ni\u00f0ji R\u00fabens, h\u00f6f\u00f0ingi R\u00fabensni\u00f0ja, og \u00ferj\u00e1t\u00edu manns me\u00f0 honum,<a name=\"43\"><span class=\"versanumer\">43<\/span><\/a>Hanan Maakason og J\u00f3safat fr\u00e1 Meten,<a name=\"44\"><span class=\"versanumer\">44<\/span><\/a>\u00dass\u00eda fr\u00e1 Astera, Sama og Je\u00edel H\u00f3tamssynir fr\u00e1 Ar\u00f3er,<a name=\"45\"><span class=\"versanumer\">45<\/span><\/a>Jed\u00edael Simr\u00edson og J\u00f3ha T\u00eds\u00edti, br\u00f3\u00f0ir hans,<a name=\"46\"><span class=\"versanumer\">46<\/span><\/a>El\u00edel fr\u00e1 Mahana\u00edm og Jer\u00edba\u00ed og J\u00f3savja Elnaamssynir og J\u00edtma M\u00f3ab\u00edti,<a name=\"47\"><span class=\"versanumer\">47<\/span><\/a>El\u00edel, \u00d3be\u00f0 og Jaas\u00edel fr\u00e1 Mes\u00f3baja.<\/p>\n<div class=\"footnote1981\"><b>11.1-3<\/b> sbr 2Sam 5.1-3<br \/>\n<b>11.4-9<\/b> sbr 2Sam 5.6-10<br \/>\n<b>11.10-47<\/b> sbr 2Sam 23.8-39<\/div>\n","protected":false},"excerpt":{"rendered":"<p>1\u00de\u00e1 s\u00f6fnu\u00f0ust allir \u00cdsraelsmenn til Dav\u00ed\u00f0s \u00ed Hebron og s\u00f6g\u00f0u: Sj\u00e1, v\u00e9r erum hold \u00feitt og bein!2\u00deegar um langa hr\u00ed\u00f0, me\u00f0an S\u00e1l var konungur, hefir \u00fe\u00fa veri\u00f0 fyrir \u00cdsrael, b\u00e6\u00f0i \u00feegar hann lag\u00f0i af sta\u00f0 \u00ed str\u00ed\u00f0 og \u00feegar hann kom heim. Auk \u00feess hefir Drottinn, Gu\u00f0 \u00feinn, vi\u00f0 \u00feig sagt: \u00de\u00fa skalt vera hir\u00f0ir \u00fej\u00f3\u00f0ar minnar \u00cdsraels, og \u00fe\u00fa skalt vera h\u00f6f\u00f0ingi yfir \u00fej\u00f3\u00f0 minni \u00cdsrael!3\u00de\u00e1 komu allir \u00f6ldungar \u00cdsraels til konungsins \u00ed Hebron, og Dav\u00ed\u00f0 gj\u00f6r\u00f0i vi\u00f0 \u00fe\u00e1 s\u00e1ttm\u00e1la \u00ed Hebron, frammi fyrir augliti Drottins, og \u00feeir smur\u00f0u Dav\u00ed\u00f0 til konungs yfir \u00cdsrael eftir or\u00f0i Drottins fyrir munn <a href=\"https:\/\/biblian.is\/1981\/fyrri-kronikubok-11-kafli\/\"> [&#8230;]<\/a><\/p>\n","protected":false},"author":1,"featured_media":0,"parent":0,"menu_order":0,"comment_status":"open","ping_status":"open","template":"bibliukaflar.php","meta":{"footnotes":""},"class_list":["post-1695","page","type-page","status-publish","hentry"],"_links":{"self":[{"href":"https:\/\/biblian.is\/1981\/wp-json\/wp\/v2\/pages\/1695","targetHints":{"allow":["GET"]}}],"collection":[{"href":"https:\/\/biblian.is\/1981\/wp-json\/wp\/v2\/pages"}],"about":[{"href":"https:\/\/biblian.is\/1981\/wp-json\/wp\/v2\/types\/page"}],"author":[{"embeddable":true,"href":"https:\/\/biblian.is\/1981\/wp-json\/wp\/v2\/users\/1"}],"replies":[{"embeddable":true,"href":"https:\/\/biblian.is\/1981\/wp-json\/wp\/v2\/comments?post=1695"}],"version-history":[{"count":0,"href":"https:\/\/biblian.is\/1981\/wp-json\/wp\/v2\/pages\/1695\/revisions"}],"wp:attachment":[{"href":"https:\/\/biblian.is\/1981\/wp-json\/wp\/v2\/media?parent=1695"}],"curies":[{"name":"wp","href":"https:\/\/api.w.org\/{rel}","templated":true}]}}