{"id":1694,"date":"2017-11-18T20:18:18","date_gmt":"2017-11-18T20:18:18","guid":{"rendered":"http:\/\/biblian.is\/1981\/fyrri-kronikubok-10-kafli\/"},"modified":"2021-06-06T10:57:04","modified_gmt":"2021-06-06T10:57:04","slug":"fyrri-kronikubok-10-kafli","status":"publish","type":"page","link":"https:\/\/biblian.is\/1981\/fyrri-kronikubok-10-kafli\/","title":{"rendered":"Fyrri kron\u00edkub\u00f3k 10. kafli"},"content":{"rendered":"<p><a name=\"1\"><span class=\"versanumer\">1<\/span><\/a>Filistar h\u00f6f\u00f0u lagt til orustu vi\u00f0 \u00cdsrael. H\u00f6f\u00f0u \u00cdsraelsmenn fl\u00fai\u00f0 fyrir Filistum, og l\u00e1gu margir fallnir \u00e1 Gilb\u00f3afjalli.<a name=\"2\"><span class=\"versanumer\">2<\/span><\/a>Og Filistar eltu S\u00e1l og sonu hans og felldu J\u00f3natan, Ab\u00ednadab og Malk\u00eds\u00faa, sonu S\u00e1ls.<a name=\"3\"><span class=\"versanumer\">3<\/span><\/a>Var n\u00fa gj\u00f6r\u00f0 h\u00f6r\u00f0 atlaga a\u00f0 S\u00e1l, og h\u00f6f\u00f0u bogmenn komi\u00f0 auga \u00e1 hann. Var\u00f0 hann \u00fe\u00e1 hr\u00e6ddur vi\u00f0 bogmennina.<a name=\"4\"><span class=\"versanumer\">4<\/span><\/a>\u00de\u00e1 sag\u00f0i S\u00e1l vi\u00f0 skjaldsvein sinn: Breg\u00f0 \u00fe\u00fa sver\u00f0i \u00fe\u00ednu og legg mig \u00ed gegn me\u00f0 \u00fev\u00ed, svo a\u00f0 \u00f3umskornir menn \u00feessir komi ekki og fari h\u00e1\u00f0ulega me\u00f0 mig. En skjaldsveinninn vildi ekki gj\u00f6ra \u00fea\u00f0, \u00fev\u00ed a\u00f0 hann var mj\u00f6g hr\u00e6ddur. \u00de\u00e1 t\u00f3k S\u00e1l sver\u00f0i\u00f0 og l\u00e9t fallast \u00e1 \u00fea\u00f0.<a name=\"5\"><span class=\"versanumer\">5<\/span><\/a>Og er skjaldsveinninn s\u00e1, a\u00f0 S\u00e1l var dau\u00f0ur, \u00fe\u00e1 l\u00e9t hann og fallast \u00e1 sver\u00f0 sitt og d\u00f3.<a name=\"6\"><span class=\"versanumer\">6<\/span><\/a>\u00deannig l\u00e9tu \u00feeir l\u00edf sitt, S\u00e1l, synir hans \u00fer\u00edr og allir \u00e6ttmenn hans. L\u00e9tu \u00feeir l\u00edfi\u00f0 saman.<a name=\"7\"><span class=\"versanumer\">7<\/span><\/a>\u00deegar allir \u00cdsraelsmenn \u00feeir er \u00e1 sl\u00e9ttlendinu bjuggu, s\u00e1u, a\u00f0 \u00cdsraelsmenn voru fl\u00fanir, og S\u00e1l og synir hans fallnir, \u00fe\u00e1 yfirg\u00e1fu \u00feeir borgir s\u00ednar og l\u00f6g\u00f0u \u00e1 fl\u00f3tta. Og Filistar komu og settust a\u00f0 \u00ed \u00feeim.<a name=\"8\"><span class=\"versanumer\">8<\/span><\/a>Daginn eftir komu Filistar a\u00f0 r\u00e6na valinn. Fundu \u00feeir \u00fe\u00e1 S\u00e1l og sonu hans \u00ferj\u00e1 fallna \u00e1 Gilb\u00f3afjalli.<a name=\"9\"><span class=\"versanumer\">9<\/span><\/a>Flettu \u00feeir hann kl\u00e6\u00f0um og t\u00f3ku h\u00f6fu\u00f0 hans og herkl\u00e6\u00f0i og gj\u00f6r\u00f0u sendimenn um allt Filistaland til \u00feess a\u00f0 flytja skur\u00f0go\u00f0um s\u00ednum og l\u00fd\u00f0num gle\u00f0it\u00ed\u00f0indin.<a name=\"10\"><span class=\"versanumer\">10<\/span><\/a>Og \u00feeir l\u00f6g\u00f0u vopn hans \u00ed hof gu\u00f0s s\u00edns, en hausk\u00fapu hans festu \u00feeir upp \u00ed hofi Dag\u00f3ns.<a name=\"11\"><span class=\"versanumer\">11<\/span><\/a>\u00deegar allir \u00feeir, er bjuggu \u00ed Jabes \u00ed G\u00edlea\u00f0, fr\u00e9ttu allt \u00fea\u00f0, er Filistar h\u00f6f\u00f0u gj\u00f6rt vi\u00f0 S\u00e1l,<a name=\"12\"><span class=\"versanumer\">12<\/span><\/a>\u00fe\u00e1 t\u00f3ku sig til allir vopnf\u00e6rir menn, t\u00f3ku l\u00edk S\u00e1ls og l\u00edk sona hans og fluttu \u00feau til Jabes. S\u00ed\u00f0an j\u00f6r\u00f0u\u00f0u \u00feeir bein \u00feeirra undir eikinni \u00ed Jabes og f\u00f6stu\u00f0u \u00ed sj\u00f6 daga.<a name=\"13\"><span class=\"versanumer\">13<\/span><\/a>\u00deannig l\u00e9t S\u00e1l l\u00edf sitt sakir \u00f3tr\u00famennsku sinnar vi\u00f0 Drottin, sakir \u00feess a\u00f0 hann eigi var\u00f0veitti bo\u00f0 Drottins, og einnig sakir \u00feess, a\u00f0 hann haf\u00f0i gengi\u00f0 til fr\u00e9tta vi\u00f0 vofu,<a name=\"14\"><span class=\"versanumer\">14<\/span><\/a>en vi\u00f0 Drottin haf\u00f0i hann eigi gengi\u00f0 til fr\u00e9tta. Hann l\u00e9t hann \u00feess vegna deyja, en konungd\u00f3minn hverfa undir Dav\u00ed\u00f0 \u00cdsa\u00edson.<\/p>\n<div class=\"footnote1981\"><b>10.1-14<\/b> sbr 1Sam 31.1-13<\/div>\n","protected":false},"excerpt":{"rendered":"<p>1Filistar h\u00f6f\u00f0u lagt til orustu vi\u00f0 \u00cdsrael. H\u00f6f\u00f0u \u00cdsraelsmenn fl\u00fai\u00f0 fyrir Filistum, og l\u00e1gu margir fallnir \u00e1 Gilb\u00f3afjalli.2Og Filistar eltu S\u00e1l og sonu hans og felldu J\u00f3natan, Ab\u00ednadab og Malk\u00eds\u00faa, sonu S\u00e1ls.3Var n\u00fa gj\u00f6r\u00f0 h\u00f6r\u00f0 atlaga a\u00f0 S\u00e1l, og h\u00f6f\u00f0u bogmenn komi\u00f0 auga \u00e1 hann. Var\u00f0 hann \u00fe\u00e1 hr\u00e6ddur vi\u00f0 bogmennina.4\u00de\u00e1 sag\u00f0i S\u00e1l vi\u00f0 skjaldsvein sinn: Breg\u00f0 \u00fe\u00fa sver\u00f0i \u00fe\u00ednu og legg mig \u00ed gegn me\u00f0 \u00fev\u00ed, svo a\u00f0 \u00f3umskornir menn \u00feessir komi ekki og fari h\u00e1\u00f0ulega me\u00f0 mig. En skjaldsveinninn vildi ekki gj\u00f6ra \u00fea\u00f0, \u00fev\u00ed a\u00f0 hann var mj\u00f6g hr\u00e6ddur. \u00de\u00e1 t\u00f3k S\u00e1l sver\u00f0i\u00f0 og l\u00e9t fallast \u00e1 \u00fea\u00f0.5Og <a href=\"https:\/\/biblian.is\/1981\/fyrri-kronikubok-10-kafli\/\"> [&#8230;]<\/a><\/p>\n","protected":false},"author":1,"featured_media":0,"parent":0,"menu_order":0,"comment_status":"open","ping_status":"open","template":"bibliukaflar.php","meta":{"footnotes":""},"class_list":["post-1694","page","type-page","status-publish","hentry"],"_links":{"self":[{"href":"https:\/\/biblian.is\/1981\/wp-json\/wp\/v2\/pages\/1694","targetHints":{"allow":["GET"]}}],"collection":[{"href":"https:\/\/biblian.is\/1981\/wp-json\/wp\/v2\/pages"}],"about":[{"href":"https:\/\/biblian.is\/1981\/wp-json\/wp\/v2\/types\/page"}],"author":[{"embeddable":true,"href":"https:\/\/biblian.is\/1981\/wp-json\/wp\/v2\/users\/1"}],"replies":[{"embeddable":true,"href":"https:\/\/biblian.is\/1981\/wp-json\/wp\/v2\/comments?post=1694"}],"version-history":[{"count":0,"href":"https:\/\/biblian.is\/1981\/wp-json\/wp\/v2\/pages\/1694\/revisions"}],"wp:attachment":[{"href":"https:\/\/biblian.is\/1981\/wp-json\/wp\/v2\/media?parent=1694"}],"curies":[{"name":"wp","href":"https:\/\/api.w.org\/{rel}","templated":true}]}}