{"id":1693,"date":"2017-11-18T20:18:18","date_gmt":"2017-11-18T20:18:18","guid":{"rendered":"http:\/\/biblian.is\/1981\/fyrri-kronikubok-9-kafli\/"},"modified":"2021-06-06T10:57:13","modified_gmt":"2021-06-06T10:57:13","slug":"fyrri-kronikubok-9-kafli","status":"publish","type":"page","link":"https:\/\/biblian.is\/1981\/fyrri-kronikubok-9-kafli\/","title":{"rendered":"Fyrri kron\u00edkub\u00f3k 9. kafli"},"content":{"rendered":"<p><a name=\"1\"><span class=\"versanumer\">1<\/span><\/a>Allir \u00cdsraelsmenn voru skr\u00e1\u00f0ir \u00ed \u00e6ttart\u00f6lur. Eru \u00feeir rita\u00f0ir \u00ed b\u00f3k \u00cdsraelskonunga. Og J\u00fadamenn voru herleiddir til Babel sakir \u00f3tr\u00famennsku \u00feeirra.<a name=\"2\"><span class=\"versanumer\">2<\/span><\/a>En hinir fyrri \u00edb\u00faar, er voru \u00ed landeign \u00feeirra og borgum, voru \u00cdsraelsmenn, prestarnir, lev\u00edtarnir og musteris\u00fej\u00f3narnir.<a name=\"3\"><span class=\"versanumer\">3<\/span><\/a>Og \u00ed Jer\u00fasalem bjuggu menn af J\u00fadasonum, Benjam\u00ednssonum, Efra\u00edmssonum og Manassesonum:<a name=\"4\"><span class=\"versanumer\">4<\/span><\/a>\u00data\u00ed Amm\u00edh\u00fadsson, Omr\u00edsonar, Imr\u00edsonar, Ban\u00edsonar, er var af ni\u00f0jum Peres, sonar J\u00fada.<a name=\"5\"><span class=\"versanumer\">5<\/span><\/a>Og af S\u00edl\u00f3n\u00edtum: Asaja, frumgetningurinn og synir hans.<a name=\"6\"><span class=\"versanumer\">6<\/span><\/a>Og af ni\u00f0jum Sera: Jeg\u00fael. Og br\u00e6\u00f0ur \u00feeirra voru sex hundru\u00f0 og n\u00edut\u00edu alls.<a name=\"7\"><span class=\"versanumer\">7<\/span><\/a>Af Benjam\u00edn\u00edtum: Sall\u00fam Mes\u00fallamsson, H\u00f3davjasonar, Hassen\u00faasonar,<a name=\"8\"><span class=\"versanumer\">8<\/span><\/a>enn fremur J\u00edbneja Jer\u00f3hamsson, Ela \u00dass\u00edson, M\u00edkr\u00edsonar, M\u00e9s\u00fallam Sefatjason, Reg\u00faelssonar, J\u00edbnejasonar,<a name=\"9\"><span class=\"versanumer\">9<\/span><\/a>og br\u00e6\u00f0ur \u00feeirra eftir \u00e6ttum \u00feeirra, n\u00edu hundru\u00f0 fimmt\u00edu og sex alls. Allir \u00feessir menn voru \u00e6tth\u00f6f\u00f0ingjar \u00ed \u00e6ttum s\u00ednum.<a name=\"10\"><span class=\"versanumer\">10<\/span><\/a>Af prestunum: Jedaja, J\u00f3jar\u00edb, Jak\u00edn<a name=\"11\"><span class=\"versanumer\">11<\/span><\/a>og Asarja Hilk\u00edason, Mes\u00fallamssonar, Sad\u00f3kssonar, Meraj\u00f3tssonar, Ah\u00edt\u00fabssonar, h\u00f6fu\u00f0sma\u00f0ur yfir musteri Gu\u00f0s.<a name=\"12\"><span class=\"versanumer\">12<\/span><\/a>Enn fremur Adaja Jer\u00f3hamsson, Pash\u00farssonar, Malk\u00edasonar, og Maes\u00ed Ad\u00edelsson, Jahserasonar, Mes\u00fallamssonar, Mesillem\u00edtssonar, Immerssonar.<a name=\"13\"><span class=\"versanumer\">13<\/span><\/a>Og br\u00e6\u00f0ur \u00feeirra, \u00e6tth\u00f6f\u00f0ingjar, voru alls eitt \u00fe\u00fasund, sj\u00f6 hundru\u00f0 og sext\u00edu, dugandi menn til \u00feess a\u00f0 gegna \u00fej\u00f3nustu vi\u00f0 musteri Gu\u00f0s.<a name=\"14\"><span class=\"versanumer\">14<\/span><\/a>Af lev\u00edtunum: Semaja Hass\u00fabsson, Asr\u00edkamssonar, Hasabjasonar, af Merar\u00edni\u00f0jum.<a name=\"15\"><span class=\"versanumer\">15<\/span><\/a>Enn fremur Bakbakkar, Heres, Galal, Mattanja M\u00edkason, S\u00edkr\u00edsonar, Asafssonar,<a name=\"16\"><span class=\"versanumer\">16<\/span><\/a>og \u00d3bad\u00eda Semajason, Galalssonar, Jed\u00fat\u00fanssonar og Berek\u00eda Asason, Elkanasonar, er bj\u00f3 \u00ed \u00feorpum Net\u00f3fat\u00edta.<a name=\"17\"><span class=\"versanumer\">17<\/span><\/a>Hli\u00f0ver\u00f0irnir: Sall\u00fam, Akk\u00fab, Talmon og Ah\u00edman og br\u00e6\u00f0ur \u00feeirra. Var Sall\u00fam \u00e6\u00f0stur,<a name=\"18\"><span class=\"versanumer\">18<\/span><\/a>og g\u00e6tir hann enn konungshli\u00f0sins gegnt austri. \u00deetta eru hli\u00f0ver\u00f0irnir \u00ed h\u00f3pi lev\u00edta.<a name=\"19\"><span class=\"versanumer\">19<\/span><\/a>En Sall\u00fam K\u00f3reson, Ebjasafssonar, K\u00f3rasonar, og br\u00e6\u00f0ur hans, er voru af \u00e6tt hans, K\u00f3ra\u00edtarnir, h\u00f6f\u00f0u \u00fej\u00f3nustu \u00e1 hendi, \u00fear sem \u00feeir g\u00e6ttu \u00fer\u00f6skulda tjaldsins. H\u00f6f\u00f0u fe\u00f0ur \u00feeirra g\u00e6tt dyranna \u00ed herb\u00fa\u00f0um Drottins,<a name=\"20\"><span class=\"versanumer\">20<\/span><\/a>og var P\u00ednehas Eleasarsson for\u00f0um h\u00f6f\u00f0ingi \u00feeirra. Drottinn s\u00e9 me\u00f0 honum!<a name=\"21\"><span class=\"versanumer\">21<\/span><\/a>En Sakar\u00eda Meselemjason g\u00e6tti dyra samfundatjalds-b\u00fa\u00f0arinnar.<a name=\"22\"><span class=\"versanumer\">22<\/span><\/a>Alls voru \u00feessir, er teknir voru til \u00feess a\u00f0 vera dyraver\u00f0ir, tv\u00f6 hundru\u00f0 og t\u00f3lf. Voru \u00feeir skr\u00e1\u00f0ir \u00ed \u00e6ttart\u00f6lur \u00ed \u00feorpum s\u00ednum h\u00f6f\u00f0u \u00feeir Dav\u00ed\u00f0 og Sam\u00fael, sj\u00e1andinn, skipa\u00f0 \u00fe\u00e1 \u00ed emb\u00e6tti \u00feeirra,<a name=\"23\"><span class=\"versanumer\">23<\/span><\/a>voru \u00feeir og synir \u00feeirra vi\u00f0 hli\u00f0in \u00e1 h\u00fasi Drottins, tjaldb\u00fa\u00f0inni, til \u00feess a\u00f0 g\u00e6ta \u00feeirra.<a name=\"24\"><span class=\"versanumer\">24<\/span><\/a>St\u00f3\u00f0u hli\u00f0ver\u00f0irnir gegnt hinum fj\u00f3rum \u00e1ttum, gegnt austri, vestri, nor\u00f0ri og su\u00f0ri.<a name=\"25\"><span class=\"versanumer\">25<\/span><\/a>En br\u00e6\u00f0ur \u00feeirra, er bjuggu \u00ed \u00feorpum s\u00ednum, \u00e1ttu a\u00f0 koma inn vi\u00f0 og vi\u00f0, sj\u00f6 daga \u00ed senn, til \u00feess a\u00f0 a\u00f0sto\u00f0a \u00fe\u00e1,<a name=\"26\"><span class=\"versanumer\">26<\/span><\/a>\u00fev\u00ed a\u00f0 \u00feeir, fj\u00f3rir yfirhli\u00f0ver\u00f0irnir, h\u00f6f\u00f0u st\u00f6\u00f0ugt starf \u00e1 hendi. \u00deetta eru lev\u00edtarnir. \u00deeir h\u00f6f\u00f0u og umsj\u00f3n me\u00f0 herbergjum og fj\u00e1rsj\u00f3\u00f0um Gu\u00f0s h\u00fass,<a name=\"27\"><span class=\"versanumer\">27<\/span><\/a>og h\u00e9ldu til um n\u00e6tur umhverfis musteri Gu\u00f0s, \u00fev\u00ed a\u00f0 \u00feeir \u00e1ttu a\u00f0 halda v\u00f6r\u00f0, og \u00e1 hverjum morgni \u00e1ttu \u00feeir a\u00f0 lj\u00faka upp.<a name=\"28\"><span class=\"versanumer\">28<\/span><\/a>Og nokkrir \u00feeirra \u00e1ttu a\u00f0 sj\u00e1 um \u00fej\u00f3nustu\u00e1h\u00f6ldin. Skyldu \u00feeir telja \u00feau, er \u00feeir b\u00e1ru \u00feau \u00fat og inn.<a name=\"29\"><span class=\"versanumer\">29<\/span><\/a>Og nokkrir skyldu sj\u00e1 um \u00e1h\u00f6ldin, og \u00fea\u00f0 \u00f6ll hin helgu \u00e1h\u00f6ld, og hveitimj\u00f6li\u00f0, v\u00edni\u00f0 og ol\u00eduna, reykelsi\u00f0 og kryddjurtirnar,<a name=\"30\"><span class=\"versanumer\">30<\/span><\/a>og nokkrir af sonum prestanna skyldu gj\u00f6ra smyrsl af kryddjurtunum,<a name=\"31\"><span class=\"versanumer\">31<\/span><\/a>en Mattitja, einum af lev\u00edtum, frumgetningi Sall\u00fams K\u00f3ra\u00edta, var falinn p\u00f6nnubaksturinn.<a name=\"32\"><span class=\"versanumer\">32<\/span><\/a>Og nokkrir af Kahat\u00edtum, br\u00e6\u00f0rum \u00feeirra, skyldu sj\u00e1 um ra\u00f0settu brau\u00f0in og leggja \u00feau fram \u00e1 hverjum hv\u00edldardegi.<a name=\"33\"><span class=\"versanumer\">33<\/span><\/a>S\u00f6ngvararnir, \u00e6tth\u00f6f\u00f0ingjar lev\u00edta, b\u00faa \u00ed herbergjunum, lausir vi\u00f0 \u00f6nnur st\u00f6rf, \u00fev\u00ed a\u00f0 \u00feeir hafa starfs a\u00f0 g\u00e6ta dag og n\u00f3tt.<a name=\"34\"><span class=\"versanumer\">34<\/span><\/a>\u00deessir eru \u00e6tth\u00f6f\u00f0ingjar lev\u00edta eftir \u00e6ttum \u00feeirra, h\u00f6f\u00f0ingjar. \u00deeir bjuggu \u00ed Jer\u00fasalem.<a name=\"35\"><span class=\"versanumer\">35<\/span><\/a>\u00cd G\u00edbeon bjuggu: Je\u00edel, fa\u00f0ir a\u00f0 G\u00edbeon, og kona hans h\u00e9t Maaka.<a name=\"36\"><span class=\"versanumer\">36<\/span><\/a>Og frumgetinn sonur hans var Abd\u00f3n, \u00fe\u00e1 S\u00far, K\u00eds, Baal, Ner, Nadab,<a name=\"37\"><span class=\"versanumer\">37<\/span><\/a>Ged\u00f3r, Ahj\u00f3, Sakar\u00eda og Mikl\u00f3t.<a name=\"38\"><span class=\"versanumer\">38<\/span><\/a>En Mikl\u00f3t gat S\u00edmeam. Einnig \u00feeir bjuggu andsp\u00e6nis br\u00e6\u00f0rum s\u00ednum, hj\u00e1 br\u00e6\u00f0rum s\u00ednum \u00ed Jer\u00fasalem.<a name=\"39\"><span class=\"versanumer\">39<\/span><\/a>Ner gat K\u00eds og K\u00eds gat S\u00e1l, og S\u00e1l gat J\u00f3natan, Malk\u00eds\u00faa, Ab\u00ednadab og Esbaal.<a name=\"40\"><span class=\"versanumer\">40<\/span><\/a>Og sonur J\u00f3natans var Mer\u00edbaal, og Mer\u00edbaal gat M\u00edka.<a name=\"41\"><span class=\"versanumer\">41<\/span><\/a>Og synir M\u00edka voru: P\u00edton, Melek, Tahrea og Akas.<a name=\"42\"><span class=\"versanumer\">42<\/span><\/a>En Akas gat Jaera, Jaera gat Alemet, Asmavet og Simr\u00ed, en Simr\u00ed gat M\u00f3sa,<a name=\"43\"><span class=\"versanumer\">43<\/span><\/a>M\u00f3sa gat B\u00ednea. Hans son var Refaja, hans son Eleasa, hans son Asel.<a name=\"44\"><span class=\"versanumer\">44<\/span><\/a>En Asel \u00e1tti sex sonu. \u00deeir h\u00e9tu: Asr\u00edkam, Bokr\u00fa, \u00cdsmael, Searja, \u00d3bad\u00eda, Hanan. \u00deessir eru synir Asels.<\/p>\n<div class=\"footnote1981\"><b>9.2-17<\/b> Neh 11.3<br \/>\n<b>9.35-44<\/b> sbr 1Kro 8.29-38<\/div>\n","protected":false},"excerpt":{"rendered":"<p>1Allir \u00cdsraelsmenn voru skr\u00e1\u00f0ir \u00ed \u00e6ttart\u00f6lur. Eru \u00feeir rita\u00f0ir \u00ed b\u00f3k \u00cdsraelskonunga. Og J\u00fadamenn voru herleiddir til Babel sakir \u00f3tr\u00famennsku \u00feeirra.2En hinir fyrri \u00edb\u00faar, er voru \u00ed landeign \u00feeirra og borgum, voru \u00cdsraelsmenn, prestarnir, lev\u00edtarnir og musteris\u00fej\u00f3narnir.3Og \u00ed Jer\u00fasalem bjuggu menn af J\u00fadasonum, Benjam\u00ednssonum, Efra\u00edmssonum og Manassesonum:4\u00data\u00ed Amm\u00edh\u00fadsson, Omr\u00edsonar, Imr\u00edsonar, Ban\u00edsonar, er var af ni\u00f0jum Peres, sonar J\u00fada.5Og af S\u00edl\u00f3n\u00edtum: Asaja, frumgetningurinn og synir hans.6Og af ni\u00f0jum Sera: Jeg\u00fael. Og br\u00e6\u00f0ur \u00feeirra voru sex hundru\u00f0 og n\u00edut\u00edu alls.7Af Benjam\u00edn\u00edtum: Sall\u00fam Mes\u00fallamsson, H\u00f3davjasonar, Hassen\u00faasonar,8enn fremur J\u00edbneja Jer\u00f3hamsson, Ela \u00dass\u00edson, M\u00edkr\u00edsonar, M\u00e9s\u00fallam Sefatjason, Reg\u00faelssonar, J\u00edbnejasonar,9og br\u00e6\u00f0ur \u00feeirra eftir \u00e6ttum \u00feeirra, n\u00edu hundru\u00f0 <a href=\"https:\/\/biblian.is\/1981\/fyrri-kronikubok-9-kafli\/\"> [&#8230;]<\/a><\/p>\n","protected":false},"author":1,"featured_media":0,"parent":0,"menu_order":0,"comment_status":"open","ping_status":"open","template":"bibliukaflar.php","meta":{"footnotes":""},"class_list":["post-1693","page","type-page","status-publish","hentry"],"_links":{"self":[{"href":"https:\/\/biblian.is\/1981\/wp-json\/wp\/v2\/pages\/1693","targetHints":{"allow":["GET"]}}],"collection":[{"href":"https:\/\/biblian.is\/1981\/wp-json\/wp\/v2\/pages"}],"about":[{"href":"https:\/\/biblian.is\/1981\/wp-json\/wp\/v2\/types\/page"}],"author":[{"embeddable":true,"href":"https:\/\/biblian.is\/1981\/wp-json\/wp\/v2\/users\/1"}],"replies":[{"embeddable":true,"href":"https:\/\/biblian.is\/1981\/wp-json\/wp\/v2\/comments?post=1693"}],"version-history":[{"count":0,"href":"https:\/\/biblian.is\/1981\/wp-json\/wp\/v2\/pages\/1693\/revisions"}],"wp:attachment":[{"href":"https:\/\/biblian.is\/1981\/wp-json\/wp\/v2\/media?parent=1693"}],"curies":[{"name":"wp","href":"https:\/\/api.w.org\/{rel}","templated":true}]}}