{"id":1692,"date":"2017-11-18T20:18:18","date_gmt":"2017-11-18T20:18:18","guid":{"rendered":"http:\/\/biblian.is\/1981\/fyrri-kronikubok-8-kafli\/"},"modified":"2021-06-06T10:57:13","modified_gmt":"2021-06-06T10:57:13","slug":"fyrri-kronikubok-8-kafli","status":"publish","type":"page","link":"https:\/\/biblian.is\/1981\/fyrri-kronikubok-8-kafli\/","title":{"rendered":"Fyrri kron\u00edkub\u00f3k 8. kafli"},"content":{"rendered":"<p><a name=\"1\"><span class=\"versanumer\">1<\/span><\/a>Benjam\u00edn gat Bela, frumgetning sinn, annan Asbel, \u00feri\u00f0ja Ahra,<a name=\"2\"><span class=\"versanumer\">2<\/span><\/a>fj\u00f3r\u00f0a N\u00f3ha, fimmta Rafa.<a name=\"3\"><span class=\"versanumer\">3<\/span><\/a>Og Bela \u00e1tti a\u00f0 sonum: Addar, Gera, Ab\u00edh\u00fad,<a name=\"4\"><span class=\"versanumer\">4<\/span><\/a>Ab\u00eds\u00faa, Naaman, Ah\u00f3a,<a name=\"5\"><span class=\"versanumer\">5<\/span><\/a>Gera, Sef\u00fafan og H\u00faram.<a name=\"6\"><span class=\"versanumer\">6<\/span><\/a>\u00deessir voru synir Eh\u00fa\u00f0s \u00feessir voru \u00e6tth\u00f6f\u00f0ingjar Gebab\u00faa, og \u00feeir herleiddu \u00fe\u00e1 til Manahat,<a name=\"7\"><span class=\"versanumer\">7<\/span><\/a>og Naaman, Ah\u00eda og Gera, hann herleiddi \u00fe\u00e1 hann gat \u00dassa og Ah\u00edh\u00fad.<a name=\"8\"><span class=\"versanumer\">8<\/span><\/a>Sahara\u00edm gat \u00ed M\u00f3abslandi, er hann haf\u00f0i reki\u00f0 \u00fe\u00e6r fr\u00e1 s\u00e9r, H\u00fas\u00edm og Ba\u00f6ru konur s\u00ednar<a name=\"9\"><span class=\"versanumer\">9<\/span><\/a>\u00fe\u00e1 gat hann vi\u00f0 H\u00f3des konu sinni: J\u00f3bab, S\u00edbja, Mesa, Malkam,<a name=\"10\"><span class=\"versanumer\">10<\/span><\/a>Je\u00fas, Sokja og Mirma. \u00deessir voru synir hans, \u00e6tth\u00f6f\u00f0ingjar.<a name=\"11\"><span class=\"versanumer\">11<\/span><\/a>Og vi\u00f0 H\u00fas\u00edm gat hann Ab\u00edt\u00fab og Elpaal.<a name=\"12\"><span class=\"versanumer\">12<\/span><\/a>Og synir Elpaals voru: Eber, M\u00edseam og Semer. Hann bygg\u00f0i \u00d3n\u00f3 og L\u00f3d og \u00feorpin umhverfis.<a name=\"13\"><span class=\"versanumer\">13<\/span><\/a>Ber\u00eda og Sema \u00feeir voru \u00e6tth\u00f6f\u00f0ingjar Ajalonb\u00faa, \u00feeir r\u00e1ku burt \u00edb\u00faana \u00ed Gat<a name=\"14\"><span class=\"versanumer\">14<\/span><\/a>og Elpaal br\u00f3\u00f0ir hans og Sasak og Jerem\u00f3t.<a name=\"15\"><span class=\"versanumer\">15<\/span><\/a>Sebadja, Arad, Eder,<a name=\"16\"><span class=\"versanumer\">16<\/span><\/a>M\u00edkael, Jispa og J\u00f3ha voru synir Ber\u00eda.<a name=\"17\"><span class=\"versanumer\">17<\/span><\/a>Sebadja, Mes\u00fallam, Hisk\u00ed, Heber,<a name=\"18\"><span class=\"versanumer\">18<\/span><\/a>J\u00edsmera\u00ed, J\u00edsl\u00eda og J\u00f3bab voru synir Elpaals.<a name=\"19\"><span class=\"versanumer\">19<\/span><\/a>Jak\u00edm, S\u00edkr\u00ed, Sabd\u00ed,<a name=\"20\"><span class=\"versanumer\">20<\/span><\/a>El\u00edena\u00ed, Silleta\u00ed, El\u00edel,<a name=\"21\"><span class=\"versanumer\">21<\/span><\/a>Adaja, Beraja og Simrat voru synir S\u00edme\u00ed.<a name=\"22\"><span class=\"versanumer\">22<\/span><\/a>J\u00edspan, Eber, El\u00edel,<a name=\"23\"><span class=\"versanumer\">23<\/span><\/a>Abd\u00f3n, S\u00edkr\u00ed, Hanan,<a name=\"24\"><span class=\"versanumer\">24<\/span><\/a>Hananja, Elam, Ant\u00f3t\u00eda,<a name=\"25\"><span class=\"versanumer\">25<\/span><\/a>J\u00edfdeja og Pen\u00fael voru synir Sasaks.<a name=\"26\"><span class=\"versanumer\">26<\/span><\/a>Samsera\u00ed, Seharja, Atalja,<a name=\"27\"><span class=\"versanumer\">27<\/span><\/a>Jaaresja, El\u00eda og S\u00edkr\u00ed voru synir Jer\u00f3hams.<a name=\"28\"><span class=\"versanumer\">28<\/span><\/a>\u00deessir voru \u00e6tth\u00f6f\u00f0ingjar \u00ed \u00e6ttum s\u00ednum, h\u00f6f\u00f0ingjar. \u00deeir bjuggu \u00ed Jer\u00fasalem.<a name=\"29\"><span class=\"versanumer\">29<\/span><\/a>\u00cd G\u00edbeon bjuggu: Jeg\u00fael, fa\u00f0ir a\u00f0 G\u00edbeon, og kona hans h\u00e9t Maaka.<a name=\"30\"><span class=\"versanumer\">30<\/span><\/a>Frumgetinn sonur hans var Abd\u00f3n, \u00fe\u00e1 S\u00far, K\u00eds, Baal, Ner, Nadab,<a name=\"31\"><span class=\"versanumer\">31<\/span><\/a>Ged\u00f3r, Ahj\u00f3 og Seker.<a name=\"32\"><span class=\"versanumer\">32<\/span><\/a>En M\u00edkl\u00f3t gat S\u00edmea. Einnig \u00feeir bjuggu andsp\u00e6nis br\u00e6\u00f0rum s\u00ednum, hj\u00e1 br\u00e6\u00f0rum s\u00ednum \u00ed Jer\u00fasalem.<a name=\"33\"><span class=\"versanumer\">33<\/span><\/a>Ner gat K\u00eds, og K\u00eds gat S\u00e1l, og S\u00e1l gat J\u00f3natan, Malk\u00eds\u00faa, Ab\u00ednadab og Esbaal.<a name=\"34\"><span class=\"versanumer\">34<\/span><\/a>Og sonur J\u00f3natans var Mer\u00edbaal, og Mer\u00edbaal gat M\u00edka,<a name=\"35\"><span class=\"versanumer\">35<\/span><\/a>og synir M\u00edka voru: P\u00edton, Melek, Tarea og Akas.<a name=\"36\"><span class=\"versanumer\">36<\/span><\/a>En Akas gat J\u00f3adda, J\u00f3adda gat Alemet, Asmavet og Simr\u00ed. Simr\u00ed gat M\u00f3sa,<a name=\"37\"><span class=\"versanumer\">37<\/span><\/a>M\u00f3sa gat B\u00ednea, hans son var Rafa, hans son Eleasa, hans son Asel.<a name=\"38\"><span class=\"versanumer\">38<\/span><\/a>En Asel \u00e1tti sex sonu. \u00deeir h\u00e9tu: Asr\u00edkam, Bokr\u00fa, \u00cdsmael, Searja, \u00d3bad\u00eda og Hanan. Allir \u00feessir voru synir Asels.<a name=\"39\"><span class=\"versanumer\">39<\/span><\/a>Synir Eseks br\u00f3\u00f0ur hans voru: \u00dalam, frumgetningurinn, annar Je\u00fas, \u00feri\u00f0ji El\u00edfelet.<a name=\"40\"><span class=\"versanumer\">40<\/span><\/a>Og synir \u00dalams voru kappar miklir, bogmenn g\u00f3\u00f0ir og \u00e1ttu marga sonu og sonasonu, hundra\u00f0 og fimmt\u00edu alls. Allir \u00feessir heyra til Benjam\u00ednssona.<\/p>\n<div class=\"footnote1981\"><b>8.1<\/b> sbr 1Kro 7.6+<br \/>\n<b>8.29-32<\/b> 1Kro 9.35-38<br \/>\n<b>8.33-40<\/b> sbr 1Kro 9.39-44<\/div>\n","protected":false},"excerpt":{"rendered":"<p>1Benjam\u00edn gat Bela, frumgetning sinn, annan Asbel, \u00feri\u00f0ja Ahra,2fj\u00f3r\u00f0a N\u00f3ha, fimmta Rafa.3Og Bela \u00e1tti a\u00f0 sonum: Addar, Gera, Ab\u00edh\u00fad,4Ab\u00eds\u00faa, Naaman, Ah\u00f3a,5Gera, Sef\u00fafan og H\u00faram.6\u00deessir voru synir Eh\u00fa\u00f0s \u00feessir voru \u00e6tth\u00f6f\u00f0ingjar Gebab\u00faa, og \u00feeir herleiddu \u00fe\u00e1 til Manahat,7og Naaman, Ah\u00eda og Gera, hann herleiddi \u00fe\u00e1 hann gat \u00dassa og Ah\u00edh\u00fad.8Sahara\u00edm gat \u00ed M\u00f3abslandi, er hann haf\u00f0i reki\u00f0 \u00fe\u00e6r fr\u00e1 s\u00e9r, H\u00fas\u00edm og Ba\u00f6ru konur s\u00ednar9\u00fe\u00e1 gat hann vi\u00f0 H\u00f3des konu sinni: J\u00f3bab, S\u00edbja, Mesa, Malkam,10Je\u00fas, Sokja og Mirma. \u00deessir voru synir hans, \u00e6tth\u00f6f\u00f0ingjar.11Og vi\u00f0 H\u00fas\u00edm gat hann Ab\u00edt\u00fab og Elpaal.12Og synir Elpaals voru: Eber, M\u00edseam og Semer. Hann bygg\u00f0i \u00d3n\u00f3 og <a href=\"https:\/\/biblian.is\/1981\/fyrri-kronikubok-8-kafli\/\"> [&#8230;]<\/a><\/p>\n","protected":false},"author":1,"featured_media":0,"parent":0,"menu_order":0,"comment_status":"open","ping_status":"open","template":"bibliukaflar.php","meta":{"footnotes":""},"class_list":["post-1692","page","type-page","status-publish","hentry"],"_links":{"self":[{"href":"https:\/\/biblian.is\/1981\/wp-json\/wp\/v2\/pages\/1692","targetHints":{"allow":["GET"]}}],"collection":[{"href":"https:\/\/biblian.is\/1981\/wp-json\/wp\/v2\/pages"}],"about":[{"href":"https:\/\/biblian.is\/1981\/wp-json\/wp\/v2\/types\/page"}],"author":[{"embeddable":true,"href":"https:\/\/biblian.is\/1981\/wp-json\/wp\/v2\/users\/1"}],"replies":[{"embeddable":true,"href":"https:\/\/biblian.is\/1981\/wp-json\/wp\/v2\/comments?post=1692"}],"version-history":[{"count":0,"href":"https:\/\/biblian.is\/1981\/wp-json\/wp\/v2\/pages\/1692\/revisions"}],"wp:attachment":[{"href":"https:\/\/biblian.is\/1981\/wp-json\/wp\/v2\/media?parent=1692"}],"curies":[{"name":"wp","href":"https:\/\/api.w.org\/{rel}","templated":true}]}}