{"id":1691,"date":"2017-11-18T20:18:18","date_gmt":"2017-11-18T20:18:18","guid":{"rendered":"http:\/\/biblian.is\/1981\/fyrri-kronikubok-7-kafli\/"},"modified":"2021-06-06T10:57:12","modified_gmt":"2021-06-06T10:57:12","slug":"fyrri-kronikubok-7-kafli","status":"publish","type":"page","link":"https:\/\/biblian.is\/1981\/fyrri-kronikubok-7-kafli\/","title":{"rendered":"Fyrri kron\u00edkub\u00f3k 7. kafli"},"content":{"rendered":"<p><a name=\"1\"><span class=\"versanumer\">1<\/span><\/a>Synir \u00cdssakars: T\u00f3la, P\u00faa, Jas\u00fab og Simron fj\u00f3rir alls.<a name=\"2\"><span class=\"versanumer\">2<\/span><\/a>&#8222;Synir T\u00f3la: \u00dass\u00ed, Refaja, Jer\u00edel, Jahema\u00ed, J\u00edbsam og Sam\u00fael. Voru \u00feeir h\u00f6f\u00f0ingjar \u00ed \u00e6ttum s\u00ednum \u00ed T\u00f3la, kappar miklir \u00ed \u00e6ttum s\u00ednum; voru \u00feeir \u00e1 d\u00f6gum Dav\u00ed\u00f0s tuttugu og tv\u00f6 \u00fe\u00fasund og sex hundru\u00f0 a\u00f0 t\u00f6lu.&#8220;<a name=\"3\"><span class=\"versanumer\">3<\/span><\/a>&#8222;Synir \u00dass\u00ed voru: J\u00edsrahja; synir J\u00edsrahja: M\u00edkael, \u00d3bad\u00eda, J\u00f3el, Jiss\u00eda, alls fimm \u00e6tth\u00f6f\u00f0ingjar.&#8220;<a name=\"4\"><span class=\"versanumer\">4<\/span><\/a>Og til \u00feeirra t\u00f6ldust eftir \u00e6ttum \u00feeirra, eftir fr\u00e6ndli\u00f0i \u00feeirra, hermannasveitir, \u00ferj\u00e1t\u00edu og sex \u00fe\u00fasund manns, \u00fev\u00ed a\u00f0 \u00feeir \u00e1ttu margar konur og b\u00f6rn.<a name=\"5\"><span class=\"versanumer\">5<\/span><\/a>Og fr\u00e6ndur \u00feeirra, allar \u00e6ttir \u00cdssakars, voru kappar miklir. T\u00f6ldust \u00feeir alls vera \u00e1ttat\u00edu og sj\u00f6 \u00fe\u00fasundir.<a name=\"6\"><span class=\"versanumer\">6<\/span><\/a>Synir Benjam\u00edns: Bela, Beker, Jed\u00edael \u00fer\u00edr alls.<a name=\"7\"><span class=\"versanumer\">7<\/span><\/a>Og synir Bela: Esb\u00f3n, \u00dass\u00ed, \u00dass\u00edel, Jer\u00edm\u00f3t og \u00cdr\u00ed, fimm alls. Voru \u00feeir \u00e6tth\u00f6f\u00f0ingjar og kappar miklir, og t\u00f6ldust \u00feeir a\u00f0 vera tuttugu og tv\u00f6 \u00fe\u00fasund \u00ferj\u00e1t\u00edu og fj\u00f3rir.<a name=\"8\"><span class=\"versanumer\">8<\/span><\/a>Og synir Bekers: Sem\u00edra, J\u00f3as, El\u00edeser, Elj\u00f3ena\u00ed, Omr\u00ed, Jerem\u00f3t, Ab\u00eda, Anat\u00f3t og Alemet. Allir \u00feessir voru synir Bekers.<a name=\"9\"><span class=\"versanumer\">9<\/span><\/a>Og \u00feeir t\u00f6ldust eftir \u00e6ttum s\u00ednum, \u00e6tth\u00f6f\u00f0ingjum s\u00ednum, er voru kappar miklir, tuttugu \u00fe\u00fasund og tv\u00f6 hundru\u00f0.<a name=\"10\"><span class=\"versanumer\">10<\/span><\/a>&#8222;Og synir Jed\u00edaels: B\u00edlhan; og synir B\u00edlhans: Je\u00fas, Benjam\u00edn, Eh\u00fa\u00f0, Kenaana, Setan, Tarsis og Ah\u00edsahar.&#8220;<a name=\"11\"><span class=\"versanumer\">11<\/span><\/a>Allir \u00feessir voru synir Jed\u00edaels, \u00e6tth\u00f6f\u00f0ingjar, kappar miklir, seytj\u00e1n \u00fe\u00fasund og tv\u00f6 hundru\u00f0 v\u00edgra manna.<a name=\"12\"><span class=\"versanumer\">12<\/span><\/a>S\u00fapp\u00edm og H\u00fapp\u00edm voru synir \u00cdrs, en H\u00fas\u00edm sonur Akers.<a name=\"13\"><span class=\"versanumer\">13<\/span><\/a>Synir Naftal\u00ed: Jahs\u00edel, G\u00fan\u00ed, Jeser og Sall\u00fam, synir B\u00edlu.<a name=\"14\"><span class=\"versanumer\">14<\/span><\/a>Synir Manasse: Asr\u00edel, er kona hans \u00f3l. Hin s\u00fdrlenska hj\u00e1kona hans \u00f3l Mak\u00edr, f\u00f6\u00f0ur G\u00edlea\u00f0s.<a name=\"15\"><span class=\"versanumer\">15<\/span><\/a>Og Mak\u00edr t\u00f3k konu handa H\u00fapp\u00edm og S\u00fapp\u00edm, en systir hans h\u00e9t Maaka. Hinn annar h\u00e9t Sel\u00f3fha\u00f0, og Sel\u00f3fha\u00f0 \u00e1tti d\u00e6tur.<a name=\"16\"><span class=\"versanumer\">16<\/span><\/a>Og Maaka, kona Mak\u00edrs, \u00f3l son og nefndi hann Peres. En br\u00f3\u00f0ir hans h\u00e9t Seres, og synir hans voru \u00dalam og Rekem.<a name=\"17\"><span class=\"versanumer\">17<\/span><\/a>Og synir \u00dalams: Bedan. \u00deessir eru synir G\u00edlea\u00f0s Mak\u00edrssonar, Manassesonar.<a name=\"18\"><span class=\"versanumer\">18<\/span><\/a>En Hamm\u00f3leket systir hans \u00f3l \u00cdsh\u00f3d, Ab\u00edeser og Mahela.<a name=\"19\"><span class=\"versanumer\">19<\/span><\/a>Og synir Sem\u00edda voru: Ahjan, Sekem, L\u00edkh\u00ed og An\u00edam.<a name=\"20\"><span class=\"versanumer\">20<\/span><\/a>Synir Efra\u00edms: S\u00fatela, hans son var Bered, hans son Tahat, hans son Eleada, hans son Tahat,<a name=\"21\"><span class=\"versanumer\">21<\/span><\/a>hans son S\u00f3bad, hans son S\u00fatela, Eser og Elead, en Gat-menn, \u00feeir er f\u00e6ddir voru \u00ed landinu, dr\u00e1pu \u00fe\u00e1, er \u00feeir f\u00f3ru til \u00feess a\u00f0 r\u00e6na hj\u00f6r\u00f0um \u00feeirra.<a name=\"22\"><span class=\"versanumer\">22<\/span><\/a>\u00de\u00e1 harma\u00f0i Efra\u00edm fa\u00f0ir \u00feeirra lengi, og br\u00e6\u00f0ur hans komu til \u00feess a\u00f0 hugga hann.<a name=\"23\"><span class=\"versanumer\">23<\/span><\/a>Og hann gekk inn til konu sinnar, og h\u00fan var\u00f0 \u00feungu\u00f0 og \u00f3l son, og hann nefndi hann Ber\u00eda, \u00fev\u00ed a\u00f0 \u00f3g\u00e6fu haf\u00f0i a\u00f0 bori\u00f0 \u00ed h\u00fasi hans.<a name=\"24\"><span class=\"versanumer\">24<\/span><\/a>En d\u00f3ttir hans var Seera. H\u00fan bygg\u00f0i ne\u00f0ri og efri Bet H\u00f3ron og \u00dassen Seera.<a name=\"25\"><span class=\"versanumer\">25<\/span><\/a>Og sonur hans var Refa og Resef. Hans son var Tela, hans son Tahan,<a name=\"26\"><span class=\"versanumer\">26<\/span><\/a>hans son Laedan, hans son Amm\u00edh\u00fad, hans son El\u00edsama,<a name=\"27\"><span class=\"versanumer\">27<\/span><\/a>hans son N\u00fan, hans son J\u00f3s\u00faa.<a name=\"28\"><span class=\"versanumer\">28<\/span><\/a>\u00d3\u00f0al \u00feeirra og b\u00fasta\u00f0ir voru: Betel og \u00feorpin umhverfis, austur a\u00f0 Naaran og vestur a\u00f0 Geser og \u00feorpunum umhverfis, enn fremur S\u00edkem og \u00feorpin umhverfis til Aja og \u00feorpanna umhverfis.<a name=\"29\"><span class=\"versanumer\">29<\/span><\/a>Og \u00ed h\u00f6ndum Manassesona voru: Bet Sean og \u00feorpin umhverfis, Taana og \u00feorpin umhverfis, Megidd\u00f3 og \u00feorpin umhverfis, D\u00f3r og \u00feorpin umhverfis. \u00dear bjuggu synir J\u00f3sefs, sonar \u00cdsraels.<a name=\"30\"><span class=\"versanumer\">30<\/span><\/a>Synir Assers: J\u00edmna, J\u00edsva, J\u00edsv\u00ed og Ber\u00eda, og systir \u00feeirra var Seera.<a name=\"31\"><span class=\"versanumer\">31<\/span><\/a>Og synir Ber\u00eda: Heber og Malk\u00edel. Hann er fa\u00f0ir Birsa\u00edts.<a name=\"32\"><span class=\"versanumer\">32<\/span><\/a>En Heber gat Jaflet, Semer, H\u00f3tam og S\u00fau, systur \u00feeirra.<a name=\"33\"><span class=\"versanumer\">33<\/span><\/a>Og synir Jaflets: Pasak, B\u00edmehal og Asvat. \u00deessir voru synir Jaflets.<a name=\"34\"><span class=\"versanumer\">34<\/span><\/a>Og synir Semers: Ah\u00ed, R\u00f3hga, H\u00fabba og Aram.<a name=\"35\"><span class=\"versanumer\">35<\/span><\/a>Og synir Helems, br\u00f3\u00f0ur hans: S\u00f3fa, J\u00edmna, Seles og Amal.<a name=\"36\"><span class=\"versanumer\">36<\/span><\/a>Synir S\u00f3fa voru: S\u00faa, Harnefer, S\u00faal, Ber\u00ed, J\u00edmra,<a name=\"37\"><span class=\"versanumer\">37<\/span><\/a>Beser, H\u00f3d, Samma, Silsa, J\u00edtran og Beera.<a name=\"38\"><span class=\"versanumer\">38<\/span><\/a>Og synir Jeters: Jef\u00fanne, Pispa og Ara.<a name=\"39\"><span class=\"versanumer\">39<\/span><\/a>Og synir \u00dalla: Ara, Hann\u00edel og Risja.<a name=\"40\"><span class=\"versanumer\">40<\/span><\/a>Allir \u00feessir voru synir Assers, \u00e6tth\u00f6f\u00f0ingjar, fr\u00e1b\u00e6rir kappar, h\u00f6f\u00f0ingjar me\u00f0al \u00fej\u00f3\u00f0h\u00f6f\u00f0ingja. T\u00f6ldust \u00feeir, er skr\u00e1\u00f0ir voru til her\u00fej\u00f3nustu, tuttugu og sex \u00fe\u00fasundir manns.<\/p>\n<div class=\"footnote1981\"><b>7.1<\/b> 1M\u00f3s 46.13; 4M\u00f3s 26.23-24<br \/>\n<b>7.6<\/b> 1M\u00f3s 46.21; sbr 1Kro 8.1-32; 4M\u00f3s 26.38-41<br \/>\n<b>7.13<\/b> 1M\u00f3s 46.24; 4M\u00f3s 26.48-50<br \/>\n<b>7.14<\/b> 4M\u00f3s 26.29-34<br \/>\n<b>7.20<\/b> 4M\u00f3s 26.35-37<br \/>\n<b>7.30-31<\/b> 1M\u00f3s 46.17; 4M\u00f3s 26.44-47<\/div>\n","protected":false},"excerpt":{"rendered":"<p>1Synir \u00cdssakars: T\u00f3la, P\u00faa, Jas\u00fab og Simron fj\u00f3rir alls.2&#8222;Synir T\u00f3la: \u00dass\u00ed, Refaja, Jer\u00edel, Jahema\u00ed, J\u00edbsam og Sam\u00fael. Voru \u00feeir h\u00f6f\u00f0ingjar \u00ed \u00e6ttum s\u00ednum \u00ed T\u00f3la, kappar miklir \u00ed \u00e6ttum s\u00ednum; voru \u00feeir \u00e1 d\u00f6gum Dav\u00ed\u00f0s tuttugu og tv\u00f6 \u00fe\u00fasund og sex hundru\u00f0 a\u00f0 t\u00f6lu.&#8220;3&#8222;Synir \u00dass\u00ed voru: J\u00edsrahja; synir J\u00edsrahja: M\u00edkael, \u00d3bad\u00eda, J\u00f3el, Jiss\u00eda, alls fimm \u00e6tth\u00f6f\u00f0ingjar.&#8220;4Og til \u00feeirra t\u00f6ldust eftir \u00e6ttum \u00feeirra, eftir fr\u00e6ndli\u00f0i \u00feeirra, hermannasveitir, \u00ferj\u00e1t\u00edu og sex \u00fe\u00fasund manns, \u00fev\u00ed a\u00f0 \u00feeir \u00e1ttu margar konur og b\u00f6rn.5Og fr\u00e6ndur \u00feeirra, allar \u00e6ttir \u00cdssakars, voru kappar miklir. T\u00f6ldust \u00feeir alls vera \u00e1ttat\u00edu og sj\u00f6 \u00fe\u00fasundir.6Synir Benjam\u00edns: Bela, Beker, Jed\u00edael \u00fer\u00edr <a href=\"https:\/\/biblian.is\/1981\/fyrri-kronikubok-7-kafli\/\"> [&#8230;]<\/a><\/p>\n","protected":false},"author":1,"featured_media":0,"parent":0,"menu_order":0,"comment_status":"open","ping_status":"open","template":"bibliukaflar.php","meta":{"footnotes":""},"class_list":["post-1691","page","type-page","status-publish","hentry"],"_links":{"self":[{"href":"https:\/\/biblian.is\/1981\/wp-json\/wp\/v2\/pages\/1691","targetHints":{"allow":["GET"]}}],"collection":[{"href":"https:\/\/biblian.is\/1981\/wp-json\/wp\/v2\/pages"}],"about":[{"href":"https:\/\/biblian.is\/1981\/wp-json\/wp\/v2\/types\/page"}],"author":[{"embeddable":true,"href":"https:\/\/biblian.is\/1981\/wp-json\/wp\/v2\/users\/1"}],"replies":[{"embeddable":true,"href":"https:\/\/biblian.is\/1981\/wp-json\/wp\/v2\/comments?post=1691"}],"version-history":[{"count":0,"href":"https:\/\/biblian.is\/1981\/wp-json\/wp\/v2\/pages\/1691\/revisions"}],"wp:attachment":[{"href":"https:\/\/biblian.is\/1981\/wp-json\/wp\/v2\/media?parent=1691"}],"curies":[{"name":"wp","href":"https:\/\/api.w.org\/{rel}","templated":true}]}}