{"id":1689,"date":"2017-11-18T20:18:18","date_gmt":"2017-11-18T20:18:18","guid":{"rendered":"http:\/\/biblian.is\/1981\/fyrri-kronikubok-5-kafli\/"},"modified":"2021-06-06T10:57:11","modified_gmt":"2021-06-06T10:57:11","slug":"fyrri-kronikubok-5-kafli","status":"publish","type":"page","link":"https:\/\/biblian.is\/1981\/fyrri-kronikubok-5-kafli\/","title":{"rendered":"Fyrri kron\u00edkub\u00f3k 5. kafli"},"content":{"rendered":"<p><a name=\"1\"><span class=\"versanumer\">1<\/span><\/a>&#8222;Synir R\u00fabens, frumgetnings \u00cdsraels \u00fev\u00ed a\u00f0 frumgetningurinn var hann, en er hann haf\u00f0i flekka\u00f0 hv\u00edlu f\u00f6\u00f0ur s\u00edns, var frumgetningsr\u00e9tturinn veittur sonum J\u00f3sefs, sonar \u00cdsraels  \u00fe\u00f3 skyldu \u00feeir eigi teljast frumgetnir \u00ed \u00e6ttart\u00f6lum ;&#8220;<a name=\"2\"><span class=\"versanumer\">2<\/span><\/a>\u00fev\u00ed a\u00f0 J\u00fada var voldugastur br\u00e6\u00f0ra sinna, og einn af ni\u00f0jum hans var\u00f0 h\u00f6f\u00f0ingi, en frumgetningsr\u00e9ttinn f\u00e9kk J\u00f3sef<a name=\"3\"><span class=\"versanumer\">3<\/span><\/a>synir R\u00fabens, frumgetins sonar \u00cdsraels, voru Hanok, Pall\u00fa, Hesron og Karm\u00ed.<a name=\"4\"><span class=\"versanumer\">4<\/span><\/a>Synir J\u00f3els: Semaja, sonur hans, hans son var G\u00f3g, hans son S\u00edme\u00ed,<a name=\"5\"><span class=\"versanumer\">5<\/span><\/a>hans son M\u00edka, hans son Reaja, hans son Baal,<a name=\"6\"><span class=\"versanumer\">6<\/span><\/a>hans son Beera, er T\u00edlgat Pilneser Ass\u00fdr\u00edukonungur herleiddi. Hann var h\u00f6f\u00f0ingi fyrir R\u00fabensni\u00f0jum.<a name=\"7\"><span class=\"versanumer\">7<\/span><\/a>Og fr\u00e6ndur hans eftir \u00e6ttum \u00feeirra, eins og \u00feeir voru skr\u00e1\u00f0ir \u00ed \u00e6ttart\u00f6lum eftir uppruna \u00feeirra, voru: Hinn fyrsti var Je\u00edel, \u00fe\u00e1 Sakar\u00eda<a name=\"8\"><span class=\"versanumer\">8<\/span><\/a>og Bela Asasson, Semasonar, J\u00f3elssonar. Hann bj\u00f3 \u00ed Ar\u00f3er og allt a\u00f0 Neb\u00f3 og Baal Meon.<a name=\"9\"><span class=\"versanumer\">9<\/span><\/a>Og gegnt austri bj\u00f3 hann allt a\u00f0 ey\u00f0im\u00f6rkinni, er liggur \u00ed vestur fr\u00e1 Efratflj\u00f3ti, \u00fev\u00ed a\u00f0 \u00feeir \u00e1ttu hjar\u00f0ir miklar \u00ed G\u00edlea\u00f0landi.<a name=\"10\"><span class=\"versanumer\">10<\/span><\/a>En \u00e1 d\u00f6gum S\u00e1ls \u00e1ttu \u00feeir \u00ed \u00f3fri\u00f0i vi\u00f0 Hagr\u00edta, og er Hagr\u00edtar voru fallnir fyrir \u00feeim, settust \u00feeir a\u00f0 \u00ed tj\u00f6ldum \u00feeirra, er voru me\u00f0 allri austurhli\u00f0 G\u00edlea\u00f0s.<a name=\"11\"><span class=\"versanumer\">11<\/span><\/a>Ni\u00f0jar Ga\u00f0s bjuggu andsp\u00e6nis \u00feeim \u00ed Basanlandi, allt til Salka.<a name=\"12\"><span class=\"versanumer\">12<\/span><\/a>Var J\u00f3el helstur \u00feeirra, \u00fe\u00e1 Safam og Jaena\u00ed og Safat \u00ed Basan.<a name=\"13\"><span class=\"versanumer\">13<\/span><\/a>Og fr\u00e6ndur \u00feeirra eftir \u00e6ttum \u00feeirra voru: M\u00edkael, Mes\u00fallam, Seba, J\u00f3ra\u00ed, Jaekan, S\u00eda og Eber, sj\u00f6 alls.<a name=\"14\"><span class=\"versanumer\">14<\/span><\/a>\u00deessir eru synir Ab\u00edha\u00edls, H\u00far\u00edsonar, Jar\u00f3asonar, G\u00edlea\u00f0ssonar, M\u00edkaelssonar, Jes\u00edsa\u00edsonar, Jahd\u00f3sonar, B\u00fassonar.<a name=\"15\"><span class=\"versanumer\">15<\/span><\/a>Var Ah\u00ed Abd\u00edelsson, G\u00fan\u00edsonar, \u00e6tth\u00f6f\u00f0ingi \u00feeirra.<a name=\"16\"><span class=\"versanumer\">16<\/span><\/a>Og \u00feeir bjuggu \u00ed G\u00edlea\u00f0, \u00ed Basan og \u00feorpunum umhverfis, og \u00ed \u00f6llum beitil\u00f6ndum Sarons, svo langt sem \u00feau n\u00e1\u00f0u.<a name=\"17\"><span class=\"versanumer\">17<\/span><\/a>\u00deessir allir voru skr\u00e1\u00f0ir \u00e1 d\u00f6gum J\u00f3tams J\u00fadakonungs og \u00e1 d\u00f6gum Jer\u00f3b\u00f3ams \u00cdsraelskonungs.<a name=\"18\"><span class=\"versanumer\">18<\/span><\/a>R\u00fabensni\u00f0jar, Ga\u00f0sni\u00f0jar og h\u00e1lf kynkv\u00edsl Manasse, \u00feeir er hraustir menn voru, b\u00e1ru skj\u00f6ld og sver\u00f0, bentu boga og kunnu a\u00f0 herna\u00f0i, fj\u00f6rut\u00edu og fj\u00f6gur \u00fe\u00fasund, sj\u00f6 hundru\u00f0 og sext\u00edu herf\u00e6rir menn,<a name=\"19\"><span class=\"versanumer\">19<\/span><\/a>\u00e1ttu \u00ed \u00f3fri\u00f0i vi\u00f0 Hagr\u00edta og vi\u00f0 Jet\u00far, Naf\u00eds og N\u00f3dab.<a name=\"20\"><span class=\"versanumer\">20<\/span><\/a>Og \u00feeir fengu li\u00f0veislu gegn \u00feeim, og Hagr\u00edtar og allir bandamenn \u00feeirra g\u00e1fust \u00feeim \u00e1 vald. \u00dev\u00ed a\u00f0 me\u00f0an \u00e1 bardaganum st\u00f3\u00f0, h\u00f6f\u00f0u \u00feeir hr\u00f3pa\u00f0 til Gu\u00f0s um hj\u00e1lp, og b\u00e6nheyr\u00f0i hann \u00fe\u00e1, af \u00fev\u00ed a\u00f0 \u00feeir treystu honum.<a name=\"21\"><span class=\"versanumer\">21<\/span><\/a>H\u00f6f\u00f0u \u00feeir burt me\u00f0 s\u00e9r a\u00f0 herfangi hjar\u00f0ir \u00feeirra, fimmt\u00edu \u00fe\u00fasund \u00falfalda, tv\u00f6 hundru\u00f0 og fimmt\u00edu \u00fe\u00fasund sau\u00f0i, tv\u00f6 \u00fe\u00fasund asna og hundra\u00f0 \u00fe\u00fasund manns.<a name=\"22\"><span class=\"versanumer\">22<\/span><\/a>\u00dev\u00ed a\u00f0 margir voru \u00feeir, er voru lag\u00f0ir sver\u00f0i og f\u00e9llu, \u00fev\u00ed a\u00f0 \u00f3fri\u00f0urinn var h\u00e1\u00f0ur a\u00f0 Gu\u00f0s r\u00e1\u00f0i. Bjuggu \u00feeir \u00fear eftir \u00fe\u00e1 fram til herlei\u00f0ingar.<a name=\"23\"><span class=\"versanumer\">23<\/span><\/a>\u00deeir, er tilheyr\u00f0u h\u00e1lfri Manassekynkv\u00edsl, bjuggu \u00ed landinu fr\u00e1 Basan til Baal Hermon og til Se\u00edr og Hermonfjalls. Voru \u00feeir fj\u00f6lmennir,<a name=\"24\"><span class=\"versanumer\">24<\/span><\/a>og voru \u00feessir \u00e6tth\u00f6f\u00f0ingjar \u00feeirra: Efer, J\u00edse\u00ed, El\u00edel, Asr\u00edel, Jerem\u00eda, H\u00f3davja og Jahd\u00edel. Voru \u00feeir kappar miklir og nafnkunnir menn, h\u00f6f\u00f0ingjar \u00ed \u00e6ttum s\u00ednum.<a name=\"25\"><span class=\"versanumer\">25<\/span><\/a>En er \u00feeir s\u00fdndu \u00f3tr\u00famennsku Gu\u00f0i fe\u00f0ra sinna og t\u00f3ku fram hj\u00e1 me\u00f0 gu\u00f0um \u00fej\u00f3\u00f0flokka \u00feeirra, er fyrir voru \u00ed landinu, en Gu\u00f0 haf\u00f0i eytt fyrir \u00feeim,<a name=\"26\"><span class=\"versanumer\">26<\/span><\/a>\u00fe\u00e1 \u00e6sti Gu\u00f0 \u00cdsraels rei\u00f0i P\u00fals Ass\u00fdr\u00edukonungs og rei\u00f0i T\u00edlgat Pilnesers, Ass\u00fdr\u00edukonungs, og herleiddi hann R\u00fabensni\u00f0ja, Ga\u00f0sni\u00f0ja og h\u00e1lfa kynkv\u00edsl Manasse og flutti \u00fe\u00e1 til Hala, Hab\u00f3r, Hara og G\u00f3sanflj\u00f3ts, og er svo enn \u00ed dag.<\/p>\n<div class=\"footnote1981\"><b>5.3<\/b> 1M\u00f3s 46.9; 2M\u00f3s 6.14; 4M\u00f3s 26.5-6<br \/>\n<b>5.8<\/b> 4M\u00f3s 32.37-38; J\u00f3s 13.15-23<br \/>\n<b>5.23<\/b> 4M\u00f3s 32.39<br \/>\n<b>5.27<\/b> 1M\u00f3s 46.11; 2M\u00f3s 6.16<br \/>\n<b>5.28<\/b> 2M\u00f3s 6.18<br \/>\n<b>5.29<\/b> 2M\u00f3s 6.20,23<br \/>\n<b>5.30<\/b> 2M\u00f3s 6.25<br \/>\n<b>5.41<\/b> Neb\u00fakadnesar 2Kon 25+<\/div>\n","protected":false},"excerpt":{"rendered":"<p>1&#8222;Synir R\u00fabens, frumgetnings \u00cdsraels \u00fev\u00ed a\u00f0 frumgetningurinn var hann, en er hann haf\u00f0i flekka\u00f0 hv\u00edlu f\u00f6\u00f0ur s\u00edns, var frumgetningsr\u00e9tturinn veittur sonum J\u00f3sefs, sonar \u00cdsraels \u00fe\u00f3 skyldu \u00feeir eigi teljast frumgetnir \u00ed \u00e6ttart\u00f6lum ;&#8220;2\u00fev\u00ed a\u00f0 J\u00fada var voldugastur br\u00e6\u00f0ra sinna, og einn af ni\u00f0jum hans var\u00f0 h\u00f6f\u00f0ingi, en frumgetningsr\u00e9ttinn f\u00e9kk J\u00f3sef3synir R\u00fabens, frumgetins sonar \u00cdsraels, voru Hanok, Pall\u00fa, Hesron og Karm\u00ed.4Synir J\u00f3els: Semaja, sonur hans, hans son var G\u00f3g, hans son S\u00edme\u00ed,5hans son M\u00edka, hans son Reaja, hans son Baal,6hans son Beera, er T\u00edlgat Pilneser Ass\u00fdr\u00edukonungur herleiddi. Hann var h\u00f6f\u00f0ingi fyrir R\u00fabensni\u00f0jum.7Og fr\u00e6ndur hans eftir \u00e6ttum \u00feeirra, eins og \u00feeir voru <a href=\"https:\/\/biblian.is\/1981\/fyrri-kronikubok-5-kafli\/\"> [&#8230;]<\/a><\/p>\n","protected":false},"author":1,"featured_media":0,"parent":0,"menu_order":0,"comment_status":"open","ping_status":"open","template":"bibliukaflar.php","meta":{"footnotes":""},"class_list":["post-1689","page","type-page","status-publish","hentry"],"_links":{"self":[{"href":"https:\/\/biblian.is\/1981\/wp-json\/wp\/v2\/pages\/1689","targetHints":{"allow":["GET"]}}],"collection":[{"href":"https:\/\/biblian.is\/1981\/wp-json\/wp\/v2\/pages"}],"about":[{"href":"https:\/\/biblian.is\/1981\/wp-json\/wp\/v2\/types\/page"}],"author":[{"embeddable":true,"href":"https:\/\/biblian.is\/1981\/wp-json\/wp\/v2\/users\/1"}],"replies":[{"embeddable":true,"href":"https:\/\/biblian.is\/1981\/wp-json\/wp\/v2\/comments?post=1689"}],"version-history":[{"count":0,"href":"https:\/\/biblian.is\/1981\/wp-json\/wp\/v2\/pages\/1689\/revisions"}],"wp:attachment":[{"href":"https:\/\/biblian.is\/1981\/wp-json\/wp\/v2\/media?parent=1689"}],"curies":[{"name":"wp","href":"https:\/\/api.w.org\/{rel}","templated":true}]}}