{"id":1688,"date":"2017-11-18T20:18:18","date_gmt":"2017-11-18T20:18:18","guid":{"rendered":"http:\/\/biblian.is\/1981\/fyrri-kronikubok-4-kafli\/"},"modified":"2021-06-06T10:57:11","modified_gmt":"2021-06-06T10:57:11","slug":"fyrri-kronikubok-4-kafli","status":"publish","type":"page","link":"https:\/\/biblian.is\/1981\/fyrri-kronikubok-4-kafli\/","title":{"rendered":"Fyrri kron\u00edkub\u00f3k 4. kafli"},"content":{"rendered":"<p><a name=\"1\"><span class=\"versanumer\">1<\/span><\/a>Synir J\u00fada: Peres, Hesron, Karm\u00ed, H\u00far og S\u00f3bal.<a name=\"2\"><span class=\"versanumer\">2<\/span><\/a>En Reaja, sonur S\u00f3bals, gat Jahat, Jahat gat Ah\u00fama\u00ed og Lahad. \u00deetta eru \u00e6ttir S\u00f3reat\u00edta.<a name=\"3\"><span class=\"versanumer\">3<\/span><\/a>\u00deessir voru synir Etams: Jesreel, Jisma, J\u00eddbas, en systir \u00feeirra h\u00e9t Haselelp\u00f3n\u00ed.<a name=\"4\"><span class=\"versanumer\">4<\/span><\/a>Enn fremur Pen\u00fael, fa\u00f0ir Ged\u00f3rs, og Eser, fa\u00f0ir H\u00fasa. \u00deetta eru synir H\u00fars, frumbur\u00f0ar Efrata, f\u00f6\u00f0ur a\u00f0 Betlehem.<a name=\"5\"><span class=\"versanumer\">5<\/span><\/a>Ash\u00far, fa\u00f0ir a\u00f0 Tek\u00f3a, \u00e1tti tv\u00e6r konur, Heleu og Naeru.<a name=\"6\"><span class=\"versanumer\">6<\/span><\/a>Og Naera \u00f3l honum Ah\u00fassam, Hefer, Temn\u00ed og Ahastar\u00edta. \u00deetta eru synir Naeru.<a name=\"7\"><span class=\"versanumer\">7<\/span><\/a>Og synir Heleu voru: Seret, J\u00edsehar og Etnam.<a name=\"8\"><span class=\"versanumer\">8<\/span><\/a>En K\u00f3s gat An\u00fab, S\u00f3beba og \u00e6ttir Aharhels, sonar Har\u00fams.<a name=\"9\"><span class=\"versanumer\">9<\/span><\/a>En Jaebes var fyrir br\u00e6\u00f0rum s\u00ednum, og m\u00f3\u00f0ir hans nefndi hann Jaebes og m\u00e6lti: \u00c9g hefi ali\u00f0 hann me\u00f0 harmkv\u00e6lum.<a name=\"10\"><span class=\"versanumer\">10<\/span><\/a>Og Jaebes \u00e1kalla\u00f0i Gu\u00f0 \u00cdsraels og m\u00e6lti: Blessa \u00fe\u00fa mig og auk landi vi\u00f0 mig, og ver\u00f0i h\u00f6nd \u00fe\u00edn me\u00f0 m\u00e9r, og b\u00e6g \u00fe\u00fa \u00f3g\u00e6funni fr\u00e1 m\u00e9r, svo a\u00f0 engin harmkv\u00e6li komi yfir mig. Og Gu\u00f0 veitti honum \u00fea\u00f0, sem hann ba\u00f0 um.<a name=\"11\"><span class=\"versanumer\">11<\/span><\/a>En Kel\u00fab, br\u00f3\u00f0ir S\u00faha, gat Meh\u00edr. Hann er fa\u00f0ir Est\u00f3ns.<a name=\"12\"><span class=\"versanumer\">12<\/span><\/a>&#8222;En Est\u00f3n gat Bet Rafa, Pasea og Tehinna, f\u00f6\u00f0ur a\u00f0 borg Nahasar; \u00feetta eru Rekamenn.&#8220;<a name=\"13\"><span class=\"versanumer\">13<\/span><\/a>Synir Kenas: Otn\u00edel og Seraja. Og synir Otn\u00edels: Hatat.<a name=\"14\"><span class=\"versanumer\">14<\/span><\/a>En Meonota\u00ed gat Ofra, og Seraja gat J\u00f3ab, f\u00f6\u00f0ur a\u00f0 Smi\u00f0adal, \u00fev\u00ed a\u00f0 \u00feeir voru smi\u00f0ir.<a name=\"15\"><span class=\"versanumer\">15<\/span><\/a>&#8222;Synir Kalebs Jef\u00fannesonar: \u00cdr\u00fa, Ela og Naam; synir Ela: Kenas.&#8220;<a name=\"16\"><span class=\"versanumer\">16<\/span><\/a>Synir Jehalelels: S\u00edf, S\u00edfa, Tirja og Asareel.<a name=\"17\"><span class=\"versanumer\">17<\/span><\/a>Synir Esra: Jeter, Mered, Efer og Jalon. Og \u00feessir eru synir Bitju, d\u00f3ttur Fara\u00f3s, er gekk a\u00f0 eiga Mered: H\u00fan \u00f3l Mirjam, Samma\u00ed og J\u00edsba, f\u00f6\u00f0ur Estem\u00f3a.<a name=\"18\"><span class=\"versanumer\">18<\/span><\/a>En kona hans, er var fr\u00e1 J\u00fada, \u00f3l Jered, f\u00f6\u00f0ur a\u00f0 Ged\u00f3r, og Heber, f\u00f6\u00f0ur a\u00f0 S\u00f3k\u00f3, og Jek\u00fat\u00edel, f\u00f6\u00f0ur a\u00f0 San\u00f3a.<a name=\"19\"><span class=\"versanumer\">19<\/span><\/a>Synir konu H\u00f3d\u00eda, systur Nahams: fa\u00f0ir Keg\u00edlu, Garm\u00edta, Estem\u00f3a og Maakat\u00edta.<a name=\"20\"><span class=\"versanumer\">20<\/span><\/a>&#8222;Synir S\u00edmons: Amnon, Rinna, Ben Hanan og T\u00edlon; og synir J\u00edse\u00ed: S\u00f3het og sonur S\u00f3hets.&#8220;<a name=\"21\"><span class=\"versanumer\">21<\/span><\/a>Synir Sela, sonar J\u00fada: Ger, fa\u00f0ir Leka, Laeda, fa\u00f0ir Maresa, og \u00e6ttir ba\u00f0mullarverkmannanna fr\u00e1 Bet Asbea,<a name=\"22\"><span class=\"versanumer\">22<\/span><\/a>enn fremur J\u00f3k\u00edm og mennirnir fr\u00e1 K\u00f3seba, J\u00f3as og Saraf, er unnu M\u00f3ab og Jas\u00fab\u00ed Lehem. \u00deetta eru fornar s\u00f6gur.<a name=\"23\"><span class=\"versanumer\">23<\/span><\/a>\u00deeir voru leirkerasmi\u00f0ir og bygg\u00f0u Neta\u00edm og Gedera. Hj\u00e1 konungi, vi\u00f0 \u00fej\u00f3nustu hans, \u00fear bjuggu \u00feeir.<a name=\"24\"><span class=\"versanumer\">24<\/span><\/a>Synir S\u00edmeons: Nem\u00fael, Jam\u00edn, Jar\u00edb, Sera, S\u00e1l.<a name=\"25\"><span class=\"versanumer\">25<\/span><\/a>Hans sonur var Sall\u00fam, hans son Mibsam, hans son Misma.<a name=\"26\"><span class=\"versanumer\">26<\/span><\/a>Og synir Misma voru: Hamm\u00fael, sonur hans, hans son Sakk\u00far, hans son S\u00edme\u00ed.<a name=\"27\"><span class=\"versanumer\">27<\/span><\/a>S\u00edme\u00ed \u00e1tti sext\u00e1n sonu og sex d\u00e6tur, en br\u00e6\u00f0ur hans \u00e1ttu eigi margt barna, og \u00e6tt \u00feeirra var\u00f0 eigi svo fj\u00f6lmenn sem J\u00fadamenn.<a name=\"28\"><span class=\"versanumer\">28<\/span><\/a>\u00deeir bjuggu \u00ed Beerseba, M\u00f3lada, Hasar S\u00faal,<a name=\"29\"><span class=\"versanumer\">29<\/span><\/a>B\u00edlha, Esem, T\u00f3lad,<a name=\"30\"><span class=\"versanumer\">30<\/span><\/a>Bet\u00fael, Harma, Siklag,<a name=\"31\"><span class=\"versanumer\">31<\/span><\/a>Bet Markab\u00f3t, Hasar S\u00fas\u00edm, Bet B\u00edre\u00ed og Saara\u00edm. \u00deetta voru borgir \u00feeirra, \u00feanga\u00f0 til Dav\u00ed\u00f0 t\u00f3k r\u00edki.<a name=\"32\"><span class=\"versanumer\">32<\/span><\/a>Og \u00feorp \u00feeirra voru: Etam, Ain, Rimmon, T\u00f3ken og Asan fimm borgir,<a name=\"33\"><span class=\"versanumer\">33<\/span><\/a>og auk \u00feess \u00f6ll \u00feau \u00feorp, er l\u00e1gu kringum borgir \u00feessar, allt til Baal. \u00deetta voru b\u00fasta\u00f0ir \u00feeirra, og h\u00f6f\u00f0u \u00feeir \u00e6ttartal fyrir sig.<a name=\"34\"><span class=\"versanumer\">34<\/span><\/a>Mes\u00f3bab, Jamlek, J\u00f3sa, sonur Amasja,<a name=\"35\"><span class=\"versanumer\">35<\/span><\/a>J\u00f3el, Jeh\u00fa, sonur J\u00f3s\u00edbja, Serajasonar, As\u00edelssonar,<a name=\"36\"><span class=\"versanumer\">36<\/span><\/a>og Elj\u00f3ena\u00ed, Jaakoba, Jes\u00f3haja, Asaja, Ad\u00edel, Jes\u00edm\u00edel og Benaja,<a name=\"37\"><span class=\"versanumer\">37<\/span><\/a>&#8222;S\u00edsa, sonur S\u00edfe\u00ed, Allonssonar, Jedajasonar, Simr\u00edsonar, Semajasonar;&#8220;<a name=\"38\"><span class=\"versanumer\">38<\/span><\/a>\u00feessir menn sem h\u00e9r eru nafngreindir, voru h\u00f6f\u00f0ingjar \u00ed \u00e6ttum s\u00ednum, og hafa \u00e6ttir \u00feeirra or\u00f0i\u00f0 mj\u00f6g fj\u00f6lmennar.<a name=\"39\"><span class=\"versanumer\">39<\/span><\/a>Og \u00feeir f\u00f3ru \u00fea\u00f0an, er lei\u00f0 liggur til Ged\u00f3r, allt \u00fear til kemur austur fyrir dalinn, til \u00feess a\u00f0 leita haglendis fyrir sau\u00f0i s\u00edna.<a name=\"40\"><span class=\"versanumer\">40<\/span><\/a>Og \u00feeir fundu feitt og gott haglendi, og landr\u00fdmi var \u00fear miki\u00f0, og r\u00f3legt var \u00fear og fri\u00f0samlegt, \u00fev\u00ed a\u00f0 \u00feeir, er \u00e1\u00f0ur h\u00f6f\u00f0u byggt \u00fear, voru komnir af Kam.<a name=\"41\"><span class=\"versanumer\">41<\/span><\/a>\u00de\u00e1 komu \u00feeir, sem h\u00e9r eru nafngreindir, \u00e1 d\u00f6gum Hisk\u00eda J\u00fadakonungs, eyddu tj\u00f6ldum \u00feeirra og dr\u00e1pu Me\u00fan\u00edta, sem \u00fear voru, og gj\u00f6reyddu \u00feeim allt fram \u00e1 \u00feennan dag og bjuggu \u00fear eftir \u00fe\u00e1, \u00fev\u00ed a\u00f0 \u00fear var haglendi fyrir sau\u00f0i \u00feeirra.<a name=\"42\"><span class=\"versanumer\">42<\/span><\/a>Og af \u00feeim S\u00edmeonsni\u00f0jum f\u00f3ru fimm hundru\u00f0 manns til Se\u00edrfjalla, og voru \u00feeir Pelatja, Nearja, Refaja og \u00dass\u00edel, synir J\u00edse\u00ed, fyrir \u00feeim.<a name=\"43\"><span class=\"versanumer\">43<\/span><\/a>Dr\u00e1pu \u00feeir hinar s\u00ed\u00f0ustu leifar Amalek\u00edta og bjuggu \u00fear allt fram \u00e1 \u00feennan dag.<\/p>\n<div class=\"footnote1981\"><b>4.1-23<\/b> 1Kro 2.3-55<br \/>\n<b>4.24<\/b> 1M\u00f3s 46.10; 2M\u00f3s 6.15; 4M\u00f3s 26.12-14<br \/>\n<b>4.28-33<\/b> J\u00f3s 19.1-8<\/div>\n","protected":false},"excerpt":{"rendered":"<p>1Synir J\u00fada: Peres, Hesron, Karm\u00ed, H\u00far og S\u00f3bal.2En Reaja, sonur S\u00f3bals, gat Jahat, Jahat gat Ah\u00fama\u00ed og Lahad. \u00deetta eru \u00e6ttir S\u00f3reat\u00edta.3\u00deessir voru synir Etams: Jesreel, Jisma, J\u00eddbas, en systir \u00feeirra h\u00e9t Haselelp\u00f3n\u00ed.4Enn fremur Pen\u00fael, fa\u00f0ir Ged\u00f3rs, og Eser, fa\u00f0ir H\u00fasa. \u00deetta eru synir H\u00fars, frumbur\u00f0ar Efrata, f\u00f6\u00f0ur a\u00f0 Betlehem.5Ash\u00far, fa\u00f0ir a\u00f0 Tek\u00f3a, \u00e1tti tv\u00e6r konur, Heleu og Naeru.6Og Naera \u00f3l honum Ah\u00fassam, Hefer, Temn\u00ed og Ahastar\u00edta. \u00deetta eru synir Naeru.7Og synir Heleu voru: Seret, J\u00edsehar og Etnam.8En K\u00f3s gat An\u00fab, S\u00f3beba og \u00e6ttir Aharhels, sonar Har\u00fams.9En Jaebes var fyrir br\u00e6\u00f0rum s\u00ednum, og m\u00f3\u00f0ir hans nefndi hann Jaebes og m\u00e6lti: <a href=\"https:\/\/biblian.is\/1981\/fyrri-kronikubok-4-kafli\/\"> [&#8230;]<\/a><\/p>\n","protected":false},"author":1,"featured_media":0,"parent":0,"menu_order":0,"comment_status":"open","ping_status":"open","template":"bibliukaflar.php","meta":{"footnotes":""},"class_list":["post-1688","page","type-page","status-publish","hentry"],"_links":{"self":[{"href":"https:\/\/biblian.is\/1981\/wp-json\/wp\/v2\/pages\/1688","targetHints":{"allow":["GET"]}}],"collection":[{"href":"https:\/\/biblian.is\/1981\/wp-json\/wp\/v2\/pages"}],"about":[{"href":"https:\/\/biblian.is\/1981\/wp-json\/wp\/v2\/types\/page"}],"author":[{"embeddable":true,"href":"https:\/\/biblian.is\/1981\/wp-json\/wp\/v2\/users\/1"}],"replies":[{"embeddable":true,"href":"https:\/\/biblian.is\/1981\/wp-json\/wp\/v2\/comments?post=1688"}],"version-history":[{"count":0,"href":"https:\/\/biblian.is\/1981\/wp-json\/wp\/v2\/pages\/1688\/revisions"}],"wp:attachment":[{"href":"https:\/\/biblian.is\/1981\/wp-json\/wp\/v2\/media?parent=1688"}],"curies":[{"name":"wp","href":"https:\/\/api.w.org\/{rel}","templated":true}]}}