{"id":1687,"date":"2017-11-18T20:18:18","date_gmt":"2017-11-18T20:18:18","guid":{"rendered":"http:\/\/biblian.is\/1981\/fyrri-kronikubok-3-kafli\/"},"modified":"2021-06-06T10:57:11","modified_gmt":"2021-06-06T10:57:11","slug":"fyrri-kronikubok-3-kafli","status":"publish","type":"page","link":"https:\/\/biblian.is\/1981\/fyrri-kronikubok-3-kafli\/","title":{"rendered":"Fyrri kron\u00edkub\u00f3k 3. kafli"},"content":{"rendered":"<p><a name=\"1\"><span class=\"versanumer\">1<\/span><\/a>&#8222;\u00deessir eru synir Dav\u00ed\u00f0s, er hann eigna\u00f0ist \u00ed Hebron: Ammon, frumgetningurinn, vi\u00f0 Ak\u00edn\u00f3am fr\u00e1 Jesreel; annar var Dan\u00edel, vi\u00f0 Ab\u00edgail fr\u00e1 Karmel;&#8220;<a name=\"2\"><span class=\"versanumer\">2<\/span><\/a>&#8222;hinn \u00feri\u00f0ji Absalon, sonur Ma\u00f6ku, d\u00f3ttur Talma\u00ed konungs \u00ed Ges\u00far; hinn fj\u00f3r\u00f0i Ad\u00f3n\u00eda, sonur Hagg\u00edtar;&#8220;<a name=\"3\"><span class=\"versanumer\">3<\/span><\/a>&#8222;hinn fimmti Sefatja, vi\u00f0 Ab\u00edtal; hinn sj\u00f6tti Jitream, vi\u00f0 Eglu, konu sinni.&#8220;<a name=\"4\"><span class=\"versanumer\">4<\/span><\/a>Sex f\u00e6ddust honum \u00ed Hebron. \u00dear r\u00edkti hann sj\u00f6 \u00e1r og sex m\u00e1nu\u00f0i, en \u00ed Jer\u00fasalem r\u00edkti hann \u00ferj\u00e1t\u00edu og \u00ferj\u00fa \u00e1r.<a name=\"5\"><span class=\"versanumer\">5<\/span><\/a>Og \u00feessa eigna\u00f0ist hann \u00ed Jer\u00fasalem: S\u00edmea, S\u00f3bab, Natan og Sal\u00f3mon fj\u00f3ra alls vi\u00f0 Bats\u00faa Amm\u00edelsd\u00f3ttur,<a name=\"6\"><span class=\"versanumer\">6<\/span><\/a>enn fremur J\u00edbhar, El\u00edsama, El\u00edfelet,<a name=\"7\"><span class=\"versanumer\">7<\/span><\/a>N\u00f3ga, Nefeg, Jaf\u00eda,<a name=\"8\"><span class=\"versanumer\">8<\/span><\/a>El\u00edsama, Eljada, El\u00edfelet n\u00edu alls.<a name=\"9\"><span class=\"versanumer\">9<\/span><\/a>\u00deetta eru allir synir Dav\u00ed\u00f0s, a\u00f0 hj\u00e1kvennasonum eigi me\u00f0t\u00f6ldum. En systir \u00feeirra var Tamar.<a name=\"10\"><span class=\"versanumer\">10<\/span><\/a>Sonur Sal\u00f3mons var Rehabeam, hans son var Ab\u00eda, hans son Asa, hans son J\u00f3safat,<a name=\"11\"><span class=\"versanumer\">11<\/span><\/a>hans son J\u00f3ram, hans son Ahas\u00eda, hans son J\u00f3as,<a name=\"12\"><span class=\"versanumer\">12<\/span><\/a>hans son Amas\u00eda, hans son Asar\u00eda, hans son J\u00f3tam,<a name=\"13\"><span class=\"versanumer\">13<\/span><\/a>hans son Akas, hans son Hisk\u00eda, hans son Manasse,<a name=\"14\"><span class=\"versanumer\">14<\/span><\/a>hans son Am\u00f3n, hans son J\u00f3s\u00eda.<a name=\"15\"><span class=\"versanumer\">15<\/span><\/a>Og synir J\u00f3s\u00eda voru: J\u00f3hanan, frumgetningurinn, annar J\u00f3jak\u00edm, \u00feri\u00f0ji Sedek\u00eda, fj\u00f3r\u00f0i Sall\u00fam.<a name=\"16\"><span class=\"versanumer\">16<\/span><\/a>&#8222;Og synir J\u00f3jak\u00edms: Jekonja, sonur hans; hans son var Sedek\u00eda.&#8220;<a name=\"17\"><span class=\"versanumer\">17<\/span><\/a>Synir Jekonja, hins herleidda: Sealt\u00edel, sonur hans,<a name=\"18\"><span class=\"versanumer\">18<\/span><\/a>Malk\u00edram, Pedaja, Seneassar, Jekamja, H\u00f3sama og Nedabja.<a name=\"19\"><span class=\"versanumer\">19<\/span><\/a>Synir Pedaja voru: Ser\u00fababel og S\u00edme\u00ed, og synir Ser\u00fababels: Mes\u00fallam og Hananja. Systir \u00feeirra var Sel\u00f3m\u00edt.<a name=\"20\"><span class=\"versanumer\">20<\/span><\/a>Og enn fremur Has\u00faba, \u00d3hel, Berek\u00eda, Hasadja, J\u00fasab Hesed fimm alls.<a name=\"21\"><span class=\"versanumer\">21<\/span><\/a>Synir Hananja voru: Pelatja og Jesaja, synir Refaja, synir Arnans, synir \u00d3bad\u00eda, synir Sekanja.<a name=\"22\"><span class=\"versanumer\">22<\/span><\/a>Synir Sekanja voru: Semaja, og synir Semaja: Hatt\u00faa, J\u00edgeal, Bar\u00eda, Nearja og Safat sex alls.<a name=\"23\"><span class=\"versanumer\">23<\/span><\/a>Synir Nearja voru: Elj\u00f3ena\u00ed, Hisk\u00eda, Asr\u00edkam \u00fer\u00edr alls.<a name=\"24\"><span class=\"versanumer\">24<\/span><\/a>En synir Elj\u00f3ena\u00ed voru: H\u00f3davja, Eljas\u00edb, Pelaja, Akk\u00fab, J\u00f3hanan, Delaja, Anan\u00ed sj\u00f6 alls.<\/p>\n<div class=\"footnote1981\"><b>3.1-4a<\/b> 2Sam 2.11; 5.5<br \/>\n<b>3.5-8<\/b> 2Sam 5.14-16<br \/>\n<b>3.9<\/b> 2Sam 5.13; 13.1<\/div>\n","protected":false},"excerpt":{"rendered":"<p>1&#8222;\u00deessir eru synir Dav\u00ed\u00f0s, er hann eigna\u00f0ist \u00ed Hebron: Ammon, frumgetningurinn, vi\u00f0 Ak\u00edn\u00f3am fr\u00e1 Jesreel; annar var Dan\u00edel, vi\u00f0 Ab\u00edgail fr\u00e1 Karmel;&#8220;2&#8222;hinn \u00feri\u00f0ji Absalon, sonur Ma\u00f6ku, d\u00f3ttur Talma\u00ed konungs \u00ed Ges\u00far; hinn fj\u00f3r\u00f0i Ad\u00f3n\u00eda, sonur Hagg\u00edtar;&#8220;3&#8222;hinn fimmti Sefatja, vi\u00f0 Ab\u00edtal; hinn sj\u00f6tti Jitream, vi\u00f0 Eglu, konu sinni.&#8220;4Sex f\u00e6ddust honum \u00ed Hebron. \u00dear r\u00edkti hann sj\u00f6 \u00e1r og sex m\u00e1nu\u00f0i, en \u00ed Jer\u00fasalem r\u00edkti hann \u00ferj\u00e1t\u00edu og \u00ferj\u00fa \u00e1r.5Og \u00feessa eigna\u00f0ist hann \u00ed Jer\u00fasalem: S\u00edmea, S\u00f3bab, Natan og Sal\u00f3mon fj\u00f3ra alls vi\u00f0 Bats\u00faa Amm\u00edelsd\u00f3ttur,6enn fremur J\u00edbhar, El\u00edsama, El\u00edfelet,7N\u00f3ga, Nefeg, Jaf\u00eda,8El\u00edsama, Eljada, El\u00edfelet n\u00edu alls.9\u00deetta eru allir synir Dav\u00ed\u00f0s, a\u00f0 hj\u00e1kvennasonum eigi <a href=\"https:\/\/biblian.is\/1981\/fyrri-kronikubok-3-kafli\/\"> [&#8230;]<\/a><\/p>\n","protected":false},"author":1,"featured_media":0,"parent":0,"menu_order":0,"comment_status":"open","ping_status":"open","template":"bibliukaflar.php","meta":{"footnotes":""},"class_list":["post-1687","page","type-page","status-publish","hentry"],"_links":{"self":[{"href":"https:\/\/biblian.is\/1981\/wp-json\/wp\/v2\/pages\/1687","targetHints":{"allow":["GET"]}}],"collection":[{"href":"https:\/\/biblian.is\/1981\/wp-json\/wp\/v2\/pages"}],"about":[{"href":"https:\/\/biblian.is\/1981\/wp-json\/wp\/v2\/types\/page"}],"author":[{"embeddable":true,"href":"https:\/\/biblian.is\/1981\/wp-json\/wp\/v2\/users\/1"}],"replies":[{"embeddable":true,"href":"https:\/\/biblian.is\/1981\/wp-json\/wp\/v2\/comments?post=1687"}],"version-history":[{"count":0,"href":"https:\/\/biblian.is\/1981\/wp-json\/wp\/v2\/pages\/1687\/revisions"}],"wp:attachment":[{"href":"https:\/\/biblian.is\/1981\/wp-json\/wp\/v2\/media?parent=1687"}],"curies":[{"name":"wp","href":"https:\/\/api.w.org\/{rel}","templated":true}]}}