{"id":1686,"date":"2017-11-18T20:18:13","date_gmt":"2017-11-18T20:18:13","guid":{"rendered":"http:\/\/biblian.is\/1981\/fyrri-kronikubok-2-kafli\/"},"modified":"2021-06-06T10:57:07","modified_gmt":"2021-06-06T10:57:07","slug":"fyrri-kronikubok-2-kafli","status":"publish","type":"page","link":"https:\/\/biblian.is\/1981\/fyrri-kronikubok-2-kafli\/","title":{"rendered":"Fyrri kron\u00edkub\u00f3k 2. kafli"},"content":{"rendered":"<p><a name=\"1\"><span class=\"versanumer\">1<\/span><\/a>\u00deessir voru synir \u00cdsraels: R\u00faben, S\u00edmeon, Lev\u00ed og J\u00fada, \u00cdssakar og Seb\u00falon,<a name=\"2\"><span class=\"versanumer\">2<\/span><\/a>Dan, J\u00f3sef og Benjam\u00edn, Naftal\u00ed, Ga\u00f0 og Asser.<a name=\"3\"><span class=\"versanumer\">3<\/span><\/a>Synir J\u00fada: Ger, \u00d3nan og Sela, \u00fer\u00edr a\u00f0 t\u00f6lu, er d\u00f3ttir S\u00faa, kanverska konan, \u00f3l honum. En Ger, frumgetinn sonur J\u00fada, var vondur fyrir augliti Drottins, svo a\u00f0 Drottinn l\u00e9t hann deyja.<a name=\"4\"><span class=\"versanumer\">4<\/span><\/a>Tamar tengdad\u00f3ttir hans \u00f3l honum Peres og Sera. Synir J\u00fada voru alls fimm.<a name=\"5\"><span class=\"versanumer\">5<\/span><\/a>Synir Peres: Hesron og Ham\u00fal.<a name=\"6\"><span class=\"versanumer\">6<\/span><\/a>Synir Sera: Simr\u00ed, Etan, Heman, Kalk\u00f3l og Dara fimm alls.<a name=\"7\"><span class=\"versanumer\">7<\/span><\/a>Synir Karm\u00ed: Akar, s\u00e1 er steypti \u00cdsrael \u00ed \u00f3g\u00e6fu me\u00f0 \u00fev\u00ed a\u00f0 fara sviksamlega me\u00f0 hi\u00f0 bannf\u00e6r\u00f0a.<a name=\"8\"><span class=\"versanumer\">8<\/span><\/a>Og synir Etans: Asarja.<a name=\"9\"><span class=\"versanumer\">9<\/span><\/a>Og synir Hesrons, er f\u00e6ddust honum: Jerahmeel, Ram og Kel\u00faba\u00ed.<a name=\"10\"><span class=\"versanumer\">10<\/span><\/a>Ram gat Amm\u00ednadab, og Amm\u00ednadab gat Nahson, h\u00f6fu\u00f0smann J\u00fadamanna.<a name=\"11\"><span class=\"versanumer\">11<\/span><\/a>Nahson gat Salma, Salma gat B\u00f3as,<a name=\"12\"><span class=\"versanumer\">12<\/span><\/a>B\u00f3as gat \u00d3be\u00f0, \u00d3be\u00f0 gat \u00cdsa\u00ed.<a name=\"13\"><span class=\"versanumer\">13<\/span><\/a>\u00cdsa\u00ed gat El\u00edab frumgetning sinn, \u00fe\u00e1 Ab\u00ednadab, S\u00edmea hinn \u00feri\u00f0ja,<a name=\"14\"><span class=\"versanumer\">14<\/span><\/a>Netaneel hinn fj\u00f3r\u00f0a, Radda\u00ed hinn fimmta,<a name=\"15\"><span class=\"versanumer\">15<\/span><\/a>\u00d3sem hinn sj\u00f6tta, Dav\u00ed\u00f0 hinn sj\u00f6unda.<a name=\"16\"><span class=\"versanumer\">16<\/span><\/a>Og systur \u00feeirra voru \u00fe\u00e6r Ser\u00faja og Ab\u00edgail, og synir Ser\u00faju voru: Ab\u00edsa\u00ed, J\u00f3ab og Asahel, \u00fer\u00edr a\u00f0 t\u00f6lu.<a name=\"17\"><span class=\"versanumer\">17<\/span><\/a>En Ab\u00edgail \u00f3l Amasa, og fa\u00f0ir Amasa var Jeter \u00cdsmael\u00edti.<a name=\"18\"><span class=\"versanumer\">18<\/span><\/a>Kaleb, sonur Hesrons, gat b\u00f6rn vi\u00f0 As\u00fabu konu sinni og vi\u00f0 Jer\u00ed\u00f3t. \u00deessir voru synir hennar: Jeser, S\u00f3bab og Ardon.<a name=\"19\"><span class=\"versanumer\">19<\/span><\/a>Og er As\u00faba anda\u00f0ist, gekk Kaleb a\u00f0 eiga Efrat og \u00f3l h\u00fan honum H\u00far,<a name=\"20\"><span class=\"versanumer\">20<\/span><\/a>en H\u00far gat \u00dar\u00ed og \u00dar\u00ed gat Besaleel.<a name=\"21\"><span class=\"versanumer\">21<\/span><\/a>S\u00ed\u00f0an gekk Hesron inn til d\u00f3ttur Mak\u00edrs, f\u00f6\u00f0ur G\u00edlea\u00f0s, og t\u00f3k hana s\u00e9r fyrir konu. Var hann \u00fe\u00e1 sext\u00edu \u00e1ra gamall. H\u00fan \u00f3l honum Seg\u00fab.<a name=\"22\"><span class=\"versanumer\">22<\/span><\/a>Og Seg\u00fab gat Ja\u00edr. Hann \u00e1tti tuttugu og \u00ferj\u00e1r borgir \u00ed G\u00edlea\u00f0landi.<a name=\"23\"><span class=\"versanumer\">23<\/span><\/a>En Ges\u00far\u00edtar og S\u00fdrlendingar t\u00f3ku Ja\u00edrs-\u00feorp fr\u00e1 \u00feeim, Kenat og \u00feorpin \u00fear \u00ed kring, sext\u00edu borgir alls. Allir \u00feessir voru ni\u00f0jar Mak\u00edrs, f\u00f6\u00f0ur G\u00edlea\u00f0s.<a name=\"24\"><span class=\"versanumer\">24<\/span><\/a>Og eftir andl\u00e1t Hesrons \u00ed Kaleb Efrata \u00f3l Ab\u00eda kona hans honum Ash\u00far, f\u00f6\u00f0ur Tek\u00f3a.<a name=\"25\"><span class=\"versanumer\">25<\/span><\/a>Synir Jerahmeels, frumgetins sonar Hesrons: Ram, frumgetningurinn, og B\u00fana, \u00d3ren, \u00d3sem og Ah\u00eda.<a name=\"26\"><span class=\"versanumer\">26<\/span><\/a>En Jerahmeel \u00e1tti a\u00f0ra konu, er Atara h\u00e9t. H\u00fan var m\u00f3\u00f0ir \u00d3nams.<a name=\"27\"><span class=\"versanumer\">27<\/span><\/a>Synir Rams, frumgetins sonar Jerahmeels: Maas, Jam\u00edn og Eker.<a name=\"28\"><span class=\"versanumer\">28<\/span><\/a>&#8222;Og synir \u00d3nams voru: Samma\u00ed og Jada; og synir Samma\u00ed: Nadab og Ab\u00eds\u00far.&#8220;<a name=\"29\"><span class=\"versanumer\">29<\/span><\/a>En kona Ab\u00eds\u00fars h\u00e9t Ab\u00edha\u00edl. H\u00fan \u00f3l honum Akban og M\u00f3l\u00edd.<a name=\"30\"><span class=\"versanumer\">30<\/span><\/a>Og synir Nadabs voru: Seled og Appa\u00edm, en Seled d\u00f3 barnlaus.<a name=\"31\"><span class=\"versanumer\">31<\/span><\/a>Og synir Appa\u00edms: J\u00edse\u00ed, og synir J\u00edse\u00ed: Sesan, og synir Sesans: Ahela\u00ed.<a name=\"32\"><span class=\"versanumer\">32<\/span><\/a>Og synir Jada, br\u00f3\u00f0ur Samma\u00ed: Jeter og J\u00f3natan, en Jeter d\u00f3 barnlaus.<a name=\"33\"><span class=\"versanumer\">33<\/span><\/a>Og synir J\u00f3natans voru: Pelet og Sasa. \u00deessir voru ni\u00f0jar Jerahmeels.<a name=\"34\"><span class=\"versanumer\">34<\/span><\/a>Og Sesan \u00e1tti enga sonu, heldur d\u00e6tur einar. En Sesan \u00e1tti egypskan \u00fer\u00e6l, er Jarha h\u00e9t.<a name=\"35\"><span class=\"versanumer\">35<\/span><\/a>Og Sesan gaf Jarha \u00fer\u00e6li s\u00ednum d\u00f3ttur s\u00edna fyrir konu, og h\u00fan \u00f3l honum Atta\u00ed.<a name=\"36\"><span class=\"versanumer\">36<\/span><\/a>Og Atta\u00ed gat Natan, Natan gat Sabat,<a name=\"37\"><span class=\"versanumer\">37<\/span><\/a>Sabat gat Eflal, Eflal gat \u00d3be\u00f0,<a name=\"38\"><span class=\"versanumer\">38<\/span><\/a>\u00d3be\u00f0 gat Jeh\u00fa, Jeh\u00fa gat Asarja,<a name=\"39\"><span class=\"versanumer\">39<\/span><\/a>Asarja gat Heles, Heles gat Eleasa,<a name=\"40\"><span class=\"versanumer\">40<\/span><\/a>Eleasa gat S\u00edsema\u00ed, S\u00edsema\u00ed gat Sall\u00fam,<a name=\"41\"><span class=\"versanumer\">41<\/span><\/a>Sall\u00fam gat Jekamja og Jekamja gat El\u00edsama.<a name=\"42\"><span class=\"versanumer\">42<\/span><\/a>Synir Kalebs, br\u00f3\u00f0ur Jerahmeels: Mesa, frumgetinn sonur hans hann var fa\u00f0ir S\u00edfs svo og synir Maresa, f\u00f6\u00f0ur Hebrons.<a name=\"43\"><span class=\"versanumer\">43<\/span><\/a>Synir Hebrons voru: K\u00f3ra, Tapp\u00faa, Rekem og Sema.<a name=\"44\"><span class=\"versanumer\">44<\/span><\/a>Og Sema gat Raham, f\u00f6\u00f0ur Jorkeams, og Rekem gat Samma\u00ed.<a name=\"45\"><span class=\"versanumer\">45<\/span><\/a>En sonur Samma\u00ed var Maon, og Maon var fa\u00f0ir a\u00f0 Bet S\u00far.<a name=\"46\"><span class=\"versanumer\">46<\/span><\/a>Og Efa, hj\u00e1kona Kalebs, \u00f3l Haran, M\u00f3sa og Gases, en Haran gat Gases.<a name=\"47\"><span class=\"versanumer\">47<\/span><\/a>Synir Jehda\u00ed: Regem, J\u00f3tam, Gesan, Pelet, Efa og Saaf.<a name=\"48\"><span class=\"versanumer\">48<\/span><\/a>Maaka, hj\u00e1kona Kalebs, \u00f3l Seber og T\u00edrkana.<a name=\"49\"><span class=\"versanumer\">49<\/span><\/a>Og enn \u00f3l h\u00fan Saaf, f\u00f6\u00f0ur Madmanna, Sefa, f\u00f6\u00f0ur Makbena og f\u00f6\u00f0ur G\u00edbea, en d\u00f3ttir Kalebs var Aksa.<a name=\"50\"><span class=\"versanumer\">50<\/span><\/a>\u00deessir voru synir Kalebs. Synir H\u00fars, frumgetins sonar Efrata: S\u00f3bal, fa\u00f0ir a\u00f0 Kirjat Jear\u00edm,<a name=\"51\"><span class=\"versanumer\">51<\/span><\/a>Salma, fa\u00f0ir a\u00f0 Betlehem, Haref, fa\u00f0ir a\u00f0 Bet Gader.<a name=\"52\"><span class=\"versanumer\">52<\/span><\/a>Og S\u00f3bal, fa\u00f0ir a\u00f0 Kirjat Jear\u00edm, \u00e1tti fyrir sonu: Har\u00f3e, h\u00e1lft Men\u00fah\u00f3t<a name=\"53\"><span class=\"versanumer\">53<\/span><\/a>og \u00e6ttirnar fr\u00e1 Kirjat Jear\u00edm, svo og J\u00edtr\u00edta, P\u00fat\u00edta, S\u00famat\u00edta og M\u00edsra\u00edta. Fr\u00e1 \u00feeim eru komnir S\u00f3reat\u00edtar og Esta\u00f3l\u00edtar.<a name=\"54\"><span class=\"versanumer\">54<\/span><\/a>Synir Salma: Betlehem og Net\u00f3fat\u00edtar, Atar\u00f3t, Bet J\u00f3ab og helmingur Manat\u00edta, \u00fea\u00f0 er S\u00f3re\u00edta,<a name=\"55\"><span class=\"versanumer\">55<\/span><\/a>og \u00e6ttir fr\u00e6\u00f0imannanna, er b\u00faa \u00ed Jabes, T\u00edreat\u00edtar, S\u00edmeat\u00edtar og S\u00fakat\u00edtar. \u00deetta eru K\u00edn\u00edtar, er komnir eru fr\u00e1 Hammat, f\u00f6\u00f0ur Rekabs \u00e6ttar.<\/p>\n<div class=\"footnote1981\"><b>2.1-2<\/b> 1M\u00f3s 35.23-26<br \/>\n<b>2.3-4<\/b> 1M\u00f3s 38.1-30<br \/>\n<b>2.5<\/b> 1M\u00f3s 46.12<br \/>\n<b>2.6<\/b> 1Kon 5.11<br \/>\n<b>2.9-12<\/b> Rut 4.18-22<br \/>\n<b>2.13-15<\/b> 1Sam 16.6-13<br \/>\n<b>2.16-17<\/b> 2Sam 17.25<br \/>\n<b>2.18<\/b> Kaleb 1Kro 2.42; J\u00f3s 14.6<br \/>\n<b>2.42<\/b> Kaleb 2Kro 2.17+<\/div>\n","protected":false},"excerpt":{"rendered":"<p>1\u00deessir voru synir \u00cdsraels: R\u00faben, S\u00edmeon, Lev\u00ed og J\u00fada, \u00cdssakar og Seb\u00falon,2Dan, J\u00f3sef og Benjam\u00edn, Naftal\u00ed, Ga\u00f0 og Asser.3Synir J\u00fada: Ger, \u00d3nan og Sela, \u00fer\u00edr a\u00f0 t\u00f6lu, er d\u00f3ttir S\u00faa, kanverska konan, \u00f3l honum. En Ger, frumgetinn sonur J\u00fada, var vondur fyrir augliti Drottins, svo a\u00f0 Drottinn l\u00e9t hann deyja.4Tamar tengdad\u00f3ttir hans \u00f3l honum Peres og Sera. Synir J\u00fada voru alls fimm.5Synir Peres: Hesron og Ham\u00fal.6Synir Sera: Simr\u00ed, Etan, Heman, Kalk\u00f3l og Dara fimm alls.7Synir Karm\u00ed: Akar, s\u00e1 er steypti \u00cdsrael \u00ed \u00f3g\u00e6fu me\u00f0 \u00fev\u00ed a\u00f0 fara sviksamlega me\u00f0 hi\u00f0 bannf\u00e6r\u00f0a.8Og synir Etans: Asarja.9Og synir Hesrons, er f\u00e6ddust honum: Jerahmeel, <a href=\"https:\/\/biblian.is\/1981\/fyrri-kronikubok-2-kafli\/\"> [&#8230;]<\/a><\/p>\n","protected":false},"author":1,"featured_media":0,"parent":0,"menu_order":0,"comment_status":"open","ping_status":"open","template":"bibliukaflar.php","meta":{"footnotes":""},"class_list":["post-1686","page","type-page","status-publish","hentry"],"_links":{"self":[{"href":"https:\/\/biblian.is\/1981\/wp-json\/wp\/v2\/pages\/1686","targetHints":{"allow":["GET"]}}],"collection":[{"href":"https:\/\/biblian.is\/1981\/wp-json\/wp\/v2\/pages"}],"about":[{"href":"https:\/\/biblian.is\/1981\/wp-json\/wp\/v2\/types\/page"}],"author":[{"embeddable":true,"href":"https:\/\/biblian.is\/1981\/wp-json\/wp\/v2\/users\/1"}],"replies":[{"embeddable":true,"href":"https:\/\/biblian.is\/1981\/wp-json\/wp\/v2\/comments?post=1686"}],"version-history":[{"count":0,"href":"https:\/\/biblian.is\/1981\/wp-json\/wp\/v2\/pages\/1686\/revisions"}],"wp:attachment":[{"href":"https:\/\/biblian.is\/1981\/wp-json\/wp\/v2\/media?parent=1686"}],"curies":[{"name":"wp","href":"https:\/\/api.w.org\/{rel}","templated":true}]}}