{"id":1685,"date":"2017-11-18T20:18:13","date_gmt":"2017-11-18T20:18:13","guid":{"rendered":"http:\/\/biblian.is\/1981\/fyrri-kronikubok-1-kafli\/"},"modified":"2021-06-06T10:57:03","modified_gmt":"2021-06-06T10:57:03","slug":"fyrri-kronikubok-1-kafli","status":"publish","type":"page","link":"https:\/\/biblian.is\/1981\/fyrri-kronikubok-1-kafli\/","title":{"rendered":"Fyrri kron\u00edkub\u00f3k 1. kafli"},"content":{"rendered":"<p><a name=\"1\"><span class=\"versanumer\">1<\/span><\/a>Adam, Set, Enos.<a name=\"2\"><span class=\"versanumer\">2<\/span><\/a>Kenan, Mahalalel, Jared.<a name=\"3\"><span class=\"versanumer\">3<\/span><\/a>Henok, Meth\u00fasala, Lamek.<a name=\"4\"><span class=\"versanumer\">4<\/span><\/a>N\u00f3i, Sem, Kam og Jafet.<a name=\"5\"><span class=\"versanumer\">5<\/span><\/a>Synir Jafets voru: G\u00f3mer, Mag\u00f3g, Mada\u00ed, Javan, T\u00fabal, Mesek og T\u00edras.<a name=\"6\"><span class=\"versanumer\">6<\/span><\/a>Synir G\u00f3mers: Askenas, R\u00edfat og T\u00f3garma.<a name=\"7\"><span class=\"versanumer\">7<\/span><\/a>Synir Javans: El\u00edsa, Tarsis, Kittar og R\u00f3dan\u00edtar.<a name=\"8\"><span class=\"versanumer\">8<\/span><\/a>Synir Kams: K\u00fas, M\u00edsra\u00edm, P\u00fat og Kanaan.<a name=\"9\"><span class=\"versanumer\">9<\/span><\/a>Synir K\u00fass: Seba, Hav\u00edla, Sabta, Raema og Sabteka. Og synir Raema: S\u00e9ba og Dedan.<a name=\"10\"><span class=\"versanumer\">10<\/span><\/a>Og K\u00fas gat Nimrod. Hann t\u00f3k a\u00f0 gj\u00f6rast voldugur \u00e1 j\u00f6r\u00f0inni.<a name=\"11\"><span class=\"versanumer\">11<\/span><\/a>M\u00edsra\u00edm gat L\u00fad\u00edta, Anam\u00edta, Lehab\u00edta, Naft\u00fak\u00edta,<a name=\"12\"><span class=\"versanumer\">12<\/span><\/a>Patr\u00fas\u00edta, Kasl\u00fak\u00edta  \u00fea\u00f0an eru komnir Filistar  og Kaft\u00f3r\u00edta.<a name=\"13\"><span class=\"versanumer\">13<\/span><\/a>Kanaan gat S\u00eddon, frumgetning sinn, og Het,<a name=\"14\"><span class=\"versanumer\">14<\/span><\/a>og Jeb\u00fas\u00edta, Amor\u00edta, G\u00edrgas\u00edta,<a name=\"15\"><span class=\"versanumer\">15<\/span><\/a>Hev\u00edta, Ark\u00edta, S\u00edn\u00edta,<a name=\"16\"><span class=\"versanumer\">16<\/span><\/a>Arvad\u00edta, Semar\u00edta og Hamat\u00edta.<a name=\"17\"><span class=\"versanumer\">17<\/span><\/a>Synir Sems: Elam, Ass\u00far, Arpaksad, L\u00fad, Aram, \u00das, H\u00fal, Geter og Mas.<a name=\"18\"><span class=\"versanumer\">18<\/span><\/a>Og Arpaksad gat Sela og Sela gat Eber.<a name=\"19\"><span class=\"versanumer\">19<\/span><\/a>Og Eber f\u00e6ddust tveir synir. H\u00e9t annar Peleg, \u00fev\u00ed a\u00f0 \u00e1 hans d\u00f6gum greindist f\u00f3lki\u00f0 \u00e1 j\u00f6r\u00f0inni, en br\u00f3\u00f0ir hans h\u00e9t Joktan.<a name=\"20\"><span class=\"versanumer\">20<\/span><\/a>Og Joktan gat Alm\u00f3dad, Salef, Hasarmavet, Jara,<a name=\"21\"><span class=\"versanumer\">21<\/span><\/a>Had\u00f3ram, \u00dasal, Dikla,<a name=\"22\"><span class=\"versanumer\">22<\/span><\/a>Ebal, Ab\u00edmael, S\u00e9ba,<a name=\"23\"><span class=\"versanumer\">23<\/span><\/a>\u00d3f\u00edr, Hav\u00edla og J\u00f3bab. \u00deessir allir voru synir Joktans.<a name=\"24\"><span class=\"versanumer\">24<\/span><\/a>Sem, Arpaksad, Sela,<a name=\"25\"><span class=\"versanumer\">25<\/span><\/a>Eber, Peleg, Re\u00fa,<a name=\"26\"><span class=\"versanumer\">26<\/span><\/a>Ser\u00fag, Nahor, Tara,<a name=\"27\"><span class=\"versanumer\">27<\/span><\/a>Abram, \u00fea\u00f0 er Abraham.<a name=\"28\"><span class=\"versanumer\">28<\/span><\/a>Synir Abrahams: \u00cdsak og \u00cdsmael.<a name=\"29\"><span class=\"versanumer\">29<\/span><\/a>\u00deetta er \u00e6ttartal \u00feeirra: Nebaj\u00f3t var frumgetinn sonur \u00cdsmaels, \u00fe\u00e1 Kedar, Adbeel, M\u00edbsam,<a name=\"30\"><span class=\"versanumer\">30<\/span><\/a>Misma, D\u00fama, Massa, Hadad, Tema,<a name=\"31\"><span class=\"versanumer\">31<\/span><\/a>Jet\u00far, Nafis og Kedma. \u00deessir voru synir \u00cdsmaels.<a name=\"32\"><span class=\"versanumer\">32<\/span><\/a>Synir Ket\u00faru, hj\u00e1konu Abrahams: H\u00fan \u00f3l S\u00edmran, Joksan, Medan, Mid\u00edan, J\u00edsbak og S\u00faa. Og synir Joksans voru: S\u00e9ba og Dedan.<a name=\"33\"><span class=\"versanumer\">33<\/span><\/a>Og synir Mid\u00edans: Efa, Efer, Hanok, Ab\u00edda og Eldaa. Allir \u00feessir voru ni\u00f0jar Ket\u00faru.<a name=\"34\"><span class=\"versanumer\">34<\/span><\/a>Abraham gat \u00cdsak. Synir \u00cdsaks voru Esa\u00fa og \u00cdsrael.<a name=\"35\"><span class=\"versanumer\">35<\/span><\/a>Synir Esa\u00fa: El\u00edfas, Reg\u00fael, Jeh\u00fas, Jaelam og K\u00f3ra.<a name=\"36\"><span class=\"versanumer\">36<\/span><\/a>Synir El\u00edfas voru: Teman, \u00d3mar, Sef\u00ed, Gaetam, Kenas, Timna og Amalek.<a name=\"37\"><span class=\"versanumer\">37<\/span><\/a>Synir Reg\u00faels voru: Nahat, Sera, Samma og Missa.<a name=\"38\"><span class=\"versanumer\">38<\/span><\/a>Og synir Se\u00edrs: L\u00f3tan, S\u00f3bal, S\u00edbeon, Ana, D\u00edson, Eser og D\u00edsan.<a name=\"39\"><span class=\"versanumer\">39<\/span><\/a>Og synir L\u00f3tans: H\u00f3r\u00ed og H\u00f3mam, og systir L\u00f3tans var Timna.<a name=\"40\"><span class=\"versanumer\">40<\/span><\/a>Synir S\u00f3bals voru: Aljan, Manahat, Ebal, Sef\u00ed og \u00d3nam. Og synir S\u00edbeons: Aja og Ana.<a name=\"41\"><span class=\"versanumer\">41<\/span><\/a>Sonur Ana: D\u00edson. Og synir D\u00edsons: Hamran, Esban, J\u00edtran og Keran.<a name=\"42\"><span class=\"versanumer\">42<\/span><\/a>Synir Esers voru: B\u00edlhan, Saavan og Jaakan. Synir D\u00edsans voru: \u00das og Aran.<a name=\"43\"><span class=\"versanumer\">43<\/span><\/a>\u00deessir eru \u00feeir konungar, sem r\u00edktu \u00ed Ed\u00f3mlandi, \u00e1\u00f0ur en konungar r\u00edktu yfir \u00cdsraelsm\u00f6nnum: Bela, sonur Be\u00f3rs, og h\u00e9t borg hans D\u00ednhaba.<a name=\"44\"><span class=\"versanumer\">44<\/span><\/a>Og er Bela d\u00f3, t\u00f3k J\u00f3bab, sonur Sera fr\u00e1 Bosra, r\u00edki eftir hann.<a name=\"45\"><span class=\"versanumer\">45<\/span><\/a>Og er J\u00f3bab d\u00f3, t\u00f3k H\u00fasam fr\u00e1 Teman\u00edtalandi r\u00edki eftir hann.<a name=\"46\"><span class=\"versanumer\">46<\/span><\/a>Og er H\u00fasam d\u00f3, t\u00f3k Hadad sonur Bedads r\u00edki eftir hann. Hann vann sigur \u00e1 Mid\u00edan\u00edtum \u00e1 M\u00f3absv\u00f6llum, og borg hans h\u00e9t Av\u00edt.<a name=\"47\"><span class=\"versanumer\">47<\/span><\/a>Og er Hadad d\u00f3, t\u00f3k Samla fr\u00e1 Masreka r\u00edki eftir hann.<a name=\"48\"><span class=\"versanumer\">48<\/span><\/a>Og er Samla d\u00f3, t\u00f3k S\u00e1l fr\u00e1 Reh\u00f3b\u00f3t hj\u00e1 Flj\u00f3tinu r\u00edki eftir hann.<a name=\"49\"><span class=\"versanumer\">49<\/span><\/a>Og er S\u00e1l d\u00f3, t\u00f3k Baal Hanan, sonur Akb\u00f3rs, r\u00edki eftir hann.<a name=\"50\"><span class=\"versanumer\">50<\/span><\/a>Og er Baal Hanan d\u00f3, t\u00f3k Hadad r\u00edki eftir hann, og h\u00e9t borg hans Pag\u00ed, en kona hans Mehetabeel, d\u00f3ttir Madredar, d\u00f3ttur Me-Sahabs.<a name=\"51\"><span class=\"versanumer\">51<\/span><\/a>Og Hadad d\u00f3. Og h\u00f6f\u00f0ingjar Ed\u00f3m\u00edta voru: h\u00f6f\u00f0inginn Timna, h\u00f6f\u00f0inginn Alva, h\u00f6f\u00f0inginn Jetet,<a name=\"52\"><span class=\"versanumer\">52<\/span><\/a>h\u00f6f\u00f0inginn Ohol\u00edbama, h\u00f6f\u00f0inginn Ela, h\u00f6f\u00f0inginn P\u00ednon,<a name=\"53\"><span class=\"versanumer\">53<\/span><\/a>h\u00f6f\u00f0inginn Kenas, h\u00f6f\u00f0inginn Teman, h\u00f6f\u00f0inginn Mibsar,<a name=\"54\"><span class=\"versanumer\">54<\/span><\/a>h\u00f6f\u00f0inginn Magd\u00edel, h\u00f6f\u00f0inginn \u00cdram. \u00deessir voru h\u00f6f\u00f0ingjar Ed\u00f3m\u00edta.<\/p>\n<div class=\"footnote1981\"><b>1.1-4<\/b> 1M\u00f3s 5<br \/>\n<b>1.5-7<\/b> 1M\u00f3s 10.2-4<br \/>\n<b>1.8-16<\/b> 1M\u00f3s 10.6-18<br \/>\n<b>1.17-23<\/b> 1M\u00f3s 10.22-29<br \/>\n<b>1.24-27<\/b> 1M\u00f3s 11.10-26<br \/>\n<b>1.28-31<\/b> 1M\u00f3s 25.13-16<br \/>\n<b>1.32-33<\/b> 1M\u00f3s 25.1-4<br \/>\n<b>1.34<\/b> 1M\u00f3s 25.19-26<br \/>\n<b>1.35-37<\/b> 1M\u00f3s 36.10-13,15-17<br \/>\n<b>1.38-42<\/b> 1M\u00f3s 36.20-28<br \/>\n<b>1.43-54<\/b> 1M\u00f3s 36.34-43<\/div>\n","protected":false},"excerpt":{"rendered":"<p>1Adam, Set, Enos.2Kenan, Mahalalel, Jared.3Henok, Meth\u00fasala, Lamek.4N\u00f3i, Sem, Kam og Jafet.5Synir Jafets voru: G\u00f3mer, Mag\u00f3g, Mada\u00ed, Javan, T\u00fabal, Mesek og T\u00edras.6Synir G\u00f3mers: Askenas, R\u00edfat og T\u00f3garma.7Synir Javans: El\u00edsa, Tarsis, Kittar og R\u00f3dan\u00edtar.8Synir Kams: K\u00fas, M\u00edsra\u00edm, P\u00fat og Kanaan.9Synir K\u00fass: Seba, Hav\u00edla, Sabta, Raema og Sabteka. Og synir Raema: S\u00e9ba og Dedan.10Og K\u00fas gat Nimrod. Hann t\u00f3k a\u00f0 gj\u00f6rast voldugur \u00e1 j\u00f6r\u00f0inni.11M\u00edsra\u00edm gat L\u00fad\u00edta, Anam\u00edta, Lehab\u00edta, Naft\u00fak\u00edta,12Patr\u00fas\u00edta, Kasl\u00fak\u00edta \u00fea\u00f0an eru komnir Filistar og Kaft\u00f3r\u00edta.13Kanaan gat S\u00eddon, frumgetning sinn, og Het,14og Jeb\u00fas\u00edta, Amor\u00edta, G\u00edrgas\u00edta,15Hev\u00edta, Ark\u00edta, S\u00edn\u00edta,16Arvad\u00edta, Semar\u00edta og Hamat\u00edta.17Synir Sems: Elam, Ass\u00far, Arpaksad, L\u00fad, Aram, \u00das, H\u00fal, Geter og Mas.18Og Arpaksad gat <a href=\"https:\/\/biblian.is\/1981\/fyrri-kronikubok-1-kafli\/\"> [&#8230;]<\/a><\/p>\n","protected":false},"author":1,"featured_media":0,"parent":0,"menu_order":0,"comment_status":"open","ping_status":"open","template":"bibliukaflar.php","meta":{"footnotes":""},"class_list":["post-1685","page","type-page","status-publish","hentry"],"_links":{"self":[{"href":"https:\/\/biblian.is\/1981\/wp-json\/wp\/v2\/pages\/1685","targetHints":{"allow":["GET"]}}],"collection":[{"href":"https:\/\/biblian.is\/1981\/wp-json\/wp\/v2\/pages"}],"about":[{"href":"https:\/\/biblian.is\/1981\/wp-json\/wp\/v2\/types\/page"}],"author":[{"embeddable":true,"href":"https:\/\/biblian.is\/1981\/wp-json\/wp\/v2\/users\/1"}],"replies":[{"embeddable":true,"href":"https:\/\/biblian.is\/1981\/wp-json\/wp\/v2\/comments?post=1685"}],"version-history":[{"count":0,"href":"https:\/\/biblian.is\/1981\/wp-json\/wp\/v2\/pages\/1685\/revisions"}],"wp:attachment":[{"href":"https:\/\/biblian.is\/1981\/wp-json\/wp\/v2\/media?parent=1685"}],"curies":[{"name":"wp","href":"https:\/\/api.w.org\/{rel}","templated":true}]}}