{"id":1684,"date":"2017-11-18T20:18:13","date_gmt":"2017-11-18T20:18:13","guid":{"rendered":"http:\/\/biblian.is\/1981\/sidari-konungabok-25-kafli\/"},"modified":"2021-06-06T11:10:24","modified_gmt":"2021-06-06T11:10:24","slug":"sidari-konungabok-25-kafli","status":"publish","type":"page","link":"https:\/\/biblian.is\/1981\/sidari-konungabok-25-kafli\/","title":{"rendered":"S\u00ed\u00f0ari konungab\u00f3k 25. kafli"},"content":{"rendered":"<p><a name=\"1\"><span class=\"versanumer\">1<\/span><\/a>\u00c1 n\u00edunda r\u00edkis\u00e1ri Sedek\u00eda, \u00e1 t\u00edunda degi hins t\u00edunda m\u00e1na\u00f0ar, kom Neb\u00fakadnesar Babelkonungur me\u00f0 allan sinn her til Jer\u00fasalem og settist um hana, og \u00feeir reistu hervirki hringinn \u00ed kringum hana.<a name=\"2\"><span class=\"versanumer\">2<\/span><\/a>Var\u00f0 borgin \u00feannig \u00ed ums\u00e1tri fram \u00e1 ellefta r\u00edkis\u00e1r Sedek\u00eda konungs.<a name=\"3\"><span class=\"versanumer\">3<\/span><\/a>\u00cd fj\u00f3r\u00f0a m\u00e1nu\u00f0inum, \u00e1 n\u00edunda degi m\u00e1na\u00f0arins, er hungri\u00f0 t\u00f3k a\u00f0 sverfa a\u00f0 borginni og landsl\u00fd\u00f0ur var or\u00f0inn vistalaus,<a name=\"4\"><span class=\"versanumer\">4<\/span><\/a>\u00fe\u00e1 var broti\u00f0 skar\u00f0 inn \u00ed borgina. Og konungur og allir hermennirnir fl\u00fd\u00f0u um n\u00f3ttina gegnum hli\u00f0i\u00f0 milli beggja m\u00faranna, sem er hj\u00e1 konungsgar\u00f0inum, \u00fe\u00f3tt Kaldear umkringdu borgina. Konungur h\u00e9lt lei\u00f0ina til sl\u00e9ttlendisins,<a name=\"5\"><span class=\"versanumer\">5<\/span><\/a>en her Kaldea veitti honum eftirf\u00f6r og n\u00e1\u00f0i honum \u00e1 Jer\u00edk\u00f3v\u00f6llum, er allur her hans haf\u00f0i tv\u00edstrast burt fr\u00e1 honum.<a name=\"6\"><span class=\"versanumer\">6<\/span><\/a>T\u00f3ku \u00feeir konung h\u00f6ndum og fluttu hann til Ribla til Babelkonungs. Hann kva\u00f0 upp d\u00f3m hans.<a name=\"7\"><span class=\"versanumer\">7<\/span><\/a>Dr\u00e1pu \u00feeir sonu Sedek\u00eda fyrir augum hans, en Sedek\u00eda l\u00e9t hann blinda og binda eirfj\u00f6trum. S\u00ed\u00f0an fluttu \u00feeir hann til Bab\u00fdlon.<a name=\"8\"><span class=\"versanumer\">8<\/span><\/a>\u00cd fimmta m\u00e1nu\u00f0i, \u00e1 sj\u00f6unda degi m\u00e1na\u00f0arins \u00fea\u00f0 er \u00e1 n\u00edtj\u00e1nda r\u00edkis\u00e1ri Neb\u00fakadnesars Babelkonungs kom Neb\u00fasaradan l\u00edfvar\u00f0arforingi, vildar\u00fej\u00f3nn Babelkonungs, til Jer\u00fasalem<a name=\"9\"><span class=\"versanumer\">9<\/span><\/a>og brenndi musteri Drottins og konungsh\u00f6llina og \u00f6ll h\u00fas \u00ed Jer\u00fasalem, og \u00f6ll h\u00fas st\u00f3rmennanna brenndi hann \u00ed eldi.<a name=\"10\"><span class=\"versanumer\">10<\/span><\/a>En allur Kaldeaher, s\u00e1 er var me\u00f0 l\u00edfvar\u00f0arforingjanum, reif ni\u00f0ur m\u00farana umhverfis Jer\u00fasalem.<a name=\"11\"><span class=\"versanumer\">11<\/span><\/a>En leifar l\u00fd\u00f0sins \u00fe\u00e1 er eftir voru \u00ed borginni og li\u00f0hlaupana, \u00fe\u00e1 er hlaupist h\u00f6f\u00f0u \u00ed li\u00f0 me\u00f0 Babelkonungi og \u00fe\u00e1 sem eftir voru af i\u00f0na\u00f0arm\u00f6nnum, herleiddi Neb\u00fasaradan l\u00edfvar\u00f0arforingi til Bab\u00fdlon.<a name=\"12\"><span class=\"versanumer\">12<\/span><\/a>En af alm\u00faga landsins l\u00e9t l\u00edfvar\u00f0arforinginn nokkra ver\u00f0a eftir sem v\u00edngar\u00f0smenn og akurkarla.<a name=\"13\"><span class=\"versanumer\">13<\/span><\/a>Eirs\u00falurnar, er voru hj\u00e1 musteri Drottins, og vagna kerlauganna og eirhafi\u00f0, er voru \u00ed musteri Drottins, brutu Kaldear sundur og fluttu eirinn til Bab\u00fdlon.<a name=\"14\"><span class=\"versanumer\">14<\/span><\/a>Og katlana, eldspa\u00f0ana, skarb\u00edtana, bollana og \u00f6ll eir\u00e1h\u00f6ldin, er notu\u00f0 voru vi\u00f0 gu\u00f0s\u00fej\u00f3nustuna, t\u00f3ku \u00feeir.<a name=\"15\"><span class=\"versanumer\">15<\/span><\/a>\u00de\u00e1 t\u00f3k og l\u00edfvar\u00f0arforinginn eldp\u00f6nnurnar og f\u00f3rnarsk\u00e1larnar allt sem var af gulli og silfri.<a name=\"16\"><span class=\"versanumer\">16<\/span><\/a>S\u00falurnar tv\u00e6r, hafi\u00f0 og vagnana, er Sal\u00f3mon haf\u00f0i gj\u00f6ra l\u00e1ti\u00f0 \u00ed musteri Drottins eirinn \u00far \u00f6llum \u00feessum \u00e1h\u00f6ldum var\u00f0 eigi veginn.<a name=\"17\"><span class=\"versanumer\">17<\/span><\/a>\u00d6nnur s\u00falan var \u00e1tj\u00e1n \u00e1lnir \u00e1 h\u00e6\u00f0, og eirh\u00f6fu\u00f0 var ofan \u00e1 henni, og h\u00f6fu\u00f0i\u00f0 var fimm \u00e1lnir \u00e1 h\u00e6\u00f0, og ri\u00f0i\u00f0 net og granatepli voru umhverfis h\u00f6fu\u00f0i\u00f0, allt af eiri, og eins var \u00e1 ri\u00f0na netinu \u00e1 hinni s\u00falunni.<a name=\"18\"><span class=\"versanumer\">18<\/span><\/a>Og l\u00edfvar\u00f0arforinginn t\u00f3k Seraja h\u00f6fu\u00f0prest og Sefan\u00eda annan prest og dyraver\u00f0ina \u00ferj\u00e1.<a name=\"19\"><span class=\"versanumer\">19<\/span><\/a>Og \u00far borginni t\u00f3k hann hir\u00f0mann einn, er skipa\u00f0ur var yfir hermennina, og fimm menn af \u00feeim, er daglega litu auglit konungs, er fundust \u00ed borginni, og ritara hersh\u00f6f\u00f0ingjans, \u00feess er bau\u00f0 \u00fat landsl\u00fd\u00f0num, og sext\u00edu manns af sveitaf\u00f3lki, \u00fev\u00ed er fannst \u00ed borginni<a name=\"20\"><span class=\"versanumer\">20<\/span><\/a>\u00fe\u00e1 t\u00f3k Neb\u00fasaradan l\u00edfvar\u00f0arforingi og flutti \u00fe\u00e1 til Ribla til Babelkonungs.<a name=\"21\"><span class=\"versanumer\">21<\/span><\/a>En Babelkonungur l\u00e9t drepa \u00fe\u00e1 \u00ed Ribla \u00ed Hamath\u00e9ra\u00f0i. \u00deannig var J\u00fada herleiddur \u00far landi s\u00ednu.<a name=\"22\"><span class=\"versanumer\">22<\/span><\/a>Yfir l\u00fd\u00f0inn, sem eftir var\u00f0 \u00ed J\u00fada, \u00feann er Neb\u00fakadnesar Babelkonungur l\u00e9t \u00fear eftir ver\u00f0a, yfir \u00fe\u00e1 setti hann Gedalja, son Ah\u00edkams Safanssonar.<a name=\"23\"><span class=\"versanumer\">23<\/span><\/a>Og er allir hersh\u00f6f\u00f0ingjarnir og menn \u00feeirra fr\u00e9ttu, a\u00f0 Babelkonungur hef\u00f0i skipa\u00f0 Gedalja landstj\u00f3ra, f\u00f3ru \u00feeir til Mispa \u00e1 fund Gedalja, \u00feeir \u00cdsmael Netanjason, J\u00f3hanan Kareason, Seraja Tanh\u00fametsson fr\u00e1 Net\u00f3fa og Jaasanja fr\u00e1 Maaka \u00e1samt m\u00f6nnum s\u00ednum.<a name=\"24\"><span class=\"versanumer\">24<\/span><\/a>Vann Gedalja \u00feeim ei\u00f0 og m\u00f6nnum \u00feeirra og sag\u00f0i vi\u00f0 \u00fe\u00e1: \u00d3ttist eigi Kaldea. Veri\u00f0 kyrrir \u00ed landinu og \u00fej\u00f3ni\u00f0 Babelkonungi, og mun y\u00f0ur vel vegna.<a name=\"25\"><span class=\"versanumer\">25<\/span><\/a>En \u00e1 sj\u00f6unda m\u00e1nu\u00f0i kom \u00cdsmael Netanjason, El\u00edsamasonar, af konungs\u00e6ttinni, og t\u00edu menn me\u00f0 honum, og dr\u00e1pu Gedalja og \u00fe\u00e1 J\u00fadamenn og Kaldea, sem hj\u00e1 honum voru \u00ed Mispa.<a name=\"26\"><span class=\"versanumer\">26<\/span><\/a>\u00de\u00e1 t\u00f3k allur l\u00fd\u00f0urinn sig upp, b\u00e6\u00f0i sm\u00e1ir og st\u00f3rir, og hersh\u00f6f\u00f0ingjarnir og f\u00f3ru til Egyptalands, \u00fev\u00ed a\u00f0 \u00feeir voru hr\u00e6ddir vi\u00f0 Kaldea.<a name=\"27\"><span class=\"versanumer\">27<\/span><\/a>\u00c1 \u00fer\u00edtugasta og sj\u00f6unda \u00fatleg\u00f0ar\u00e1ri J\u00f3jak\u00edns J\u00fadakonungs, \u00ed t\u00f3lfta m\u00e1nu\u00f0inum, tuttugasta og sj\u00f6unda dag m\u00e1na\u00f0arins, n\u00e1\u00f0a\u00f0i Ev\u00edl Mer\u00f3dak Babelkonungur, \u00e1ri\u00f0 sem hann kom til r\u00edkis, J\u00f3jak\u00edn J\u00fadakonung og t\u00f3k hann \u00far d\u00fdflissunni.<a name=\"28\"><span class=\"versanumer\">28<\/span><\/a>Og hann tala\u00f0i vingjarnlega vi\u00f0 hann og setti st\u00f3l hans ofar st\u00f3lum hinna konunganna, sem hj\u00e1 honum voru \u00ed Bab\u00fdlon.<a name=\"29\"><span class=\"versanumer\">29<\/span><\/a>Og J\u00f3jak\u00edn f\u00f3r \u00far bandingjaf\u00f6tum s\u00ednum og bor\u00f0a\u00f0i st\u00f6\u00f0uglega me\u00f0 konungi me\u00f0an hann lif\u00f0i.<a name=\"30\"><span class=\"versanumer\">30<\/span><\/a>En uppeldi hans hi\u00f0 st\u00f6\u00f0uga uppeldi var honum veitt af konungi, \u00fea\u00f0 er hann \u00feurfti \u00e1 degi hverjum, alla \u00e6vi hans.<\/p>\n<div class=\"footnote1981\"><b>25.1<\/b> Seti\u00f0 um Jer\u00fasalem Jer 21.1-10; 34.1-5; Esk 4.1-3; 24.1-2<br \/>\n<b>25.7<\/b> Sedek\u00eda refsa\u00f0 Esk 12.13<br \/>\n<b>25.8<\/b> Borgin tekin Esk 33.21<br \/>\n<b>25.9<\/b> Musteri\u00f0 brennt 1Kon 9.8<br \/>\n<b>25.11<\/b> Herlei\u00f0ing 2Kon 15.29+<br \/>\n<b>25.24<\/b> Ykkur mun vegna vel 2Kon 18.31-32<\/div>\n","protected":false},"excerpt":{"rendered":"<p>1\u00c1 n\u00edunda r\u00edkis\u00e1ri Sedek\u00eda, \u00e1 t\u00edunda degi hins t\u00edunda m\u00e1na\u00f0ar, kom Neb\u00fakadnesar Babelkonungur me\u00f0 allan sinn her til Jer\u00fasalem og settist um hana, og \u00feeir reistu hervirki hringinn \u00ed kringum hana.2Var\u00f0 borgin \u00feannig \u00ed ums\u00e1tri fram \u00e1 ellefta r\u00edkis\u00e1r Sedek\u00eda konungs.3\u00cd fj\u00f3r\u00f0a m\u00e1nu\u00f0inum, \u00e1 n\u00edunda degi m\u00e1na\u00f0arins, er hungri\u00f0 t\u00f3k a\u00f0 sverfa a\u00f0 borginni og landsl\u00fd\u00f0ur var or\u00f0inn vistalaus,4\u00fe\u00e1 var broti\u00f0 skar\u00f0 inn \u00ed borgina. Og konungur og allir hermennirnir fl\u00fd\u00f0u um n\u00f3ttina gegnum hli\u00f0i\u00f0 milli beggja m\u00faranna, sem er hj\u00e1 konungsgar\u00f0inum, \u00fe\u00f3tt Kaldear umkringdu borgina. Konungur h\u00e9lt lei\u00f0ina til sl\u00e9ttlendisins,5en her Kaldea veitti honum eftirf\u00f6r og n\u00e1\u00f0i honum \u00e1 <a href=\"https:\/\/biblian.is\/1981\/sidari-konungabok-25-kafli\/\"> [&#8230;]<\/a><\/p>\n","protected":false},"author":1,"featured_media":0,"parent":0,"menu_order":0,"comment_status":"open","ping_status":"open","template":"bibliukaflar.php","meta":{"footnotes":""},"class_list":["post-1684","page","type-page","status-publish","hentry"],"_links":{"self":[{"href":"https:\/\/biblian.is\/1981\/wp-json\/wp\/v2\/pages\/1684","targetHints":{"allow":["GET"]}}],"collection":[{"href":"https:\/\/biblian.is\/1981\/wp-json\/wp\/v2\/pages"}],"about":[{"href":"https:\/\/biblian.is\/1981\/wp-json\/wp\/v2\/types\/page"}],"author":[{"embeddable":true,"href":"https:\/\/biblian.is\/1981\/wp-json\/wp\/v2\/users\/1"}],"replies":[{"embeddable":true,"href":"https:\/\/biblian.is\/1981\/wp-json\/wp\/v2\/comments?post=1684"}],"version-history":[{"count":0,"href":"https:\/\/biblian.is\/1981\/wp-json\/wp\/v2\/pages\/1684\/revisions"}],"wp:attachment":[{"href":"https:\/\/biblian.is\/1981\/wp-json\/wp\/v2\/media?parent=1684"}],"curies":[{"name":"wp","href":"https:\/\/api.w.org\/{rel}","templated":true}]}}