{"id":1683,"date":"2017-11-18T20:18:13","date_gmt":"2017-11-18T20:18:13","guid":{"rendered":"http:\/\/biblian.is\/1981\/sidari-konungabok-24-kafli\/"},"modified":"2021-06-06T11:10:24","modified_gmt":"2021-06-06T11:10:24","slug":"sidari-konungabok-24-kafli","status":"publish","type":"page","link":"https:\/\/biblian.is\/1981\/sidari-konungabok-24-kafli\/","title":{"rendered":"S\u00ed\u00f0ari konungab\u00f3k 24. kafli"},"content":{"rendered":"<p><a name=\"1\"><span class=\"versanumer\">1<\/span><\/a>\u00c1 hans d\u00f6gum f\u00f3r Neb\u00fakadnesar konungur \u00ed Bab\u00fdlon herf\u00f6r \u00feanga\u00f0, og var\u00f0 J\u00f3jak\u00edm honum l\u00fd\u00f0skyldur \u00ed \u00ferj\u00fa \u00e1r. S\u00ed\u00f0an br\u00e1 hann tr\u00fana\u00f0i vi\u00f0 hann.<a name=\"2\"><span class=\"versanumer\">2<\/span><\/a>\u00de\u00e1 sendi Drottinn \u00ed m\u00f3ti J\u00f3jak\u00edm r\u00e1nsflokka Kaldea, r\u00e1nsflokka S\u00fdrlendinga, r\u00e1nsflokka M\u00f3ab\u00edta og r\u00e1nsflokka Amm\u00f3n\u00edta. Hann sendi \u00fe\u00e1 gegn J\u00fada til \u00feess a\u00f0 ey\u00f0a landi\u00f0 samkv\u00e6mt or\u00f0i Drottins, \u00fev\u00ed er hann haf\u00f0i tala\u00f0 fyrir munn \u00fej\u00f3na sinna, sp\u00e1mannanna.<a name=\"3\"><span class=\"versanumer\">3<\/span><\/a>A\u00f0 bo\u00f0i Drottins f\u00f3r svo fyrir J\u00fada, til \u00feess a\u00f0 hann g\u00e6ti reki\u00f0 \u00fe\u00e1 burt fr\u00e1 augliti s\u00ednu sakir synda Manasse samkv\u00e6mt \u00f6llu \u00fev\u00ed, er hann haf\u00f0i gj\u00f6rt,<a name=\"4\"><span class=\"versanumer\">4<\/span><\/a>svo og sakir \u00feess saklausa bl\u00f3\u00f0s, er hann haf\u00f0i \u00fathellt, svo a\u00f0 hann fyllti Jer\u00fasalem saklausu bl\u00f3\u00f0i \u00fea\u00f0 vildi Drottinn ekki fyrirgefa.<a name=\"5\"><span class=\"versanumer\">5<\/span><\/a>\u00dea\u00f0 sem meira er a\u00f0 segja um J\u00f3jak\u00edm og allt, sem hann gj\u00f6r\u00f0i, \u00fea\u00f0 er rita\u00f0 \u00ed \u00c1rb\u00f3kum J\u00fadakonunga.<a name=\"6\"><span class=\"versanumer\">6<\/span><\/a>Og J\u00f3jak\u00edm lag\u00f0ist til hv\u00edldar hj\u00e1 fe\u00f0rum s\u00ednum, og J\u00f3jak\u00edn sonur hans t\u00f3k r\u00edki eftir hann.<a name=\"7\"><span class=\"versanumer\">7<\/span><\/a>En Egyptalandskonungur f\u00f3r enga herf\u00f6r framar \u00far landi s\u00ednu, \u00fev\u00ed a\u00f0 konungurinn \u00ed Bab\u00fdlon haf\u00f0i unni\u00f0 land allt fr\u00e1 Egyptalands\u00e1 a\u00f0 Efratflj\u00f3ti, \u00fea\u00f0 er legi\u00f0 haf\u00f0i undir Egyptalandskonung.<a name=\"8\"><span class=\"versanumer\">8<\/span><\/a>J\u00f3jak\u00edn var \u00e1tj\u00e1n \u00e1ra gamall, \u00fe\u00e1 er hann var\u00f0 konungur, og \u00ferj\u00e1 m\u00e1nu\u00f0i r\u00edkti hann \u00ed Jer\u00fasalem. M\u00f3\u00f0ir hans h\u00e9t Neh\u00fasta Elnatansd\u00f3ttir og var fr\u00e1 Jer\u00fasalem.<a name=\"9\"><span class=\"versanumer\">9<\/span><\/a>Hann gj\u00f6r\u00f0i \u00fea\u00f0, sem illt var \u00ed augum Drottins, me\u00f0 \u00f6llu svo sem gj\u00f6rt haf\u00f0i fa\u00f0ir hans.<a name=\"10\"><span class=\"versanumer\">10<\/span><\/a>Um \u00fe\u00e6r mundir f\u00f3ru \u00fej\u00f3nar Neb\u00fakadnesars, konungs \u00ed Bab\u00fdlon, herf\u00f6r til Jer\u00fasalem, og var\u00f0 borgin \u00ed ums\u00e1tri.<a name=\"11\"><span class=\"versanumer\">11<\/span><\/a>Og Neb\u00fakadnesar Babelkonungur kom sj\u00e1lfur til borgarinnar, \u00fe\u00e1 er \u00fej\u00f3nar hans s\u00e1tu um hana.<a name=\"12\"><span class=\"versanumer\">12<\/span><\/a>Gekk \u00fe\u00e1 J\u00f3jak\u00edn J\u00fadakonungur \u00fat \u00e1 m\u00f3ti Babelkonungi \u00e1samt m\u00f3\u00f0ur sinni, \u00fej\u00f3num s\u00ednum, herforingjum og hir\u00f0m\u00f6nnum, og Babelkonungur t\u00f3k hann h\u00f6ndum \u00e1 \u00e1ttunda r\u00edkisstj\u00f3rnar\u00e1ri hans.<a name=\"13\"><span class=\"versanumer\">13<\/span><\/a>Og hann flutti \u00fea\u00f0an alla fj\u00e1rsj\u00f3\u00f0u musteris Drottins og fj\u00e1rsj\u00f3\u00f0u konungshallarinnar og t\u00f3k gulli\u00f0 af \u00f6llum \u00e1h\u00f6ldum, er Sal\u00f3mon \u00cdsraelskonungur haf\u00f0i gj\u00f6ra l\u00e1ti\u00f0 \u00ed musteri Drottins, eins og Drottinn haf\u00f0i sagt.<a name=\"14\"><span class=\"versanumer\">14<\/span><\/a>Og Neb\u00fakadnesar herleiddi alla Jer\u00fasalem og alla h\u00f6f\u00f0ingja og alla vopnf\u00e6ra menn, t\u00edu \u00fe\u00fasund a\u00f0 t\u00f6lu, svo og alla tr\u00e9smi\u00f0i og j\u00e1rnsmi\u00f0i. Ekkert var eftir skili\u00f0 nema alm\u00fagaf\u00f3lk landsins.<a name=\"15\"><span class=\"versanumer\">15<\/span><\/a>Og hann herleiddi J\u00f3jak\u00edn til Bab\u00fdlon. Og konungsm\u00f3\u00f0ur og konur konungsins og hir\u00f0menn hans og h\u00f6f\u00f0ingja landsins herleiddi hann og fr\u00e1 Jer\u00fasalem til Bab\u00fdlon.<a name=\"16\"><span class=\"versanumer\">16<\/span><\/a>Svo og alla vopnf\u00e6ra menn, sj\u00f6 \u00fe\u00fasund a\u00f0 t\u00f6lu, og tr\u00e9smi\u00f0i og j\u00e1rnsmi\u00f0i, \u00fe\u00fasund a\u00f0 t\u00f6lu, er allir voru hraustir hermenn, \u00fe\u00e1 herleiddi Neb\u00fakadnesar til Bab\u00fdlon.<a name=\"17\"><span class=\"versanumer\">17<\/span><\/a>Og konungurinn \u00ed Bab\u00fdlon skipa\u00f0i Mattanja f\u00f6\u00f0urbr\u00f3\u00f0ur J\u00f3jak\u00edns konung \u00ed hans sta\u00f0 og breytti nafni hans \u00ed Sedek\u00eda.<a name=\"18\"><span class=\"versanumer\">18<\/span><\/a>Sedek\u00eda var tuttugu og eins \u00e1rs a\u00f0 aldri, \u00fe\u00e1 er hann var\u00f0 konungur, og ellefu \u00e1r r\u00edkti hann \u00ed Jer\u00fasalem. M\u00f3\u00f0ir hans h\u00e9t Ham\u00fatal Jerem\u00edad\u00f3ttir og var fr\u00e1 L\u00edbna.<a name=\"19\"><span class=\"versanumer\">19<\/span><\/a>Hann gj\u00f6r\u00f0i \u00fea\u00f0, sem illt var \u00ed augum Drottins, me\u00f0 \u00f6llu svo sem gj\u00f6rt haf\u00f0i J\u00f3jak\u00edm.<a name=\"20\"><span class=\"versanumer\">20<\/span><\/a>Vegna rei\u00f0i Drottins f\u00f3r svo fyrir Jer\u00fasalem og J\u00fada, uns hann haf\u00f0i burtsnara\u00f0 \u00feeim fr\u00e1 augliti s\u00ednu. En Sedek\u00eda br\u00e1 tr\u00fana\u00f0i vi\u00f0 Babelkonung.<\/p>\n<div class=\"footnote1981\"><b>24.1<\/b> Neb\u00fakadnesar Jer 24.1; 25.1; 29.1; 32.1; 34.1; Dan 1.1-2; 2-4<br \/>\n<b>24.2<\/b> R\u00e6ningjaflokka 2Kon 6.23+<br \/>\n<b>24.12<\/b> Uppgj\u00f6f J\u00f3jak\u00edns Jer 22.24-30<br \/>\n<b>24.14<\/b> Herlei\u00f0ing 2Kon 15.29+<br \/>\n<b>24.17<\/b> Sedek\u00eda Jer 37.1; Esk 17.5-6,13-14<br \/>\n<b>24.20<\/b> Uppreisn Sedek\u00eda Esk 17.7-8,15<\/div>\n","protected":false},"excerpt":{"rendered":"<p>1\u00c1 hans d\u00f6gum f\u00f3r Neb\u00fakadnesar konungur \u00ed Bab\u00fdlon herf\u00f6r \u00feanga\u00f0, og var\u00f0 J\u00f3jak\u00edm honum l\u00fd\u00f0skyldur \u00ed \u00ferj\u00fa \u00e1r. S\u00ed\u00f0an br\u00e1 hann tr\u00fana\u00f0i vi\u00f0 hann.2\u00de\u00e1 sendi Drottinn \u00ed m\u00f3ti J\u00f3jak\u00edm r\u00e1nsflokka Kaldea, r\u00e1nsflokka S\u00fdrlendinga, r\u00e1nsflokka M\u00f3ab\u00edta og r\u00e1nsflokka Amm\u00f3n\u00edta. Hann sendi \u00fe\u00e1 gegn J\u00fada til \u00feess a\u00f0 ey\u00f0a landi\u00f0 samkv\u00e6mt or\u00f0i Drottins, \u00fev\u00ed er hann haf\u00f0i tala\u00f0 fyrir munn \u00fej\u00f3na sinna, sp\u00e1mannanna.3A\u00f0 bo\u00f0i Drottins f\u00f3r svo fyrir J\u00fada, til \u00feess a\u00f0 hann g\u00e6ti reki\u00f0 \u00fe\u00e1 burt fr\u00e1 augliti s\u00ednu sakir synda Manasse samkv\u00e6mt \u00f6llu \u00fev\u00ed, er hann haf\u00f0i gj\u00f6rt,4svo og sakir \u00feess saklausa bl\u00f3\u00f0s, er hann haf\u00f0i \u00fathellt, svo a\u00f0 hann <a href=\"https:\/\/biblian.is\/1981\/sidari-konungabok-24-kafli\/\"> [&#8230;]<\/a><\/p>\n","protected":false},"author":1,"featured_media":0,"parent":0,"menu_order":0,"comment_status":"open","ping_status":"open","template":"bibliukaflar.php","meta":{"footnotes":""},"class_list":["post-1683","page","type-page","status-publish","hentry"],"_links":{"self":[{"href":"https:\/\/biblian.is\/1981\/wp-json\/wp\/v2\/pages\/1683","targetHints":{"allow":["GET"]}}],"collection":[{"href":"https:\/\/biblian.is\/1981\/wp-json\/wp\/v2\/pages"}],"about":[{"href":"https:\/\/biblian.is\/1981\/wp-json\/wp\/v2\/types\/page"}],"author":[{"embeddable":true,"href":"https:\/\/biblian.is\/1981\/wp-json\/wp\/v2\/users\/1"}],"replies":[{"embeddable":true,"href":"https:\/\/biblian.is\/1981\/wp-json\/wp\/v2\/comments?post=1683"}],"version-history":[{"count":0,"href":"https:\/\/biblian.is\/1981\/wp-json\/wp\/v2\/pages\/1683\/revisions"}],"wp:attachment":[{"href":"https:\/\/biblian.is\/1981\/wp-json\/wp\/v2\/media?parent=1683"}],"curies":[{"name":"wp","href":"https:\/\/api.w.org\/{rel}","templated":true}]}}