{"id":1682,"date":"2017-11-18T20:18:13","date_gmt":"2017-11-18T20:18:13","guid":{"rendered":"http:\/\/biblian.is\/1981\/sidari-konungabok-23-kafli\/"},"modified":"2021-06-06T11:10:23","modified_gmt":"2021-06-06T11:10:23","slug":"sidari-konungabok-23-kafli","status":"publish","type":"page","link":"https:\/\/biblian.is\/1981\/sidari-konungabok-23-kafli\/","title":{"rendered":"S\u00ed\u00f0ari konungab\u00f3k 23. kafli"},"content":{"rendered":"<p><a name=\"1\"><span class=\"versanumer\">1<\/span><\/a>\u00de\u00e1 sendi konungur \u00fat menn til \u00feess a\u00f0 safna til s\u00edn \u00f6llum \u00f6ldungum \u00ed J\u00fada og Jer\u00fasalem.<a name=\"2\"><span class=\"versanumer\">2<\/span><\/a>Og konungur gekk upp \u00ed musteri Drottins og me\u00f0 honum allir J\u00fadamenn og Jer\u00fasalemb\u00faar, svo og prestarnir og sp\u00e1mennirnir og allur l\u00fd\u00f0urinn, b\u00e6\u00f0i ungir og gamlir, og hann las \u00ed \u00e1heyrn \u00feeirra \u00f6ll or\u00f0 s\u00e1ttm\u00e1lsb\u00f3karinnar, er fundist haf\u00f0i \u00ed musteri Drottins.<a name=\"3\"><span class=\"versanumer\">3<\/span><\/a>Og konungur gekk a\u00f0 s\u00falunni og gj\u00f6r\u00f0i \u00feann s\u00e1ttm\u00e1la frammi fyrir Drottni, a\u00f0 fylgja Drottni og var\u00f0veita skipanir hans, fyrirm\u00e6li og l\u00f6g af \u00f6llu hjarta og af allri s\u00e1lu til \u00feess a\u00f0 fulln\u00e6gja \u00feannig or\u00f0um s\u00e1ttm\u00e1la \u00feessa, \u00feau er ritu\u00f0 voru \u00ed \u00feessari b\u00f3k. Og allur l\u00fd\u00f0urinn gekkst undir s\u00e1ttm\u00e1lann.<a name=\"4\"><span class=\"versanumer\">4<\/span><\/a>S\u00ed\u00f0an bau\u00f0 konungur Hilk\u00eda \u00e6\u00f0sta presti og \u00f3\u00e6\u00f0ri prestunum og dyrav\u00f6r\u00f0unum a\u00f0 taka burt \u00far a\u00f0alh\u00fasi musteris Drottins \u00f6ll \u00e1h\u00f6ld, \u00feau er gj\u00f6r\u00f0 h\u00f6f\u00f0u veri\u00f0 handa Baal og As\u00e9ru og \u00f6llum himinsins her. Og hann l\u00e9t brenna \u00feau fyrir utan Jer\u00fasalem \u00e1 K\u00eddronv\u00f6llum, og askan af \u00feeim var flutt til Betel.<a name=\"5\"><span class=\"versanumer\">5<\/span><\/a>Hann rak og burt skur\u00f0go\u00f0aprestana, er J\u00fadakonungar h\u00f6f\u00f0u skipa\u00f0 og f\u00e6rt h\u00f6f\u00f0u reykelsisf\u00f3rnir \u00e1 f\u00f3rnarh\u00e6\u00f0unum \u00ed borgum J\u00fada og \u00ed grenndinni vi\u00f0 Jer\u00fasalem, svo og \u00fe\u00e1 er f\u00e6rt h\u00f6f\u00f0u Baal f\u00f3rnir og s\u00f3linni, tunglinu, stj\u00f6rnumerkjunum og \u00f6llum himinsins her.<a name=\"6\"><span class=\"versanumer\">6<\/span><\/a>Hann l\u00e9t flytja as\u00e9runa burt \u00far musteri Drottins, \u00fat fyrir Jer\u00fasalem, og brenndi hana \u00ed K\u00eddrondal, muldi hana mj\u00f6linu sm\u00e6rra og str\u00e1\u00f0i duftinu \u00e1 grafir m\u00fagamanna.<a name=\"7\"><span class=\"versanumer\">7<\/span><\/a>\u00de\u00e1 braut hann og ni\u00f0ur h\u00fas \u00feeirra manna, er helga\u00f0 h\u00f6f\u00f0u sig saurlifna\u00f0i, \u00feau er voru vi\u00f0 musteri Drottins, \u00fear sem konur \u00f3fu hj\u00fapa \u00e1 as\u00e9runa.<a name=\"8\"><span class=\"versanumer\">8<\/span><\/a>Hann l\u00e9t alla presta koma fr\u00e1 borgunum \u00ed J\u00fada og afhelga\u00f0i f\u00f3rnarh\u00e6\u00f0irnar, \u00fear sem prestarnir h\u00f6f\u00f0u f\u00f3rna\u00f0, fr\u00e1 Geba til Beerseba. Hann braut og ni\u00f0ur h\u00e6\u00f0ir hafurl\u00edkneskjanna, sem st\u00f3\u00f0u \u00fati fyrir hli\u00f0i J\u00f3s\u00faa borgarstj\u00f3ra, en \u00fea\u00f0 er \u00e1 vinstri h\u00f6nd, \u00fe\u00e1 er inn er gengi\u00f0 um borgarhli\u00f0i\u00f0.<a name=\"9\"><span class=\"versanumer\">9<\/span><\/a>\u00de\u00f3 m\u00e1ttu h\u00e6\u00f0aprestarnir eigi ganga upp a\u00f0 altari Drottins \u00ed Jer\u00fasalem, heldur \u00e1tu \u00feeir \u00f3s\u00fdr\u00f0 brau\u00f0 me\u00f0al br\u00e6\u00f0ra sinna.<a name=\"10\"><span class=\"versanumer\">10<\/span><\/a>Hann afhelga\u00f0i brennslugr\u00f3fina \u00ed Hinnomssonardal, til \u00feess a\u00f0 enginn l\u00e9ti framar son sinn e\u00f0a d\u00f3ttur ganga gegnum eldinn M\u00f3lok til handa.<a name=\"11\"><span class=\"versanumer\">11<\/span><\/a>Hann t\u00f3k og burt hesta \u00fe\u00e1, sem J\u00fadakonungar h\u00f6f\u00f0u sett til vegsemdar s\u00f3linni vi\u00f0 innganginn a\u00f0 musteri Drottins, n\u00e1l\u00e6gt herbergi Netan Meleks hir\u00f0manns, sem var \u00ed forgar\u00f0inum. En vagna s\u00f3larinnar brenndi hann \u00ed eldi.<a name=\"12\"><span class=\"versanumer\">12<\/span><\/a>Og \u00f6lturun, sem voru \u00e1 \u00feakinu yfir veggsv\u00f6lum Akasar, er J\u00fadakonungar h\u00f6f\u00f0u reist, og \u00f6lturun, er Manasse haf\u00f0i reist \u00ed b\u00e1\u00f0um forg\u00f6r\u00f0um musteris Drottins, reif konungur ni\u00f0ur, og hann skunda\u00f0i \u00fea\u00f0an og kasta\u00f0i \u00f6skunni af \u00feeim \u00ed K\u00eddrondal.<a name=\"13\"><span class=\"versanumer\">13<\/span><\/a>Konungur afhelga\u00f0i og f\u00f3rnarh\u00e6\u00f0irnar, sem voru fyrir austan Jer\u00fasalem, sunnanvert vi\u00f0 Ska\u00f0r\u00e6\u00f0isfjall, og Sal\u00f3mon \u00cdsraelskonungur haf\u00f0i reist Astarte, vi\u00f0urstygg\u00f0 S\u00eddoninga, og Kamos, vi\u00f0urstygg\u00f0 M\u00f3ab\u00edta, og Milk\u00f3m, sv\u00edvir\u00f0ing Amm\u00f3n\u00edta.<a name=\"14\"><span class=\"versanumer\">14<\/span><\/a>Hann braut og sundur merkissteinana og hj\u00f3 sundur as\u00e9rurnar og fyllti sta\u00f0inn, \u00fear sem \u00fe\u00e6r h\u00f6f\u00f0u veri\u00f0, me\u00f0 mannabeinum.<a name=\"15\"><span class=\"versanumer\">15<\/span><\/a>S\u00f6mulei\u00f0is altari\u00f0 \u00ed Betel, f\u00f3rnarh\u00e6\u00f0ina, sem Jer\u00f3b\u00f3am Nebatsson haf\u00f0i gj\u00f6ra l\u00e1ti\u00f0, s\u00e1 er kom \u00cdsrael til a\u00f0 syndga einnig \u00feetta altari og f\u00f3rnarh\u00e6\u00f0ina reif hann ni\u00f0ur. Og hann brenndi as\u00e9runa og muldi hana mj\u00f6linu sm\u00e6rra.<a name=\"16\"><span class=\"versanumer\">16<\/span><\/a>En er J\u00f3s\u00eda sneri s\u00e9r vi\u00f0 og s\u00e1 grafirnar, sem voru \u00fear \u00e1 fjallinu, \u00fe\u00e1 sendi hann menn og l\u00e9t s\u00e6kja beinin \u00ed grafirnar, brenndi \u00feau \u00e1 altarinu og afhelga\u00f0i \u00fea\u00f0 samkv\u00e6mt or\u00f0i Drottins, \u00fev\u00ed er gu\u00f0sma\u00f0urinn haf\u00f0i bo\u00f0a\u00f0, s\u00e1 er bo\u00f0a\u00f0i \u00feessa hluti.<a name=\"17\"><span class=\"versanumer\">17<\/span><\/a>S\u00ed\u00f0an sag\u00f0i hann: Hva\u00f0a legsteinn er \u00feetta, sem \u00e9g s\u00e9? Og borgarmenn sv\u00f6ru\u00f0u honum: \u00dea\u00f0 er gr\u00f6f gu\u00f0smannsins, sem kom fr\u00e1 J\u00fada og bo\u00f0a\u00f0i \u00feessa hluti, sem \u00fe\u00fa hefir n\u00fa gj\u00f6rt, gegn altarinu \u00ed Betel.<a name=\"18\"><span class=\"versanumer\">18<\/span><\/a>\u00de\u00e1 m\u00e6lti hann: L\u00e1ti\u00f0 hann vera, enginn \u00f3n\u00e1\u00f0i bein hans! \u00deannig l\u00e9tu \u00feeir bein hans og bein sp\u00e1mannsins, sem kominn var fr\u00e1 Samar\u00edu, vera \u00ed fri\u00f0i.<a name=\"19\"><span class=\"versanumer\">19<\/span><\/a>Auk \u00feess afnam J\u00f3s\u00eda \u00f6ll h\u00e6\u00f0ahofin, sem voru \u00ed borgum Samar\u00edu, \u00feau er \u00cdsraelskonungar h\u00f6f\u00f0u reist til \u00feess a\u00f0 egna Drottin til rei\u00f0i, og f\u00f3r alveg eins me\u00f0 \u00feau eins og hann haf\u00f0i gj\u00f6rt \u00ed Betel.<a name=\"20\"><span class=\"versanumer\">20<\/span><\/a>Og hann sl\u00e1tra\u00f0i \u00f6llum h\u00e6\u00f0aprestunum, sem \u00fear voru, \u00e1 \u00f6lturunum og brenndi mannabein \u00e1 \u00feeim. S\u00ed\u00f0an sneri hann aftur til Jer\u00fasalem.<a name=\"21\"><span class=\"versanumer\">21<\/span><\/a>Konungur bau\u00f0 \u00f6llum l\u00fd\u00f0num \u00e1 \u00feessa lei\u00f0: Haldi\u00f0 Drottni Gu\u00f0i y\u00f0ar p\u00e1ska, eins og rita\u00f0 er \u00ed s\u00e1ttm\u00e1lsb\u00f3k \u00feessari.<a name=\"22\"><span class=\"versanumer\">22<\/span><\/a>Engir sl\u00edkir p\u00e1skar h\u00f6f\u00f0u haldnir veri\u00f0 fr\u00e1 \u00fev\u00ed \u00e1 d\u00f6gum d\u00f3maranna, er d\u00e6mt h\u00f6f\u00f0u \u00ed \u00cdsrael, n\u00e9 heldur alla daga \u00cdsraelskonunga og J\u00fadakonunga,<a name=\"23\"><span class=\"versanumer\">23<\/span><\/a>en \u00e1 \u00e1tj\u00e1nda r\u00edkis\u00e1ri J\u00f3s\u00eda konungs voru Drottni haldnir \u00feessir p\u00e1skar \u00ed Jer\u00fasalem.<a name=\"24\"><span class=\"versanumer\">24<\/span><\/a>Enn fremur eyddi J\u00f3s\u00eda \u00feeim m\u00f6nnum, er h\u00f6f\u00f0u \u00fej\u00f3nustuanda, svo og sp\u00e1sagnam\u00f6nnum, h\u00fasgo\u00f0um og skur\u00f0go\u00f0um og \u00f6llum \u00feeim vi\u00f0urstygg\u00f0um, er s\u00e1ust \u00ed J\u00fada og Jer\u00fasalem, til \u00feess a\u00f0 fulln\u00e6gja fyrirm\u00e6lum l\u00f6gm\u00e1lsins, \u00feeim er ritu\u00f0 voru \u00ed b\u00f3kinni, sem Hilk\u00eda prestur haf\u00f0i fundi\u00f0 \u00ed musteri Drottins.<a name=\"25\"><span class=\"versanumer\">25<\/span><\/a>Og hans maki haf\u00f0i enginn konungur veri\u00f0 \u00e1 undan honum, er svo haf\u00f0i sn\u00fai\u00f0 s\u00e9r til Drottins af \u00f6llu hjarta s\u00ednu, allri s\u00e1lu sinni og \u00f6llum m\u00e6tti s\u00ednum, alveg eftir l\u00f6gm\u00e1li M\u00f3se, og eftir hann kom enginn honum l\u00edkur.<a name=\"26\"><span class=\"versanumer\">26<\/span><\/a>\u00de\u00f3 l\u00e9t Drottinn eigi af sinni brennandi heiftarrei\u00f0i, af \u00fev\u00ed a\u00f0 rei\u00f0i hans var upptendru\u00f0 gegn J\u00fada vegna allrar \u00feeirrar m\u00f3\u00f0gunar, er Manasse haf\u00f0i egnt hann me\u00f0.<a name=\"27\"><span class=\"versanumer\">27<\/span><\/a>Og Drottinn m\u00e6lti: \u00c9g vil einnig afm\u00e1 J\u00fada fr\u00e1 augliti m\u00ednu eins og \u00e9g hefi afm\u00e1\u00f0 \u00cdsrael, og \u00e9g vil hafna \u00feessari borg, er \u00e9g hefi \u00fatvali\u00f0, Jer\u00fasalem, og musterinu, er \u00e9g sag\u00f0i um, a\u00f0 nafn mitt skyldi vera \u00fear.<a name=\"28\"><span class=\"versanumer\">28<\/span><\/a>\u00dea\u00f0 sem meira er a\u00f0 segja um J\u00f3s\u00eda og allt, sem hann gj\u00f6r\u00f0i, \u00fea\u00f0 er rita\u00f0 \u00ed \u00c1rb\u00f3kum J\u00fadakonunga.<a name=\"29\"><span class=\"versanumer\">29<\/span><\/a>\u00c1 hans d\u00f6gum f\u00f3r Fara\u00f3 Nek\u00f3 Egyptalandskonungur herf\u00f6r m\u00f3ti Ass\u00fdr\u00edukonungi austur a\u00f0 Efratflj\u00f3ti. \u00de\u00e1 f\u00f3r J\u00f3s\u00eda konungur \u00ed m\u00f3ti honum, en Nek\u00f3 drap hann \u00ed Megidd\u00f3, \u00feegar er hann s\u00e1 hann.<a name=\"30\"><span class=\"versanumer\">30<\/span><\/a>\u00d3ku menn hans honum dau\u00f0um fr\u00e1 Megidd\u00f3, fluttu hann til Jer\u00fasalem og gr\u00f3fu hann \u00ed gr\u00f6f hans. En landsl\u00fd\u00f0urinn t\u00f3k J\u00f3ahas J\u00f3s\u00edason og smur\u00f0i hann og t\u00f3k hann til konungs \u00ed sta\u00f0 f\u00f6\u00f0ur hans.<a name=\"31\"><span class=\"versanumer\">31<\/span><\/a>J\u00f3ahas var tuttugu og \u00feriggja \u00e1ra a\u00f0 aldri, \u00fe\u00e1 er hann var\u00f0 konungur, og \u00ferj\u00e1 m\u00e1nu\u00f0i r\u00edkti hann \u00ed Jer\u00fasalem. M\u00f3\u00f0ir hans h\u00e9t Ham\u00fatal Jerem\u00edad\u00f3ttir og var fr\u00e1 L\u00edbna.<a name=\"32\"><span class=\"versanumer\">32<\/span><\/a>Hann gj\u00f6r\u00f0i \u00fea\u00f0, sem illt var \u00ed augum Drottins, me\u00f0 \u00f6llu svo sem gj\u00f6rt h\u00f6f\u00f0u forfe\u00f0ur hans.<a name=\"33\"><span class=\"versanumer\">33<\/span><\/a>Fara\u00f3 Nek\u00f3 l\u00e9t fj\u00f6tra hann \u00ed Ribla \u00ed Hamath\u00e9ra\u00f0i, til \u00feess a\u00f0 hann skyldi eigi framar r\u00edkja \u00ed Jer\u00fasalem, og lag\u00f0i skattgjald \u00e1 landi\u00f0, hundra\u00f0 talentur silfurs og t\u00edu talentur gulls.<a name=\"34\"><span class=\"versanumer\">34<\/span><\/a>Og Fara\u00f3 Nek\u00f3 gj\u00f6r\u00f0i Eljak\u00edm J\u00f3s\u00edason a\u00f0 konungi \u00ed sta\u00f0 J\u00f3s\u00eda f\u00f6\u00f0ur hans og breytti nafni hans \u00ed J\u00f3jak\u00edm, en t\u00f3k J\u00f3ahas me\u00f0 s\u00e9r, og f\u00f3r hann til Egyptalands og d\u00f3 \u00fear.<a name=\"35\"><span class=\"versanumer\">35<\/span><\/a>J\u00f3jak\u00edm greiddi Fara\u00f3 silfur og gull. Hann var\u00f0 a\u00f0 leggja skatt \u00e1 landi\u00f0 til \u00feess a\u00f0 geta goldi\u00f0 f\u00e9 \u00fea\u00f0, er Fara\u00f3 kraf\u00f0ist. Heimti hann silfri\u00f0 og gulli\u00f0 saman af landsl\u00fd\u00f0num, eftir \u00fev\u00ed sem jafna\u00f0 haf\u00f0i veri\u00f0 ni\u00f0ur \u00e1 hvern og einn, til \u00feess a\u00f0 geta greitt Fara\u00f3 Nek\u00f3 \u00fea\u00f0.<a name=\"36\"><span class=\"versanumer\">36<\/span><\/a>J\u00f3jak\u00edm var tuttugu og fimm \u00e1ra a\u00f0 aldri, \u00fe\u00e1 er hann var\u00f0 konungur, og ellefu \u00e1r r\u00edkti hann \u00ed Jer\u00fasalem. M\u00f3\u00f0ir hans h\u00e9t Seb\u00fadda Pedajad\u00f3ttir og var fr\u00e1 R\u00fama.<a name=\"37\"><span class=\"versanumer\">37<\/span><\/a>Hann gj\u00f6r\u00f0i \u00fea\u00f0, sem illt var \u00ed augum Drottins, me\u00f0 \u00f6llu svo sem gj\u00f6rt h\u00f6f\u00f0u forfe\u00f0ur hans.<\/p>\n<div class=\"footnote1981\"><b>23.1<\/b> Kalla\u00f0i saman \u00f6ldungana 1Kon 8.1<br \/>\n<b>23.2<\/b> S\u00e1ttm\u00e1lsb\u00f3kin 2Kon 23.21; 2M\u00f3s 24.7<br \/>\n<b>23.4<\/b> Brenna \u00ed Kedrondal 1Kon 15.13+<br \/>\n<b>23.5<\/b> Prestar H\u00f3s 10.5; Sef 1.4; sbr 1Kon 12.31-32<br \/>\n<b>23.10<\/b> T\u00f3fet Jes 30.33; Jer 7.31-32; 19.6-14<br \/>\n<b>23.13<\/b> Vi\u00f0urstyggilegir gu\u00f0ir 1Kon 11.7<br \/>\n<b>23.15<\/b> Altari\u00f0 \u00ed Betel 1Kon 12.33-13.10<br \/>\n<b>23.21<\/b> P\u00e1skar 2M\u00f3s 12+ &#8211; s\u00e1ttm\u00e1lsb\u00f3k 2Kon 23.2<br \/>\n<b>23.24<\/b> Sp\u00e1sagnamenn 2Kon 21.6+<br \/>\n<b>23.25<\/b> Enginn sem hann sbr 1Kon 3.12+<br \/>\n<b>23.30<\/b> Til borgar sinnar 2Kon 9.28+<br \/>\n<b>23.34<\/b> Og d\u00f3 \u00fear Jer 22.10-12<br \/>\n<b>23.36<\/b> J\u00f3jak\u00edm Jer 22.18-19; 25.1; 26.1; 35.1; 36.1<\/div>\n","protected":false},"excerpt":{"rendered":"<p>1\u00de\u00e1 sendi konungur \u00fat menn til \u00feess a\u00f0 safna til s\u00edn \u00f6llum \u00f6ldungum \u00ed J\u00fada og Jer\u00fasalem.2Og konungur gekk upp \u00ed musteri Drottins og me\u00f0 honum allir J\u00fadamenn og Jer\u00fasalemb\u00faar, svo og prestarnir og sp\u00e1mennirnir og allur l\u00fd\u00f0urinn, b\u00e6\u00f0i ungir og gamlir, og hann las \u00ed \u00e1heyrn \u00feeirra \u00f6ll or\u00f0 s\u00e1ttm\u00e1lsb\u00f3karinnar, er fundist haf\u00f0i \u00ed musteri Drottins.3Og konungur gekk a\u00f0 s\u00falunni og gj\u00f6r\u00f0i \u00feann s\u00e1ttm\u00e1la frammi fyrir Drottni, a\u00f0 fylgja Drottni og var\u00f0veita skipanir hans, fyrirm\u00e6li og l\u00f6g af \u00f6llu hjarta og af allri s\u00e1lu til \u00feess a\u00f0 fulln\u00e6gja \u00feannig or\u00f0um s\u00e1ttm\u00e1la \u00feessa, \u00feau er ritu\u00f0 voru \u00ed \u00feessari b\u00f3k. <a href=\"https:\/\/biblian.is\/1981\/sidari-konungabok-23-kafli\/\"> [&#8230;]<\/a><\/p>\n","protected":false},"author":1,"featured_media":0,"parent":0,"menu_order":0,"comment_status":"open","ping_status":"open","template":"bibliukaflar.php","meta":{"footnotes":""},"class_list":["post-1682","page","type-page","status-publish","hentry"],"_links":{"self":[{"href":"https:\/\/biblian.is\/1981\/wp-json\/wp\/v2\/pages\/1682","targetHints":{"allow":["GET"]}}],"collection":[{"href":"https:\/\/biblian.is\/1981\/wp-json\/wp\/v2\/pages"}],"about":[{"href":"https:\/\/biblian.is\/1981\/wp-json\/wp\/v2\/types\/page"}],"author":[{"embeddable":true,"href":"https:\/\/biblian.is\/1981\/wp-json\/wp\/v2\/users\/1"}],"replies":[{"embeddable":true,"href":"https:\/\/biblian.is\/1981\/wp-json\/wp\/v2\/comments?post=1682"}],"version-history":[{"count":0,"href":"https:\/\/biblian.is\/1981\/wp-json\/wp\/v2\/pages\/1682\/revisions"}],"wp:attachment":[{"href":"https:\/\/biblian.is\/1981\/wp-json\/wp\/v2\/media?parent=1682"}],"curies":[{"name":"wp","href":"https:\/\/api.w.org\/{rel}","templated":true}]}}