{"id":1681,"date":"2017-11-18T20:18:13","date_gmt":"2017-11-18T20:18:13","guid":{"rendered":"http:\/\/biblian.is\/1981\/sidari-konungabok-22-kafli\/"},"modified":"2021-06-06T11:10:23","modified_gmt":"2021-06-06T11:10:23","slug":"sidari-konungabok-22-kafli","status":"publish","type":"page","link":"https:\/\/biblian.is\/1981\/sidari-konungabok-22-kafli\/","title":{"rendered":"S\u00ed\u00f0ari konungab\u00f3k 22. kafli"},"content":{"rendered":"<p><a name=\"1\"><span class=\"versanumer\">1<\/span><\/a>J\u00f3s\u00eda var \u00e1tta vetra gamall, \u00fe\u00e1 er hann var\u00f0 konungur, og \u00ferj\u00e1t\u00edu og eitt \u00e1r r\u00edkti hann \u00ed Jer\u00fasalem. M\u00f3\u00f0ir hans h\u00e9t Jed\u00edda Adajad\u00f3ttir og var fr\u00e1 Boskat.<a name=\"2\"><span class=\"versanumer\">2<\/span><\/a>Hann gj\u00f6r\u00f0i \u00fea\u00f0, sem r\u00e9tt var \u00ed augum Drottins, og feta\u00f0i algj\u00f6rlega \u00ed f\u00f3tspor Dav\u00ed\u00f0s forf\u00f6\u00f0ur s\u00edns og veik hvorki af til h\u00e6gri n\u00e9 vinstri.<a name=\"3\"><span class=\"versanumer\">3<\/span><\/a>\u00c1 \u00e1tj\u00e1nda r\u00edkis\u00e1ri J\u00f3s\u00eda konungs sendi konungur Safan Asaljason, Mes\u00fallamssonar, kanslara, \u00ed musteri Drottins og sag\u00f0i:<a name=\"4\"><span class=\"versanumer\">4<\/span><\/a>Gakk \u00fe\u00fa til Hilk\u00eda \u00e6\u00f0sta prests og innsigla f\u00e9 \u00fea\u00f0, er bori\u00f0 hefir veri\u00f0 \u00ed musteri Drottins, \u00fea\u00f0 er dyraver\u00f0irnir hafa safna\u00f0 saman af l\u00fd\u00f0num,<a name=\"5\"><span class=\"versanumer\">5<\/span><\/a>og f\u00e1 \u00fea\u00f0 \u00ed hendur verkstj\u00f3runum, \u00feeim er umsj\u00f3n hafa me\u00f0 musteri Drottins, \u00feeir skulu f\u00e1 \u00fea\u00f0 \u00ed hendur verkam\u00f6nnunum, sem vinna a\u00f0 \u00fev\u00ed \u00ed musteri Drottins a\u00f0 gj\u00f6ra vi\u00f0 skemmdir \u00e1 musterinu,<a name=\"6\"><span class=\"versanumer\">6<\/span><\/a>tr\u00e9smi\u00f0unum og byggingam\u00f6nnunum og m\u00farurunum, svo og til a\u00f0 kaupa fyrir vi\u00f0 og h\u00f6ggna steina til \u00feess a\u00f0 gj\u00f6ra vi\u00f0 musteri\u00f0.<a name=\"7\"><span class=\"versanumer\">7<\/span><\/a>\u00de\u00f3 er ekki haldinn reikningur vi\u00f0 \u00fe\u00e1 \u00e1 f\u00e9nu, sem \u00feeim var fengi\u00f0 \u00ed hendur, heldur gj\u00f6ra \u00feeir \u00fea\u00f0 upp \u00e1 \u00e6ru og tr\u00fa.<a name=\"8\"><span class=\"versanumer\">8<\/span><\/a>\u00de\u00e1 m\u00e6lti Hilk\u00eda \u00e6\u00f0sti prestur vi\u00f0 Safan kanslara: \u00c9g hefi fundi\u00f0 l\u00f6gb\u00f3k \u00ed musteri Drottins. Og Hilk\u00eda f\u00e9kk Safan b\u00f3kina og hann las hana.<a name=\"9\"><span class=\"versanumer\">9<\/span><\/a>S\u00ed\u00f0an f\u00f3r Safan kanslari til konungs og sk\u00fdr\u00f0i konungi fr\u00e1 erindislokum og m\u00e6lti: \u00dej\u00f3nar \u00fe\u00ednir hafa l\u00e1ti\u00f0 af hendi f\u00e9 \u00fea\u00f0, er var \u00ed musteri Drottins, og fengi\u00f0 \u00ed hendur verkstj\u00f3runum, sem umsj\u00f3n hafa me\u00f0 musteri Drottins.<a name=\"10\"><span class=\"versanumer\">10<\/span><\/a>Og Safan kanslari sag\u00f0i konungi fr\u00e1 og m\u00e6lti: Hilk\u00eda prestur f\u00e9kk m\u00e9r b\u00f3k. Og Safan las hana fyrir konungi.<a name=\"11\"><span class=\"versanumer\">11<\/span><\/a>En er konungur heyr\u00f0i or\u00f0 l\u00f6gb\u00f3karinnar, reif hann kl\u00e6\u00f0i s\u00edn.<a name=\"12\"><span class=\"versanumer\">12<\/span><\/a>Og hann bau\u00f0 \u00feeim Hilk\u00eda presti, Ah\u00edkam Safanssyni, Akb\u00f3r M\u00edkajasyni, Safan kanslara og Asaja konungs\u00fej\u00f3ni \u00e1 \u00feessa lei\u00f0:<a name=\"13\"><span class=\"versanumer\">13<\/span><\/a>Fari\u00f0 og gangi\u00f0 til fr\u00e9tta vi\u00f0 Drottin fyrir mig og fyrir l\u00fd\u00f0inn og fyrir allan J\u00fada um \u00feessa n\u00fdfundnu b\u00f3k, \u00fev\u00ed a\u00f0 mikil er heift Drottins, s\u00fa er upptendru\u00f0 er \u00ed gegn oss, af \u00fev\u00ed a\u00f0 fe\u00f0ur vorir hafa eigi hl\u00fdtt or\u00f0um b\u00f3kar \u00feessarar me\u00f0 \u00fev\u00ed a\u00f0 gj\u00f6ra a\u00f0 \u00f6llu svo sem skrifa\u00f0 er \u00ed henni.<a name=\"14\"><span class=\"versanumer\">14<\/span><\/a>\u00de\u00e1 f\u00f3ru \u00feeir Hilk\u00eda prestur, Ah\u00edkam, Akb\u00f3r, Safan og Asaja til Huldu sp\u00e1konu, konu Sall\u00fams Tikvasonar, Harhasonar, kl\u00e6\u00f0ageymis. Bj\u00f3 h\u00fan \u00ed Jer\u00fasalem \u00ed \u00f6\u00f0ru borgarhverfi, og t\u00f6lu\u00f0u \u00feeir vi\u00f0 hana.<a name=\"15\"><span class=\"versanumer\">15<\/span><\/a>H\u00fan m\u00e6lti vi\u00f0 \u00fe\u00e1: Svo segir Drottinn, Gu\u00f0 \u00cdsraels: Segi\u00f0 manninum, er sendi y\u00f0ur til m\u00edn:<a name=\"16\"><span class=\"versanumer\">16<\/span><\/a>Svo segir Drottinn: Sj\u00e1, \u00e9g lei\u00f0i \u00f3g\u00e6fu yfir \u00feennan sta\u00f0 og \u00edb\u00faa hans, allar \u00f3gnanir b\u00f3kar \u00feessarar, er J\u00fadakonungur hefir lesi\u00f0,<a name=\"17\"><span class=\"versanumer\">17<\/span><\/a>fyrir \u00fev\u00ed a\u00f0 \u00feeir hafa yfirgefi\u00f0 mig og f\u00e6rt \u00f6\u00f0rum gu\u00f0um reykelsisf\u00f3rnir og egnt mig til rei\u00f0i me\u00f0 \u00f6llum handaverkum s\u00ednum, og heift m\u00edn skal upptendrast gegn \u00feessum sta\u00f0 og eigi slokkna.<a name=\"18\"><span class=\"versanumer\">18<\/span><\/a>En segi\u00f0 svo J\u00fadakonungi, \u00feeim er sendi y\u00f0ur til \u00feess a\u00f0 ganga til fr\u00e9tta vi\u00f0 Drottin: Svo segir Drottinn, Gu\u00f0 \u00cdsraels:<a name=\"19\"><span class=\"versanumer\">19<\/span><\/a>Af \u00fev\u00ed a\u00f0 hjarta \u00feitt hefir komist vi\u00f0 og \u00fe\u00fa au\u00f0m\u00fdktir \u00feig fyrir Drottni, er \u00fe\u00fa heyr\u00f0ir, hva\u00f0 \u00e9g haf\u00f0i tala\u00f0 gegn \u00feessum sta\u00f0 og \u00edb\u00faum hans, a\u00f0 \u00feeir skyldu ver\u00f0a undrunarefni og form\u00e6lingar, og af \u00fev\u00ed a\u00f0 \u00fe\u00fa reifst kl\u00e6\u00f0i \u00fe\u00edn og gr\u00e9st frammi fyrir m\u00e9r, \u00fe\u00e1 hefi \u00e9g og b\u00e6nheyrt \u00feig segir Drottinn.<a name=\"20\"><span class=\"versanumer\">20<\/span><\/a>Fyrir \u00fev\u00ed vil \u00e9g l\u00e1ta \u00feig safnast til fe\u00f0ra \u00feinna, a\u00f0 \u00fe\u00fa megir komast me\u00f0 fri\u00f0i \u00ed gr\u00f6f \u00fe\u00edna, og augu \u00fe\u00edn \u00feurfi ekki a\u00f0 horfa upp \u00e1 alla \u00fe\u00e1 \u00f3g\u00e6fu, er \u00e9g lei\u00f0i yfir \u00feennan sta\u00f0. Fluttu \u00feeir konungi svari\u00f0.<\/p>\n<div class=\"footnote1981\"><b>22.1<\/b> J\u00f3s\u00eda 1Kon 13.2; Jer 3.6<br \/>\n<b>22.3-7<\/b> Vi\u00f0ger\u00f0 \u00e1 musterinu 2Kon 12.11-16<br \/>\n<b>22.8<\/b> L\u00f6gb\u00f3kin 5M\u00f3s 28.61+<br \/>\n<b>22.14<\/b> Leita til sp\u00e1manns e\u00f0a sp\u00e1konu 1Sam 9.6; 1Kon 14.5; 22.7-8; Jer 21.2<br \/>\n<b>22.19<\/b> \u00de\u00fa au\u00f0m\u00fdktir \u00feig 1Kon 21.29+<\/div>\n","protected":false},"excerpt":{"rendered":"<p>1J\u00f3s\u00eda var \u00e1tta vetra gamall, \u00fe\u00e1 er hann var\u00f0 konungur, og \u00ferj\u00e1t\u00edu og eitt \u00e1r r\u00edkti hann \u00ed Jer\u00fasalem. M\u00f3\u00f0ir hans h\u00e9t Jed\u00edda Adajad\u00f3ttir og var fr\u00e1 Boskat.2Hann gj\u00f6r\u00f0i \u00fea\u00f0, sem r\u00e9tt var \u00ed augum Drottins, og feta\u00f0i algj\u00f6rlega \u00ed f\u00f3tspor Dav\u00ed\u00f0s forf\u00f6\u00f0ur s\u00edns og veik hvorki af til h\u00e6gri n\u00e9 vinstri.3\u00c1 \u00e1tj\u00e1nda r\u00edkis\u00e1ri J\u00f3s\u00eda konungs sendi konungur Safan Asaljason, Mes\u00fallamssonar, kanslara, \u00ed musteri Drottins og sag\u00f0i:4Gakk \u00fe\u00fa til Hilk\u00eda \u00e6\u00f0sta prests og innsigla f\u00e9 \u00fea\u00f0, er bori\u00f0 hefir veri\u00f0 \u00ed musteri Drottins, \u00fea\u00f0 er dyraver\u00f0irnir hafa safna\u00f0 saman af l\u00fd\u00f0num,5og f\u00e1 \u00fea\u00f0 \u00ed hendur verkstj\u00f3runum, \u00feeim er umsj\u00f3n hafa <a href=\"https:\/\/biblian.is\/1981\/sidari-konungabok-22-kafli\/\"> [&#8230;]<\/a><\/p>\n","protected":false},"author":1,"featured_media":0,"parent":0,"menu_order":0,"comment_status":"open","ping_status":"open","template":"bibliukaflar.php","meta":{"footnotes":""},"class_list":["post-1681","page","type-page","status-publish","hentry"],"_links":{"self":[{"href":"https:\/\/biblian.is\/1981\/wp-json\/wp\/v2\/pages\/1681","targetHints":{"allow":["GET"]}}],"collection":[{"href":"https:\/\/biblian.is\/1981\/wp-json\/wp\/v2\/pages"}],"about":[{"href":"https:\/\/biblian.is\/1981\/wp-json\/wp\/v2\/types\/page"}],"author":[{"embeddable":true,"href":"https:\/\/biblian.is\/1981\/wp-json\/wp\/v2\/users\/1"}],"replies":[{"embeddable":true,"href":"https:\/\/biblian.is\/1981\/wp-json\/wp\/v2\/comments?post=1681"}],"version-history":[{"count":0,"href":"https:\/\/biblian.is\/1981\/wp-json\/wp\/v2\/pages\/1681\/revisions"}],"wp:attachment":[{"href":"https:\/\/biblian.is\/1981\/wp-json\/wp\/v2\/media?parent=1681"}],"curies":[{"name":"wp","href":"https:\/\/api.w.org\/{rel}","templated":true}]}}