{"id":1678,"date":"2017-11-18T20:18:13","date_gmt":"2017-11-18T20:18:13","guid":{"rendered":"http:\/\/biblian.is\/1981\/sidari-konungabok-19-kafli\/"},"modified":"2021-06-06T11:10:21","modified_gmt":"2021-06-06T11:10:21","slug":"sidari-konungabok-19-kafli","status":"publish","type":"page","link":"https:\/\/biblian.is\/1981\/sidari-konungabok-19-kafli\/","title":{"rendered":"S\u00ed\u00f0ari konungab\u00f3k 19. kafli"},"content":{"rendered":"<p><a name=\"1\"><span class=\"versanumer\">1<\/span><\/a>\u00deegar Hisk\u00eda konungur heyr\u00f0i \u00feetta, reif hann kl\u00e6\u00f0i s\u00edn, huldi sig h\u00e6rusekk og gekk \u00ed h\u00fas Drottins.<a name=\"2\"><span class=\"versanumer\">2<\/span><\/a>En Eljak\u00edm dr\u00f3ttseta og S\u00e9bna kanslara og presta\u00f6ldungana sendi hann kl\u00e6dda h\u00e6rusekk til Jesaja sp\u00e1manns Amozsonar,<a name=\"3\"><span class=\"versanumer\">3<\/span><\/a>og skyldu \u00feeir segja vi\u00f0 hann: Svo segir Hisk\u00eda: \u00deessi dagur er ney\u00f0ar-, hirtingar- og h\u00e1\u00f0ungardagur, \u00fev\u00ed a\u00f0 barni\u00f0 er komi\u00f0 \u00ed bur\u00f0arli\u00f0inn, en krafturinn er enginn til a\u00f0 f\u00e6\u00f0a.<a name=\"4\"><span class=\"versanumer\">4<\/span><\/a>Vera m\u00e1, a\u00f0 Drottinn Gu\u00f0 \u00feinn heyri \u00f6ll or\u00f0 marsk\u00e1lksins, er sendur er af Ass\u00fdr\u00edukonungi herra s\u00ednum til a\u00f0 spotta hinn lifandi Gu\u00f0, og l\u00e1ti hegnt ver\u00f0a \u00feeirra or\u00f0a, er Drottinn Gu\u00f0 \u00feinn hefir heyrt. En bi\u00f0 \u00fe\u00fa fyrir leifunum, sem enn eru eftir.<a name=\"5\"><span class=\"versanumer\">5<\/span><\/a>\u00deegar \u00fej\u00f3nar Hisk\u00eda konungs komu til Jesaja,<a name=\"6\"><span class=\"versanumer\">6<\/span><\/a>sag\u00f0i Jesaja vi\u00f0 \u00fe\u00e1: Segi\u00f0 svo herra y\u00f0ar: Svo segir Drottinn: \u00d3ttast \u00fe\u00fa eigi sm\u00e1naryr\u00f0i \u00feau, er \u00fe\u00fa hefir heyrt sveina Ass\u00fdr\u00edukonungs l\u00e1ta s\u00e9r um munn fara \u00ed gegn m\u00e9r.<a name=\"7\"><span class=\"versanumer\">7<\/span><\/a>Sj\u00e1, \u00e9g l\u00e6t hann ver\u00f0a \u00feess hugar, a\u00f0 \u00feegar hann spyr t\u00ed\u00f0indi, skal hann hverfa aftur heim \u00ed land sitt, og \u00fe\u00e1 skal \u00e9g l\u00e1ta hann fyrir sver\u00f0i falla \u00ed s\u00ednu eigin landi.<a name=\"8\"><span class=\"versanumer\">8<\/span><\/a>S\u00ed\u00f0an sneri marsk\u00e1lkurinn aftur og hitti Ass\u00fdr\u00edukonung, \u00fear sem hann sat um L\u00edbna, \u00fev\u00ed a\u00f0 hann haf\u00f0i fr\u00e9tt, a\u00f0 hann v\u00e6ri farinn burt fr\u00e1 Lak\u00eds.<a name=\"9\"><span class=\"versanumer\">9<\/span><\/a>\u00dear kom honum svol\u00e1tandi fregn af T\u00edrhaka Bl\u00e1landskonungi: Hann er lag\u00f0ur af sta\u00f0 til \u00feess a\u00f0 berjast vi\u00f0 \u00feig. Gj\u00f6r\u00f0i Ass\u00fdr\u00edukonungur \u00fe\u00e1 aftur sendimenn til Hisk\u00eda me\u00f0 \u00feessari or\u00f0sending:<a name=\"10\"><span class=\"versanumer\">10<\/span><\/a>Segi\u00f0 svo Hisk\u00eda J\u00fadakonungi: L\u00e1t eigi Gu\u00f0 \u00feinn, er \u00fe\u00fa treystir \u00e1, t\u00e6la \u00feig, er \u00fe\u00fa hugsar: Jer\u00fasalem ver\u00f0ur eigi seld \u00ed hendur Ass\u00fdr\u00edukonungi.<a name=\"11\"><span class=\"versanumer\">11<\/span><\/a>Sj\u00e1, \u00fe\u00fa hefir sj\u00e1lfur heyrt, hverju Ass\u00fdr\u00edukonungar hafa fram fari\u00f0 vi\u00f0 \u00f6ll l\u00f6nd, hversu \u00feeir hafa gj\u00f6reytt \u00feau, og munt \u00fe\u00fa \u00fe\u00e1 frelsa\u00f0ur ver\u00f0a?<a name=\"12\"><span class=\"versanumer\">12<\/span><\/a>Hvort hafa gu\u00f0ir \u00fej\u00f3\u00f0anna, er fe\u00f0ur m\u00ednir hafa a\u00f0 velli lagt, frelsa\u00f0 \u00fe\u00e6r G\u00f3san, Haran og Resef og Edenmenn, sem voru \u00ed Telessar?<a name=\"13\"><span class=\"versanumer\">13<\/span><\/a>Hvar er n\u00fa konungurinn \u00ed Hamat og konungurinn \u00ed Arpad og konungurinn \u00ed Sefarva\u00edmborg, Hena og \u00cdva?<a name=\"14\"><span class=\"versanumer\">14<\/span><\/a>Hisk\u00eda t\u00f3k vi\u00f0 br\u00e9finu af sendim\u00f6nnunum og las \u00fea\u00f0. S\u00ed\u00f0an gekk hann upp \u00ed h\u00fas Drottins og rakti \u00fea\u00f0 sundur frammi fyrir Drottni.<a name=\"15\"><span class=\"versanumer\">15<\/span><\/a>Og Hisk\u00eda gj\u00f6r\u00f0i b\u00e6n s\u00edna frammi fyrir Drottni og sag\u00f0i: Drottinn, \u00cdsraels Gu\u00f0, \u00fe\u00fa sem situr uppi yfir ker\u00fabunum, \u00fe\u00fa einn ert Gu\u00f0 yfir \u00f6llum konungsr\u00edkjum jar\u00f0ar, \u00fe\u00fa hefir gj\u00f6rt himin og j\u00f6r\u00f0.<a name=\"16\"><span class=\"versanumer\">16<\/span><\/a>Hneig, Drottinn, eyra \u00feitt og heyr. Opna, Drottinn, auga \u00feitt og sj\u00e1! Heyr \u00fe\u00fa or\u00f0 Sanher\u00edbs, er hann hefir sent til a\u00f0 sm\u00e1na me\u00f0 hinn lifandi Gu\u00f0.<a name=\"17\"><span class=\"versanumer\">17<\/span><\/a>Satt er \u00fea\u00f0, Drottinn, a\u00f0 Ass\u00fdr\u00edukonungar hafa gj\u00f6reytt \u00f6llum \u00fej\u00f3\u00f0um og l\u00f6ndum \u00feeirra<a name=\"18\"><span class=\"versanumer\">18<\/span><\/a>og kasta\u00f0 gu\u00f0um \u00feeirra \u00e1 eld, \u00fev\u00ed a\u00f0 \u00feeir voru ekki gu\u00f0ir, heldur handaverk manna, stokkar og steinar, svo a\u00f0 \u00feeir g\u00e1tu gj\u00f6rt \u00fe\u00e1 a\u00f0 engu.<a name=\"19\"><span class=\"versanumer\">19<\/span><\/a>En Drottinn, Gu\u00f0 vor, frelsa oss n\u00fa af hans hendi, svo a\u00f0 \u00f6ll konungsr\u00edki jar\u00f0ar megi vi\u00f0 kannast, a\u00f0 \u00fe\u00fa, Drottinn, einn ert Gu\u00f0!<a name=\"20\"><span class=\"versanumer\">20<\/span><\/a>\u00de\u00e1 sendi Jesaja Amozson til Hisk\u00eda og l\u00e9t segja honum: Svo segir Drottinn, \u00cdsraels Gu\u00f0: \u00dear sem \u00fe\u00fa hefir be\u00f0i\u00f0 til m\u00edn um hj\u00e1lp gegn Sanher\u00edb Ass\u00fdr\u00edukonungi, \u00fe\u00e1 hefi \u00e9g heyrt \u00fea\u00f0.<a name=\"21\"><span class=\"versanumer\">21<\/span><\/a>\u00deetta er or\u00f0i\u00f0, er Drottinn hefir um hann sagt: M\u00e6rin, d\u00f3ttirin S\u00edon, fyrirl\u00edtur \u00feig og gj\u00f6rir gys a\u00f0 \u00fe\u00e9r. D\u00f3ttirin Jer\u00fasalem skekur h\u00f6fu\u00f0i\u00f0 \u00e1 eftir \u00fe\u00e9r.<a name=\"22\"><span class=\"versanumer\">22<\/span><\/a>Hvern hefir \u00fe\u00fa sm\u00e1na\u00f0 og spotta\u00f0 og gegn hverjum hefir \u00fe\u00fa hafi\u00f0 upp raustina og lyft augum \u00fe\u00ednum \u00ed h\u00e6\u00f0irnar? Gegn Hinum Heilaga \u00ed \u00cdsrael!<a name=\"23\"><span class=\"versanumer\">23<\/span><\/a>\u00de\u00fa hefir l\u00e1ti\u00f0 sendimenn \u00fe\u00edna sm\u00e1na Drottin og sagt: Me\u00f0 fj\u00f6lda hervagna minna steig \u00e9g upp \u00e1 h\u00e6\u00f0ir fjallanna, efst upp \u00e1 L\u00edbanonfjall. \u00c9g hj\u00f3 hin h\u00e1v\u00f6xnu sedrustr\u00e9 \u00feess og hin \u00e1g\u00e6tu k\u00fdprestr\u00e9 \u00feess. \u00c9g braust upp \u00ed efsta herbergi \u00feess, inn \u00ed aldinsk\u00f3ginn, \u00fear sem hann var \u00fe\u00e9ttastur.<a name=\"24\"><span class=\"versanumer\">24<\/span><\/a>\u00c9g gr\u00f3f til vatns og drakk \u00fatlent vatn, og me\u00f0 iljum f\u00f3ta minna \u00feurrka\u00f0i \u00e9g upp \u00f6ll vatnsf\u00f6ll Egyptalands.<a name=\"25\"><span class=\"versanumer\">25<\/span><\/a>Hefir \u00fe\u00fa \u00fe\u00e1 ekki teki\u00f0 eftir \u00fev\u00ed, a\u00f0 \u00e9g hefi r\u00e1\u00f0stafa\u00f0 \u00feessu svo fyrir l\u00f6ngu og haga\u00f0 \u00fev\u00ed svo fr\u00e1 \u00f6ndver\u00f0u? Og n\u00fa hefi \u00e9g l\u00e1ti\u00f0 \u00fea\u00f0 koma fram, svo a\u00f0 \u00fe\u00fa m\u00e6ttir leggja v\u00edggirtar borgir \u00ed ey\u00f0i og gj\u00f6ra \u00fe\u00e6r a\u00f0 ey\u00f0ilegum grj\u00f3thr\u00fagum.<a name=\"26\"><span class=\"versanumer\">26<\/span><\/a>En \u00edb\u00faar \u00feeirra voru aflvana og skelfdust \u00fev\u00ed og ur\u00f0u s\u00e9r til minnkunar. Jurtir vallarins og gr\u00e6ngresi\u00f0 var\u00f0 sem gras \u00e1 \u00feekjum og \u00ed hla\u00f0varpa.<a name=\"27\"><span class=\"versanumer\">27<\/span><\/a>\u00c9g s\u00e9 \u00feig \u00feegar \u00fe\u00fa stendur og \u00feegar \u00fe\u00fa situr, og \u00e9g veit af \u00fev\u00ed, \u00feegar \u00fe\u00fa fer og kemur, svo og um ofsa \u00feinn gegn m\u00e9r.<a name=\"28\"><span class=\"versanumer\">28<\/span><\/a>S\u00f6kum ofsa \u00fe\u00edns \u00ed gegn m\u00e9r og af \u00fev\u00ed a\u00f0 ofmetna\u00f0ur \u00feinn er kominn m\u00e9r til eyrna, \u00fe\u00e1 vil \u00e9g setja hring minn \u00ed nasir \u00fe\u00ednar og bitil minn \u00ed munn \u00fe\u00e9r og f\u00e6ra \u00feig aftur sama veg og \u00fe\u00fa komst.<a name=\"29\"><span class=\"versanumer\">29<\/span><\/a>Og \u00feetta skalt \u00fe\u00fa til marks hafa: \u00deetta \u00e1ri\u00f0 munu\u00f0 \u00fe\u00e9r eta sj\u00e1lfs\u00e1i\u00f0 korn, anna\u00f0 \u00e1ri\u00f0 sj\u00e1lfvaxi\u00f0 korn, en \u00feri\u00f0ja \u00e1ri\u00f0 munu\u00f0 \u00fe\u00e9r s\u00e1 og uppskera, planta v\u00edngar\u00f0a og eta \u00e1v\u00f6xtu \u00feeirra.<a name=\"30\"><span class=\"versanumer\">30<\/span><\/a>Og leifarnar af J\u00fada h\u00fasi, sem komist hafa undan, skulu a\u00f0 n\u00fdju festa r\u00e6tur a\u00f0 ne\u00f0an og bera \u00e1v\u00f6xt a\u00f0 ofan.<a name=\"31\"><span class=\"versanumer\">31<\/span><\/a>\u00dev\u00ed a\u00f0 fr\u00e1 Jer\u00fasalem munu leifar \u00fat ganga og \u00feeir, er undan komust, fr\u00e1 S\u00edonfjalli. Vandl\u00e6ti Drottins allsherjar mun \u00feessu til vegar koma.<a name=\"32\"><span class=\"versanumer\">32<\/span><\/a>J\u00e1, svo segir Drottinn um Ass\u00fdr\u00edukonung: Eigi skal hann inn komast \u00ed \u00feessa borg, engri \u00f6r \u00feanga\u00f0 inn skj\u00f3ta, engan herskj\u00f6ld a\u00f0 henni bera og engan virkisvegg hla\u00f0a gegn henni.<a name=\"33\"><span class=\"versanumer\">33<\/span><\/a>Hann skal aftur sn\u00faa s\u00f6mu lei\u00f0ina sem hann kom, og inn \u00ed \u00feessa borg skal hann ekki koma segir Drottinn.<a name=\"34\"><span class=\"versanumer\">34<\/span><\/a>Og \u00e9g vil vernda \u00feessa borg og frelsa hana, m\u00edn vegna og vegna Dav\u00ed\u00f0s \u00fej\u00f3ns m\u00edns.<a name=\"35\"><span class=\"versanumer\">35<\/span><\/a>En \u00feessa s\u00f6mu n\u00f3tt f\u00f3r engill Drottins og laust hundra\u00f0 \u00e1ttat\u00edu og fimm \u00fe\u00fasundir manns \u00ed herb\u00fa\u00f0um Ass\u00fdringa. Og er menn risu morguninn eftir, sj\u00e1, \u00fe\u00e1 voru \u00feeir allir li\u00f0in l\u00edk.<a name=\"36\"><span class=\"versanumer\">36<\/span><\/a>\u00de\u00e1 t\u00f3k Sanher\u00edb Ass\u00fdr\u00edukonungur sig upp, h\u00e9lt af sta\u00f0 og sneri heim aftur og sat um kyrrt \u00ed N\u00edn\u00edve.<a name=\"37\"><span class=\"versanumer\">37<\/span><\/a>En er hann eitt sinn ba\u00f0st fyrir \u00ed hofi N\u00edsroks, gu\u00f0s s\u00edns, unnu synir hans, Adrammelek og Sareser, \u00e1 honum me\u00f0 sver\u00f0i. \u00deeir komust undan \u00e1 fl\u00f3tta til Araratlands, en Asarhaddon sonur hans t\u00f3k r\u00edki eftir hann.<\/p>\n<div class=\"footnote1981\"><b>19.3<\/b> Ekki kraftur Jes 37.3; H\u00f3s 13.13<br \/>\n<b>19.4<\/b> Sm\u00e1na Gu\u00f0 2Kon 19.22-23; 1Sam 17.45; Slm 69.10; Matt 27.44 og hlst.; Post 23.4 \u2013 \u00feeir sem komast af 2Kon 19.31; 1Kon 19.18<br \/>\n<b>19.15<\/b> Skapari himins og jar\u00f0ar 1M\u00f3s 1.1; 2.4; 2M\u00f3s 31.17; Jer 32.17; Slm 115.15; 2Kro 2.11; Post 4.24; 14.15<br \/>\n<b>19.18<\/b> Engir gu\u00f0ir 5M\u00f3s 4.28+<br \/>\n<b>19.23<\/b> Tr\u00e9 fr\u00e1 L\u00edbanon 2Sam 5.11; 1Kon 5.20; Jes 14.8<br \/>\n<b>19.27<\/b> Situr Slm 139.2-3<br \/>\n<b>19.31<\/b> \u00deeir sem eftir ver\u00f0a 2Kon 19.4+<br \/>\n<b>19.35<\/b> Engill deyddi 1M\u00f3s 19.13; 2M\u00f3s 12.23; 2Sam 24.16; S\u00edr 48.21<\/div>\n","protected":false},"excerpt":{"rendered":"<p>1\u00deegar Hisk\u00eda konungur heyr\u00f0i \u00feetta, reif hann kl\u00e6\u00f0i s\u00edn, huldi sig h\u00e6rusekk og gekk \u00ed h\u00fas Drottins.2En Eljak\u00edm dr\u00f3ttseta og S\u00e9bna kanslara og presta\u00f6ldungana sendi hann kl\u00e6dda h\u00e6rusekk til Jesaja sp\u00e1manns Amozsonar,3og skyldu \u00feeir segja vi\u00f0 hann: Svo segir Hisk\u00eda: \u00deessi dagur er ney\u00f0ar-, hirtingar- og h\u00e1\u00f0ungardagur, \u00fev\u00ed a\u00f0 barni\u00f0 er komi\u00f0 \u00ed bur\u00f0arli\u00f0inn, en krafturinn er enginn til a\u00f0 f\u00e6\u00f0a.4Vera m\u00e1, a\u00f0 Drottinn Gu\u00f0 \u00feinn heyri \u00f6ll or\u00f0 marsk\u00e1lksins, er sendur er af Ass\u00fdr\u00edukonungi herra s\u00ednum til a\u00f0 spotta hinn lifandi Gu\u00f0, og l\u00e1ti hegnt ver\u00f0a \u00feeirra or\u00f0a, er Drottinn Gu\u00f0 \u00feinn hefir heyrt. En bi\u00f0 \u00fe\u00fa fyrir leifunum, <a href=\"https:\/\/biblian.is\/1981\/sidari-konungabok-19-kafli\/\"> [&#8230;]<\/a><\/p>\n","protected":false},"author":1,"featured_media":0,"parent":0,"menu_order":0,"comment_status":"open","ping_status":"open","template":"bibliukaflar.php","meta":{"footnotes":""},"class_list":["post-1678","page","type-page","status-publish","hentry"],"_links":{"self":[{"href":"https:\/\/biblian.is\/1981\/wp-json\/wp\/v2\/pages\/1678","targetHints":{"allow":["GET"]}}],"collection":[{"href":"https:\/\/biblian.is\/1981\/wp-json\/wp\/v2\/pages"}],"about":[{"href":"https:\/\/biblian.is\/1981\/wp-json\/wp\/v2\/types\/page"}],"author":[{"embeddable":true,"href":"https:\/\/biblian.is\/1981\/wp-json\/wp\/v2\/users\/1"}],"replies":[{"embeddable":true,"href":"https:\/\/biblian.is\/1981\/wp-json\/wp\/v2\/comments?post=1678"}],"version-history":[{"count":0,"href":"https:\/\/biblian.is\/1981\/wp-json\/wp\/v2\/pages\/1678\/revisions"}],"wp:attachment":[{"href":"https:\/\/biblian.is\/1981\/wp-json\/wp\/v2\/media?parent=1678"}],"curies":[{"name":"wp","href":"https:\/\/api.w.org\/{rel}","templated":true}]}}