{"id":1675,"date":"2017-11-18T20:18:13","date_gmt":"2017-11-18T20:18:13","guid":{"rendered":"http:\/\/biblian.is\/1981\/sidari-konungabok-16-kafli\/"},"modified":"2021-06-06T11:10:20","modified_gmt":"2021-06-06T11:10:20","slug":"sidari-konungabok-16-kafli","status":"publish","type":"page","link":"https:\/\/biblian.is\/1981\/sidari-konungabok-16-kafli\/","title":{"rendered":"S\u00ed\u00f0ari konungab\u00f3k 16. kafli"},"content":{"rendered":"<p><a name=\"1\"><span class=\"versanumer\">1<\/span><\/a>\u00c1 seytj\u00e1nda r\u00edkis\u00e1ri Peka Remaljasonar t\u00f3k r\u00edki Akas, sonur J\u00f3tams J\u00fadakonungs.<a name=\"2\"><span class=\"versanumer\">2<\/span><\/a>Akas var tv\u00edtugur a\u00f0 aldri, \u00fe\u00e1 er hann var\u00f0 konungur, og sext\u00e1n \u00e1r r\u00edkti hann \u00ed Jer\u00fasalem. Hann gj\u00f6r\u00f0i ekki \u00fea\u00f0, sem r\u00e9tt var \u00ed augum Drottins, Gu\u00f0s hans, svo sem Dav\u00ed\u00f0 forfa\u00f0ir hans,<a name=\"3\"><span class=\"versanumer\">3<\/span><\/a>heldur feta\u00f0i hann \u00ed f\u00f3tspor \u00cdsraelskonunga. Hann l\u00e9t jafnvel son sinn ganga gegnum eldinn og dr\u00fdg\u00f0i \u00feannig s\u00f6mu sv\u00edvir\u00f0ingarnar og \u00fe\u00e6r \u00fej\u00f3\u00f0ir, er Drottinn haf\u00f0i st\u00f6kkt burt undan \u00cdsraelsm\u00f6nnum.<a name=\"4\"><span class=\"versanumer\">4<\/span><\/a>Hann f\u00f3rna\u00f0i og sl\u00e1turf\u00f3rnum og reykelsisf\u00f3rnum \u00e1 f\u00f3rnarh\u00e6\u00f0unum og h\u00f3lunum og undir hverju gr\u00e6nu tr\u00e9.<a name=\"5\"><span class=\"versanumer\">5<\/span><\/a>\u00cd \u00feann t\u00edma f\u00f3ru \u00feeir Res\u00edn S\u00fdrlandskonungur og Peka Remaljason \u00cdsraelskonungur upp til Jer\u00fasalem til \u00feess a\u00f0 herja \u00e1 hana. Settust \u00feeir um Akas, en fengu eigi unni\u00f0 hann.<a name=\"6\"><span class=\"versanumer\">6<\/span><\/a>Um \u00fe\u00e6r mundir vann Res\u00edn S\u00fdrlandskonungur Elat aftur undir Ed\u00f3m og rak J\u00fadamenn burt fr\u00e1 Elat, en Ed\u00f3m\u00edtar komu til Elat og hafa b\u00fai\u00f0 \u00fear fram \u00e1 \u00feennan dag.<a name=\"7\"><span class=\"versanumer\">7<\/span><\/a>Akas gj\u00f6r\u00f0i sendimenn \u00e1 fund T\u00edglat P\u00edlesers Ass\u00fdr\u00edukonungs og l\u00e9t segja honum: \u00c9g er \u00fej\u00f3nn \u00feinn og sonur! Kom og frelsa mig undan valdi S\u00fdrlandskonungs og undan valdi \u00cdsraelskonungs, er r\u00e1\u00f0ist hafa \u00e1 mig.<a name=\"8\"><span class=\"versanumer\">8<\/span><\/a>Og Akas t\u00f3k silfri\u00f0 og gulli\u00f0, sem var \u00ed musteri Drottins og fj\u00e1rhirslum konungshallarinnar, og sendi Ass\u00fdr\u00edukonungi a\u00f0 gj\u00f6f.<a name=\"9\"><span class=\"versanumer\">9<\/span><\/a>Ass\u00fdr\u00edukonungur t\u00f3k vel m\u00e1li hans. S\u00ed\u00f0an f\u00f3r Ass\u00fdr\u00edukonungur herf\u00f6r til Damaskus, t\u00f3k borgina herskildi og herleiddi \u00edb\u00faana til K\u00edr, en Res\u00edn l\u00e9t hann af l\u00edfi taka.<a name=\"10\"><span class=\"versanumer\">10<\/span><\/a>Akas konungur f\u00f3r n\u00fa til Damaskus til fundar vi\u00f0 T\u00edglat P\u00edleser Ass\u00fdr\u00edukonung og s\u00e1 \u00fe\u00e1 altari\u00f0, er var \u00ed Damaskus. Sendi \u00fe\u00e1 Akas konungur \u00dar\u00eda presti uppdr\u00e1tt og fyrirmynd af altarinu, er var alveg eins og \u00fea\u00f0.<a name=\"11\"><span class=\"versanumer\">11<\/span><\/a>Og \u00dar\u00eda prestur reisti altari\u00f0. Gj\u00f6r\u00f0i \u00dar\u00eda prestur me\u00f0 \u00f6llu svo sem Akas konungur haf\u00f0i sent bo\u00f0 um fr\u00e1 Damaskus, \u00e1\u00f0ur en hann kom fr\u00e1 Damaskus.<a name=\"12\"><span class=\"versanumer\">12<\/span><\/a>\u00de\u00e1 er konungur kom fr\u00e1 Damaskus og leit altari\u00f0, \u00fe\u00e1 gekk hann a\u00f0 altarinu og<a name=\"13\"><span class=\"versanumer\">13<\/span><\/a>f\u00f3rna\u00f0i \u00e1 \u00fev\u00ed brennif\u00f3rn sinni og matf\u00f3rn, dreypti dreypif\u00f3rn sinni og st\u00f6kkti bl\u00f3\u00f0i heillaf\u00f3rna sinna \u00e1 altari\u00f0.<a name=\"14\"><span class=\"versanumer\">14<\/span><\/a>En eiraltari\u00f0, er st\u00f3\u00f0 frammi fyrir Drottni, f\u00e6r\u00f0i hann \u00fea\u00f0an sem \u00fea\u00f0 var fyrir framan musteri\u00f0, milli n\u00fdja altarisins og musteris Drottins, og setti \u00fea\u00f0 a\u00f0 nor\u00f0anver\u00f0u vi\u00f0 altari\u00f0.<a name=\"15\"><span class=\"versanumer\">15<\/span><\/a>Og Akas konungur lag\u00f0i svo fyrir \u00dar\u00eda prest: \u00c1 st\u00f3ra altarinu skalt \u00fe\u00fa f\u00f3rna morgunbrennif\u00f3rninni og kv\u00f6ldmatf\u00f3rninni, brennif\u00f3rn konungs og matf\u00f3rn hans, brennif\u00f3rnum allrar al\u00fe\u00fd\u00f0u \u00ed landinu og matf\u00f3rnum hennar og dreypif\u00f3rnum. Og \u00f6llu bl\u00f3\u00f0i brennif\u00f3rnanna og \u00f6llu bl\u00f3\u00f0i sl\u00e1turf\u00f3rnanna skalt \u00fe\u00fa st\u00f6kkva \u00e1 \u00fea\u00f0. En um eiraltari\u00f0 \u00e6tla \u00e9g a\u00f0 sko\u00f0a huga minn.<a name=\"16\"><span class=\"versanumer\">16<\/span><\/a>Og \u00dar\u00eda prestur gj\u00f6r\u00f0i allt svo sem Akas konungur haf\u00f0i bo\u00f0i\u00f0.<a name=\"17\"><span class=\"versanumer\">17<\/span><\/a>Akas konungur l\u00e9t og brj\u00f3ta speldin af v\u00f6gnum kerlauganna og t\u00f3k kerin ofan af \u00feeim. \u00de\u00e1 l\u00e9t hann og taka hafi\u00f0 ofan af eirnautunum, er undir \u00fev\u00ed st\u00f3\u00f0u, og setja \u00e1 steing\u00f3lfi\u00f0.<a name=\"18\"><span class=\"versanumer\">18<\/span><\/a>Og hv\u00edldardagsganginn, er tjalda\u00f0ur var, og \u00feeir h\u00f6f\u00f0u gj\u00f6rt \u00ed musterinu, og ytri konungsganginn t\u00f3k hann burt \u00far musteri Drottins til \u00feess a\u00f0 \u00fe\u00f3knast Ass\u00fdr\u00edukonungi.<a name=\"19\"><span class=\"versanumer\">19<\/span><\/a>\u00dea\u00f0 sem meira er a\u00f0 segja um Akas og \u00fea\u00f0, er hann gj\u00f6r\u00f0i, \u00fea\u00f0 er rita\u00f0 \u00ed \u00c1rb\u00f3kum J\u00fadakonunga.<a name=\"20\"><span class=\"versanumer\">20<\/span><\/a>Og Akas lag\u00f0ist til hv\u00edldar hj\u00e1 fe\u00f0rum s\u00ednum og var grafinn hj\u00e1 fe\u00f0rum s\u00ednum \u00ed Dav\u00ed\u00f0sborg. Og Hisk\u00eda sonur hans t\u00f3k r\u00edki eftir hann.<\/p>\n<div class=\"footnote1981\"><b>16.3<\/b> Barnsf\u00f3rn 3M\u00f3s 18.21+<br \/>\n<b>16.4<\/b> H\u00e6\u00f0ir og gr\u00e6n tr\u00e9 5M\u00f3s 12.2+<br \/>\n<b>16.5<\/b> Res\u00edn og Peka 2Kon 15.37; Jes 7-8<br \/>\n<b>16.8<\/b> Fj\u00e1rsj\u00f3\u00f0ur musterisins 2Kon 12.19+<br \/>\n<b>16.9<\/b> Herlei\u00f0ing 2Kon 15.29+<br \/>\n<b>16.12<\/b> Upp a\u00f0 altarinu 1Sam 13.9; 1Kon 12.32-33<br \/>\n<b>16.15<\/b> Brennif\u00f3rn konungs Esk 46.4-7<br \/>\n<b>16.20<\/b> Dau\u00f0i Akasar Jes 14.28<\/div>\n","protected":false},"excerpt":{"rendered":"<p>1\u00c1 seytj\u00e1nda r\u00edkis\u00e1ri Peka Remaljasonar t\u00f3k r\u00edki Akas, sonur J\u00f3tams J\u00fadakonungs.2Akas var tv\u00edtugur a\u00f0 aldri, \u00fe\u00e1 er hann var\u00f0 konungur, og sext\u00e1n \u00e1r r\u00edkti hann \u00ed Jer\u00fasalem. Hann gj\u00f6r\u00f0i ekki \u00fea\u00f0, sem r\u00e9tt var \u00ed augum Drottins, Gu\u00f0s hans, svo sem Dav\u00ed\u00f0 forfa\u00f0ir hans,3heldur feta\u00f0i hann \u00ed f\u00f3tspor \u00cdsraelskonunga. Hann l\u00e9t jafnvel son sinn ganga gegnum eldinn og dr\u00fdg\u00f0i \u00feannig s\u00f6mu sv\u00edvir\u00f0ingarnar og \u00fe\u00e6r \u00fej\u00f3\u00f0ir, er Drottinn haf\u00f0i st\u00f6kkt burt undan \u00cdsraelsm\u00f6nnum.4Hann f\u00f3rna\u00f0i og sl\u00e1turf\u00f3rnum og reykelsisf\u00f3rnum \u00e1 f\u00f3rnarh\u00e6\u00f0unum og h\u00f3lunum og undir hverju gr\u00e6nu tr\u00e9.5\u00cd \u00feann t\u00edma f\u00f3ru \u00feeir Res\u00edn S\u00fdrlandskonungur og Peka Remaljason \u00cdsraelskonungur upp til Jer\u00fasalem til <a href=\"https:\/\/biblian.is\/1981\/sidari-konungabok-16-kafli\/\"> [&#8230;]<\/a><\/p>\n","protected":false},"author":1,"featured_media":0,"parent":0,"menu_order":0,"comment_status":"open","ping_status":"open","template":"bibliukaflar.php","meta":{"footnotes":""},"class_list":["post-1675","page","type-page","status-publish","hentry"],"_links":{"self":[{"href":"https:\/\/biblian.is\/1981\/wp-json\/wp\/v2\/pages\/1675","targetHints":{"allow":["GET"]}}],"collection":[{"href":"https:\/\/biblian.is\/1981\/wp-json\/wp\/v2\/pages"}],"about":[{"href":"https:\/\/biblian.is\/1981\/wp-json\/wp\/v2\/types\/page"}],"author":[{"embeddable":true,"href":"https:\/\/biblian.is\/1981\/wp-json\/wp\/v2\/users\/1"}],"replies":[{"embeddable":true,"href":"https:\/\/biblian.is\/1981\/wp-json\/wp\/v2\/comments?post=1675"}],"version-history":[{"count":0,"href":"https:\/\/biblian.is\/1981\/wp-json\/wp\/v2\/pages\/1675\/revisions"}],"wp:attachment":[{"href":"https:\/\/biblian.is\/1981\/wp-json\/wp\/v2\/media?parent=1675"}],"curies":[{"name":"wp","href":"https:\/\/api.w.org\/{rel}","templated":true}]}}