{"id":1674,"date":"2017-11-18T20:18:13","date_gmt":"2017-11-18T20:18:13","guid":{"rendered":"http:\/\/biblian.is\/1981\/sidari-konungabok-15-kafli\/"},"modified":"2021-06-06T11:10:20","modified_gmt":"2021-06-06T11:10:20","slug":"sidari-konungabok-15-kafli","status":"publish","type":"page","link":"https:\/\/biblian.is\/1981\/sidari-konungabok-15-kafli\/","title":{"rendered":"S\u00ed\u00f0ari konungab\u00f3k 15. kafli"},"content":{"rendered":"<p><a name=\"1\"><span class=\"versanumer\">1<\/span><\/a>\u00c1 tuttugasta og sj\u00f6unda r\u00edkis\u00e1ri Jer\u00f3b\u00f3ams \u00cdsraelskonungs t\u00f3k r\u00edki Asar\u00eda sonur Amas\u00eda J\u00fadakonungs.<a name=\"2\"><span class=\"versanumer\">2<\/span><\/a>Hann var sext\u00e1n vetra gamall, er hann var\u00f0 konungur, og fimmt\u00edu og tv\u00f6 \u00e1r r\u00edkti hann \u00ed Jer\u00fasalem. M\u00f3\u00f0ir hans h\u00e9t Jekolja og var fr\u00e1 Jer\u00fasalem.<a name=\"3\"><span class=\"versanumer\">3<\/span><\/a>Hann gj\u00f6r\u00f0i \u00fea\u00f0 sem r\u00e9tt var \u00ed augum Drottins, me\u00f0 \u00f6llu svo sem gj\u00f6rt haf\u00f0i Amas\u00eda fa\u00f0ir hans.<a name=\"4\"><span class=\"versanumer\">4<\/span><\/a>\u00de\u00f3 voru f\u00f3rnarh\u00e6\u00f0irnar eigi afnumdar. Enn \u00fe\u00e1 f\u00f3rna\u00f0i l\u00fd\u00f0urinn sl\u00e1turf\u00f3rnum og reykelsisf\u00f3rnum \u00e1 h\u00e6\u00f0unum.<a name=\"5\"><span class=\"versanumer\">5<\/span><\/a>Og Drottinn sl\u00f3 konung, svo a\u00f0 hann var\u00f0 l\u00edk\u00fer\u00e1r til dau\u00f0adags. Bj\u00f3 hann kyrr \u00ed h\u00f6ll sinni, einn s\u00e9r, en J\u00f3tam konungsson veitti forst\u00f6\u00f0u h\u00f6llinni og d\u00e6mdi m\u00e1l landsmanna.<a name=\"6\"><span class=\"versanumer\">6<\/span><\/a>\u00dea\u00f0 sem meira er a\u00f0 segja um Asar\u00eda og allt, sem hann gj\u00f6r\u00f0i, \u00fea\u00f0 er rita\u00f0 \u00ed \u00c1rb\u00f3kum J\u00fadakonunga.<a name=\"7\"><span class=\"versanumer\">7<\/span><\/a>Og Asar\u00eda lag\u00f0ist til hv\u00edldar hj\u00e1 fe\u00f0rum s\u00ednum og var grafinn hj\u00e1 fe\u00f0rum s\u00ednum \u00ed Dav\u00ed\u00f0sborg. Og J\u00f3tam sonur hans t\u00f3k r\u00edki eftir hann.<a name=\"8\"><span class=\"versanumer\">8<\/span><\/a>\u00c1 \u00fer\u00edtugasta og \u00e1ttunda r\u00edkis\u00e1ri Asar\u00eda J\u00fadakonungs var\u00f0 Sakar\u00eda Jer\u00f3b\u00f3amsson konungur yfir \u00cdsrael \u00ed Samar\u00edu og r\u00edkti sex m\u00e1nu\u00f0i.<a name=\"9\"><span class=\"versanumer\">9<\/span><\/a>Hann gj\u00f6r\u00f0i \u00fea\u00f0, sem illt var \u00ed augum Drottins, svo sem gj\u00f6rt h\u00f6f\u00f0u forfe\u00f0ur hans. Hann l\u00e9t eigi af syndum Jer\u00f3b\u00f3ams Nebatssonar, \u00feeim er hann haf\u00f0i komi\u00f0 \u00cdsrael til a\u00f0 dr\u00fdgja.<a name=\"10\"><span class=\"versanumer\">10<\/span><\/a>Sall\u00fam Jabesson h\u00f3f sams\u00e6ri gegn honum og drap hann \u00ed Jibleam og t\u00f3k r\u00edki eftir hann.<a name=\"11\"><span class=\"versanumer\">11<\/span><\/a>\u00dea\u00f0 sem meira er a\u00f0 segja um Sakar\u00eda, \u00fea\u00f0 er rita\u00f0 \u00ed \u00c1rb\u00f3kum \u00cdsraelskonunga.<a name=\"12\"><span class=\"versanumer\">12<\/span><\/a>R\u00e6ttist \u00feannig or\u00f0 Drottins, \u00fea\u00f0 er hann haf\u00f0i tala\u00f0 til Jeh\u00fa: Ni\u00f0jar \u00fe\u00ednir \u00ed fj\u00f3r\u00f0a li\u00f0 skulu sitja \u00ed h\u00e1s\u00e6ti \u00cdsraels. Og \u00fea\u00f0 var\u00f0 svo.<a name=\"13\"><span class=\"versanumer\">13<\/span><\/a>Sall\u00fam Jabesson var\u00f0 konungur \u00e1 \u00fer\u00edtugasta og n\u00edunda r\u00edkis\u00e1ri \u00dass\u00eda J\u00fadakonungs og r\u00edkti m\u00e1na\u00f0art\u00edma \u00ed Samar\u00edu.<a name=\"14\"><span class=\"versanumer\">14<\/span><\/a>\u00de\u00e1 f\u00f3r Menahem Gad\u00edson fr\u00e1 Tirsa, kom til Samar\u00edu og drap Sall\u00fam Jabesson \u00ed Samar\u00edu og t\u00f3k r\u00edki eftir hann.<a name=\"15\"><span class=\"versanumer\">15<\/span><\/a>\u00dea\u00f0 sem meira er a\u00f0 segja um Sall\u00fam og sams\u00e6ri\u00f0, sem hann h\u00f3f, \u00fea\u00f0 er rita\u00f0 \u00ed \u00c1rb\u00f3kum \u00cdsraelskonunga.<a name=\"16\"><span class=\"versanumer\">16<\/span><\/a>\u00de\u00e1 eyddi Menahem Tapp\u00faa og \u00f6llu, sem \u00ed henni var, og allt landi\u00f0 umhverfis hana fr\u00e1 Tirsa, af \u00fev\u00ed a\u00f0 menn h\u00f6f\u00f0u eigi loki\u00f0 borgarhli\u00f0um upp fyrir honum, og allar \u00feunga\u00f0ar konur \u00ed borginni l\u00e9t hann rista \u00e1 kvi\u00f0.<a name=\"17\"><span class=\"versanumer\">17<\/span><\/a>\u00c1 \u00fer\u00edtugasta og n\u00edunda r\u00edkis\u00e1ri Asar\u00eda J\u00fadakonungs var\u00f0 Menahem Gad\u00edson konungur yfir \u00cdsrael og r\u00edkti t\u00edu \u00e1r \u00ed Samar\u00edu.<a name=\"18\"><span class=\"versanumer\">18<\/span><\/a>Hann gj\u00f6r\u00f0i \u00fea\u00f0, sem illt var \u00ed augum Drottins. Hann l\u00e9t ekki af neinum syndum Jer\u00f3b\u00f3ams Nebatssonar, \u00feeim er hann haf\u00f0i komi\u00f0 \u00cdsrael til a\u00f0 dr\u00fdgja.<a name=\"19\"><span class=\"versanumer\">19<\/span><\/a>\u00c1 hans d\u00f6gum r\u00e9\u00f0st P\u00fal Ass\u00fdr\u00edukonungur inn \u00ed landi\u00f0, og Menahem gaf P\u00fal \u00fe\u00fasund talentur silfurs til li\u00f0sinnis vi\u00f0 sig og til \u00feess a\u00f0 tryggja konungd\u00f3m sinn.<a name=\"20\"><span class=\"versanumer\">20<\/span><\/a>Bau\u00f0 Menahem \u00f6llum \u00cdsrael, \u00f6llum au\u00f0m\u00f6nnum, a\u00f0 grei\u00f0a Ass\u00fdr\u00edukonungi f\u00e9\u00f0: fimmt\u00edu sikla silfurs hverjum. Sneri \u00fe\u00e1 Ass\u00fdr\u00edukonungur heim aftur og haf\u00f0i eigi lengri dv\u00f6l \u00fear \u00ed landi.<a name=\"21\"><span class=\"versanumer\">21<\/span><\/a>\u00dea\u00f0 sem meira er a\u00f0 segja um Menahem og allt, sem hann gj\u00f6r\u00f0i, \u00fea\u00f0 er rita\u00f0 \u00ed \u00c1rb\u00f3kum \u00cdsraelskonunga.<a name=\"22\"><span class=\"versanumer\">22<\/span><\/a>Og Menahem lag\u00f0ist til hv\u00edldar hj\u00e1 fe\u00f0rum s\u00ednum, og Pekaja sonur hans t\u00f3k r\u00edki eftir hann.<a name=\"23\"><span class=\"versanumer\">23<\/span><\/a>\u00c1 fimmtugasta r\u00edkis\u00e1ri Asar\u00eda J\u00fadakonungs var\u00f0 Pekaja Menahemsson konungur yfir \u00cdsrael \u00ed Samar\u00edu og r\u00edkti tv\u00f6 \u00e1r.<a name=\"24\"><span class=\"versanumer\">24<\/span><\/a>Hann gj\u00f6r\u00f0i \u00fea\u00f0, sem illt var \u00ed augum Drottins. Hann l\u00e9t eigi af syndum Jer\u00f3b\u00f3ams Nebatssonar, \u00feeim er hann haf\u00f0i komi\u00f0 \u00cdsrael til a\u00f0 dr\u00fdgja.<a name=\"25\"><span class=\"versanumer\">25<\/span><\/a>Peka Remaljason riddari hans h\u00f3f sams\u00e6ri gegn honum og drap hann \u00ed Samar\u00edu, \u00ed v\u00edgi konungshalllarinnar, \u00e1samt Arg\u00f3b og Arje, og voru fimmt\u00edu manns af G\u00edlea\u00f0\u00edtum me\u00f0 honum. Og er hann haf\u00f0i stytt honum aldur, t\u00f3k hann r\u00edki eftir hann.<a name=\"26\"><span class=\"versanumer\">26<\/span><\/a>\u00dea\u00f0 sem meira er a\u00f0 segja um Pekaja og allt, sem hann gj\u00f6r\u00f0i, \u00fea\u00f0 er rita\u00f0 \u00ed \u00c1rb\u00f3kum \u00cdsraelskonunga.<a name=\"27\"><span class=\"versanumer\">27<\/span><\/a>\u00c1 fimmtugasta og \u00f6\u00f0ru r\u00edkis\u00e1ri Asar\u00eda J\u00fadakonungs var\u00f0 Peka Remaljason konungur yfir \u00cdsrael \u00ed Samar\u00edu og r\u00edkti tuttugu \u00e1r.<a name=\"28\"><span class=\"versanumer\">28<\/span><\/a>Hann gj\u00f6r\u00f0i \u00fea\u00f0, sem illt var \u00ed augum Drottins. Hann l\u00e9t ekki af syndum Jer\u00f3b\u00f3ams Nebatssonar, \u00feeim er hann haf\u00f0i komi\u00f0 \u00cdsrael til a\u00f0 dr\u00fdgja.<a name=\"29\"><span class=\"versanumer\">29<\/span><\/a>\u00c1 d\u00f6gum Peka \u00cdsraelskonungs kom T\u00edglat P\u00edleser Ass\u00fdr\u00edukonungur og t\u00f3k \u00cdj\u00f3n, Abel Bet Maaka, Jan\u00f3a, Kedes, Has\u00f3r, G\u00edlea\u00f0 og Gal\u00edleu, allt Naftal\u00edland, og herleiddi \u00edb\u00faana til Ass\u00fdr\u00edu.<a name=\"30\"><span class=\"versanumer\">30<\/span><\/a>\u00de\u00e1 h\u00f3f H\u00f3sea Elason sams\u00e6ri gegn Peka Remaljasyni, drap hann og t\u00f3k r\u00edki eftir hann, \u00e1 tuttugasta r\u00edkis\u00e1ri J\u00f3tams \u00dass\u00edasonar.<a name=\"31\"><span class=\"versanumer\">31<\/span><\/a>\u00dea\u00f0 sem meira er a\u00f0 segja um Peka og allt, sem hann gj\u00f6r\u00f0i, \u00fea\u00f0 er rita\u00f0 \u00ed \u00c1rb\u00f3kum \u00cdsraelskonunga.<a name=\"32\"><span class=\"versanumer\">32<\/span><\/a>\u00c1 \u00f6\u00f0ru r\u00edkis\u00e1ri Peka Remaljasonar \u00cdsraelskonungs t\u00f3k r\u00edki J\u00f3tam, sonur \u00dass\u00eda J\u00fadakonungs.<a name=\"33\"><span class=\"versanumer\">33<\/span><\/a>Hann var tuttugu og fimm \u00e1ra gamall, \u00fe\u00e1 er hann var\u00f0 konungur, og sext\u00e1n \u00e1r r\u00edkti hann \u00ed Jer\u00fasalem. M\u00f3\u00f0ir hans h\u00e9t Jer\u00fasa Sad\u00f3ksd\u00f3ttir.<a name=\"34\"><span class=\"versanumer\">34<\/span><\/a>Hann gj\u00f6r\u00f0i \u00fea\u00f0, sem r\u00e9tt var \u00ed augum Drottins, me\u00f0 \u00f6llu svo sem gj\u00f6rt haf\u00f0i \u00dass\u00eda fa\u00f0ir hans.<a name=\"35\"><span class=\"versanumer\">35<\/span><\/a>\u00de\u00f3 voru f\u00f3rnarh\u00e6\u00f0irnar ekki afnumdar. Enn \u00fe\u00e1 f\u00f3rna\u00f0i l\u00fd\u00f0urinn sl\u00e1turf\u00f3rnum og reykelsisf\u00f3rnum \u00e1 h\u00e6\u00f0unum. Hann reisti efra hli\u00f0i\u00f0 \u00e1 musteri Drottins.<a name=\"36\"><span class=\"versanumer\">36<\/span><\/a>\u00dea\u00f0 sem meira er a\u00f0 segja um J\u00f3tam og allt, sem hann gj\u00f6r\u00f0i, \u00fea\u00f0 er rita\u00f0 \u00ed \u00c1rb\u00f3kum J\u00fadakonunga.<a name=\"37\"><span class=\"versanumer\">37<\/span><\/a>Um \u00fe\u00e6r mundir t\u00f3k Drottinn a\u00f0 hleypa \u00feeim Res\u00edn S\u00fdrlandskonungi og Peka Remaljasyni \u00e1 J\u00fada.<a name=\"38\"><span class=\"versanumer\">38<\/span><\/a>Og J\u00f3tam lag\u00f0ist til hv\u00edldar hj\u00e1 fe\u00f0rum s\u00ednum og var grafinn hj\u00e1 fe\u00f0rum s\u00ednum \u00ed borg Dav\u00ed\u00f0s forf\u00f6\u00f0ur s\u00edns. Og Akas sonur hans t\u00f3k r\u00edki eftir hann.<\/p>\n<div class=\"footnote1981\"><b>15.5<\/b> Holdsveikur 2Kon 5.27+ &#8211; hir\u00f0stj\u00f3ri 1Kon 4.6<br \/>\n<b>15.7<\/b> Dau\u00f0i Asar\u00eda Jes 6.1<br \/>\n<b>15.29<\/b> Herlei\u00f0ing 2Kon 16.9; 17.6,23,24; 18.11,32; 24.14-16; 25.11; sbr Jer 29; Esk 1.1; Sl 137; Dan 1-6<br \/>\n<b>15.37<\/b> Res\u00edn og Peka 2Kon 16.5; Jes 7.1<\/div>\n","protected":false},"excerpt":{"rendered":"<p>1\u00c1 tuttugasta og sj\u00f6unda r\u00edkis\u00e1ri Jer\u00f3b\u00f3ams \u00cdsraelskonungs t\u00f3k r\u00edki Asar\u00eda sonur Amas\u00eda J\u00fadakonungs.2Hann var sext\u00e1n vetra gamall, er hann var\u00f0 konungur, og fimmt\u00edu og tv\u00f6 \u00e1r r\u00edkti hann \u00ed Jer\u00fasalem. M\u00f3\u00f0ir hans h\u00e9t Jekolja og var fr\u00e1 Jer\u00fasalem.3Hann gj\u00f6r\u00f0i \u00fea\u00f0 sem r\u00e9tt var \u00ed augum Drottins, me\u00f0 \u00f6llu svo sem gj\u00f6rt haf\u00f0i Amas\u00eda fa\u00f0ir hans.4\u00de\u00f3 voru f\u00f3rnarh\u00e6\u00f0irnar eigi afnumdar. Enn \u00fe\u00e1 f\u00f3rna\u00f0i l\u00fd\u00f0urinn sl\u00e1turf\u00f3rnum og reykelsisf\u00f3rnum \u00e1 h\u00e6\u00f0unum.5Og Drottinn sl\u00f3 konung, svo a\u00f0 hann var\u00f0 l\u00edk\u00fer\u00e1r til dau\u00f0adags. Bj\u00f3 hann kyrr \u00ed h\u00f6ll sinni, einn s\u00e9r, en J\u00f3tam konungsson veitti forst\u00f6\u00f0u h\u00f6llinni og d\u00e6mdi m\u00e1l landsmanna.6\u00dea\u00f0 sem meira er a\u00f0 <a href=\"https:\/\/biblian.is\/1981\/sidari-konungabok-15-kafli\/\"> [&#8230;]<\/a><\/p>\n","protected":false},"author":1,"featured_media":0,"parent":0,"menu_order":0,"comment_status":"open","ping_status":"open","template":"bibliukaflar.php","meta":{"footnotes":""},"class_list":["post-1674","page","type-page","status-publish","hentry"],"_links":{"self":[{"href":"https:\/\/biblian.is\/1981\/wp-json\/wp\/v2\/pages\/1674","targetHints":{"allow":["GET"]}}],"collection":[{"href":"https:\/\/biblian.is\/1981\/wp-json\/wp\/v2\/pages"}],"about":[{"href":"https:\/\/biblian.is\/1981\/wp-json\/wp\/v2\/types\/page"}],"author":[{"embeddable":true,"href":"https:\/\/biblian.is\/1981\/wp-json\/wp\/v2\/users\/1"}],"replies":[{"embeddable":true,"href":"https:\/\/biblian.is\/1981\/wp-json\/wp\/v2\/comments?post=1674"}],"version-history":[{"count":0,"href":"https:\/\/biblian.is\/1981\/wp-json\/wp\/v2\/pages\/1674\/revisions"}],"wp:attachment":[{"href":"https:\/\/biblian.is\/1981\/wp-json\/wp\/v2\/media?parent=1674"}],"curies":[{"name":"wp","href":"https:\/\/api.w.org\/{rel}","templated":true}]}}