{"id":1673,"date":"2017-11-18T20:18:13","date_gmt":"2017-11-18T20:18:13","guid":{"rendered":"http:\/\/biblian.is\/1981\/sidari-konungabok-14-kafli\/"},"modified":"2021-06-06T11:10:19","modified_gmt":"2021-06-06T11:10:19","slug":"sidari-konungabok-14-kafli","status":"publish","type":"page","link":"https:\/\/biblian.is\/1981\/sidari-konungabok-14-kafli\/","title":{"rendered":"S\u00ed\u00f0ari konungab\u00f3k 14. kafli"},"content":{"rendered":"<p><a name=\"1\"><span class=\"versanumer\">1<\/span><\/a>\u00c1 \u00f6\u00f0ru r\u00edkis\u00e1ri J\u00f3asar J\u00f3ahassonar \u00cdsraelskonungs var\u00f0 Amas\u00eda J\u00f3asson konungur \u00ed J\u00fada.<a name=\"2\"><span class=\"versanumer\">2<\/span><\/a>Hann var tuttugu og fimm \u00e1ra a\u00f0 aldri, \u00fe\u00e1 er hann var\u00f0 konungur, og tuttugu og n\u00edu \u00e1r r\u00edkti hann \u00ed Jer\u00fasalem. M\u00f3\u00f0ir hans h\u00e9t J\u00f3addan og var fr\u00e1 Jer\u00fasalem.<a name=\"3\"><span class=\"versanumer\">3<\/span><\/a>Hann gj\u00f6r\u00f0i \u00fea\u00f0 sem r\u00e9tt var \u00ed augum Drottins, \u00fe\u00f3 eigi eins og Dav\u00ed\u00f0 forfa\u00f0ir hans. Hann breytti \u00ed alla sta\u00f0i eins og J\u00f3as fa\u00f0ir hans haf\u00f0i breytt.<a name=\"4\"><span class=\"versanumer\">4<\/span><\/a>A\u00f0eins voru f\u00f3rnarh\u00e6\u00f0irnar ekki afnumdar. Enn \u00fe\u00e1 f\u00f3rna\u00f0i l\u00fd\u00f0urinn sl\u00e1turf\u00f3rnum og reykelsisf\u00f3rnum \u00e1 h\u00e6\u00f0unum.<a name=\"5\"><span class=\"versanumer\">5<\/span><\/a>En er Amas\u00eda var or\u00f0inn fastur \u00ed sessi, l\u00e9t hann drepa \u00fe\u00e1 menn s\u00edna, er drepi\u00f0 h\u00f6f\u00f0u konunginn f\u00f6\u00f0ur hans.<a name=\"6\"><span class=\"versanumer\">6<\/span><\/a>En b\u00f6rn mor\u00f0ingjanna l\u00e9t hann ekki af l\u00edfi taka, samkv\u00e6mt \u00fev\u00ed, sem skrifa\u00f0 er \u00ed l\u00f6gm\u00e1lsb\u00f3k M\u00f3se, \u00fear sem Drottinn m\u00e6lir svo fyrir: Fe\u00f0ur skulu ekki l\u00edfl\u00e1tnir ver\u00f0a \u00e1samt b\u00f6rnunum, og b\u00f6rn skulu ekki l\u00edfl\u00e1tin ver\u00f0a \u00e1samt fe\u00f0runum, heldur skal hver l\u00edfl\u00e1tinn ver\u00f0a fyrir s\u00edna eigin synd.<a name=\"7\"><span class=\"versanumer\">7<\/span><\/a>\u00dea\u00f0 var hann, sem vann sigur \u00e1 Ed\u00f3m\u00edtum \u00ed Saltdalnum, t\u00edu \u00fe\u00fasundum manns, og t\u00f3k Sela herskildi og nefndi hana Jokteel, og heitir h\u00fan svo enn \u00ed dag.<a name=\"8\"><span class=\"versanumer\">8<\/span><\/a>\u00de\u00e1 gj\u00f6r\u00f0i Amas\u00eda sendimenn \u00e1 fund J\u00f3asar J\u00f3ahassonar, Jeh\u00fasonar \u00cdsraelskonungs me\u00f0 svol\u00e1tandi or\u00f0sending: N\u00fa skulum vi\u00f0 reyna me\u00f0 okkur.<a name=\"9\"><span class=\"versanumer\">9<\/span><\/a>\u00de\u00e1 sendi J\u00f3as \u00cdsraelskonungur Amas\u00eda J\u00fadakonungi \u00feau andsv\u00f6r: \u00deistillinn \u00e1 L\u00edbanon gj\u00f6r\u00f0i sedrustr\u00e9nu \u00e1 L\u00edbanon svol\u00e1tandi or\u00f0sending: Gef \u00fe\u00fa syni m\u00ednum d\u00f3ttur \u00fe\u00edna a\u00f0 konu. En villid\u00fdrin \u00e1 L\u00edbanon gengu yfir \u00feistilinn og tr\u00f3\u00f0u hann sundur.<a name=\"10\"><span class=\"versanumer\">10<\/span><\/a>Af \u00fev\u00ed a\u00f0 \u00fe\u00fa vannst mikinn sigur \u00e1 Ed\u00f3m\u00edtum, hefir \u00fe\u00fa fyllst ofmetna\u00f0i. Nj\u00f3t \u00fe\u00fa fr\u00e6g\u00f0arinnar og sit kyrr heima. Hv\u00ed vilt \u00fe\u00fa egna \u00f3g\u00e6funa sj\u00e1lfum \u00fe\u00e9r og J\u00fada til falls?<a name=\"11\"><span class=\"versanumer\">11<\/span><\/a>En Amas\u00eda gaf \u00feessu engan gaum. \u00de\u00e1 f\u00f3r J\u00f3as \u00cdsraelskonungur af sta\u00f0, og var\u00f0 fundur \u00feeirra, hans og Amas\u00eda J\u00fadakonungs, \u00ed Bet Semes, er tilheyrir J\u00fada.<a name=\"12\"><span class=\"versanumer\">12<\/span><\/a>Bei\u00f0 J\u00fada \u00fear \u00f3sigur fyrir \u00cdsrael, og fl\u00fd\u00f0u \u00feeir hver til s\u00edns heima.<a name=\"13\"><span class=\"versanumer\">13<\/span><\/a>En J\u00f3as \u00cdsraelskonungur t\u00f3k h\u00f6ndum Amas\u00eda J\u00fadakonung, son J\u00f3asar Ahas\u00edasonar, \u00ed Bet Semes og f\u00f3r me\u00f0 hann til Jer\u00fasalem. Hann braut ni\u00f0ur m\u00fara Jer\u00fasalem fr\u00e1 Efra\u00edmhli\u00f0i allt a\u00f0 hornhli\u00f0inu, fj\u00f6gur hundru\u00f0 \u00e1lnir.<a name=\"14\"><span class=\"versanumer\">14<\/span><\/a>\u00dev\u00ed n\u00e6st t\u00f3k hann allt gull og silfur og \u00f6ll \u00e1h\u00f6ld, er fundust \u00ed musteri Drottins og \u00ed fj\u00e1rhirslum konungshallarinnar, svo og g\u00edsla, og sneri s\u00ed\u00f0an aftur heim til Samar\u00edu.<a name=\"15\"><span class=\"versanumer\">15<\/span><\/a>\u00dea\u00f0 sem meira er a\u00f0 segja um J\u00f3as, \u00fea\u00f0 sem hann gj\u00f6r\u00f0i og hreystiverk hans og hversu hann bar\u00f0ist vi\u00f0 Amas\u00eda J\u00fadakonung, \u00fea\u00f0 er rita\u00f0 \u00ed \u00c1rb\u00f3kum \u00cdsraelskonunga.<a name=\"16\"><span class=\"versanumer\">16<\/span><\/a>Og J\u00f3as lag\u00f0ist til hv\u00edldar hj\u00e1 fe\u00f0rum s\u00ednum og var grafinn \u00ed Samar\u00edu hj\u00e1 \u00cdsraelskonungum. Og Jer\u00f3b\u00f3am sonur hans t\u00f3k r\u00edki eftir hann.<a name=\"17\"><span class=\"versanumer\">17<\/span><\/a>En Amas\u00eda J\u00f3asson J\u00fadakonungur lif\u00f0i fimmt\u00e1n \u00e1r eftir dau\u00f0a J\u00f3asar J\u00f3ahassonar \u00cdsraelskonungs.<a name=\"18\"><span class=\"versanumer\">18<\/span><\/a>En \u00fea\u00f0 sem meira er a\u00f0 segja um Amas\u00eda, \u00fea\u00f0 er rita\u00f0 \u00ed \u00c1rb\u00f3kum J\u00fadakonunga.<a name=\"19\"><span class=\"versanumer\">19<\/span><\/a>Og menn gj\u00f6r\u00f0u sams\u00e6ri gegn Amas\u00eda \u00ed Jer\u00fasalem. Fl\u00fd\u00f0i hann \u00fe\u00e1 til Lak\u00eds. En \u00feeir sendu \u00e1 eftir honum til Lak\u00eds og l\u00e9tu drepa hann \u00fear.<a name=\"20\"><span class=\"versanumer\">20<\/span><\/a>Fluttu \u00feeir hann s\u00ed\u00f0an \u00e1 hestum, og var hann grafinn \u00ed Jer\u00fasalem hj\u00e1 fe\u00f0rum s\u00ednum \u00ed Dav\u00ed\u00f0sborg.<a name=\"21\"><span class=\"versanumer\">21<\/span><\/a>\u00de\u00e1 t\u00f3k allur J\u00fadal\u00fd\u00f0ur Asar\u00eda, \u00fe\u00f3tt hann v\u00e6ri eigi nema sext\u00e1n vetra gamall, og gj\u00f6r\u00f0i hann a\u00f0 konungi \u00ed sta\u00f0 Amas\u00eda f\u00f6\u00f0ur hans.<a name=\"22\"><span class=\"versanumer\">22<\/span><\/a>Hann v\u00edggirti Elat og vann hana aftur undir J\u00fada, eftir a\u00f0 konungurinn var lagstur til hv\u00edldar hj\u00e1 fe\u00f0rum s\u00ednum.<a name=\"23\"><span class=\"versanumer\">23<\/span><\/a>\u00c1 fimmt\u00e1nda r\u00edkis\u00e1ri Amas\u00eda J\u00f3assonar J\u00fadakonungs var\u00f0 Jer\u00f3b\u00f3am, sonur J\u00f3asar \u00cdsraelskonungs, konungur \u00ed Samar\u00edu og r\u00edkti fj\u00f6rut\u00edu og eitt \u00e1r.<a name=\"24\"><span class=\"versanumer\">24<\/span><\/a>Hann gj\u00f6r\u00f0i \u00fea\u00f0 sem illt var \u00ed augum Drottins. L\u00e9t hann eigi af neinum syndum Jer\u00f3b\u00f3ams Nebatssonar, \u00feeim er hann haf\u00f0i komi\u00f0 \u00cdsrael til a\u00f0 dr\u00fdgja.<a name=\"25\"><span class=\"versanumer\">25<\/span><\/a>Hann vann aftur \u00cdsraelsland, \u00fea\u00f0an fr\u00e1, er lei\u00f0 liggur til Hamat, allt a\u00f0 vatninu \u00e1 sl\u00e9ttlendinu, samkv\u00e6mt or\u00f0i Drottins, \u00cdsraels Gu\u00f0s, \u00fev\u00ed er hann haf\u00f0i tala\u00f0 fyrir munn \u00fej\u00f3ns s\u00edns, J\u00f3nasar sp\u00e1manns Am\u00edtta\u00edsonar fr\u00e1 Gat Hefer.<a name=\"26\"><span class=\"versanumer\">26<\/span><\/a>Drottinn haf\u00f0i s\u00e9\u00f0, a\u00f0 eymd \u00cdsraels var mj\u00f6g beisk. \u00der\u00e6lar og frelsingjar voru horfnir, og enginn var s\u00e1, er hj\u00e1lpa\u00f0i \u00cdsrael.<a name=\"27\"><span class=\"versanumer\">27<\/span><\/a>En \u00fe\u00f3 haf\u00f0i Drottinn ekki sagt, a\u00f0 hann mundi afm\u00e1 nafn \u00cdsraels af j\u00f6r\u00f0inni, enda frelsa\u00f0i hann \u00fe\u00e1 fyrir Jer\u00f3b\u00f3am J\u00f3asson.<a name=\"28\"><span class=\"versanumer\">28<\/span><\/a>\u00dea\u00f0 sem meira er a\u00f0 segja um Jer\u00f3b\u00f3am og allt, sem hann gj\u00f6r\u00f0i, og hreystiverk hans, hversu hann herja\u00f0i og hversu hann vann aftur Damaskus og Hamat, er fyrrum tilheyr\u00f0i J\u00fada, undir \u00cdsrael, \u00fea\u00f0 er rita\u00f0 \u00ed \u00c1rb\u00f3kum \u00cdsraelskonunga.<a name=\"29\"><span class=\"versanumer\">29<\/span><\/a>Og Jer\u00f3b\u00f3am lag\u00f0ist til hv\u00edldar hj\u00e1 fe\u00f0rum s\u00ednum og var grafinn \u00ed Samar\u00edu hj\u00e1 \u00cdsraelskonungum. Og Sakar\u00eda sonur hans t\u00f3k r\u00edki eftir hann.<\/p>\n<div class=\"footnote1981\"><b>14.6<\/b> Fyrir eigin afbrot Jer 31.29-30; Esk 14.12-20; 18; 33.10-20; sbr 3M\u00f3s 26.39<br \/>\n<b>14.14<\/b> Musteri\u00f0 r\u00e6nt 2Kon 25.14-15; 1Kon 14.26; 1Makk 1.21-24; 2Makk 5.15-16<br \/>\n<b>14.20<\/b> Borg Dav\u00ed\u00f0s 2Kon 9.28+<br \/>\n<b>14.25<\/b> J\u00f3nas J\u00f3n 1.1<br \/>\n<b>14.27<\/b> Afm\u00e1 nafn 5M\u00f3s 7.24; 9.14; 25.19; 29.19<br \/>\n<b>14.28<\/b> Damaskus og Hamat 2Sam 8.5-10<\/div>\n","protected":false},"excerpt":{"rendered":"<p>1\u00c1 \u00f6\u00f0ru r\u00edkis\u00e1ri J\u00f3asar J\u00f3ahassonar \u00cdsraelskonungs var\u00f0 Amas\u00eda J\u00f3asson konungur \u00ed J\u00fada.2Hann var tuttugu og fimm \u00e1ra a\u00f0 aldri, \u00fe\u00e1 er hann var\u00f0 konungur, og tuttugu og n\u00edu \u00e1r r\u00edkti hann \u00ed Jer\u00fasalem. M\u00f3\u00f0ir hans h\u00e9t J\u00f3addan og var fr\u00e1 Jer\u00fasalem.3Hann gj\u00f6r\u00f0i \u00fea\u00f0 sem r\u00e9tt var \u00ed augum Drottins, \u00fe\u00f3 eigi eins og Dav\u00ed\u00f0 forfa\u00f0ir hans. Hann breytti \u00ed alla sta\u00f0i eins og J\u00f3as fa\u00f0ir hans haf\u00f0i breytt.4A\u00f0eins voru f\u00f3rnarh\u00e6\u00f0irnar ekki afnumdar. Enn \u00fe\u00e1 f\u00f3rna\u00f0i l\u00fd\u00f0urinn sl\u00e1turf\u00f3rnum og reykelsisf\u00f3rnum \u00e1 h\u00e6\u00f0unum.5En er Amas\u00eda var or\u00f0inn fastur \u00ed sessi, l\u00e9t hann drepa \u00fe\u00e1 menn s\u00edna, er drepi\u00f0 h\u00f6f\u00f0u konunginn f\u00f6\u00f0ur hans.6En <a href=\"https:\/\/biblian.is\/1981\/sidari-konungabok-14-kafli\/\"> [&#8230;]<\/a><\/p>\n","protected":false},"author":1,"featured_media":0,"parent":0,"menu_order":0,"comment_status":"open","ping_status":"open","template":"bibliukaflar.php","meta":{"footnotes":""},"class_list":["post-1673","page","type-page","status-publish","hentry"],"_links":{"self":[{"href":"https:\/\/biblian.is\/1981\/wp-json\/wp\/v2\/pages\/1673","targetHints":{"allow":["GET"]}}],"collection":[{"href":"https:\/\/biblian.is\/1981\/wp-json\/wp\/v2\/pages"}],"about":[{"href":"https:\/\/biblian.is\/1981\/wp-json\/wp\/v2\/types\/page"}],"author":[{"embeddable":true,"href":"https:\/\/biblian.is\/1981\/wp-json\/wp\/v2\/users\/1"}],"replies":[{"embeddable":true,"href":"https:\/\/biblian.is\/1981\/wp-json\/wp\/v2\/comments?post=1673"}],"version-history":[{"count":0,"href":"https:\/\/biblian.is\/1981\/wp-json\/wp\/v2\/pages\/1673\/revisions"}],"wp:attachment":[{"href":"https:\/\/biblian.is\/1981\/wp-json\/wp\/v2\/media?parent=1673"}],"curies":[{"name":"wp","href":"https:\/\/api.w.org\/{rel}","templated":true}]}}