{"id":1672,"date":"2017-11-18T20:18:13","date_gmt":"2017-11-18T20:18:13","guid":{"rendered":"http:\/\/biblian.is\/1981\/sidari-konungabok-13-kafli\/"},"modified":"2021-06-06T11:10:19","modified_gmt":"2021-06-06T11:10:19","slug":"sidari-konungabok-13-kafli","status":"publish","type":"page","link":"https:\/\/biblian.is\/1981\/sidari-konungabok-13-kafli\/","title":{"rendered":"S\u00ed\u00f0ari konungab\u00f3k 13. kafli"},"content":{"rendered":"<p><a name=\"1\"><span class=\"versanumer\">1<\/span><\/a>\u00c1 tuttugasta og \u00feri\u00f0ja r\u00edkis\u00e1ri J\u00f3asar Ahas\u00edasonar J\u00fadakonungs var\u00f0 J\u00f3ahas Jeh\u00fason konungur yfir \u00cdsrael \u00ed Samar\u00edu og r\u00edkti seytj\u00e1n \u00e1r.<a name=\"2\"><span class=\"versanumer\">2<\/span><\/a>Hann gj\u00f6r\u00f0i \u00fea\u00f0, sem illt var \u00ed augum Drottins, og dr\u00fdg\u00f0i s\u00f6mu syndirnar og Jer\u00f3b\u00f3am Nebatsson, \u00fe\u00e6r er hann haf\u00f0i komi\u00f0 \u00cdsrael til a\u00f0 dr\u00fdgja. Hann l\u00e9t ekki af \u00feeim.<a name=\"3\"><span class=\"versanumer\">3<\/span><\/a>\u00de\u00e1 upptendra\u00f0ist rei\u00f0i Drottins gegn \u00cdsrael, og hann gaf \u00fe\u00e1 \u00ed hendur Hasael S\u00fdrlandskonungi og Benhadad syni Hasaels allan \u00feann t\u00edma.<a name=\"4\"><span class=\"versanumer\">4<\/span><\/a>En J\u00f3ahas bl\u00ed\u00f0ka\u00f0i Drottin, og Drottinn b\u00e6nheyr\u00f0i hann, \u00fev\u00ed a\u00f0 hann s\u00e1 \u00e1nau\u00f0 \u00cdsraels, hversu S\u00fdrlandskonungur k\u00faga\u00f0i \u00fe\u00e1.<a name=\"5\"><span class=\"versanumer\">5<\/span><\/a>Og Drottinn sendi \u00cdsrael hj\u00e1lparmann, svo a\u00f0 \u00feeir losnu\u00f0u undan valdi S\u00fdrlendinga, og \u00cdsraelsmenn bjuggu \u00ed tj\u00f6ldum s\u00ednum sem \u00e1\u00f0ur.<a name=\"6\"><span class=\"versanumer\">6<\/span><\/a>\u00de\u00f3 l\u00e9tu \u00feeir eigi af syndum Jer\u00f3b\u00f3ams \u00e6ttar, \u00feeim er hann haf\u00f0i komi\u00f0 \u00cdsrael til a\u00f0 dr\u00fdgja. \u00deeir h\u00e9ldu \u00e1fram a\u00f0 dr\u00fdgja \u00fe\u00e6r. As\u00e9ran st\u00f3\u00f0 og kyrr \u00ed Samar\u00edu.<a name=\"7\"><span class=\"versanumer\">7<\/span><\/a>J\u00f3ahas \u00e1tti ekkert li\u00f0 eftir nema fimmt\u00edu riddara, t\u00edu vagna og t\u00edu \u00fe\u00fasund f\u00f3tg\u00f6nguli\u00f0a, \u00fev\u00ed a\u00f0 S\u00fdrlandskonungur haf\u00f0i gj\u00f6reytt \u00feeim og gj\u00f6rt \u00fe\u00e1 sem ryk vi\u00f0 \u00fereskingu.<a name=\"8\"><span class=\"versanumer\">8<\/span><\/a>\u00dea\u00f0 sem meira er a\u00f0 segja um J\u00f3ahas og allt, sem hann gj\u00f6r\u00f0i, og hreystiverk hans, \u00fea\u00f0 er rita\u00f0 \u00ed \u00c1rb\u00f3kum \u00cdsraelskonunga.<a name=\"9\"><span class=\"versanumer\">9<\/span><\/a>Og J\u00f3ahas lag\u00f0ist til hv\u00edldar hj\u00e1 fe\u00f0rum s\u00ednum, og hann var grafinn \u00ed Samar\u00edu. Og J\u00f3as sonur hans t\u00f3k r\u00edki eftir hann.<a name=\"10\"><span class=\"versanumer\">10<\/span><\/a>\u00c1 \u00fer\u00edtugasta og sj\u00f6unda r\u00edkis\u00e1ri J\u00f3asar J\u00fadakonungs var\u00f0 J\u00f3as J\u00f3ahasson konungur yfir \u00cdsrael \u00ed Samar\u00edu og r\u00edkti sext\u00e1n \u00e1r.<a name=\"11\"><span class=\"versanumer\">11<\/span><\/a>Hann gj\u00f6r\u00f0i \u00fea\u00f0, sem illt var \u00ed augum Drottins. Hann l\u00e9t ekki af neinum syndum Jer\u00f3b\u00f3ams Nebatssonar, \u00feeim er hann haf\u00f0i komi\u00f0 \u00cdsrael til a\u00f0 dr\u00fdgja. Hann h\u00e9lt \u00e1fram a\u00f0 dr\u00fdgja \u00fe\u00e6r.<a name=\"12\"><span class=\"versanumer\">12<\/span><\/a>\u00dea\u00f0 sem meira er a\u00f0 segja um J\u00f3as og allt, sem hann gj\u00f6r\u00f0i, og hreystiverk hans, hversu hann h\u00e1\u00f0i \u00f3fri\u00f0 vi\u00f0 Amas\u00eda J\u00fadakonung, \u00fea\u00f0 er rita\u00f0 \u00ed \u00c1rb\u00f3kum \u00cdsraelskonunga.<a name=\"13\"><span class=\"versanumer\">13<\/span><\/a>Og J\u00f3as lag\u00f0ist til hv\u00edldar hj\u00e1 fe\u00f0rum s\u00ednum, og Jer\u00f3b\u00f3am settist \u00ed h\u00e1s\u00e6ti hans. Og J\u00f3as var grafinn \u00ed Samar\u00edu hj\u00e1 \u00cdsraelskonungum.<a name=\"14\"><span class=\"versanumer\">14<\/span><\/a>El\u00edsa t\u00f3k s\u00f3tt, er leiddi hann til bana. F\u00f3r \u00fe\u00e1 J\u00f3as konungur \u00ed \u00cdsrael ofan til hans, gr\u00e9t yfir honum og sag\u00f0i: Fa\u00f0ir minn, fa\u00f0ir minn, \u00fe\u00fa \u00cdsraels vagn og riddarar!<a name=\"15\"><span class=\"versanumer\">15<\/span><\/a>En El\u00edsa sag\u00f0i vi\u00f0 hann: Tak boga og \u00f6rvar. Og hann f\u00e6r\u00f0i honum boga og \u00f6rvar.<a name=\"16\"><span class=\"versanumer\">16<\/span><\/a>\u00de\u00e1 sag\u00f0i hann vi\u00f0 \u00cdsraelskonunginn: Legg h\u00f6nd \u00fe\u00edna \u00e1 bogann. Hann gj\u00f6r\u00f0i svo. \u00de\u00e1 lag\u00f0i El\u00edsa hendur s\u00ednar ofan \u00e1 hendur konungs.<a name=\"17\"><span class=\"versanumer\">17<\/span><\/a>S\u00ed\u00f0an m\u00e6lti hann: Opna \u00fe\u00fa gluggann gegnt austri. Og hann gj\u00f6r\u00f0i svo. \u00de\u00e1 sag\u00f0i El\u00edsa: Skj\u00f3t! Og hann skaut. Og El\u00edsa m\u00e6lti: Sigur\u00f6r fr\u00e1 Drottni! J\u00e1, sigur\u00f6r yfir S\u00fdrlendingum! \u00de\u00fa munt vinna sigur \u00e1 S\u00fdrlendingum \u00ed Afek, uns \u00feeir eru gj\u00f6reyddir.<a name=\"18\"><span class=\"versanumer\">18<\/span><\/a>S\u00ed\u00f0an sag\u00f0i hann: Tak \u00f6rvarnar. Og hann t\u00f3k \u00fe\u00e6r. \u00de\u00e1 sag\u00f0i hann vi\u00f0 \u00cdsraelskonunginn: Sl\u00e1 \u00fe\u00fa \u00e1 j\u00f6r\u00f0ina. Og hann sl\u00f3 \u00ferisvar sinnum, en h\u00e6tti s\u00ed\u00f0an.<a name=\"19\"><span class=\"versanumer\">19<\/span><\/a>\u00de\u00e1 gramdist gu\u00f0smanninum vi\u00f0 hann og sag\u00f0i: \u00de\u00fa hef\u00f0ir \u00e1tt a\u00f0 sl\u00e1 fimm e\u00f0a sex sinnum, \u00fe\u00e1 mundir \u00fe\u00fa hafa unni\u00f0 sigur \u00e1 S\u00fdrlendingum, uns \u00feeir hef\u00f0u veri\u00f0 gj\u00f6reyddir, en n\u00fa munt \u00fe\u00fa a\u00f0eins vinna \u00ferisvar sinnum sigur \u00e1 S\u00fdrlendingum.<a name=\"20\"><span class=\"versanumer\">20<\/span><\/a>El\u00edsa d\u00f3 og var grafinn. En r\u00e6ningjaflokkar fr\u00e1 M\u00f3ab brutust \u00fe\u00e1 inn \u00ed landi\u00f0 \u00e1 \u00e1ri hverju.<a name=\"21\"><span class=\"versanumer\">21<\/span><\/a>Og svo bar vi\u00f0, er veri\u00f0 var a\u00f0 grafa mann nokkurn, a\u00f0 menn komu allt \u00ed einu auga \u00e1 r\u00e6ningjaflokk. Fleyg\u00f0u \u00feeir \u00fe\u00e1 manninum \u00ed gr\u00f6f El\u00edsa og h\u00f6f\u00f0u sig \u00e1 brott. En er ma\u00f0urinn snart bein El\u00edsa, \u00fe\u00e1 lifna\u00f0i hann og reis \u00e1 f\u00e6tur.<a name=\"22\"><span class=\"versanumer\">22<\/span><\/a>Hasael S\u00fdrlandskonungur kreppti a\u00f0 \u00cdsrael alla \u00e6vi J\u00f3ahasar.<a name=\"23\"><span class=\"versanumer\">23<\/span><\/a>En Drottinn miskunna\u00f0i \u00feeim og s\u00e1 aumur \u00e1 \u00feeim og sneri s\u00e9r til \u00feeirra sakir s\u00e1ttm\u00e1la s\u00edns vi\u00f0 Abraham, \u00cdsak og Jakob. Vildi hann eigi, a\u00f0 \u00feeir skyldu tort\u00edmast, haf\u00f0i og eigi \u00fatsk\u00fafa\u00f0 \u00feeim fr\u00e1 augliti s\u00ednu til \u00feessa.<a name=\"24\"><span class=\"versanumer\">24<\/span><\/a>Og er Hasael S\u00fdrlandskonungur var d\u00e1inn og Benhadad sonur hans haf\u00f0i teki\u00f0 r\u00edki eftir hann,<a name=\"25\"><span class=\"versanumer\">25<\/span><\/a>\u00fe\u00e1 t\u00f3k J\u00f3as J\u00f3ahasson borgirnar aftur fr\u00e1 Benhadad Hasaelssyni, \u00fe\u00e6r er Hasael haf\u00f0i teki\u00f0 fr\u00e1 J\u00f3ahas f\u00f6\u00f0ur hans \u00ed \u00f3fri\u00f0i. Vann J\u00f3as \u00ferisvar sinnum sigur \u00e1 honum og n\u00e1\u00f0i aftur borgum \u00cdsraels.<\/p>\n<div class=\"footnote1981\"><b>13.14<\/b> Gr\u00e9t frammi fyrir honum 1M\u00f3s 45.14; 46.29; 50.1<br \/>\n<b>13.15-17<\/b> Sp\u00e1mannlegar athafnir 2Kon 13.18-19; 1Kon 11.31+<br \/>\n<b>13.22<\/b> \u00dejaka\u00f0i 2Kon 8.12+<br \/>\n<b>13.23<\/b> S\u00e1ttm\u00e1linn vi\u00f0 \u00e6ttfe\u00f0urna 5M\u00f3s 1.8; 6.10; 9.5,27; 29.12; 34.4; 1Kon 18.36+ &#8211; hrekja fr\u00e1 2Kon 17.18-20; 24.20; Jer 7.15<br \/>\n<b>13.25<\/b> \u00derisvar sinnum 2Kon 13.19<\/div>\n","protected":false},"excerpt":{"rendered":"<p>1\u00c1 tuttugasta og \u00feri\u00f0ja r\u00edkis\u00e1ri J\u00f3asar Ahas\u00edasonar J\u00fadakonungs var\u00f0 J\u00f3ahas Jeh\u00fason konungur yfir \u00cdsrael \u00ed Samar\u00edu og r\u00edkti seytj\u00e1n \u00e1r.2Hann gj\u00f6r\u00f0i \u00fea\u00f0, sem illt var \u00ed augum Drottins, og dr\u00fdg\u00f0i s\u00f6mu syndirnar og Jer\u00f3b\u00f3am Nebatsson, \u00fe\u00e6r er hann haf\u00f0i komi\u00f0 \u00cdsrael til a\u00f0 dr\u00fdgja. Hann l\u00e9t ekki af \u00feeim.3\u00de\u00e1 upptendra\u00f0ist rei\u00f0i Drottins gegn \u00cdsrael, og hann gaf \u00fe\u00e1 \u00ed hendur Hasael S\u00fdrlandskonungi og Benhadad syni Hasaels allan \u00feann t\u00edma.4En J\u00f3ahas bl\u00ed\u00f0ka\u00f0i Drottin, og Drottinn b\u00e6nheyr\u00f0i hann, \u00fev\u00ed a\u00f0 hann s\u00e1 \u00e1nau\u00f0 \u00cdsraels, hversu S\u00fdrlandskonungur k\u00faga\u00f0i \u00fe\u00e1.5Og Drottinn sendi \u00cdsrael hj\u00e1lparmann, svo a\u00f0 \u00feeir losnu\u00f0u undan valdi S\u00fdrlendinga, og \u00cdsraelsmenn bjuggu <a href=\"https:\/\/biblian.is\/1981\/sidari-konungabok-13-kafli\/\"> [&#8230;]<\/a><\/p>\n","protected":false},"author":1,"featured_media":0,"parent":0,"menu_order":0,"comment_status":"open","ping_status":"open","template":"bibliukaflar.php","meta":{"footnotes":""},"class_list":["post-1672","page","type-page","status-publish","hentry"],"_links":{"self":[{"href":"https:\/\/biblian.is\/1981\/wp-json\/wp\/v2\/pages\/1672","targetHints":{"allow":["GET"]}}],"collection":[{"href":"https:\/\/biblian.is\/1981\/wp-json\/wp\/v2\/pages"}],"about":[{"href":"https:\/\/biblian.is\/1981\/wp-json\/wp\/v2\/types\/page"}],"author":[{"embeddable":true,"href":"https:\/\/biblian.is\/1981\/wp-json\/wp\/v2\/users\/1"}],"replies":[{"embeddable":true,"href":"https:\/\/biblian.is\/1981\/wp-json\/wp\/v2\/comments?post=1672"}],"version-history":[{"count":0,"href":"https:\/\/biblian.is\/1981\/wp-json\/wp\/v2\/pages\/1672\/revisions"}],"wp:attachment":[{"href":"https:\/\/biblian.is\/1981\/wp-json\/wp\/v2\/media?parent=1672"}],"curies":[{"name":"wp","href":"https:\/\/api.w.org\/{rel}","templated":true}]}}