{"id":1671,"date":"2017-11-18T20:18:13","date_gmt":"2017-11-18T20:18:13","guid":{"rendered":"http:\/\/biblian.is\/1981\/sidari-konungabok-12-kafli\/"},"modified":"2021-06-06T11:10:19","modified_gmt":"2021-06-06T11:10:19","slug":"sidari-konungabok-12-kafli","status":"publish","type":"page","link":"https:\/\/biblian.is\/1981\/sidari-konungabok-12-kafli\/","title":{"rendered":"S\u00ed\u00f0ari konungab\u00f3k 12. kafli"},"content":{"rendered":"<p><a name=\"1\"><span class=\"versanumer\">1<\/span><\/a>\u00c1 sj\u00f6unda r\u00edkis\u00e1ri Jeh\u00fa var\u00f0 J\u00f3as konungur, og fj\u00f6rut\u00edu \u00e1r r\u00edkti hann \u00ed Jer\u00fasalem. M\u00f3\u00f0ir hans h\u00e9t Sibja og var fr\u00e1 Beerseba.<a name=\"2\"><span class=\"versanumer\">2<\/span><\/a>J\u00f3as gj\u00f6r\u00f0i \u00fea\u00f0, sem r\u00e9tt var \u00ed augum Drottins alla \u00e6vi s\u00edna, af \u00fev\u00ed a\u00f0 J\u00f3jada prestur haf\u00f0i kennt honum.<a name=\"3\"><span class=\"versanumer\">3<\/span><\/a>\u00de\u00f3 voru f\u00f3rnarh\u00e6\u00f0irnar ekki afnumdar. Enn \u00fe\u00e1 f\u00f3rna\u00f0i l\u00fd\u00f0urinn sl\u00e1turf\u00f3rnum og reykelsisf\u00f3rnum \u00e1 h\u00e6\u00f0unum.<a name=\"4\"><span class=\"versanumer\">4<\/span><\/a>Og J\u00f3as sag\u00f0i vi\u00f0 prestana: Allt f\u00e9, sem bori\u00f0 er \u00ed musteri Drottins sem helgigjafir, f\u00e9, sem lagt er \u00e1 einhvern eftir mati f\u00e9, sem menn eru metnir eftir svo og allt \u00fea\u00f0 f\u00e9, sem einhver af eigin hv\u00f6tum ber \u00ed musteri Drottins,<a name=\"5\"><span class=\"versanumer\">5<\/span><\/a>skulu prestarnir taka til s\u00edn, hver af s\u00ednum r\u00e1\u00f0unaut. En \u00feeir skulu og me\u00f0 \u00fev\u00ed gj\u00f6ra vi\u00f0 skemmdir \u00e1 musterinu, allar skemmdir, sem \u00e1 \u00fev\u00ed finnast.<a name=\"6\"><span class=\"versanumer\">6<\/span><\/a>En \u00e1 tuttugasta og \u00feri\u00f0ja r\u00edkis\u00e1ri J\u00f3asar konungs h\u00f6f\u00f0u prestarnir enn ekki gj\u00f6rt vi\u00f0 skemmdir \u00e1 musterinu.<a name=\"7\"><span class=\"versanumer\">7<\/span><\/a>\u00de\u00e1 l\u00e9t J\u00f3as konungur kalla J\u00f3jada yfirprest og hina prestana og m\u00e6lti til \u00feeirra: Hvers vegna gj\u00f6ri\u00f0 \u00fe\u00e9r ekki vi\u00f0 skemmdir \u00e1 musterinu? N\u00fa skulu\u00f0 \u00fe\u00e9r eigi framar taka vi\u00f0 neinu f\u00e9 af r\u00e1\u00f0unautum y\u00f0ar, heldur skulu\u00f0 \u00fe\u00e9r l\u00e1ta \u00fea\u00f0 af hendi fyrir skemmdum \u00e1 musterinu.<a name=\"8\"><span class=\"versanumer\">8<\/span><\/a>Og prestarnir gengu a\u00f0 \u00feeim kostum a\u00f0 taka ekki vi\u00f0 f\u00e9 af l\u00fd\u00f0num, en vera og eigi skyldir a\u00f0 gj\u00f6ra vi\u00f0 skemmdir \u00e1 musterinu.<a name=\"9\"><span class=\"versanumer\">9<\/span><\/a>S\u00ed\u00f0an t\u00f3k J\u00f3jada prestur kistu nokkra, bora\u00f0i gat \u00e1 loki\u00f0 og setti hana hj\u00e1 altarinu, h\u00e6gra megin, \u00feegar gengi\u00f0 er inn \u00ed musteri Drottins, og l\u00e9tu prestarnir, \u00feeir er geymdu inng\u00f6ngudyra, \u00ed hana allt \u00fea\u00f0 f\u00e9, er bori\u00f0 var \u00ed musteri Drottins.<a name=\"10\"><span class=\"versanumer\">10<\/span><\/a>Og er \u00feeir s\u00e1u, a\u00f0 miki\u00f0 f\u00e9 var komi\u00f0 \u00ed kistuna, kom kanslari konungs \u00feanga\u00f0 og \u00e6\u00f0sti presturinn, og bundu \u00feeir saman allt f\u00e9, sem fannst \u00ed musteri Drottins, og t\u00f6ldu \u00fea\u00f0.<a name=\"11\"><span class=\"versanumer\">11<\/span><\/a>Fengu \u00feeir s\u00ed\u00f0an f\u00e9\u00f0, er vegi\u00f0 haf\u00f0i veri\u00f0, verkstj\u00f3runum \u00ed hendur, \u00feeim er h\u00f6f\u00f0u umsj\u00f3n me\u00f0 musteri Drottins, en \u00feeir greiddu \u00fea\u00f0 tr\u00e9smi\u00f0unum og byggingam\u00f6nnunum, er st\u00f6rfu\u00f0u vi\u00f0 musteri Drottins,<a name=\"12\"><span class=\"versanumer\">12<\/span><\/a>svo og m\u00farurunum og steinsmi\u00f0unum og til \u00feess a\u00f0 kaupa fyrir vi\u00f0 og h\u00f6ggna steina til \u00feess a\u00f0 gj\u00f6ra vi\u00f0 skemmdir \u00e1 musteri Drottins, og til alls sem borga \u00feurfti fyrir vi\u00f0gj\u00f6r\u00f0 \u00e1 musterinu.<a name=\"13\"><span class=\"versanumer\">13<\/span><\/a>\u00de\u00f3 voru eigi gj\u00f6r\u00f0ir neinir silfurkatlar, skarb\u00edtar, f\u00f3rnarsk\u00e1lar, l\u00fa\u00f0rar n\u00e9 nokkurs konar \u00e1h\u00f6ld \u00far gulli e\u00f0a silfri \u00ed musteri Drottins, af f\u00e9 \u00fev\u00ed, sem bori\u00f0 var \u00ed musteri Drottins,<a name=\"14\"><span class=\"versanumer\">14<\/span><\/a>heldur fengu menn \u00fea\u00f0 verkam\u00f6nnunum, til \u00feess a\u00f0 \u00feeir fyrir \u00fea\u00f0 gj\u00f6r\u00f0u vi\u00f0 musteri Drottins.<a name=\"15\"><span class=\"versanumer\">15<\/span><\/a>En ekki h\u00e9ldu menn reikning vi\u00f0 menn \u00fe\u00e1, er \u00feeir fengu f\u00e9\u00f0 \u00ed hendur, til \u00feess a\u00f0 \u00feeir greiddu \u00fea\u00f0 verkam\u00f6nnunum, heldur gj\u00f6r\u00f0u \u00feeir \u00fea\u00f0 upp \u00e1 \u00e6ru og tr\u00fa.<a name=\"16\"><span class=\"versanumer\">16<\/span><\/a>En sektarf\u00f3rnarf\u00e9\u00f0 og syndaf\u00f3rnarf\u00e9\u00f0 var eigi bori\u00f0 \u00ed musteri Drottins. \u00dea\u00f0 \u00e1ttu prestarnir.<a name=\"17\"><span class=\"versanumer\">17<\/span><\/a>Um \u00fe\u00e6r mundir kom Hasael S\u00fdrlandskonungur, herja\u00f0i \u00e1 Gat og vann hana. En er Hasael \u00e6tla\u00f0i a\u00f0 fara til Jer\u00fasalem,<a name=\"18\"><span class=\"versanumer\">18<\/span><\/a>\u00fe\u00e1 t\u00f3k J\u00f3as J\u00fadakonungur allar helgigjafir \u00fe\u00e6r, er \u00feeir J\u00f3safat, J\u00f3ram og Ahas\u00eda forfe\u00f0ur hans, J\u00fadakonungar, h\u00f6f\u00f0u helga\u00f0, svo og helgigjafir s\u00ednar og allt gulli\u00f0, er til var \u00ed fj\u00e1rhirslum musteris Drottins og konungshallarinnar, og sendi \u00fea\u00f0 Hasael S\u00fdrlandskonungi. H\u00e6tti hann \u00fe\u00e1 vi\u00f0 a\u00f0 fara til Jer\u00fasalem.<a name=\"19\"><span class=\"versanumer\">19<\/span><\/a>En \u00fea\u00f0 sem meira er a\u00f0 segja um J\u00f3as og allt, sem hann gj\u00f6r\u00f0i, \u00fea\u00f0 er rita\u00f0 \u00ed \u00c1rb\u00f3kum J\u00fadakonunga.<a name=\"20\"><span class=\"versanumer\">20<\/span><\/a>\u00dej\u00f3nar J\u00f3asar h\u00f3fust handa, gj\u00f6r\u00f0u sams\u00e6ri og dr\u00e1pu J\u00f3as \u00ed Mill\u00f3-h\u00fasi, \u00fear sem gatan liggur ni\u00f0ur til Silla.<a name=\"21\"><span class=\"versanumer\">21<\/span><\/a>\u00deeir J\u00f3sakar S\u00edmeatsson og J\u00f3sabad S\u00f3mersson, \u00fej\u00f3nar hans, unnu \u00e1 honum, og hann var grafinn hj\u00e1 fe\u00f0rum s\u00ednum \u00ed Dav\u00ed\u00f0sborg. Og Amas\u00eda sonur hans t\u00f3k r\u00edki eftir hann.<\/p>\n<div class=\"footnote1981\"><b>12.5<\/b> Allt f\u00e9 helga\u00f0 2M\u00f3s 30.11-16; 3M\u00f3s 27.2-8<br \/>\n<b>12.6<\/b> Skemmdir 2Kon 22.3-7<br \/>\n<b>12.16<\/b> Ekki krafist reikningsskila 2Kon 22.7<br \/>\n<b>12.18<\/b> Hasael \u00f3gnar Jer\u00fasalem 2Kon 8.12+<br \/>\n<b>12.19<\/b> Fj\u00e1rsj\u00f3\u00f0ur musterisins 2Kon 16.8; 18.15; 1Kon 15.18-19<\/div>\n","protected":false},"excerpt":{"rendered":"<p>1\u00c1 sj\u00f6unda r\u00edkis\u00e1ri Jeh\u00fa var\u00f0 J\u00f3as konungur, og fj\u00f6rut\u00edu \u00e1r r\u00edkti hann \u00ed Jer\u00fasalem. M\u00f3\u00f0ir hans h\u00e9t Sibja og var fr\u00e1 Beerseba.2J\u00f3as gj\u00f6r\u00f0i \u00fea\u00f0, sem r\u00e9tt var \u00ed augum Drottins alla \u00e6vi s\u00edna, af \u00fev\u00ed a\u00f0 J\u00f3jada prestur haf\u00f0i kennt honum.3\u00de\u00f3 voru f\u00f3rnarh\u00e6\u00f0irnar ekki afnumdar. Enn \u00fe\u00e1 f\u00f3rna\u00f0i l\u00fd\u00f0urinn sl\u00e1turf\u00f3rnum og reykelsisf\u00f3rnum \u00e1 h\u00e6\u00f0unum.4Og J\u00f3as sag\u00f0i vi\u00f0 prestana: Allt f\u00e9, sem bori\u00f0 er \u00ed musteri Drottins sem helgigjafir, f\u00e9, sem lagt er \u00e1 einhvern eftir mati f\u00e9, sem menn eru metnir eftir svo og allt \u00fea\u00f0 f\u00e9, sem einhver af eigin hv\u00f6tum ber \u00ed musteri Drottins,5skulu prestarnir taka til s\u00edn, <a href=\"https:\/\/biblian.is\/1981\/sidari-konungabok-12-kafli\/\"> [&#8230;]<\/a><\/p>\n","protected":false},"author":1,"featured_media":0,"parent":0,"menu_order":0,"comment_status":"open","ping_status":"open","template":"bibliukaflar.php","meta":{"footnotes":""},"class_list":["post-1671","page","type-page","status-publish","hentry"],"_links":{"self":[{"href":"https:\/\/biblian.is\/1981\/wp-json\/wp\/v2\/pages\/1671","targetHints":{"allow":["GET"]}}],"collection":[{"href":"https:\/\/biblian.is\/1981\/wp-json\/wp\/v2\/pages"}],"about":[{"href":"https:\/\/biblian.is\/1981\/wp-json\/wp\/v2\/types\/page"}],"author":[{"embeddable":true,"href":"https:\/\/biblian.is\/1981\/wp-json\/wp\/v2\/users\/1"}],"replies":[{"embeddable":true,"href":"https:\/\/biblian.is\/1981\/wp-json\/wp\/v2\/comments?post=1671"}],"version-history":[{"count":0,"href":"https:\/\/biblian.is\/1981\/wp-json\/wp\/v2\/pages\/1671\/revisions"}],"wp:attachment":[{"href":"https:\/\/biblian.is\/1981\/wp-json\/wp\/v2\/media?parent=1671"}],"curies":[{"name":"wp","href":"https:\/\/api.w.org\/{rel}","templated":true}]}}