{"id":1670,"date":"2017-11-18T20:18:13","date_gmt":"2017-11-18T20:18:13","guid":{"rendered":"http:\/\/biblian.is\/1981\/sidari-konungabok-11-kafli\/"},"modified":"2021-06-06T11:10:18","modified_gmt":"2021-06-06T11:10:18","slug":"sidari-konungabok-11-kafli","status":"publish","type":"page","link":"https:\/\/biblian.is\/1981\/sidari-konungabok-11-kafli\/","title":{"rendered":"S\u00ed\u00f0ari konungab\u00f3k 11. kafli"},"content":{"rendered":"<p><a name=\"1\"><span class=\"versanumer\">1<\/span><\/a>\u00de\u00e1 er Atal\u00eda m\u00f3\u00f0ir Ahas\u00eda s\u00e1, a\u00f0 sonur hennar var dau\u00f0ur, f\u00f3r h\u00fan til og l\u00e9t drepa alla konungs\u00e6ttina.<a name=\"2\"><span class=\"versanumer\">2<\/span><\/a>\u00de\u00e1 t\u00f3k J\u00f3seba, d\u00f3ttir J\u00f3rams konungs, systir Ahas\u00eda, J\u00f3as Ahas\u00edason \u00e1 laun \u00far h\u00f3p konungssonanna, er dey\u00f0a \u00e1tti, og f\u00f3l hann og f\u00f3stru hans \u00ed svefnherberginu. \u00deannig leyndi h\u00fan honum fyrir Atal\u00edu, svo a\u00f0 hann var ekki drepinn.<a name=\"3\"><span class=\"versanumer\">3<\/span><\/a>Og hann var hj\u00e1 henni \u00e1 laun sex \u00e1r \u00ed musteri Drottins, me\u00f0an Atal\u00eda r\u00edkti yfir landinu.<a name=\"4\"><span class=\"versanumer\">4<\/span><\/a>En \u00e1 sj\u00f6unda \u00e1ri sendi J\u00f3jada prestur menn og l\u00e9t s\u00e6kja hundra\u00f0sh\u00f6f\u00f0ingja l\u00edfvar\u00f0arins og var\u00f0li\u00f0sins og l\u00e9t \u00fe\u00e1 koma til s\u00edn \u00ed musteri Drottins. Og hann gj\u00f6r\u00f0i vi\u00f0 \u00fe\u00e1 s\u00e1ttm\u00e1la og l\u00e9t \u00fe\u00e1 vinna ei\u00f0 \u00ed musteri Drottins. S\u00ed\u00f0an s\u00fdndi hann \u00feeim konungsson<a name=\"5\"><span class=\"versanumer\">5<\/span><\/a>og lag\u00f0i svo fyrir \u00fe\u00e1: Svo skulu\u00f0 \u00fe\u00e9r gj\u00f6ra: \u00deri\u00f0jungur y\u00f0ar, \u00fe\u00e9r er heim fari\u00f0 hv\u00edldardaginn, skulu\u00f0 halda v\u00f6r\u00f0 \u00ed konungsh\u00f6llinni.<a name=\"6\"><span class=\"versanumer\">6<\/span><\/a>Skal einn \u00feri\u00f0jungurinn vera \u00ed S\u00farhli\u00f0i, annar \u00ed hli\u00f0inu bak vi\u00f0 var\u00f0li\u00f0smennina, svo a\u00f0 \u00fe\u00e9r haldi\u00f0 v\u00f6r\u00f0 \u00ed konungsh\u00f6llinni.<a name=\"7\"><span class=\"versanumer\">7<\/span><\/a>Og b\u00e1\u00f0ir hinir \u00feri\u00f0jungsflokkar y\u00f0ar, allir \u00feeir, er fara \u00fat hv\u00edldardaginn til \u00feess a\u00f0 halda v\u00f6r\u00f0 \u00ed musteri Drottins hj\u00e1 konunginum,<a name=\"8\"><span class=\"versanumer\">8<\/span><\/a>\u00fe\u00e9r skulu\u00f0 fylkja y\u00f0ur um konung, allir me\u00f0 vopn \u00ed hendi, og hver s\u00e1, er vill brj\u00f3tast gegnum ra\u00f0irnar, skal drepinn ver\u00f0a. Skulu\u00f0 \u00fe\u00e9r \u00feannig vera me\u00f0 konungi, \u00fe\u00e1 er hann fer \u00fat og \u00feegar hann kemur heim.<a name=\"9\"><span class=\"versanumer\">9<\/span><\/a>Hundra\u00f0sh\u00f6f\u00f0ingjarnir f\u00f3ru me\u00f0 \u00f6llu svo sem J\u00f3jada prestur haf\u00f0i bo\u00f0i\u00f0, s\u00f3ttu hver s\u00edna menn, b\u00e6\u00f0i \u00fe\u00e1 er heim f\u00f3ru hv\u00edldardaginn og \u00fe\u00e1 er \u00fat f\u00f3ru hv\u00edldardaginn og komu til J\u00f3jada prests.<a name=\"10\"><span class=\"versanumer\">10<\/span><\/a>Og presturinn f\u00e9kk hundra\u00f0sh\u00f6f\u00f0ingjunum spj\u00f3tin og skj\u00f6lduna, er \u00e1tt haf\u00f0i Dav\u00ed\u00f0 konungur og voru \u00ed musteri Drottins.<a name=\"11\"><span class=\"versanumer\">11<\/span><\/a>Og var\u00f0li\u00f0smennirnir n\u00e1mu sta\u00f0ar, allir me\u00f0 vopn \u00ed hendi, allt \u00ed kringum konung, fr\u00e1 su\u00f0urhli\u00f0 musterisins a\u00f0 nor\u00f0urhli\u00f0 \u00feess, frammi fyrir altarinu og frammi fyrir musterinu.<a name=\"12\"><span class=\"versanumer\">12<\/span><\/a>\u00de\u00e1 leiddi hann konungsson fram og setti \u00e1 hann k\u00f3r\u00f3nuna og hringana. T\u00f3ku \u00feeir hann til konungs og smur\u00f0u hann, kl\u00f6ppu\u00f0u l\u00f3fum saman og hr\u00f3pu\u00f0u: Konungurinn lifi!<a name=\"13\"><span class=\"versanumer\">13<\/span><\/a>En er Atal\u00eda heyr\u00f0i \u00f3pi\u00f0 \u00ed var\u00f0li\u00f0sm\u00f6nnunum og l\u00fd\u00f0num, \u00fe\u00e1 kom h\u00fan til l\u00fd\u00f0sins \u00ed musteri Drottins.<a name=\"14\"><span class=\"versanumer\">14<\/span><\/a>S\u00e1 h\u00fan \u00fe\u00e1, a\u00f0 konungur st\u00f3\u00f0 vi\u00f0 s\u00faluna, svo sem si\u00f0ur var til, og h\u00fan s\u00e1 h\u00f6fu\u00f0smennina og l\u00fa\u00f0ursveinana hj\u00e1 konungi og allan landsl\u00fd\u00f0inn fagnandi og bl\u00e1sandi \u00ed l\u00fa\u00f0rana. \u00de\u00e1 reif Atal\u00eda kl\u00e6\u00f0i s\u00edn og kalla\u00f0i: Sams\u00e6ri, sams\u00e6ri!<a name=\"15\"><span class=\"versanumer\">15<\/span><\/a>En J\u00f3jada prestur bau\u00f0 hundra\u00f0sh\u00f6f\u00f0ingjunum, fyrirli\u00f0um hersins, og m\u00e6lti til \u00feeirra: Lei\u00f0i\u00f0 hana \u00fat milli ra\u00f0anna og drepi\u00f0 me\u00f0 sver\u00f0i hvern, sem fer \u00e1 eftir henni. \u00dev\u00ed a\u00f0 prestur haf\u00f0i sagt: Eigi skal hana drepa \u00ed musteri Drottins.<a name=\"16\"><span class=\"versanumer\">16<\/span><\/a>S\u00ed\u00f0an l\u00f6g\u00f0u \u00feeir hendur \u00e1 hana, og er h\u00fan var komin inn \u00ed konungsh\u00f6llina um hrossahli\u00f0i\u00f0, var h\u00fan drepin \u00fear.<a name=\"17\"><span class=\"versanumer\">17<\/span><\/a>J\u00f3jada gj\u00f6r\u00f0i s\u00e1ttm\u00e1la milli Drottins og konungs og l\u00fd\u00f0sins, a\u00f0 \u00feeir skyldu vera l\u00fd\u00f0ur Drottins, svo og milli konungs og l\u00fd\u00f0sins.<a name=\"18\"><span class=\"versanumer\">18<\/span><\/a>S\u00ed\u00f0an f\u00f3r allur landsl\u00fd\u00f0ur inn \u00ed musteri Baals og reif \u00fea\u00f0. \u00d6lturu hans og l\u00edkneskjur molbrutu \u00feeir, en Mattan, prest Baals, dr\u00e1pu \u00feeir fyrir \u00f6lturunum. S\u00ed\u00f0an setti prestur var\u00f0flokka vi\u00f0 musteri Drottins,<a name=\"19\"><span class=\"versanumer\">19<\/span><\/a>og hann t\u00f3k hundra\u00f0sh\u00f6f\u00f0ingjana, l\u00edfv\u00f6r\u00f0inn og var\u00f0li\u00f0smennina og allan landsl\u00fd\u00f0inn, og f\u00f3ru \u00feeir me\u00f0 konung ofan fr\u00e1 musteri Drottins og gengu um var\u00f0li\u00f0shli\u00f0i\u00f0 inn \u00ed konungsh\u00f6llina, og hann settist \u00ed konungsh\u00e1s\u00e6ti\u00f0.<a name=\"20\"><span class=\"versanumer\">20<\/span><\/a>Allur landsl\u00fd\u00f0ur fagna\u00f0i og borgin sefa\u00f0ist. En Atal\u00edu dr\u00e1pu \u00feeir me\u00f0 sver\u00f0i \u00ed konungsh\u00f6llinni.<a name=\"21\"><span class=\"versanumer\">21<\/span><\/a>J\u00f3as var sj\u00f6 vetra gamall, \u00fe\u00e1 er hann var\u00f0 konungur.<\/p>\n<div class=\"footnote1981\"><b>11.1<\/b> Uppr\u00fdma konungs\u00e6ttinni 1Kon 14.10+<br \/>\n<b>11.10<\/b> Fengurinn l\u00e1tinn af hendi 1Sam 5.2; 21.9; 31.10; 2Sam 8.11<br \/>\n<b>11.12<\/b> Konungurinn lifi 1Kon 1.39+<br \/>\n<b>11.13<\/b> Atal\u00eda heyr\u00f0i 1Kon 1.41<br \/>\n<b>11.14<\/b> Vi\u00f0 s\u00faluna 2Kon 23.3 \u2013 bl\u00e1sa \u00ed l\u00fa\u00f0rana 1Kon 1.34-40<br \/>\n<b>11.15<\/b> Ekki \u00ed musterinu 1Kon 2.30-34; sbr 4M\u00f3s 19.11-16; 2Kon 23.14<br \/>\n<b>11.18<\/b> Musteri Baals eytt 2Kon 10.26-27<br \/>\n<b>11.19<\/b> \u00cd h\u00e1s\u00e6ti\u00f0 1Kon 1.46,48<\/div>\n","protected":false},"excerpt":{"rendered":"<p>1\u00de\u00e1 er Atal\u00eda m\u00f3\u00f0ir Ahas\u00eda s\u00e1, a\u00f0 sonur hennar var dau\u00f0ur, f\u00f3r h\u00fan til og l\u00e9t drepa alla konungs\u00e6ttina.2\u00de\u00e1 t\u00f3k J\u00f3seba, d\u00f3ttir J\u00f3rams konungs, systir Ahas\u00eda, J\u00f3as Ahas\u00edason \u00e1 laun \u00far h\u00f3p konungssonanna, er dey\u00f0a \u00e1tti, og f\u00f3l hann og f\u00f3stru hans \u00ed svefnherberginu. \u00deannig leyndi h\u00fan honum fyrir Atal\u00edu, svo a\u00f0 hann var ekki drepinn.3Og hann var hj\u00e1 henni \u00e1 laun sex \u00e1r \u00ed musteri Drottins, me\u00f0an Atal\u00eda r\u00edkti yfir landinu.4En \u00e1 sj\u00f6unda \u00e1ri sendi J\u00f3jada prestur menn og l\u00e9t s\u00e6kja hundra\u00f0sh\u00f6f\u00f0ingja l\u00edfvar\u00f0arins og var\u00f0li\u00f0sins og l\u00e9t \u00fe\u00e1 koma til s\u00edn \u00ed musteri Drottins. Og hann gj\u00f6r\u00f0i vi\u00f0 \u00fe\u00e1 <a href=\"https:\/\/biblian.is\/1981\/sidari-konungabok-11-kafli\/\"> [&#8230;]<\/a><\/p>\n","protected":false},"author":1,"featured_media":0,"parent":0,"menu_order":0,"comment_status":"open","ping_status":"open","template":"bibliukaflar.php","meta":{"footnotes":""},"class_list":["post-1670","page","type-page","status-publish","hentry"],"_links":{"self":[{"href":"https:\/\/biblian.is\/1981\/wp-json\/wp\/v2\/pages\/1670","targetHints":{"allow":["GET"]}}],"collection":[{"href":"https:\/\/biblian.is\/1981\/wp-json\/wp\/v2\/pages"}],"about":[{"href":"https:\/\/biblian.is\/1981\/wp-json\/wp\/v2\/types\/page"}],"author":[{"embeddable":true,"href":"https:\/\/biblian.is\/1981\/wp-json\/wp\/v2\/users\/1"}],"replies":[{"embeddable":true,"href":"https:\/\/biblian.is\/1981\/wp-json\/wp\/v2\/comments?post=1670"}],"version-history":[{"count":0,"href":"https:\/\/biblian.is\/1981\/wp-json\/wp\/v2\/pages\/1670\/revisions"}],"wp:attachment":[{"href":"https:\/\/biblian.is\/1981\/wp-json\/wp\/v2\/media?parent=1670"}],"curies":[{"name":"wp","href":"https:\/\/api.w.org\/{rel}","templated":true}]}}