{"id":1669,"date":"2017-11-18T20:18:13","date_gmt":"2017-11-18T20:18:13","guid":{"rendered":"http:\/\/biblian.is\/1981\/sidari-konungabok-10-kafli\/"},"modified":"2021-06-06T11:10:18","modified_gmt":"2021-06-06T11:10:18","slug":"sidari-konungabok-10-kafli","status":"publish","type":"page","link":"https:\/\/biblian.is\/1981\/sidari-konungabok-10-kafli\/","title":{"rendered":"S\u00ed\u00f0ari konungab\u00f3k 10. kafli"},"content":{"rendered":"<p><a name=\"1\"><span class=\"versanumer\">1<\/span><\/a>\u00cd Samar\u00edu voru sj\u00f6t\u00edu synir Akabs. Og Jeh\u00fa skrifa\u00f0i br\u00e9f og sendi \u00feau til Samar\u00edu til h\u00f6f\u00f0ingja borgarinnar og til \u00f6ldunganna og \u00feeirra, sem f\u00f3stru\u00f0u sonu Akabs. \u00deau voru \u00e1 \u00feessa lei\u00f0:<a name=\"2\"><span class=\"versanumer\">2<\/span><\/a>\u00de\u00e1 er \u00fe\u00e9r f\u00e1i\u00f0 \u00feetta br\u00e9f, \u00fe\u00e9r sem hafi\u00f0 hj\u00e1 y\u00f0ur sonu herra y\u00f0ar og hafi\u00f0 yfir a\u00f0 r\u00e1\u00f0a v\u00f6gnum og hestum, v\u00edggirtum borgum og hervopnum,<a name=\"3\"><span class=\"versanumer\">3<\/span><\/a>\u00fe\u00e1 velji\u00f0 hinn besta og h\u00e6fasta af sonum herra y\u00f0ar og setji\u00f0 hann \u00ed h\u00e1s\u00e6ti f\u00f6\u00f0ur s\u00edns og berjist fyrir \u00e6tt herra y\u00f0ar.<a name=\"4\"><span class=\"versanumer\">4<\/span><\/a>\u00deeir ur\u00f0u mj\u00f6g hr\u00e6ddir og s\u00f6g\u00f0u: Sj\u00e1, tveir konungar fengu eigi reist r\u00f6nd vi\u00f0 honum, hvernig skyldum v\u00e9r \u00fe\u00e1 f\u00e1 sta\u00f0ist?<a name=\"5\"><span class=\"versanumer\">5<\/span><\/a>\u00de\u00e1 sendu \u00feeir dr\u00f3ttseti, borgarstj\u00f3ri, \u00f6ldungarnir og f\u00f3strarnir til Jeh\u00fa og l\u00e9tu segja honum: V\u00e9r erum \u00fe\u00ednir \u00fej\u00f3nar, og v\u00e9r viljum gj\u00f6ra allt, sem \u00fe\u00fa b\u00fd\u00f0ur oss. V\u00e9r munum engan til konungs taka. Gj\u00f6r sem \u00fe\u00e9r vel l\u00edkar.<a name=\"6\"><span class=\"versanumer\">6<\/span><\/a>\u00de\u00e1 skrifa\u00f0i hann \u00feeim anna\u00f0 br\u00e9f \u00e1 \u00feessa lei\u00f0: Ef \u00fe\u00e9r vilji\u00f0 fylgja m\u00e9r og hl\u00fd\u00f0a skipun minni, \u00fe\u00e1 taki\u00f0 h\u00f6fu\u00f0in af sonum herra y\u00f0ar og komi\u00f0 til m\u00edn \u00ed \u00feetta mund \u00e1 morgun til Jesreel. En synir konungsins, sj\u00f6t\u00edu manns, voru hj\u00e1 st\u00f3rmennum borgarinnar, er \u00f3lu \u00fe\u00e1 upp.<a name=\"7\"><span class=\"versanumer\">7<\/span><\/a>En er br\u00e9fi\u00f0 kom til \u00feeirra, t\u00f3ku \u00feeir konungssonu og sl\u00e1tru\u00f0u \u00feeim, sj\u00f6t\u00edu manns, og l\u00f6g\u00f0u h\u00f6fu\u00f0 \u00feeirra \u00ed k\u00f6rfur og sendu honum til Jesreel.<a name=\"8\"><span class=\"versanumer\">8<\/span><\/a>Og er sendima\u00f0ur kom og sag\u00f0i Jeh\u00fa, a\u00f0 \u00feeir v\u00e6ru komnir me\u00f0 h\u00f6fu\u00f0 konungssona, \u00fe\u00e1 sag\u00f0i hann: Leggi\u00f0 \u00feau \u00ed tv\u00e6r hr\u00fagur \u00fati fyrir borgarhli\u00f0inu til morguns.<a name=\"9\"><span class=\"versanumer\">9<\/span><\/a>En um morguninn f\u00f3r hann \u00fat \u00feanga\u00f0, gekk fram og m\u00e6lti til alls l\u00fd\u00f0sins: \u00de\u00e9r eru\u00f0 saklausir. Sj\u00e1, \u00e9g hefi hafi\u00f0 sams\u00e6ri \u00ed gegn herra m\u00ednum og drepi\u00f0 hann, en hver hefir unni\u00f0 \u00e1 \u00f6llum \u00feessum?<a name=\"10\"><span class=\"versanumer\">10<\/span><\/a>Kannist \u00fe\u00e1 vi\u00f0, a\u00f0 ekkert af or\u00f0um Drottins hefir falli\u00f0 til jar\u00f0ar, \u00feau er hann tala\u00f0i gegn \u00e6tt Akabs. Drottinn hefir framkv\u00e6mt \u00fea\u00f0, er hann tala\u00f0i fyrir munn \u00fej\u00f3ns s\u00edns El\u00eda.<a name=\"11\"><span class=\"versanumer\">11<\/span><\/a>Og Jeh\u00fa drap alla \u00fe\u00e1, er eftir voru af \u00e6tt Akabs \u00ed Jesreel, svo og alla h\u00f6f\u00f0ingja hans, vildarmenn og presta, svo a\u00f0 enginn var\u00f0 eftir, s\u00e1 er undan k\u00e6mist.<a name=\"12\"><span class=\"versanumer\">12<\/span><\/a>S\u00ed\u00f0an t\u00f3k Jeh\u00fa sig upp og f\u00f3r til Samar\u00edu. Og er hann kom til Bet Eked Har\u00f3\u00edm vi\u00f0 veginn,<a name=\"13\"><span class=\"versanumer\">13<\/span><\/a>\u00fe\u00e1 m\u00e6tti hann br\u00e6\u00f0rum Ahas\u00eda J\u00fadakonungs og sag\u00f0i: Hverjir eru\u00f0 \u00fe\u00e9r? \u00deeir sv\u00f6ru\u00f0u: V\u00e9r erum br\u00e6\u00f0ur Ahas\u00eda og \u00e6tlum a\u00f0 heims\u00e6kja konungssonu og sonu konungsm\u00f3\u00f0ur.<a name=\"14\"><span class=\"versanumer\">14<\/span><\/a>\u00de\u00e1 sag\u00f0i hann: Taki\u00f0 \u00fe\u00e1 h\u00f6ndum lifandi. Og \u00feeir t\u00f3ku \u00fe\u00e1 h\u00f6ndum lifandi og sl\u00e1tru\u00f0u \u00feeim og fleyg\u00f0u \u00feeim \u00ed gryfjuna hj\u00e1 Bet Eked, fj\u00f6rut\u00edu og tveimur m\u00f6nnum, og var enginn af \u00feeim eftir skilinn.<a name=\"15\"><span class=\"versanumer\">15<\/span><\/a>Og er hann f\u00f3r \u00fea\u00f0an, hitti hann J\u00f3nadab Rekabsson, er kom \u00ed m\u00f3ti honum. Hann heilsa\u00f0i honum og sag\u00f0i vi\u00f0 hann: Ert \u00fe\u00fa einl\u00e6gur vi\u00f0 mig, eins og \u00e9g er vi\u00f0 \u00feig? J\u00f3nadab svara\u00f0i: Svo er v\u00edst. \u00de\u00e1 m\u00e6lti Jeh\u00fa: Ef svo er, \u00fe\u00e1 r\u00e9tt m\u00e9r h\u00f6nd \u00fe\u00edna. \u00de\u00e1 r\u00e9tti hann honum h\u00f6nd s\u00edna, og hann l\u00e9t hann st\u00edga upp \u00ed vagninn til s\u00edn<a name=\"16\"><span class=\"versanumer\">16<\/span><\/a>og m\u00e6lti: Kom me\u00f0 m\u00e9r, \u00fe\u00e1 skalt \u00fe\u00fa f\u00e1 a\u00f0 sj\u00e1, hversu \u00e9g vandl\u00e6ti vegna Drottins. S\u00ed\u00f0an l\u00e9t hann hann fara me\u00f0 s\u00e9r \u00e1 vagni s\u00ednum.<a name=\"17\"><span class=\"versanumer\">17<\/span><\/a>Og er hann var kominn til Samar\u00edu, drap hann alla, er eftir voru af Akabs\u00e6tt \u00ed Samar\u00edu, uns hann haf\u00f0i gj\u00f6reytt \u00feeim, samkv\u00e6mt or\u00f0i Drottins, \u00fev\u00ed er hann haf\u00f0i tala\u00f0 til El\u00eda.<a name=\"18\"><span class=\"versanumer\">18<\/span><\/a>\u00dev\u00ed n\u00e6st stefndi Jeh\u00fa saman \u00f6llum l\u00fd\u00f0num og sag\u00f0i vi\u00f0 \u00fe\u00e1: Akab d\u00fdrka\u00f0i Baal sl\u00e6lega, Jeh\u00fa mun d\u00fdrka hann betur.<a name=\"19\"><span class=\"versanumer\">19<\/span><\/a>Kalli\u00f0 \u00fev\u00ed til m\u00edn alla sp\u00e1menn Baals, alla d\u00fdrkendur hans og alla presta hans. Engan m\u00e1 vanta, \u00fev\u00ed a\u00f0 \u00e9g \u00e6tla a\u00f0 halda bl\u00f3tveislu mikla fyrir Baal. Skal enginn s\u00e1 l\u00edfi halda, er l\u00e6tur sig vanta. En \u00fear beitti Jeh\u00fa br\u00f6g\u00f0um til \u00feess a\u00f0 tort\u00edma d\u00fdrkendum Baals.<a name=\"20\"><span class=\"versanumer\">20<\/span><\/a>Og Jeh\u00fa sag\u00f0i: Bo\u00f0i\u00f0 h\u00e1t\u00ed\u00f0asamkomu fyrir Baal. \u00deeir gj\u00f6r\u00f0u svo.<a name=\"21\"><span class=\"versanumer\">21<\/span><\/a>Og Jeh\u00fa sendi um allan \u00cdsrael. \u00de\u00e1 komu allir d\u00fdrkendur Baals, svo a\u00f0 enginn var eftir, s\u00e1 er eigi k\u00e6mi. Og \u00feeir gengu \u00ed musteri Baals, og musteri Baals var\u00f0 fullt enda \u00e1 milli.<a name=\"22\"><span class=\"versanumer\">22<\/span><\/a>S\u00ed\u00f0an sag\u00f0i hann vi\u00f0 umsj\u00f3narmann fatab\u00farsins: Tak \u00fat kl\u00e6\u00f0i handa \u00f6llum d\u00fdrkendum Baals. Og hann t\u00f3k \u00fat kl\u00e6\u00f0i handa \u00feeim.<a name=\"23\"><span class=\"versanumer\">23<\/span><\/a>S\u00ed\u00f0an gekk Jeh\u00fa og J\u00f3nadab Rekabsson me\u00f0 honum \u00ed musteri Baals, og hann sag\u00f0i vi\u00f0 d\u00fdrkendur Baals: G\u00e6ti\u00f0 a\u00f0 og l\u00edti\u00f0 eftir, a\u00f0 eigi s\u00e9 h\u00e9r me\u00f0al y\u00f0ar neinn af \u00fej\u00f3num Drottins, heldur d\u00fdrkendur Baals einir.<a name=\"24\"><span class=\"versanumer\">24<\/span><\/a>S\u00ed\u00f0an gekk hann inn til \u00feess a\u00f0 f\u00e6ra sl\u00e1turf\u00f3rnir og brennif\u00f3rnir. En Jeh\u00fa haf\u00f0i sett \u00e1ttat\u00edu manns fyrir utan dyrnar og sagt: Hver s\u00e1 er l\u00e6tur nokkurn af m\u00f6nnum \u00feeim, er \u00e9g f\u00e6 y\u00f0ur \u00ed hendur, sleppa undan, hann skal l\u00e1ta sitt l\u00edf fyrir hans l\u00edf.<a name=\"25\"><span class=\"versanumer\">25<\/span><\/a>\u00deegar Jeh\u00fa haf\u00f0i loki\u00f0 vi\u00f0 a\u00f0 f\u00e6ra brennif\u00f3rnina, sag\u00f0i hann vi\u00f0 var\u00f0li\u00f0smennina og riddarana: Gangi\u00f0 inn og brytji\u00f0 \u00fe\u00e1 ni\u00f0ur, enginn m\u00e1 \u00fat komast. Og \u00feeir brytju\u00f0u \u00fe\u00e1 ni\u00f0ur me\u00f0 sver\u00f0i og k\u00f6stu\u00f0u \u00feeim \u00fat. Og var\u00f0li\u00f0smennirnir og riddararnir ruddust alla lei\u00f0 inn \u00ed innh\u00fas Baalsmusterisins<a name=\"26\"><span class=\"versanumer\">26<\/span><\/a>og t\u00f3ku as\u00e9rurnar \u00fat \u00far musteri Baals og brenndu \u00fe\u00e6r.<a name=\"27\"><span class=\"versanumer\">27<\/span><\/a>Og \u00feeir rifu ni\u00f0ur merkisstein Baals, rifu s\u00ed\u00f0an musteri Baals og gj\u00f6r\u00f0u \u00far \u00fev\u00ed n\u00e1\u00f0h\u00fas, og er svo enn \u00ed dag.<a name=\"28\"><span class=\"versanumer\">28<\/span><\/a>\u00deannig \u00fatr\u00fdmdi Jeh\u00fa allri Baalsd\u00fdrkun \u00ed \u00cdsrael.<a name=\"29\"><span class=\"versanumer\">29<\/span><\/a>En af syndum Jer\u00f3b\u00f3ams Nebatssonar, er hann haf\u00f0i komi\u00f0 \u00cdsrael til a\u00f0 dr\u00fdgja, af \u00feeim l\u00e9t Jeh\u00fa ekki d\u00fdrkun gullk\u00e1lfanna \u00ed Betel og \u00ed Dan.<a name=\"30\"><span class=\"versanumer\">30<\/span><\/a>Og Drottinn sag\u00f0i vi\u00f0 Jeh\u00fa: Me\u00f0 \u00fev\u00ed a\u00f0 \u00fe\u00fa hefir leyst vel af hendi \u00fea\u00f0, er r\u00e9tt var \u00ed m\u00ednum augum, og fari\u00f0 alveg m\u00e9r a\u00f0 skapi me\u00f0 \u00e6tt Akabs, \u00fe\u00e1 skulu ni\u00f0jar \u00fe\u00ednir \u00ed fj\u00f3r\u00f0a li\u00f0 sitja \u00ed h\u00e1s\u00e6ti \u00cdsraels.<a name=\"31\"><span class=\"versanumer\">31<\/span><\/a>En Jeh\u00fa hirti eigi um a\u00f0 breyta eftir l\u00f6gm\u00e1li Drottins, \u00cdsraels Gu\u00f0s, af \u00f6llu hjarta s\u00ednu. Hann l\u00e9t eigi af syndum Jer\u00f3b\u00f3ams, \u00feeim er hann haf\u00f0i komi\u00f0 \u00cdsrael til a\u00f0 dr\u00fdgja.<a name=\"32\"><span class=\"versanumer\">32<\/span><\/a>Um \u00feessar mundir byrja\u00f0i Drottinn a\u00f0 snei\u00f0a af \u00cdsrael. Hasael vann sigur \u00e1 \u00feeim \u00e1 \u00f6llum landam\u00e6rum \u00cdsraels.<a name=\"33\"><span class=\"versanumer\">33<\/span><\/a>Fr\u00e1 J\u00f3rdan austur \u00e1 b\u00f3ginn lag\u00f0i hann undir sig allt G\u00edlea\u00f0land, Ga\u00f0\u00edta, R\u00faben\u00edta og Manass\u00edta, fr\u00e1 Ar\u00f3er, sem er vi\u00f0 Arnon\u00e1, b\u00e6\u00f0i G\u00edlea\u00f0 og Basan.<a name=\"34\"><span class=\"versanumer\">34<\/span><\/a>En \u00fea\u00f0 sem meira er a\u00f0 segja um Jeh\u00fa og allt, sem hann gj\u00f6r\u00f0i, og \u00f6ll hreystiverk hans, \u00fea\u00f0 er rita\u00f0 \u00ed \u00c1rb\u00f3kum \u00cdsraelskonunga.<a name=\"35\"><span class=\"versanumer\">35<\/span><\/a>Og Jeh\u00fa lag\u00f0ist til hv\u00edldar hj\u00e1 fe\u00f0rum s\u00ednum, og var hann grafinn \u00ed Samar\u00edu. Og J\u00f3ahas sonur hans t\u00f3k r\u00edki eftir hann.<a name=\"36\"><span class=\"versanumer\">36<\/span><\/a>En s\u00e1 t\u00edmi, er Jeh\u00fa r\u00edkti yfir \u00cdsrael \u00ed Samar\u00edu, voru tuttugu og \u00e1tta \u00e1r.<\/p>\n<div class=\"footnote1981\"><b>10.1<\/b> Br\u00e9f 2Kon 5.5-7; 19.14<br \/>\n<b>10.5<\/b> Hallarr\u00e1\u00f0sma\u00f0ur 1Kon 4.6<br \/>\n<b>10.7<\/b> \u00d3g\u00e6fa yfir konungs\u00e6ttinni 1Kon 14.10+<br \/>\n<b>10.8<\/b> Afh\u00f6ggvin h\u00f6fu\u00f0 1Sam 17.51,54; 31.9-10; 2Sam 4.7-8<br \/>\n<b>10.11<\/b> Mor\u00f0 \u00ed Jesreel H\u00f3s 1.4<br \/>\n<b>10.18<\/b> D\u00fdrka\u00f0i Baal 1Kon 16.31-32<br \/>\n<b>10.19<\/b> Sp\u00e1menn Baals 1Kon 18.19-40<br \/>\n<b>10.21<\/b> Musteri\u00f0 fylltist sbr Matt 22.10<br \/>\n<b>10.22<\/b> Kl\u00e6\u00f0i sbr Matt 22.11<br \/>\n<b>10.24<\/b> Gjalda fyrir l\u00edf 1Kon 20.39-42<br \/>\n<b>10.27<\/b> N\u00e1\u00f0h\u00fas sbr Dan 2.5; Esr 6.11<\/div>\n","protected":false},"excerpt":{"rendered":"<p>1\u00cd Samar\u00edu voru sj\u00f6t\u00edu synir Akabs. Og Jeh\u00fa skrifa\u00f0i br\u00e9f og sendi \u00feau til Samar\u00edu til h\u00f6f\u00f0ingja borgarinnar og til \u00f6ldunganna og \u00feeirra, sem f\u00f3stru\u00f0u sonu Akabs. \u00deau voru \u00e1 \u00feessa lei\u00f0:2\u00de\u00e1 er \u00fe\u00e9r f\u00e1i\u00f0 \u00feetta br\u00e9f, \u00fe\u00e9r sem hafi\u00f0 hj\u00e1 y\u00f0ur sonu herra y\u00f0ar og hafi\u00f0 yfir a\u00f0 r\u00e1\u00f0a v\u00f6gnum og hestum, v\u00edggirtum borgum og hervopnum,3\u00fe\u00e1 velji\u00f0 hinn besta og h\u00e6fasta af sonum herra y\u00f0ar og setji\u00f0 hann \u00ed h\u00e1s\u00e6ti f\u00f6\u00f0ur s\u00edns og berjist fyrir \u00e6tt herra y\u00f0ar.4\u00deeir ur\u00f0u mj\u00f6g hr\u00e6ddir og s\u00f6g\u00f0u: Sj\u00e1, tveir konungar fengu eigi reist r\u00f6nd vi\u00f0 honum, hvernig skyldum v\u00e9r \u00fe\u00e1 f\u00e1 sta\u00f0ist?5\u00de\u00e1 sendu <a href=\"https:\/\/biblian.is\/1981\/sidari-konungabok-10-kafli\/\"> [&#8230;]<\/a><\/p>\n","protected":false},"author":1,"featured_media":0,"parent":0,"menu_order":0,"comment_status":"open","ping_status":"open","template":"bibliukaflar.php","meta":{"footnotes":""},"class_list":["post-1669","page","type-page","status-publish","hentry"],"_links":{"self":[{"href":"https:\/\/biblian.is\/1981\/wp-json\/wp\/v2\/pages\/1669","targetHints":{"allow":["GET"]}}],"collection":[{"href":"https:\/\/biblian.is\/1981\/wp-json\/wp\/v2\/pages"}],"about":[{"href":"https:\/\/biblian.is\/1981\/wp-json\/wp\/v2\/types\/page"}],"author":[{"embeddable":true,"href":"https:\/\/biblian.is\/1981\/wp-json\/wp\/v2\/users\/1"}],"replies":[{"embeddable":true,"href":"https:\/\/biblian.is\/1981\/wp-json\/wp\/v2\/comments?post=1669"}],"version-history":[{"count":0,"href":"https:\/\/biblian.is\/1981\/wp-json\/wp\/v2\/pages\/1669\/revisions"}],"wp:attachment":[{"href":"https:\/\/biblian.is\/1981\/wp-json\/wp\/v2\/media?parent=1669"}],"curies":[{"name":"wp","href":"https:\/\/api.w.org\/{rel}","templated":true}]}}