{"id":1668,"date":"2017-11-18T20:18:13","date_gmt":"2017-11-18T20:18:13","guid":{"rendered":"http:\/\/biblian.is\/1981\/sidari-konungabok-9-kafli\/"},"modified":"2021-06-06T11:10:27","modified_gmt":"2021-06-06T11:10:27","slug":"sidari-konungabok-9-kafli","status":"publish","type":"page","link":"https:\/\/biblian.is\/1981\/sidari-konungabok-9-kafli\/","title":{"rendered":"S\u00ed\u00f0ari konungab\u00f3k 9. kafli"},"content":{"rendered":"<p><a name=\"1\"><span class=\"versanumer\">1<\/span><\/a>El\u00edsa sp\u00e1ma\u00f0ur kalla\u00f0i einn af sp\u00e1mannasveinunum og sag\u00f0i vi\u00f0 hann: Gyr\u00f0 \u00fe\u00fa lendar \u00fe\u00ednar, tak \u00feessa fl\u00f6sku af ol\u00edfuol\u00edu me\u00f0 \u00fe\u00e9r og far til Ram\u00f3t \u00ed G\u00edlea\u00f0.<a name=\"2\"><span class=\"versanumer\">2<\/span><\/a>Og er \u00fe\u00fa ert \u00feanga\u00f0 kominn, skalt \u00fe\u00fa svipast \u00fear um eftir Jeh\u00fa J\u00f3safatssyni, Nims\u00edsonar. Gakk s\u00ed\u00f0an til hans og bi\u00f0 hann standa upp fr\u00e1 f\u00e9l\u00f6gum s\u00ednum og far me\u00f0 hann inn \u00ed innsta herbergi\u00f0.<a name=\"3\"><span class=\"versanumer\">3<\/span><\/a>\u00dev\u00ed n\u00e6st skalt \u00fe\u00fa hella ol\u00edfuol\u00edunni yfir h\u00f6fu\u00f0 honum og segja: Svo segir Drottinn: \u00c9g smyr \u00feig til konungs yfir \u00cdsrael. Opna \u00fe\u00fa s\u00ed\u00f0an dyrnar og fl\u00fdt \u00fe\u00e9r burt og dvel eigi.<a name=\"4\"><span class=\"versanumer\">4<\/span><\/a>F\u00f3r \u00fe\u00e1 sveinninn, sveinn sp\u00e1mannsins, til Ram\u00f3t \u00ed G\u00edlea\u00f0.<a name=\"5\"><span class=\"versanumer\">5<\/span><\/a>En er hann kom \u00feanga\u00f0, s\u00e1tu herforingjarnir \u00fear saman. Og hann m\u00e6lti: \u00c9g \u00e1 erindi vi\u00f0 \u00feig, herforingi! Jeh\u00fa svara\u00f0i: Vi\u00f0 hvern af oss? Hann svara\u00f0i: Vi\u00f0 \u00feig, herforingi!<a name=\"6\"><span class=\"versanumer\">6<\/span><\/a>\u00de\u00e1 st\u00f3\u00f0 hann upp og gekk inn \u00ed h\u00fasi\u00f0. Og hann hellti ol\u00edu yfir h\u00f6fu\u00f0 honum og sag\u00f0i vi\u00f0 hann: Svo segir Drottinn, \u00cdsraels Gu\u00f0: \u00c9g smyr \u00feig til konungs yfir l\u00fd\u00f0 Drottins, yfir \u00cdsrael.<a name=\"7\"><span class=\"versanumer\">7<\/span><\/a>\u00de\u00fa skalt \u00fatr\u00fdma \u00e6tt Akabs, herra \u00fe\u00edns, svo a\u00f0 \u00e9g f\u00e1i \u00feann veg komi\u00f0 fram hefndum \u00e1 Jesebel fyrir bl\u00f3\u00f0 \u00fej\u00f3na minna, sp\u00e1mannanna, og fyrir bl\u00f3\u00f0 allra \u00fej\u00f3na Drottins.<a name=\"8\"><span class=\"versanumer\">8<\/span><\/a>J\u00e1, \u00f6ll \u00e6tt Akabs skal fyrirfarast, og \u00e9g mun uppr\u00e6ta fyrir Akabs\u00e6tt hvern karlmann, b\u00e6\u00f0i \u00fer\u00e6l og frelsingja \u00ed \u00cdsrael.<a name=\"9\"><span class=\"versanumer\">9<\/span><\/a>Og \u00e9g mun fara me\u00f0 \u00e6tt Akabs eins og me\u00f0 \u00e6tt Jer\u00f3b\u00f3ams Nebatssonar og \u00e6tt Basa Ah\u00edasonar.<a name=\"10\"><span class=\"versanumer\">10<\/span><\/a>En Jesebel skulu hundar eta \u00ed landareign Jesreelborgar, og enginn skal jar\u00f0a hana. S\u00ed\u00f0an lauk hann upp hur\u00f0inni og fl\u00fdtti s\u00e9r burt.<a name=\"11\"><span class=\"versanumer\">11<\/span><\/a>En er Jeh\u00fa kom \u00fat til \u00fej\u00f3na herra s\u00edns, s\u00f6g\u00f0u \u00feeir vi\u00f0 hann: Er nokku\u00f0 a\u00f0? Hvers vegna er \u00feessi vitfirringur til \u00fe\u00edn kominn? Hann svara\u00f0i \u00feeim: \u00de\u00e9r \u00feekki\u00f0 manninn og tal hans.<a name=\"12\"><span class=\"versanumer\">12<\/span><\/a>\u00de\u00e1 s\u00f6g\u00f0u \u00feeir: \u00dea\u00f0 er \u00f3satt m\u00e1l! Seg oss \u00fea\u00f0. \u00de\u00e1 sag\u00f0i hann: Svo og svo hefir hann vi\u00f0 mig tala\u00f0 og sagt: Svo segir Drottinn: \u00c9g smyr \u00feig til konungs yfir \u00cdsrael.<a name=\"13\"><span class=\"versanumer\">13<\/span><\/a>\u00de\u00e1 t\u00f3ku \u00feeir \u00ed skyndi hver s\u00edna yfirh\u00f6fn og l\u00f6g\u00f0u fyrir f\u00e6tur honum \u00e1 sj\u00e1lfar tr\u00f6ppurnar, \u00feeyttu l\u00fa\u00f0urinn og hr\u00f3pu\u00f0u: Jeh\u00fa er konungur or\u00f0inn!<a name=\"14\"><span class=\"versanumer\">14<\/span><\/a>\u00deannig h\u00f3f Jeh\u00fa J\u00f3safatsson, Nims\u00edsonar, sams\u00e6ri gegn J\u00f3ram, en J\u00f3ram og allur \u00cdsrael haf\u00f0i vari\u00f0 Ram\u00f3t \u00ed G\u00edlea\u00f0 fyrir Hasael S\u00fdrlandskonungi.<a name=\"15\"><span class=\"versanumer\">15<\/span><\/a>En s\u00ed\u00f0an haf\u00f0i J\u00f3ram konungur sn\u00fai\u00f0 aftur til \u00feess a\u00f0 l\u00e1ta gr\u00e6\u00f0a s\u00e1r s\u00edn \u00ed Jesreel, \u00feau er S\u00fdrlendingar h\u00f6f\u00f0u veitt honum, \u00fe\u00e1 er hann bar\u00f0ist vi\u00f0 Hasael S\u00fdrlandskonung. Jeh\u00fa m\u00e6lti: Ef \u00fe\u00e9r vilji\u00f0 fylgja m\u00e9r, \u00fe\u00e1 l\u00e1ti\u00f0 engan undan komast \u00fat \u00far borginni til \u00feess a\u00f0 segja t\u00ed\u00f0indin \u00ed Jesreel.<a name=\"16\"><span class=\"versanumer\">16<\/span><\/a>S\u00ed\u00f0an steig Jeh\u00fa \u00e1 vagn sinn og h\u00e9lt til Jesreel, \u00fev\u00ed a\u00f0 \u00fear l\u00e1 J\u00f3ram, og Ahas\u00eda J\u00fadakonungur var kominn \u00feanga\u00f0 til a\u00f0 vitja um J\u00f3ram.<a name=\"17\"><span class=\"versanumer\">17<\/span><\/a>Var\u00f0ma\u00f0ur st\u00f3\u00f0 uppi \u00e1 turninum \u00ed Jesreel, og er hann s\u00e1 flokk Jeh\u00fa koma, sag\u00f0i hann: \u00c9g s\u00e9 flokk manna. \u00de\u00e1 m\u00e6lti J\u00f3ram: Tak riddara og send m\u00f3ti \u00feeim til \u00feess a\u00f0 spyrja \u00fe\u00e1, hvort \u00feeir fari me\u00f0 fri\u00f0i.<a name=\"18\"><span class=\"versanumer\">18<\/span><\/a>Riddarinn f\u00f3r \u00ed m\u00f3ti honum og sag\u00f0i: Konungur l\u00e6tur spyrja, hvort \u00fe\u00e9r fari\u00f0 me\u00f0 fri\u00f0i. Jeh\u00fa svara\u00f0i: Hva\u00f0 var\u00f0ar \u00feig um \u00fea\u00f0? Sn\u00fa vi\u00f0 og fylg m\u00e9r. Var\u00f0ma\u00f0urinn sag\u00f0i fr\u00e1 \u00fev\u00ed og m\u00e6lti: Sendima\u00f0urinn er kominn til \u00feeirra, en kemur ekki aftur.<a name=\"19\"><span class=\"versanumer\">19<\/span><\/a>\u00de\u00e1 sendi hann annan riddara, og er hann kom til \u00feeirra, sag\u00f0i hann: Konungur l\u00e6tur spyrja, hvort \u00fe\u00e9r fari\u00f0 me\u00f0 fri\u00f0i. Jeh\u00fa svara\u00f0i: Hva\u00f0 var\u00f0ar \u00feig um \u00fea\u00f0? Sn\u00fa vi\u00f0 og fylg m\u00e9r.<a name=\"20\"><span class=\"versanumer\">20<\/span><\/a>Var\u00f0ma\u00f0urinn sag\u00f0i fr\u00e1 \u00fev\u00ed og m\u00e6lti: Hann er kominn til \u00feeirra, en kemur ekki aftur. Er \u00fear eki\u00f0, sem aki \u00fear Jeh\u00fa Nims\u00edson, \u00fev\u00ed a\u00f0 hann ekur eins og vitlaus ma\u00f0ur.<a name=\"21\"><span class=\"versanumer\">21<\/span><\/a>\u00de\u00e1 bau\u00f0 J\u00f3ram a\u00f0 beita fyrir vagn sinn. Og er beitt haf\u00f0i veri\u00f0 fyrir vagn hans, f\u00f3ru \u00feeir J\u00f3ram \u00cdsraelskonungur og Ahas\u00eda J\u00fadakonungur af sta\u00f0, hvor \u00e1 s\u00ednum vagni. F\u00f3ru \u00feeir \u00ed m\u00f3ti Jeh\u00fa og hittu hann \u00e1 landspildu Nab\u00f3ts Jesreel\u00edta.<a name=\"22\"><span class=\"versanumer\">22<\/span><\/a>En er J\u00f3ram s\u00e1 Jeh\u00fa, sag\u00f0i hann: Fer \u00fe\u00fa me\u00f0 fri\u00f0i, Jeh\u00fa? Hann svara\u00f0i: Hva\u00f0 er um fri\u00f0 a\u00f0 r\u00e6\u00f0a, me\u00f0an Jesebel m\u00f3\u00f0ir \u00fe\u00edn heldur \u00e1fram me\u00f0 h\u00f3rd\u00f3m sinn og hina margv\u00edslegu t\u00f6fra s\u00edna?<a name=\"23\"><span class=\"versanumer\">23<\/span><\/a>\u00de\u00e1 sneri J\u00f3ram vi\u00f0 og lag\u00f0i \u00e1 fl\u00f3tta og kalla\u00f0i til Ahas\u00eda: Svik, Ahas\u00eda!<a name=\"24\"><span class=\"versanumer\">24<\/span><\/a>En Jeh\u00fa \u00fereif boga sinn og skaut J\u00f3ram milli her\u00f0a, svo a\u00f0 \u00f6rin gekk \u00ed gegnum hjarta\u00f0, og hn\u00e9 hann ni\u00f0ur \u00ed vagni s\u00ednum.<a name=\"25\"><span class=\"versanumer\">25<\/span><\/a>\u00de\u00e1 sag\u00f0i hann vi\u00f0 B\u00eddkar, riddara sinn: Tak hann og kasta honum \u00e1 landspildu Nab\u00f3ts Jesreel\u00edta, \u00fev\u00ed a\u00f0 \u00fe\u00fa manst v\u00edst, a\u00f0 \u00e9g og \u00fe\u00fa ri\u00f0um b\u00e1\u00f0ir \u00e1 eftir Akab f\u00f6\u00f0ur hans, \u00fe\u00e1 er Drottinn kva\u00f0 upp \u00feessi d\u00f3msor\u00f0 gegn honum:<a name=\"26\"><span class=\"versanumer\">26<\/span><\/a>Sannarlega s\u00e1 \u00e9g \u00ed g\u00e6r bl\u00f3\u00f0 Nab\u00f3ts og bl\u00f3\u00f0 barna hans, segir Drottinn, og mun \u00e9g launa \u00fe\u00e9r \u00e1 landspildu \u00feessari, segir Drottinn. Tak hann \u00fev\u00ed og kasta honum \u00e1 landspilduna eftir or\u00f0i Drottins.<a name=\"27\"><span class=\"versanumer\">27<\/span><\/a>\u00deegar Ahas\u00eda J\u00fadakonungur s\u00e1 \u00feetta, fl\u00fd\u00f0i hann \u00ed \u00e1ttina til gar\u00f0h\u00fassins. En Jeh\u00fa elti hann og sag\u00f0i: Hann l\u00edka! Skj\u00f3ti\u00f0 hann \u00ed vagninum! Og \u00feeir skutu hann \u00e1 G\u00far-st\u00edgnum, sem er hj\u00e1 Jibleam. Og hann fl\u00fd\u00f0i til Megidd\u00f3 og d\u00f3 \u00fear.<a name=\"28\"><span class=\"versanumer\">28<\/span><\/a>S\u00ed\u00f0an settu menn hans hann \u00e1 vagn og fluttu hann til Jer\u00fasalem og j\u00f6r\u00f0u\u00f0u hann \u00ed gr\u00f6f hans hj\u00e1 fe\u00f0rum hans \u00ed borg Dav\u00ed\u00f0s.<a name=\"29\"><span class=\"versanumer\">29<\/span><\/a>En Ahas\u00eda haf\u00f0i or\u00f0i\u00f0 konungur \u00ed J\u00fada \u00e1 ellefta r\u00edkis\u00e1ri J\u00f3rams Akabssonar.<a name=\"30\"><span class=\"versanumer\">30<\/span><\/a>N\u00fa kom Jeh\u00fa til Jesreel. En er Jesebel fr\u00e9tti \u00fea\u00f0, smur\u00f0i h\u00fan sig \u00ed kringum augun skr\u00fdddi h\u00f6fu\u00f0 sitt og horf\u00f0i \u00fat um gluggann.<a name=\"31\"><span class=\"versanumer\">31<\/span><\/a>Og er Jeh\u00fa kom \u00ed hli\u00f0i\u00f0, kalla\u00f0i h\u00fan: Hvernig l\u00ed\u00f0ur Simr\u00ed, sem myrti herra sinn?<a name=\"32\"><span class=\"versanumer\">32<\/span><\/a>En hann leit upp \u00ed gluggann og m\u00e6lti: Hver er me\u00f0 m\u00e9r, hver? Og er tveir e\u00f0a \u00fer\u00edr hir\u00f0menn litu \u00fat til hans,<a name=\"33\"><span class=\"versanumer\">33<\/span><\/a>sag\u00f0i hann: Kasti\u00f0 henni ofan! Og \u00feeir k\u00f6stu\u00f0u henni ofan, og slettist \u00fe\u00e1 bl\u00f3\u00f0 hennar \u00e1 vegginn og hestana, og tr\u00f3\u00f0u \u00feeir hana undir f\u00f3tunum.<a name=\"34\"><span class=\"versanumer\">34<\/span><\/a>En hann gekk inn og \u00e1t og drakk. S\u00ed\u00f0an sag\u00f0i hann: L\u00edti\u00f0 eftir \u00feessari b\u00f6lvu\u00f0u konu og jar\u00f0i\u00f0 hana, \u00fev\u00ed a\u00f0 konungsd\u00f3ttir er h\u00fan.<a name=\"35\"><span class=\"versanumer\">35<\/span><\/a>\u00de\u00e1 f\u00f3ru \u00feeir til \u00feess a\u00f0 jar\u00f0a hana, en fundu ekkert af henni, nema hausk\u00fapuna og f\u00e6tur og hendur.<a name=\"36\"><span class=\"versanumer\">36<\/span><\/a>Og er \u00feeir komu aftur og s\u00f6g\u00f0u honum fr\u00e1, m\u00e6lti hann: R\u00e6tast n\u00fa or\u00f0 Drottins, \u00feau er hann tala\u00f0i fyrir munn \u00fej\u00f3ns s\u00edns El\u00eda fr\u00e1 Tisbe: \u00c1 landareign Jesreelborgar skulu hundar eta hold Jesebelar,<a name=\"37\"><span class=\"versanumer\">37<\/span><\/a>og hr\u00e6 Jesebelar skal liggja \u00e1 landareign Jesreelborgar sem ta\u00f0 \u00e1 t\u00fani, svo a\u00f0 menn skulu ekki geta sagt: \u00dea\u00f0 er Jesebel.<\/p>\n<div class=\"footnote1981\"><b>9.3<\/b> Konungur yfir \u00cdsrael 1Kon 19.16; sbr 1Kon 1.34,39<br \/>\n<b>9.7<\/b> Gu\u00f0 hefnir fyrir gl\u00e6pi 1Kon 18.4; 19.2; 21.8-10<br \/>\n<b>9.8<\/b> \u00d3g\u00e6fa yfir konung\u00e6ttinni 1Kon 14.10+<br \/>\n<b>9.10<\/b> Hundar eta Jesebel 1Kon 21.23+<br \/>\n<b>9.11<\/b> Vitfirringur Jer 29.26; H\u00f3s 9.7<br \/>\n<b>9.13<\/b> Brei\u00f0a \u00fat kl\u00e6\u00f0i sbr Matt 21.7-8 og hlst. \u2013 lifi konungurinn 1Kon 1.39+<br \/>\n<b>9.15<\/b> S\u00e1r J\u00f3rams 2Kon 8.29<br \/>\n<b>9.17<\/b> V\u00f6r\u00f0ur 2Sam 13.34; 18.24-27; Jes 21.6-8; Esk 3.17<br \/>\n<b>9.28<\/b> \u00cd borg fe\u00f0ra sinna 2Kon 14.20; 23.30; 1Kon 22.37<br \/>\n<b>9.33<\/b> Tra\u00f0ka \u00e1 Jes 14.25; M\u00edk 7.10; Mal 3.21, Slm 18.43; 1Makk 3.45; L\u00fak 21.24; Opb 11.2<br \/>\n<b>9.37<\/b> Sem ta\u00f0 Jer 8.2<\/div>\n","protected":false},"excerpt":{"rendered":"<p>1El\u00edsa sp\u00e1ma\u00f0ur kalla\u00f0i einn af sp\u00e1mannasveinunum og sag\u00f0i vi\u00f0 hann: Gyr\u00f0 \u00fe\u00fa lendar \u00fe\u00ednar, tak \u00feessa fl\u00f6sku af ol\u00edfuol\u00edu me\u00f0 \u00fe\u00e9r og far til Ram\u00f3t \u00ed G\u00edlea\u00f0.2Og er \u00fe\u00fa ert \u00feanga\u00f0 kominn, skalt \u00fe\u00fa svipast \u00fear um eftir Jeh\u00fa J\u00f3safatssyni, Nims\u00edsonar. Gakk s\u00ed\u00f0an til hans og bi\u00f0 hann standa upp fr\u00e1 f\u00e9l\u00f6gum s\u00ednum og far me\u00f0 hann inn \u00ed innsta herbergi\u00f0.3\u00dev\u00ed n\u00e6st skalt \u00fe\u00fa hella ol\u00edfuol\u00edunni yfir h\u00f6fu\u00f0 honum og segja: Svo segir Drottinn: \u00c9g smyr \u00feig til konungs yfir \u00cdsrael. Opna \u00fe\u00fa s\u00ed\u00f0an dyrnar og fl\u00fdt \u00fe\u00e9r burt og dvel eigi.4F\u00f3r \u00fe\u00e1 sveinninn, sveinn sp\u00e1mannsins, til Ram\u00f3t \u00ed G\u00edlea\u00f0.5En <a href=\"https:\/\/biblian.is\/1981\/sidari-konungabok-9-kafli\/\"> [&#8230;]<\/a><\/p>\n","protected":false},"author":1,"featured_media":0,"parent":0,"menu_order":0,"comment_status":"open","ping_status":"open","template":"bibliukaflar.php","meta":{"footnotes":""},"class_list":["post-1668","page","type-page","status-publish","hentry"],"_links":{"self":[{"href":"https:\/\/biblian.is\/1981\/wp-json\/wp\/v2\/pages\/1668","targetHints":{"allow":["GET"]}}],"collection":[{"href":"https:\/\/biblian.is\/1981\/wp-json\/wp\/v2\/pages"}],"about":[{"href":"https:\/\/biblian.is\/1981\/wp-json\/wp\/v2\/types\/page"}],"author":[{"embeddable":true,"href":"https:\/\/biblian.is\/1981\/wp-json\/wp\/v2\/users\/1"}],"replies":[{"embeddable":true,"href":"https:\/\/biblian.is\/1981\/wp-json\/wp\/v2\/comments?post=1668"}],"version-history":[{"count":0,"href":"https:\/\/biblian.is\/1981\/wp-json\/wp\/v2\/pages\/1668\/revisions"}],"wp:attachment":[{"href":"https:\/\/biblian.is\/1981\/wp-json\/wp\/v2\/media?parent=1668"}],"curies":[{"name":"wp","href":"https:\/\/api.w.org\/{rel}","templated":true}]}}