{"id":1667,"date":"2017-11-18T20:18:13","date_gmt":"2017-11-18T20:18:13","guid":{"rendered":"http:\/\/biblian.is\/1981\/sidari-konungabok-8-kafli\/"},"modified":"2021-06-06T11:10:27","modified_gmt":"2021-06-06T11:10:27","slug":"sidari-konungabok-8-kafli","status":"publish","type":"page","link":"https:\/\/biblian.is\/1981\/sidari-konungabok-8-kafli\/","title":{"rendered":"S\u00ed\u00f0ari konungab\u00f3k 8. kafli"},"content":{"rendered":"<p><a name=\"1\"><span class=\"versanumer\">1<\/span><\/a>El\u00edsa tala\u00f0i vi\u00f0 konuna, er soninn \u00e1tti, sem hann haf\u00f0i l\u00edfga\u00f0, \u00e1 \u00feessa lei\u00f0: Tak \u00feig upp og far burt me\u00f0 f\u00f3lk \u00feitt og sest \u00fe\u00fa a\u00f0 einhvers sta\u00f0ar erlendis, \u00fev\u00ed a\u00f0 Drottinn kallar sj\u00f6 \u00e1ra hall\u00e6ri yfir landi\u00f0, og er \u00fea\u00f0 \u00feegar komi\u00f0.<a name=\"2\"><span class=\"versanumer\">2<\/span><\/a>\u00de\u00e1 t\u00f3k konan sig upp og gj\u00f6r\u00f0i eins og gu\u00f0sma\u00f0urinn sag\u00f0i, f\u00f3r burt me\u00f0 f\u00f3lk sitt og dvaldist sj\u00f6 \u00e1r \u00ed Filistalandi.<a name=\"3\"><span class=\"versanumer\">3<\/span><\/a>A\u00f0 sj\u00f6 \u00e1runum li\u00f0num kom konan aftur heim fr\u00e1 Filistalandi og lag\u00f0i af sta\u00f0 til \u00feess a\u00f0 bi\u00f0ja konung \u00e1sj\u00e1r um h\u00fas sitt og akra.<a name=\"4\"><span class=\"versanumer\">4<\/span><\/a>Konungur var \u00fe\u00e1 a\u00f0 tala vi\u00f0 Gehas\u00ed, \u00fej\u00f3n gu\u00f0smannsins, og sag\u00f0i: Seg m\u00e9r af \u00f6llum st\u00f3rmerkjunum, sem El\u00edsa hefir gj\u00f6rt.<a name=\"5\"><span class=\"versanumer\">5<\/span><\/a>Og er hann var a\u00f0 segja konungi, hvernig hann hef\u00f0i l\u00edfga\u00f0 hinn d\u00e1na, \u00fe\u00e1 kom konan, er soninn \u00e1tti, sem hann haf\u00f0i l\u00edfga\u00f0, og ba\u00f0 konung \u00e1sj\u00e1r um h\u00fas sitt og akra. \u00de\u00e1 sag\u00f0i Gehas\u00ed: Minn herra konungur! \u00deetta er konan, og \u00feetta er sonur hennar, s\u00e1 er El\u00edsa l\u00edfga\u00f0i.<a name=\"6\"><span class=\"versanumer\">6<\/span><\/a>Konungur spur\u00f0i konuna, og sag\u00f0i h\u00fan honum fr\u00e1. F\u00e9kk konungur henni einn af hir\u00f0m\u00f6nnunum og sag\u00f0i vi\u00f0 hann: Sj\u00e1 \u00fe\u00fa um, a\u00f0 h\u00fan f\u00e1i aftur allt, sem h\u00fan \u00e1, svo og allan afrakstur akranna fr\u00e1 \u00feeim degi, er h\u00fan f\u00f3r \u00far landi, allt til \u00feessa dags.<a name=\"7\"><span class=\"versanumer\">7<\/span><\/a>El\u00edsa kom til Damaskus. \u00de\u00e1 l\u00e1 Benhadad S\u00fdrlandskonungur sj\u00fakur. Og er honum var sagt: Gu\u00f0sma\u00f0urinn er kominn hinga\u00f0,<a name=\"8\"><span class=\"versanumer\">8<\/span><\/a>\u00fe\u00e1 sag\u00f0i konungur vi\u00f0 Hasael: Tak me\u00f0 \u00fe\u00e9r gj\u00f6f nokkra og far til fundar vi\u00f0 gu\u00f0smanninn og l\u00e1t hann ganga til fr\u00e9tta vi\u00f0 Drottin, hvort \u00e9g muni aftur heill ver\u00f0a af sj\u00fakleik \u00feessum.<a name=\"9\"><span class=\"versanumer\">9<\/span><\/a>Hasael f\u00f3r \u00fe\u00e1 til fundar vi\u00f0 hann og t\u00f3k me\u00f0 s\u00e9r gj\u00f6f nokkra, alls konar gersemar \u00far Damaskus, klyfjar \u00e1 fj\u00f6rut\u00edu \u00falfalda. Og er hann kom, gekk hann fyrir hann og m\u00e6lti: Sonur \u00feinn, Benhadad S\u00fdrlandskonungur, sendir mig til \u00fe\u00edn og l\u00e6tur spyrja: Mun \u00e9g aftur heill ver\u00f0a af sj\u00fakleik \u00feessum?<a name=\"10\"><span class=\"versanumer\">10<\/span><\/a>El\u00edsa svara\u00f0i honum: Far og seg honum: V\u00edst munt \u00fe\u00fa heill ver\u00f0a, \u00fe\u00f3tt Drottinn hafi birt m\u00e9r, a\u00f0 hann muni deyja.<a name=\"11\"><span class=\"versanumer\">11<\/span><\/a>Og gu\u00f0sma\u00f0urinn star\u00f0i fram fyrir sig og skelfdist harla mj\u00f6g og gr\u00e9t.<a name=\"12\"><span class=\"versanumer\">12<\/span><\/a>\u00de\u00e1 sag\u00f0i Hasael: Hv\u00ed gr\u00e6tur \u00fe\u00fa, herra minn? Hann svara\u00f0i: Af \u00fev\u00ed a\u00f0 \u00e9g veit, hv\u00edl\u00edkt b\u00f6l \u00fe\u00fa munir b\u00faa \u00cdsraelsm\u00f6nnum. \u00de\u00fa munt leggja eld \u00ed v\u00edggirtar borgir \u00feeirra, drepa \u00e6skumenn \u00feeirra me\u00f0 sver\u00f0i, sl\u00e1 ungb\u00f6rnum \u00feeirra ni\u00f0ur vi\u00f0 og rista \u00e1 kvi\u00f0 \u00feunga\u00f0ar konur \u00feeirra.<a name=\"13\"><span class=\"versanumer\">13<\/span><\/a>Hasael svara\u00f0i: Hva\u00f0 er \u00fej\u00f3nn \u00feinn, hundurinn s\u00e1, a\u00f0 hann megi vinna sl\u00edk st\u00f3rvirki? \u00de\u00e1 m\u00e6lti El\u00edsa: Drottinn hefir s\u00fdnt m\u00e9r \u00feig svo sem konung yfir S\u00fdrlandi.<a name=\"14\"><span class=\"versanumer\">14<\/span><\/a>S\u00ed\u00f0an f\u00f3r Hasael burt fr\u00e1 El\u00edsa, og er hann kom til herra s\u00edns, sag\u00f0i konungur vi\u00f0 hann: Hva\u00f0 sag\u00f0i El\u00edsa vi\u00f0 \u00feig? Hann svara\u00f0i: Hann sag\u00f0i m\u00e9r a\u00f0 \u00fe\u00fa mundir \u00e1rei\u00f0anlega heill ver\u00f0a.<a name=\"15\"><span class=\"versanumer\">15<\/span><\/a>En daginn eftir t\u00f3k Hasael \u00e1brei\u00f0u, d\u00fdf\u00f0i henni \u00ed vatn og breiddi hana yfir andlit honum, svo a\u00f0 hann kafna\u00f0i. Og Hasael t\u00f3k r\u00edki eftir hann.<a name=\"16\"><span class=\"versanumer\">16<\/span><\/a>\u00c1 fimmta r\u00edkis\u00e1ri J\u00f3rams Akabssonar \u00cdsraelskonungs var\u00f0 J\u00f3ram J\u00f3safatsson konungur \u00ed J\u00fada.<a name=\"17\"><span class=\"versanumer\">17<\/span><\/a>Hann var \u00ferj\u00e1t\u00edu og tveggja \u00e1ra gamall, \u00fe\u00e1 er hann var\u00f0 konungur, og \u00e1tta \u00e1r r\u00edkti hann \u00ed Jer\u00fasalem.<a name=\"18\"><span class=\"versanumer\">18<\/span><\/a>Hann feta\u00f0i \u00ed f\u00f3tspor \u00cdsraelskonunga, eins og Akabs \u00e6tt gj\u00f6r\u00f0i, \u00fev\u00ed a\u00f0 hann var kv\u00e6ntur d\u00f3ttur Akabs. \u00deannig gj\u00f6r\u00f0i hann \u00fea\u00f0, sem illt var \u00ed augum Drottins.<a name=\"19\"><span class=\"versanumer\">19<\/span><\/a>En Drottinn vildi ekki afm\u00e1 J\u00fada, vegna Dav\u00ed\u00f0s \u00fej\u00f3ns s\u00edns, samkv\u00e6mt \u00fev\u00ed, er hann haf\u00f0i heiti\u00f0 honum, a\u00f0 gefa honum \u00e1vallt lampa fyrir augliti hans.<a name=\"20\"><span class=\"versanumer\">20<\/span><\/a>\u00c1 hans d\u00f6gum brutust Ed\u00f3m\u00edtar undan yfirr\u00e1\u00f0um J\u00fada og t\u00f3ku konung yfir sig.<a name=\"21\"><span class=\"versanumer\">21<\/span><\/a>\u00de\u00e1 f\u00f3r J\u00f3ram me\u00f0 \u00f6llu vagnli\u00f0inu yfir til Sa\u00edr. Hann t\u00f3k sig upp um n\u00f3ttina og bar\u00f0i \u00e1 Ed\u00f3m\u00edtum, sem h\u00e9ldu honum \u00ed herkv\u00ed, svo og \u00e1 foringjum vagnli\u00f0sins, og fl\u00fd\u00f0i li\u00f0i\u00f0 til heimkynna sinna.<a name=\"22\"><span class=\"versanumer\">22<\/span><\/a>\u00deannig brutust Ed\u00f3m\u00edtar undan yfirr\u00e1\u00f0um J\u00fada, og er svo enn \u00ed dag. \u00de\u00e1 braust og L\u00edbna undan um sama leyti.<a name=\"23\"><span class=\"versanumer\">23<\/span><\/a>\u00dea\u00f0 sem meira er a\u00f0 segja um J\u00f3ram og allt sem hann gj\u00f6r\u00f0i, \u00fea\u00f0 er rita\u00f0 \u00ed \u00c1rb\u00f3kum J\u00fadakonunga.<a name=\"24\"><span class=\"versanumer\">24<\/span><\/a>Og J\u00f3ram lag\u00f0ist til hv\u00edldar hj\u00e1 fe\u00f0rum s\u00ednum og var grafinn hj\u00e1 fe\u00f0rum s\u00ednum \u00ed borg Dav\u00ed\u00f0s. Og Ahas\u00eda sonur hans t\u00f3k r\u00edki eftir hann.<a name=\"25\"><span class=\"versanumer\">25<\/span><\/a>\u00c1 t\u00f3lfta r\u00edkis\u00e1ri J\u00f3rams Akabssonar \u00cdsraelskonungs t\u00f3k r\u00edki Ahas\u00eda, J\u00f3ramsson J\u00fadakonungs.<a name=\"26\"><span class=\"versanumer\">26<\/span><\/a>Ahas\u00eda var tuttugu og tveggja \u00e1ra gamall, \u00fe\u00e1 er hann var\u00f0 konungur, og r\u00edkti hann eitt \u00e1r \u00ed Jer\u00fasalem. M\u00f3\u00f0ir hans h\u00e9t Atal\u00eda, sonard\u00f3ttir Omr\u00ed \u00cdsraelskonungs.<a name=\"27\"><span class=\"versanumer\">27<\/span><\/a>Hann feta\u00f0i \u00ed f\u00f3tspor Akabs \u00e6ttar og gj\u00f6r\u00f0i \u00fea\u00f0 sem illt var \u00ed augum Drottins, eins og \u00e6tt Akabs, \u00fev\u00ed a\u00f0 hann var \u00ed m\u00e6g\u00f0um vi\u00f0 \u00e6tt Akabs.<a name=\"28\"><span class=\"versanumer\">28<\/span><\/a>Ahas\u00eda f\u00f3r herf\u00f6r me\u00f0 J\u00f3ram Akabssyni \u00ed m\u00f3ti Hasael S\u00fdrlandskonungi til Ram\u00f3t \u00ed G\u00edlea\u00f0, en S\u00fdrlendingar s\u00e6r\u00f0u J\u00f3ram.<a name=\"29\"><span class=\"versanumer\">29<\/span><\/a>\u00de\u00e1 sneri J\u00f3ram konungur aftur til \u00feess a\u00f0 l\u00e1ta gr\u00e6\u00f0a s\u00e1r s\u00edn \u00ed Jesreel, \u00feau er S\u00fdrlendingar h\u00f6f\u00f0u veitt honum vi\u00f0 Rama, \u00fe\u00e1 er hann bar\u00f0ist vi\u00f0 Hasael S\u00fdrlandskonung. En Ahas\u00eda J\u00f3ramsson J\u00fadakonungur f\u00f3r ofan til Jesreel til \u00feess a\u00f0 vitja um J\u00f3ram Akabsson, af \u00fev\u00ed a\u00f0 hann var sj\u00fakur.<\/p>\n<div class=\"footnote1981\"><b>8.2<\/b> Fara \u00fat landi Rut 1.1 \u2013 sj\u00f6 \u00e1ra hall\u00e6ri 1M\u00f3s 41.25-32<br \/>\n<b>8.3<\/b> Bi\u00f0ja um hj\u00e1lp 2Kon 6.26+<br \/>\n<b>8.8<\/b> Gj\u00f6f 2Kon 5.5 \u2013 leita svara 2Kon 3.11; 2M\u00f3s 18.15; 1Sam 9.9; 1Kon 22.8<br \/>\n<b>8.9<\/b> N\u00e1 s\u00e9r  2Kon 1.2<br \/>\n<b>8.12<\/b> Hann gr\u00e9t Jer 4.16-20; 13.17; 14.17; L\u00fak 19.41-44 \u2013 hv\u00edl\u00edkt b\u00f6l 2Kon 10.32-33; 12.18; 13.3-7<br \/>\n<b>8.13<\/b> Konungur yfir Aram 1Kon 19.15<br \/>\n<b>8.20<\/b> Uppreisn \u00ed Ed\u00f3m 1M\u00f3s 27.40; sbr 1Kon 22.48<br \/>\n<b>8.21<\/b> Til b\u00fa\u00f0a sinna 1Kon 8.66; 12.16<br \/>\n<b>8.28<\/b> Ram\u00f3t \u00ed G\u00edlea\u00f0 1Kon 22.1-38<\/div>\n","protected":false},"excerpt":{"rendered":"<p>1El\u00edsa tala\u00f0i vi\u00f0 konuna, er soninn \u00e1tti, sem hann haf\u00f0i l\u00edfga\u00f0, \u00e1 \u00feessa lei\u00f0: Tak \u00feig upp og far burt me\u00f0 f\u00f3lk \u00feitt og sest \u00fe\u00fa a\u00f0 einhvers sta\u00f0ar erlendis, \u00fev\u00ed a\u00f0 Drottinn kallar sj\u00f6 \u00e1ra hall\u00e6ri yfir landi\u00f0, og er \u00fea\u00f0 \u00feegar komi\u00f0.2\u00de\u00e1 t\u00f3k konan sig upp og gj\u00f6r\u00f0i eins og gu\u00f0sma\u00f0urinn sag\u00f0i, f\u00f3r burt me\u00f0 f\u00f3lk sitt og dvaldist sj\u00f6 \u00e1r \u00ed Filistalandi.3A\u00f0 sj\u00f6 \u00e1runum li\u00f0num kom konan aftur heim fr\u00e1 Filistalandi og lag\u00f0i af sta\u00f0 til \u00feess a\u00f0 bi\u00f0ja konung \u00e1sj\u00e1r um h\u00fas sitt og akra.4Konungur var \u00fe\u00e1 a\u00f0 tala vi\u00f0 Gehas\u00ed, \u00fej\u00f3n gu\u00f0smannsins, og sag\u00f0i: Seg <a href=\"https:\/\/biblian.is\/1981\/sidari-konungabok-8-kafli\/\"> [&#8230;]<\/a><\/p>\n","protected":false},"author":1,"featured_media":0,"parent":0,"menu_order":0,"comment_status":"open","ping_status":"open","template":"bibliukaflar.php","meta":{"footnotes":""},"class_list":["post-1667","page","type-page","status-publish","hentry"],"_links":{"self":[{"href":"https:\/\/biblian.is\/1981\/wp-json\/wp\/v2\/pages\/1667","targetHints":{"allow":["GET"]}}],"collection":[{"href":"https:\/\/biblian.is\/1981\/wp-json\/wp\/v2\/pages"}],"about":[{"href":"https:\/\/biblian.is\/1981\/wp-json\/wp\/v2\/types\/page"}],"author":[{"embeddable":true,"href":"https:\/\/biblian.is\/1981\/wp-json\/wp\/v2\/users\/1"}],"replies":[{"embeddable":true,"href":"https:\/\/biblian.is\/1981\/wp-json\/wp\/v2\/comments?post=1667"}],"version-history":[{"count":0,"href":"https:\/\/biblian.is\/1981\/wp-json\/wp\/v2\/pages\/1667\/revisions"}],"wp:attachment":[{"href":"https:\/\/biblian.is\/1981\/wp-json\/wp\/v2\/media?parent=1667"}],"curies":[{"name":"wp","href":"https:\/\/api.w.org\/{rel}","templated":true}]}}