{"id":1664,"date":"2017-11-18T20:18:09","date_gmt":"2017-11-18T20:18:09","guid":{"rendered":"http:\/\/biblian.is\/1981\/sidari-konungabok-5-kafli\/"},"modified":"2021-06-06T11:10:25","modified_gmt":"2021-06-06T11:10:25","slug":"sidari-konungabok-5-kafli","status":"publish","type":"page","link":"https:\/\/biblian.is\/1981\/sidari-konungabok-5-kafli\/","title":{"rendered":"S\u00ed\u00f0ari konungab\u00f3k 5. kafli"},"content":{"rendered":"<p><a name=\"1\"><span class=\"versanumer\">1<\/span><\/a>Naaman, hersh\u00f6f\u00f0ingi S\u00fdrlandskonungs, var \u00ed miklum metum hj\u00e1 herra s\u00ednum og \u00ed h\u00e1vegum haf\u00f0ur, \u00fev\u00ed a\u00f0 undir forustu hans haf\u00f0i Drottinn veitt S\u00fdrlendingum sigur. Var ma\u00f0urinn hinn mesti kappi, en l\u00edk\u00fer\u00e1r.<a name=\"2\"><span class=\"versanumer\">2<\/span><\/a>S\u00fdrlendingar h\u00f6f\u00f0u fari\u00f0 herf\u00f6r \u00ed sm\u00e1flokkum og haft burt af \u00cdsraelslandi unga st\u00falku. \u00dej\u00f3na\u00f0i h\u00fan konu Naamans.<a name=\"3\"><span class=\"versanumer\">3<\/span><\/a>H\u00fan sag\u00f0i vi\u00f0 h\u00fasm\u00f3\u00f0ur s\u00edna: \u00c9g vildi \u00f3ska a\u00f0 h\u00fasb\u00f3ndi minn v\u00e6ri kominn til sp\u00e1mannsins \u00ed Samar\u00edu. Hann mundi losa hann vi\u00f0 l\u00edk\u00fer\u00e1na.<a name=\"4\"><span class=\"versanumer\">4<\/span><\/a>\u00de\u00e1 f\u00f3r Naaman og sag\u00f0i herra s\u00ednum fr\u00e1 \u00e1 \u00feessa lei\u00f0: Svo og svo hefir st\u00falkan fr\u00e1 \u00cdsraelslandi tala\u00f0.<a name=\"5\"><span class=\"versanumer\">5<\/span><\/a>\u00de\u00e1 m\u00e6lti S\u00fdrlandskonungur: Far \u00fe\u00fa, \u00e9g skal senda \u00cdsraelskonungi br\u00e9f. Lag\u00f0i Naaman \u00fe\u00e1 af sta\u00f0 og t\u00f3k me\u00f0 s\u00e9r t\u00edu talentur silfurs, sex \u00fe\u00fasund sikla gulls og t\u00edu alkl\u00e6\u00f0na\u00f0i.<a name=\"6\"><span class=\"versanumer\">6<\/span><\/a>Hann f\u00e6r\u00f0i \u00cdsraelskonungi br\u00e9fi\u00f0, er var \u00e1 \u00feessa lei\u00f0: \u00deegar br\u00e9f \u00feetta kemur \u00fe\u00e9r \u00ed hendur, \u00fe\u00e1 skalt \u00fe\u00fa vita, a\u00f0 \u00e9g hefi sent til \u00fe\u00edn Naaman \u00fej\u00f3n minn, og skalt \u00fe\u00fa losa hann vi\u00f0 l\u00edk\u00fer\u00e1 hans.<a name=\"7\"><span class=\"versanumer\">7<\/span><\/a>En er \u00cdsraelskonungur haf\u00f0i lesi\u00f0 br\u00e9fi\u00f0, reif hann kl\u00e6\u00f0i s\u00edn og m\u00e6lti: Er \u00e9g \u00fe\u00e1 Gu\u00f0, er deytt geti og l\u00edfga\u00f0, fyrst hann gj\u00f6rir m\u00e9r or\u00f0 um a\u00f0 losa mann vi\u00f0 l\u00edk\u00fer\u00e1 hans? Megi\u00f0 \u00fe\u00e9r \u00fear sj\u00e1 og skynja, a\u00f0 hann leitar saka vi\u00f0 mig.<a name=\"8\"><span class=\"versanumer\">8<\/span><\/a>En er El\u00edsa, gu\u00f0sma\u00f0urinn, fr\u00e9tti, a\u00f0 \u00cdsraelskonungur hef\u00f0i rifi\u00f0 kl\u00e6\u00f0i s\u00edn, sendi hann til konungs og l\u00e9t segja honum: Hv\u00ed r\u00edfur \u00fe\u00fa kl\u00e6\u00f0i \u00fe\u00edn? Komi hann til m\u00edn, \u00fe\u00e1 skal hann komast a\u00f0 raun um, a\u00f0 til er sp\u00e1ma\u00f0ur \u00ed \u00cdsrael.<a name=\"9\"><span class=\"versanumer\">9<\/span><\/a>\u00de\u00e1 kom Naaman me\u00f0 hesta s\u00edna og vagna og nam sta\u00f0ar \u00fati fyrir h\u00fasdyrum El\u00edsa.<a name=\"10\"><span class=\"versanumer\">10<\/span><\/a>\u00de\u00e1 sendi El\u00edsa mann til hans og l\u00e9t segja honum: Far og lauga \u00feig sj\u00f6 sinnum \u00ed J\u00f3rdan, \u00fe\u00e1 mun hold \u00feitt komast \u00ed samt lag og \u00fe\u00fa munt hreinn ver\u00f0a!<a name=\"11\"><span class=\"versanumer\">11<\/span><\/a>\u00de\u00e1 var\u00f0 Naaman rei\u00f0ur og gekk burt og m\u00e6lti: \u00c9g hug\u00f0i \u00fe\u00f3, a\u00f0 hann mundi koma \u00fat til m\u00edn og ganga a\u00f0 m\u00e9r og \u00e1kalla nafn Drottins, Gu\u00f0s s\u00edns, veifa hendinni \u00ed \u00e1ttina til helgista\u00f0arins og koma \u00feannig l\u00edk\u00fer\u00e1nni burt.<a name=\"12\"><span class=\"versanumer\">12<\/span><\/a>Eru ekki Abana og Farfar, flj\u00f3tin hj\u00e1 Damaskus, betri en allar \u00e1r \u00ed \u00cdsrael? G\u00e6ti \u00e9g ekki lauga\u00f0 mig \u00ed \u00feeim og or\u00f0i\u00f0 hreinn? Sneri hann s\u00e9r \u00fe\u00e1 vi\u00f0 og h\u00e9lt burt \u00ed rei\u00f0i.<a name=\"13\"><span class=\"versanumer\">13<\/span><\/a>\u00de\u00e1 gengu \u00fej\u00f3nar hans til hans, t\u00f6lu\u00f0u til hans og s\u00f6g\u00f0u: Ef sp\u00e1ma\u00f0urinn hef\u00f0i skipa\u00f0 \u00fe\u00e9r eitthva\u00f0 erfitt, mundir \u00fe\u00fa \u00fe\u00e1 ekki hafa gj\u00f6rt \u00fea\u00f0? Hve miklu fremur \u00fe\u00e1, er hann hefir sagt \u00fe\u00e9r: Lauga \u00feig og munt \u00fe\u00fa hreinn ver\u00f0a?<a name=\"14\"><span class=\"versanumer\">14<\/span><\/a>\u00de\u00e1 f\u00f3r hann ofan eftir og d\u00fdf\u00f0i s\u00e9r sj\u00f6 sinnum ni\u00f0ur \u00ed J\u00f3rdan, eins og gu\u00f0sma\u00f0urinn haf\u00f0i sagt. Var\u00f0 \u00fe\u00e1 hold hans aftur sem hold \u00e1 ungum sveini, og hann var\u00f0 hreinn.<a name=\"15\"><span class=\"versanumer\">15<\/span><\/a>\u00de\u00e1 hvarf hann aftur til gu\u00f0smannsins og allt hans f\u00f6runeyti, og er hann kom \u00feanga\u00f0, gekk hann fyrir hann og m\u00e6lti: N\u00fa veit \u00e9g, a\u00f0 enginn Gu\u00f0 er til \u00ed neinu landi nema \u00ed \u00cdsrael, og \u00feigg n\u00fa gj\u00f6f af \u00fej\u00f3ni \u00fe\u00ednum.<a name=\"16\"><span class=\"versanumer\">16<\/span><\/a>En El\u00edsa m\u00e6lti: Svo sannarlega sem Drottinn lifir, s\u00e1 er \u00e9g \u00fej\u00f3na: \u00c9g tek ekki vi\u00f0 neinu! Og \u00fe\u00f3tt hann leg\u00f0i a\u00f0 honum a\u00f0 taka vi\u00f0 \u00fev\u00ed, \u00fe\u00e1 f\u00e6r\u00f0ist hann undan.<a name=\"17\"><span class=\"versanumer\">17<\/span><\/a>\u00de\u00e1 m\u00e6lti Naaman: Ef ekki, \u00fe\u00e1 l\u00e1t \u00fe\u00f3 gefa \u00fej\u00f3ni \u00fe\u00ednum mold \u00e1 tvo m\u00fala, \u00fev\u00ed a\u00f0 \u00fej\u00f3nn \u00feinn mun eigi framar f\u00e6ra brennif\u00f3rnir og sl\u00e1turf\u00f3rnir neinum gu\u00f0um \u00f6\u00f0rum en Drottni.<a name=\"18\"><span class=\"versanumer\">18<\/span><\/a>\u00dea\u00f0 eitt ver\u00f0ur Drottinn a\u00f0 fyrirgefa \u00fej\u00f3ni \u00fe\u00ednum: \u00deegar herra minn gengur \u00ed musteri Rimmons til \u00feess a\u00f0 bi\u00f0jast \u00fear fyrir, og hann \u00fe\u00e1 sty\u00f0st vi\u00f0 h\u00f6nd m\u00edna, svo a\u00f0 \u00e9g fell fram \u00ed musteri Rimmons, \u00feegar hann fellur fram \u00ed musteri Rimmons, \u00fea\u00f0 ver\u00f0ur Drottinn a\u00f0 fyrirgefa \u00fej\u00f3ni \u00fe\u00ednum.<a name=\"19\"><span class=\"versanumer\">19<\/span><\/a>En El\u00edsa m\u00e6lti til hans: Far \u00fe\u00fa \u00ed fri\u00f0i. En er Naaman var kominn sp\u00f6lkorn fr\u00e1 honum,<a name=\"20\"><span class=\"versanumer\">20<\/span><\/a>\u00fe\u00e1 sag\u00f0i Gehas\u00ed, sveinn El\u00edsa, gu\u00f0smannsins, vi\u00f0 sj\u00e1lfan sig: Sj\u00e1, herra minn hefir hl\u00edft Naaman \u00feessum s\u00fdrlenska og ekki \u00feegi\u00f0 af honum \u00fea\u00f0, sem hann kom me\u00f0. Svo sannarlega sem Drottinn lifir, \u00fe\u00e1 skal \u00e9g hlaupa \u00e1 eftir honum og \u00feiggja eitthva\u00f0 af honum.<a name=\"21\"><span class=\"versanumer\">21<\/span><\/a>H\u00e9lt Gehas\u00ed n\u00fa \u00e1 eftir Naaman. En er Naaman s\u00e1 mann koma hlaupandi \u00e1 eftir s\u00e9r, st\u00f6kk hann af vagninum, gekk \u00ed m\u00f3ti honum og m\u00e6lti: Er nokku\u00f0 a\u00f0?<a name=\"22\"><span class=\"versanumer\">22<\/span><\/a>Gehas\u00ed svara\u00f0i: Nei, en herra minn sendir mig og l\u00e6tur segja \u00fe\u00e9r: R\u00e9tt \u00ed \u00feessu komu til m\u00edn fr\u00e1 Efra\u00edmfj\u00f6llum tveir sveinar af sp\u00e1mannasveinunum. Gef m\u00e9r handa \u00feeim talentu silfurs og tvo alkl\u00e6\u00f0na\u00f0i.<a name=\"23\"><span class=\"versanumer\">23<\/span><\/a>Naaman svara\u00f0i: Gj\u00f6r \u00fe\u00fa m\u00e9r \u00feann grei\u00f0a a\u00f0 taka vi\u00f0 tveimur talentum! Og hann lag\u00f0i a\u00f0 honum og batt tv\u00e6r talentur silfurs \u00ed tvo sj\u00f3\u00f0u, svo og tvo alkl\u00e6\u00f0na\u00f0i og f\u00e9kk tveimur sveinum s\u00ednum, og b\u00e1ru \u00feeir \u00fea\u00f0 fyrir honum.<a name=\"24\"><span class=\"versanumer\">24<\/span><\/a>En er \u00feeir komu \u00e1 h\u00e6\u00f0ina, \u00fe\u00e1 t\u00f3k Gehas\u00ed vi\u00f0 \u00fev\u00ed af \u00feeim, geymdi \u00fea\u00f0 \u00ed h\u00fasinu og l\u00e9t mennina fara burt, og f\u00f3ru \u00feeir lei\u00f0ar sinnar.<a name=\"25\"><span class=\"versanumer\">25<\/span><\/a>S\u00ed\u00f0an f\u00f3r hann inn og gekk fyrir herra sinn. En El\u00edsa sag\u00f0i vi\u00f0 hann: Hva\u00f0an kemur \u00fe\u00fa, Gehas\u00ed? Hann svara\u00f0i: \u00dej\u00f3nn \u00feinn hefir alls ekkert fari\u00f0.<a name=\"26\"><span class=\"versanumer\">26<\/span><\/a>Og El\u00edsa sag\u00f0i vi\u00f0 hann: \u00c9g fylgdi \u00fe\u00e9r \u00ed anda, \u00feegar ma\u00f0urinn sneri fr\u00e1 vagni s\u00ednum \u00ed m\u00f3ti \u00fe\u00e9r. N\u00fa hefir \u00fe\u00fa fengi\u00f0 silfur og munt f\u00e1 kl\u00e6\u00f0i, ol\u00edutr\u00e9, v\u00edngar\u00f0a, sau\u00f0i og naut, \u00fer\u00e6la og amb\u00e1ttir.<a name=\"27\"><span class=\"versanumer\">27<\/span><\/a>En l\u00edk\u00fer\u00e1 Naamans mun \u00e1vallt lo\u00f0a vi\u00f0 \u00feig og ni\u00f0ja \u00fe\u00edna. Gekk hann \u00fe\u00e1 burt fr\u00e1 honum hv\u00edtur sem snj\u00f3r af l\u00edk\u00fer\u00e1.<\/p>\n<div class=\"footnote1981\"><b>5.1<\/b> Naaman L\u00fak 4.27 \u2013 holdsveikur 3M\u00f3s 13.2+<br \/>\n<b>5.5<\/b> Gj\u00f6f handa sp\u00e1manni 2Kon 8.8; 4M\u00f3s 22.7; 1Sam 9.8; 1Kon 14.3<br \/>\n<b>5.7<\/b> Gu\u00f0 dey\u00f0ir og l\u00edfgar 5M\u00f3s 32.39; 1Sam 2.6; H\u00f3s 6.1; Job 5.18; sbr 1M\u00f3s 30.2<br \/>\n<b>5.10<\/b> Ba\u00f0a \u00feig sbr 3M\u00f3s 14.1-18; J\u00f3h 9.7<br \/>\n<b>5.14<\/b> Var\u00f0 hreinn sbr Esk 36.25<br \/>\n<b>5.15<\/b> Enginn Gu\u00f0 nema &#8230; 1Kon 8.60+<br \/>\n<b>5.17-19<\/b> Frj\u00e1lslyndi \u00ed tr\u00faarsi\u00f0um 2Kon 10.18-27; 1Kor 8.; sbr T\u00f3b1.10-12; 1Makk 1.62-63; 1Kor 10.14-22<br \/>\n<b>5.26<\/b> El\u00edsa vissi sbr 2Kon 4.27+<br \/>\n<b>5.27<\/b> Holdsveiki 2Kon 15.5; 2M\u00f3s 4.6-7; 4M\u00f3s 12.10<\/div>\n","protected":false},"excerpt":{"rendered":"<p>1Naaman, hersh\u00f6f\u00f0ingi S\u00fdrlandskonungs, var \u00ed miklum metum hj\u00e1 herra s\u00ednum og \u00ed h\u00e1vegum haf\u00f0ur, \u00fev\u00ed a\u00f0 undir forustu hans haf\u00f0i Drottinn veitt S\u00fdrlendingum sigur. Var ma\u00f0urinn hinn mesti kappi, en l\u00edk\u00fer\u00e1r.2S\u00fdrlendingar h\u00f6f\u00f0u fari\u00f0 herf\u00f6r \u00ed sm\u00e1flokkum og haft burt af \u00cdsraelslandi unga st\u00falku. \u00dej\u00f3na\u00f0i h\u00fan konu Naamans.3H\u00fan sag\u00f0i vi\u00f0 h\u00fasm\u00f3\u00f0ur s\u00edna: \u00c9g vildi \u00f3ska a\u00f0 h\u00fasb\u00f3ndi minn v\u00e6ri kominn til sp\u00e1mannsins \u00ed Samar\u00edu. Hann mundi losa hann vi\u00f0 l\u00edk\u00fer\u00e1na.4\u00de\u00e1 f\u00f3r Naaman og sag\u00f0i herra s\u00ednum fr\u00e1 \u00e1 \u00feessa lei\u00f0: Svo og svo hefir st\u00falkan fr\u00e1 \u00cdsraelslandi tala\u00f0.5\u00de\u00e1 m\u00e6lti S\u00fdrlandskonungur: Far \u00fe\u00fa, \u00e9g skal senda \u00cdsraelskonungi br\u00e9f. Lag\u00f0i Naaman \u00fe\u00e1 af <a href=\"https:\/\/biblian.is\/1981\/sidari-konungabok-5-kafli\/\"> [&#8230;]<\/a><\/p>\n","protected":false},"author":1,"featured_media":0,"parent":0,"menu_order":0,"comment_status":"open","ping_status":"open","template":"bibliukaflar.php","meta":{"footnotes":""},"class_list":["post-1664","page","type-page","status-publish","hentry"],"_links":{"self":[{"href":"https:\/\/biblian.is\/1981\/wp-json\/wp\/v2\/pages\/1664","targetHints":{"allow":["GET"]}}],"collection":[{"href":"https:\/\/biblian.is\/1981\/wp-json\/wp\/v2\/pages"}],"about":[{"href":"https:\/\/biblian.is\/1981\/wp-json\/wp\/v2\/types\/page"}],"author":[{"embeddable":true,"href":"https:\/\/biblian.is\/1981\/wp-json\/wp\/v2\/users\/1"}],"replies":[{"embeddable":true,"href":"https:\/\/biblian.is\/1981\/wp-json\/wp\/v2\/comments?post=1664"}],"version-history":[{"count":0,"href":"https:\/\/biblian.is\/1981\/wp-json\/wp\/v2\/pages\/1664\/revisions"}],"wp:attachment":[{"href":"https:\/\/biblian.is\/1981\/wp-json\/wp\/v2\/media?parent=1664"}],"curies":[{"name":"wp","href":"https:\/\/api.w.org\/{rel}","templated":true}]}}