{"id":1662,"date":"2017-11-18T20:18:09","date_gmt":"2017-11-18T20:18:09","guid":{"rendered":"http:\/\/biblian.is\/1981\/sidari-konungabok-3-kafli\/"},"modified":"2021-06-06T11:10:25","modified_gmt":"2021-06-06T11:10:25","slug":"sidari-konungabok-3-kafli","status":"publish","type":"page","link":"https:\/\/biblian.is\/1981\/sidari-konungabok-3-kafli\/","title":{"rendered":"S\u00ed\u00f0ari konungab\u00f3k 3. kafli"},"content":{"rendered":"<p><a name=\"1\"><span class=\"versanumer\">1<\/span><\/a>J\u00f3ram, sonur Akabs, var\u00f0 konungur \u00ed Samar\u00edu yfir \u00cdsrael \u00e1 \u00e1tj\u00e1nda r\u00edkis\u00e1ri J\u00f3safats J\u00fadakonungs og r\u00edkti t\u00f3lf \u00e1r.<a name=\"2\"><span class=\"versanumer\">2<\/span><\/a>Hann gj\u00f6r\u00f0i \u00fea\u00f0, sem illt var \u00ed augum Drottins, \u00fe\u00f3 ekki eins og fa\u00f0ir hans og m\u00f3\u00f0ir hans, \u00fev\u00ed a\u00f0 hann t\u00f3k burt Baalsmerkissteinana, sem fa\u00f0ir hans haf\u00f0i gj\u00f6ra l\u00e1ti\u00f0.<a name=\"3\"><span class=\"versanumer\">3<\/span><\/a>En vi\u00f0 syndir Jer\u00f3b\u00f3ams Nebatssonar, er hann haf\u00f0i komi\u00f0 \u00cdsrael til a\u00f0 dr\u00fdgja, h\u00e9lt hann fast og l\u00e9t ekki af \u00feeim.<a name=\"4\"><span class=\"versanumer\">4<\/span><\/a>Mesa, konungur \u00ed M\u00f3ab, \u00e1tti miklar hjar\u00f0ir. Greiddi hann \u00cdsraelskonungi \u00ed skatt hundra\u00f0 \u00fe\u00fasund l\u00f6mb og ull af hundra\u00f0 \u00fe\u00fasund hr\u00fatum.<a name=\"5\"><span class=\"versanumer\">5<\/span><\/a>En er Akab var d\u00e1inn, braust M\u00f3abskonungur undan \u00cdsraelskonungi.<a name=\"6\"><span class=\"versanumer\">6<\/span><\/a>Lag\u00f0i J\u00f3ram konungur \u00fe\u00e1 af sta\u00f0 fr\u00e1 Samar\u00edu og kanna\u00f0i allan \u00cdsrael.<a name=\"7\"><span class=\"versanumer\">7<\/span><\/a>Hann sendi og \u00feegar til J\u00f3safats J\u00fadakonungs og l\u00e9t segja honum: M\u00f3abskonungur hefir brotist undan m\u00e9r. Vilt \u00fe\u00fa fara me\u00f0 m\u00e9r \u00ed herna\u00f0 \u00e1 m\u00f3ti M\u00f3ab\u00edtum? Fara mun \u00e9g, svara\u00f0i hann, \u00e9g sem \u00fe\u00fa, m\u00edn \u00fej\u00f3\u00f0 sem \u00fe\u00edn \u00fej\u00f3\u00f0, m\u00ednir hestar sem \u00fe\u00ednir hestar.<a name=\"8\"><span class=\"versanumer\">8<\/span><\/a>Og hann sag\u00f0i: Hva\u00f0a lei\u00f0 eigum vi\u00f0 a\u00f0 fara? J\u00f3ram svara\u00f0i: Lei\u00f0ina um Ed\u00f3mhei\u00f0ar.<a name=\"9\"><span class=\"versanumer\">9<\/span><\/a>F\u00f3ru \u00feeir n\u00fa af sta\u00f0, \u00cdsraelskonungur, J\u00fadakonungur og konungurinn \u00ed Ed\u00f3m. Og er \u00feeir h\u00f6f\u00f0u fari\u00f0 sj\u00f6 daglei\u00f0ir, haf\u00f0i herinn ekkert vatn og ekki heldur skepnurnar, sem \u00feeir h\u00f6f\u00f0u me\u00f0 s\u00e9r.<a name=\"10\"><span class=\"versanumer\">10<\/span><\/a>\u00de\u00e1 sag\u00f0i \u00cdsraelskonungur: \u00c6, Drottinn hefir kalla\u00f0 \u00feessa \u00ferj\u00e1 konunga til \u00feess a\u00f0 selja \u00fe\u00e1 \u00ed hendur M\u00f3ab\u00edtum.<a name=\"11\"><span class=\"versanumer\">11<\/span><\/a>En J\u00f3safat m\u00e6lti: Er h\u00e9r enginn sp\u00e1ma\u00f0ur Drottins, a\u00f0 v\u00e9r getum l\u00e1ti\u00f0 hann ganga til fr\u00e9tta vi\u00f0 Drottin? \u00de\u00e1 svara\u00f0i einn af \u00fej\u00f3num \u00cdsraelskonungs og sag\u00f0i: H\u00e9r er El\u00edsa Safatsson, sem hellt hefir vatni \u00e1 hendur El\u00eda.<a name=\"12\"><span class=\"versanumer\">12<\/span><\/a>J\u00f3safat sag\u00f0i: Hj\u00e1 honum er or\u00f0 Drottins! S\u00ed\u00f0an gengu \u00feeir \u00cdsraelskonungur, J\u00f3safat og konungurinn \u00ed Ed\u00f3m ofan til hans.<a name=\"13\"><span class=\"versanumer\">13<\/span><\/a>En El\u00edsa sag\u00f0i vi\u00f0 \u00cdsraelskonung: Hva\u00f0 \u00e1 \u00e9g saman vi\u00f0 \u00feig a\u00f0 s\u00e6lda? Gakk \u00fe\u00fa til sp\u00e1manna f\u00f6\u00f0ur \u00fe\u00edns og til sp\u00e1manna m\u00f3\u00f0ur \u00feinnar. \u00cdsraelskonungur svara\u00f0i honum: Nei, \u00fev\u00ed a\u00f0 Drottinn hefir kalla\u00f0 \u00feessa \u00ferj\u00e1 konunga til \u00feess a\u00f0 selja \u00fe\u00e1 \u00ed hendur M\u00f3ab\u00edtum.<a name=\"14\"><span class=\"versanumer\">14<\/span><\/a>\u00de\u00e1 m\u00e6lti El\u00edsa: Svo sannarlega sem Drottinn allsherjar lifir, s\u00e1 er \u00e9g \u00fej\u00f3na: V\u00e6ri \u00fea\u00f0 ekki vegna J\u00f3safats J\u00fadakonungs, \u00fe\u00e1 skyldi \u00e9g ekki renna til \u00fe\u00edn auga n\u00e9 vir\u00f0a \u00feig vi\u00f0lits.<a name=\"15\"><span class=\"versanumer\">15<\/span><\/a>En s\u00e6ki\u00f0 \u00fe\u00e9r n\u00fa h\u00f6rpuleikara. \u00cd hvert sinn sem h\u00f6rpuleikarinn sl\u00f3 h\u00f6rpuna, hreif h\u00f6nd Drottins El\u00edsa.<a name=\"16\"><span class=\"versanumer\">16<\/span><\/a>Og hann m\u00e6lti: Svo segir Drottinn: Gj\u00f6ri\u00f0 gryfju vi\u00f0 gryfju \u00ed dal \u00feessum,<a name=\"17\"><span class=\"versanumer\">17<\/span><\/a>\u00fev\u00ed a\u00f0 svo segir Drottinn: \u00de\u00e9r munu\u00f0 hvorki sj\u00e1 vind n\u00e9 regn, og \u00fe\u00f3 mun \u00feessi dalur fyllast vatni, svo a\u00f0 \u00fe\u00e9r megi\u00f0 drekka, svo og her y\u00f0ar og skepnur.<a name=\"18\"><span class=\"versanumer\">18<\/span><\/a>En Drottni \u00feykir \u00feetta of l\u00edti\u00f0, hann mun og gefa M\u00f3ab\u00edta \u00ed hendur y\u00f0ar.<a name=\"19\"><span class=\"versanumer\">19<\/span><\/a>Og \u00fe\u00e9r munu\u00f0 vinna allar v\u00edggirtar borgir og allar \u00farvalsborgir, fella \u00f6ll aldintr\u00e9 og stemma allar vatnslindir, og \u00f6llum g\u00f3\u00f0um \u00f6krum munu\u00f0 \u00fe\u00e9r spilla me\u00f0 grj\u00f3ti.<a name=\"20\"><span class=\"versanumer\">20<\/span><\/a>Morguninn eftir, \u00ed \u00fea\u00f0 mund er matf\u00f3rnin er fram borin, kom allt \u00ed einu vatn \u00far \u00e1ttinni fr\u00e1 Ed\u00f3m, svo a\u00f0 landi\u00f0 fylltist vatni.<a name=\"21\"><span class=\"versanumer\">21<\/span><\/a>En er allir M\u00f3ab\u00edtar heyr\u00f0u, a\u00f0 konungarnir v\u00e6ru komnir til \u00feess a\u00f0 herja \u00e1 \u00fe\u00e1, var \u00f6llum bo\u00f0i\u00f0 \u00fat, er vopnum m\u00e1ttu valda, og n\u00e1mu \u00feeir sta\u00f0ar \u00e1 landam\u00e6runum.<a name=\"22\"><span class=\"versanumer\">22<\/span><\/a>En er \u00feeir risu um morguninn og s\u00f3lin skein \u00e1 vatni\u00f0, s\u00fdndist M\u00f3ab\u00edtum \u00e1lengdar vatni\u00f0 vera rautt sem bl\u00f3\u00f0.<a name=\"23\"><span class=\"versanumer\">23<\/span><\/a>\u00de\u00e1 s\u00f6g\u00f0u \u00feeir: \u00deetta er bl\u00f3\u00f0! Konungunum hl\u00fdtur a\u00f0 hafa lent saman og \u00feeir hafa unni\u00f0 hvor \u00e1 \u00f6\u00f0rum, og n\u00fa er a\u00f0 hir\u00f0a herfangi\u00f0, M\u00f3ab\u00edtar!<a name=\"24\"><span class=\"versanumer\">24<\/span><\/a>En er \u00feeir komu a\u00f0 herb\u00fa\u00f0um \u00cdsraels, \u00feustu \u00cdsraelsmenn \u00fat og b\u00f6r\u00f0u \u00e1 M\u00f3ab\u00edtum, svo a\u00f0 \u00feeir fl\u00fd\u00f0u fyrir \u00feeim. S\u00ed\u00f0an brutust \u00feeir inn \u00ed landi\u00f0 og unnu n\u00fdjan sigur \u00e1 M\u00f3ab\u00edtum.<a name=\"25\"><span class=\"versanumer\">25<\/span><\/a>En borgirnar brutu \u00feeir ni\u00f0ur, og \u00e1 alla g\u00f3\u00f0a akra v\u00f6rpu\u00f0u \u00feeir s\u00ednum steininum hver og fylltu \u00fe\u00e1 grj\u00f3ti, og allar vatnslindir stemmdu \u00feeir og \u00f6ll aldintr\u00e9 felldu \u00feeir, uns eigi var anna\u00f0 eftir en steinm\u00fararnir \u00ed K\u00edr Hareset. Umkringdu sl\u00f6ngvumennirnir hana og k\u00f6stu\u00f0u \u00e1 hana.<a name=\"26\"><span class=\"versanumer\">26<\/span><\/a>En er M\u00f3abskonungur s\u00e1, a\u00f0 hann mundi fara halloka \u00ed orustunni, t\u00f3k hann me\u00f0 s\u00e9r sj\u00f6 hundru\u00f0 manna, er sver\u00f0 b\u00e1ru, til \u00feess a\u00f0 brj\u00f3tast \u00fat \u00fear sem Ed\u00f3mkonungur var fyrir, en \u00feeir g\u00e1tu \u00fea\u00f0 ekki.<a name=\"27\"><span class=\"versanumer\">27<\/span><\/a>\u00de\u00e1 t\u00f3k hann frumgetinn son sinn, er taka \u00e1tti r\u00edki eftir hann, og f\u00f3rna\u00f0i honum \u00ed brennif\u00f3rn \u00e1 m\u00farnum. Kom \u00fe\u00e1 mikil hrygg\u00f0 yfir \u00cdsrael, og h\u00e9ldu \u00feeir burt \u00fea\u00f0an og hurfu aftur heim \u00ed land sitt.<\/p>\n<div class=\"footnote1981\"><b>3.4<\/b> Skattur M\u00f3abs 2Sam 8.2; Jes 16.1<br \/>\n<b>3.5<\/b> Uppreisn M\u00f3abskonungs 2Kon 1.1<br \/>\n<b>3.7<\/b> \u00dej\u00f3\u00f0 m\u00edn me\u00f0 \u00fej\u00f3\u00f0 \u00feinni 1Kon 22.4<br \/>\n<b>3.11<\/b> Enginn sp\u00e1ma\u00f0ur? 1Kon 22.7<br \/>\n<b>3.12<\/b> Hj\u00e1 honum 5M\u00f3s 18.18; 1Sam 3.19; Jer 1.9; 27.18<br \/>\n<b>3.15<\/b> H\u00f6nd Drottins 1Kon 18.46; Esk 1.3; 3.14; 8.1; 33.22; 37.1<br \/>\n<b>3.19<\/b> Fella tr\u00e9 sbr 5M\u00f3s 20.19<br \/>\n<b>3.25<\/b> K\u00edr Hareset Jes 16.7,11; Jer 48.31,36<br \/>\n<b>3.27<\/b> Manni f\u00f3rna\u00f0 D\u00f3m 11.30-40; M\u00edk 6.7; sbr 3M\u00f3s 18.21+<\/div>\n","protected":false},"excerpt":{"rendered":"<p>1J\u00f3ram, sonur Akabs, var\u00f0 konungur \u00ed Samar\u00edu yfir \u00cdsrael \u00e1 \u00e1tj\u00e1nda r\u00edkis\u00e1ri J\u00f3safats J\u00fadakonungs og r\u00edkti t\u00f3lf \u00e1r.2Hann gj\u00f6r\u00f0i \u00fea\u00f0, sem illt var \u00ed augum Drottins, \u00fe\u00f3 ekki eins og fa\u00f0ir hans og m\u00f3\u00f0ir hans, \u00fev\u00ed a\u00f0 hann t\u00f3k burt Baalsmerkissteinana, sem fa\u00f0ir hans haf\u00f0i gj\u00f6ra l\u00e1ti\u00f0.3En vi\u00f0 syndir Jer\u00f3b\u00f3ams Nebatssonar, er hann haf\u00f0i komi\u00f0 \u00cdsrael til a\u00f0 dr\u00fdgja, h\u00e9lt hann fast og l\u00e9t ekki af \u00feeim.4Mesa, konungur \u00ed M\u00f3ab, \u00e1tti miklar hjar\u00f0ir. Greiddi hann \u00cdsraelskonungi \u00ed skatt hundra\u00f0 \u00fe\u00fasund l\u00f6mb og ull af hundra\u00f0 \u00fe\u00fasund hr\u00fatum.5En er Akab var d\u00e1inn, braust M\u00f3abskonungur undan \u00cdsraelskonungi.6Lag\u00f0i J\u00f3ram konungur \u00fe\u00e1 af sta\u00f0 <a href=\"https:\/\/biblian.is\/1981\/sidari-konungabok-3-kafli\/\"> [&#8230;]<\/a><\/p>\n","protected":false},"author":1,"featured_media":0,"parent":0,"menu_order":0,"comment_status":"open","ping_status":"open","template":"bibliukaflar.php","meta":{"footnotes":""},"class_list":["post-1662","page","type-page","status-publish","hentry"],"_links":{"self":[{"href":"https:\/\/biblian.is\/1981\/wp-json\/wp\/v2\/pages\/1662","targetHints":{"allow":["GET"]}}],"collection":[{"href":"https:\/\/biblian.is\/1981\/wp-json\/wp\/v2\/pages"}],"about":[{"href":"https:\/\/biblian.is\/1981\/wp-json\/wp\/v2\/types\/page"}],"author":[{"embeddable":true,"href":"https:\/\/biblian.is\/1981\/wp-json\/wp\/v2\/users\/1"}],"replies":[{"embeddable":true,"href":"https:\/\/biblian.is\/1981\/wp-json\/wp\/v2\/comments?post=1662"}],"version-history":[{"count":0,"href":"https:\/\/biblian.is\/1981\/wp-json\/wp\/v2\/pages\/1662\/revisions"}],"wp:attachment":[{"href":"https:\/\/biblian.is\/1981\/wp-json\/wp\/v2\/media?parent=1662"}],"curies":[{"name":"wp","href":"https:\/\/api.w.org\/{rel}","templated":true}]}}