{"id":1661,"date":"2017-11-18T20:18:09","date_gmt":"2017-11-18T20:18:09","guid":{"rendered":"http:\/\/biblian.is\/1981\/sidari-konungabok-2-kafli\/"},"modified":"2021-06-06T11:10:22","modified_gmt":"2021-06-06T11:10:22","slug":"sidari-konungabok-2-kafli","status":"publish","type":"page","link":"https:\/\/biblian.is\/1981\/sidari-konungabok-2-kafli\/","title":{"rendered":"S\u00ed\u00f0ari konungab\u00f3k 2. kafli"},"content":{"rendered":"<p><a name=\"1\"><span class=\"versanumer\">1<\/span><\/a>\u00deegar Drottinn \u00e6tla\u00f0i a\u00f0 l\u00e1ta El\u00eda fara til himins \u00ed stormvi\u00f0ri, voru \u00feeir El\u00eda og El\u00edsa \u00e1 lei\u00f0 fr\u00e1 Gilgal.<a name=\"2\"><span class=\"versanumer\">2<\/span><\/a>\u00de\u00e1 sag\u00f0i El\u00eda vi\u00f0 El\u00edsa: Vertu h\u00e9r kyrr, \u00fev\u00ed a\u00f0 Drottinn hefir sent mig til Betel. En El\u00edsa svara\u00f0i: Svo sannarlega sem Drottinn lifir og svo sannarlega sem \u00fe\u00fa lifir, mun \u00e9g eigi vi\u00f0 \u00feig skilja. F\u00f3ru \u00feeir \u00fe\u00e1 ofan til Betel.<a name=\"3\"><span class=\"versanumer\">3<\/span><\/a>Sp\u00e1mannasveinar \u00feeir, er voru \u00ed Betel, gengu \u00fat \u00e1 m\u00f3ti El\u00edsa og s\u00f6g\u00f0u vi\u00f0 hann: Veist \u00fe\u00fa a\u00f0 Drottinn \u00e6tlar \u00ed dag a\u00f0 nema herra \u00feinn burt yfir h\u00f6f\u00f0i \u00fe\u00e9r? El\u00edsa svara\u00f0i: Veit \u00e9g \u00fea\u00f0 l\u00edka. Veri\u00f0 hlj\u00f3\u00f0ir!<a name=\"4\"><span class=\"versanumer\">4<\/span><\/a>\u00de\u00e1 sag\u00f0i El\u00eda vi\u00f0 hann: El\u00edsa, vertu h\u00e9r kyrr, \u00fev\u00ed a\u00f0 Drottinn hefir sent mig til Jer\u00edk\u00f3. Hann svara\u00f0i: Svo sannarlega sem Drottinn lifir og svo sannarlega sem \u00fe\u00fa lifir, mun \u00e9g eigi vi\u00f0 \u00feig skilja. F\u00f3ru \u00feeir \u00fe\u00e1 til Jer\u00edk\u00f3.<a name=\"5\"><span class=\"versanumer\">5<\/span><\/a>\u00de\u00e1 gengu sp\u00e1mannasveinar \u00feeir, er voru \u00ed Jer\u00edk\u00f3, til El\u00edsa og s\u00f6g\u00f0u vi\u00f0 hann: Veist \u00fe\u00fa a\u00f0 Drottinn \u00e6tlar \u00ed dag a\u00f0 nema herra \u00feinn burt yfir h\u00f6f\u00f0i \u00fe\u00e9r? El\u00edsa svara\u00f0i: Veit \u00e9g \u00fea\u00f0 l\u00edka. Veri\u00f0 hlj\u00f3\u00f0ir!<a name=\"6\"><span class=\"versanumer\">6<\/span><\/a>\u00de\u00e1 sag\u00f0i El\u00eda vi\u00f0 hann: Vertu h\u00e9r kyrr, \u00fev\u00ed a\u00f0 Drottinn hefir sent mig til J\u00f3rdanar. Hann svara\u00f0i: Svo sannarlega sem Drottinn lifir og svo sannarlega sem \u00fe\u00fa lifir, mun \u00e9g eigi vi\u00f0 \u00feig skilja. F\u00f3ru \u00feeir \u00fe\u00e1 b\u00e1\u00f0ir saman.<a name=\"7\"><span class=\"versanumer\">7<\/span><\/a>En fimmt\u00edu manns af sp\u00e1mannasveinunum f\u00f3ru og n\u00e1mu sta\u00f0ar til hli\u00f0ar \u00ed nokkurri fjarl\u00e6g\u00f0, en hinir b\u00e1\u00f0ir gengu a\u00f0 J\u00f3rdan.<a name=\"8\"><span class=\"versanumer\">8<\/span><\/a>\u00de\u00e1 t\u00f3k El\u00eda skikkju s\u00edna, braut hana saman og sl\u00f3 \u00e1 vatni\u00f0. Skipti \u00fea\u00f0 s\u00e9r \u00fe\u00e1 til beggja hli\u00f0a, en \u00feeir gengu b\u00e1\u00f0ir yfir um \u00e1 \u00feurru.<a name=\"9\"><span class=\"versanumer\">9<\/span><\/a>En er \u00feeir voru komnir yfir um, sag\u00f0i El\u00eda vi\u00f0 El\u00edsa: Bi\u00f0 \u00fe\u00fa mig einhvers, er \u00e9g megi veita \u00fe\u00e9r, \u00e1\u00f0ur en \u00e9g ver\u00f0 numinn burt fr\u00e1 \u00fe\u00e9r. El\u00edsa svara\u00f0i: M\u00e6ttu m\u00e9r \u00fe\u00e1 hlotnast tveir hlutar af andagift \u00feinni.<a name=\"10\"><span class=\"versanumer\">10<\/span><\/a>\u00de\u00e1 m\u00e6lti El\u00eda: Til mikils hefir \u00fe\u00fa m\u00e6lst. En ef \u00fe\u00fa s\u00e9r mig, er \u00e9g ver\u00f0 numinn burt fr\u00e1 \u00fe\u00e9r, \u00fe\u00e1 mun \u00fe\u00e9r veitast \u00fea\u00f0, ella eigi.<a name=\"11\"><span class=\"versanumer\">11<\/span><\/a>En er \u00feeir h\u00e9ldu \u00e1fram og voru a\u00f0 tala saman, \u00fe\u00e1 kom allt \u00ed einu eldlegur vagn og eldlegir hestar og skildu \u00fe\u00e1 a\u00f0, og El\u00eda f\u00f3r til himins \u00ed stormvi\u00f0ri.<a name=\"12\"><span class=\"versanumer\">12<\/span><\/a>Og er El\u00edsa s\u00e1 \u00fea\u00f0, kalla\u00f0i hann: Fa\u00f0ir minn, fa\u00f0ir minn, \u00fe\u00fa \u00cdsraels vagn og riddarar! Og hann s\u00e1 hann ekki framar. \u00de\u00e1 \u00fereif hann \u00ed kl\u00e6\u00f0i s\u00edn og reif \u00feau sundur \u00ed tvo hluti.<a name=\"13\"><span class=\"versanumer\">13<\/span><\/a>S\u00ed\u00f0an t\u00f3k hann upp skikkju El\u00eda, er falli\u00f0 haf\u00f0i af honum, sneri vi\u00f0 og gekk ni\u00f0ur \u00e1 J\u00f3rdanbakka,<a name=\"14\"><span class=\"versanumer\">14<\/span><\/a>t\u00f3k skikkju El\u00eda, er falli\u00f0 haf\u00f0i af honum, sl\u00f3 \u00e1 vatni\u00f0 og sag\u00f0i: Hvar er n\u00fa Drottinn, Gu\u00f0 El\u00eda? En er hann sl\u00f3 \u00e1 vatni\u00f0, skipti \u00fea\u00f0 s\u00e9r til beggja hli\u00f0a, en El\u00edsa gekk yfir um.<a name=\"15\"><span class=\"versanumer\">15<\/span><\/a>\u00deegar sp\u00e1mannasveinarnir \u00ed Jer\u00edk\u00f3 s\u00e1u \u00fea\u00f0 hinumegin, s\u00f6g\u00f0u \u00feeir: Andi El\u00eda hv\u00edlir yfir El\u00edsa. Gengu \u00feeir \u00ed m\u00f3ti honum, lutu til jar\u00f0ar fyrir honum<a name=\"16\"><span class=\"versanumer\">16<\/span><\/a>og s\u00f6g\u00f0u vi\u00f0 hann: Sj\u00e1, h\u00e9r eru fimmt\u00edu r\u00f6skir menn me\u00f0 \u00fej\u00f3num \u00fe\u00ednum. L\u00e1t \u00fe\u00e1 fara og leita a\u00f0 herra \u00fe\u00ednum, ef andi Drottins kynni a\u00f0 hafa hrifi\u00f0 hann og varpa\u00f0 honum \u00e1 eitthvert fjalli\u00f0 e\u00f0a ofan \u00ed einhvern dalinn. En El\u00edsa m\u00e6lti: Eigi skulu\u00f0 \u00fe\u00e9r senda \u00fe\u00e1.<a name=\"17\"><span class=\"versanumer\">17<\/span><\/a>En er \u00feeir l\u00f6g\u00f0u mj\u00f6g a\u00f0 honum, m\u00e6lti hann: Sendi\u00f0 \u00fe\u00e9r \u00fe\u00e1. Sendu \u00feeir \u00fe\u00e1 fimmt\u00edu manns, og leitu\u00f0u \u00feeir hans \u00ed \u00ferj\u00e1 daga, en fundu hann ekki.<a name=\"18\"><span class=\"versanumer\">18<\/span><\/a>Sneru \u00feeir \u00fe\u00e1 aftur til El\u00edsa, og var hann \u00fe\u00e1 enn \u00ed Jer\u00edk\u00f3. \u00de\u00e1 sag\u00f0i hann vi\u00f0 \u00fe\u00e1: Sag\u00f0i \u00e9g y\u00f0ur ekki, a\u00f0 \u00fe\u00e9r skyldu\u00f0 ekki fara?<a name=\"19\"><span class=\"versanumer\">19<\/span><\/a>Borgarmenn Jer\u00edk\u00f3 s\u00f6g\u00f0u vi\u00f0 El\u00edsa: Borg \u00feessi liggur a\u00f0 v\u00edsu vel, eins og \u00fe\u00fa sj\u00e1lfur s\u00e9r\u00f0, herra, en vatni\u00f0 er vont, og landi\u00f0 veldur \u00fev\u00ed, a\u00f0 konur f\u00e6\u00f0a fyrir t\u00edmann.<a name=\"20\"><span class=\"versanumer\">20<\/span><\/a>Hann sag\u00f0i vi\u00f0 \u00fe\u00e1: F\u00e6ri\u00f0 m\u00e9r n\u00fdja sk\u00e1l og l\u00e1ti\u00f0 \u00ed hana salt. \u00deeir gj\u00f6r\u00f0u svo.<a name=\"21\"><span class=\"versanumer\">21<\/span><\/a>Og hann gekk \u00fat a\u00f0 uppsprettu vatnsins, kasta\u00f0i saltinu \u00ed hana og m\u00e6lti: Svo segir Drottinn: \u00c9g gj\u00f6ri vatn \u00feetta heiln\u00e6mt. Upp fr\u00e1 \u00feessu skal \u00fea\u00f0 eigi valda dau\u00f0a n\u00e9 \u00f3t\u00edmabur\u00f0i.<a name=\"22\"><span class=\"versanumer\">22<\/span><\/a>\u00de\u00e1 var\u00f0 vatni\u00f0 heiln\u00e6mt samkv\u00e6mt or\u00f0i El\u00edsa, \u00fev\u00ed er hann haf\u00f0i tala\u00f0, og er svo enn \u00ed dag.<a name=\"23\"><span class=\"versanumer\">23<\/span><\/a>\u00dea\u00f0an h\u00e9lt hann til Betel. Og er hann gekk upp veginn, gengu sm\u00e1sveinar \u00fat \u00far borginni, h\u00e6ddu hann og k\u00f6llu\u00f0u til hans: Kom hinga\u00f0, skalli! Kom hinga\u00f0, skalli!<a name=\"24\"><span class=\"versanumer\">24<\/span><\/a>Sneri hann s\u00e9r \u00fe\u00e1 vi\u00f0, og er hann s\u00e1 \u00fe\u00e1, form\u00e6lti hann \u00feeim \u00ed nafni Drottins. \u00de\u00e1 komu tv\u00e6r birnur \u00fat \u00far sk\u00f3ginum og rifu \u00ed sundur fj\u00f6rut\u00edu og tvo af drengjunum.<a name=\"25\"><span class=\"versanumer\">25<\/span><\/a>\u00dea\u00f0an f\u00f3r hann til Karmelfjalls og sneri \u00fea\u00f0an aftur til Samar\u00edu.<\/p>\n<div class=\"footnote1981\"><b>2.1<\/b> El\u00edsa 1Kon 19.16,19-21<br \/>\n<b>2.2<\/b> Betel 1Kon 12.29+<br \/>\n<b>2.3<\/b> Taka fr\u00e1 1Makk 2.58; sbr 1M\u00f3s 5.24; Post 1.9<br \/>\n<b>2.4<\/b> Jer\u00edk\u00f3 2Kon 2.19-22; J\u00f3s 6; 1Kon 16.34<br \/>\n<b>2.6<\/b> J\u00f3rdan 2Kon 6.1-6; J\u00f3s 3-4; Matt 3.13 og hlst<br \/>\n<b>2.8<\/b> Skikkja El\u00eda 1Kon 19.19+; sbr 2M\u00f3s 14.16<br \/>\n<b>2.9<\/b> Hlutar af anda Jes 42.1; 61.1; Esk 2.2; 3.12<br \/>\n<b>2.11<\/b> Eldvagn og hestar 2Kon 6.17; S\u00edr 48.9<br \/>\n<b>2.15<\/b> Andinn hv\u00edlir yfir El\u00edsa 4M\u00f3s 11.25; Jes 11.2; 1 P\u00e9t 4.14<br \/>\n<b>2.16<\/b> Teki\u00f0 hann 1Kon 18.12+<br \/>\n<b>2.19<\/b> Vont vatn 2M\u00f3s 15.22-25<br \/>\n<b>2.20<\/b> Salt 3M\u00f3s 2.13+ ; Esk 43.24<br \/>\n<b>2.24<\/b> Tv\u00e6r birnur 3M\u00f3s 26.22+; sbr 1Kon 13.24+<br \/>\n<b>2.25<\/b> Samar\u00eda 1Kon 16.24<\/div>\n","protected":false},"excerpt":{"rendered":"<p>1\u00deegar Drottinn \u00e6tla\u00f0i a\u00f0 l\u00e1ta El\u00eda fara til himins \u00ed stormvi\u00f0ri, voru \u00feeir El\u00eda og El\u00edsa \u00e1 lei\u00f0 fr\u00e1 Gilgal.2\u00de\u00e1 sag\u00f0i El\u00eda vi\u00f0 El\u00edsa: Vertu h\u00e9r kyrr, \u00fev\u00ed a\u00f0 Drottinn hefir sent mig til Betel. En El\u00edsa svara\u00f0i: Svo sannarlega sem Drottinn lifir og svo sannarlega sem \u00fe\u00fa lifir, mun \u00e9g eigi vi\u00f0 \u00feig skilja. F\u00f3ru \u00feeir \u00fe\u00e1 ofan til Betel.3Sp\u00e1mannasveinar \u00feeir, er voru \u00ed Betel, gengu \u00fat \u00e1 m\u00f3ti El\u00edsa og s\u00f6g\u00f0u vi\u00f0 hann: Veist \u00fe\u00fa a\u00f0 Drottinn \u00e6tlar \u00ed dag a\u00f0 nema herra \u00feinn burt yfir h\u00f6f\u00f0i \u00fe\u00e9r? El\u00edsa svara\u00f0i: Veit \u00e9g \u00fea\u00f0 l\u00edka. Veri\u00f0 hlj\u00f3\u00f0ir!4\u00de\u00e1 sag\u00f0i El\u00eda <a href=\"https:\/\/biblian.is\/1981\/sidari-konungabok-2-kafli\/\"> [&#8230;]<\/a><\/p>\n","protected":false},"author":1,"featured_media":0,"parent":0,"menu_order":0,"comment_status":"open","ping_status":"open","template":"bibliukaflar.php","meta":{"footnotes":""},"class_list":["post-1661","page","type-page","status-publish","hentry"],"_links":{"self":[{"href":"https:\/\/biblian.is\/1981\/wp-json\/wp\/v2\/pages\/1661","targetHints":{"allow":["GET"]}}],"collection":[{"href":"https:\/\/biblian.is\/1981\/wp-json\/wp\/v2\/pages"}],"about":[{"href":"https:\/\/biblian.is\/1981\/wp-json\/wp\/v2\/types\/page"}],"author":[{"embeddable":true,"href":"https:\/\/biblian.is\/1981\/wp-json\/wp\/v2\/users\/1"}],"replies":[{"embeddable":true,"href":"https:\/\/biblian.is\/1981\/wp-json\/wp\/v2\/comments?post=1661"}],"version-history":[{"count":0,"href":"https:\/\/biblian.is\/1981\/wp-json\/wp\/v2\/pages\/1661\/revisions"}],"wp:attachment":[{"href":"https:\/\/biblian.is\/1981\/wp-json\/wp\/v2\/media?parent=1661"}],"curies":[{"name":"wp","href":"https:\/\/api.w.org\/{rel}","templated":true}]}}