{"id":1660,"date":"2017-11-18T20:18:09","date_gmt":"2017-11-18T20:18:09","guid":{"rendered":"http:\/\/biblian.is\/1981\/sidari-konungabok-1-kafli\/"},"modified":"2021-06-06T11:10:18","modified_gmt":"2021-06-06T11:10:18","slug":"sidari-konungabok-1-kafli","status":"publish","type":"page","link":"https:\/\/biblian.is\/1981\/sidari-konungabok-1-kafli\/","title":{"rendered":"S\u00ed\u00f0ari konungab\u00f3k 1. kafli"},"content":{"rendered":"<p><a name=\"1\"><span class=\"versanumer\">1<\/span><\/a>Eftir dau\u00f0a Akabs braust M\u00f3ab undan \u00cdsrael.<a name=\"2\"><span class=\"versanumer\">2<\/span><\/a>Ahas\u00eda f\u00e9ll ofan um grindurnar \u00e1 loftsal s\u00ednum \u00ed Samar\u00edu og var\u00f0 sj\u00fakur. \u00de\u00e1 gj\u00f6r\u00f0i hann \u00fat sendimenn og sag\u00f0i vi\u00f0 \u00fe\u00e1: Fari\u00f0 og gangi\u00f0 til fr\u00e9tta vi\u00f0 Baal Seb\u00fab, gu\u00f0inn \u00ed Ekron, hvort \u00e9g muni heill ver\u00f0a af \u00feessum sj\u00fakd\u00f3mi.<a name=\"3\"><span class=\"versanumer\">3<\/span><\/a>En engill Drottins sag\u00f0i vi\u00f0 El\u00eda Tisb\u00edta: Tak \u00feig upp og far \u00e1 m\u00f3ti sendim\u00f6nnum konungsins \u00ed Samar\u00edu og seg vi\u00f0 \u00fe\u00e1: \u00dea\u00f0 er v\u00edst enginn gu\u00f0 til \u00ed \u00cdsrael, \u00far \u00fev\u00ed \u00fe\u00e9r fari\u00f0 til \u00feess a\u00f0 ganga til fr\u00e9tta vi\u00f0 Baal Seb\u00fab, gu\u00f0inn \u00ed Ekron?<a name=\"4\"><span class=\"versanumer\">4<\/span><\/a>Fyrir \u00fev\u00ed segir Drottinn svo: \u00dar rekkjunni, sem \u00fe\u00fa n\u00fa ert lagstur \u00ed, skalt \u00fe\u00fa ekki r\u00edsa, heldur skalt \u00fe\u00fa deyja. S\u00ed\u00f0an f\u00f3r El\u00eda burt.<a name=\"5\"><span class=\"versanumer\">5<\/span><\/a>\u00de\u00e1 er sendimennirnir komu aftur til konungs, sag\u00f0i hann vi\u00f0 \u00fe\u00e1: Hv\u00ed eru\u00f0 \u00fe\u00e9r komnir aftur?<a name=\"6\"><span class=\"versanumer\">6<\/span><\/a>\u00deeir sv\u00f6ru\u00f0u honum: Ma\u00f0ur kom \u00e1 m\u00f3ti oss og sag\u00f0i vi\u00f0 oss: Fari\u00f0 og sn\u00fai\u00f0 aftur heim til konungsins, er y\u00f0ur sendi, og segi\u00f0 vi\u00f0 hann: Svo segir Drottinn: \u00dea\u00f0 er v\u00edst enginn gu\u00f0 til \u00ed \u00cdsrael, \u00far \u00fev\u00ed \u00fe\u00fa sendir til \u00feess a\u00f0 leita fr\u00e9tta hj\u00e1 Baal Seb\u00fab, gu\u00f0inum \u00ed Ekron. Fyrir \u00fev\u00ed skalt \u00fe\u00fa eigi r\u00edsa \u00far rekkjunni, sem \u00fe\u00fa n\u00fa ert lagstur \u00ed, heldur skalt \u00fe\u00fa deyja.<a name=\"7\"><span class=\"versanumer\">7<\/span><\/a>\u00de\u00e1 m\u00e6lti konungur vi\u00f0 \u00fe\u00e1: Hvernig var s\u00e1 ma\u00f0ur \u00ed h\u00e1tt, sem kom \u00e1 m\u00f3ti y\u00f0ur og tala\u00f0i \u00feessi or\u00f0 vi\u00f0 y\u00f0ur?<a name=\"8\"><span class=\"versanumer\">8<\/span><\/a>\u00deeir sv\u00f6ru\u00f0u honum: Hann var \u00ed skinnfeldi og gyr\u00f0ur le\u00f0urbelti um lendar s\u00e9r. \u00de\u00e1 m\u00e6lti hann: \u00dea\u00f0 hefir veri\u00f0 El\u00eda fr\u00e1 Tisbe.<a name=\"9\"><span class=\"versanumer\">9<\/span><\/a>\u00de\u00e1 sendi konungur fimmt\u00edumannaforingja og fimmt\u00edu menn hans me\u00f0 honum til El\u00eda. F\u00f3r hann \u00fe\u00e1 upp til hans en hann sat efst uppi \u00e1 fjalli og sag\u00f0i vi\u00f0 hann: \u00de\u00fa gu\u00f0sma\u00f0ur! Konungur segir: Kom \u00fe\u00fa ofan!<a name=\"10\"><span class=\"versanumer\">10<\/span><\/a>El\u00eda svara\u00f0i og sag\u00f0i vi\u00f0 fimmt\u00edumannaforingjann: S\u00e9 \u00e9g gu\u00f0sma\u00f0ur, \u00fe\u00e1 falli eldur af himni og ey\u00f0i \u00fe\u00e9r og \u00fe\u00ednum fimmt\u00edu m\u00f6nnum. F\u00e9ll \u00fe\u00e1 eldur af himni og eyddi honum og m\u00f6nnum hans fimmt\u00edu.<a name=\"11\"><span class=\"versanumer\">11<\/span><\/a>Og konungur sendi aftur til hans annan fimmt\u00edumannaforingja og fimmt\u00edu menn hans me\u00f0 honum. F\u00f3r hann upp og sag\u00f0i vi\u00f0 hann: \u00de\u00fa gu\u00f0sma\u00f0ur, svo segir konungur: Kom sem skj\u00f3tast ofan!<a name=\"12\"><span class=\"versanumer\">12<\/span><\/a>En El\u00eda svara\u00f0i og sag\u00f0i vi\u00f0 \u00fe\u00e1: S\u00e9 \u00e9g gu\u00f0sma\u00f0ur, \u00fe\u00e1 falli eldur af himni og ey\u00f0i \u00fe\u00e9r og \u00fe\u00ednum fimmt\u00edu m\u00f6nnum. F\u00e9ll \u00fe\u00e1 eldur Gu\u00f0s af himni og eyddi honum og m\u00f6nnum hans fimmt\u00edu.<a name=\"13\"><span class=\"versanumer\">13<\/span><\/a>\u00de\u00e1 sendi konungur enn \u00feri\u00f0ja fimmt\u00edumannaforingjann og fimmt\u00edu menn hans me\u00f0 honum. Og fimmt\u00edumannaforinginn \u00feri\u00f0ji f\u00f3r upp, og er hann kom \u00feanga\u00f0, f\u00e9ll hann \u00e1 kn\u00e9 fyrir El\u00eda, gr\u00e1tb\u00e6ndi hann og m\u00e6lti til hans: \u00de\u00fa gu\u00f0sma\u00f0ur, \u00feyrm n\u00fa l\u00edfi m\u00ednu og l\u00edfi \u00feessara fimmt\u00edu \u00fej\u00f3na \u00feinna.<a name=\"14\"><span class=\"versanumer\">14<\/span><\/a>Sj\u00e1, eldur er fallinn af himni og hefir eytt b\u00e1\u00f0um fyrri fimmt\u00edumannaforingjunum og fimmt\u00edu m\u00f6nnum \u00feeirra. En \u00feyrm \u00fe\u00fa l\u00edfi m\u00ednu.<a name=\"15\"><span class=\"versanumer\">15<\/span><\/a>\u00de\u00e1 sag\u00f0i engill Drottins vi\u00f0 El\u00eda: Far \u00fe\u00fa ofan me\u00f0 honum og ver \u00f3hr\u00e6ddur vi\u00f0 hann. St\u00f3\u00f0 hann \u00fe\u00e1 upp og f\u00f3r ofan me\u00f0 honum til konungs<a name=\"16\"><span class=\"versanumer\">16<\/span><\/a>og sag\u00f0i vi\u00f0 hann: Svo segir Drottinn: Af \u00fev\u00ed a\u00f0 \u00fe\u00fa gj\u00f6r\u00f0ir \u00fat sendimenn til \u00feess a\u00f0 leita fr\u00e9tta hj\u00e1 Baal Seb\u00fab, gu\u00f0inum \u00ed Ekron, \u00fea\u00f0 er v\u00edst enginn gu\u00f0 til \u00ed \u00cdsrael, er leita megi fr\u00e9tta hj\u00e1 \u00fe\u00e1 skalt \u00fe\u00fa eigi r\u00edsa \u00far rekkjunni, sem \u00fe\u00fa n\u00fa ert lagstur \u00ed, heldur skalt \u00fe\u00fa deyja.<a name=\"17\"><span class=\"versanumer\">17<\/span><\/a>Og hann d\u00f3 eftir or\u00f0i Drottins, \u00fev\u00ed er El\u00eda haf\u00f0i tala\u00f0. Og J\u00f3ram br\u00f3\u00f0ir hans t\u00f3k r\u00edki eftir hann \u00e1 \u00f6\u00f0ru r\u00edkis\u00e1ri J\u00f3rams J\u00f3safatssonar, konungs \u00ed J\u00fada, \u00fev\u00ed a\u00f0 hann \u00e1tti engan son.<a name=\"18\"><span class=\"versanumer\">18<\/span><\/a>En \u00fea\u00f0 sem meira er a\u00f0 segja um Ahas\u00eda, hva\u00f0 hann gj\u00f6r\u00f0i, \u00fea\u00f0 er rita\u00f0 \u00ed \u00c1rb\u00f3kum \u00cdsraelskonunga.<\/p>\n<div class=\"footnote1981\"><b>1.1<\/b> M\u00f3ab 2Kon 3.4-27; 4M\u00f3s 24.17; 1Sam 14.47; 2Sam 8.2; Slm 60.10<br \/>\n<b>1.2<\/b> Baal Seb\u00fab sbr Matt 10.25; 12.24 og hlst. \u2013 n\u00e1 m\u00e9r 2Kon 8.9-10<br \/>\n<b>1.3<\/b> El\u00eda 1Kon 17.1+ &#8211; enginn gu\u00f0 \u00ed \u00cdsrael? Jer 2.11-13<br \/>\n<b>1.4<\/b> \u00de\u00fa skalt deyja 2Kon 20.1; 1M\u00f3s 2.17; Esk 3.18; 18.24<br \/>\n<b>1.8<\/b> \u00cd skinnfeldi Sak 13.4; Matt 3.4 og hlst.<br \/>\n<b>1.9<\/b> Foringi yfir fimmt\u00edu 1Sam 8.12<br \/>\n<b>1.10<\/b> Eldur af himni 3M\u00f3s 10.2+; L\u00fak 9.54<\/div>\n","protected":false},"excerpt":{"rendered":"<p>1Eftir dau\u00f0a Akabs braust M\u00f3ab undan \u00cdsrael.2Ahas\u00eda f\u00e9ll ofan um grindurnar \u00e1 loftsal s\u00ednum \u00ed Samar\u00edu og var\u00f0 sj\u00fakur. \u00de\u00e1 gj\u00f6r\u00f0i hann \u00fat sendimenn og sag\u00f0i vi\u00f0 \u00fe\u00e1: Fari\u00f0 og gangi\u00f0 til fr\u00e9tta vi\u00f0 Baal Seb\u00fab, gu\u00f0inn \u00ed Ekron, hvort \u00e9g muni heill ver\u00f0a af \u00feessum sj\u00fakd\u00f3mi.3En engill Drottins sag\u00f0i vi\u00f0 El\u00eda Tisb\u00edta: Tak \u00feig upp og far \u00e1 m\u00f3ti sendim\u00f6nnum konungsins \u00ed Samar\u00edu og seg vi\u00f0 \u00fe\u00e1: \u00dea\u00f0 er v\u00edst enginn gu\u00f0 til \u00ed \u00cdsrael, \u00far \u00fev\u00ed \u00fe\u00e9r fari\u00f0 til \u00feess a\u00f0 ganga til fr\u00e9tta vi\u00f0 Baal Seb\u00fab, gu\u00f0inn \u00ed Ekron?4Fyrir \u00fev\u00ed segir Drottinn svo: \u00dar rekkjunni, sem \u00fe\u00fa <a href=\"https:\/\/biblian.is\/1981\/sidari-konungabok-1-kafli\/\"> [&#8230;]<\/a><\/p>\n","protected":false},"author":1,"featured_media":0,"parent":0,"menu_order":0,"comment_status":"open","ping_status":"open","template":"bibliukaflar.php","meta":{"footnotes":""},"class_list":["post-1660","page","type-page","status-publish","hentry"],"_links":{"self":[{"href":"https:\/\/biblian.is\/1981\/wp-json\/wp\/v2\/pages\/1660","targetHints":{"allow":["GET"]}}],"collection":[{"href":"https:\/\/biblian.is\/1981\/wp-json\/wp\/v2\/pages"}],"about":[{"href":"https:\/\/biblian.is\/1981\/wp-json\/wp\/v2\/types\/page"}],"author":[{"embeddable":true,"href":"https:\/\/biblian.is\/1981\/wp-json\/wp\/v2\/users\/1"}],"replies":[{"embeddable":true,"href":"https:\/\/biblian.is\/1981\/wp-json\/wp\/v2\/comments?post=1660"}],"version-history":[{"count":0,"href":"https:\/\/biblian.is\/1981\/wp-json\/wp\/v2\/pages\/1660\/revisions"}],"wp:attachment":[{"href":"https:\/\/biblian.is\/1981\/wp-json\/wp\/v2\/media?parent=1660"}],"curies":[{"name":"wp","href":"https:\/\/api.w.org\/{rel}","templated":true}]}}