{"id":1656,"date":"2017-11-18T20:18:09","date_gmt":"2017-11-18T20:18:09","guid":{"rendered":"http:\/\/biblian.is\/1981\/fyrri-konungabok-19-kafli\/"},"modified":"2021-06-06T10:56:58","modified_gmt":"2021-06-06T10:56:58","slug":"fyrri-konungabok-19-kafli","status":"publish","type":"page","link":"https:\/\/biblian.is\/1981\/fyrri-konungabok-19-kafli\/","title":{"rendered":"Fyrri konungab\u00f3k 19. kafli"},"content":{"rendered":"<p><a name=\"1\"><span class=\"versanumer\">1<\/span><\/a>Akab sag\u00f0i Jesebel fr\u00e1 \u00f6llu \u00fev\u00ed, sem El\u00eda haf\u00f0i gj\u00f6rt og hversu hann haf\u00f0i drepi\u00f0 alla sp\u00e1mennina me\u00f0 sver\u00f0i.<a name=\"2\"><span class=\"versanumer\">2<\/span><\/a>\u00de\u00e1 sendi h\u00fan mann \u00e1 fund El\u00eda og l\u00e9t segja honum: Gu\u00f0irnir gj\u00f6ri m\u00e9r hva\u00f0 sem \u00feeir vilja n\u00fa og s\u00ed\u00f0ar: \u00c1 morgun \u00ed \u00feetta mund skal \u00e9g fara svo me\u00f0 l\u00edf \u00feitt, sem fari\u00f0 hefir veri\u00f0 me\u00f0 l\u00edf s\u00e9rhvers \u00feeirra.<a name=\"3\"><span class=\"versanumer\">3<\/span><\/a>\u00de\u00e1 var\u00f0 hann hr\u00e6ddur, t\u00f3k sig upp og h\u00e9lt af sta\u00f0 til \u00feess a\u00f0 for\u00f0a l\u00edfi s\u00ednu. Hann kom til Beerseba, sem er \u00ed J\u00fada. \u00dear l\u00e9t hann eftir svein sinn.<a name=\"4\"><span class=\"versanumer\">4<\/span><\/a>En sj\u00e1lfur f\u00f3r hann eina daglei\u00f0 \u00e1 ey\u00f0im\u00f6rku og kom \u00fear sem g\u00fdfilrunnur var og settist undir hann. \u00de\u00e1 \u00f3ska\u00f0i hann s\u00e9r a\u00f0 hann m\u00e6tti deyja og m\u00e6lti: M\u00e1l er n\u00fa, Drottinn, a\u00f0 \u00fe\u00fa takir l\u00edf mitt, \u00fev\u00ed a\u00f0 m\u00e9r er eigi vandara um en fe\u00f0rum m\u00ednum.<a name=\"5\"><span class=\"versanumer\">5<\/span><\/a>S\u00ed\u00f0an lag\u00f0ist hann fyrir undir g\u00fdfilrunninum og sofna\u00f0i. Og sj\u00e1, engill snart hann og m\u00e6lti til hans: Statt upp og et.<a name=\"6\"><span class=\"versanumer\">6<\/span><\/a>Lita\u00f0ist hann \u00fe\u00e1 um og s\u00e1, a\u00f0 eldb\u00f6ku\u00f0 kaka l\u00e1 a\u00f0 h\u00f6f\u00f0i honum og vatnskr\u00fas. \u00c1t hann \u00fe\u00e1 og drakk og lag\u00f0ist s\u00ed\u00f0an aftur fyrir.<a name=\"7\"><span class=\"versanumer\">7<\/span><\/a>En engill Drottins kom aftur \u00f6\u00f0ru sinni, snart hann og m\u00e6lti: Statt upp og et, \u00fev\u00ed a\u00f0 annars ver\u00f0ur lei\u00f0in \u00fe\u00e9r of l\u00f6ng.<a name=\"8\"><span class=\"versanumer\">8<\/span><\/a>St\u00f3\u00f0 hann \u00fe\u00e1 upp, \u00e1t og drakk og h\u00e9lt \u00e1fram fyrir kraft f\u00e6\u00f0unnar fj\u00f6rut\u00edu daga og fj\u00f6rut\u00edu n\u00e6tur, uns hann kom a\u00f0 H\u00f3reb, fjalli Gu\u00f0s.<a name=\"9\"><span class=\"versanumer\">9<\/span><\/a>\u00dear gekk hann inn \u00ed helli og haf\u00f0ist \u00fear vi\u00f0 um n\u00f3ttina. \u00de\u00e1 kom or\u00f0 Drottins til hans: Hva\u00f0 ert \u00fe\u00fa h\u00e9r a\u00f0 gj\u00f6ra, El\u00eda?<a name=\"10\"><span class=\"versanumer\">10<\/span><\/a>Hann svara\u00f0i: \u00c9g hefi veri\u00f0 vandl\u00e6tingasamur vegna Drottins, Gu\u00f0s allsherjar, \u00fev\u00ed a\u00f0 \u00cdsraelsmenn hafa virt a\u00f0 vettugi s\u00e1ttm\u00e1la \u00feinn, rifi\u00f0 ni\u00f0ur \u00f6lturu \u00fe\u00edn og drepi\u00f0 sp\u00e1menn \u00fe\u00edna me\u00f0 sver\u00f0i, svo a\u00f0 \u00e9g er einn eftir or\u00f0inn, og sitja \u00feeir n\u00fa um l\u00edf mitt.<a name=\"11\"><span class=\"versanumer\">11<\/span><\/a>\u00de\u00e1 sag\u00f0i Drottinn: Gakk \u00fe\u00fa \u00fat og nem sta\u00f0ar \u00e1 fjallinu frammi fyrir m\u00e9r. Og sj\u00e1, Drottinn gekk fram hj\u00e1, og mikill og sterkur stormur, er t\u00e6tti fj\u00f6llin og mola\u00f0i klettana, f\u00f3r fyrir Drottni, en Drottinn var ekki \u00ed storminum.<a name=\"12\"><span class=\"versanumer\">12<\/span><\/a>Og eftir storminn kom landskj\u00e1lfti, en Drottinn var ekki \u00ed landskj\u00e1lftanum. Og eftir landskj\u00e1lftann kom eldur, en Drottinn var ekki \u00ed eldinum. En eftir eldinn heyr\u00f0ist bl\u00ed\u00f0ur vindbl\u00e6r hv\u00edsla.<a name=\"13\"><span class=\"versanumer\">13<\/span><\/a>Og er El\u00eda heyr\u00f0i \u00fea\u00f0, huldi hann andlit sitt me\u00f0 skikkju sinni, gekk \u00fat og nam sta\u00f0ar vi\u00f0 hellisdyrnar. Sj\u00e1, \u00fe\u00e1 barst r\u00f6dd a\u00f0 eyrum honum og m\u00e6lti: Hva\u00f0 ert \u00fe\u00fa h\u00e9r a\u00f0 gj\u00f6ra, El\u00eda?<a name=\"14\"><span class=\"versanumer\">14<\/span><\/a>Hann svara\u00f0i: \u00c9g hefi veri\u00f0 vandl\u00e6tingasamur vegna Drottins, Gu\u00f0s allsherjar, \u00fev\u00ed a\u00f0 \u00cdsraelsmenn hafa virt a\u00f0 vettugi s\u00e1ttm\u00e1la \u00feinn, rifi\u00f0 ni\u00f0ur \u00f6lturu \u00fe\u00edn og drepi\u00f0 sp\u00e1menn \u00fe\u00edna me\u00f0 sver\u00f0i, svo a\u00f0 \u00e9g er einn eftir or\u00f0inn, og sitja \u00feeir n\u00fa um l\u00edf mitt.<a name=\"15\"><span class=\"versanumer\">15<\/span><\/a>En Drottinn sag\u00f0i vi\u00f0 hann: Far \u00fe\u00fa aftur lei\u00f0ar \u00feinnar til Damaskusey\u00f0imerkur og far inn \u00ed borgina og smyr Hasael til konungs yfir S\u00fdrland.<a name=\"16\"><span class=\"versanumer\">16<\/span><\/a>Jeh\u00fa Nims\u00edson skalt \u00fe\u00fa smyrja til konungs yfir \u00cdsrael, og El\u00edsa Safatsson fr\u00e1 Abel Meh\u00f3la skalt \u00fe\u00fa smyrja til sp\u00e1manns \u00ed \u00feinn sta\u00f0.<a name=\"17\"><span class=\"versanumer\">17<\/span><\/a>Hvern \u00feann, er kemst undan sver\u00f0i Hasaels, mun Jeh\u00fa drepa, og hvern \u00feann, er kemst undan sver\u00f0i Jeh\u00fa, mun El\u00edsa drepa.<a name=\"18\"><span class=\"versanumer\">18<\/span><\/a>\u00de\u00f3 vil \u00e9g l\u00e1ta eftir ver\u00f0a \u00ed \u00cdsrael sj\u00f6 \u00fe\u00fasundir, \u00f6ll \u00feau kn\u00e9, sem eigi hafa beygt sig fyrir Baal, og alla \u00fe\u00e1 munna, er eigi hafa kysst hann.<a name=\"19\"><span class=\"versanumer\">19<\/span><\/a>S\u00ed\u00f0an f\u00f3r El\u00eda \u00fea\u00f0an og hitti El\u00edsa Safatsson. Hann var a\u00f0 pl\u00e6gja. Gengu t\u00f3lf sameyki \u00e1 undan honum, og sj\u00e1lfur var hann me\u00f0 hinu t\u00f3lfta. \u00de\u00e1 gekk El\u00eda til hans og lag\u00f0i skikkju s\u00edna yfir hann.<a name=\"20\"><span class=\"versanumer\">20<\/span><\/a>\u00de\u00e1 skildi hann eftir yxnin, rann eftir El\u00eda og m\u00e6lti: Leyf \u00fe\u00fa m\u00e9r fyrst a\u00f0 minnast vi\u00f0 f\u00f6\u00f0ur minn og m\u00f3\u00f0ur, s\u00ed\u00f0an skal \u00e9g fara me\u00f0 \u00fe\u00e9r. El\u00eda svara\u00f0i honum: Far og sn\u00fa aftur, en mun hva\u00f0 \u00e9g hefi gj\u00f6rt \u00fe\u00e9r.<a name=\"21\"><span class=\"versanumer\">21<\/span><\/a>\u00de\u00e1 sneri hann aftur og skildi vi\u00f0 hann, t\u00f3k sameykin og sl\u00e1tra\u00f0i \u00feeim og sau\u00f0 kj\u00f6ti\u00f0 af \u00feeim vi\u00f0 aktygin af yxnunum og gaf f\u00f3lkinu a\u00f0 eta. S\u00ed\u00f0an t\u00f3k hann sig upp og f\u00f3r \u00e1 eftir El\u00eda og gj\u00f6r\u00f0ist \u00fej\u00f3nn hans.<\/p>\n<div class=\"footnote1981\"><b>19.1<\/b> Drepi\u00f0 1Kon 18.40<br \/>\n<b>19.4<\/b> Tak l\u00edf mitt 2M\u00f3s 32.32; 4M\u00f3s 11.15; J\u00f3n 4.3<br \/>\n<b>19.10<\/b> Sitja um l\u00edf mitt R\u00f3m 11.3<br \/>\n<b>19.11<\/b> Sterkur stormur 2M\u00f3s 14.21; Post 2.2 \u2013 jar\u00f0skj\u00e1lfti Jes 29.6; Matt 27.51-54; 28.2<br \/>\n<b>19.12<\/b> Eldur 2M\u00f3s 3.2-3; Jes 33.14; Post 2.3<br \/>\n<b>19.13<\/b> Huldi andlit sitt 2M\u00f3s 3.6; 33.20-23; Jes 6.2<br \/>\n<b>19.18<\/b> Leifar Jes 6.13; 10.20-22; R\u00f3m 11.4<br \/>\n<b>19.19<\/b> Skikkja 2Kon 2.13-14; sbr L\u00fak 8.44; Post 19.12<br \/>\n<b>19.20<\/b> Kve\u00f0ja L\u00fak 9.61<\/div>\n","protected":false},"excerpt":{"rendered":"<p>1Akab sag\u00f0i Jesebel fr\u00e1 \u00f6llu \u00fev\u00ed, sem El\u00eda haf\u00f0i gj\u00f6rt og hversu hann haf\u00f0i drepi\u00f0 alla sp\u00e1mennina me\u00f0 sver\u00f0i.2\u00de\u00e1 sendi h\u00fan mann \u00e1 fund El\u00eda og l\u00e9t segja honum: Gu\u00f0irnir gj\u00f6ri m\u00e9r hva\u00f0 sem \u00feeir vilja n\u00fa og s\u00ed\u00f0ar: \u00c1 morgun \u00ed \u00feetta mund skal \u00e9g fara svo me\u00f0 l\u00edf \u00feitt, sem fari\u00f0 hefir veri\u00f0 me\u00f0 l\u00edf s\u00e9rhvers \u00feeirra.3\u00de\u00e1 var\u00f0 hann hr\u00e6ddur, t\u00f3k sig upp og h\u00e9lt af sta\u00f0 til \u00feess a\u00f0 for\u00f0a l\u00edfi s\u00ednu. Hann kom til Beerseba, sem er \u00ed J\u00fada. \u00dear l\u00e9t hann eftir svein sinn.4En sj\u00e1lfur f\u00f3r hann eina daglei\u00f0 \u00e1 ey\u00f0im\u00f6rku og kom \u00fear sem <a href=\"https:\/\/biblian.is\/1981\/fyrri-konungabok-19-kafli\/\"> [&#8230;]<\/a><\/p>\n","protected":false},"author":1,"featured_media":0,"parent":0,"menu_order":0,"comment_status":"open","ping_status":"open","template":"bibliukaflar.php","meta":{"footnotes":""},"class_list":["post-1656","page","type-page","status-publish","hentry"],"_links":{"self":[{"href":"https:\/\/biblian.is\/1981\/wp-json\/wp\/v2\/pages\/1656","targetHints":{"allow":["GET"]}}],"collection":[{"href":"https:\/\/biblian.is\/1981\/wp-json\/wp\/v2\/pages"}],"about":[{"href":"https:\/\/biblian.is\/1981\/wp-json\/wp\/v2\/types\/page"}],"author":[{"embeddable":true,"href":"https:\/\/biblian.is\/1981\/wp-json\/wp\/v2\/users\/1"}],"replies":[{"embeddable":true,"href":"https:\/\/biblian.is\/1981\/wp-json\/wp\/v2\/comments?post=1656"}],"version-history":[{"count":0,"href":"https:\/\/biblian.is\/1981\/wp-json\/wp\/v2\/pages\/1656\/revisions"}],"wp:attachment":[{"href":"https:\/\/biblian.is\/1981\/wp-json\/wp\/v2\/media?parent=1656"}],"curies":[{"name":"wp","href":"https:\/\/api.w.org\/{rel}","templated":true}]}}