{"id":1653,"date":"2017-11-18T20:18:09","date_gmt":"2017-11-18T20:18:09","guid":{"rendered":"http:\/\/biblian.is\/1981\/fyrri-konungabok-16-kafli\/"},"modified":"2021-06-06T10:56:57","modified_gmt":"2021-06-06T10:56:57","slug":"fyrri-konungabok-16-kafli","status":"publish","type":"page","link":"https:\/\/biblian.is\/1981\/fyrri-konungabok-16-kafli\/","title":{"rendered":"Fyrri konungab\u00f3k 16. kafli"},"content":{"rendered":"<p><a name=\"1\"><span class=\"versanumer\">1<\/span><\/a>En or\u00f0 Drottins kom til Jeh\u00fa Hanan\u00edsonar gegn Basa, svol\u00e1tandi:<a name=\"2\"><span class=\"versanumer\">2<\/span><\/a>Sakir \u00feess a\u00f0 \u00e9g hefi hafi\u00f0 \u00feig \u00far duftinu og gj\u00f6rt \u00feig h\u00f6f\u00f0ingja yfir l\u00fd\u00f0 m\u00ednum \u00cdsrael, en \u00fe\u00fa fetar \u00ed f\u00f3tspor Jer\u00f3b\u00f3ams og kemur l\u00fd\u00f0 m\u00ednum \u00cdsrael til a\u00f0 syndga, svo a\u00f0 \u00feeir egna mig til rei\u00f0i me\u00f0 syndum s\u00ednum,<a name=\"3\"><span class=\"versanumer\">3<\/span><\/a>\u00fe\u00e1 mun \u00e9g s\u00f3pa burt Basa og \u00e6tt hans, og fara me\u00f0 \u00e6tt \u00fe\u00edna eins og \u00e6tt Jer\u00f3b\u00f3ams Nebatssonar.<a name=\"4\"><span class=\"versanumer\">4<\/span><\/a>Hvern \u00feann, er deyr af \u00e6tt Basa innan borgar, munu hundar eta, og hvern \u00feann, er deyr af henni \u00fati \u00e1 v\u00ed\u00f0avangi, munu fuglar himins eta.<a name=\"5\"><span class=\"versanumer\">5<\/span><\/a>\u00dea\u00f0 sem meira er a\u00f0 segja um Basa og \u00fea\u00f0 er hann gj\u00f6r\u00f0i og hreystiverk hans, \u00fea\u00f0 er rita\u00f0 \u00ed \u00c1rb\u00f3kum \u00cdsraelskonunga.<a name=\"6\"><span class=\"versanumer\">6<\/span><\/a>Og Basa lag\u00f0ist til hv\u00edldar hj\u00e1 fe\u00f0rum s\u00ednum og var grafinn \u00ed Tirsa, og Ela sonur hans t\u00f3k r\u00edki eftir hann.<a name=\"7\"><span class=\"versanumer\">7<\/span><\/a>En fyrir munn Jeh\u00fa sp\u00e1manns Hanan\u00edsonar kom d\u00f3msor\u00f0 Drottins yfir Basa og \u00e6tt hans, b\u00e6\u00f0i vegna alls \u00feess illa, er hann haf\u00f0i a\u00f0hafst \u00ed augs\u00fdn Drottins me\u00f0 \u00fev\u00ed a\u00f0 egna hann til rei\u00f0i me\u00f0 handaverkum s\u00ednum, svo a\u00f0 fyrir honum f\u00e6ri sem fyrir \u00e6tt Jer\u00f3b\u00f3ams, og l\u00edka vegna \u00feess, a\u00f0 hann haf\u00f0i eytt henni.<a name=\"8\"><span class=\"versanumer\">8<\/span><\/a>\u00c1 tuttugasta og sj\u00f6tta r\u00edkis\u00e1ri Asa, konungs \u00ed J\u00fada, var\u00f0 Ela, sonur Basa, konungur yfir \u00cdsrael og r\u00edkti hann tv\u00f6 \u00e1r \u00ed Tirsa.<a name=\"9\"><span class=\"versanumer\">9<\/span><\/a>En Simr\u00ed, \u00fej\u00f3nn hans, foringi fyrir helmingi vagnli\u00f0sins, h\u00f3f sams\u00e6ri gegn honum. Og er Ela drakk sig drukkinn \u00ed Tirsa, \u00ed h\u00fasi Arsa, dr\u00f3ttseta \u00ed Tirsa,<a name=\"10\"><span class=\"versanumer\">10<\/span><\/a>\u00fe\u00e1 kom \u00fear Simr\u00ed og vann \u00e1 honum og drap hann, \u00e1 tuttugasta og sj\u00f6unda r\u00edkis\u00e1ri Asa, konungs \u00ed J\u00fada, og t\u00f3k r\u00edki eftir hann.<a name=\"11\"><span class=\"versanumer\">11<\/span><\/a>En er hann var konungur or\u00f0inn og sestur \u00ed h\u00e1s\u00e6ti, drap hann alla \u00e6ttmenn Basa l\u00e9t hann engan karlmann eftir ver\u00f0a af konungs\u00e6ttinni svo og vandamenn hans og vini.<a name=\"12\"><span class=\"versanumer\">12<\/span><\/a>\u00deannig gj\u00f6reyddi Simr\u00ed allri \u00e6tt Basa, og r\u00e6ttist svo or\u00f0 Drottins, sem hann haf\u00f0i tala\u00f0 gegn Basa fyrir munn Jeh\u00fa sp\u00e1manns,<a name=\"13\"><span class=\"versanumer\">13<\/span><\/a>sakir allra synda hans og synda Ela sonar hans, \u00feeirra er \u00feeir h\u00f6f\u00f0u dr\u00fdgt og komi\u00f0 \u00cdsrael til a\u00f0 dr\u00fdgja, a\u00f0 \u00feeir egndu Drottin, Gu\u00f0 \u00cdsraels, til rei\u00f0i me\u00f0 hinum f\u00e1n\u00fdtu go\u00f0um s\u00ednum.<a name=\"14\"><span class=\"versanumer\">14<\/span><\/a>\u00dea\u00f0 sem meira er a\u00f0 segja um Ela og allt, sem hann gj\u00f6r\u00f0i, \u00fea\u00f0 er rita\u00f0 \u00ed \u00c1rb\u00f3kum \u00cdsraelskonunga.<a name=\"15\"><span class=\"versanumer\">15<\/span><\/a>\u00c1 tuttugasta og sj\u00f6unda r\u00edkis\u00e1ri Asa, konungs \u00ed J\u00fada, var\u00f0 Simr\u00ed konungur og r\u00edkti sj\u00f6 daga \u00ed Tirsa. En li\u00f0i\u00f0 sat \u00fe\u00e1 um Gibbeton, sem Filistar \u00e1ttu.<a name=\"16\"><span class=\"versanumer\">16<\/span><\/a>Og er li\u00f0i\u00f0, sem l\u00e1 \u00ed herb\u00fa\u00f0unum, fr\u00e9tti a\u00f0 Simr\u00ed hef\u00f0i hafi\u00f0 sams\u00e6ri og drepi\u00f0 konung, \u00fe\u00e1 t\u00f3k allur \u00cdsrael Omr\u00ed, hersh\u00f6f\u00f0ingja \u00ed \u00cdsrael, til konungs \u00feann dag \u00fear \u00ed herb\u00fa\u00f0unum.<a name=\"17\"><span class=\"versanumer\">17<\/span><\/a>\u00de\u00e1 h\u00e9lt Omr\u00ed og allur \u00cdsrael me\u00f0 honum fr\u00e1 Gibbeton og settist um Tirsa.<a name=\"18\"><span class=\"versanumer\">18<\/span><\/a>En er Simr\u00ed s\u00e1 a\u00f0 borgin var unnin, gekk hann inn \u00ed v\u00edgi konungshallarinnar og lag\u00f0i eld \u00ed konungsh\u00f6llina yfir h\u00f6f\u00f0i s\u00e9r og bei\u00f0 svo bana<a name=\"19\"><span class=\"versanumer\">19<\/span><\/a>sakir synda \u00feeirra, er hann haf\u00f0i dr\u00fdgt me\u00f0 \u00fev\u00ed a\u00f0 gj\u00f6ra \u00fea\u00f0 sem illt var \u00ed augum Drottins, me\u00f0 \u00fev\u00ed a\u00f0 feta \u00ed f\u00f3tspor Jer\u00f3b\u00f3ams og dr\u00fdgja s\u00f6mu syndirnar, sem hann haf\u00f0i dr\u00fdgt, me\u00f0 \u00fev\u00ed a\u00f0 koma \u00cdsrael til a\u00f0 syndga.<a name=\"20\"><span class=\"versanumer\">20<\/span><\/a>\u00dea\u00f0 sem meira er a\u00f0 segja um Simr\u00ed og sams\u00e6ri\u00f0, sem hann gj\u00f6r\u00f0i, \u00fea\u00f0 er rita\u00f0 \u00ed \u00c1rb\u00f3kum \u00cdsraelskonunga.<a name=\"21\"><span class=\"versanumer\">21<\/span><\/a>\u00de\u00e1 skiptist \u00cdsraelsl\u00fd\u00f0ur. Fylgdi annar hluti l\u00fd\u00f0sins Tibn\u00ed G\u00ednatssyni og vildi gj\u00f6ra hann a\u00f0 konungi, en hinn hlutinn fylgdi Omr\u00ed.<a name=\"22\"><span class=\"versanumer\">22<\/span><\/a>En \u00feeir, sem Omr\u00ed fylgdu, ur\u00f0u hinum yfirsterkari, er fylgdu Tibn\u00ed G\u00ednatssyni. En er Tibn\u00ed var dau\u00f0ur, var\u00f0 Omr\u00ed konungur.<a name=\"23\"><span class=\"versanumer\">23<\/span><\/a>\u00c1 \u00fer\u00edtugasta og fyrsta r\u00edkis\u00e1ri Asa, konungs \u00ed J\u00fada, var\u00f0 Omr\u00ed konungur yfir \u00cdsrael og r\u00edkti t\u00f3lf \u00e1r. Sex \u00e1r r\u00edkti hann \u00ed Tirsa.<a name=\"24\"><span class=\"versanumer\">24<\/span><\/a>Hann keypti Samar\u00edufjall af Semer fyrir tv\u00e6r talentur silfurs, og reisti bygg\u00f0 \u00e1 fjallinu og kenndi borgina, sem hann bygg\u00f0i, vi\u00f0 Semer, er \u00e1tt haf\u00f0i fjalli\u00f0, og nefndi Samar\u00edu.<a name=\"25\"><span class=\"versanumer\">25<\/span><\/a>Omr\u00ed gj\u00f6r\u00f0i \u00fea\u00f0 sem illt var \u00ed augum Drottins og heg\u00f0a\u00f0i s\u00e9r verr en allir \u00feeir, sem veri\u00f0 h\u00f6f\u00f0u \u00e1 undan honum,<a name=\"26\"><span class=\"versanumer\">26<\/span><\/a>og feta\u00f0i a\u00f0 \u00f6llu leyti \u00ed f\u00f3tspor Jer\u00f3b\u00f3ams Nebatssonar og dr\u00fdg\u00f0i s\u00f6mu syndirnar, sem hann haf\u00f0i komi\u00f0 \u00cdsrael til a\u00f0 dr\u00fdgja, svo a\u00f0 \u00feeir egndu Drottin, Gu\u00f0 \u00cdsraels, til rei\u00f0i me\u00f0 hinum f\u00e1n\u00fdtu go\u00f0um s\u00ednum.<a name=\"27\"><span class=\"versanumer\">27<\/span><\/a>\u00dea\u00f0 sem meira er a\u00f0 segja um Omr\u00ed og allt sem hann gj\u00f6r\u00f0i og hreystiverk hans, \u00feau er hann vann, \u00fea\u00f0 er rita\u00f0 \u00ed \u00c1rb\u00f3kum \u00cdsraelskonunga.<a name=\"28\"><span class=\"versanumer\">28<\/span><\/a>Og Omr\u00ed lag\u00f0ist til hv\u00edldar hj\u00e1 fe\u00f0rum s\u00ednum og var grafinn \u00ed Samar\u00edu. Og Akab sonur hans t\u00f3k r\u00edki eftir hann.<a name=\"29\"><span class=\"versanumer\">29<\/span><\/a>Akab, sonur Omr\u00ed, var\u00f0 konungur yfir \u00cdsrael \u00e1 \u00fer\u00edtugasta og \u00e1ttunda r\u00edkis\u00e1ri Asa, konungs \u00ed J\u00fada, og hann r\u00edkti yfir \u00cdsrael \u00ed Samar\u00edu tuttugu og tv\u00f6 \u00e1r.<a name=\"30\"><span class=\"versanumer\">30<\/span><\/a>Akab, sonur Omr\u00ed, gj\u00f6r\u00f0i \u00fea\u00f0 sem illt var \u00ed augum Drottins, og heg\u00f0a\u00f0i s\u00e9r verr en allir \u00feeir, sem veri\u00f0 h\u00f6f\u00f0u \u00e1 undan honum.<a name=\"31\"><span class=\"versanumer\">31<\/span><\/a>Og hann l\u00e9t s\u00e9r ekki n\u00e6gja a\u00f0 dr\u00fdgja s\u00f6mu syndirnar og Jer\u00f3b\u00f3am Nebatsson, heldur gekk hann a\u00f0 eiga Jesebel, d\u00f3ttur Etbaals S\u00eddoningakonungs. F\u00f3r hann \u00fe\u00e1 og \u00fej\u00f3na\u00f0i Baal og tilba\u00f0 hann.<a name=\"32\"><span class=\"versanumer\">32<\/span><\/a>Og hann reisti Baal altari \u00ed musteri Baals, er hann haf\u00f0i gj\u00f6ra l\u00e1ti\u00f0 \u00ed Samar\u00edu.<a name=\"33\"><span class=\"versanumer\">33<\/span><\/a>Akab l\u00e9t og gj\u00f6ra as\u00e9ru. Og hann gj\u00f6r\u00f0i enn fleira til a\u00f0 egna Drottin, Gu\u00f0 \u00cdsraels, til rei\u00f0i, framar \u00f6llum \u00cdsraelskonungum, sem \u00e1 undan honum h\u00f6f\u00f0u veri\u00f0.<a name=\"34\"><span class=\"versanumer\">34<\/span><\/a>\u00c1 hans d\u00f6gum reisti H\u00edel fr\u00e1 Betel Jer\u00edk\u00f3 a\u00f0 n\u00fdju. Missti hann frumgetning sinn, Ab\u00edram, er hann lag\u00f0i undirst\u00f6\u00f0ur hennar, og yngsta son sinn, Seg\u00fab, er hann reisti hli\u00f0 hennar. Var \u00fea\u00f0 samkv\u00e6mt or\u00f0i Drottins, \u00fev\u00ed er hann haf\u00f0i tala\u00f0 fyrir munn J\u00f3s\u00faa N\u00fanssonar.<\/p>\n<div class=\"footnote1981\"><b>16.2<\/b> Hefja \u00far duftinu sbr 1Kon 14.7+<br \/>\n<b>16.3<\/b> \u00d3g\u00e6fa 1Kon 14.10+<br \/>\n<b>16.4<\/b> Hundar og fuglar 1Kon 14.11+<br \/>\n<b>16.9<\/b> Drakk sig \u00f6lva\u00f0an 1Kon 20.16; J\u00fadt 12.20-13.2 \u2013 hersh\u00f6f\u00f0ingi 1Kon 4.4<br \/>\n<b>16.11<\/b> \u00d3g\u00e6fa 1Kon 14.10+<br \/>\n<b>16.12<\/b> Samkv\u00e6mt or\u00f0i Drottins 1Kon 16.1-3<br \/>\n<b>16.15<\/b> Gibbeton 1Kon 15.27<\/div>\n","protected":false},"excerpt":{"rendered":"<p>1En or\u00f0 Drottins kom til Jeh\u00fa Hanan\u00edsonar gegn Basa, svol\u00e1tandi:2Sakir \u00feess a\u00f0 \u00e9g hefi hafi\u00f0 \u00feig \u00far duftinu og gj\u00f6rt \u00feig h\u00f6f\u00f0ingja yfir l\u00fd\u00f0 m\u00ednum \u00cdsrael, en \u00fe\u00fa fetar \u00ed f\u00f3tspor Jer\u00f3b\u00f3ams og kemur l\u00fd\u00f0 m\u00ednum \u00cdsrael til a\u00f0 syndga, svo a\u00f0 \u00feeir egna mig til rei\u00f0i me\u00f0 syndum s\u00ednum,3\u00fe\u00e1 mun \u00e9g s\u00f3pa burt Basa og \u00e6tt hans, og fara me\u00f0 \u00e6tt \u00fe\u00edna eins og \u00e6tt Jer\u00f3b\u00f3ams Nebatssonar.4Hvern \u00feann, er deyr af \u00e6tt Basa innan borgar, munu hundar eta, og hvern \u00feann, er deyr af henni \u00fati \u00e1 v\u00ed\u00f0avangi, munu fuglar himins eta.5\u00dea\u00f0 sem meira er a\u00f0 segja um Basa <a href=\"https:\/\/biblian.is\/1981\/fyrri-konungabok-16-kafli\/\"> [&#8230;]<\/a><\/p>\n","protected":false},"author":1,"featured_media":0,"parent":0,"menu_order":0,"comment_status":"open","ping_status":"open","template":"bibliukaflar.php","meta":{"footnotes":""},"class_list":["post-1653","page","type-page","status-publish","hentry"],"_links":{"self":[{"href":"https:\/\/biblian.is\/1981\/wp-json\/wp\/v2\/pages\/1653","targetHints":{"allow":["GET"]}}],"collection":[{"href":"https:\/\/biblian.is\/1981\/wp-json\/wp\/v2\/pages"}],"about":[{"href":"https:\/\/biblian.is\/1981\/wp-json\/wp\/v2\/types\/page"}],"author":[{"embeddable":true,"href":"https:\/\/biblian.is\/1981\/wp-json\/wp\/v2\/users\/1"}],"replies":[{"embeddable":true,"href":"https:\/\/biblian.is\/1981\/wp-json\/wp\/v2\/comments?post=1653"}],"version-history":[{"count":0,"href":"https:\/\/biblian.is\/1981\/wp-json\/wp\/v2\/pages\/1653\/revisions"}],"wp:attachment":[{"href":"https:\/\/biblian.is\/1981\/wp-json\/wp\/v2\/media?parent=1653"}],"curies":[{"name":"wp","href":"https:\/\/api.w.org\/{rel}","templated":true}]}}