{"id":1652,"date":"2017-11-18T20:18:09","date_gmt":"2017-11-18T20:18:09","guid":{"rendered":"http:\/\/biblian.is\/1981\/fyrri-konungabok-15-kafli\/"},"modified":"2021-06-06T10:56:57","modified_gmt":"2021-06-06T10:56:57","slug":"fyrri-konungabok-15-kafli","status":"publish","type":"page","link":"https:\/\/biblian.is\/1981\/fyrri-konungabok-15-kafli\/","title":{"rendered":"Fyrri konungab\u00f3k 15. kafli"},"content":{"rendered":"<p><a name=\"1\"><span class=\"versanumer\">1<\/span><\/a>\u00c1 \u00e1tj\u00e1nda r\u00edkis\u00e1ri Jer\u00f3b\u00f3ams Nebatssonar var\u00f0 Ab\u00eda konungur yfir J\u00fada.<a name=\"2\"><span class=\"versanumer\">2<\/span><\/a>\u00derj\u00fa \u00e1r r\u00edkti hann \u00ed Jer\u00fasalem. M\u00f3\u00f0ir hans h\u00e9t Maaka, d\u00f3ttir Absalons.<a name=\"3\"><span class=\"versanumer\">3<\/span><\/a>Hann dr\u00fdg\u00f0i allar s\u00f6mu syndirnar, er fa\u00f0ir hans haf\u00f0i fyrir honum haft, og hjarta hans var ekki \u00f3skipt gagnvart Drottni, Gu\u00f0i hans, eins og hjarta Dav\u00ed\u00f0s forf\u00f6\u00f0ur hans.<a name=\"4\"><span class=\"versanumer\">4<\/span><\/a>\u00dev\u00ed a\u00f0 \u00fea\u00f0 var eing\u00f6ngu Dav\u00ed\u00f0s vegna, a\u00f0 Drottinn, Gu\u00f0 hans, gaf honum lampa \u00ed Jer\u00fasalem, a\u00f0 hann h\u00f3f sonu hans eftir hann og l\u00e9t Jer\u00fasalem standa,<a name=\"5\"><span class=\"versanumer\">5<\/span><\/a>af \u00fev\u00ed a\u00f0 Dav\u00ed\u00f0 haf\u00f0i gj\u00f6rt \u00fea\u00f0 sem r\u00e9tt var \u00ed augum Drottins og aldrei \u00e1 \u00e6vi sinni viki\u00f0 fr\u00e1 neinu \u00fev\u00ed, er hann haf\u00f0i fyrir hann lagt, nema hvernig hann f\u00f3r me\u00f0 \u00dar\u00eda Het\u00edta.<a name=\"6\"><span class=\"versanumer\">6<\/span><\/a>Rehabeam \u00e1tti \u00ed \u00f3fri\u00f0i vi\u00f0 Jer\u00f3b\u00f3am alla \u00e6vi.<a name=\"7\"><span class=\"versanumer\">7<\/span><\/a>\u00dea\u00f0, sem meira er a\u00f0 segja um Ab\u00eda, og allt, sem hann gj\u00f6r\u00f0i, \u00fea\u00f0 er rita\u00f0 \u00ed \u00c1rb\u00f3kum J\u00fadakonunga. Og \u00feeir \u00e1ttu \u00ed \u00f3fri\u00f0i saman, Ab\u00eda og Jer\u00f3b\u00f3am.<a name=\"8\"><span class=\"versanumer\">8<\/span><\/a>Og Ab\u00eda lag\u00f0ist til hv\u00edldar hj\u00e1 fe\u00f0rum s\u00ednum og var grafinn \u00ed Dav\u00ed\u00f0sborg. Og Asa sonur hans t\u00f3k r\u00edki eftir hann.<a name=\"9\"><span class=\"versanumer\">9<\/span><\/a>\u00c1 tuttugasta r\u00edkis\u00e1ri Jer\u00f3b\u00f3ams, konungs \u00ed \u00cdsrael, var\u00f0 Asa konungur yfir J\u00fada.<a name=\"10\"><span class=\"versanumer\">10<\/span><\/a>Fj\u00f6rut\u00edu og eitt \u00e1r r\u00edkti hann \u00ed Jer\u00fasalem. M\u00f3\u00f0ir hans h\u00e9t Maaka, d\u00f3ttir Absalons.<a name=\"11\"><span class=\"versanumer\">11<\/span><\/a>Asa gj\u00f6r\u00f0i \u00fea\u00f0 sem r\u00e9tt var \u00ed augum Drottins, eins og Dav\u00ed\u00f0 forfa\u00f0ir hans.<a name=\"12\"><span class=\"versanumer\">12<\/span><\/a>Hann rak \u00fe\u00e1 menn \u00far landi, er helga\u00f0 h\u00f6f\u00f0u sig saurlifna\u00f0i, og \u00fatr\u00fdmdi \u00f6llum skur\u00f0go\u00f0um, sem forfe\u00f0ur hans h\u00f6f\u00f0u gj\u00f6ra l\u00e1ti\u00f0.<a name=\"13\"><span class=\"versanumer\">13<\/span><\/a>Hann svipti jafnvel Ma\u00f6ku m\u00f3\u00f0ur s\u00edna drottningartigninni, fyrir \u00fea\u00f0 a\u00f0 h\u00fan haf\u00f0i gj\u00f6ra l\u00e1ti\u00f0 hr\u00e6\u00f0ilegt as\u00e9rul\u00edkneski. Og Asa hj\u00f3 sundur \u00feetta hr\u00e6\u00f0ilega l\u00edkneski hennar og brenndi \u00fea\u00f0 \u00ed K\u00eddrondal.<a name=\"14\"><span class=\"versanumer\">14<\/span><\/a>En h\u00e6\u00f0irnar voru ekki afnumdar. \u00de\u00f3 var hjarta Asa \u00f3skipt gagnvart Drottni alla \u00e6vi hans.<a name=\"15\"><span class=\"versanumer\">15<\/span><\/a>Hann l\u00e9t og flytja \u00ed h\u00fas Drottins helgigjafir f\u00f6\u00f0ur s\u00edns, svo og helgigjafir s\u00ednar silfur, gull og \u00e1h\u00f6ld.<a name=\"16\"><span class=\"versanumer\">16<\/span><\/a>En \u00feeir \u00e1ttu \u00f3fri\u00f0 saman alla \u00e6vi, Asa og Basa konungur \u00ed \u00cdsrael.<a name=\"17\"><span class=\"versanumer\">17<\/span><\/a>Og Basa, konungur \u00ed \u00cdsrael, f\u00f3r herf\u00f6r \u00e1 m\u00f3ti J\u00fada og v\u00edggirti Rama, svo a\u00f0 enginn ma\u00f0ur g\u00e6ti komist \u00fat e\u00f0a inn hj\u00e1 Asa J\u00fadakonungi.<a name=\"18\"><span class=\"versanumer\">18<\/span><\/a>\u00de\u00e1 t\u00f3k Asa allt silfri\u00f0 og gulli\u00f0, sem enn var eftir \u00ed f\u00e9hirslum h\u00fass Drottins, og fj\u00e1rsj\u00f3\u00f0u konungshallarinnar og seldi \u00ed hendur m\u00f6nnum s\u00ednum. S\u00ed\u00f0an sendi Asa konungur \u00fe\u00e1 til Benhadads Tabrimmonssonar, Hes\u00edonssonar, konungs \u00e1 S\u00fdrlandi, er bj\u00f3 \u00ed Damaskus, me\u00f0 \u00feessa or\u00f0sending:<a name=\"19\"><span class=\"versanumer\">19<\/span><\/a>S\u00e1ttm\u00e1li er milli m\u00edn og \u00fe\u00edn, milli f\u00f6\u00f0ur m\u00edns og f\u00f6\u00f0ur \u00fe\u00edns. Sj\u00e1, \u00e9g sendi \u00fe\u00e9r gj\u00f6f \u00ed silfri og gulli. Skalt \u00fe\u00fa n\u00fa rj\u00fafa bandalag \u00feitt vi\u00f0 Basa \u00cdsraelskonung, svo a\u00f0 hann hafi sig \u00e1 burt fr\u00e1 m\u00e9r.<a name=\"20\"><span class=\"versanumer\">20<\/span><\/a>Benhadad t\u00f3k vel m\u00e1li Asa konungs og sendi hersh\u00f6f\u00f0ingja s\u00edna m\u00f3ti borgum \u00cdsraels og vann \u00cdj\u00f3n og Dan og Abel-Bet-Maaka og allt Kinner\u00f3t, svo og allt Naftal\u00ed-land.<a name=\"21\"><span class=\"versanumer\">21<\/span><\/a>\u00deegar Basa spur\u00f0i \u00fea\u00f0, h\u00e6tti hann a\u00f0 v\u00edggir\u00f0a Rama og sneri heim til Tirsa.<a name=\"22\"><span class=\"versanumer\">22<\/span><\/a>En Asa konungur bau\u00f0 \u00fat \u00f6llum J\u00fadam\u00f6nnum enginn var undanskilinn. Og \u00feeir fluttu burt steinana og vi\u00f0inn, sem Basa haf\u00f0i v\u00edggirt Rama me\u00f0, og v\u00edggirti Asa konungur me\u00f0 \u00feeim Geba \u00ed Benjam\u00edn og Mispa.<a name=\"23\"><span class=\"versanumer\">23<\/span><\/a>\u00dea\u00f0 sem meira er a\u00f0 segja um Asa og hreystiverk hans og allt \u00fea\u00f0, er hann gj\u00f6r\u00f0i, og borgirnar, sem hann v\u00edggirti, \u00fea\u00f0 er allt rita\u00f0 \u00ed \u00c1rb\u00f3kum J\u00fadakonunga. \u00de\u00f3 m\u00e1 geta \u00feess, a\u00f0 \u00e1 efri \u00e1rum gj\u00f6r\u00f0ist hann f\u00f3taveikur.<a name=\"24\"><span class=\"versanumer\">24<\/span><\/a>Og Asa lag\u00f0ist til hv\u00edldar hj\u00e1 fe\u00f0rum s\u00ednum og var grafinn hj\u00e1 fe\u00f0rum s\u00ednum \u00ed borg Dav\u00ed\u00f0s, forf\u00f6\u00f0ur s\u00edns. Og J\u00f3safat sonur hans t\u00f3k r\u00edki eftir hann.<a name=\"25\"><span class=\"versanumer\">25<\/span><\/a>Nadab, sonur Jer\u00f3b\u00f3ams, var\u00f0 konungur yfir \u00cdsrael \u00e1 \u00f6\u00f0ru r\u00edkis\u00e1ri Asa, konungs \u00ed J\u00fada, og r\u00edkti hann tv\u00f6 \u00e1r yfir \u00cdsrael.<a name=\"26\"><span class=\"versanumer\">26<\/span><\/a>Hann gj\u00f6r\u00f0i \u00fea\u00f0 sem illt var \u00ed augum Drottins og feta\u00f0i \u00ed f\u00f3tspor f\u00f6\u00f0ur s\u00edns og dr\u00fdg\u00f0i \u00fe\u00e6r syndir, er hann haf\u00f0i dr\u00fdgt og komi\u00f0 \u00cdsrael til a\u00f0 dr\u00fdgja.<a name=\"27\"><span class=\"versanumer\">27<\/span><\/a>En Basa, sonur Ah\u00eda af \u00e6tt \u00cdssakars, h\u00f3f sams\u00e6ri gegn honum og vann sigur \u00e1 honum vi\u00f0 Gibbeton, sem Filistar \u00e1ttu. En Nadab og allur \u00cdsrael s\u00e1tu \u00fe\u00e1 um Gibbeton.<a name=\"28\"><span class=\"versanumer\">28<\/span><\/a>\u00deannig drap Basa hann \u00e1 \u00feri\u00f0ja r\u00edkis\u00e1ri Asa, konungs \u00ed J\u00fada, og t\u00f3k r\u00edki eftir hann.<a name=\"29\"><span class=\"versanumer\">29<\/span><\/a>En er hann var konungur or\u00f0inn, drap hann alla \u00e6tt Jer\u00f3b\u00f3ams. Hann l\u00e9t engan eftir ver\u00f0a af konungs\u00e6ttinni, \u00feann er anda dr\u00f3, uns hann haf\u00f0i gj\u00f6reytt henni, og r\u00e6ttist \u00feannig or\u00f0 Drottins, sem hann haf\u00f0i tala\u00f0 fyrir munn \u00fej\u00f3ns s\u00edns, Ah\u00eda fr\u00e1 S\u00edl\u00f3,<a name=\"30\"><span class=\"versanumer\">30<\/span><\/a>vegna synda Jer\u00f3b\u00f3ams, \u00feeirra er hann haf\u00f0i dr\u00fdgt og komi\u00f0 \u00cdsrael til a\u00f0 dr\u00fdgja, er hann egndi Drottin, Gu\u00f0 \u00cdsraels, til rei\u00f0i.<a name=\"31\"><span class=\"versanumer\">31<\/span><\/a>\u00dea\u00f0 sem meira er a\u00f0 segja um Nadab og allt, sem hann gj\u00f6r\u00f0i, \u00fea\u00f0 er rita\u00f0 \u00ed \u00c1rb\u00f3kum \u00cdsraelskonunga.<a name=\"32\"><span class=\"versanumer\">32<\/span><\/a>En \u00feeir \u00e1ttu \u00f3fri\u00f0 saman alla \u00e6vi, Asa og Basa, konungur \u00ed \u00cdsrael.<a name=\"33\"><span class=\"versanumer\">33<\/span><\/a>\u00c1 \u00feri\u00f0ja r\u00edkis\u00e1ri Asa, konungs \u00ed J\u00fada, var\u00f0 Basa, sonur Ah\u00eda, konungur yfir \u00f6llum \u00cdsrael, og r\u00edkti hann tuttugu og fj\u00f6gur \u00e1r \u00ed Tirsa.<a name=\"34\"><span class=\"versanumer\">34<\/span><\/a>Hann gj\u00f6r\u00f0i \u00fea\u00f0 sem illt var \u00ed augum Drottins og feta\u00f0i \u00ed f\u00f3tspor Jer\u00f3b\u00f3ams og dr\u00fdg\u00f0i \u00fe\u00e6r syndir, er hann haf\u00f0i dr\u00fdgt og komi\u00f0 \u00cdsrael til a\u00f0 dr\u00fdgja.<\/p>\n<div class=\"footnote1981\"><b>15.3<\/b> Heilshugar 1Kon 8.61+<br \/>\n<b>15.12<\/b> Hofsk\u00e6kjur 1Kon 14.24+ &#8211; gu\u00f0amyndir fjarl\u00e6g\u00f0ar 2Kro 15.8<br \/>\n<b>15.13<\/b> Brennt \u00ed Kedrondal 2Kon 23.4-6,12<br \/>\n<b>15.27<\/b> Gibbeton 1Kon 16.15<br \/>\n<b>15.29<\/b> Eyddi konungs\u00e6ttinni 1Kon 14.10+<\/div>\n","protected":false},"excerpt":{"rendered":"<p>1\u00c1 \u00e1tj\u00e1nda r\u00edkis\u00e1ri Jer\u00f3b\u00f3ams Nebatssonar var\u00f0 Ab\u00eda konungur yfir J\u00fada.2\u00derj\u00fa \u00e1r r\u00edkti hann \u00ed Jer\u00fasalem. M\u00f3\u00f0ir hans h\u00e9t Maaka, d\u00f3ttir Absalons.3Hann dr\u00fdg\u00f0i allar s\u00f6mu syndirnar, er fa\u00f0ir hans haf\u00f0i fyrir honum haft, og hjarta hans var ekki \u00f3skipt gagnvart Drottni, Gu\u00f0i hans, eins og hjarta Dav\u00ed\u00f0s forf\u00f6\u00f0ur hans.4\u00dev\u00ed a\u00f0 \u00fea\u00f0 var eing\u00f6ngu Dav\u00ed\u00f0s vegna, a\u00f0 Drottinn, Gu\u00f0 hans, gaf honum lampa \u00ed Jer\u00fasalem, a\u00f0 hann h\u00f3f sonu hans eftir hann og l\u00e9t Jer\u00fasalem standa,5af \u00fev\u00ed a\u00f0 Dav\u00ed\u00f0 haf\u00f0i gj\u00f6rt \u00fea\u00f0 sem r\u00e9tt var \u00ed augum Drottins og aldrei \u00e1 \u00e6vi sinni viki\u00f0 fr\u00e1 neinu \u00fev\u00ed, er hann haf\u00f0i fyrir hann <a href=\"https:\/\/biblian.is\/1981\/fyrri-konungabok-15-kafli\/\"> [&#8230;]<\/a><\/p>\n","protected":false},"author":1,"featured_media":0,"parent":0,"menu_order":0,"comment_status":"open","ping_status":"open","template":"bibliukaflar.php","meta":{"footnotes":""},"class_list":["post-1652","page","type-page","status-publish","hentry"],"_links":{"self":[{"href":"https:\/\/biblian.is\/1981\/wp-json\/wp\/v2\/pages\/1652","targetHints":{"allow":["GET"]}}],"collection":[{"href":"https:\/\/biblian.is\/1981\/wp-json\/wp\/v2\/pages"}],"about":[{"href":"https:\/\/biblian.is\/1981\/wp-json\/wp\/v2\/types\/page"}],"author":[{"embeddable":true,"href":"https:\/\/biblian.is\/1981\/wp-json\/wp\/v2\/users\/1"}],"replies":[{"embeddable":true,"href":"https:\/\/biblian.is\/1981\/wp-json\/wp\/v2\/comments?post=1652"}],"version-history":[{"count":0,"href":"https:\/\/biblian.is\/1981\/wp-json\/wp\/v2\/pages\/1652\/revisions"}],"wp:attachment":[{"href":"https:\/\/biblian.is\/1981\/wp-json\/wp\/v2\/media?parent=1652"}],"curies":[{"name":"wp","href":"https:\/\/api.w.org\/{rel}","templated":true}]}}