{"id":1651,"date":"2017-11-18T20:18:09","date_gmt":"2017-11-18T20:18:09","guid":{"rendered":"http:\/\/biblian.is\/1981\/fyrri-konungabok-14-kafli\/"},"modified":"2021-06-06T10:56:56","modified_gmt":"2021-06-06T10:56:56","slug":"fyrri-konungabok-14-kafli","status":"publish","type":"page","link":"https:\/\/biblian.is\/1981\/fyrri-konungabok-14-kafli\/","title":{"rendered":"Fyrri konungab\u00f3k 14. kafli"},"content":{"rendered":"<p><a name=\"1\"><span class=\"versanumer\">1<\/span><\/a>\u00cd \u00feann t\u00edma s\u00fdktist Ab\u00eda, sonur Jer\u00f3b\u00f3ams.<a name=\"2\"><span class=\"versanumer\">2<\/span><\/a>\u00de\u00e1 sag\u00f0i Jer\u00f3b\u00f3am vi\u00f0 konu s\u00edna: Far n\u00fa og kl\u00e6\u00f0 \u00feig dularb\u00faningi, svo a\u00f0 enginn megi kenna, a\u00f0 \u00fe\u00fa ert kona Jer\u00f3b\u00f3ams, og far til S\u00edl\u00f3. \u00dear er Ah\u00eda sp\u00e1ma\u00f0ur, s\u00e1 er um mig sag\u00f0i, a\u00f0 \u00e9g mundi ver\u00f0a konungur yfir l\u00fd\u00f0 \u00feessum.<a name=\"3\"><span class=\"versanumer\">3<\/span><\/a>Og tak me\u00f0 \u00fe\u00e9r t\u00edu brau\u00f0 og k\u00f6kur og kr\u00fas me\u00f0 hunangi og gakk \u00fe\u00fa inn til hans. Hann mun segja \u00fe\u00e9r, hvernig fara mun um sveininn.<a name=\"4\"><span class=\"versanumer\">4<\/span><\/a>Kona Jer\u00f3b\u00f3ams gj\u00f6r\u00f0i svo, lag\u00f0i af sta\u00f0 og f\u00f3r til S\u00edl\u00f3, og gekk inn \u00ed h\u00fas Ah\u00eda. Ah\u00eda m\u00e1tti ekki sj\u00e1, \u00fev\u00ed a\u00f0 augu hans voru stir\u00f0nu\u00f0 af elli.<a name=\"5\"><span class=\"versanumer\">5<\/span><\/a>En Drottinn haf\u00f0i sagt vi\u00f0 Ah\u00eda: Sj\u00e1, kona Jer\u00f3b\u00f3ams kemur til \u00feess a\u00f0 leita fr\u00e9tta hj\u00e1 \u00fe\u00e9r um son sinn, \u00fev\u00ed a\u00f0 hann er sj\u00fakur. Svo og svo skalt \u00fe\u00fa til hennar m\u00e6la. \u00deegar h\u00fan kom og l\u00e9st vera \u00f6nnur en h\u00fan var,<a name=\"6\"><span class=\"versanumer\">6<\/span><\/a>og Ah\u00eda heyr\u00f0i f\u00f3tatak hennar, er h\u00fan kom a\u00f0 dyrunum, \u00fe\u00e1 sag\u00f0i hann: Kom \u00fe\u00fa inn, kona Jer\u00f3b\u00f3ams! Hvers vegna l\u00e6st \u00fe\u00fa vera \u00f6nnur en \u00fe\u00fa ert, \u00fear sem \u00e9g \u00fe\u00f3 er sendur til \u00fe\u00edn me\u00f0 h\u00f6r\u00f0 t\u00ed\u00f0indi?<a name=\"7\"><span class=\"versanumer\">7<\/span><\/a>Far \u00fe\u00fa og seg Jer\u00f3b\u00f3am: Svo segir Drottinn, Gu\u00f0 \u00cdsraels: Sakir \u00feess a\u00f0 \u00e9g h\u00f3f \u00feig upp af al\u00fe\u00fd\u00f0u manna og gj\u00f6r\u00f0i \u00feig a\u00f0 h\u00f6f\u00f0ingja yfir l\u00fd\u00f0 m\u00ednum \u00cdsrael,<a name=\"8\"><span class=\"versanumer\">8<\/span><\/a>og svipti \u00e6tt Dav\u00ed\u00f0s konungd\u00f3minum og f\u00e9kk \u00fe\u00e9r hann \u00ed hendur, en \u00fe\u00fa hefir eigi veri\u00f0 sem \u00fej\u00f3nn minn Dav\u00ed\u00f0, er h\u00e9lt bo\u00f0or\u00f0 m\u00edn og var m\u00e9r hl\u00fd\u00f0inn af \u00f6llu hjarta, svo a\u00f0 hann gj\u00f6r\u00f0i \u00fea\u00f0 eitt, er r\u00e9tt var \u00ed m\u00ednum augum,<a name=\"9\"><span class=\"versanumer\">9<\/span><\/a>heldur hefir \u00fe\u00fa gj\u00f6rt meira illt en allir \u00feeir, sem \u00e1 undan \u00fe\u00e9r voru, og hefir fari\u00f0 og gj\u00f6rt \u00fe\u00e9r a\u00f0ra gu\u00f0i, og \u00fea\u00f0 steypt l\u00edkneski, til \u00feess a\u00f0 egna mig til rei\u00f0i, og hefir kasta\u00f0 m\u00e9r aftur fyrir \u00feig<a name=\"10\"><span class=\"versanumer\">10<\/span><\/a>sakir \u00feessa lei\u00f0i \u00e9g \u00f3g\u00e6fu yfir h\u00fas Jer\u00f3b\u00f3ams og mun uppr\u00e6ta fyrir honum hvern karlmann, b\u00e6\u00f0i \u00fer\u00e6l og frelsingja \u00ed \u00cdsrael. Og \u00e9g mun s\u00f3pa burt h\u00fasi Jer\u00f3b\u00f3ams, eins og saur er s\u00f3pa\u00f0 burt, uns \u00fati er um hann me\u00f0 \u00f6llu.<a name=\"11\"><span class=\"versanumer\">11<\/span><\/a>Hvern \u00feann er deyr af \u00e6ttmennum Jer\u00f3b\u00f3ams innan borgar, munu hundar eta, og hvern \u00feann, sem deyr \u00fati \u00e1 v\u00ed\u00f0avangi, munu fuglar himins eta, \u00fev\u00ed a\u00f0 Drottinn hefir tala\u00f0 \u00fea\u00f0.<a name=\"12\"><span class=\"versanumer\">12<\/span><\/a>En statt \u00fe\u00fa n\u00fa upp og far heim til \u00fe\u00edn. \u00deegar \u00fe\u00fa st\u00edgur f\u00e6ti inn \u00ed borgina, mun sveinninn deyja.<a name=\"13\"><span class=\"versanumer\">13<\/span><\/a>Og allur \u00cdsrael mun harma hann, og menn munu grafa hann, \u00fev\u00ed a\u00f0 hann er s\u00e1 eini af \u00e6tt Jer\u00f3b\u00f3ams, er greftrun mun hlj\u00f3ta, af \u00fev\u00ed a\u00f0 eitthva\u00f0 hefir \u00fea\u00f0 veri\u00f0 \u00ed fari hans, er Drottni, Gu\u00f0i \u00cdsraels, ge\u00f0ja\u00f0ist a\u00f0 \u00ed \u00e6tt Jer\u00f3b\u00f3ams.<a name=\"14\"><span class=\"versanumer\">14<\/span><\/a>Og Drottinn mun skipa konung yfir \u00cdsrael, er uppr\u00e6ta mun h\u00fas Jer\u00f3b\u00f3ams. \u00deetta er dagurinn, og hva\u00f0 er n\u00fa \u00feegar fari\u00f0 a\u00f0 koma fram?<a name=\"15\"><span class=\"versanumer\">15<\/span><\/a>Drottinn mun sl\u00e1 \u00cdsrael, eins og reyrinn ri\u00f0ar \u00ed vatninu, og hann mun \u00fatr\u00fdma \u00cdsrael \u00far \u00feessu g\u00f3\u00f0a landi, er hann gaf fe\u00f0rum \u00feeirra, og tv\u00edstra \u00feeim fyrir austan Efrat, af \u00fev\u00ed a\u00f0 \u00feeir hafa gj\u00f6rt s\u00e9r as\u00e9rur og egnt Drottin til rei\u00f0i.<a name=\"16\"><span class=\"versanumer\">16<\/span><\/a>Og hann mun ofurselja \u00cdsrael vegna synda \u00feeirra, er Jer\u00f3b\u00f3am hefir dr\u00fdgt og komi\u00f0 \u00cdsrael til a\u00f0 dr\u00fdgja.<a name=\"17\"><span class=\"versanumer\">17<\/span><\/a>\u00de\u00e1 st\u00f3\u00f0 kona Jer\u00f3b\u00f3ams upp, h\u00e9lt af sta\u00f0 og kom til Tirsa, en er h\u00fan steig yfir \u00fer\u00f6skuld h\u00fassins, d\u00f3 sveinninn.<a name=\"18\"><span class=\"versanumer\">18<\/span><\/a>Og \u00feeir gr\u00f3fu hann og allur \u00cdsrael harma\u00f0i hann, og r\u00e6ttist \u00feannig or\u00f0 Drottins, er hann haf\u00f0i tala\u00f0 fyrir munn \u00fej\u00f3ns s\u00edns, Ah\u00eda sp\u00e1manns.<a name=\"19\"><span class=\"versanumer\">19<\/span><\/a>\u00dea\u00f0 sem meira er a\u00f0 segja um Jer\u00f3b\u00f3am, hvernig hann herja\u00f0i og hvernig hann r\u00edkti, \u00fea\u00f0 er rita\u00f0 \u00ed \u00c1rb\u00f3kum \u00cdsraelskonunga.<a name=\"20\"><span class=\"versanumer\">20<\/span><\/a>Og s\u00e1 t\u00edmi, sem Jer\u00f3b\u00f3am r\u00edkti, var tuttugu og tv\u00f6 \u00e1r. \u00de\u00e1 lag\u00f0ist hann til hv\u00edldar hj\u00e1 fe\u00f0rum s\u00ednum, en Nadab sonur hans t\u00f3k r\u00edki eftir hann.<a name=\"21\"><span class=\"versanumer\">21<\/span><\/a>Rehabeam sonur Sal\u00f3mons var\u00f0 konungur \u00ed J\u00fada. Rehabeam haf\u00f0i einn um fertugt, \u00fe\u00e1 er hann var\u00f0 konungur, og seytj\u00e1n \u00e1r r\u00edkti hann \u00ed Jer\u00fasalem, borginni, sem Drottinn haf\u00f0i \u00fatvali\u00f0 af \u00f6llum \u00e6ttkv\u00edslum \u00cdsraels til \u00feess a\u00f0 l\u00e1ta nafn sitt b\u00faa \u00fear. M\u00f3\u00f0ir hans h\u00e9t Naama og var amm\u00f3n\u00edt\u00edsk.<a name=\"22\"><span class=\"versanumer\">22<\/span><\/a>J\u00fada gj\u00f6r\u00f0i \u00fea\u00f0 sem illt var \u00ed augum Drottins, og \u00feeir v\u00f6ktu vandl\u00e6ting hans enn meir en fe\u00f0ur \u00feeirra h\u00f6f\u00f0u gj\u00f6rt me\u00f0 \u00f6llum \u00feeim syndum, er \u00feeir dr\u00fdg\u00f0u.<a name=\"23\"><span class=\"versanumer\">23<\/span><\/a>\u00dev\u00ed a\u00f0 einnig \u00feeir gj\u00f6r\u00f0u s\u00e9r f\u00f3rnarh\u00e6\u00f0ir, merkissteina og as\u00e9rur \u00e1 \u00f6llum h\u00e1um h\u00f3lum og undir hverju gr\u00e6nu tr\u00e9.<a name=\"24\"><span class=\"versanumer\">24<\/span><\/a>\u00deeir menn voru og \u00ed landinu, er helgu\u00f0u sig saurlifna\u00f0i. \u00deeir a\u00f0h\u00f6f\u00f0ust alla \u00fe\u00e1 s\u00f6mu sv\u00edvir\u00f0ing, sem \u00fe\u00e6r \u00fej\u00f3\u00f0ir fr\u00f6mdu, er Drottinn haf\u00f0i st\u00f6kkt burt undan \u00cdsraelsm\u00f6nnum.<a name=\"25\"><span class=\"versanumer\">25<\/span><\/a>\u00c1 fimmta r\u00edkis\u00e1ri Rehabeams f\u00f3r S\u00edsak Egyptalandskonungur herf\u00f6r m\u00f3ti Jer\u00fasalem<a name=\"26\"><span class=\"versanumer\">26<\/span><\/a>og t\u00f3k fj\u00e1rsj\u00f3\u00f0u Drottins h\u00fass og fj\u00e1rsj\u00f3\u00f0u konungshallarinnar, t\u00f3k \u00fea\u00f0 allt saman. Hann t\u00f3k og alla gullskildina, sem Sal\u00f3mon haf\u00f0i gj\u00f6ra l\u00e1ti\u00f0.<a name=\"27\"><span class=\"versanumer\">27<\/span><\/a>En Rehabeam konungur l\u00e9t \u00ed \u00feeirra sta\u00f0 gj\u00f6ra eirskildi og f\u00e9kk \u00fe\u00e1 h\u00f6fu\u00f0sm\u00f6nnum l\u00edfvar\u00f0arins til geymslu, \u00feeim er geyma dyra \u00e1 h\u00f6ll konungs.<a name=\"28\"><span class=\"versanumer\">28<\/span><\/a>Og \u00ed hvert sinn er konungur gekk \u00ed h\u00fas Drottins, b\u00e1ru var\u00f0li\u00f0smennirnir skildina, og f\u00f3ru s\u00ed\u00f0an me\u00f0 \u00fe\u00e1 aftur \u00ed herbergi var\u00f0li\u00f0smannanna.<a name=\"29\"><span class=\"versanumer\">29<\/span><\/a>\u00dea\u00f0 sem meira er a\u00f0 segja um Rehabeam, og allt, sem hann gj\u00f6r\u00f0i, \u00fea\u00f0 er rita\u00f0 \u00ed \u00c1rb\u00f3kum J\u00fadakonunga.<a name=\"30\"><span class=\"versanumer\">30<\/span><\/a>\u00deeir \u00e1ttu \u00e1vallt \u00ed \u00f3fri\u00f0i saman, Rehabeam og Jer\u00f3b\u00f3am.<a name=\"31\"><span class=\"versanumer\">31<\/span><\/a>Og Rehabeam lag\u00f0ist til hv\u00edldar hj\u00e1 fe\u00f0rum s\u00ednum og var jar\u00f0a\u00f0ur hj\u00e1 fe\u00f0rum s\u00ednum \u00ed Dav\u00ed\u00f0sborg. En m\u00f3\u00f0ir hans h\u00e9t Naama og var amm\u00f3n\u00edt\u00edsk. Og Ab\u00eda sonur hans t\u00f3k r\u00edki eftir hann.<\/p>\n<div class=\"footnote1981\"><b>14.2<\/b> Dulb\u00fa \u00feig 1Kon 22.30; 1Sam 28.8; 2Kor 11.14-15<br \/>\n<b>14.7<\/b> Af al\u00fe\u00fd\u00f0u manna sbr 1Kon 16.2; 2Sam 7.8<br \/>\n<b>14.10<\/b> \u00datr\u00fdma 1Kon 15.29; 16.3,11; D\u00f3m 9.5; 2Kon 10.1-17; 11.1<br \/>\n<b>14.11<\/b> Hundar og fuglar 1Kon 16.4; 21.24<br \/>\n<b>14.15<\/b> Herlei\u00f0ing 1Kon 8.46+<br \/>\n<b>14.22<\/b> Rei\u00f0i Gu\u00f0s 5M\u00f3s 32.16-17<br \/>\n<b>14.23<\/b> H\u00e6\u00f0ir, steinar 2Kon 16.4; 17.9-10 \u2013 h\u00f3lar, gr\u00e6n tr\u00e9 5M\u00f3s 12.2+<br \/>\n<b>14.24<\/b> Hofsk\u00e6kjur 1Kon 15.12; 5M\u00f3s 23.18<br \/>\n<b>14.25<\/b> S\u00edsak 1Kon 11.40<br \/>\n<b>14.26<\/b> Gullskildir 1Kon 10.16-17<\/div>\n","protected":false},"excerpt":{"rendered":"<p>1\u00cd \u00feann t\u00edma s\u00fdktist Ab\u00eda, sonur Jer\u00f3b\u00f3ams.2\u00de\u00e1 sag\u00f0i Jer\u00f3b\u00f3am vi\u00f0 konu s\u00edna: Far n\u00fa og kl\u00e6\u00f0 \u00feig dularb\u00faningi, svo a\u00f0 enginn megi kenna, a\u00f0 \u00fe\u00fa ert kona Jer\u00f3b\u00f3ams, og far til S\u00edl\u00f3. \u00dear er Ah\u00eda sp\u00e1ma\u00f0ur, s\u00e1 er um mig sag\u00f0i, a\u00f0 \u00e9g mundi ver\u00f0a konungur yfir l\u00fd\u00f0 \u00feessum.3Og tak me\u00f0 \u00fe\u00e9r t\u00edu brau\u00f0 og k\u00f6kur og kr\u00fas me\u00f0 hunangi og gakk \u00fe\u00fa inn til hans. Hann mun segja \u00fe\u00e9r, hvernig fara mun um sveininn.4Kona Jer\u00f3b\u00f3ams gj\u00f6r\u00f0i svo, lag\u00f0i af sta\u00f0 og f\u00f3r til S\u00edl\u00f3, og gekk inn \u00ed h\u00fas Ah\u00eda. Ah\u00eda m\u00e1tti ekki sj\u00e1, \u00fev\u00ed a\u00f0 augu hans voru <a href=\"https:\/\/biblian.is\/1981\/fyrri-konungabok-14-kafli\/\"> [&#8230;]<\/a><\/p>\n","protected":false},"author":1,"featured_media":0,"parent":0,"menu_order":0,"comment_status":"open","ping_status":"open","template":"bibliukaflar.php","meta":{"footnotes":""},"class_list":["post-1651","page","type-page","status-publish","hentry"],"_links":{"self":[{"href":"https:\/\/biblian.is\/1981\/wp-json\/wp\/v2\/pages\/1651","targetHints":{"allow":["GET"]}}],"collection":[{"href":"https:\/\/biblian.is\/1981\/wp-json\/wp\/v2\/pages"}],"about":[{"href":"https:\/\/biblian.is\/1981\/wp-json\/wp\/v2\/types\/page"}],"author":[{"embeddable":true,"href":"https:\/\/biblian.is\/1981\/wp-json\/wp\/v2\/users\/1"}],"replies":[{"embeddable":true,"href":"https:\/\/biblian.is\/1981\/wp-json\/wp\/v2\/comments?post=1651"}],"version-history":[{"count":0,"href":"https:\/\/biblian.is\/1981\/wp-json\/wp\/v2\/pages\/1651\/revisions"}],"wp:attachment":[{"href":"https:\/\/biblian.is\/1981\/wp-json\/wp\/v2\/media?parent=1651"}],"curies":[{"name":"wp","href":"https:\/\/api.w.org\/{rel}","templated":true}]}}