{"id":1650,"date":"2017-11-18T20:18:09","date_gmt":"2017-11-18T20:18:09","guid":{"rendered":"http:\/\/biblian.is\/1981\/fyrri-konungabok-13-kafli\/"},"modified":"2021-06-06T10:56:56","modified_gmt":"2021-06-06T10:56:56","slug":"fyrri-konungabok-13-kafli","status":"publish","type":"page","link":"https:\/\/biblian.is\/1981\/fyrri-konungabok-13-kafli\/","title":{"rendered":"Fyrri konungab\u00f3k 13. kafli"},"content":{"rendered":"<p><a name=\"1\"><span class=\"versanumer\">1<\/span><\/a>Og sj\u00e1, \u00feegar Jer\u00f3b\u00f3am st\u00f3\u00f0 fyrir altarinu til \u00feess a\u00f0 f\u00e6ra \u00fear reykelsisf\u00f3rn, kom gu\u00f0sma\u00f0ur nokkur fr\u00e1 J\u00fada til Betel a\u00f0 bo\u00f0i Drottins<a name=\"2\"><span class=\"versanumer\">2<\/span><\/a>og \u00e6pti gegn altarinu a\u00f0 bo\u00f0i Drottins og m\u00e6lti: Altari, altari! Svo segir Drottinn: Sonur mun f\u00e6\u00f0ast h\u00fasi Dav\u00ed\u00f0s, J\u00f3s\u00eda a\u00f0 nafni. Hann mun \u00e1 \u00fe\u00e9r sl\u00e1tra h\u00e6\u00f0aprestunum, \u00feeim er f\u00e6ra reykelsisf\u00f3rnir \u00e1 \u00fe\u00e9r, og mannabeinum mun \u00e1 \u00fe\u00e9r brennt ver\u00f0a.<a name=\"3\"><span class=\"versanumer\">3<\/span><\/a>Og hann bo\u00f0a\u00f0i t\u00e1kn \u00feann dag og m\u00e6lti: \u00deetta er t\u00e1kn \u00feess, a\u00f0 Drottinn hafi tala\u00f0: Sj\u00e1, altari\u00f0 mun rifna og askan, sem \u00e1 \u00fev\u00ed er, steypast ni\u00f0ur.<a name=\"4\"><span class=\"versanumer\">4<\/span><\/a>\u00deegar konungur heyr\u00f0i or\u00f0 gu\u00f0smannsins, \u00feau er hann \u00e6pti gegn altarinu \u00ed Betel, \u00fe\u00e1 banda\u00f0i Jer\u00f3b\u00f3am me\u00f0 hendinni fr\u00e1 altarinu og m\u00e6lti: Taki\u00f0 hann h\u00f6ndum! \u00de\u00e1 visna\u00f0i h\u00f6nd hans, er hann haf\u00f0i banda\u00f0 me\u00f0 m\u00f3ti honum, og hann gat ekki dregi\u00f0 hana a\u00f0 s\u00e9r aftur.<a name=\"5\"><span class=\"versanumer\">5<\/span><\/a>En altari\u00f0 rifna\u00f0i og askan steyptist ni\u00f0ur af altarinu, samkv\u00e6mt t\u00e1kninu, er gu\u00f0sma\u00f0urinn haf\u00f0i bo\u00f0a\u00f0 eftir skipun Drottins.<a name=\"6\"><span class=\"versanumer\">6<\/span><\/a>\u00de\u00e1 t\u00f3k konungur til m\u00e1ls og m\u00e6lti vi\u00f0 gu\u00f0smanninn: Bl\u00ed\u00f0ka \u00fe\u00fa Drottin, Gu\u00f0 \u00feinn, og bi\u00f0 fyrir m\u00e9r, svo a\u00f0 \u00e9g geti aftur dregi\u00f0 h\u00f6ndina a\u00f0 m\u00e9r. \u00de\u00e1 bl\u00ed\u00f0ka\u00f0i gu\u00f0sma\u00f0urinn Drottin, svo a\u00f0 konungur gat aftur dregi\u00f0 a\u00f0 s\u00e9r h\u00f6ndina, og var\u00f0 h\u00fan jafng\u00f3\u00f0.<a name=\"7\"><span class=\"versanumer\">7<\/span><\/a>\u00dev\u00ed n\u00e6st m\u00e6lti konungur vi\u00f0 gu\u00f0smanninn: Kom \u00fe\u00fa heim me\u00f0 m\u00e9r og hress \u00feig, og mun \u00e9g gefa \u00fe\u00e9r gj\u00f6f nokkra.<a name=\"8\"><span class=\"versanumer\">8<\/span><\/a>En gu\u00f0sma\u00f0urinn m\u00e6lti vi\u00f0 konung: \u00de\u00f3tt \u00fe\u00fa g\u00e6fir m\u00e9r h\u00e1lfa aleigu \u00fe\u00edna, \u00fe\u00e1 mundi \u00e9g samt eigi me\u00f0 \u00fe\u00e9r fara, og eigi mundi \u00e9g matar neyta og eigi vatn drekka \u00e1 \u00feessum sta\u00f0.<a name=\"9\"><span class=\"versanumer\">9<\/span><\/a>\u00dev\u00ed a\u00f0 svo hefir m\u00e9r bo\u00f0i\u00f0 veri\u00f0 fyrir or\u00f0 Drottins, er var \u00e1 \u00feessa lei\u00f0: \u00de\u00fa skalt eigi matar neyta n\u00e9 vatn drekka, og \u00fe\u00fa skalt eigi sn\u00faa aftur s\u00f6mu lei\u00f0ina sem \u00fe\u00fa komst.<a name=\"10\"><span class=\"versanumer\">10<\/span><\/a>S\u00ed\u00f0an f\u00f3r hann burt a\u00f0ra lei\u00f0 og sneri eigi aftur s\u00f6mu lei\u00f0ina sem hann haf\u00f0i fari\u00f0 til Betel.<a name=\"11\"><span class=\"versanumer\">11<\/span><\/a>\u00cd Betel bj\u00f3 gamall sp\u00e1ma\u00f0ur. Og synir hans komu og s\u00f6g\u00f0u honum fr\u00e1 \u00f6llu \u00fev\u00ed, sem gu\u00f0sma\u00f0urinn haf\u00f0i gj\u00f6rt \u00ed Betel \u00feennan dag, og or\u00f0 \u00feau, er hann haf\u00f0i tala\u00f0 til konungs. Og er \u00feeir s\u00f6g\u00f0u f\u00f6\u00f0ur s\u00ednum fr\u00e1 \u00feessu,<a name=\"12\"><span class=\"versanumer\">12<\/span><\/a>m\u00e6lti fa\u00f0ir \u00feeirra til \u00feeirra: Hva\u00f0a lei\u00f0 f\u00f3r hann? Og synir hans s\u00fdndu honum, hva\u00f0a lei\u00f0 gu\u00f0sma\u00f0urinn, sem kominn var fr\u00e1 J\u00fada, hef\u00f0i fari\u00f0.<a name=\"13\"><span class=\"versanumer\">13<\/span><\/a>Og hann sag\u00f0i vi\u00f0 sonu s\u00edna: S\u00f6\u00f0li\u00f0 m\u00e9r asnann. Og \u00feeir s\u00f6\u00f0lu\u00f0u asnann fyrir hann og hann steig \u00e1 bak,<a name=\"14\"><span class=\"versanumer\">14<\/span><\/a>h\u00e9lt \u00e1 eftir gu\u00f0smanninum og fann hann, \u00fear sem hann sat undir eik nokkurri. Hann m\u00e6lti til hans: Ert \u00fe\u00fa gu\u00f0sma\u00f0urinn, sem kom fr\u00e1 J\u00fada? Hinn svara\u00f0i: Er \u00e9g v\u00edst.<a name=\"15\"><span class=\"versanumer\">15<\/span><\/a>\u00de\u00e1 sag\u00f0i gamli sp\u00e1ma\u00f0urinn vi\u00f0 hann: Kom \u00fe\u00fa heim me\u00f0 m\u00e9r og neyt matar.<a name=\"16\"><span class=\"versanumer\">16<\/span><\/a>Hinn m\u00e6lti: \u00c9g get eigi sn\u00fai\u00f0 vi\u00f0 me\u00f0 \u00fe\u00e9r n\u00e9 me\u00f0 \u00fe\u00e9r fari\u00f0, mun og hvorki matar neyta n\u00e9 vatn drekka \u00e1 \u00feessum sta\u00f0.<a name=\"17\"><span class=\"versanumer\">17<\/span><\/a>\u00dev\u00ed a\u00f0 vi\u00f0 mig hefir veri\u00f0 sagt fyrir or\u00f0 Drottins: \u00de\u00fa skalt hvorki neyta \u00fear matar n\u00e9 vatn drekka, \u00fe\u00fa skalt ekki sn\u00faa aftur s\u00f6mu lei\u00f0ina sem \u00fe\u00fa komst.<a name=\"18\"><span class=\"versanumer\">18<\/span><\/a>Gamli sp\u00e1ma\u00f0urinn sag\u00f0i \u00fe\u00e1 vi\u00f0 hann: \u00c9g er einnig sp\u00e1ma\u00f0ur, eins og \u00fe\u00fa, og engill hefir tala\u00f0 vi\u00f0 mig eftir or\u00f0i Drottins \u00e1 \u00feessa lei\u00f0: Far \u00fe\u00fa me\u00f0 hann aftur heim til \u00fe\u00edn, a\u00f0 hann megi matar neyta og vatn drekka. En hann laug a\u00f0 honum.<a name=\"19\"><span class=\"versanumer\">19<\/span><\/a>Sneri hann \u00fe\u00e1 vi\u00f0 me\u00f0 honum og neytti matar \u00ed h\u00fasi hans og drakk vatn.<a name=\"20\"><span class=\"versanumer\">20<\/span><\/a>En er \u00feeir s\u00e1tu undir bor\u00f0um, kom or\u00f0 Drottins til sp\u00e1mannsins, er sn\u00fai\u00f0 haf\u00f0i hinum aftur.<a name=\"21\"><span class=\"versanumer\">21<\/span><\/a>Og hann kalla\u00f0i til gu\u00f0smannsins, er kominn var fr\u00e1 J\u00fada, og m\u00e6lti: Svo segir Drottinn: S\u00f6kum \u00feess a\u00f0 \u00fe\u00fa \u00f3hl\u00fd\u00f0na\u00f0ist skipun Drottins og var\u00f0veittir eigi bo\u00f0 \u00fea\u00f0, er Drottinn, Gu\u00f0 \u00feinn, fyrir \u00feig lag\u00f0i,<a name=\"22\"><span class=\"versanumer\">22<\/span><\/a>heldur snerir vi\u00f0 og neyttir matar og drakkst vatn \u00e1 \u00feeim sta\u00f0, er hann sag\u00f0i um vi\u00f0 \u00feig: \u00de\u00fa skalt \u00fear eigi matar neyta n\u00e9 vatn drekka \u00fe\u00e1 skal l\u00edk \u00feitt eigi koma \u00ed gr\u00f6f fe\u00f0ra \u00feinna.<a name=\"23\"><span class=\"versanumer\">23<\/span><\/a>En er gamli sp\u00e1ma\u00f0urinn haf\u00f0i eti\u00f0 og drukki\u00f0, l\u00e9t hann s\u00f6\u00f0la asnann fyrir sp\u00e1manninn, er hann haf\u00f0i sn\u00fai\u00f0 aftur.<a name=\"24\"><span class=\"versanumer\">24<\/span><\/a>H\u00e9lt hann n\u00fa af sta\u00f0, en lj\u00f3n m\u00e6tti honum \u00e1 lei\u00f0inni og drap hann. Og l\u00edk hans l\u00e1 \u00fear endilangt \u00e1 veginum, og asninn st\u00f3\u00f0 yfir \u00fev\u00ed, og lj\u00f3ni\u00f0 st\u00f3\u00f0 yfir l\u00edkinu.<a name=\"25\"><span class=\"versanumer\">25<\/span><\/a>Og er menn f\u00f3ru \u00fear fram hj\u00e1, s\u00e1u \u00feeir l\u00edki\u00f0 liggja endilangt \u00e1 veginum og lj\u00f3ni\u00f0 standandi yfir l\u00edkinu. \u00de\u00e1 komu \u00feeir og s\u00f6g\u00f0u fr\u00e1 \u00fev\u00ed \u00ed borginni, \u00fear sem gamli sp\u00e1ma\u00f0urinn \u00e1tti heima.<a name=\"26\"><span class=\"versanumer\">26<\/span><\/a>Og er sp\u00e1ma\u00f0urinn, er sn\u00fai\u00f0 haf\u00f0i hinum aftur, heyr\u00f0i \u00feetta, m\u00e6lti hann: \u00dea\u00f0 er gu\u00f0sma\u00f0urinn, sem \u00f3hl\u00fd\u00f0na\u00f0ist skipun Drottins. Fyrir \u00fev\u00ed hefir Drottinn gefi\u00f0 hann lj\u00f3ninu. \u00dea\u00f0 hefir muli\u00f0 hann sundur og drepi\u00f0 hann eftir or\u00f0i Drottins, er hann haf\u00f0i til hans tala\u00f0.<a name=\"27\"><span class=\"versanumer\">27<\/span><\/a>\u00de\u00e1 m\u00e6lti hann til sona sinna: S\u00f6\u00f0li\u00f0 m\u00e9r asnann. \u00deeir gj\u00f6r\u00f0u svo.<a name=\"28\"><span class=\"versanumer\">28<\/span><\/a>S\u00ed\u00f0an h\u00e9lt hann af sta\u00f0 og fann l\u00edk hans liggjandi endilangt \u00e1 veginum, og asnann og lj\u00f3ni\u00f0 standandi yfir l\u00edkinu. En lj\u00f3ni\u00f0 haf\u00f0i hvorki eti\u00f0 l\u00edki\u00f0 n\u00e9 muli\u00f0 sundur asnann.<a name=\"29\"><span class=\"versanumer\">29<\/span><\/a>\u00de\u00e1 t\u00f3k sp\u00e1ma\u00f0urinn upp l\u00edk gu\u00f0smannsins, lag\u00f0i \u00fea\u00f0 \u00e1 asnann og flutti \u00fea\u00f0 til borgarinnar til \u00feess a\u00f0 harma hann og jar\u00f0a.<a name=\"30\"><span class=\"versanumer\">30<\/span><\/a>Og hann lag\u00f0i l\u00edk hans \u00ed gr\u00f6f s\u00edna, og menn h\u00f6rmu\u00f0u hann, segjandi: \u00c6, br\u00f3\u00f0ir minn!<a name=\"31\"><span class=\"versanumer\">31<\/span><\/a>En er hann haf\u00f0i jar\u00f0a\u00f0 hann, sag\u00f0i hann vi\u00f0 sonu s\u00edna: \u00deegar \u00e9g dey, \u00fe\u00e1 jar\u00f0i\u00f0 mig \u00ed \u00feeirri gr\u00f6f, sem gu\u00f0sma\u00f0urinn er jar\u00f0a\u00f0ur \u00ed. Leggi\u00f0 m\u00edn bein hj\u00e1 hans beinum.<a name=\"32\"><span class=\"versanumer\">32<\/span><\/a>\u00dev\u00ed a\u00f0 or\u00f0in, sem hann a\u00f0 bo\u00f0i Drottins \u00e6pti gegn altarinu \u00ed Betel og gegn \u00f6llum h\u00e6\u00f0ahofunum \u00ed borgum Samar\u00edu, munu vissulega r\u00e6tast.<a name=\"33\"><span class=\"versanumer\">33<\/span><\/a>Ekki sneri Jer\u00f3b\u00f3am s\u00e9r eftir \u00feennan atbur\u00f0 fr\u00e1 s\u00ednum vonda vegi, heldur gj\u00f6r\u00f0i a\u00f0 n\u00fdju \u00f3valda menn a\u00f0 h\u00e6\u00f0aprestum. Hann v\u00edg\u00f0i hvern sem vildi, og var\u00f0 s\u00e1 hinn sami \u00feannig h\u00e6\u00f0aprestur.<a name=\"34\"><span class=\"versanumer\">34<\/span><\/a>En \u00feetta var\u00f0 h\u00fasi Jer\u00f3b\u00f3ams til syndar og til \u00feess a\u00f0 uppr\u00e6ta \u00fea\u00f0 og afm\u00e1 af j\u00f6r\u00f0inni.<\/p>\n<div class=\"footnote1981\"><b>13.4<\/b> H\u00f6ndin visna\u00f0i Sak 11.17; sbr Matt 12.10 og hlst.<br \/>\n<b>13.8<\/b> Helming eigna 4M\u00f3s 22.17-18; sbr Est 5.3,6; 7.2; Mrk 6.23<br \/>\n<b>13.18<\/b> Engill Gal 1.8<br \/>\n<b>13.22<\/b> Ekki koma \u00ed gr\u00f6f Jes 14.19; Jer 8.1-2; sbr 1M\u00f3s 23; 49.30; 2Kon 22.20<br \/>\n<b>13.24<\/b> R\u00e9\u00f0st lj\u00f3n \u00e1 hann 1Kon 20.36; 2Kon 2.24; 17.25<\/div>\n","protected":false},"excerpt":{"rendered":"<p>1Og sj\u00e1, \u00feegar Jer\u00f3b\u00f3am st\u00f3\u00f0 fyrir altarinu til \u00feess a\u00f0 f\u00e6ra \u00fear reykelsisf\u00f3rn, kom gu\u00f0sma\u00f0ur nokkur fr\u00e1 J\u00fada til Betel a\u00f0 bo\u00f0i Drottins2og \u00e6pti gegn altarinu a\u00f0 bo\u00f0i Drottins og m\u00e6lti: Altari, altari! Svo segir Drottinn: Sonur mun f\u00e6\u00f0ast h\u00fasi Dav\u00ed\u00f0s, J\u00f3s\u00eda a\u00f0 nafni. Hann mun \u00e1 \u00fe\u00e9r sl\u00e1tra h\u00e6\u00f0aprestunum, \u00feeim er f\u00e6ra reykelsisf\u00f3rnir \u00e1 \u00fe\u00e9r, og mannabeinum mun \u00e1 \u00fe\u00e9r brennt ver\u00f0a.3Og hann bo\u00f0a\u00f0i t\u00e1kn \u00feann dag og m\u00e6lti: \u00deetta er t\u00e1kn \u00feess, a\u00f0 Drottinn hafi tala\u00f0: Sj\u00e1, altari\u00f0 mun rifna og askan, sem \u00e1 \u00fev\u00ed er, steypast ni\u00f0ur.4\u00deegar konungur heyr\u00f0i or\u00f0 gu\u00f0smannsins, \u00feau er hann \u00e6pti gegn altarinu <a href=\"https:\/\/biblian.is\/1981\/fyrri-konungabok-13-kafli\/\"> [&#8230;]<\/a><\/p>\n","protected":false},"author":1,"featured_media":0,"parent":0,"menu_order":0,"comment_status":"open","ping_status":"open","template":"bibliukaflar.php","meta":{"footnotes":""},"class_list":["post-1650","page","type-page","status-publish","hentry"],"_links":{"self":[{"href":"https:\/\/biblian.is\/1981\/wp-json\/wp\/v2\/pages\/1650","targetHints":{"allow":["GET"]}}],"collection":[{"href":"https:\/\/biblian.is\/1981\/wp-json\/wp\/v2\/pages"}],"about":[{"href":"https:\/\/biblian.is\/1981\/wp-json\/wp\/v2\/types\/page"}],"author":[{"embeddable":true,"href":"https:\/\/biblian.is\/1981\/wp-json\/wp\/v2\/users\/1"}],"replies":[{"embeddable":true,"href":"https:\/\/biblian.is\/1981\/wp-json\/wp\/v2\/comments?post=1650"}],"version-history":[{"count":0,"href":"https:\/\/biblian.is\/1981\/wp-json\/wp\/v2\/pages\/1650\/revisions"}],"wp:attachment":[{"href":"https:\/\/biblian.is\/1981\/wp-json\/wp\/v2\/media?parent=1650"}],"curies":[{"name":"wp","href":"https:\/\/api.w.org\/{rel}","templated":true}]}}