{"id":1649,"date":"2017-11-18T20:18:09","date_gmt":"2017-11-18T20:18:09","guid":{"rendered":"http:\/\/biblian.is\/1981\/fyrri-konungabok-12-kafli\/"},"modified":"2021-06-06T10:56:56","modified_gmt":"2021-06-06T10:56:56","slug":"fyrri-konungabok-12-kafli","status":"publish","type":"page","link":"https:\/\/biblian.is\/1981\/fyrri-konungabok-12-kafli\/","title":{"rendered":"Fyrri konungab\u00f3k 12. kafli"},"content":{"rendered":"<p><a name=\"1\"><span class=\"versanumer\">1<\/span><\/a>Rehabeam f\u00f3r til S\u00edkem, \u00fev\u00ed a\u00f0 allur \u00cdsrael var kominn \u00feanga\u00f0 til \u00feess a\u00f0 taka hann til konungs.<a name=\"2\"><span class=\"versanumer\">2<\/span><\/a>En er Jer\u00f3b\u00f3am Nebatsson fr\u00e9tti  hann var enn \u00ed Egyptalandi, \u00feanga\u00f0 sem hann haf\u00f0i fl\u00fai\u00f0 undan Sal\u00f3mon konungi , a\u00f0 Sal\u00f3mon v\u00e6ri d\u00e1inn, sneri hann heim fr\u00e1 Egyptalandi.<a name=\"3\"><span class=\"versanumer\">3<\/span><\/a>\u00deeir sendu bo\u00f0 og l\u00e9tu kalla hann. \u00de\u00e1 kom Jer\u00f3b\u00f3am og allur s\u00f6fnu\u00f0ur \u00cdsraels og m\u00e6ltu til Rehabeams \u00e1 \u00feessa lei\u00f0:<a name=\"4\"><span class=\"versanumer\">4<\/span><\/a>Fa\u00f0ir \u00feinn lag\u00f0i \u00e1 oss hart ok, en gj\u00f6r \u00fe\u00fa n\u00fa l\u00e9ttari hina h\u00f6r\u00f0u \u00e1nau\u00f0 f\u00f6\u00f0ur \u00fe\u00edns og hi\u00f0 \u00feunga ok, er hann \u00e1 oss lag\u00f0i, og munum v\u00e9r \u00fej\u00f3na \u00fe\u00e9r.<a name=\"5\"><span class=\"versanumer\">5<\/span><\/a>Hann svara\u00f0i \u00feeim: Fari\u00f0 n\u00fa burt og komi\u00f0 aftur til m\u00edn a\u00f0 \u00ferem d\u00f6gum li\u00f0num. Og l\u00fd\u00f0urinn f\u00f3r burt.<a name=\"6\"><span class=\"versanumer\">6<\/span><\/a>\u00de\u00e1 r\u00e1\u00f0ga\u00f0ist Rehabeam konungur vi\u00f0 \u00f6ldungana, sem \u00fej\u00f3na\u00f0 h\u00f6f\u00f0u Sal\u00f3mon f\u00f6\u00f0ur hans me\u00f0an hann lif\u00f0i, og m\u00e6lti: Hver andsv\u00f6r r\u00e1\u00f0i\u00f0 \u00fe\u00e9r m\u00e9r a\u00f0 gefa \u00feessum m\u00f6nnum?<a name=\"7\"><span class=\"versanumer\">7<\/span><\/a>\u00deeir sv\u00f6ru\u00f0u honum og m\u00e6ltu: Ef \u00fe\u00fa \u00ed dag ver\u00f0ur l\u00fd\u00f0 \u00feessum eftirl\u00e1tur, l\u00e6tur a\u00f0 or\u00f0um \u00feeirra, gj\u00f6rir a\u00f0 vilja \u00feeirra og tekur vel m\u00e1li \u00feeirra, munu \u00feeir ver\u00f0a \u00fe\u00e9r eftirl\u00e1tir alla daga.<a name=\"8\"><span class=\"versanumer\">8<\/span><\/a>En Rehabeam hafna\u00f0i r\u00e1\u00f0i \u00fev\u00ed, er \u00f6ldungarnir r\u00e9\u00f0u honum, en r\u00e1\u00f0ga\u00f0ist vi\u00f0 unga menn, er vaxi\u00f0 h\u00f6f\u00f0u upp me\u00f0 honum og n\u00fa \u00fej\u00f3nu\u00f0u honum,<a name=\"9\"><span class=\"versanumer\">9<\/span><\/a>og sag\u00f0i vi\u00f0 \u00fe\u00e1: Hver r\u00e1\u00f0 gefi\u00f0 \u00fe\u00e9r til, hversu v\u00e9r skulum svara l\u00fd\u00f0 \u00feessum, er tala\u00f0 hefir til m\u00edn \u00e1 \u00feessa lei\u00f0: Gj\u00f6r l\u00e9ttara ok \u00fea\u00f0, er fa\u00f0ir \u00feinn \u00e1 oss lag\u00f0i?<a name=\"10\"><span class=\"versanumer\">10<\/span><\/a>\u00de\u00e1 sv\u00f6ru\u00f0u honum hinir ungu menn, er vaxi\u00f0 h\u00f6f\u00f0u upp me\u00f0 honum: Svo skalt \u00fe\u00fa svara l\u00fd\u00f0 \u00feessum, er sag\u00f0i vi\u00f0 \u00feig: Fa\u00f0ir \u00feinn gj\u00f6r\u00f0i ok vort \u00feungt, en gj\u00f6r \u00fe\u00fa oss \u00fea\u00f0 l\u00e9ttara svo skalt \u00fe\u00fa m\u00e6la til \u00feeirra: Litlifingur minn er digrari en lendar f\u00f6\u00f0ur m\u00edns.<a name=\"11\"><span class=\"versanumer\">11<\/span><\/a>Hafi fa\u00f0ir minn lagt \u00e1 y\u00f0ur \u00feungt ok, mun \u00e9g gj\u00f6ra ok y\u00f0ar enn \u00feyngra. Fa\u00f0ir minn refsa\u00f0i y\u00f0ur me\u00f0 keyrum, en \u00e9g mun refsa y\u00f0ur me\u00f0 gaddasvipum.<a name=\"12\"><span class=\"versanumer\">12<\/span><\/a>Og Jer\u00f3b\u00f3am og allur l\u00fd\u00f0urinn kom til Rehabeams \u00e1 \u00feri\u00f0ja degi, eins og konungur haf\u00f0i sagt, \u00fe\u00e1 er hann m\u00e6lti: Komi\u00f0 til m\u00edn aftur \u00e1 \u00feri\u00f0ja degi.<a name=\"13\"><span class=\"versanumer\">13<\/span><\/a>\u00de\u00e1 veitti konungur l\u00fd\u00f0num h\u00f6r\u00f0 andsv\u00f6r og f\u00f3r eigi a\u00f0 r\u00e1\u00f0um \u00feeim, er \u00f6ldungarnir h\u00f6f\u00f0u r\u00e1\u00f0i\u00f0 honum,<a name=\"14\"><span class=\"versanumer\">14<\/span><\/a>en tala\u00f0i til \u00feeirra \u00e1 \u00feessa lei\u00f0, a\u00f0 r\u00e1\u00f0i hinna ungu manna: Fa\u00f0ir minn gj\u00f6r\u00f0i ok y\u00f0ar \u00feungt, en \u00e9g mun gj\u00f6ra ok y\u00f0ar enn \u00feyngra. Fa\u00f0ir minn refsa\u00f0i y\u00f0ur me\u00f0 keyrum, en \u00e9g mun refsa y\u00f0ur me\u00f0 gaddasvipum.<a name=\"15\"><span class=\"versanumer\">15<\/span><\/a>\u00deannig veitti konungur l\u00fd\u00f0num enga \u00e1heyrn, \u00fev\u00ed a\u00f0 svo var til stillt af Drottni, til \u00feess a\u00f0 hann g\u00e6ti l\u00e1ti\u00f0 r\u00e6tast or\u00f0 s\u00edn, \u00feau er hann haf\u00f0i tala\u00f0 til Jer\u00f3b\u00f3ams Nebatssonar fyrir munn Ah\u00eda fr\u00e1 S\u00edl\u00f3.<a name=\"16\"><span class=\"versanumer\">16<\/span><\/a>Er allur \u00cdsrael s\u00e1, a\u00f0 konungur veitti \u00feeim enga \u00e1heyrn, \u00fe\u00e1 l\u00e9t l\u00fd\u00f0urinn \u00feessi sv\u00f6r \u00ed m\u00f3ti koma: Hverja hlutdeild eigum v\u00e9r \u00ed Dav\u00ed\u00f0? Engan erf\u00f0ahlut eigum v\u00e9r \u00ed \u00cdsa\u00edsyni. Far heim til \u00fe\u00edn, \u00cdsrael! G\u00e6t \u00fe\u00fa \u00fe\u00edns eigin h\u00fass, Dav\u00ed\u00f0!S\u00ed\u00f0an f\u00f3r \u00cdsrael heim til s\u00edn.<a name=\"17\"><span class=\"versanumer\">17<\/span><\/a>En yfir \u00feeim \u00cdsraelsm\u00f6nnum, er bjuggu \u00ed J\u00fadaborgum, var Rehabeam konungur.<a name=\"18\"><span class=\"versanumer\">18<\/span><\/a>Rehabeam konungur sendi til \u00feeirra Ad\u00f3n\u00edram, sem var yfir kva\u00f0arm\u00f6nnum, en allur \u00cdsrael lamdi hann grj\u00f3ti til bana, og Rehabeam konungur hlj\u00f3p \u00ed skyndi \u00e1 vagn sinn og fl\u00fd\u00f0i til Jer\u00fasalem.<a name=\"19\"><span class=\"versanumer\">19<\/span><\/a>\u00deannig gekk \u00cdsrael undan \u00e6tt Dav\u00ed\u00f0s, og stendur svo enn \u00ed dag.<a name=\"20\"><span class=\"versanumer\">20<\/span><\/a>\u00deegar \u00cdsraelsl\u00fd\u00f0ur heyr\u00f0i, a\u00f0 Jer\u00f3b\u00f3am v\u00e6ri aftur kominn, sendu \u00feeir og k\u00f6llu\u00f0u hann \u00e1 \u00feingi\u00f0 og t\u00f3ku hann til konungs yfir allan \u00cdsrael. En enginn fylgdi Dav\u00ed\u00f0s\u00e6tt, nema J\u00fada-\u00e6ttkv\u00edsl ein.<a name=\"21\"><span class=\"versanumer\">21<\/span><\/a>Er Rehabeam kom til Jer\u00fasalem, safna\u00f0i hann saman \u00f6llum J\u00fadam\u00f6nnum og Benjam\u00edns-\u00e6ttkv\u00edsl, hundra\u00f0 og \u00e1ttat\u00edu \u00fe\u00fasundum einvalali\u00f0s, til \u00feess a\u00f0 berjast vi\u00f0 \u00cdsraelsr\u00edki og n\u00e1 konungd\u00f3minum aftur undir Rehabeam, son Sal\u00f3mons.<a name=\"22\"><span class=\"versanumer\">22<\/span><\/a>En or\u00f0 Gu\u00f0s kom til Semaja gu\u00f0smanns, svol\u00e1tandi:<a name=\"23\"><span class=\"versanumer\">23<\/span><\/a>Tala \u00fe\u00fa svo til Rehabeams, sonar Sal\u00f3mons, konungs \u00ed J\u00fada, og til J\u00fadamanna og Benjam\u00edns-\u00e6ttkv\u00edslar og til alls hins l\u00fd\u00f0sins:<a name=\"24\"><span class=\"versanumer\">24<\/span><\/a>Svo segir Drottinn: Fari\u00f0 eigi og berjist eigi vi\u00f0 br\u00e6\u00f0ur y\u00f0ar \u00cdsraelsmenn. Fari hver heim til s\u00edn, \u00fev\u00ed a\u00f0 a\u00f0 minni tilhlutun er \u00feetta or\u00f0i\u00f0. Og er \u00feeir heyr\u00f0u or\u00f0 Drottins, hurfu \u00feeir aftur, eins og Drottinn bau\u00f0.<a name=\"25\"><span class=\"versanumer\">25<\/span><\/a>Jer\u00f3b\u00f3am v\u00edggirti S\u00edkem \u00e1 Efra\u00edmfj\u00f6llum og settist \u00fear a\u00f0. \u00dea\u00f0an f\u00f3r hann og v\u00edggirti Pen\u00fael.<a name=\"26\"><span class=\"versanumer\">26<\/span><\/a>Og Jer\u00f3b\u00f3am hugsa\u00f0i me\u00f0 s\u00e9r: N\u00fa mun konungd\u00f3murinn aftur hverfa undir Dav\u00ed\u00f0s\u00e6tt.<a name=\"27\"><span class=\"versanumer\">27<\/span><\/a>Ef l\u00fd\u00f0ur \u00feessi fer upp til Jer\u00fasalem til \u00feess a\u00f0 f\u00e6ra sl\u00e1turf\u00f3rnir \u00ed musteri Drottins, \u00fe\u00e1 mun hjarta l\u00fd\u00f0s \u00feessa aftur hverfa til Rehabeams J\u00fadakonungs, herra hans, en mig munu \u00feeir myr\u00f0a og ganga svo aftur \u00e1 h\u00f6nd Rehabeam J\u00fadakonungi.<a name=\"28\"><span class=\"versanumer\">28<\/span><\/a>\u00de\u00e1 hugsa\u00f0i konungur r\u00e1\u00f0 sitt, l\u00e9t gj\u00f6ra tvo gullk\u00e1lfa og m\u00e6lti til l\u00fd\u00f0sins: N\u00f3gu lengi hafi\u00f0 \u00fe\u00e9r fari\u00f0 upp til Jer\u00fasalem. Sj\u00e1, h\u00e9r er gu\u00f0 \u00feinn, \u00cdsrael, s\u00e1 er leiddi \u00feig \u00fat af Egyptalandi.<a name=\"29\"><span class=\"versanumer\">29<\/span><\/a>Setti hann annan \u00ed Betel, en hinn setti hann \u00ed Dan.<a name=\"30\"><span class=\"versanumer\">30<\/span><\/a>En \u00feetta var\u00f0 til syndar, og l\u00fd\u00f0urinn gekk fram fyrir annan \u00feeirra alla lei\u00f0 til Dan.<a name=\"31\"><span class=\"versanumer\">31<\/span><\/a>Hann gj\u00f6r\u00f0i og hof \u00e1 h\u00e6\u00f0unum og gj\u00f6r\u00f0i a\u00f0 prestum \u00f3valda menn, er ekki voru ni\u00f0jar Lev\u00ed.<a name=\"32\"><span class=\"versanumer\">32<\/span><\/a>Og Jer\u00f3b\u00f3am setti h\u00e1t\u00ed\u00f0 fimmt\u00e1nda dag hins \u00e1ttunda m\u00e1na\u00f0ar, eins og h\u00e1t\u00ed\u00f0ina, sem haldin var \u00ed J\u00fada, og hann gekk upp a\u00f0 altarinu. \u00deannig gj\u00f6r\u00f0i hann \u00ed Betel til \u00feess a\u00f0 f\u00e6ra f\u00f3rnir k\u00e1lfunum, er hann haf\u00f0i gj\u00f6ra l\u00e1ti\u00f0, og hann setti h\u00e6\u00f0aprestana, er hann haf\u00f0i skipa\u00f0, til \u00fej\u00f3nustu \u00ed Betel.<a name=\"33\"><span class=\"versanumer\">33<\/span><\/a>Jer\u00f3b\u00f3am gekk upp a\u00f0 altarinu, er hann haf\u00f0i gj\u00f6ra l\u00e1ti\u00f0 \u00ed Betel \u00e1 fimmt\u00e1nda degi hins \u00e1ttunda m\u00e1na\u00f0ar, \u00ed \u00feeim m\u00e1nu\u00f0i er hann haf\u00f0i \u00e1kve\u00f0i\u00f0 a\u00f0 eigin ge\u00f0\u00fe\u00f3tta til h\u00e1t\u00ed\u00f0ahalds fyrir \u00cdsraelsmenn. Hann gekk upp a\u00f0 altarinu til \u00feess a\u00f0 f\u00e6ra reykelsisf\u00f3rn.<\/p>\n<div class=\"footnote1981\"><b>12.2<\/b> \u00deungt ok sbr 1Kon 5.27-32+<br \/>\n<b>12.16<\/b> Far\u00f0u til tjalda \u00feinna 2Sam 20.1<br \/>\n<b>12.19<\/b> Gegn \u00e6tt Dav\u00ed\u00f0s S\u00edr 47.21<br \/>\n<b>12.24<\/b> Berjist eigi sbr 1Kon 14.30; 15.6<br \/>\n<b>12.29<\/b> Betel 1M\u00f3s 12.8; 28.10-22; Am 3.14; 5.5-6; 7.13 \u2013 Dan D\u00f3m 17-18; Am 8.14<br \/>\n<b>12.33<\/b> A\u00f0 eigin ge\u00f0\u00fe\u00f3tta 1Kon 12.28; sbr 5M\u00f3s 12.2; 16.2,5-6,11,15-16; 18.1-5<\/div>\n","protected":false},"excerpt":{"rendered":"<p>1Rehabeam f\u00f3r til S\u00edkem, \u00fev\u00ed a\u00f0 allur \u00cdsrael var kominn \u00feanga\u00f0 til \u00feess a\u00f0 taka hann til konungs.2En er Jer\u00f3b\u00f3am Nebatsson fr\u00e9tti hann var enn \u00ed Egyptalandi, \u00feanga\u00f0 sem hann haf\u00f0i fl\u00fai\u00f0 undan Sal\u00f3mon konungi , a\u00f0 Sal\u00f3mon v\u00e6ri d\u00e1inn, sneri hann heim fr\u00e1 Egyptalandi.3\u00deeir sendu bo\u00f0 og l\u00e9tu kalla hann. \u00de\u00e1 kom Jer\u00f3b\u00f3am og allur s\u00f6fnu\u00f0ur \u00cdsraels og m\u00e6ltu til Rehabeams \u00e1 \u00feessa lei\u00f0:4Fa\u00f0ir \u00feinn lag\u00f0i \u00e1 oss hart ok, en gj\u00f6r \u00fe\u00fa n\u00fa l\u00e9ttari hina h\u00f6r\u00f0u \u00e1nau\u00f0 f\u00f6\u00f0ur \u00fe\u00edns og hi\u00f0 \u00feunga ok, er hann \u00e1 oss lag\u00f0i, og munum v\u00e9r \u00fej\u00f3na \u00fe\u00e9r.5Hann svara\u00f0i \u00feeim: Fari\u00f0 n\u00fa burt <a href=\"https:\/\/biblian.is\/1981\/fyrri-konungabok-12-kafli\/\"> [&#8230;]<\/a><\/p>\n","protected":false},"author":1,"featured_media":0,"parent":0,"menu_order":0,"comment_status":"open","ping_status":"open","template":"bibliukaflar.php","meta":{"footnotes":""},"class_list":["post-1649","page","type-page","status-publish","hentry"],"_links":{"self":[{"href":"https:\/\/biblian.is\/1981\/wp-json\/wp\/v2\/pages\/1649","targetHints":{"allow":["GET"]}}],"collection":[{"href":"https:\/\/biblian.is\/1981\/wp-json\/wp\/v2\/pages"}],"about":[{"href":"https:\/\/biblian.is\/1981\/wp-json\/wp\/v2\/types\/page"}],"author":[{"embeddable":true,"href":"https:\/\/biblian.is\/1981\/wp-json\/wp\/v2\/users\/1"}],"replies":[{"embeddable":true,"href":"https:\/\/biblian.is\/1981\/wp-json\/wp\/v2\/comments?post=1649"}],"version-history":[{"count":0,"href":"https:\/\/biblian.is\/1981\/wp-json\/wp\/v2\/pages\/1649\/revisions"}],"wp:attachment":[{"href":"https:\/\/biblian.is\/1981\/wp-json\/wp\/v2\/media?parent=1649"}],"curies":[{"name":"wp","href":"https:\/\/api.w.org\/{rel}","templated":true}]}}