{"id":1647,"date":"2017-11-18T20:18:09","date_gmt":"2017-11-18T20:18:09","guid":{"rendered":"http:\/\/biblian.is\/1981\/fyrri-konungabok-10-kafli\/"},"modified":"2021-06-06T10:56:55","modified_gmt":"2021-06-06T10:56:55","slug":"fyrri-konungabok-10-kafli","status":"publish","type":"page","link":"https:\/\/biblian.is\/1981\/fyrri-konungabok-10-kafli\/","title":{"rendered":"Fyrri konungab\u00f3k 10. kafli"},"content":{"rendered":"<p><a name=\"1\"><span class=\"versanumer\">1<\/span><\/a>\u00deegar drottningin \u00ed Saba spur\u00f0i or\u00f0st\u00edr Sal\u00f3mons og or\u00f0r\u00f3minn af h\u00fasinu, sem Sal\u00f3mon haf\u00f0i reisa l\u00e1ti\u00f0 nafni Drottins, kom h\u00fan til \u00feess a\u00f0 reyna hann me\u00f0 g\u00e1tum.<a name=\"2\"><span class=\"versanumer\">2<\/span><\/a>H\u00fan kom til Jer\u00fasalem me\u00f0 mj\u00f6g miklu f\u00f6runeyti, me\u00f0 \u00falfalda, klyfja\u00f0a kryddjurtum og afar miklu gulli og gimsteinum. Og er h\u00fan kom til Sal\u00f3mons, bar h\u00fan upp fyrir honum allt, sem henni bj\u00f3 \u00ed brj\u00f3sti.<a name=\"3\"><span class=\"versanumer\">3<\/span><\/a>En Sal\u00f3mon svara\u00f0i \u00f6llum spurningum hennar. Var enginn hlutur hulinn konungi, er hann eigi g\u00e6ti \u00far leyst fyrir hana.<a name=\"4\"><span class=\"versanumer\">4<\/span><\/a>Og er drottningin fr\u00e1 Saba s\u00e1 alla speki Sal\u00f3mons og h\u00fasi\u00f0, sem hann haf\u00f0i reisa l\u00e1ti\u00f0,<a name=\"5\"><span class=\"versanumer\">5<\/span><\/a>matinn \u00e1 bor\u00f0i hans, b\u00fasta\u00f0i \u00fej\u00f3na hans og frammist\u00f6\u00f0u skutilsveina hans og kl\u00e6\u00f0i \u00feeirra, byrlara hans og brennif\u00f3rn hans, \u00fe\u00e1 er hann fram bar \u00ed h\u00fasi Drottins, \u00fe\u00e1 var\u00f0 h\u00fan fr\u00e1 s\u00e9r numin<a name=\"6\"><span class=\"versanumer\">6<\/span><\/a>og sag\u00f0i vi\u00f0 konung: Satt var \u00fea\u00f0, er \u00e9g heyr\u00f0i \u00ed landi m\u00ednu um \u00feig og speki \u00fe\u00edna.<a name=\"7\"><span class=\"versanumer\">7<\/span><\/a>En \u00e9g tr\u00fa\u00f0i ekki or\u00f0r\u00f3mnum, fyrr en \u00e9g kom og s\u00e1 \u00fea\u00f0 me\u00f0 eigin augum. Og \u00fe\u00f3 haf\u00f0i \u00e9g ekki fr\u00e9tt helminginn. \u00de\u00fa ert miklu vitrari og au\u00f0ugri en \u00e9g haf\u00f0i fr\u00e9tt.<a name=\"8\"><span class=\"versanumer\">8<\/span><\/a>S\u00e6lir eru menn \u00fe\u00ednir, s\u00e6lir \u00feessir \u00fej\u00f3nar \u00fe\u00ednir, sem st\u00f6\u00f0ugt standa frammi fyrir \u00fe\u00e9r og heyra speki \u00fe\u00edna.<a name=\"9\"><span class=\"versanumer\">9<\/span><\/a>Lofa\u00f0ur s\u00e9 Drottinn, Gu\u00f0 \u00feinn, sem haf\u00f0i \u00fe\u00f3knun \u00e1 \u00fe\u00e9r, svo a\u00f0 hann setti \u00feig \u00ed h\u00e1s\u00e6ti \u00cdsraels. Af \u00fev\u00ed a\u00f0 Drottinn elskar \u00cdsrael eil\u00edflega, gj\u00f6r\u00f0i hann \u00feig a\u00f0 konungi til a\u00f0 i\u00f0ka r\u00e9tt og r\u00e9ttl\u00e6ti.<a name=\"10\"><span class=\"versanumer\">10<\/span><\/a>S\u00ed\u00f0an gaf h\u00fan konungi hundra\u00f0 og tuttugu talentur gulls og afar miki\u00f0 af kryddjurtum og gimsteina. Hefir aldrei s\u00ed\u00f0an hinga\u00f0 komi\u00f0 eins miki\u00f0 af kryddjurtum eins og \u00fea\u00f0, er drottningin fr\u00e1 Saba gaf Sal\u00f3mon konungi.<a name=\"11\"><span class=\"versanumer\">11<\/span><\/a>S\u00f6mulei\u00f0is komu skip H\u00edrams, er s\u00f3ttu gull til \u00d3f\u00edr, me\u00f0 afar miki\u00f0 af rau\u00f0um sandelvi\u00f0i og gimsteinum fr\u00e1 \u00d3f\u00edr.<a name=\"12\"><span class=\"versanumer\">12<\/span><\/a>Konungur l\u00e9t gj\u00f6ra handri\u00f0 \u00ed h\u00fas Drottins og konungsh\u00f6llina af sandelvi\u00f0num, svo og g\u00edgjur og h\u00f6rpur handa s\u00f6ngm\u00f6nnunum. Hefir aldrei sl\u00edkur sandelvi\u00f0ur hinga\u00f0 komi\u00f0 e\u00f0a s\u00e9st h\u00e9r fram \u00e1 \u00feennan dag.<a name=\"13\"><span class=\"versanumer\">13<\/span><\/a>Sal\u00f3mon konungur gaf drottningunni fr\u00e1 Saba allt, er h\u00fan girntist og kaus s\u00e9r, auk \u00feess er hann gaf henni af sinni konunglegu rausn. H\u00e9lt h\u00fan s\u00ed\u00f0an heimlei\u00f0is og f\u00f3r \u00ed land sitt me\u00f0 f\u00f6runeyti s\u00ednu.<a name=\"14\"><span class=\"versanumer\">14<\/span><\/a>Gulli\u00f0, sem Sal\u00f3mon f\u00e9kk \u00e1 einu \u00e1ri, var sex hundru\u00f0 sext\u00edu og sex talentur gulls a\u00f0 \u00feyngd<a name=\"15\"><span class=\"versanumer\">15<\/span><\/a>auk \u00feess, sem kom inn \u00ed tollum fr\u00e1 varningsm\u00f6nnum og vi\u00f0 verslun kaupmanna og fr\u00e1 \u00f6llum konungum Araba og j\u00f6rlum landsins.<a name=\"16\"><span class=\"versanumer\">16<\/span><\/a>Og Sal\u00f3mon konungur l\u00e9t gj\u00f6ra tv\u00f6 hundru\u00f0 skildi af slegnu gulli f\u00f3ru sex hundru\u00f0 siklar gulls \u00ed hvern skj\u00f6ld,<a name=\"17\"><span class=\"versanumer\">17<\/span><\/a>og \u00ferj\u00fa hundru\u00f0 buklara af slegnu gulli, f\u00f3ru \u00ferj\u00e1r m\u00ednur gulls \u00ed hvern buklara. L\u00e9t konungur leggja \u00fe\u00e1 \u00ed L\u00edbanonssk\u00f3garh\u00fasi\u00f0.<a name=\"18\"><span class=\"versanumer\">18<\/span><\/a>Konungur l\u00e9t og gj\u00f6ra h\u00e1s\u00e6ti miki\u00f0 af f\u00edlabeini og lag\u00f0i \u00fea\u00f0 sk\u00edru gulli.<a name=\"19\"><span class=\"versanumer\">19<\/span><\/a>Gengu sex \u00ferep upp a\u00f0 h\u00e1s\u00e6tinu, og efst var h\u00e1s\u00e6ti\u00f0 kringl\u00f3tt a\u00f0 aftan. Br\u00edkur voru b\u00e1\u00f0umegin s\u00e6tisins, og st\u00f3\u00f0u tv\u00f6 lj\u00f3n vi\u00f0 br\u00edkurnar.<a name=\"20\"><span class=\"versanumer\">20<\/span><\/a>Og t\u00f3lf lj\u00f3n st\u00f3\u00f0u \u00e1 \u00ferepunum, sex hvorumegin. Sl\u00edk sm\u00ed\u00f0 hefir aldrei veri\u00f0 gj\u00f6r\u00f0 \u00ed nokkru konungsr\u00edki.<a name=\"21\"><span class=\"versanumer\">21<\/span><\/a>\u00d6ll voru drykkjarker Sal\u00f3mons konungs af gulli, og \u00f6ll \u00e1h\u00f6ld \u00ed L\u00edbanonssk\u00f3garh\u00fasinu voru af sk\u00edru gulli, ekkert af silfri, \u00fev\u00ed a\u00f0 silfur var einskis meti\u00f0 \u00e1 d\u00f6gum Sal\u00f3mons.<a name=\"22\"><span class=\"versanumer\">22<\/span><\/a>Konungur haf\u00f0i Tarsis-skip \u00ed f\u00f6rum me\u00f0 skipum H\u00edrams. \u00deri\u00f0ja hvert \u00e1r komu Tarsis-skipin heim hla\u00f0in gulli og silfri, f\u00edlabeini, \u00f6pum og p\u00e1fuglum.<a name=\"23\"><span class=\"versanumer\">23<\/span><\/a>Sal\u00f3mon konungur bar af \u00f6llum konungum jar\u00f0arinnar a\u00f0 au\u00f0leg\u00f0 og visku.<a name=\"24\"><span class=\"versanumer\">24<\/span><\/a>Og allan heiminn f\u00fdsti a\u00f0 sj\u00e1 Sal\u00f3mon til \u00feess a\u00f0 heyra visku hans, sem Gu\u00f0 haf\u00f0i lagt honum \u00ed brj\u00f3st.<a name=\"25\"><span class=\"versanumer\">25<\/span><\/a>Komu \u00feeir \u00fe\u00e1 hver me\u00f0 s\u00edna gj\u00f6f, silfurgripi og gullgripi, kl\u00e6\u00f0i og vopn, kryddjurtir, hesta og m\u00fala, \u00e1r eftir \u00e1r.<a name=\"26\"><span class=\"versanumer\">26<\/span><\/a>Og Sal\u00f3mon safna\u00f0i v\u00f6gnum og riddurum, og haf\u00f0i hann fj\u00f3rt\u00e1n hundru\u00f0 vagna og t\u00f3lf \u00fe\u00fasund riddara. L\u00e9t hann \u00fe\u00e1 vera \u00ed vagnli\u00f0sborgunum og me\u00f0 konungi \u00ed Jer\u00fasalem.<a name=\"27\"><span class=\"versanumer\">27<\/span><\/a>Og konungur gj\u00f6r\u00f0i silfur eins algengt \u00ed Jer\u00fasalem og grj\u00f3t og sedrusvi\u00f0 eins og m\u00f3rberjatr\u00e9n, sem vaxa \u00e1 l\u00e1glendinu.<a name=\"28\"><span class=\"versanumer\">28<\/span><\/a>Hesta s\u00edna f\u00e9kk Sal\u00f3mon fr\u00e1 Egyptalandi, og s\u00f3ttu kaupmenn konungs \u00fe\u00e1 \u00ed h\u00f3pum og guldu f\u00e9 fyrir,<a name=\"29\"><span class=\"versanumer\">29<\/span><\/a>svo a\u00f0 hver vagn, sem fenginn var sunnan af Egyptalandi, kosta\u00f0i sex hundru\u00f0 sikla silfurs, en hver hestur hundra\u00f0 og fimmt\u00edu. Og \u00e1 \u00feennan h\u00e1tt voru og hestar fluttir \u00fat fyrir millig\u00f6ngu \u00feeirra til allra konunga Het\u00edta og konunga S\u00fdrlendinga.<\/p>\n<div class=\"footnote1981\"><b>10.1<\/b> Drottningin \u00ed Saba Matt 12.42 og hlst. \u2013 g\u00e1tur D\u00f3m 14.12-18<br \/>\n<b>10.11<\/b> \u00d3f\u00edr 1Kon 9.28+<br \/>\n<b>10.22<\/b> Tarsisskip 1Kon 22.49, Jes 2.16; 23.1,14; 60.9; Esk 27.25; Slm 48.8; 2Kro 9.21; 20.36-37<br \/>\n<b>10.24<\/b> Allur heimurinn S\u00edr 47.16<br \/>\n<b>10.26<\/b> Vagnar og riddarar 1Kon 5.6+<br \/>\n<b>10.27<\/b> N\u00e6gtir silfurs 1Kon 10.21; S\u00edr 47.18; sbr 5M\u00f3s 17.17; Pr\u00e9d 2.8<\/div>\n","protected":false},"excerpt":{"rendered":"<p>1\u00deegar drottningin \u00ed Saba spur\u00f0i or\u00f0st\u00edr Sal\u00f3mons og or\u00f0r\u00f3minn af h\u00fasinu, sem Sal\u00f3mon haf\u00f0i reisa l\u00e1ti\u00f0 nafni Drottins, kom h\u00fan til \u00feess a\u00f0 reyna hann me\u00f0 g\u00e1tum.2H\u00fan kom til Jer\u00fasalem me\u00f0 mj\u00f6g miklu f\u00f6runeyti, me\u00f0 \u00falfalda, klyfja\u00f0a kryddjurtum og afar miklu gulli og gimsteinum. Og er h\u00fan kom til Sal\u00f3mons, bar h\u00fan upp fyrir honum allt, sem henni bj\u00f3 \u00ed brj\u00f3sti.3En Sal\u00f3mon svara\u00f0i \u00f6llum spurningum hennar. Var enginn hlutur hulinn konungi, er hann eigi g\u00e6ti \u00far leyst fyrir hana.4Og er drottningin fr\u00e1 Saba s\u00e1 alla speki Sal\u00f3mons og h\u00fasi\u00f0, sem hann haf\u00f0i reisa l\u00e1ti\u00f0,5matinn \u00e1 bor\u00f0i hans, b\u00fasta\u00f0i \u00fej\u00f3na hans <a href=\"https:\/\/biblian.is\/1981\/fyrri-konungabok-10-kafli\/\"> [&#8230;]<\/a><\/p>\n","protected":false},"author":1,"featured_media":0,"parent":0,"menu_order":0,"comment_status":"open","ping_status":"open","template":"bibliukaflar.php","meta":{"footnotes":""},"class_list":["post-1647","page","type-page","status-publish","hentry"],"_links":{"self":[{"href":"https:\/\/biblian.is\/1981\/wp-json\/wp\/v2\/pages\/1647","targetHints":{"allow":["GET"]}}],"collection":[{"href":"https:\/\/biblian.is\/1981\/wp-json\/wp\/v2\/pages"}],"about":[{"href":"https:\/\/biblian.is\/1981\/wp-json\/wp\/v2\/types\/page"}],"author":[{"embeddable":true,"href":"https:\/\/biblian.is\/1981\/wp-json\/wp\/v2\/users\/1"}],"replies":[{"embeddable":true,"href":"https:\/\/biblian.is\/1981\/wp-json\/wp\/v2\/comments?post=1647"}],"version-history":[{"count":0,"href":"https:\/\/biblian.is\/1981\/wp-json\/wp\/v2\/pages\/1647\/revisions"}],"wp:attachment":[{"href":"https:\/\/biblian.is\/1981\/wp-json\/wp\/v2\/media?parent=1647"}],"curies":[{"name":"wp","href":"https:\/\/api.w.org\/{rel}","templated":true}]}}