{"id":1646,"date":"2017-11-18T20:18:04","date_gmt":"2017-11-18T20:18:04","guid":{"rendered":"http:\/\/biblian.is\/1981\/fyrri-konungabok-9-kafli\/"},"modified":"2021-06-06T10:57:03","modified_gmt":"2021-06-06T10:57:03","slug":"fyrri-konungabok-9-kafli","status":"publish","type":"page","link":"https:\/\/biblian.is\/1981\/fyrri-konungabok-9-kafli\/","title":{"rendered":"Fyrri konungab\u00f3k 9. kafli"},"content":{"rendered":"<p><a name=\"1\"><span class=\"versanumer\">1<\/span><\/a>\u00de\u00e1 er Sal\u00f3mon haf\u00f0i loki\u00f0 a\u00f0 byggja musteri Drottins og konungsh\u00f6llina og allt anna\u00f0, er hann f\u00fdsti a\u00f0 gj\u00f6ra,<a name=\"2\"><span class=\"versanumer\">2<\/span><\/a>\u00fe\u00e1 vitra\u00f0ist Drottinn honum \u00ed anna\u00f0 sinn, eins og hann haf\u00f0i vitrast honum \u00ed G\u00edbeon.<a name=\"3\"><span class=\"versanumer\">3<\/span><\/a>Og Drottinn sag\u00f0i vi\u00f0 hann: \u00c9g hefi heyrt b\u00e6n \u00fe\u00edna og gr\u00e1tbei\u00f0ni, sem \u00fe\u00fa barst fram fyrir mig. \u00c9g hefi helga\u00f0 \u00feetta h\u00fas, sem \u00fe\u00fa hefir reist, me\u00f0 \u00fev\u00ed a\u00f0 \u00e9g l\u00e6t nafn mitt b\u00faa \u00fear a\u00f0 eil\u00edfu, og augu m\u00edn og hjarta skulu dvelja \u00fear alla daga.<a name=\"4\"><span class=\"versanumer\">4<\/span><\/a>Ef \u00fe\u00fa n\u00fa gengur fyrir augliti m\u00ednu, eins og Dav\u00ed\u00f0 fa\u00f0ir \u00feinn gj\u00f6r\u00f0i, \u00ed hreinskilni hjartans og einl\u00e6gni, svo a\u00f0 \u00fe\u00fa gj\u00f6rir allt, sem \u00e9g hefi fyrir \u00feig lagt, og heldur l\u00f6g m\u00edn og \u00e1kv\u00e6\u00f0i,<a name=\"5\"><span class=\"versanumer\">5<\/span><\/a>\u00fe\u00e1 vil \u00e9g sta\u00f0festa h\u00e1s\u00e6ti konungd\u00f3ms \u00fe\u00edns yfir \u00cdsrael a\u00f0 eil\u00edfu, eins og \u00e9g h\u00e9t Dav\u00ed\u00f0 f\u00f6\u00f0ur \u00fe\u00ednum, er \u00e9g sag\u00f0i: Eigi skal \u00feig vanta eftirmann \u00ed h\u00e1s\u00e6ti \u00cdsraels.<a name=\"6\"><span class=\"versanumer\">6<\/span><\/a>En ef \u00fe\u00e9r sn\u00fai\u00f0 baki vi\u00f0 m\u00e9r, \u00fe\u00e9r og synir y\u00f0ar, og var\u00f0veiti\u00f0 eigi bo\u00f0or\u00f0 m\u00edn og l\u00f6g, \u00feau er \u00e9g hefi lagt fyrir y\u00f0ur, en fari\u00f0 og \u00fej\u00f3ni\u00f0 \u00f6\u00f0rum gu\u00f0um og falli\u00f0 fram fyrir \u00feeim,<a name=\"7\"><span class=\"versanumer\">7<\/span><\/a>\u00fe\u00e1 mun \u00e9g uppr\u00e6ta \u00cdsrael \u00far \u00fev\u00ed landi, sem \u00e9g gaf \u00feeim, og h\u00fasinu, sem \u00e9g hefi helga\u00f0 nafni m\u00ednu, mun \u00e9g burt snara fr\u00e1 augliti m\u00ednu, og \u00cdsrael skal ver\u00f0a a\u00f0 or\u00f0skvi\u00f0 og spotti me\u00f0al allra \u00fej\u00f3\u00f0a.<a name=\"8\"><span class=\"versanumer\">8<\/span><\/a>Og \u00feetta h\u00fas, svo h\u00e1reist sem \u00fea\u00f0 er hver sem gengur fram hj\u00e1 \u00fev\u00ed, honum mun bl\u00f6skra og hann mun bl\u00edstra. Og er menn spyrja: Hvers vegna hefir Drottinn leiki\u00f0 svo hart \u00feetta land og \u00feetta h\u00fas?<a name=\"9\"><span class=\"versanumer\">9<\/span><\/a>munu menn svara: Af \u00fev\u00ed a\u00f0 \u00feeir yfirg\u00e1fu Drottin, Gu\u00f0 sinn, er leiddi fe\u00f0ur \u00feeirra af Egyptalandi, og h\u00e9ldu s\u00e9r a\u00f0 \u00f6\u00f0rum gu\u00f0um, f\u00e9llu fram fyrir \u00feeim og \u00fej\u00f3nu\u00f0u \u00feeim. Fyrir \u00fev\u00ed hefir Drottinn leitt yfir \u00fe\u00e1 alla \u00feessa \u00f3g\u00e6fu.<a name=\"10\"><span class=\"versanumer\">10<\/span><\/a>A\u00f0 tuttugu \u00e1rum li\u00f0num, \u00fe\u00e1 er Sal\u00f3mon haf\u00f0i reist b\u00e6\u00f0i h\u00fasin, musteri Drottins og konungsh\u00f6llina<a name=\"11\"><span class=\"versanumer\">11<\/span><\/a>en H\u00edram konungur \u00ed T\u00fdrus haf\u00f0i hj\u00e1lpa\u00f0 Sal\u00f3mon um sedrusvi\u00f0, k\u00fdpresvi\u00f0 og gull, eins og hann vildi, \u00fe\u00e1 gaf Sal\u00f3mon konungur H\u00edram tuttugu borgir \u00ed Gal\u00edleuh\u00e9ra\u00f0i.<a name=\"12\"><span class=\"versanumer\">12<\/span><\/a>Og H\u00edram f\u00f3r fr\u00e1 T\u00fdrus til \u00feess a\u00f0 sko\u00f0a borgirnar, er Sal\u00f3mon haf\u00f0i gefi\u00f0 honum, en honum l\u00edku\u00f0u \u00fe\u00e6r ekki.<a name=\"13\"><span class=\"versanumer\">13<\/span><\/a>\u00de\u00e1 sag\u00f0i hann: Hva\u00f0a borgir eru \u00feetta, sem \u00fe\u00fa hefir gefi\u00f0 m\u00e9r, br\u00f3\u00f0ir? Fyrir \u00fev\u00ed hafa \u00fe\u00e6r veri\u00f0 kalla\u00f0ar Kab\u00falh\u00e9ra\u00f0 fram \u00e1 \u00feennan dag.<a name=\"14\"><span class=\"versanumer\">14<\/span><\/a>En H\u00edram sendi konungi hundra\u00f0 og tuttugu talentur gulls.<a name=\"15\"><span class=\"versanumer\">15<\/span><\/a>Svo st\u00f3\u00f0 \u00e1 vinnuskyldu \u00feeirri, er Sal\u00f3mon konungur lag\u00f0i \u00e1 til \u00feess a\u00f0 byggja musteri Drottins og h\u00f6ll s\u00edna, Mill\u00f3 og m\u00fara Jer\u00fasalem, Has\u00f3r, Megidd\u00f3 og Geser:<a name=\"16\"><span class=\"versanumer\">16<\/span><\/a>Fara\u00f3 Egyptalandskonungur haf\u00f0i fari\u00f0 herfer\u00f0 og unni\u00f0 Geser og lagt eld \u00ed hana, en drepi\u00f0 Kanaan\u00edtana, sem bjuggu \u00ed borginni, og s\u00ed\u00f0an gefi\u00f0 hana d\u00f3ttur sinni, konu Sal\u00f3mons, \u00ed heimanmund.<a name=\"17\"><span class=\"versanumer\">17<\/span><\/a>En Sal\u00f3mon reisti Geser a\u00f0 n\u00fdju og Ne\u00f0ri Beth\u00f3ron,<a name=\"18\"><span class=\"versanumer\">18<\/span><\/a>og Baalat og Tamar \u00ed \u00f3bygg\u00f0inni \u00ed landinu,<a name=\"19\"><span class=\"versanumer\">19<\/span><\/a>og allar vistaborgirnar, sem Sal\u00f3mon \u00e1tti, og vagnli\u00f0sborgirnar og riddaraborgirnar, og allt sem Sal\u00f3mon f\u00fdsti a\u00f0 byggja \u00ed Jer\u00fasalem, \u00e1 L\u00edbanon og \u00ed \u00f6llu r\u00edki s\u00ednu:<a name=\"20\"><span class=\"versanumer\">20<\/span><\/a>Allt \u00fea\u00f0 f\u00f3lk, sem eftir var af Amor\u00edtum, Het\u00edtum, Peres\u00edtum, Hev\u00edtum og Jeb\u00fas\u00edtum, sem eigi heyr\u00f0u til \u00cdsraelsm\u00f6nnum,<a name=\"21\"><span class=\"versanumer\">21<\/span><\/a>ni\u00f0jar \u00feeirra, sem enn voru eftir \u00ed landinu og \u00cdsraelsmenn eigi h\u00f6f\u00f0u geta\u00f0 helga\u00f0 banni \u00e1 \u00fe\u00e1 lag\u00f0i Sal\u00f3mon skylduvinnu, og er svo enn \u00ed dag.<a name=\"22\"><span class=\"versanumer\">22<\/span><\/a>En af \u00cdsraelsm\u00f6nnum gj\u00f6r\u00f0i Sal\u00f3mon enga a\u00f0 \u00fer\u00e6lum, en \u00feeir voru hermenn, emb\u00e6ttismenn hans, hersh\u00f6f\u00f0ingjar hans, vagnkappar hans og foringjar fyrir vagnli\u00f0i hans og riddarali\u00f0i.<a name=\"23\"><span class=\"versanumer\">23<\/span><\/a>\u00c6\u00f0stu f\u00f3getarnir, er settir voru yfir verk Sal\u00f3mons, voru fimm hundru\u00f0 og fimmt\u00edu a\u00f0 t\u00f6lu. H\u00f6f\u00f0u \u00feeir eftirlit me\u00f0 m\u00f6nnum \u00feeim, er a\u00f0 verkinu unnu.<a name=\"24\"><span class=\"versanumer\">24<\/span><\/a>\u00d3\u00f0ara en d\u00f3ttir Fara\u00f3s var farin \u00far Dav\u00ed\u00f0sborg \u00ed h\u00fas sitt, \u00fea\u00f0 er hann haf\u00f0i reist handa henni, bygg\u00f0i hann Mill\u00f3.<a name=\"25\"><span class=\"versanumer\">25<\/span><\/a>\u00derisvar sinnum \u00e1 \u00e1ri f\u00f3rna\u00f0i Sal\u00f3mon brennif\u00f3rnum og heillaf\u00f3rnum \u00e1 altarinu, er hann haf\u00f0i reist Drottni, og f\u00e6r\u00f0i auk \u00feess reykelsisf\u00f3rnir \u00e1 \u00fev\u00ed altari, sem st\u00f3\u00f0 frammi fyrir Drottni. \u00deannig fullgj\u00f6r\u00f0i hann musteri\u00f0.<a name=\"26\"><span class=\"versanumer\">26<\/span><\/a>Sal\u00f3mon konungur l\u00e9t og sm\u00ed\u00f0a skip \u00ed Esj\u00f3n Geber, sem liggur hj\u00e1 Elat \u00e1 str\u00f6nd Rau\u00f0ahafs, \u00ed Ed\u00f3mlandi.<a name=\"27\"><span class=\"versanumer\">27<\/span><\/a>Og H\u00edram sendi \u00e1 skipin menn s\u00edna, farmenn vana sj\u00f3mennsku, \u00e1samt m\u00f6nnum Sal\u00f3mons.<a name=\"28\"><span class=\"versanumer\">28<\/span><\/a>Og \u00feeir f\u00f3ru til \u00d3f\u00edr og s\u00f3ttu \u00feanga\u00f0 gull fj\u00f6gur hundru\u00f0 og tuttugu talentur og f\u00e6r\u00f0u \u00fea\u00f0 Sal\u00f3mon konungi.<\/p>\n<div class=\"footnote1981\"><b>9.3<\/b> Nafn mitt 1Kon 8.29+<br \/>\n<b>9.5<\/b> Ni\u00f0jar \u00fe\u00ednir 1Kon 2.4+<br \/>\n<b>9.7<\/b> A\u00f0 h\u00e1\u00f0i og spotti 5M\u00f3s 28.37; Jer 18.16; 19.8; 24.9; 29.18<br \/>\n<b>9.15<\/b> Kva\u00f0avinna 1Kon 5.27-32+ &#8211; Mill\u00f3 2Sam 5.9+<br \/>\n<b>9.16<\/b> Kona Sal\u00f3mons 1Kon 3.1<br \/>\n<b>9.20<\/b> Var eftir D\u00f3m 3.3-5<br \/>\n<b>9.21<\/b> Gj\u00f6rey\u00f0a 5M\u00f3s 2.34<br \/>\n<b>9.26<\/b> Skip 1Kon 22.49-50<br \/>\n<b>9.28<\/b> \u00d3f\u00edr 1Kon 10.11; 22.49; 1M\u00f3s 10.29; Jes 13.12; Slm 45.10; Job 22.24; 28.16; 1Kro 1.23; 29.4; 2Kro 8.18; 9.10; T\u00f3b 13.17; S\u00edr 7.18<\/div>\n","protected":false},"excerpt":{"rendered":"<p>1\u00de\u00e1 er Sal\u00f3mon haf\u00f0i loki\u00f0 a\u00f0 byggja musteri Drottins og konungsh\u00f6llina og allt anna\u00f0, er hann f\u00fdsti a\u00f0 gj\u00f6ra,2\u00fe\u00e1 vitra\u00f0ist Drottinn honum \u00ed anna\u00f0 sinn, eins og hann haf\u00f0i vitrast honum \u00ed G\u00edbeon.3Og Drottinn sag\u00f0i vi\u00f0 hann: \u00c9g hefi heyrt b\u00e6n \u00fe\u00edna og gr\u00e1tbei\u00f0ni, sem \u00fe\u00fa barst fram fyrir mig. \u00c9g hefi helga\u00f0 \u00feetta h\u00fas, sem \u00fe\u00fa hefir reist, me\u00f0 \u00fev\u00ed a\u00f0 \u00e9g l\u00e6t nafn mitt b\u00faa \u00fear a\u00f0 eil\u00edfu, og augu m\u00edn og hjarta skulu dvelja \u00fear alla daga.4Ef \u00fe\u00fa n\u00fa gengur fyrir augliti m\u00ednu, eins og Dav\u00ed\u00f0 fa\u00f0ir \u00feinn gj\u00f6r\u00f0i, \u00ed hreinskilni hjartans og einl\u00e6gni, svo a\u00f0 \u00fe\u00fa <a href=\"https:\/\/biblian.is\/1981\/fyrri-konungabok-9-kafli\/\"> [&#8230;]<\/a><\/p>\n","protected":false},"author":1,"featured_media":0,"parent":0,"menu_order":0,"comment_status":"open","ping_status":"open","template":"bibliukaflar.php","meta":{"footnotes":""},"class_list":["post-1646","page","type-page","status-publish","hentry"],"_links":{"self":[{"href":"https:\/\/biblian.is\/1981\/wp-json\/wp\/v2\/pages\/1646","targetHints":{"allow":["GET"]}}],"collection":[{"href":"https:\/\/biblian.is\/1981\/wp-json\/wp\/v2\/pages"}],"about":[{"href":"https:\/\/biblian.is\/1981\/wp-json\/wp\/v2\/types\/page"}],"author":[{"embeddable":true,"href":"https:\/\/biblian.is\/1981\/wp-json\/wp\/v2\/users\/1"}],"replies":[{"embeddable":true,"href":"https:\/\/biblian.is\/1981\/wp-json\/wp\/v2\/comments?post=1646"}],"version-history":[{"count":0,"href":"https:\/\/biblian.is\/1981\/wp-json\/wp\/v2\/pages\/1646\/revisions"}],"wp:attachment":[{"href":"https:\/\/biblian.is\/1981\/wp-json\/wp\/v2\/media?parent=1646"}],"curies":[{"name":"wp","href":"https:\/\/api.w.org\/{rel}","templated":true}]}}