{"id":1644,"date":"2017-11-18T20:18:04","date_gmt":"2017-11-18T20:18:04","guid":{"rendered":"http:\/\/biblian.is\/1981\/fyrri-konungabok-7-kafli\/"},"modified":"2021-06-06T10:57:02","modified_gmt":"2021-06-06T10:57:02","slug":"fyrri-konungabok-7-kafli","status":"publish","type":"page","link":"https:\/\/biblian.is\/1981\/fyrri-konungabok-7-kafli\/","title":{"rendered":"Fyrri konungab\u00f3k 7. kafli"},"content":{"rendered":"<p><a name=\"1\"><span class=\"versanumer\">1<\/span><\/a>H\u00f6ll s\u00edna var Sal\u00f3mon a\u00f0 byggja \u00ed \u00ferett\u00e1n \u00e1r og fullgj\u00f6r\u00f0i \u00feannig allt sitt h\u00fas.<a name=\"2\"><span class=\"versanumer\">2<\/span><\/a>Hann bygg\u00f0i L\u00edbanonssk\u00f3garh\u00fasi\u00f0, er var hundra\u00f0 \u00e1lnir \u00e1 lengd, fimmt\u00edu \u00e1lnir \u00e1 breidd og \u00ferj\u00e1t\u00edu \u00e1lnir \u00e1 h\u00e6\u00f0 \u00e1 \u00ferem sedruss\u00falnar\u00f6\u00f0um, og \u00e1 s\u00falunum hv\u00edldu bj\u00e1lkar af sedrusvi\u00f0i.<a name=\"3\"><span class=\"versanumer\">3<\/span><\/a>Og \u00fea\u00f0 var \u00feaki\u00f0 sedrusvi\u00f0i uppi yfir hli\u00f0arherbergjunum, er hv\u00edldu \u00e1 fj\u00f6rut\u00edu og fimm s\u00falum, fimmt\u00e1n \u00ed hverri r\u00f6\u00f0.<a name=\"4\"><span class=\"versanumer\">4<\/span><\/a>Gluggara\u00f0irnar voru \u00ferj\u00e1r, og lj\u00f3ri gegnt lj\u00f3ra \u00ferem sinnum.<a name=\"5\"><span class=\"versanumer\">5<\/span><\/a>Og allar dyr og allir lj\u00f3rar voru ferhyrndir, og lj\u00f3ri var gegnt lj\u00f3ra \u00ferem sinnum.<a name=\"6\"><span class=\"versanumer\">6<\/span><\/a>Hann gj\u00f6r\u00f0i s\u00falnasal, fimmt\u00edu \u00e1lnir \u00e1 lengd og \u00ferj\u00e1t\u00edu \u00e1lnir \u00e1 breidd, og forsal \u00fear fyrir framan og s\u00falur og pall \u00fear fyrir framan.<a name=\"7\"><span class=\"versanumer\">7<\/span><\/a>Hann bygg\u00f0i h\u00e1s\u00e6tissal, \u00fear sem hann kva\u00f0 upp d\u00f3ma d\u00f3mh\u00f6llina, og h\u00fan var \u00feilju\u00f0 sedrusvi\u00f0i fr\u00e1 g\u00f3lfi til lofts.<a name=\"8\"><span class=\"versanumer\">8<\/span><\/a>Og h\u00fas hans sj\u00e1lfs, \u00fear er hann bj\u00f3, \u00ed \u00f6\u00f0rum gar\u00f0inum, inn af forsalnum, var gj\u00f6rt \u00e1 sama h\u00e1tt. Sal\u00f3mon gj\u00f6r\u00f0i og h\u00fas, eins og forsalinn, handa d\u00f3ttur Fara\u00f3s, er hann haf\u00f0i gengi\u00f0 a\u00f0 eiga.<a name=\"9\"><span class=\"versanumer\">9<\/span><\/a>Allt \u00feetta var byggt af \u00fath\u00f6ggnum steinum, er voru h\u00f6ggnir til eftir m\u00e1li, saga\u00f0ir me\u00f0 s\u00f6g innan og utan, fr\u00e1 undirst\u00f6\u00f0um og upp \u00e1 veggbr\u00fanir, og a\u00f0 utan allt a\u00f0 forgar\u00f0inum mikla.<a name=\"10\"><span class=\"versanumer\">10<\/span><\/a>Og undirsta\u00f0an var \u00far \u00fath\u00f6ggnum steinum, st\u00f3rum steinum, t\u00edu \u00e1lna steinum og \u00e1tta \u00e1lna steinum.<a name=\"11\"><span class=\"versanumer\">11<\/span><\/a>Og \u00fear \u00e1 ofan voru \u00fath\u00f6ggnir steinar, h\u00f6ggnir eftir m\u00e1li, og sedrusvi\u00f0ur.<a name=\"12\"><span class=\"versanumer\">12<\/span><\/a>Og forgar\u00f0urinn mikli var gj\u00f6r\u00f0ur allt um kring af \u00ferem l\u00f6gum af h\u00f6ggnum steini og einu lagi af sedrusbj\u00e1lkum, svo og innri forgar\u00f0ur musteris Drottins og forgar\u00f0urinn a\u00f0 s\u00falnasal hallarinnar.<a name=\"13\"><span class=\"versanumer\">13<\/span><\/a>Sal\u00f3mon konungur sendi menn og l\u00e9t s\u00e6kja H\u00edram fr\u00e1 T\u00fdrus.<a name=\"14\"><span class=\"versanumer\">14<\/span><\/a>Hann var sonur ekkju nokkurrar af \u00e6ttkv\u00edsl Naftal\u00ed, en fa\u00f0ir hans var \u00e6tta\u00f0ur fr\u00e1 T\u00fdrus og var koparsmi\u00f0ur. Var hann fullur hagleiks, skilnings og kunn\u00e1ttu til a\u00f0 gj\u00f6ra alls konar sm\u00ed\u00f0ar af eiri. Hann kom til Sal\u00f3mons konungs og sm\u00ed\u00f0a\u00f0i allar sm\u00ed\u00f0ar fyrir hann.<a name=\"15\"><span class=\"versanumer\">15<\/span><\/a>H\u00edram steypti b\u00e1\u00f0ar s\u00falurnar af eiri. \u00d6nnur s\u00falan var \u00e1tj\u00e1n \u00e1lnir \u00e1 h\u00e6\u00f0, og t\u00f3lf \u00e1lna langan \u00fer\u00e1\u00f0 \u00feurfti til \u00feess a\u00f0 n\u00e1 utan um hana. S\u00falan var fj\u00f6gurra fingra \u00feykk, hol a\u00f0 innan. \u00c1 sama h\u00e1tt gj\u00f6r\u00f0i hann hina s\u00faluna.<a name=\"16\"><span class=\"versanumer\">16<\/span><\/a>Og hann gj\u00f6r\u00f0i tv\u00f6 h\u00f6fu\u00f0 steypt af eiri til \u00feess a\u00f0 setja ofan \u00e1 s\u00falurnar. Var hvort h\u00f6fu\u00f0 fimm \u00e1lnir \u00e1 h\u00e6\u00f0.<a name=\"17\"><span class=\"versanumer\">17<\/span><\/a>\u00c1 h\u00f6f\u00f0unum, sem voru \u00e1 s\u00falunum, var sem ri\u00f0i\u00f0 net og fl\u00e9ttur, gj\u00f6r\u00f0ar af festum, sj\u00f6 fyrir hvort h\u00f6fu\u00f0.<a name=\"18\"><span class=\"versanumer\">18<\/span><\/a>Og hann gj\u00f6r\u00f0i granatepli, tv\u00e6r ra\u00f0ir allt \u00ed kring, utan \u00e1 \u00f6\u00f0ru netinu, til \u00feess a\u00f0 hylja h\u00f6fu\u00f0in, sem voru ofan \u00e1 s\u00falunum, eins gj\u00f6r\u00f0i hann \u00e1 hinu h\u00f6f\u00f0inu.<a name=\"19\"><span class=\"versanumer\">19<\/span><\/a>H\u00f6fu\u00f0in, sem voru ofan \u00e1 s\u00falunum \u00ed forsalnum, voru liljumyndu\u00f0, fj\u00f3rar \u00e1lnir.<a name=\"20\"><span class=\"versanumer\">20<\/span><\/a>\u00c1 b\u00e1\u00f0um s\u00falunum voru h\u00f6fu\u00f0, einnig a\u00f0 ofan, hj\u00e1 bungunni undir ri\u00f0na netinu. Granateplin voru tv\u00f6 hundru\u00f0 a\u00f0 t\u00f6lu, \u00ed r\u00f6\u00f0um hringinn \u00ed kringum hitt h\u00f6fu\u00f0i\u00f0.<a name=\"21\"><span class=\"versanumer\">21<\/span><\/a>Hann reisti s\u00falurnar vi\u00f0 forsal a\u00f0alh\u00fassins. Hann reisti h\u00e6gri s\u00faluna og kalla\u00f0i hana Jak\u00edn, og hann reisti vinstri s\u00faluna og kalla\u00f0i hana B\u00f3as.<a name=\"22\"><span class=\"versanumer\">22<\/span><\/a>Og efst voru s\u00falurnar liljumynda\u00f0ar. \u00deannig var s\u00falnasm\u00ed\u00f0inu loki\u00f0.<a name=\"23\"><span class=\"versanumer\">23<\/span><\/a>Og H\u00edram gj\u00f6r\u00f0i hafi\u00f0, og var \u00fea\u00f0 steypt af eiri. \u00dea\u00f0 var t\u00edu \u00e1lnir af barmi og \u00e1, kringl\u00f3tt og fimm \u00e1lnir \u00e1 d\u00fdpt, og \u00ferj\u00e1t\u00edu \u00e1lna sn\u00fara l\u00e1 um \u00fea\u00f0.<a name=\"24\"><span class=\"versanumer\">24<\/span><\/a>En ne\u00f0an \u00e1 barminum allt \u00ed kring voru hnappar, t\u00edu \u00e1 hverri alin, er myndu\u00f0u hring utan um hafi\u00f0, tv\u00e6r ra\u00f0ir af hn\u00f6ppum, og voru \u00feeir samsteyptir hafinu.<a name=\"25\"><span class=\"versanumer\">25<\/span><\/a>\u00dea\u00f0 st\u00f3\u00f0 \u00e1 t\u00f3lf nautum. Sneru \u00ferj\u00fa \u00ed nor\u00f0ur, \u00ferj\u00fa \u00ed vestur, \u00ferj\u00fa \u00ed su\u00f0ur, \u00ferj\u00fa \u00ed austur. Hv\u00edldi hafi\u00f0 \u00e1 \u00feeim, og sneru allir bakhlutir \u00feeirra inn.<a name=\"26\"><span class=\"versanumer\">26<\/span><\/a>\u00dea\u00f0 var \u00feverhandar\u00feykkt og barmur \u00feess \u00ed laginu sem barmur \u00e1 bikar, l\u00edkt og liljubl\u00f3m. \u00dea\u00f0 t\u00f3k tv\u00f6 \u00fe\u00fasund bat.<a name=\"27\"><span class=\"versanumer\">27<\/span><\/a>H\u00edram gj\u00f6r\u00f0i og vagnana, t\u00edu a\u00f0 t\u00f6lu, af eiri. Var hver vagn fj\u00f3rar \u00e1lnir \u00e1 lengd, fj\u00f3rar \u00e1lnir \u00e1 breidd og \u00ferj\u00e1r \u00e1lnir \u00e1 h\u00e6\u00f0.<a name=\"28\"><span class=\"versanumer\">28<\/span><\/a>En hver vagnanna var svo gj\u00f6r\u00f0ur: \u00c1 \u00feeim voru speld milli br\u00fanalistanna.<a name=\"29\"><span class=\"versanumer\">29<\/span><\/a>En \u00e1 speldunum, sem voru milli br\u00fanalistanna, voru lj\u00f3n, naut og ker\u00fabar, og eins \u00e1 br\u00fanalistunum. Og b\u00e6\u00f0i fyrir ofan og fyrir ne\u00f0an lj\u00f3nin og nautin voru hangandi bl\u00f3mfestar.<a name=\"30\"><span class=\"versanumer\">30<\/span><\/a>\u00c1 hverjum vagni voru fj\u00f6gur hj\u00f3l af eiri og \u00f6xlar af eiri. \u00c1 fj\u00f3rum hornum hvers vagns voru \u00feversl\u00e1r. Voru \u00feversl\u00e1rnar steyptar undir keri\u00f0. Gegnt hverri \u00feeirra voru bl\u00f3mfestar.<a name=\"31\"><span class=\"versanumer\">31<\/span><\/a>Opin \u00e1 kerunum voru fyrir innan \u00feversl\u00e1rnar, alin \u00e1 h\u00e6\u00f0, og voru \u00feau kringl\u00f3tt, h\u00e1lf \u00f6nnur alin. Og einnig \u00e1 b\u00f6rmum opsins voru grafnar myndir. Speldin voru ferskeytt, ekki kringl\u00f3tt.<a name=\"32\"><span class=\"versanumer\">32<\/span><\/a>Hj\u00f3lin fj\u00f6gur voru undir speldunum og hj\u00f3lhaldararnir festir vi\u00f0 vagninn. En hvert hj\u00f3l var h\u00e1lf \u00f6nnur alin \u00e1 h\u00e6\u00f0.<a name=\"33\"><span class=\"versanumer\">33<\/span><\/a>Og hj\u00f3lin voru gj\u00f6r\u00f0 eins og vagnhj\u00f3l. Haldarar \u00feeirra, hringir, spelir og nafir, allt var \u00fea\u00f0 steypt.<a name=\"34\"><span class=\"versanumer\">34<\/span><\/a>\u00c1 fj\u00f3rum hornum hvers vagns voru fj\u00f3rar \u00feversl\u00e1r. Gengu \u00feversl\u00e1rnar upp af v\u00f6gnunum.<a name=\"35\"><span class=\"versanumer\">35<\/span><\/a>Uppi \u00e1 hverjum vagni var eins konar standur, h\u00e1lf alin \u00e1 h\u00e6\u00f0, alls sta\u00f0ar s\u00edvalur. Og ofan \u00e1 vagninum voru haldarar hans og speld og gengu upp \u00far honum.<a name=\"36\"><span class=\"versanumer\">36<\/span><\/a>\u00c1 fleti haldara hans og \u00e1 speld hans gr\u00f3f hann ker\u00faba, lj\u00f3n og p\u00e1lma, eftir \u00fev\u00ed sem r\u00fam var til \u00e1 hverju, og bl\u00f3mfestar \u00ed kring.<a name=\"37\"><span class=\"versanumer\">37<\/span><\/a>\u00c1 \u00feennan h\u00e1tt gj\u00f6r\u00f0i hann vagnana t\u00edu. \u00deeir voru allir eins steyptir, jafnst\u00f3rir og af s\u00f6mu ger\u00f0.<a name=\"38\"><span class=\"versanumer\">38<\/span><\/a>\u00de\u00e1 gj\u00f6r\u00f0i hann t\u00edu ker af eiri. T\u00f3k hvert ker fj\u00f6rut\u00edu bat, og var hvert \u00feeirra fj\u00f3rar \u00e1lnir a\u00f0 \u00feverm\u00e1li. Eitt ker var \u00e1 hverjum pallanna t\u00edu.<a name=\"39\"><span class=\"versanumer\">39<\/span><\/a>Og hann setti fimm vagnanna h\u00e6gra megin \u00ed h\u00fasi\u00f0 og fimm vinstra megin. En hafi\u00f0 setti hann h\u00e6gra megin vi\u00f0 h\u00fasi\u00f0, \u00ed austur, gegnt su\u00f0ri.<a name=\"40\"><span class=\"versanumer\">40<\/span><\/a>Og H\u00edram gj\u00f6r\u00f0i kerin, eldspa\u00f0ana og f\u00f3rnarsk\u00e1larnar, og \u00feannig lauk hann vi\u00f0 allar \u00fe\u00e6r sm\u00ed\u00f0ar, er hann haf\u00f0i gj\u00f6rt fyrir Sal\u00f3mon konung \u00ed h\u00fas Drottins:<a name=\"41\"><span class=\"versanumer\">41<\/span><\/a>tv\u00e6r s\u00falur og tv\u00e6r k\u00falur \u00e1 s\u00falnah\u00f6f\u00f0unum og b\u00e6\u00f0i ri\u00f0nu netin, er hylja \u00e1ttu b\u00e1\u00f0ar k\u00falurnar \u00e1 s\u00falnah\u00f6f\u00f0unum,<a name=\"42\"><span class=\"versanumer\">42<\/span><\/a>og fj\u00f6gur hundru\u00f0 granateplin \u00e1 b\u00e6\u00f0i netin, tv\u00e6r ra\u00f0ir af granateplum \u00e1 hvort net, er hylja \u00e1ttu b\u00e1\u00f0ar k\u00falurnar \u00e1 s\u00falnah\u00f6f\u00f0unum.<a name=\"43\"><span class=\"versanumer\">43<\/span><\/a>Enn fremur vagnana t\u00edu og kerin t\u00edu \u00e1 v\u00f6gnunum,<a name=\"44\"><span class=\"versanumer\">44<\/span><\/a>og hafi\u00f0 og t\u00f3lf nautin undir hafinu,<a name=\"45\"><span class=\"versanumer\">45<\/span><\/a>og katlana, eldspa\u00f0ana og f\u00f3rnarsk\u00e1larnar. \u00d6ll \u00feessi \u00e1h\u00f6ld, er H\u00edram haf\u00f0i gj\u00f6rt fyrir Sal\u00f3mon konung \u00ed h\u00fas Drottins, voru \u00far skygg\u00f0um eiri.<a name=\"46\"><span class=\"versanumer\">46<\/span><\/a>L\u00e9t konungur steypa \u00feau \u00e1 J\u00f3rdansl\u00e9ttlendinu \u00ed leirm\u00f3tum, milli S\u00fakk\u00f3t og Saretan.<a name=\"47\"><span class=\"versanumer\">47<\/span><\/a>Sal\u00f3mon l\u00e9t \u00e1h\u00f6ldin vera \u00f3vegin, af \u00fev\u00ed a\u00f0 \u00feau voru afar m\u00f6rg. \u00deyngd eirsins var eigi ranns\u00f6ku\u00f0.<a name=\"48\"><span class=\"versanumer\">48<\/span><\/a>Og Sal\u00f3mon gj\u00f6r\u00f0i \u00f6ll \u00feau \u00e1h\u00f6ld, sem voru \u00ed h\u00fasi Drottins: gullaltari\u00f0 og bor\u00f0i\u00f0, sem sko\u00f0unarbrau\u00f0in l\u00e1gu \u00e1, af gulli,<a name=\"49\"><span class=\"versanumer\">49<\/span><\/a>og lj\u00f3sastikurnar, fimm h\u00e6gra megin og fimm vinstra megin, fyrir framan innh\u00fasi\u00f0 af sk\u00edru gulli, og bl\u00f3min, lampana og lj\u00f3sas\u00f6xin af gulli,<a name=\"50\"><span class=\"versanumer\">50<\/span><\/a>og katlana, skarb\u00edtana, f\u00f3rnarsk\u00e1larnar, bollana, eldp\u00f6nnurnar af sk\u00edru gulli. Hjarirnar \u00e1 v\u00e6ngjahur\u00f0um innsta h\u00fassins, Hins allrahelgasta, og \u00e1 v\u00e6ngjahur\u00f0um musterisins, a\u00f0alh\u00fassins, voru og af gulli.<a name=\"51\"><span class=\"versanumer\">51<\/span><\/a>Og er \u00f6llu \u00fev\u00ed verki var loki\u00f0, er Sal\u00f3mon konungur l\u00e9t gj\u00f6ra \u00ed h\u00fasi Drottins, \u00fe\u00e1 flutti hann helgigjafir Dav\u00ed\u00f0s f\u00f6\u00f0ur s\u00edns inn \u00ed \u00fea\u00f0, silfri\u00f0 og gulli\u00f0, en \u00e1h\u00f6ldin l\u00e9t hann \u00ed f\u00e9hirslur Drottins h\u00fass.<\/p>\n<div class=\"footnote1981\"><b>7.8<\/b> D\u00f3ttir Fara\u00f3s 1Kon 3.1<br \/>\n<b>7.13<\/b> H\u00edram 2Kro 2.12-13; sbr 2M\u00f3s 31.2-6<br \/>\n<b>7.15<\/b> B\u00e1\u00f0ar s\u00falurnar 2Kon 25.13; Jer 27.19; 52.17<br \/>\n<b>7.23<\/b> Hafi\u00f0 2Kon 16.17; 25.13; Jer 27.19; 52.17; sbr 2M\u00f3s 30.17-21<br \/>\n<b>7.27<\/b> Vagnar 2Kon 16.17; 25.13; Jer 27.19; 52.17<br \/>\n<b>7.38<\/b> Ker 2Kon 16.17<br \/>\n<b>7.40<\/b> Ker, sk\u00f3flur 2M\u00f3s 27.3<br \/>\n<b>7.48<\/b> Gullbor\u00f0 2M\u00f3s 25.23-30+<br \/>\n<b>7.49<\/b> Lj\u00f3sastikurnar sbr 2M\u00f3s 25.31-40+<br \/>\n<b>7.50<\/b> Eldf\u00f6t 3M\u00f3s 10.1; 4M\u00f3s 16.6<br \/>\n<b>7.51<\/b> Helgigjafir Dav\u00ed\u00f0s 2Sam 8.11<\/div>\n","protected":false},"excerpt":{"rendered":"<p>1H\u00f6ll s\u00edna var Sal\u00f3mon a\u00f0 byggja \u00ed \u00ferett\u00e1n \u00e1r og fullgj\u00f6r\u00f0i \u00feannig allt sitt h\u00fas.2Hann bygg\u00f0i L\u00edbanonssk\u00f3garh\u00fasi\u00f0, er var hundra\u00f0 \u00e1lnir \u00e1 lengd, fimmt\u00edu \u00e1lnir \u00e1 breidd og \u00ferj\u00e1t\u00edu \u00e1lnir \u00e1 h\u00e6\u00f0 \u00e1 \u00ferem sedruss\u00falnar\u00f6\u00f0um, og \u00e1 s\u00falunum hv\u00edldu bj\u00e1lkar af sedrusvi\u00f0i.3Og \u00fea\u00f0 var \u00feaki\u00f0 sedrusvi\u00f0i uppi yfir hli\u00f0arherbergjunum, er hv\u00edldu \u00e1 fj\u00f6rut\u00edu og fimm s\u00falum, fimmt\u00e1n \u00ed hverri r\u00f6\u00f0.4Gluggara\u00f0irnar voru \u00ferj\u00e1r, og lj\u00f3ri gegnt lj\u00f3ra \u00ferem sinnum.5Og allar dyr og allir lj\u00f3rar voru ferhyrndir, og lj\u00f3ri var gegnt lj\u00f3ra \u00ferem sinnum.6Hann gj\u00f6r\u00f0i s\u00falnasal, fimmt\u00edu \u00e1lnir \u00e1 lengd og \u00ferj\u00e1t\u00edu \u00e1lnir \u00e1 breidd, og forsal \u00fear fyrir framan og s\u00falur <a href=\"https:\/\/biblian.is\/1981\/fyrri-konungabok-7-kafli\/\"> [&#8230;]<\/a><\/p>\n","protected":false},"author":1,"featured_media":0,"parent":0,"menu_order":0,"comment_status":"open","ping_status":"open","template":"bibliukaflar.php","meta":{"footnotes":""},"class_list":["post-1644","page","type-page","status-publish","hentry"],"_links":{"self":[{"href":"https:\/\/biblian.is\/1981\/wp-json\/wp\/v2\/pages\/1644","targetHints":{"allow":["GET"]}}],"collection":[{"href":"https:\/\/biblian.is\/1981\/wp-json\/wp\/v2\/pages"}],"about":[{"href":"https:\/\/biblian.is\/1981\/wp-json\/wp\/v2\/types\/page"}],"author":[{"embeddable":true,"href":"https:\/\/biblian.is\/1981\/wp-json\/wp\/v2\/users\/1"}],"replies":[{"embeddable":true,"href":"https:\/\/biblian.is\/1981\/wp-json\/wp\/v2\/comments?post=1644"}],"version-history":[{"count":0,"href":"https:\/\/biblian.is\/1981\/wp-json\/wp\/v2\/pages\/1644\/revisions"}],"wp:attachment":[{"href":"https:\/\/biblian.is\/1981\/wp-json\/wp\/v2\/media?parent=1644"}],"curies":[{"name":"wp","href":"https:\/\/api.w.org\/{rel}","templated":true}]}}