{"id":1643,"date":"2017-11-18T20:18:04","date_gmt":"2017-11-18T20:18:04","guid":{"rendered":"http:\/\/biblian.is\/1981\/fyrri-konungabok-6-kafli\/"},"modified":"2021-06-06T10:57:02","modified_gmt":"2021-06-06T10:57:02","slug":"fyrri-konungabok-6-kafli","status":"publish","type":"page","link":"https:\/\/biblian.is\/1981\/fyrri-konungabok-6-kafli\/","title":{"rendered":"Fyrri konungab\u00f3k 6. kafli"},"content":{"rendered":"<p><a name=\"1\"><span class=\"versanumer\">1<\/span><\/a>\u00c1 fj\u00f6gur hundru\u00f0 og \u00e1ttugasta \u00e1ri fr\u00e1 \u00fev\u00ed, er \u00cdsraelsmenn f\u00f3ru af Egyptalandi, fj\u00f3r\u00f0a \u00e1ri\u00f0, sem Sal\u00f3mon r\u00edkti yfir \u00cdsrael, \u00ed s\u00edvm\u00e1nu\u00f0i \u00fea\u00f0 er \u00f6\u00f0rum m\u00e1nu\u00f0inum reisti hann Drottni musteri\u00f0.<a name=\"2\"><span class=\"versanumer\">2<\/span><\/a>Musteri\u00f0, sem Sal\u00f3mon konungur reisti Drottni, var sext\u00edu \u00e1lnir \u00e1 lengd, tuttugu \u00e1lnir \u00e1 breidd og \u00ferj\u00e1t\u00edu \u00e1lnir \u00e1 h\u00e6\u00f0.<a name=\"3\"><span class=\"versanumer\">3<\/span><\/a>Forsalurinn fyrir framan musterish\u00fasi\u00f0 var tuttugu \u00e1lnir \u00e1 breidd fram me\u00f0 musterisendanum og t\u00edu \u00e1lnir \u00e1 d\u00fdpt fram af musterinu.<a name=\"4\"><span class=\"versanumer\">4<\/span><\/a>Hann gj\u00f6r\u00f0i glugga \u00e1 musteri\u00f0 me\u00f0 f\u00f6stum grindum fyrir.<a name=\"5\"><span class=\"versanumer\">5<\/span><\/a>Og upp a\u00f0 musterisveggnum hringinn \u00ed kring reisti hann \u00feriggja h\u00e6\u00f0a hli\u00f0arh\u00fas upp a\u00f0 musterisveggjunum, hringinn \u00ed kringum a\u00f0alh\u00fasi\u00f0 og innh\u00fasi\u00f0 og gj\u00f6r\u00f0i st\u00fakur allt \u00ed kring.<a name=\"6\"><span class=\"versanumer\">6<\/span><\/a>Fyrsta h\u00e6\u00f0 \u00feessa hli\u00f0arh\u00fass var fimm \u00e1lnir \u00e1 breidd, mi\u00f0h\u00e6\u00f0in sex \u00e1lnir \u00e1 breidd, og efsta h\u00e6\u00f0in sj\u00f6 \u00e1lnir \u00e1 breidd, \u00fev\u00ed a\u00f0 hann haf\u00f0i sett stalla utan \u00e1 musteri\u00f0 hringinn \u00ed kring, til \u00feess a\u00f0 bitarnir skyldu ekki ganga inn \u00ed musterisveggina.<a name=\"7\"><span class=\"versanumer\">7<\/span><\/a>\u00deegar musteri\u00f0 var reist var byggt \u00far steinum, sem h\u00f6f\u00f0u veri\u00f0 h\u00f6ggnir til, er grj\u00f3ti\u00f0 var teki\u00f0, svo a\u00f0 hvorki heyr\u00f0ist hamarshlj\u00f3\u00f0 n\u00e9 axar, n\u00e9 nokkurs annars j\u00e1rnt\u00f3ls, me\u00f0an \u00e1 byggingu musterisins st\u00f3\u00f0.<a name=\"8\"><span class=\"versanumer\">8<\/span><\/a>Dyrnar \u00e1 fyrstu h\u00e6\u00f0 hli\u00f0arh\u00fassins voru \u00e1 su\u00f0urhli\u00f0 musterisins, og var gengi\u00f0 upp um hringstiga upp \u00e1 mi\u00f0h\u00e6\u00f0ina og \u00fea\u00f0an upp \u00e1 efstu h\u00e6\u00f0.<a name=\"9\"><span class=\"versanumer\">9<\/span><\/a>\u00deannig reisti hann musteri\u00f0 og lauk vi\u00f0 \u00fea\u00f0 og \u00feakti musteri\u00f0 me\u00f0 bj\u00e1lkum og \u00feiljum \u00far sedrusvi\u00f0i.<a name=\"10\"><span class=\"versanumer\">10<\/span><\/a>Hann reisti hli\u00f0arh\u00fas utan um allt musteri\u00f0, fimm \u00e1lnir \u00e1 h\u00e6\u00f0 hver h\u00e6\u00f0, og tengdi \u00feau vi\u00f0 musteri\u00f0 me\u00f0 sedrusvi\u00f0i.<a name=\"11\"><span class=\"versanumer\">11<\/span><\/a>\u00de\u00e1 kom or\u00f0 Drottins til Sal\u00f3mons svol\u00e1tandi:<a name=\"12\"><span class=\"versanumer\">12<\/span><\/a>\u00de\u00fa hefir byggt \u00feetta h\u00fas. Ef \u00fe\u00fa gengur eftir bo\u00f0or\u00f0um m\u00ednum og breytir eftir l\u00f6gum m\u00ednum og var\u00f0veitir allar skipanir m\u00ednar me\u00f0 \u00fev\u00ed a\u00f0 ganga eftir \u00feeim, \u00fe\u00e1 mun \u00e9g efna heit mitt vi\u00f0 \u00feig, er \u00e9g gaf Dav\u00ed\u00f0 f\u00f6\u00f0ur \u00fe\u00ednum,<a name=\"13\"><span class=\"versanumer\">13<\/span><\/a>og \u00e9g mun b\u00faa me\u00f0al \u00cdsraelsmanna og eigi yfirgefa l\u00fd\u00f0 minn \u00cdsrael.<a name=\"14\"><span class=\"versanumer\">14<\/span><\/a>\u00deannig bygg\u00f0i Sal\u00f3mon musteri\u00f0 og lauk vi\u00f0 \u00fea\u00f0.<a name=\"15\"><span class=\"versanumer\">15<\/span><\/a>Sal\u00f3mon \u00feilja\u00f0i musterisveggina a\u00f0 innan me\u00f0 sedrusvi\u00f0i. Fr\u00e1 g\u00f3lfi h\u00fassins upp a\u00f0 loftbj\u00e1lkum \u00feilja\u00f0i hann \u00fea\u00f0 a\u00f0 innan me\u00f0 vi\u00f0i og lag\u00f0i g\u00f3lf \u00ed h\u00fasi\u00f0 \u00far k\u00fdpresvi\u00f0arbor\u00f0um.<a name=\"16\"><span class=\"versanumer\">16<\/span><\/a>Og hann \u00feilja\u00f0i tuttugu \u00e1lnir aftan af h\u00fasinu ne\u00f0an fr\u00e1 g\u00f3lfi og upp undir bj\u00e1lka me\u00f0 sedrusvi\u00f0i. Gj\u00f6r\u00f0i hann \u00feannig \u00far \u00fev\u00ed a\u00f0 innan innh\u00fas, \u00fea\u00f0 er Hi\u00f0 allrahelgasta.<a name=\"17\"><span class=\"versanumer\">17<\/span><\/a>H\u00fasi\u00f0 var fj\u00f6rut\u00edu \u00e1lnir, \u00fea\u00f0 er a\u00f0alh\u00fasi\u00f0 fyrir framan innh\u00fasi\u00f0.<a name=\"18\"><span class=\"versanumer\">18<\/span><\/a>Innan \u00e1 musterinu var sedrusvi\u00f0ur, \u00fatskorinn me\u00f0 hn\u00f6ppum og bl\u00f3mstrum. Var \u00fea\u00f0 allt af sedrusvi\u00f0i, og s\u00e1 hvergi \u00ed stein.<a name=\"19\"><span class=\"versanumer\">19<\/span><\/a>Hann bj\u00f3 \u00fat innh\u00fas, Hi\u00f0 allrahelgasta, inni \u00ed musterinu, til \u00feess a\u00f0 \u00feanga\u00f0 m\u00e6tti flytja s\u00e1ttm\u00e1ls\u00f6rk Drottins.<a name=\"20\"><span class=\"versanumer\">20<\/span><\/a>Og fyrir framan innh\u00fasi\u00f0 en \u00fea\u00f0 var tuttugu \u00e1lnir \u00e1 lengd, tuttugu \u00e1lnir \u00e1 breidd og tuttugu \u00e1lnir \u00e1 h\u00e6\u00f0, og hann lag\u00f0i \u00fea\u00f0 sk\u00edru gulli gj\u00f6r\u00f0i hann altari af sedrusvi\u00f0i.<a name=\"21\"><span class=\"versanumer\">21<\/span><\/a>Sal\u00f3mon lag\u00f0i musteri\u00f0 me\u00f0 sk\u00edru gulli a\u00f0 innan, og dr\u00f3 gullfestar fyrir k\u00f3rinn og lag\u00f0i hann gulli.<a name=\"22\"><span class=\"versanumer\">22<\/span><\/a>Og allt h\u00fasi\u00f0 lag\u00f0i hann gulli algj\u00f6rlega allt h\u00fasi\u00f0. Einnig lag\u00f0i hann gulli allt altari\u00f0, sem tilheyr\u00f0i innh\u00fasinu.<a name=\"23\"><span class=\"versanumer\">23<\/span><\/a>Hann gj\u00f6r\u00f0i \u00ed innh\u00fasinu tvo ker\u00faba af ol\u00eduvi\u00f0i, t\u00edu \u00e1lna h\u00e1a.<a name=\"24\"><span class=\"versanumer\">24<\/span><\/a>Hvor v\u00e6ngur annars ker\u00fabsins var fimm \u00e1lnir, og hvor v\u00e6ngur hins ker\u00fabsins fimm \u00e1lnir, svo a\u00f0 t\u00edu \u00e1lnir voru fr\u00e1 enda annars v\u00e6ngsins til enda hins v\u00e6ngsins.<a name=\"25\"><span class=\"versanumer\">25<\/span><\/a>B\u00e1\u00f0ir ker\u00fabarnir voru t\u00edu \u00e1lnir, b\u00e1\u00f0ir voru \u00feeir jafnst\u00f3rir og eins a\u00f0 ger\u00f0.<a name=\"26\"><span class=\"versanumer\">26<\/span><\/a>Annar ker\u00fabinn var t\u00edu \u00e1lnir \u00e1 h\u00e6\u00f0, svo og hinn ker\u00fabinn.<a name=\"27\"><span class=\"versanumer\">27<\/span><\/a>Og hann setti ker\u00fabana upp inni \u00ed Hinu allrahelgasta, og breiddu \u00feeir \u00fat v\u00e6ngina, svo a\u00f0 annar v\u00e6ngur annars nam vi\u00f0 vegginn og hinn v\u00e6ngur hins ker\u00fabsins nam vi\u00f0 hinn vegginn, en \u00ed mi\u00f0ju h\u00fasinu n\u00e1mu v\u00e6ngir \u00feeirra hvor vi\u00f0 annan.<a name=\"28\"><span class=\"versanumer\">28<\/span><\/a>Og hann lag\u00f0i ker\u00fabana gulli.<a name=\"29\"><span class=\"versanumer\">29<\/span><\/a>Hann l\u00e9t skera \u00fat \u00e1 veggina hringinn \u00ed kring ker\u00faba, p\u00e1lma og bl\u00f3mfl\u00e9ttur, inni og fyrir utan.<a name=\"30\"><span class=\"versanumer\">30<\/span><\/a>G\u00f3lf h\u00fassins lag\u00f0i hann og gulli, inni og fyrir utan.<a name=\"31\"><span class=\"versanumer\">31<\/span><\/a>Fyrir dyr innh\u00fassins l\u00e9t hann gj\u00f6ra v\u00e6ngjahur\u00f0 \u00far ol\u00eduvi\u00f0i. Umgj\u00f6r\u00f0in yfir dyrunum og dyrastafirnir myndu\u00f0u fimmhyrning.<a name=\"32\"><span class=\"versanumer\">32<\/span><\/a>\u00c1 b\u00e1\u00f0ar v\u00e6ngjahur\u00f0irnar, sem voru \u00far ol\u00eduvi\u00f0i, l\u00e9t hann skera ker\u00faba, p\u00e1lma og bl\u00f3mfl\u00e9ttur og leggja gulli, en ker\u00fabana og p\u00e1lmana lag\u00f0i hann slegnu gulli.<a name=\"33\"><span class=\"versanumer\">33<\/span><\/a>Og fyrir dyr a\u00f0alh\u00fassins l\u00e9t hann s\u00f6mulei\u00f0is gj\u00f6ra ferstrenda dyrastafi af ol\u00eduvi\u00f0i<a name=\"34\"><span class=\"versanumer\">34<\/span><\/a>og tv\u00e6r v\u00e6ngjahur\u00f0ir af k\u00fdpresvi\u00f0i. Var hvor v\u00e6ngurinn um sig gj\u00f6r\u00f0ur af tveimur hlerum, er l\u00e9ku \u00e1 hj\u00f6rum.<a name=\"35\"><span class=\"versanumer\">35<\/span><\/a>Og hann l\u00e9t skera ker\u00faba, p\u00e1lma og bl\u00f3mfl\u00e9ttur \u00e1 \u00fe\u00e1 og lag\u00f0i \u00fea\u00f0 gulli, sem \u00fat var skori\u00f0.<a name=\"36\"><span class=\"versanumer\">36<\/span><\/a>Hann gj\u00f6r\u00f0i vegginn um innri forgar\u00f0inn \u00far \u00ferem l\u00f6gum af h\u00f6ggnum steini og einu lagi af sedrusbj\u00e1lkum.<a name=\"37\"><span class=\"versanumer\">37<\/span><\/a>\u00c1 fj\u00f3r\u00f0a \u00e1ri var grundv\u00f6llurinn lag\u00f0ur a\u00f0 h\u00fasi Drottins, \u00ed s\u00edvm\u00e1nu\u00f0i.<a name=\"38\"><span class=\"versanumer\">38<\/span><\/a>Og \u00e1 ellefta \u00e1ri, \u00ed b\u00falm\u00e1nu\u00f0i \u00fea\u00f0 er \u00e1ttunda m\u00e1nu\u00f0inum var h\u00fasi\u00f0 fullgj\u00f6rt \u00ed \u00f6llum greinum, me\u00f0 \u00f6llu sem \u00fev\u00ed tilheyr\u00f0i. \u00cd sj\u00f6 \u00e1r var hann a\u00f0 byggja \u00fea\u00f0.<\/p>\n<div class=\"footnote1981\"><b>6.1<\/b> Musteri\u00f0 reist sbr Esr 3.8-9; 5.1-6,15<br \/>\n<b>6.2<\/b> L\u00fdsing \u00e1 musterinu sbr 2M\u00f3s 26; Esk 40-42<br \/>\n<b>6.13<\/b> B\u00faa me\u00f0al 3M\u00f3s 15.31<br \/>\n<b>6.19<\/b> Hi\u00f0 allrahelgasta 2M\u00f3s 26.33-34<br \/>\n<b>6.22<\/b> Altari lagt gulli 2M\u00f3s 30.1-3<br \/>\n<b>6.23<\/b> Ker\u00fabar 2M\u00f3s 25.18-22+<br \/>\n<b>6.29<\/b> \u00datskornir ker\u00fabar Esk 41.18; sbr 2M\u00f3s 26.31<br \/>\n<b>6.36<\/b> Forgar\u00f0ur 2M\u00f3s 27.9-19; Esk 42.15-20<\/div>\n","protected":false},"excerpt":{"rendered":"<p>1\u00c1 fj\u00f6gur hundru\u00f0 og \u00e1ttugasta \u00e1ri fr\u00e1 \u00fev\u00ed, er \u00cdsraelsmenn f\u00f3ru af Egyptalandi, fj\u00f3r\u00f0a \u00e1ri\u00f0, sem Sal\u00f3mon r\u00edkti yfir \u00cdsrael, \u00ed s\u00edvm\u00e1nu\u00f0i \u00fea\u00f0 er \u00f6\u00f0rum m\u00e1nu\u00f0inum reisti hann Drottni musteri\u00f0.2Musteri\u00f0, sem Sal\u00f3mon konungur reisti Drottni, var sext\u00edu \u00e1lnir \u00e1 lengd, tuttugu \u00e1lnir \u00e1 breidd og \u00ferj\u00e1t\u00edu \u00e1lnir \u00e1 h\u00e6\u00f0.3Forsalurinn fyrir framan musterish\u00fasi\u00f0 var tuttugu \u00e1lnir \u00e1 breidd fram me\u00f0 musterisendanum og t\u00edu \u00e1lnir \u00e1 d\u00fdpt fram af musterinu.4Hann gj\u00f6r\u00f0i glugga \u00e1 musteri\u00f0 me\u00f0 f\u00f6stum grindum fyrir.5Og upp a\u00f0 musterisveggnum hringinn \u00ed kring reisti hann \u00feriggja h\u00e6\u00f0a hli\u00f0arh\u00fas upp a\u00f0 musterisveggjunum, hringinn \u00ed kringum a\u00f0alh\u00fasi\u00f0 og innh\u00fasi\u00f0 og gj\u00f6r\u00f0i st\u00fakur allt <a href=\"https:\/\/biblian.is\/1981\/fyrri-konungabok-6-kafli\/\"> [&#8230;]<\/a><\/p>\n","protected":false},"author":1,"featured_media":0,"parent":0,"menu_order":0,"comment_status":"open","ping_status":"open","template":"bibliukaflar.php","meta":{"footnotes":""},"class_list":["post-1643","page","type-page","status-publish","hentry"],"_links":{"self":[{"href":"https:\/\/biblian.is\/1981\/wp-json\/wp\/v2\/pages\/1643","targetHints":{"allow":["GET"]}}],"collection":[{"href":"https:\/\/biblian.is\/1981\/wp-json\/wp\/v2\/pages"}],"about":[{"href":"https:\/\/biblian.is\/1981\/wp-json\/wp\/v2\/types\/page"}],"author":[{"embeddable":true,"href":"https:\/\/biblian.is\/1981\/wp-json\/wp\/v2\/users\/1"}],"replies":[{"embeddable":true,"href":"https:\/\/biblian.is\/1981\/wp-json\/wp\/v2\/comments?post=1643"}],"version-history":[{"count":0,"href":"https:\/\/biblian.is\/1981\/wp-json\/wp\/v2\/pages\/1643\/revisions"}],"wp:attachment":[{"href":"https:\/\/biblian.is\/1981\/wp-json\/wp\/v2\/media?parent=1643"}],"curies":[{"name":"wp","href":"https:\/\/api.w.org\/{rel}","templated":true}]}}