{"id":1642,"date":"2017-11-18T20:18:04","date_gmt":"2017-11-18T20:18:04","guid":{"rendered":"http:\/\/biblian.is\/1981\/fyrri-konungabok-5-kafli\/"},"modified":"2021-06-06T10:57:01","modified_gmt":"2021-06-06T10:57:01","slug":"fyrri-konungabok-5-kafli","status":"publish","type":"page","link":"https:\/\/biblian.is\/1981\/fyrri-konungabok-5-kafli\/","title":{"rendered":"Fyrri konungab\u00f3k 5. kafli"},"content":{"rendered":"<p><a name=\"1\"><span class=\"versanumer\">1<\/span><\/a>H\u00edram konungur \u00ed T\u00fdrus sendi \u00fej\u00f3na s\u00edna til Sal\u00f3mons, \u00fev\u00ed hann haf\u00f0i heyrt a\u00f0 hann hef\u00f0i veri\u00f0 smur\u00f0ur til konungs \u00ed sta\u00f0 f\u00f6\u00f0ur s\u00edns, en H\u00edram haf\u00f0i \u00e6t\u00ed\u00f0 veri\u00f0 g\u00f3\u00f0vinur Dav\u00ed\u00f0s.<a name=\"2\"><span class=\"versanumer\">2<\/span><\/a>Og Sal\u00f3mon sendi bo\u00f0 til H\u00edrams og l\u00e9t segja honum:<a name=\"3\"><span class=\"versanumer\">3<\/span><\/a>\u00de\u00fa veist sj\u00e1lfur, a\u00f0 Dav\u00ed\u00f0 fa\u00f0ir minn m\u00e1tti eigi reisa h\u00fas nafni Drottins, Gu\u00f0s s\u00edns, vegna \u00f3fri\u00f0ar \u00feess, er hann var\u00f0 a\u00f0 eiga \u00ed \u00e1 allar hli\u00f0ar, uns Drottinn lag\u00f0i \u00f3vini hans undir iljar honum.<a name=\"4\"><span class=\"versanumer\">4<\/span><\/a>En n\u00fa hefir Drottinn, Gu\u00f0 minn, veitt m\u00e9r fri\u00f0 allt umhverfis. \u00c1 \u00e9g engan m\u00f3tst\u00f6\u00f0umann og ekkert er framar a\u00f0 meini.<a name=\"5\"><span class=\"versanumer\">5<\/span><\/a>Fyrir \u00fev\u00ed hefi \u00e9g \u00ed hyggju a\u00f0 reisa h\u00fas nafni Drottins, Gu\u00f0s m\u00edns, eins og Drottinn sag\u00f0i vi\u00f0 Dav\u00ed\u00f0, f\u00f6\u00f0ur minn, er hann m\u00e6lti: Sonur \u00feinn, er \u00e9g set \u00ed h\u00e1s\u00e6ti \u00feitt \u00ed \u00feinn sta\u00f0, hann skal reisa h\u00fas m\u00ednu nafni.<a name=\"6\"><span class=\"versanumer\">6<\/span><\/a>Bj\u00f3\u00f0 \u00fev\u00ed n\u00fa a\u00f0 h\u00f6ggva sedrustr\u00e9 \u00e1 L\u00edbanon handa m\u00e9r, og \u00fej\u00f3nar m\u00ednir skulu vera me\u00f0 \u00fe\u00ednum \u00fej\u00f3num. Skal \u00e9g grei\u00f0a \u00fe\u00e9r kaup fyrir \u00fej\u00f3na \u00fe\u00edna, sl\u00edkt er \u00fe\u00fa sj\u00e1lfur tiltekur. \u00dev\u00ed a\u00f0 \u00fe\u00fa veist sj\u00e1lfur, a\u00f0 me\u00f0 oss er enginn ma\u00f0ur, er kunni a\u00f0 sk\u00f3garh\u00f6ggi sem S\u00eddoningar.<a name=\"7\"><span class=\"versanumer\">7<\/span><\/a>\u00deegar H\u00edram heyr\u00f0i or\u00f0sending Sal\u00f3mons, var\u00f0 hann harla gla\u00f0ur og sag\u00f0i: Lofa\u00f0ur s\u00e9 Drottinn \u00ed dag, er gefi\u00f0 hefir Dav\u00ed\u00f0 vitran son til a\u00f0 r\u00edkja yfir \u00feessari fj\u00f6lmennu \u00fej\u00f3\u00f0.<a name=\"8\"><span class=\"versanumer\">8<\/span><\/a>Og H\u00edram sendi menn til Sal\u00f3mons og l\u00e9t segja honum: \u00c9g hefi heyrt \u00fe\u00e1 or\u00f0sending, er \u00fe\u00fa gj\u00f6r\u00f0ir m\u00e9r. Skal \u00e9g gj\u00f6ra a\u00f0 \u00f3sk \u00feinni um sedrusvi\u00f0inn og k\u00fdpresvi\u00f0inn.<a name=\"9\"><span class=\"versanumer\">9<\/span><\/a>M\u00ednir menn skulu flytja vi\u00f0inn ofan fr\u00e1 L\u00edbanon til sj\u00e1var, og \u00e9g skal l\u00e1ta leggja hann \u00ed flota \u00ed sj\u00f3num og flytja \u00feanga\u00f0 sem \u00fe\u00fa segir til um. \u00dear l\u00e6t \u00e9g taka sundur flotana, en \u00fe\u00fa l\u00e6tur s\u00e6kja. En \u00fe\u00fa skalt gj\u00f6ra a\u00f0 \u00f3sk minni og l\u00e1ta mig f\u00e1 vistir handa hir\u00f0 minni.<a name=\"10\"><span class=\"versanumer\">10<\/span><\/a>Og H\u00edram l\u00e9t Sal\u00f3mon f\u00e1 eins miki\u00f0 af sedrusvi\u00f0i og k\u00fdpresvi\u00f0i og hann vildi.<a name=\"11\"><span class=\"versanumer\">11<\/span><\/a>En Sal\u00f3mon l\u00e9t H\u00edram f\u00e1 tuttugu \u00fe\u00fasund k\u00f3r af hveiti til matar fyrir hir\u00f0 hans og tuttugu \u00fe\u00fasund bat af ol\u00edu \u00far steyttum ol\u00edfuberjum. \u00deetta l\u00e9t Sal\u00f3mon H\u00edram f\u00e1 \u00e1 \u00e1ri hverju.<a name=\"12\"><span class=\"versanumer\">12<\/span><\/a>Og Drottinn haf\u00f0i veitt Sal\u00f3mon speki, eins og hann haf\u00f0i heiti\u00f0 honum. Og \u00fea\u00f0 f\u00f3r vel \u00e1 me\u00f0 \u00feeim H\u00edram og Sal\u00f3mon, og \u00feeir gj\u00f6r\u00f0u s\u00e1ttm\u00e1la s\u00edn \u00e1 milli.<a name=\"13\"><span class=\"versanumer\">13<\/span><\/a>Sal\u00f3mon konungur bau\u00f0 \u00fat kva\u00f0arm\u00f6nnum \u00far \u00f6llum \u00cdsrael, og ur\u00f0u kva\u00f0armennirnir \u00ferj\u00e1t\u00edu \u00fe\u00fasundir a\u00f0 t\u00f6lu.<a name=\"14\"><span class=\"versanumer\">14<\/span><\/a>Og hann sendi \u00fe\u00e1 til skiptis til L\u00edbanon, t\u00edu \u00fe\u00fasundir \u00e1 m\u00e1nu\u00f0i hverjum. Skyldu \u00feeir vera einn m\u00e1nu\u00f0 \u00e1 L\u00edbanon, en tvo m\u00e1nu\u00f0i heima hj\u00e1 s\u00e9r. Ad\u00f3n\u00edram var yfir kva\u00f0arm\u00f6nnum.<a name=\"15\"><span class=\"versanumer\">15<\/span><\/a>Og Sal\u00f3mon haf\u00f0i sj\u00f6t\u00edu \u00fe\u00fasund bur\u00f0armenn og \u00e1ttat\u00edu \u00fe\u00fasund steinh\u00f6ggvara \u00ed fj\u00f6llunum,<a name=\"16\"><span class=\"versanumer\">16<\/span><\/a>auk yfirf\u00f3geta Sal\u00f3mons, er fyrir verkinu st\u00f3\u00f0u, \u00ferj\u00fa \u00fe\u00fasund og \u00ferj\u00fa hundru\u00f0 a\u00f0 t\u00f6lu. Skyldu \u00feeir hafa umsj\u00f3n me\u00f0 \u00feeim m\u00f6nnum, er verki\u00f0 unnu.<a name=\"17\"><span class=\"versanumer\">17<\/span><\/a>Og a\u00f0 bo\u00f0i konungs hjuggu \u00feeir st\u00f3ra steina, \u00fath\u00f6ggna steina, til \u00feess a\u00f0 byggja musterisgrunninn \u00far h\u00f6ggnu grj\u00f3ti.<a name=\"18\"><span class=\"versanumer\">18<\/span><\/a>Og smi\u00f0ir Sal\u00f3mons og H\u00edrams og G\u00edbl\u00edtar hjuggu \u00fe\u00e1 til, undirbjuggu vi\u00f0inn og steinana til \u00feess a\u00f0 reisa musteri\u00f0.<\/p>\n<div class=\"footnote1981\"><b>5.1<\/b> Landam\u00e6ri 1M\u00f3s 15.18; 2Kro 9.26<br \/>\n<b>5.5<\/b> V\u00edntr\u00e9 og f\u00edkjutr\u00e9 M\u00edk 4.4; Sak 3.10<br \/>\n<b>5.6<\/b> Vagneyki og rei\u00f0hestar 1Kon 10.26; 2Kro 1.14; sbr 5M\u00f3s 17.16<br \/>\n<b>5.11<\/b> Etan Slm 89.1 \u2013 Heman, Kalk\u00f3l, Darda 1Kro 2.6 \u2013 nafn hans var \u00feekkt 1Kon 10.1,23-25; S\u00edr 47.16<br \/>\n<b>5.12<\/b> Spakm\u00e6li Okv 1.1; 10.1; 25.1 \u2013 kv\u00e6\u00f0i Llj 1.1<br \/>\n<b>5.15<\/b> H\u00edram 2Sam 5.11<br \/>\n<b>5.19<\/b> H\u00fas 2Sam 7.13<br \/>\n<b>5.20<\/b> \u00cdb\u00faar S\u00eddon Esr 3.7<br \/>\n<b>5.13<\/b> Kva\u00f0avinnumenn 1Kon 9.15; sbr 12.4<\/div>\n","protected":false},"excerpt":{"rendered":"<p>1H\u00edram konungur \u00ed T\u00fdrus sendi \u00fej\u00f3na s\u00edna til Sal\u00f3mons, \u00fev\u00ed hann haf\u00f0i heyrt a\u00f0 hann hef\u00f0i veri\u00f0 smur\u00f0ur til konungs \u00ed sta\u00f0 f\u00f6\u00f0ur s\u00edns, en H\u00edram haf\u00f0i \u00e6t\u00ed\u00f0 veri\u00f0 g\u00f3\u00f0vinur Dav\u00ed\u00f0s.2Og Sal\u00f3mon sendi bo\u00f0 til H\u00edrams og l\u00e9t segja honum:3\u00de\u00fa veist sj\u00e1lfur, a\u00f0 Dav\u00ed\u00f0 fa\u00f0ir minn m\u00e1tti eigi reisa h\u00fas nafni Drottins, Gu\u00f0s s\u00edns, vegna \u00f3fri\u00f0ar \u00feess, er hann var\u00f0 a\u00f0 eiga \u00ed \u00e1 allar hli\u00f0ar, uns Drottinn lag\u00f0i \u00f3vini hans undir iljar honum.4En n\u00fa hefir Drottinn, Gu\u00f0 minn, veitt m\u00e9r fri\u00f0 allt umhverfis. \u00c1 \u00e9g engan m\u00f3tst\u00f6\u00f0umann og ekkert er framar a\u00f0 meini.5Fyrir \u00fev\u00ed hefi \u00e9g \u00ed hyggju a\u00f0 <a href=\"https:\/\/biblian.is\/1981\/fyrri-konungabok-5-kafli\/\"> [&#8230;]<\/a><\/p>\n","protected":false},"author":1,"featured_media":0,"parent":0,"menu_order":0,"comment_status":"open","ping_status":"open","template":"bibliukaflar.php","meta":{"footnotes":""},"class_list":["post-1642","page","type-page","status-publish","hentry"],"_links":{"self":[{"href":"https:\/\/biblian.is\/1981\/wp-json\/wp\/v2\/pages\/1642","targetHints":{"allow":["GET"]}}],"collection":[{"href":"https:\/\/biblian.is\/1981\/wp-json\/wp\/v2\/pages"}],"about":[{"href":"https:\/\/biblian.is\/1981\/wp-json\/wp\/v2\/types\/page"}],"author":[{"embeddable":true,"href":"https:\/\/biblian.is\/1981\/wp-json\/wp\/v2\/users\/1"}],"replies":[{"embeddable":true,"href":"https:\/\/biblian.is\/1981\/wp-json\/wp\/v2\/comments?post=1642"}],"version-history":[{"count":0,"href":"https:\/\/biblian.is\/1981\/wp-json\/wp\/v2\/pages\/1642\/revisions"}],"wp:attachment":[{"href":"https:\/\/biblian.is\/1981\/wp-json\/wp\/v2\/media?parent=1642"}],"curies":[{"name":"wp","href":"https:\/\/api.w.org\/{rel}","templated":true}]}}