{"id":1641,"date":"2017-11-18T20:18:04","date_gmt":"2017-11-18T20:18:04","guid":{"rendered":"http:\/\/biblian.is\/1981\/fyrri-konungabok-4-kafli\/"},"modified":"2021-06-06T10:57:01","modified_gmt":"2021-06-06T10:57:01","slug":"fyrri-konungabok-4-kafli","status":"publish","type":"page","link":"https:\/\/biblian.is\/1981\/fyrri-konungabok-4-kafli\/","title":{"rendered":"Fyrri konungab\u00f3k 4. kafli"},"content":{"rendered":"<p><a name=\"1\"><span class=\"versanumer\">1<\/span><\/a>Sal\u00f3mon konungur var konungur yfir \u00f6llum \u00cdsrael, og<a name=\"2\"><span class=\"versanumer\">2<\/span><\/a>\u00feessir voru \u00e6\u00f0stu emb\u00e6ttismenn hans: Asarja Sad\u00f3ksson var prestur,<a name=\"3\"><span class=\"versanumer\">3<\/span><\/a>El\u00edh\u00f3ref og Ah\u00eda S\u00edsasynir voru kanslarar, J\u00f3safat Ah\u00edl\u00fa\u00f0sson var r\u00edkisritari,<a name=\"4\"><span class=\"versanumer\">4<\/span><\/a>Benaja J\u00f3jadason var yfir hernum, Sad\u00f3k og Abjatar voru prestar,<a name=\"5\"><span class=\"versanumer\">5<\/span><\/a>Asarja Natansson var yfir f\u00f3getunum, Sab\u00fa\u00f0 Natansson var prestur og vinur konungs.<a name=\"6\"><span class=\"versanumer\">6<\/span><\/a>Ah\u00edsar var stallari, Ad\u00f3n\u00edram Abdason var yfir kva\u00f0arm\u00f6nnum.<a name=\"7\"><span class=\"versanumer\">7<\/span><\/a>Sal\u00f3mon haf\u00f0i t\u00f3lf f\u00f3geta yfir \u00f6llum \u00cdsrael. Skyldu \u00feeir birgja konung og hir\u00f0 hans a\u00f0 vistum sinn m\u00e1nu\u00f0inn hver \u00e1 \u00e1ri hverju.<a name=\"8\"><span class=\"versanumer\">8<\/span><\/a>Og \u00feetta eru n\u00f6fn \u00feeirra: Ben H\u00far \u00e1 Efra\u00edmfj\u00f6llum,<a name=\"9\"><span class=\"versanumer\">9<\/span><\/a>Ben Deker \u00ed Makas og \u00ed Saalb\u00edm og Bet Semes og Elon, allt a\u00f0 Bet Hanan.<a name=\"10\"><span class=\"versanumer\">10<\/span><\/a>Ben Hese\u00f0 \u00ed Ar\u00fabb\u00f3t, honum tilheyr\u00f0i S\u00f3k\u00f3 og allt Heferland,<a name=\"11\"><span class=\"versanumer\">11<\/span><\/a>Ben Ab\u00ednadab haf\u00f0i allt D\u00f3rh\u00e1lendi, \u00e1tti hann Tafat, d\u00f3ttur Sal\u00f3mons fyrir konu.<a name=\"12\"><span class=\"versanumer\">12<\/span><\/a>Baana Ah\u00edl\u00fa\u00f0sson: Taanak og Megidd\u00f3 og allt Bet Sean, sem liggur hj\u00e1 Saretan fyrir ne\u00f0an Jesreel, fr\u00e1 Bet Sean til Abel Meh\u00f3la, allt vestur fyrir Jokmeam,<a name=\"13\"><span class=\"versanumer\">13<\/span><\/a>Ben Geber \u00ed Ram\u00f3t \u00ed G\u00edlea\u00f0, honum tilheyr\u00f0u \u00feorp Ja\u00edrs Manassesonar \u00ed G\u00edlea\u00f0 og landsspildan Arg\u00f3b \u00ed Basan, sext\u00edu st\u00f3rar borgir, me\u00f0 m\u00farveggjum og slagbr\u00f6ndum af eiri,<a name=\"14\"><span class=\"versanumer\">14<\/span><\/a>Ah\u00ednadab \u00cddd\u00f3son \u00ed Mahana\u00edm,<a name=\"15\"><span class=\"versanumer\">15<\/span><\/a>Ak\u00edmaas \u00ed Naftal\u00ed, hann haf\u00f0i og gengi\u00f0 a\u00f0 eiga Basmat, d\u00f3ttur Sal\u00f3mons.<a name=\"16\"><span class=\"versanumer\">16<\/span><\/a>Baana H\u00fasa\u00edson \u00ed Asser og Beal\u00f3t,<a name=\"17\"><span class=\"versanumer\">17<\/span><\/a>J\u00f3safat Par\u00faason \u00ed \u00cdssakar,<a name=\"18\"><span class=\"versanumer\">18<\/span><\/a>S\u00edme\u00ed Elason \u00ed Benjam\u00edn,<a name=\"19\"><span class=\"versanumer\">19<\/span><\/a>Geber \u00dar\u00edson \u00ed G\u00edlea\u00f0landi, landi S\u00edhons Amor\u00edtakonungs og \u00d3gs, konungs \u00ed Basan. Og einn f\u00f3geti var \u00ed J\u00fada.<a name=\"20\"><span class=\"versanumer\">20<\/span><\/a>J\u00fada og \u00cdsrael voru fj\u00f6lmennir, sem sandur \u00e1 sj\u00e1varstr\u00f6ndu, \u00feeir \u00e1tu og drukku og voru gla\u00f0ir.<a name=\"21\"><span class=\"versanumer\">21<\/span><\/a>Sal\u00f3mon drottna\u00f0i yfir \u00f6llum konungar\u00edkjum fr\u00e1 Efrat til Filistalands og til landam\u00e6ra Egyptalands. F\u00e6r\u00f0u \u00feeir Sal\u00f3mon skatt og voru \u00feegnskyldir honum alla \u00e6vi hans.<a name=\"22\"><span class=\"versanumer\">22<\/span><\/a>Og Sal\u00f3mon \u00feurfti daglega til matar \u00ferj\u00e1t\u00edu k\u00f3r af hveiti og sext\u00edu k\u00f3r af mj\u00f6li,<a name=\"23\"><span class=\"versanumer\">23<\/span><\/a>t\u00edu alda uxa og tuttugu uxa haggenga og hundra\u00f0 sau\u00f0i, auk hjarta, sk\u00f3gargeita, d\u00e1hjarta og alifugla.<a name=\"24\"><span class=\"versanumer\">24<\/span><\/a>\u00dev\u00ed a\u00f0 hann r\u00e9\u00f0 yfir \u00f6llu landi fyrir vestan Efrat, fr\u00e1 T\u00edfsa til Gasa, yfir \u00f6llum konungum fyrir vestan Efrat, og haf\u00f0i fri\u00f0 \u00e1 allar hli\u00f0ar hringinn \u00ed kring,<a name=\"25\"><span class=\"versanumer\">25<\/span><\/a>svo a\u00f0 J\u00fada og \u00cdsrael bjuggu \u00f6ruggir, hver ma\u00f0ur undir s\u00ednu v\u00edntr\u00e9 og f\u00edkjutr\u00e9, fr\u00e1 Dan til Beerseba, alla \u00e6vi Sal\u00f3mons.<a name=\"26\"><span class=\"versanumer\">26<\/span><\/a>Og Sal\u00f3mon haf\u00f0i fj\u00f6rut\u00edu \u00fe\u00fasund vagnhesta og t\u00f3lf \u00fe\u00fasund r\u00ed\u00f0andi menn.<a name=\"27\"><span class=\"versanumer\">27<\/span><\/a>Og f\u00f3getar \u00feessir birg\u00f0u Sal\u00f3mon konung a\u00f0 vistum og alla \u00fe\u00e1, er komu a\u00f0 bor\u00f0i Sal\u00f3mons konungs, sinn m\u00e1nu\u00f0inn hver. L\u00e9tu \u00feeir ekkert skorta.<a name=\"28\"><span class=\"versanumer\">28<\/span><\/a>Og bygg og hey handa akhestunum og g\u00e6\u00f0ingunum fluttu \u00feeir \u00feanga\u00f0, er hann var, hver eftir \u00fev\u00ed sem honum bar.<a name=\"29\"><span class=\"versanumer\">29<\/span><\/a>Og Gu\u00f0 veitti Sal\u00f3mon afar mikla speki og visku og dj\u00faps\u00e6i andans, sem sandur er margur \u00e1 sj\u00e1varstr\u00f6nd,<a name=\"30\"><span class=\"versanumer\">30<\/span><\/a>og speki Sal\u00f3mons var meiri en speki allra austurbyggja og \u00f6ll speki Egyptalands.<a name=\"31\"><span class=\"versanumer\">31<\/span><\/a>Og hann var allra manna vitrastur, vitrari en Etan Esrah\u00edti og Heman og Kalk\u00f3l og Darda Mah\u00f3lssynir, og hann var nafnfr\u00e6gur me\u00f0 \u00f6llum \u00fej\u00f3\u00f0um umhverfis.<a name=\"32\"><span class=\"versanumer\">32<\/span><\/a>Hann m\u00e6lti \u00ferj\u00fa \u00fe\u00fasund or\u00f0skvi\u00f0u, og lj\u00f3\u00f0 hans voru eitt \u00fe\u00fasund og fimm a\u00f0 t\u00f6lu.<a name=\"33\"><span class=\"versanumer\">33<\/span><\/a>Og hann tala\u00f0i um tr\u00e9n, allt fr\u00e1 sedrustrj\u00e1num \u00e1 L\u00edbanon til \u00eds\u00f3psins, sem sprettur \u00e1 m\u00farveggnum. Og hann tala\u00f0i um f\u00e9na\u00f0 og fugla, orma og fiska,<a name=\"34\"><span class=\"versanumer\">34<\/span><\/a>og menn komu af \u00f6llum \u00fej\u00f3\u00f0um til \u00feess a\u00f0 heyra speki Sal\u00f3mons, fr\u00e1 \u00f6llum konungum jar\u00f0arinnar, er heyr\u00f0u speki hans geti\u00f0.<\/p>\n<div class=\"footnote1981\"><b>4.6<\/b> Hallarr\u00e1\u00f0sma\u00f0ur 2Sam 15.37<br \/>\n<b>4.13<\/b> Tjald\u00feorp Ja\u00edrs 4M\u00f3s 32.41; 5M\u00f3s 3.14; J\u00f3s 13.30<br \/>\n<b>4.20<\/b> Sandkorn 1M\u00f3s 22.17+ &#8211; eta, drekka, vera gla\u00f0ur 1Sam 30.16; Pr\u00e9d 2.24; 3.13<\/div>\n","protected":false},"excerpt":{"rendered":"<p>1Sal\u00f3mon konungur var konungur yfir \u00f6llum \u00cdsrael, og2\u00feessir voru \u00e6\u00f0stu emb\u00e6ttismenn hans: Asarja Sad\u00f3ksson var prestur,3El\u00edh\u00f3ref og Ah\u00eda S\u00edsasynir voru kanslarar, J\u00f3safat Ah\u00edl\u00fa\u00f0sson var r\u00edkisritari,4Benaja J\u00f3jadason var yfir hernum, Sad\u00f3k og Abjatar voru prestar,5Asarja Natansson var yfir f\u00f3getunum, Sab\u00fa\u00f0 Natansson var prestur og vinur konungs.6Ah\u00edsar var stallari, Ad\u00f3n\u00edram Abdason var yfir kva\u00f0arm\u00f6nnum.7Sal\u00f3mon haf\u00f0i t\u00f3lf f\u00f3geta yfir \u00f6llum \u00cdsrael. Skyldu \u00feeir birgja konung og hir\u00f0 hans a\u00f0 vistum sinn m\u00e1nu\u00f0inn hver \u00e1 \u00e1ri hverju.8Og \u00feetta eru n\u00f6fn \u00feeirra: Ben H\u00far \u00e1 Efra\u00edmfj\u00f6llum,9Ben Deker \u00ed Makas og \u00ed Saalb\u00edm og Bet Semes og Elon, allt a\u00f0 Bet Hanan.10Ben Hese\u00f0 \u00ed Ar\u00fabb\u00f3t, honum <a href=\"https:\/\/biblian.is\/1981\/fyrri-konungabok-4-kafli\/\"> [&#8230;]<\/a><\/p>\n","protected":false},"author":1,"featured_media":0,"parent":0,"menu_order":0,"comment_status":"open","ping_status":"open","template":"bibliukaflar.php","meta":{"footnotes":""},"class_list":["post-1641","page","type-page","status-publish","hentry"],"_links":{"self":[{"href":"https:\/\/biblian.is\/1981\/wp-json\/wp\/v2\/pages\/1641","targetHints":{"allow":["GET"]}}],"collection":[{"href":"https:\/\/biblian.is\/1981\/wp-json\/wp\/v2\/pages"}],"about":[{"href":"https:\/\/biblian.is\/1981\/wp-json\/wp\/v2\/types\/page"}],"author":[{"embeddable":true,"href":"https:\/\/biblian.is\/1981\/wp-json\/wp\/v2\/users\/1"}],"replies":[{"embeddable":true,"href":"https:\/\/biblian.is\/1981\/wp-json\/wp\/v2\/comments?post=1641"}],"version-history":[{"count":0,"href":"https:\/\/biblian.is\/1981\/wp-json\/wp\/v2\/pages\/1641\/revisions"}],"wp:attachment":[{"href":"https:\/\/biblian.is\/1981\/wp-json\/wp\/v2\/media?parent=1641"}],"curies":[{"name":"wp","href":"https:\/\/api.w.org\/{rel}","templated":true}]}}