{"id":1640,"date":"2017-11-18T20:18:04","date_gmt":"2017-11-18T20:18:04","guid":{"rendered":"http:\/\/biblian.is\/1981\/fyrri-konungabok-3-kafli\/"},"modified":"2021-06-06T10:57:00","modified_gmt":"2021-06-06T10:57:00","slug":"fyrri-konungabok-3-kafli","status":"publish","type":"page","link":"https:\/\/biblian.is\/1981\/fyrri-konungabok-3-kafli\/","title":{"rendered":"Fyrri konungab\u00f3k 3. kafli"},"content":{"rendered":"<p><a name=\"1\"><span class=\"versanumer\">1<\/span><\/a>\u00deegar Sal\u00f3mon konungur var or\u00f0inn fastur \u00ed sessi, m\u00e6g\u00f0ist hann vi\u00f0 Fara\u00f3 Egyptalandskonung og f\u00e9kk d\u00f3ttur Fara\u00f3s og flutti hana til Dav\u00ed\u00f0sborgar, uns hann haf\u00f0i loki\u00f0 vi\u00f0 a\u00f0 reisa h\u00f6ll s\u00edna, musteri Drottins og m\u00fara umhverfis Jer\u00fasalem.<a name=\"2\"><span class=\"versanumer\">2<\/span><\/a>En l\u00fd\u00f0urinn f\u00f3rna\u00f0i enn \u00e1 f\u00f3rnarh\u00e6\u00f0unum, \u00fev\u00ed a\u00f0 allt til \u00feess t\u00edma var ekkert h\u00fas reist nafni Drottins.<a name=\"3\"><span class=\"versanumer\">3<\/span><\/a>En Sal\u00f3mon elska\u00f0i Drottin, svo a\u00f0 hann h\u00e9lt l\u00f6g Dav\u00ed\u00f0s f\u00f6\u00f0ur s\u00edns, en \u00fe\u00f3 f\u00e6r\u00f0i hann sl\u00e1turf\u00f3rnir og reykelsisf\u00f3rnir \u00e1 f\u00f3rnarh\u00e6\u00f0unum.<a name=\"4\"><span class=\"versanumer\">4<\/span><\/a>Konungur f\u00f3r til G\u00edbeon til \u00feess a\u00f0 f\u00f3rna \u00fear, \u00fev\u00ed a\u00f0 \u00fea\u00f0 var a\u00f0alf\u00f3rnarh\u00e6\u00f0in. F\u00f3rna\u00f0i Sal\u00f3mon \u00fe\u00fasund brennif\u00f3rnum \u00e1 \u00fev\u00ed altari.<a name=\"5\"><span class=\"versanumer\">5<\/span><\/a>\u00cd G\u00edbeon vitra\u00f0ist Drottinn Sal\u00f3mon \u00ed draumi um n\u00f3tt, og Gu\u00f0 sag\u00f0i: Bi\u00f0 mig \u00feess, er \u00fe\u00fa vilt a\u00f0 \u00e9g veiti \u00fe\u00e9r.<a name=\"6\"><span class=\"versanumer\">6<\/span><\/a>\u00de\u00e1 sag\u00f0i Sal\u00f3mon: \u00de\u00fa au\u00f0s\u00fdndir \u00fej\u00f3ni \u00fe\u00ednum, Dav\u00ed\u00f0 f\u00f6\u00f0ur m\u00ednum, mikla miskunn, \u00fear e\u00f0 hann gekk fyrir augliti \u00fe\u00ednu \u00ed tr\u00famennsku, r\u00e9ttl\u00e6ti og hjartans einl\u00e6gni vi\u00f0 \u00feig. Og \u00fe\u00fa l\u00e9st haldast vi\u00f0 hann \u00feessa miklu miskunn og gafst honum son, sem situr \u00ed h\u00e1s\u00e6ti hans, eins og n\u00fa er fram komi\u00f0.<a name=\"7\"><span class=\"versanumer\">7<\/span><\/a>N\u00fa hefir \u00fe\u00fa \u00fe\u00e1, Drottinn Gu\u00f0 minn, gj\u00f6rt \u00fej\u00f3n \u00feinn a\u00f0 konungi \u00ed sta\u00f0 Dav\u00ed\u00f0s f\u00f6\u00f0ur m\u00edns. En \u00e9g er unglingur og kann ekki f\u00f3tum m\u00ednum forr\u00e1\u00f0.<a name=\"8\"><span class=\"versanumer\">8<\/span><\/a>Og \u00fej\u00f3nn \u00feinn er mitt \u00e1 me\u00f0al \u00fej\u00f3\u00f0ar \u00feinnar, er \u00fe\u00fa hefir \u00fatvali\u00f0, mikillar \u00fej\u00f3\u00f0ar, er eigi m\u00e1 telja e\u00f0a t\u00f6lu \u00e1 koma fyrir fj\u00f6lda sakir.<a name=\"9\"><span class=\"versanumer\">9<\/span><\/a>Gef \u00fev\u00ed \u00fej\u00f3ni \u00fe\u00ednum gaumg\u00e6fi\u00f0 hjarta til a\u00f0 stj\u00f3rna \u00fej\u00f3\u00f0 \u00feinni og til a\u00f0 greina gott fr\u00e1 illu. \u00dev\u00ed a\u00f0 hver g\u00e6ti annars stj\u00f3rna\u00f0 \u00feessari fj\u00f6lmennu \u00fej\u00f3\u00f0 \u00feinni?<a name=\"10\"><span class=\"versanumer\">10<\/span><\/a>Drottni l\u00edka\u00f0i vel, a\u00f0 Sal\u00f3mon ba\u00f0 um \u00feetta.<a name=\"11\"><span class=\"versanumer\">11<\/span><\/a>\u00de\u00e1 sag\u00f0i Gu\u00f0 vi\u00f0 hann: Af \u00fev\u00ed a\u00f0 \u00fe\u00fa ba\u00f0st um \u00feetta, en ba\u00f0st ekki um langl\u00edfi \u00fe\u00e9r til handa e\u00f0a au\u00f0leg\u00f0 e\u00f0a l\u00edf \u00f3vina \u00feinna, heldur ba\u00f0st um vitsmuni til a\u00f0 skynja, hva\u00f0 r\u00e9tt er \u00ed m\u00e1lum manna,<a name=\"12\"><span class=\"versanumer\">12<\/span><\/a>\u00fe\u00e1 vil \u00e9g veita \u00fe\u00e9r b\u00e6n \u00fe\u00edna. \u00c9g gef \u00fe\u00e9r hyggi\u00f0 og skynugt hjarta, svo a\u00f0 \u00feinn l\u00edki hefir ekki veri\u00f0 \u00e1 undan \u00fe\u00e9r og mun ekki koma eftir \u00feig.<a name=\"13\"><span class=\"versanumer\">13<\/span><\/a>Og l\u00edka gef \u00e9g \u00fe\u00e9r \u00fea\u00f0, sem \u00fe\u00fa ba\u00f0st ekki um, b\u00e6\u00f0i au\u00f0leg\u00f0 og hei\u00f0ur, svo a\u00f0 \u00feinn l\u00edki skal eigi ver\u00f0a me\u00f0al konunganna alla \u00fe\u00edna daga.<a name=\"14\"><span class=\"versanumer\">14<\/span><\/a>Og ef \u00fe\u00fa gengur \u00e1 m\u00ednum vegum og var\u00f0veitir bo\u00f0or\u00f0 m\u00edn og skipanir, eins og Dav\u00ed\u00f0 fa\u00f0ir \u00feinn gj\u00f6r\u00f0i, \u00fe\u00e1 mun \u00e9g gefa \u00fe\u00e9r langa l\u00edfdaga.<a name=\"15\"><span class=\"versanumer\">15<\/span><\/a>S\u00ed\u00f0an vakna\u00f0i Sal\u00f3mon, og sj\u00e1: \u00dea\u00f0 var draumur. Og er hann var kominn til Jer\u00fasalem, gekk hann fyrir s\u00e1ttm\u00e1ls\u00f6rk Drottins og bar fram brennif\u00f3rnir og f\u00f3rna\u00f0i heillaf\u00f3rnum og gj\u00f6r\u00f0i veislu \u00f6llum \u00fej\u00f3num s\u00ednum.<a name=\"16\"><span class=\"versanumer\">16<\/span><\/a>Tv\u00e6r portkonur komu til konungs og gengu fyrir hann.<a name=\"17\"><span class=\"versanumer\">17<\/span><\/a>Og \u00f6nnur konan sag\u00f0i: Me\u00f0 leyfi, herra minn! \u00c9g og kona \u00feessi b\u00faum \u00ed sama h\u00fasinu, og \u00f3l \u00e9g barn \u00ed h\u00fasinu hj\u00e1 henni.<a name=\"18\"><span class=\"versanumer\">18<\/span><\/a>En \u00e1 \u00feri\u00f0ja degi eftir a\u00f0 \u00e9g haf\u00f0i ali\u00f0 barni\u00f0, \u00f3l og kona \u00feessi barn. Og vi\u00f0 vorum saman og enginn annar hj\u00e1 okkur \u00ed h\u00fasinu. Vi\u00f0 vorum tv\u00e6r einar \u00ed h\u00fasinu.<a name=\"19\"><span class=\"versanumer\">19<\/span><\/a>\u00de\u00e1 d\u00f3 sonur \u00feessarar konu um n\u00f3tt, af \u00fev\u00ed a\u00f0 h\u00fan haf\u00f0i lagst ofan \u00e1 hann.<a name=\"20\"><span class=\"versanumer\">20<\/span><\/a>En h\u00fan reis \u00e1 f\u00e6tur um mi\u00f0ja n\u00f3tt og t\u00f3k son minn fr\u00e1 m\u00e9r, me\u00f0an amb\u00e1tt \u00fe\u00edn svaf, og lag\u00f0i hann a\u00f0 brj\u00f3sti s\u00e9r, en dau\u00f0a soninn sinn lag\u00f0i h\u00fan a\u00f0 brj\u00f3sti m\u00e9r.<a name=\"21\"><span class=\"versanumer\">21<\/span><\/a>En er \u00e9g reis um morguninn og \u00e6tla\u00f0i a\u00f0 gefa syni m\u00ednum a\u00f0 sj\u00faga, sj\u00e1, \u00fe\u00e1 var hann dau\u00f0ur! Og er \u00e9g virti hann fyrir m\u00e9r um morguninn, sj\u00e1, \u00fe\u00e1 var \u00fea\u00f0 ekki sonur minn, s\u00e1 er \u00e9g haf\u00f0i f\u00e6tt.<a name=\"22\"><span class=\"versanumer\">22<\/span><\/a>En hin konan sag\u00f0i: Nei, \u00fea\u00f0 er minn sonur, sem er lifandi, en \u00feinn sonur er dau\u00f0ur. En s\u00fa fyrri sag\u00f0i: Nei, \u00fea\u00f0 er \u00feinn sonur, sem er dau\u00f0ur, en minn sonur, sem er lifandi. \u00deannig \u00fer\u00e1ttu\u00f0u \u00fe\u00e6r frammi fyrir konungi.<a name=\"23\"><span class=\"versanumer\">23<\/span><\/a>\u00de\u00e1 m\u00e6lti konungur: \u00d6nnur segir: \u00dea\u00f0 er minn sonur, sem er lifandi, og \u00feinn sonur, sem er dau\u00f0ur. En hin segir: Nei, \u00fea\u00f0 er \u00feinn sonur, sem er dau\u00f0ur, en minn sonur, sem er lifandi.<a name=\"24\"><span class=\"versanumer\">24<\/span><\/a>Og konungur sag\u00f0i: F\u00e6ri\u00f0 m\u00e9r sver\u00f0. Og \u00feeir f\u00e6r\u00f0u konungi sver\u00f0i\u00f0.<a name=\"25\"><span class=\"versanumer\">25<\/span><\/a>\u00de\u00e1 m\u00e6lti konungur: H\u00f6ggvi\u00f0 sundur barni\u00f0, sem lifir, \u00ed tvo hluti og f\u00e1i\u00f0 sinn helminginn hvorri.<a name=\"26\"><span class=\"versanumer\">26<\/span><\/a>\u00de\u00e1 sag\u00f0i konan, sem \u00e1tti lifandi barni\u00f0, vi\u00f0 konung, \u00fev\u00ed a\u00f0 \u00e1stin til barnsins brann \u00ed brj\u00f3sti hennar, h\u00fan m\u00e6lti: \u00c6, herra minn, gefi\u00f0 henni barni\u00f0, sem lifir, en dey\u00f0i\u00f0 \u00fea\u00f0 ekki. En hin sag\u00f0i: Nj\u00f3ti \u00fe\u00e1 hvorug okkar \u00feess. H\u00f6ggvi\u00f0 \u00fea\u00f0 sundur!<a name=\"27\"><span class=\"versanumer\">27<\/span><\/a>\u00de\u00e1 svara\u00f0i konungur og sag\u00f0i: F\u00e1i\u00f0 hinni konunni barni\u00f0, sem lifir, en dey\u00f0i\u00f0 \u00fea\u00f0 ekki. H\u00fan er m\u00f3\u00f0ir \u00feess.<a name=\"28\"><span class=\"versanumer\">28<\/span><\/a>Og allur \u00cdsrael heyr\u00f0i d\u00f3minn, sem konungur haf\u00f0i d\u00e6mt. Og \u00feeir \u00f3ttu\u00f0ust konung, \u00fev\u00ed a\u00f0 \u00feeir s\u00e1u, a\u00f0 hann var g\u00e6ddur gu\u00f0legri speki til \u00feess a\u00f0 kve\u00f0a upp d\u00f3ma.<\/p>\n<div class=\"footnote1981\"><b>3.1<\/b> H\u00fas 1Kon 7.11-12 \u2013 musteri\u00f0 1Kon 6.1-38 \u2013 m\u00farar Jer\u00fasalem 1Kon 9.15<br \/>\n<b>3.5-12<\/b> Vitra\u00f0ist 1Kon 9.1-9; SSal 8.21-9.12; S\u00edr 47.14<br \/>\n<b>3.8<\/b> \u00datvalin \u00fej\u00f3\u00f0 5M\u00f3s 7.7-8<br \/>\n<b>3.12<\/b> \u00deinn l\u00edki Pr\u00e9d 1.16; sbr 2Kon 18.5; 23.25<br \/>\n<b>3.28<\/b> R\u00e9ttl\u00e6ti konungsins Jes 9.6; Slm 72.1-2; Okv 16.12; 29.14<\/div>\n","protected":false},"excerpt":{"rendered":"<p>1\u00deegar Sal\u00f3mon konungur var or\u00f0inn fastur \u00ed sessi, m\u00e6g\u00f0ist hann vi\u00f0 Fara\u00f3 Egyptalandskonung og f\u00e9kk d\u00f3ttur Fara\u00f3s og flutti hana til Dav\u00ed\u00f0sborgar, uns hann haf\u00f0i loki\u00f0 vi\u00f0 a\u00f0 reisa h\u00f6ll s\u00edna, musteri Drottins og m\u00fara umhverfis Jer\u00fasalem.2En l\u00fd\u00f0urinn f\u00f3rna\u00f0i enn \u00e1 f\u00f3rnarh\u00e6\u00f0unum, \u00fev\u00ed a\u00f0 allt til \u00feess t\u00edma var ekkert h\u00fas reist nafni Drottins.3En Sal\u00f3mon elska\u00f0i Drottin, svo a\u00f0 hann h\u00e9lt l\u00f6g Dav\u00ed\u00f0s f\u00f6\u00f0ur s\u00edns, en \u00fe\u00f3 f\u00e6r\u00f0i hann sl\u00e1turf\u00f3rnir og reykelsisf\u00f3rnir \u00e1 f\u00f3rnarh\u00e6\u00f0unum.4Konungur f\u00f3r til G\u00edbeon til \u00feess a\u00f0 f\u00f3rna \u00fear, \u00fev\u00ed a\u00f0 \u00fea\u00f0 var a\u00f0alf\u00f3rnarh\u00e6\u00f0in. F\u00f3rna\u00f0i Sal\u00f3mon \u00fe\u00fasund brennif\u00f3rnum \u00e1 \u00fev\u00ed altari.5\u00cd G\u00edbeon vitra\u00f0ist Drottinn Sal\u00f3mon \u00ed draumi <a href=\"https:\/\/biblian.is\/1981\/fyrri-konungabok-3-kafli\/\"> [&#8230;]<\/a><\/p>\n","protected":false},"author":1,"featured_media":0,"parent":0,"menu_order":0,"comment_status":"open","ping_status":"open","template":"bibliukaflar.php","meta":{"footnotes":""},"class_list":["post-1640","page","type-page","status-publish","hentry"],"_links":{"self":[{"href":"https:\/\/biblian.is\/1981\/wp-json\/wp\/v2\/pages\/1640","targetHints":{"allow":["GET"]}}],"collection":[{"href":"https:\/\/biblian.is\/1981\/wp-json\/wp\/v2\/pages"}],"about":[{"href":"https:\/\/biblian.is\/1981\/wp-json\/wp\/v2\/types\/page"}],"author":[{"embeddable":true,"href":"https:\/\/biblian.is\/1981\/wp-json\/wp\/v2\/users\/1"}],"replies":[{"embeddable":true,"href":"https:\/\/biblian.is\/1981\/wp-json\/wp\/v2\/comments?post=1640"}],"version-history":[{"count":0,"href":"https:\/\/biblian.is\/1981\/wp-json\/wp\/v2\/pages\/1640\/revisions"}],"wp:attachment":[{"href":"https:\/\/biblian.is\/1981\/wp-json\/wp\/v2\/media?parent=1640"}],"curies":[{"name":"wp","href":"https:\/\/api.w.org\/{rel}","templated":true}]}}