{"id":1637,"date":"2017-11-18T20:18:04","date_gmt":"2017-11-18T20:18:04","guid":{"rendered":"http:\/\/biblian.is\/1981\/sidari-samuelsbok-24-kafli\/"},"modified":"2021-06-06T11:10:53","modified_gmt":"2021-06-06T11:10:53","slug":"sidari-samuelsbok-24-kafli","status":"publish","type":"page","link":"https:\/\/biblian.is\/1981\/sidari-samuelsbok-24-kafli\/","title":{"rendered":"S\u00ed\u00f0ari Sam\u00faelsb\u00f3k 24. kafli"},"content":{"rendered":"<p><a name=\"1\"><span class=\"versanumer\">1<\/span><\/a>Rei\u00f0i Drottins upptendra\u00f0ist enn gegn \u00cdsrael. Egndi hann \u00fe\u00e1 Dav\u00ed\u00f0 upp \u00ed m\u00f3ti \u00feeim me\u00f0 \u00fev\u00ed a\u00f0 segja: Far \u00fe\u00fa og tel \u00cdsrael og J\u00fada.<a name=\"2\"><span class=\"versanumer\">2<\/span><\/a>\u00de\u00e1 sag\u00f0i konungur vi\u00f0 J\u00f3ab og hersh\u00f6f\u00f0ingjana, sem me\u00f0 honum voru: Fari\u00f0 um allar \u00e6ttkv\u00edslir \u00cdsraels fr\u00e1 Dan til Beerseba og telji\u00f0 f\u00f3lki\u00f0, til \u00feess a\u00f0 \u00e9g f\u00e1i a\u00f0 vita, hve margt f\u00f3lki\u00f0 er.<a name=\"3\"><span class=\"versanumer\">3<\/span><\/a>J\u00f3ab svara\u00f0i konungi: Drottinn Gu\u00f0 \u00feinn margfaldi l\u00fd\u00f0inn hversu margir, sem \u00feeir n\u00fa kunna a\u00f0 vera hundra\u00f0 sinnum og l\u00e1ti minn herra konunginn lifa \u00fea\u00f0. En hvers vegna vill minn herra konungurinn gj\u00f6ra \u00feetta?<a name=\"4\"><span class=\"versanumer\">4<\/span><\/a>En J\u00f3ab og hersh\u00f6f\u00f0ingjarnir m\u00e1ttu eigi gj\u00f6ra anna\u00f0 en \u00fea\u00f0, sem konungur bau\u00f0. Gekk \u00fe\u00e1 J\u00f3ab og hersh\u00f6f\u00f0ingjarnir burt fr\u00e1 konungi til \u00feess a\u00f0 taka manntal \u00ed \u00cdsrael.<a name=\"5\"><span class=\"versanumer\">5<\/span><\/a>\u00deeir f\u00f3ru yfir J\u00f3rdan og byrju\u00f0u \u00e1 Ar\u00f3er og borginni, sem er \u00ed dalnum \u00ed \u00e1ttina til Ga\u00f0 og Jaser.<a name=\"6\"><span class=\"versanumer\">6<\/span><\/a>S\u00ed\u00f0an komu \u00feeir til G\u00edlea\u00f0, og til lands Het\u00edta, \u00ed n\u00e1nd vi\u00f0 Kades. \u00de\u00e1 komu \u00feeir til Dan, og fr\u00e1 Dan beyg\u00f0u \u00feeir vi\u00f0 \u00ed \u00e1ttina til S\u00eddon.<a name=\"7\"><span class=\"versanumer\">7<\/span><\/a>\u00dev\u00ed n\u00e6st komu \u00feeir til T\u00fdruskastala og til allra borga Hev\u00edta og Kanaan\u00edta, f\u00f3ru s\u00ed\u00f0an til su\u00f0urlandsins \u00ed J\u00fada, til Beerseba.<a name=\"8\"><span class=\"versanumer\">8<\/span><\/a>En er \u00feeir h\u00f6f\u00f0u fari\u00f0 um land allt, komu \u00feeir eftir n\u00edu m\u00e1nu\u00f0i og tuttugu daga til Jer\u00fasalem.<a name=\"9\"><span class=\"versanumer\">9<\/span><\/a>Og J\u00f3ab sag\u00f0i konungi t\u00f6luna, sem komi\u00f0 haf\u00f0i \u00fat vi\u00f0 manntali\u00f0: \u00cd \u00cdsrael voru \u00e1tta hundru\u00f0 \u00fe\u00fasundir vopnf\u00e6rra manna vopnb\u00fainna, en \u00ed J\u00fada fimm hundru\u00f0 \u00fe\u00fasundir manns.<a name=\"10\"><span class=\"versanumer\">10<\/span><\/a>En samviskan sl\u00f3 Dav\u00ed\u00f0, er hann haf\u00f0i l\u00e1ti\u00f0 telja f\u00f3lki\u00f0. \u00de\u00e1 sag\u00f0i Dav\u00ed\u00f0 vi\u00f0 Drottin: Mj\u00f6g hefi \u00e9g syndga\u00f0 me\u00f0 \u00fev\u00ed, sem \u00e9g hefi gj\u00f6rt. En Drottinn, tak n\u00fa burt misgj\u00f6r\u00f0 \u00fej\u00f3ns \u00fe\u00edns, \u00fev\u00ed a\u00f0 mj\u00f6g \u00f3viturlega hefir m\u00e9r til tekist.<a name=\"11\"><span class=\"versanumer\">11<\/span><\/a>Er Dav\u00ed\u00f0 reis morguninn eftir, kom or\u00f0 Drottins til Ga\u00f0s sp\u00e1manns, sj\u00e1anda Dav\u00ed\u00f0s, svol\u00e1tandi:<a name=\"12\"><span class=\"versanumer\">12<\/span><\/a>Far \u00fe\u00fa og seg vi\u00f0 Dav\u00ed\u00f0: Svo segir Drottinn: \u00derj\u00e1 kosti set \u00e9g \u00fe\u00e9r, kj\u00f3s einn af \u00feeim, og mun \u00e9g svo vi\u00f0 \u00feig gj\u00f6ra.<a name=\"13\"><span class=\"versanumer\">13<\/span><\/a>\u00de\u00e1 gekk Ga\u00f0 til Dav\u00ed\u00f0s, sag\u00f0i honum fr\u00e1 \u00feessu og m\u00e6lti til hans: Hva\u00f0 k\u00fdst \u00fe\u00fa, a\u00f0 hungur komi \u00ed \u00ferj\u00fa \u00e1r yfir land \u00feitt, e\u00f0a a\u00f0 \u00fe\u00fa ver\u00f0ir a\u00f0 fl\u00fdja \u00ed \u00ferj\u00e1 m\u00e1nu\u00f0i fyrir \u00f3vinum \u00fe\u00ednum og sver\u00f0i\u00f0 elti \u00feig, e\u00f0a dreps\u00f3tt geisi \u00ferj\u00e1 daga \u00ed landi \u00fe\u00ednu? Hugsa\u00f0u \u00feig n\u00fa um, og sj\u00e1 til, hverju \u00e9g \u00e1 a\u00f0 svara \u00feeim, sem sendi mig.<a name=\"14\"><span class=\"versanumer\">14<\/span><\/a>\u00de\u00e1 sag\u00f0i Dav\u00ed\u00f0 vi\u00f0 Ga\u00f0: \u00c9g er \u00ed miklum nau\u00f0um staddur. L\u00e1tum oss falla \u00ed hendur Drottins, \u00fev\u00ed a\u00f0 mikil er miskunn hans, en \u00ed manna hendur vil \u00e9g ekki falla.<a name=\"15\"><span class=\"versanumer\">15<\/span><\/a>Dav\u00ed\u00f0 kaus \u00fe\u00e1 dreps\u00f3ttina, en hveitiuppskeran st\u00f3\u00f0 yfir, \u00feegar s\u00f3ttin byrja\u00f0i, og af l\u00fd\u00f0num fr\u00e1 Dan til Beerseba d\u00f3u sj\u00f6t\u00edu \u00fe\u00fasund manns.<a name=\"16\"><span class=\"versanumer\">16<\/span><\/a>En er engillinn r\u00e9tti \u00fat h\u00f6nd s\u00edna gegn Jer\u00fasalem til \u00feess a\u00f0 ey\u00f0a hana, \u00fe\u00e1 i\u00f0ra\u00f0i Drottin hins illa, og hann sag\u00f0i vi\u00f0 engilinn, sem eyddi f\u00f3lkinu: N\u00f3g er a\u00f0 gj\u00f6rt! Drag n\u00fa a\u00f0 \u00fe\u00e9r h\u00f6ndina! En engill Drottins var \u00fe\u00e1 hj\u00e1 \u00fereskivelli Aravna Jeb\u00fas\u00edta.<a name=\"17\"><span class=\"versanumer\">17<\/span><\/a>\u00deegar Dav\u00ed\u00f0 s\u00e1, hversu engillinn drap ni\u00f0ur f\u00f3lki\u00f0, \u00fe\u00e1 sag\u00f0i hann vi\u00f0 Drottin: Sj\u00e1, \u00e9g hefi syndga\u00f0, og \u00e9g hefi misgj\u00f6rt. En \u00feetta er hj\u00f6r\u00f0 m\u00edn, hva\u00f0 hefir h\u00fan gj\u00f6rt? L\u00e1t h\u00f6nd \u00fe\u00edna leggjast \u00e1 mig og \u00e6ttmenn m\u00edna.<a name=\"18\"><span class=\"versanumer\">18<\/span><\/a>\u00deann dag kom Ga\u00f0 til Dav\u00ed\u00f0s og m\u00e6lti vi\u00f0 hann: Far \u00fe\u00fa og reis Drottni altari \u00e1 \u00fereskivelli Aravna Jeb\u00fas\u00edta.<a name=\"19\"><span class=\"versanumer\">19<\/span><\/a>Og Dav\u00ed\u00f0 f\u00f3r eftir bo\u00f0i Ga\u00f0s, eins og Drottinn haf\u00f0i skipa\u00f0.<a name=\"20\"><span class=\"versanumer\">20<\/span><\/a>Og er Aravna leit upp og s\u00e1 konung og menn hans koma til s\u00edn, \u00fe\u00e1 gekk hann \u00ed m\u00f3ti \u00feeim og laut \u00e1 \u00e1sj\u00f3nu s\u00edna til jar\u00f0ar fyrir konungi.<a name=\"21\"><span class=\"versanumer\">21<\/span><\/a>Og Aravna m\u00e6lti: Hv\u00ed kemur minn herra konungurinn til \u00fej\u00f3ns s\u00edns? Dav\u00ed\u00f0 svara\u00f0i: Til \u00feess a\u00f0 kaupa af \u00fe\u00e9r \u00fereskiv\u00f6llinn, svo a\u00f0 \u00e9g geti reist Drottni altari og pl\u00e1gunni megi l\u00e9tta af l\u00fd\u00f0num.<a name=\"22\"><span class=\"versanumer\">22<\/span><\/a>Aravna svara\u00f0i Dav\u00ed\u00f0: Taki minn herra konungurinn \u00fea\u00f0, sem honum \u00fe\u00f3knast, og f\u00f3rni. Sj\u00e1, h\u00e9r eru nautin til brennif\u00f3rnar og \u00fereskisle\u00f0arnir og aktygin af nautunum til eldivi\u00f0ar.<a name=\"23\"><span class=\"versanumer\">23<\/span><\/a>Allt \u00feetta, konungur, gefur Aravna konunginum. Og Aravna m\u00e6lti vi\u00f0 konung: Drottinn, Gu\u00f0 \u00feinn, s\u00e9 \u00fe\u00e9r n\u00e1\u00f0ugur!<a name=\"24\"><span class=\"versanumer\">24<\/span><\/a>En konungur sag\u00f0i vi\u00f0 Aravna: Eigi svo, en kaupa vil \u00e9g \u00fea\u00f0 ver\u00f0i af \u00fe\u00e9r, \u00fev\u00ed a\u00f0 ekki vil \u00e9g f\u00e6ra Drottni, Gu\u00f0i m\u00ednum, \u00fea\u00f0 \u00ed brennif\u00f3rnir, er \u00e9g hefi kauplaust \u00feegi\u00f0. S\u00ed\u00f0an keypti Dav\u00ed\u00f0 \u00fereskiv\u00f6llinn og nautin fyrir fimmt\u00edu sikla silfurs.<a name=\"25\"><span class=\"versanumer\">25<\/span><\/a>Og Dav\u00ed\u00f0 reisti Drottni \u00fear altari og f\u00f3rna\u00f0i brennif\u00f3rnum og heillaf\u00f3rnum. Og Drottinn l\u00edkna\u00f0i landinu, og l\u00e9tti \u00fe\u00e1 pl\u00e1gunni af \u00cdsrael.<\/p>\n<div class=\"footnote1981\"><b>24.1-9<\/b> Manntali\u00f0 4M\u00f3s 1.1-47<br \/>\n<b>24.1<\/b> Rei\u00f0i Drottins 4M\u00f3s 25.3; 32.13; D\u00f3m 2.14-20; 3.8; 2Kon 13.3<br \/>\n<b>24.3<\/b> Hundra\u00f0falt 5M\u00f3s 1.11<br \/>\n<b>24.10<\/b> Samviskan sl\u00f3 Dav\u00ed\u00f0 1Sam 24.6 \u2013 broti\u00f0 af s\u00e9r 2Sam 12.13+ &#8211; heimskulega 1Sam 13.13<br \/>\n<b>24.13<\/b> Hungursney\u00f0 2Sam 21.1; 1M\u00f3s 41.27 \u2013 fl\u00f3tta 3M\u00f3s 26.36-38; J\u00f3s 7.2-5; 1Kon 8.33 \u2013 dreps\u00f3tt 1Kon 8.37; Jer 21.7; Esk 5.12<br \/>\n<b>24.14<\/b> \u00dar v\u00f6ndu a\u00f0 r\u00e1\u00f0a 1Sam 28.15+ &#8211; mikil miskunn Slm 119.156; Neh 9.19,27,31<br \/>\n<b>24.16<\/b> Engill 2M\u00f3s 12.23 \u2013 i\u00f0ra\u00f0i 2M\u00f3s 32.14; Jer 18.8; J\u00f3n 3.10; 4,2<br \/>\n<b>24.21-24<\/b> Kaupsamningur 1M\u00f3s 23.8-16<br \/>\n<b>24.21<\/b> Dreps\u00f3ttinni linni 4M\u00f3s 17.13,15; Slm 106.30<br \/>\n<b>24.22<\/b> F\u00f3rn 1Sam 6.14+<br \/>\n<b>24.25<\/b> S\u00e6ttist vi\u00f0 2Sam 21.14<\/div>\n","protected":false},"excerpt":{"rendered":"<p>1Rei\u00f0i Drottins upptendra\u00f0ist enn gegn \u00cdsrael. Egndi hann \u00fe\u00e1 Dav\u00ed\u00f0 upp \u00ed m\u00f3ti \u00feeim me\u00f0 \u00fev\u00ed a\u00f0 segja: Far \u00fe\u00fa og tel \u00cdsrael og J\u00fada.2\u00de\u00e1 sag\u00f0i konungur vi\u00f0 J\u00f3ab og hersh\u00f6f\u00f0ingjana, sem me\u00f0 honum voru: Fari\u00f0 um allar \u00e6ttkv\u00edslir \u00cdsraels fr\u00e1 Dan til Beerseba og telji\u00f0 f\u00f3lki\u00f0, til \u00feess a\u00f0 \u00e9g f\u00e1i a\u00f0 vita, hve margt f\u00f3lki\u00f0 er.3J\u00f3ab svara\u00f0i konungi: Drottinn Gu\u00f0 \u00feinn margfaldi l\u00fd\u00f0inn hversu margir, sem \u00feeir n\u00fa kunna a\u00f0 vera hundra\u00f0 sinnum og l\u00e1ti minn herra konunginn lifa \u00fea\u00f0. En hvers vegna vill minn herra konungurinn gj\u00f6ra \u00feetta?4En J\u00f3ab og hersh\u00f6f\u00f0ingjarnir m\u00e1ttu eigi gj\u00f6ra anna\u00f0 en \u00fea\u00f0, <a href=\"https:\/\/biblian.is\/1981\/sidari-samuelsbok-24-kafli\/\"> [&#8230;]<\/a><\/p>\n","protected":false},"author":1,"featured_media":0,"parent":0,"menu_order":0,"comment_status":"open","ping_status":"open","template":"bibliukaflar.php","meta":{"footnotes":""},"class_list":["post-1637","page","type-page","status-publish","hentry"],"_links":{"self":[{"href":"https:\/\/biblian.is\/1981\/wp-json\/wp\/v2\/pages\/1637","targetHints":{"allow":["GET"]}}],"collection":[{"href":"https:\/\/biblian.is\/1981\/wp-json\/wp\/v2\/pages"}],"about":[{"href":"https:\/\/biblian.is\/1981\/wp-json\/wp\/v2\/types\/page"}],"author":[{"embeddable":true,"href":"https:\/\/biblian.is\/1981\/wp-json\/wp\/v2\/users\/1"}],"replies":[{"embeddable":true,"href":"https:\/\/biblian.is\/1981\/wp-json\/wp\/v2\/comments?post=1637"}],"version-history":[{"count":0,"href":"https:\/\/biblian.is\/1981\/wp-json\/wp\/v2\/pages\/1637\/revisions"}],"wp:attachment":[{"href":"https:\/\/biblian.is\/1981\/wp-json\/wp\/v2\/media?parent=1637"}],"curies":[{"name":"wp","href":"https:\/\/api.w.org\/{rel}","templated":true}]}}