{"id":1636,"date":"2017-11-18T20:18:04","date_gmt":"2017-11-18T20:18:04","guid":{"rendered":"http:\/\/biblian.is\/1981\/sidari-samuelsbok-23-kafli\/"},"modified":"2021-06-06T11:10:52","modified_gmt":"2021-06-06T11:10:52","slug":"sidari-samuelsbok-23-kafli","status":"publish","type":"page","link":"https:\/\/biblian.is\/1981\/sidari-samuelsbok-23-kafli\/","title":{"rendered":"S\u00ed\u00f0ari Sam\u00faelsb\u00f3k 23. kafli"},"content":{"rendered":"<p><a name=\"1\"><span class=\"versanumer\">1<\/span><\/a>\u00deetta eru s\u00ed\u00f0ustu or\u00f0 Dav\u00ed\u00f0s: Svo m\u00e6lti Dav\u00ed\u00f0 \u00cdsa\u00edson, svo m\u00e6lti ma\u00f0urinn, er h\u00e1tt var settur, hinn smur\u00f0i Jakobs Gu\u00f0s, lj\u00faflingur \u00cdsraels lj\u00f3\u00f0a.<a name=\"2\"><span class=\"versanumer\">2<\/span><\/a>Andi Drottins tala\u00f0i \u00ed m\u00e9r og hans or\u00f0 er \u00e1 minni tungu.<a name=\"3\"><span class=\"versanumer\">3<\/span><\/a>\u00cdsraels Gu\u00f0 tala\u00f0i, bjarg \u00cdsraels m\u00e6lti vi\u00f0 mig: S\u00e1 sem r\u00edkir yfir m\u00f6nnum me\u00f0 r\u00e9ttv\u00edsi, s\u00e1 sem r\u00edkir \u00ed \u00f3tta Gu\u00f0s,<a name=\"4\"><span class=\"versanumer\">4<\/span><\/a>hann er eins og dagsbirtan, \u00feegar s\u00f3lin rennur upp \u00e1 hei\u00f0r\u00edkju-morgni, \u00feegar grasi\u00f0 sprettur \u00ed gla\u00f0as\u00f3lskini eftir regn.<a name=\"5\"><span class=\"versanumer\">5<\/span><\/a>J\u00e1, er ekki h\u00fas mitt svo fyrir Gu\u00f0i? \u00dev\u00ed a\u00f0 hann hefir gj\u00f6rt vi\u00f0 mig eil\u00edfan s\u00e1ttm\u00e1la, \u00e1kve\u00f0inn \u00ed \u00f6llum greinum og \u00e1rei\u00f0anlegan. J\u00e1, allt sem ver\u00f0ur m\u00e9r til heilla og gle\u00f0i, skyldi hann ekki veita \u00fev\u00ed v\u00f6xt?<a name=\"6\"><span class=\"versanumer\">6<\/span><\/a>En varmennin, \u00feau eru \u00f6ll eins og \u00feyrnar, sem \u00fat er kasta\u00f0, \u00fev\u00ed a\u00f0 enginn tekur \u00e1 \u00feeim me\u00f0 hendinni.<a name=\"7\"><span class=\"versanumer\">7<\/span><\/a>Hver, sem rekst \u00e1 \u00feau, vopnast j\u00e1rni og spj\u00f3tskafti, og \u00ed eldi munu \u00feau brennd ver\u00f0a til kaldra kola.<a name=\"8\"><span class=\"versanumer\">8<\/span><\/a>\u00deetta eru n\u00f6fnin \u00e1 k\u00f6ppum Dav\u00ed\u00f0s: \u00cdsbaal Hakm\u00f3n\u00edti, h\u00f6f\u00f0ingi hinna \u00feriggja. Hann veifa\u00f0i spj\u00f3ti s\u00ednu yfir \u00e1tta hundru\u00f0 vegnum \u00ed einu.<a name=\"9\"><span class=\"versanumer\">9<\/span><\/a>Honum n\u00e6stur er, me\u00f0al kappanna \u00feriggja, Eleasar D\u00f3d\u00f3son, Ah\u00f3h\u00edti. Hann var me\u00f0 Dav\u00ed\u00f0 \u00ed Pas Damm\u00edm, en Filistar h\u00f6f\u00f0u safnast \u00fear saman til orustu. En er \u00cdsraelsmenn h\u00f6rfu\u00f0u undan,<a name=\"10\"><span class=\"versanumer\">10<\/span><\/a>st\u00f3\u00f0 hann fastur fyrir og bar\u00f0i \u00e1 Filistum, uns hann var\u00f0 \u00fereyttur \u00ed hendinni, og h\u00f6nd hans var kreppt um sver\u00f0i\u00f0, og Drottinn veitti mikinn sigur \u00e1 \u00feeim degi. Og li\u00f0i\u00f0 sneri aftur me\u00f0 honum a\u00f0eins til r\u00e1na.<a name=\"11\"><span class=\"versanumer\">11<\/span><\/a>N\u00e6stur honum er Samma Ageson, Harar\u00edti. Filistar s\u00f6fnu\u00f0ust saman og f\u00f3ru til Lek\u00ed, en \u00fear var akurspilda, alsprottin flatbaunum. En er f\u00f3lki\u00f0 fl\u00fd\u00f0i fyrir Filistum,<a name=\"12\"><span class=\"versanumer\">12<\/span><\/a>nam hann sta\u00f0ar \u00ed spildunni mi\u00f0ri, n\u00e1\u00f0i henni og vann sigur \u00e1 Filistum. Veitti Drottinn \u00feannig mikinn sigur.<a name=\"13\"><span class=\"versanumer\">13<\/span><\/a>Einu sinni f\u00f3ru \u00fer\u00edr af h\u00f6f\u00f0ingjunum \u00ferj\u00e1t\u00edu og komu til Dav\u00ed\u00f0s \u00ed hamrinum, \u00ed Ad\u00fallamv\u00edginu, en flokkur af Filistum l\u00e1 \u00ed herb\u00fa\u00f0um \u00ed Refa\u00edmdal.<a name=\"14\"><span class=\"versanumer\">14<\/span><\/a>\u00de\u00e1 var Dav\u00ed\u00f0 \u00ed v\u00edginu, en var\u00f0sveit Filista var \u00fe\u00e1 \u00ed Betlehem.<a name=\"15\"><span class=\"versanumer\">15<\/span><\/a>\u00de\u00e1 \u00feyrsti Dav\u00ed\u00f0 og hann sag\u00f0i: Hver vill s\u00e6kja m\u00e9r vatn \u00ed brunninn \u00ed Betlehem, sem er \u00fear vi\u00f0 hli\u00f0i\u00f0?<a name=\"16\"><span class=\"versanumer\">16<\/span><\/a>\u00de\u00e1 brutust kapparnir \u00fer\u00edr gegnum herb\u00fa\u00f0ir Filista, jusu vatni \u00far brunninum \u00ed Betlehem, sem \u00fear er vi\u00f0 hli\u00f0i\u00f0, t\u00f3ku \u00fea\u00f0 og f\u00e6r\u00f0u Dav\u00ed\u00f0. En hann vildi ekki drekka \u00fea\u00f0, heldur dreypti \u00fev\u00ed Drottni til handa<a name=\"17\"><span class=\"versanumer\">17<\/span><\/a>og m\u00e6lti: Drottinn l\u00e1ti \u00fea\u00f0 vera fjarri m\u00e9r a\u00f0 gj\u00f6ra sl\u00edkt! Get \u00e9g drukki\u00f0 bl\u00f3\u00f0 \u00feeirra manna, sem stofnu\u00f0u l\u00edfi s\u00ednu \u00ed h\u00e6ttu me\u00f0 \u00fev\u00ed a\u00f0 fara? og hann vildi ekki drekka \u00fea\u00f0. \u00deetta gj\u00f6r\u00f0u kapparnir \u00fer\u00edr.<a name=\"18\"><span class=\"versanumer\">18<\/span><\/a>Ab\u00edsa\u00ed, br\u00f3\u00f0ir J\u00f3abs, sonur Ser\u00faju, var fyrir hinum \u00ferj\u00e1t\u00edu. Hann veifa\u00f0i spj\u00f3ti s\u00ednu yfir \u00ferj\u00fa hundru\u00f0 vegnum og var fr\u00e6gur me\u00f0al hinna \u00ferj\u00e1t\u00edu.<a name=\"19\"><span class=\"versanumer\">19<\/span><\/a>Af hinum \u00ferj\u00e1t\u00edu var hann \u00ed hei\u00f0ri haf\u00f0ur og var foringi \u00feeirra, en til jafns vi\u00f0 \u00fe\u00e1 \u00ferj\u00e1 komst hann ekki.<a name=\"20\"><span class=\"versanumer\">20<\/span><\/a>Benaja J\u00f3jadason, hraustmenni, fr\u00e6gur fyrir afreksverk s\u00edn, var fr\u00e1 Kabseel. Hann drap b\u00e1\u00f0a sonu Ar\u00edels fr\u00e1 M\u00f3ab. Hann st\u00e9 ofan \u00ed brunn og drap \u00fear lj\u00f3n einn dag, er snj\u00f3a\u00f0 haf\u00f0i.<a name=\"21\"><span class=\"versanumer\">21<\/span><\/a>Hann drap og egypskan mann tr\u00f6llaukinn. Egyptinn haf\u00f0i spj\u00f3t \u00ed hendi, en hann f\u00f3r \u00e1 m\u00f3ti honum me\u00f0 staf, reif spj\u00f3ti\u00f0 \u00far hendi Egyptans og drap hann me\u00f0 hans eigin spj\u00f3ti.<a name=\"22\"><span class=\"versanumer\">22<\/span><\/a>\u00deetta gj\u00f6r\u00f0i Benaja J\u00f3jadason. Hann var fr\u00e6gur me\u00f0al \u00ferj\u00e1t\u00edu kappanna.<a name=\"23\"><span class=\"versanumer\">23<\/span><\/a>Af hinum \u00ferj\u00e1t\u00edu var hann \u00ed hei\u00f0ri haf\u00f0ur, en til jafns vi\u00f0 \u00fe\u00e1 \u00ferj\u00e1 komst hann ekki. Dav\u00ed\u00f0 setti hann yfir l\u00edfv\u00f6r\u00f0 sinn.<a name=\"24\"><span class=\"versanumer\">24<\/span><\/a>Me\u00f0al hinna \u00ferj\u00e1t\u00edu voru: Asahel, br\u00f3\u00f0ir J\u00f3abs, Elkanan D\u00f3d\u00f3son fr\u00e1 Betlehem,<a name=\"25\"><span class=\"versanumer\">25<\/span><\/a>Samma fr\u00e1 Har\u00f3d, El\u00edka fr\u00e1 Har\u00f3d,<a name=\"26\"><span class=\"versanumer\">26<\/span><\/a>Heles fr\u00e1 Pelet, \u00cdra \u00cdkkesson fr\u00e1 Tek\u00f3a,<a name=\"27\"><span class=\"versanumer\">27<\/span><\/a>Ab\u00edeser fr\u00e1 Anat\u00f3t, S\u00edbbeka\u00ed fr\u00e1 H\u00fasa,<a name=\"28\"><span class=\"versanumer\">28<\/span><\/a>Salm\u00f3n fr\u00e1 Ah\u00f3, Mahara\u00ed fr\u00e1 Net\u00f3fa,<a name=\"29\"><span class=\"versanumer\">29<\/span><\/a>Heled Baanason fr\u00e1 Net\u00f3fa, \u00cdtta\u00ed R\u00edba\u00edson fr\u00e1 G\u00edbeu \u00ed Benjam\u00edns \u00e6ttkv\u00edsl,<a name=\"30\"><span class=\"versanumer\">30<\/span><\/a>Benaja fr\u00e1 P\u00edraton, H\u00eddda\u00ed fr\u00e1 Nahale Gaas,<a name=\"31\"><span class=\"versanumer\">31<\/span><\/a>Abi Albon fr\u00e1 Bet Araba, Asmavet fr\u00e1 Bah\u00far\u00edm,<a name=\"32\"><span class=\"versanumer\">32<\/span><\/a>Eljahba fr\u00e1 Saalb\u00f3n, Jasen G\u00fan\u00edti,<a name=\"33\"><span class=\"versanumer\">33<\/span><\/a>J\u00f3natan Sammason fr\u00e1 Harar, Ah\u00edam Sararsson fr\u00e1 Arar,<a name=\"34\"><span class=\"versanumer\">34<\/span><\/a>El\u00edfelet Ahasba\u00edson fr\u00e1 Maaka, El\u00edam Ak\u00edt\u00f3felsson fr\u00e1 G\u00edl\u00f3,<a name=\"35\"><span class=\"versanumer\">35<\/span><\/a>Hesr\u00f3 fr\u00e1 Karmel, Paara\u00ed Ark\u00edti,<a name=\"36\"><span class=\"versanumer\">36<\/span><\/a>J\u00edgal Natansson fr\u00e1 S\u00f3ba, Ban\u00ed fr\u00e1 Ga\u00f0,<a name=\"37\"><span class=\"versanumer\">37<\/span><\/a>Selek Amm\u00f3n\u00edti, Nahara\u00ed fr\u00e1 Beer\u00f3t, skjaldsveinn J\u00f3abs Ser\u00fajusonar,<a name=\"38\"><span class=\"versanumer\">38<\/span><\/a>\u00cdra fr\u00e1 Jatt\u00edr, Gareb fr\u00e1 Jatt\u00edr,<a name=\"39\"><span class=\"versanumer\">39<\/span><\/a>\u00dar\u00eda Het\u00edti. Til samans \u00ferj\u00e1t\u00edu og sj\u00f6.<\/p>\n<div class=\"footnote1981\"><b>23.1<\/b> S\u00ed\u00f0ustu or\u00f0 Dav\u00ed\u00f0s 1Kon 2.1-9; sbr 1M\u00f3s 49<br \/>\n<b>23.2<\/b> Tala\u00f0i af munni m\u00ednum Matt 22.43<br \/>\n<b>23.3<\/b> Klettur \u00cdsraels Slm 28.1+<br \/>\n<b>23.5<\/b> \u00c6varandi s\u00e1ttm\u00e1li 2Sam 7.12 \u2013 l\u00e9t dafna Jes 61.11<br \/>\n<b>23.6-7<\/b> \u00deyrnar Jes 33.12; sbr J\u00f3h 15.16<br \/>\n<b>23.10<\/b> Mikill sigur 2Sam 23.12; 1Sam 11.13; 19.5<br \/>\n<b>23.16<\/b> Inn \u00ed herb\u00fa\u00f0ir \u00f3vinanna 1Sam 26.6<br \/>\n<b>23.20<\/b> Benaja 2Sam 20.23; 1Kon 1.26,36; 2.25,35,46<br \/>\n<b>23.21<\/b> Me\u00f0 staf 1Sam 17.43 \u2013 me\u00f0 hans eigin spj\u00f3ti 1Sam 17.51<br \/>\n<b>23.24<\/b> Asahel 2Sam 2.18-23<br \/>\n<b>23.39<\/b> \u00dar\u00eda Het\u00edti 2Sam 11.3-27<\/div>\n","protected":false},"excerpt":{"rendered":"<p>1\u00deetta eru s\u00ed\u00f0ustu or\u00f0 Dav\u00ed\u00f0s: Svo m\u00e6lti Dav\u00ed\u00f0 \u00cdsa\u00edson, svo m\u00e6lti ma\u00f0urinn, er h\u00e1tt var settur, hinn smur\u00f0i Jakobs Gu\u00f0s, lj\u00faflingur \u00cdsraels lj\u00f3\u00f0a.2Andi Drottins tala\u00f0i \u00ed m\u00e9r og hans or\u00f0 er \u00e1 minni tungu.3\u00cdsraels Gu\u00f0 tala\u00f0i, bjarg \u00cdsraels m\u00e6lti vi\u00f0 mig: S\u00e1 sem r\u00edkir yfir m\u00f6nnum me\u00f0 r\u00e9ttv\u00edsi, s\u00e1 sem r\u00edkir \u00ed \u00f3tta Gu\u00f0s,4hann er eins og dagsbirtan, \u00feegar s\u00f3lin rennur upp \u00e1 hei\u00f0r\u00edkju-morgni, \u00feegar grasi\u00f0 sprettur \u00ed gla\u00f0as\u00f3lskini eftir regn.5J\u00e1, er ekki h\u00fas mitt svo fyrir Gu\u00f0i? \u00dev\u00ed a\u00f0 hann hefir gj\u00f6rt vi\u00f0 mig eil\u00edfan s\u00e1ttm\u00e1la, \u00e1kve\u00f0inn \u00ed \u00f6llum greinum og \u00e1rei\u00f0anlegan. J\u00e1, allt sem ver\u00f0ur m\u00e9r til heilla <a href=\"https:\/\/biblian.is\/1981\/sidari-samuelsbok-23-kafli\/\"> [&#8230;]<\/a><\/p>\n","protected":false},"author":1,"featured_media":0,"parent":0,"menu_order":0,"comment_status":"open","ping_status":"open","template":"bibliukaflar.php","meta":{"footnotes":""},"class_list":["post-1636","page","type-page","status-publish","hentry"],"_links":{"self":[{"href":"https:\/\/biblian.is\/1981\/wp-json\/wp\/v2\/pages\/1636","targetHints":{"allow":["GET"]}}],"collection":[{"href":"https:\/\/biblian.is\/1981\/wp-json\/wp\/v2\/pages"}],"about":[{"href":"https:\/\/biblian.is\/1981\/wp-json\/wp\/v2\/types\/page"}],"author":[{"embeddable":true,"href":"https:\/\/biblian.is\/1981\/wp-json\/wp\/v2\/users\/1"}],"replies":[{"embeddable":true,"href":"https:\/\/biblian.is\/1981\/wp-json\/wp\/v2\/comments?post=1636"}],"version-history":[{"count":0,"href":"https:\/\/biblian.is\/1981\/wp-json\/wp\/v2\/pages\/1636\/revisions"}],"wp:attachment":[{"href":"https:\/\/biblian.is\/1981\/wp-json\/wp\/v2\/media?parent=1636"}],"curies":[{"name":"wp","href":"https:\/\/api.w.org\/{rel}","templated":true}]}}