{"id":1634,"date":"2017-11-18T20:18:04","date_gmt":"2017-11-18T20:18:04","guid":{"rendered":"http:\/\/biblian.is\/1981\/sidari-samuelsbok-21-kafli\/"},"modified":"2021-06-06T11:10:50","modified_gmt":"2021-06-06T11:10:50","slug":"sidari-samuelsbok-21-kafli","status":"publish","type":"page","link":"https:\/\/biblian.is\/1981\/sidari-samuelsbok-21-kafli\/","title":{"rendered":"S\u00ed\u00f0ari Sam\u00faelsb\u00f3k 21. kafli"},"content":{"rendered":"<p><a name=\"1\"><span class=\"versanumer\">1<\/span><\/a>\u00c1 d\u00f6gum Dav\u00ed\u00f0s var\u00f0 hall\u00e6ri \u00ed \u00ferj\u00fa \u00e1r samfleytt. Gekk \u00fe\u00e1 Dav\u00ed\u00f0 til fr\u00e9tta vi\u00f0 Drottin, en Drottinn svara\u00f0i: \u00c1 S\u00e1l og \u00e6tt hans hv\u00edlir bl\u00f3\u00f0s\u00f6k fyrir \u00fea\u00f0, a\u00f0 hann drap G\u00edbeon\u00edta.<a name=\"2\"><span class=\"versanumer\">2<\/span><\/a>\u00de\u00e1 l\u00e9t konungur kalla G\u00edbeon\u00edta og sag\u00f0i vi\u00f0 \u00fe\u00e1  G\u00edbeon\u00edtar heyr\u00f0u ekki til \u00cdsraelsm\u00f6nnum, heldur leifum Amor\u00edta, og \u00fe\u00f3tt \u00cdsraelsmenn hef\u00f0u unni\u00f0 \u00feeim ei\u00f0a, leita\u00f0ist S\u00e1l vi\u00f0 a\u00f0 drepa \u00fe\u00e1, af vandl\u00e6tingasemi vegna \u00cdsraelsmanna og J\u00fada.<a name=\"3\"><span class=\"versanumer\">3<\/span><\/a>Og Dav\u00ed\u00f0 sag\u00f0i vi\u00f0 G\u00edbeon\u00edta: Hva\u00f0 \u00e1 \u00e9g a\u00f0 gj\u00f6ra fyrir y\u00f0ur, og me\u00f0 hverju \u00e1 \u00e9g a\u00f0 fri\u00f0\u00fe\u00e6gja, til \u00feess a\u00f0 \u00fe\u00e9r blessi\u00f0 arfleif\u00f0 Drottins?<a name=\"4\"><span class=\"versanumer\">4<\/span><\/a>\u00de\u00e1 s\u00f6g\u00f0u G\u00edbeon\u00edtar vi\u00f0 hann: \u00dea\u00f0 er ekki silfur og gull, sem v\u00e9r s\u00e6kjumst eftir af S\u00e1l og \u00e6tt hans, og engan mann viljum v\u00e9r feigan \u00ed \u00cdsrael. Hann svara\u00f0i: Hva\u00f0 segi\u00f0 \u00fe\u00e9r, a\u00f0 \u00e9g eigi a\u00f0 gj\u00f6ra fyrir y\u00f0ur?<a name=\"5\"><span class=\"versanumer\">5<\/span><\/a>\u00de\u00e1 s\u00f6g\u00f0u \u00feeir vi\u00f0 konung: Ma\u00f0urinn sem eyddi oss og hug\u00f0i a\u00f0 afm\u00e1 oss, svo a\u00f0 v\u00e9r v\u00e6rum ekki lengur til \u00ed \u00f6llu \u00cdsraels landi,<a name=\"6\"><span class=\"versanumer\">6<\/span><\/a>af ni\u00f0jum hans skulu oss fengnir sj\u00f6 menn, svo a\u00f0 v\u00e9r megum bera \u00fe\u00e1 \u00fat fyrir Drottin \u00ed G\u00edbeon \u00e1 fjalli Drottins. Konungur sag\u00f0i: \u00c9g skal f\u00e1 y\u00f0ur \u00fe\u00e1.<a name=\"7\"><span class=\"versanumer\">7<\/span><\/a>Konungur \u00feyrmdi \u00fe\u00f3 Mef\u00edb\u00f3set, J\u00f3natanssyni, S\u00e1lssonar, vegna ei\u00f0s \u00feess vi\u00f0 Drottin, er \u00feeir h\u00f6f\u00f0u unni\u00f0 hvor \u00f6\u00f0rum, Dav\u00ed\u00f0 og J\u00f3natan, sonur S\u00e1ls.<a name=\"8\"><span class=\"versanumer\">8<\/span><\/a>En konungur t\u00f3k b\u00e1\u00f0a sonu Rispu Ajasd\u00f3ttur, er h\u00fan haf\u00f0i f\u00e6tt S\u00e1l, Arm\u00f3n\u00ed og Mef\u00edb\u00f3set, og fimm sonu Merab, d\u00f3ttur S\u00e1ls, er h\u00fan haf\u00f0i f\u00e6tt Adr\u00edel Barsilla\u00edsyni fr\u00e1 Meh\u00f3la,<a name=\"9\"><span class=\"versanumer\">9<\/span><\/a>og f\u00e9kk \u00fe\u00e1 \u00ed hendur G\u00edbeon\u00edtum. Og \u00feeir b\u00e1ru \u00fe\u00e1 \u00fat fyrir Drottin \u00e1 fjallinu, svo a\u00f0 \u00feeir d\u00f3u sj\u00f6 saman. Voru \u00feeir teknir af l\u00edfi fyrstu daga uppskerunnar.<a name=\"10\"><span class=\"versanumer\">10<\/span><\/a>En Rispa Ajasd\u00f3ttir t\u00f3k h\u00e6rusekk og breiddi hann \u00fat \u00e1 klettinum handa s\u00e9r a\u00f0 hv\u00edlur\u00fami, fr\u00e1 byrjun uppskerunnar \u00fear til er regn streymdi af himni yfir \u00fe\u00e1, og eigi leyf\u00f0i h\u00fan fuglum himinsins a\u00f0 setjast a\u00f0 \u00feeim um daga, n\u00e9 d\u00fdrum merkurinnar um n\u00e6tur.<a name=\"11\"><span class=\"versanumer\">11<\/span><\/a>En er Dav\u00ed\u00f0 var sagt fr\u00e1, hva\u00f0 Rispa Ajasd\u00f3ttir, hj\u00e1kona S\u00e1ls, haf\u00f0i gj\u00f6rt,<a name=\"12\"><span class=\"versanumer\">12<\/span><\/a>f\u00f3r Dav\u00ed\u00f0 og s\u00f3tti bein S\u00e1ls og bein J\u00f3natans sonar hans til Jabesmanna \u00ed G\u00edlea\u00f0, en \u00feeir h\u00f6f\u00f0u stoli\u00f0 \u00feeim \u00e1 torginu \u00ed Bet San, \u00fear sem Filistar h\u00f6f\u00f0u hengt \u00fe\u00e1 upp, daginn sem Filistar dr\u00e1pu S\u00e1l \u00e1 Gilb\u00f3a.<a name=\"13\"><span class=\"versanumer\">13<\/span><\/a>Hann kom \u00fea\u00f0an me\u00f0 bein S\u00e1ls og bein J\u00f3natans sonar hans. Var s\u00ed\u00f0an safna\u00f0 saman beinum hinna \u00fatbornu<a name=\"14\"><span class=\"versanumer\">14<\/span><\/a>og \u00feau grafin me\u00f0 beinum S\u00e1ls og beinum J\u00f3natans sonar hans \u00ed landi Benjam\u00edns \u00ed Sela, \u00ed gr\u00f6f K\u00edss f\u00f6\u00f0ur hans. Var allt gj\u00f6rt sem konungur bau\u00f0, og eftir \u00fea\u00f0 l\u00edkna\u00f0i Gu\u00f0 landinu.<a name=\"15\"><span class=\"versanumer\">15<\/span><\/a>Enn \u00e1ttu Filistar \u00f3fri\u00f0 vi\u00f0 \u00cdsrael. F\u00f3r Dav\u00ed\u00f0 me\u00f0 menn s\u00edna til \u00feess a\u00f0 berjast vi\u00f0 Filista, og var\u00f0 Dav\u00ed\u00f0 m\u00f3\u00f0ur.<a name=\"16\"><span class=\"versanumer\">16<\/span><\/a>\u00de\u00e1 hug\u00f0i Jisbi Benob, einn af ni\u00f0jum Refa\u00edta  spj\u00f3t hans v\u00f3 \u00ferj\u00fa hundru\u00f0 sikla eirs, og hann var gyrtur n\u00fdju sver\u00f0i , a\u00f0 drepa Dav\u00ed\u00f0.<a name=\"17\"><span class=\"versanumer\">17<\/span><\/a>\u00de\u00e1 kom Ab\u00edsa\u00ed Ser\u00fajuson honum til hj\u00e1lpar og hj\u00f3 Filistann banah\u00f6gg. \u00de\u00e1 s\u00e1rb\u00e6ndu menn Dav\u00ed\u00f0s hann og s\u00f6g\u00f0u: \u00de\u00fa m\u00e1tt eigi framar me\u00f0 oss fara \u00ed herna\u00f0, svo a\u00f0 \u00fe\u00fa sl\u00f6kkvir eigi lampa \u00cdsraels.<a name=\"18\"><span class=\"versanumer\">18<\/span><\/a>Seinna t\u00f3kst enn orusta hj\u00e1 G\u00f3b vi\u00f0 Filista. \u00de\u00e1 drap Sibbeka\u00ed H\u00fasat\u00edti Saf, sem og var einn af ni\u00f0jum Refa\u00edta.<a name=\"19\"><span class=\"versanumer\">19<\/span><\/a>Og enn t\u00f3kst orusta hj\u00e1 G\u00f3b vi\u00f0 Filista. \u00de\u00e1 drap Elkanan, sonur Jaare Org\u00edm fr\u00e1 Betlehem, Gol\u00edat fr\u00e1 Gat, en spj\u00f3tskaft hans var sem vefjarrifur.<a name=\"20\"><span class=\"versanumer\">20<\/span><\/a>Og er enn t\u00f3kst orusta hj\u00e1 Gat, var \u00fear tr\u00f6llaukinn ma\u00f0ur, er haf\u00f0i sex fingur \u00e1 hvorri hendi og sex t\u00e6r \u00e1 hvorum f\u00e6ti, tuttugu og fj\u00f6gur a\u00f0 t\u00f6lu. Var hann og kominn af Refa\u00edtum.<a name=\"21\"><span class=\"versanumer\">21<\/span><\/a>Hann sm\u00e1na\u00f0i \u00cdsrael, en J\u00f3natan sonur S\u00edmea, br\u00f3\u00f0ur Dav\u00ed\u00f0s, drap hann.<a name=\"22\"><span class=\"versanumer\">22<\/span><\/a>\u00deessir fj\u00f3rir voru komnir af Refa\u00edtum \u00ed Gat, og f\u00e9llu \u00feeir fyrir Dav\u00ed\u00f0 og m\u00f6nnum hans.<\/p>\n<div class=\"footnote1981\"><b>21.1<\/b> G\u00edbeon\u00edtar J\u00f3s 9.3-27<br \/>\n<b>21.5<\/b> \u00datr\u00fdma, afm\u00e1 5M\u00f3s 7.22-23<br \/>\n<b>21.8<\/b> Rispa 2Sam 3.7<br \/>\n<b>21.10<\/b> Fuglar 1M\u00f3s 15.11; 1S 17.46; 1Kon 14.11+; Esk 29.5<br \/>\n<b>21.12<\/b> Bein 1M\u00f3s 50.25; 2M\u00f3s 13.19<br \/>\n<b>21.14<\/b> Milda\u00f0ist vi\u00f0 landi\u00f0 2Sam 24.25<br \/>\n<b>21.15<\/b> \u00d3fri\u00f0ur vi\u00f0 Filista 2Sam 19.10+<br \/>\n<b>21.17<\/b> Aldrei framar 2Sam 18.3 \u2013 lampi 1Kon 11.36+<br \/>\n<b>21.21<\/b> H\u00e6ddist 1Sam 17.8-11<\/div>\n","protected":false},"excerpt":{"rendered":"<p>1\u00c1 d\u00f6gum Dav\u00ed\u00f0s var\u00f0 hall\u00e6ri \u00ed \u00ferj\u00fa \u00e1r samfleytt. Gekk \u00fe\u00e1 Dav\u00ed\u00f0 til fr\u00e9tta vi\u00f0 Drottin, en Drottinn svara\u00f0i: \u00c1 S\u00e1l og \u00e6tt hans hv\u00edlir bl\u00f3\u00f0s\u00f6k fyrir \u00fea\u00f0, a\u00f0 hann drap G\u00edbeon\u00edta.2\u00de\u00e1 l\u00e9t konungur kalla G\u00edbeon\u00edta og sag\u00f0i vi\u00f0 \u00fe\u00e1 G\u00edbeon\u00edtar heyr\u00f0u ekki til \u00cdsraelsm\u00f6nnum, heldur leifum Amor\u00edta, og \u00fe\u00f3tt \u00cdsraelsmenn hef\u00f0u unni\u00f0 \u00feeim ei\u00f0a, leita\u00f0ist S\u00e1l vi\u00f0 a\u00f0 drepa \u00fe\u00e1, af vandl\u00e6tingasemi vegna \u00cdsraelsmanna og J\u00fada.3Og Dav\u00ed\u00f0 sag\u00f0i vi\u00f0 G\u00edbeon\u00edta: Hva\u00f0 \u00e1 \u00e9g a\u00f0 gj\u00f6ra fyrir y\u00f0ur, og me\u00f0 hverju \u00e1 \u00e9g a\u00f0 fri\u00f0\u00fe\u00e6gja, til \u00feess a\u00f0 \u00fe\u00e9r blessi\u00f0 arfleif\u00f0 Drottins?4\u00de\u00e1 s\u00f6g\u00f0u G\u00edbeon\u00edtar vi\u00f0 hann: \u00dea\u00f0 er ekki silfur <a href=\"https:\/\/biblian.is\/1981\/sidari-samuelsbok-21-kafli\/\"> [&#8230;]<\/a><\/p>\n","protected":false},"author":1,"featured_media":0,"parent":0,"menu_order":0,"comment_status":"open","ping_status":"open","template":"bibliukaflar.php","meta":{"footnotes":""},"class_list":["post-1634","page","type-page","status-publish","hentry"],"_links":{"self":[{"href":"https:\/\/biblian.is\/1981\/wp-json\/wp\/v2\/pages\/1634","targetHints":{"allow":["GET"]}}],"collection":[{"href":"https:\/\/biblian.is\/1981\/wp-json\/wp\/v2\/pages"}],"about":[{"href":"https:\/\/biblian.is\/1981\/wp-json\/wp\/v2\/types\/page"}],"author":[{"embeddable":true,"href":"https:\/\/biblian.is\/1981\/wp-json\/wp\/v2\/users\/1"}],"replies":[{"embeddable":true,"href":"https:\/\/biblian.is\/1981\/wp-json\/wp\/v2\/comments?post=1634"}],"version-history":[{"count":0,"href":"https:\/\/biblian.is\/1981\/wp-json\/wp\/v2\/pages\/1634\/revisions"}],"wp:attachment":[{"href":"https:\/\/biblian.is\/1981\/wp-json\/wp\/v2\/media?parent=1634"}],"curies":[{"name":"wp","href":"https:\/\/api.w.org\/{rel}","templated":true}]}}