{"id":1633,"date":"2017-11-18T20:18:04","date_gmt":"2017-11-18T20:18:04","guid":{"rendered":"http:\/\/biblian.is\/1981\/sidari-samuelsbok-20-kafli\/"},"modified":"2021-06-06T11:10:50","modified_gmt":"2021-06-06T11:10:50","slug":"sidari-samuelsbok-20-kafli","status":"publish","type":"page","link":"https:\/\/biblian.is\/1981\/sidari-samuelsbok-20-kafli\/","title":{"rendered":"S\u00ed\u00f0ari Sam\u00faelsb\u00f3k 20. kafli"},"content":{"rendered":"<p><a name=\"1\"><span class=\"versanumer\">1<\/span><\/a>\u00dear var staddur \u00f3\u00feokki nokkur, sem Seba h\u00e9t B\u00edkr\u00edson, Benjam\u00edn\u00edti. Hann \u00feeytti l\u00fa\u00f0urinn og sag\u00f0i: V\u00e9r eigum enga hlutdeild \u00ed Dav\u00ed\u00f0 og engan erf\u00f0ahlut \u00ed \u00cdsa\u00edsyni. Hver fari heim til s\u00edn, \u00cdsrael!<a name=\"2\"><span class=\"versanumer\">2<\/span><\/a>\u00de\u00e1 gengu allir \u00cdsraelsmenn undan Dav\u00ed\u00f0 og \u00e1 h\u00f6nd Seba B\u00edkr\u00edsyni, en J\u00fadamenn f\u00f3ru me\u00f0 konungi s\u00ednum fr\u00e1 J\u00f3rdan til Jer\u00fasalem.<a name=\"3\"><span class=\"versanumer\">3<\/span><\/a>\u00deegar Dav\u00ed\u00f0 kom til hallar sinnar \u00ed Jer\u00fasalem, l\u00e9t konungur taka hj\u00e1konurnar t\u00edu, er hann haf\u00f0i skili\u00f0 eftir til \u00feess a\u00f0 g\u00e6ta hallarinnar, og setti \u00fe\u00e6r \u00ed var\u00f0hald og \u00f3l \u00fear \u00f6nn fyrir \u00feeim, en eigi haf\u00f0i hann samfarir vi\u00f0 \u00fe\u00e6r. Lif\u00f0u \u00fe\u00e6r \u00feannig innibyrg\u00f0ar til dau\u00f0adags sem ekkjur lifandi manna.<a name=\"4\"><span class=\"versanumer\">4<\/span><\/a>\u00dev\u00ed n\u00e6st sag\u00f0i konungur vi\u00f0 Amasa: Kalla \u00fe\u00fa saman J\u00fadamenn \u00e1\u00f0ur \u00ferj\u00e1r s\u00f3lir eru af lofti. Ver \u00fe\u00e1 og sj\u00e1lfur h\u00e9r.<a name=\"5\"><span class=\"versanumer\">5<\/span><\/a>Lag\u00f0i n\u00fa Amasa af sta\u00f0 til \u00feess a\u00f0 kalla saman J\u00fada. En er honum seinka\u00f0i fram yfir \u00feann t\u00edma, er til var tekinn vi\u00f0 hann,<a name=\"6\"><span class=\"versanumer\">6<\/span><\/a>sag\u00f0i Dav\u00ed\u00f0 vi\u00f0 Ab\u00edsa\u00ed: N\u00fa mun Seba B\u00edkr\u00edson vinna oss enn meira tj\u00f3n en Absalon. Tak \u00fe\u00fa menn herra \u00fe\u00edns og veit honum eftirf\u00f6r, svo a\u00f0 hann n\u00e1i ekki v\u00edggirtum borgum og veiti oss \u00feungar b\u00fasifjar.<a name=\"7\"><span class=\"versanumer\">7<\/span><\/a>L\u00f6g\u00f0u \u00fe\u00e1 af sta\u00f0 me\u00f0 honum menn J\u00f3abs og Kretar og Pletar og kapparnir allir. L\u00f6g\u00f0u \u00feeir af sta\u00f0 fr\u00e1 Jer\u00fasalem til \u00feess a\u00f0 veita Seba B\u00edkr\u00edsyni eftirf\u00f6r.<a name=\"8\"><span class=\"versanumer\">8<\/span><\/a>En er \u00feeir voru hj\u00e1 st\u00f3ra steininum, sem er hj\u00e1 G\u00edbeon, m\u00e6tti Amasa \u00feeim. J\u00f3ab var kl\u00e6ddur brynjukufli s\u00ednum og gyrtur sver\u00f0i utan yfir hann, og voru sver\u00f0ssl\u00ed\u00f0rin fest vi\u00f0 lend honum. Hlj\u00f3p sver\u00f0i\u00f0 \u00far sl\u00ed\u00f0runum og f\u00e9ll til jar\u00f0ar.<a name=\"9\"><span class=\"versanumer\">9<\/span><\/a>\u00de\u00e1 sag\u00f0i J\u00f3ab vi\u00f0 Amasa: L\u00ed\u00f0ur \u00fe\u00e9r vel, br\u00f3\u00f0ir minn? Greip J\u00f3ab \u00fe\u00e1 h\u00e6gri hendinni \u00ed skegg Amasa, sem hann vildi kyssa hann.<a name=\"10\"><span class=\"versanumer\">10<\/span><\/a>En Amasa haf\u00f0i ekki teki\u00f0 eftir sver\u00f0inu, er J\u00f3ab haf\u00f0i \u00ed vinstri hendi s\u00e9r. Lag\u00f0i J\u00f3ab \u00fev\u00ed \u00ed kvi\u00f0 honum, svo a\u00f0 \u00fat f\u00e9llu i\u00f0rin. Eigi lag\u00f0i hann til hans aftur, \u00fev\u00ed a\u00f0 hann var \u00feegar dau\u00f0ur. J\u00f3ab og Ab\u00edsa\u00ed, br\u00f3\u00f0ir hans, f\u00f3ru eftir Seba B\u00edkr\u00edsyni.<a name=\"11\"><span class=\"versanumer\">11<\/span><\/a>En einn af m\u00f6nnum J\u00f3abs st\u00f3\u00f0 kyrr hj\u00e1 Amasa og kalla\u00f0i: Hver s\u00e1 sem hefir m\u00e6tur \u00e1 J\u00f3ab og a\u00f0hyllist Dav\u00ed\u00f0, hann fylgi J\u00f3ab!<a name=\"12\"><span class=\"versanumer\">12<\/span><\/a>En Amasa l\u00e1 og veltist \u00ed bl\u00f3\u00f0i s\u00ednu \u00e1 mi\u00f0jum veginum, og er ma\u00f0urinn s\u00e1, a\u00f0 allt li\u00f0i\u00f0 st\u00f3\u00f0 kyrrt, dr\u00f3 hann Amasa til hli\u00f0ar \u00fat af veginum og varp yfir hann kl\u00e6\u00f0i, er hann s\u00e1, a\u00f0 hver ma\u00f0ur nam sta\u00f0ar, sem a\u00f0 honum kom.<a name=\"13\"><span class=\"versanumer\">13<\/span><\/a>En er hann haf\u00f0i komi\u00f0 honum burt af veginum, fylgdi hver ma\u00f0ur J\u00f3ab til \u00feess a\u00f0 veita Seba B\u00edkr\u00edsyni eftirf\u00f6r.<a name=\"14\"><span class=\"versanumer\">14<\/span><\/a>Seba f\u00f3r um allar \u00e6ttkv\u00edslir \u00cdsraels, allt til Abel Bet Maaka, og allir B\u00edkr\u00edtar s\u00f6fnu\u00f0ust saman og f\u00f3ru me\u00f0 honum.<a name=\"15\"><span class=\"versanumer\">15<\/span><\/a>En J\u00f3ab og menn hans komu og umkringdu hann \u00ed Abel Bet Maaka og hl\u00f3\u00f0u virkisvegg gegn borginni upp a\u00f0 varnargar\u00f0inum. Gekk n\u00fa allt li\u00f0i\u00f0, er me\u00f0 J\u00f3ab var, sem \u00e1kafast fram \u00ed \u00fev\u00ed a\u00f0 brj\u00f3ta m\u00farinn.<a name=\"16\"><span class=\"versanumer\">16<\/span><\/a>\u00de\u00e1 kalla\u00f0i kona nokkur vitur af borginni: Heyri\u00f0, heyri\u00f0! Segi\u00f0 vi\u00f0 J\u00f3ab: Kom \u00fe\u00fa hinga\u00f0, \u00e9g vil tala vi\u00f0 \u00feig.<a name=\"17\"><span class=\"versanumer\">17<\/span><\/a>\u00de\u00e1 gekk hann til hennar, og konan m\u00e6lti: Ert \u00fe\u00fa J\u00f3ab? Hann kva\u00f0 svo vera. Og h\u00fan sag\u00f0i vi\u00f0 hann: Hl\u00fd\u00f0 \u00fe\u00fa \u00e1 or\u00f0 amb\u00e1ttar \u00feinnar! Hann svara\u00f0i: \u00c9g heyri.<a name=\"18\"><span class=\"versanumer\">18<\/span><\/a>\u00de\u00e1 m\u00e6lti h\u00fan \u00e1 \u00feessa lei\u00f0: For\u00f0um var \u00fea\u00f0 haft a\u00f0 or\u00f0t\u00e6ki: Spyrji\u00f0 a\u00f0 \u00fev\u00ed \u00ed Abel, og \u00fe\u00e1 var m\u00e1li\u00f0 \u00e1 enda klj\u00e1\u00f0.<a name=\"19\"><span class=\"versanumer\">19<\/span><\/a>V\u00e9r erum me\u00f0al hinna fri\u00f0s\u00f6mu og tr\u00fau \u00ed \u00cdsrael, en \u00fe\u00fa leitast vi\u00f0 a\u00f0 gj\u00f6rey\u00f0a borg og m\u00f3\u00f0ur \u00ed \u00cdsrael. Hv\u00ed spillir \u00fe\u00fa arfleif\u00f0 Drottins?<a name=\"20\"><span class=\"versanumer\">20<\/span><\/a>J\u00f3ab svara\u00f0i og sag\u00f0i: \u00dea\u00f0 er fjarri m\u00e9r! \u00c9g vil engu spilla og engu ey\u00f0a.<a name=\"21\"><span class=\"versanumer\">21<\/span><\/a>Eigi er \u00feessu svo fari\u00f0, heldur hefir ma\u00f0ur nokkur fr\u00e1 Efra\u00edmfj\u00f6llum, sem Seba heitir, B\u00edkr\u00edson, lyft hendi sinni gegn Dav\u00ed\u00f0 konungi. Framselji\u00f0 hann einan, og mun \u00e9g \u00feegar hverfa fr\u00e1 borginni. \u00de\u00e1 sag\u00f0i konan vi\u00f0 J\u00f3ab: Sj\u00e1, h\u00f6f\u00f0i hans skal kasta\u00f0 ver\u00f0a til \u00fe\u00edn yfir m\u00farinn.<a name=\"22\"><span class=\"versanumer\">22<\/span><\/a>S\u00ed\u00f0an tala\u00f0i konan af viturleik s\u00ednum vi\u00f0 alla borgarb\u00faa, svo a\u00f0 \u00feeir hjuggu h\u00f6fu\u00f0 af Seba B\u00edkr\u00edsyni og fleyg\u00f0u \u00fev\u00ed \u00fat til J\u00f3abs. \u00de\u00e1 l\u00e9t hann bl\u00e1sa li\u00f0inu fr\u00e1 borginni, og f\u00f3r hver heim til s\u00edn, en J\u00f3ab sneri aftur til Jer\u00fasalem til konungs.<a name=\"23\"><span class=\"versanumer\">23<\/span><\/a>J\u00f3ab var fyrir \u00f6llum hernum, Benaja J\u00f3jadason fyrir Kretum og Pletum.<a name=\"24\"><span class=\"versanumer\">24<\/span><\/a>Ad\u00f3n\u00edram var yfir kva\u00f0arm\u00f6nnum, J\u00f3safat Ah\u00edl\u00fa\u00f0sson var r\u00edkisritari,<a name=\"25\"><span class=\"versanumer\">25<\/span><\/a>Seja var kanslari, Sad\u00f3k og Abjatar prestar.<a name=\"26\"><span class=\"versanumer\">26<\/span><\/a>Enn fremur var \u00cdra Ja\u00edr\u00edti prestur hj\u00e1 Dav\u00ed\u00f0.<\/p>\n<div class=\"footnote1981\"><b>20.1<\/b> \u00deeyta hafurshorn D\u00f3m 3.27; 6.34<br \/>\n<b>20.2<\/b> Gengu undan Dav\u00ed\u00f0 2Sam 15.13<br \/>\n<b>20.3<\/b> T\u00edu hj\u00e1konur 2Sam 15.16+<br \/>\n<b>20.4<\/b> Amasa 2Sam 17.25; 19.14<br \/>\n<b>20.6<\/b> Veita eftirf\u00f6r 2Sam 17.1<br \/>\n<b>20.9<\/b> Kyssa hann 2Sam 14.33+<br \/>\n<b>20.10<\/b> Lag\u00f0i \u00ed kvi\u00f0 honum 2Sam 3.27+; sbr D\u00f3m 3.21<br \/>\n<b>20.12<\/b> Nam sta\u00f0ar 2Sam 2.23<br \/>\n<b>20.15<\/b> Veggur 2Kon 19.32<br \/>\n<b>20.16<\/b> Skyns\u00f6m kona 2Sam 11.21; 14.2; 1Sam 25.14-28<br \/>\n<b>20.20<\/b> V\u00ed\u00f0sjarri m\u00e9r 1Sam 24.7<br \/>\n<b>20.21<\/b> H\u00f6fu\u00f0 hans 2Sam 4.7-8; 1Sam 17.51,54; 31.9<br \/>\n<b>20.22<\/b> \u00deeyta 2Sam 2.28+<br \/>\n<b>20.23-26<\/b> Emb\u00e6ttismenn 2Sam 8.15-18+<\/div>\n","protected":false},"excerpt":{"rendered":"<p>1\u00dear var staddur \u00f3\u00feokki nokkur, sem Seba h\u00e9t B\u00edkr\u00edson, Benjam\u00edn\u00edti. Hann \u00feeytti l\u00fa\u00f0urinn og sag\u00f0i: V\u00e9r eigum enga hlutdeild \u00ed Dav\u00ed\u00f0 og engan erf\u00f0ahlut \u00ed \u00cdsa\u00edsyni. Hver fari heim til s\u00edn, \u00cdsrael!2\u00de\u00e1 gengu allir \u00cdsraelsmenn undan Dav\u00ed\u00f0 og \u00e1 h\u00f6nd Seba B\u00edkr\u00edsyni, en J\u00fadamenn f\u00f3ru me\u00f0 konungi s\u00ednum fr\u00e1 J\u00f3rdan til Jer\u00fasalem.3\u00deegar Dav\u00ed\u00f0 kom til hallar sinnar \u00ed Jer\u00fasalem, l\u00e9t konungur taka hj\u00e1konurnar t\u00edu, er hann haf\u00f0i skili\u00f0 eftir til \u00feess a\u00f0 g\u00e6ta hallarinnar, og setti \u00fe\u00e6r \u00ed var\u00f0hald og \u00f3l \u00fear \u00f6nn fyrir \u00feeim, en eigi haf\u00f0i hann samfarir vi\u00f0 \u00fe\u00e6r. Lif\u00f0u \u00fe\u00e6r \u00feannig innibyrg\u00f0ar til dau\u00f0adags sem ekkjur <a href=\"https:\/\/biblian.is\/1981\/sidari-samuelsbok-20-kafli\/\"> [&#8230;]<\/a><\/p>\n","protected":false},"author":1,"featured_media":0,"parent":0,"menu_order":0,"comment_status":"open","ping_status":"open","template":"bibliukaflar.php","meta":{"footnotes":""},"class_list":["post-1633","page","type-page","status-publish","hentry"],"_links":{"self":[{"href":"https:\/\/biblian.is\/1981\/wp-json\/wp\/v2\/pages\/1633","targetHints":{"allow":["GET"]}}],"collection":[{"href":"https:\/\/biblian.is\/1981\/wp-json\/wp\/v2\/pages"}],"about":[{"href":"https:\/\/biblian.is\/1981\/wp-json\/wp\/v2\/types\/page"}],"author":[{"embeddable":true,"href":"https:\/\/biblian.is\/1981\/wp-json\/wp\/v2\/users\/1"}],"replies":[{"embeddable":true,"href":"https:\/\/biblian.is\/1981\/wp-json\/wp\/v2\/comments?post=1633"}],"version-history":[{"count":0,"href":"https:\/\/biblian.is\/1981\/wp-json\/wp\/v2\/pages\/1633\/revisions"}],"wp:attachment":[{"href":"https:\/\/biblian.is\/1981\/wp-json\/wp\/v2\/media?parent=1633"}],"curies":[{"name":"wp","href":"https:\/\/api.w.org\/{rel}","templated":true}]}}