{"id":1630,"date":"2017-11-18T20:18:04","date_gmt":"2017-11-18T20:18:04","guid":{"rendered":"http:\/\/biblian.is\/1981\/sidari-samuelsbok-17-kafli\/"},"modified":"2021-06-06T11:10:47","modified_gmt":"2021-06-06T11:10:47","slug":"sidari-samuelsbok-17-kafli","status":"publish","type":"page","link":"https:\/\/biblian.is\/1981\/sidari-samuelsbok-17-kafli\/","title":{"rendered":"S\u00ed\u00f0ari Sam\u00faelsb\u00f3k 17. kafli"},"content":{"rendered":"<p><a name=\"1\"><span class=\"versanumer\">1<\/span><\/a>S\u00ed\u00f0an sag\u00f0i Ak\u00edt\u00f3fel vi\u00f0 Absalon: \u00c9g \u00e6tla a\u00f0 velja \u00far t\u00f3lf \u00fe\u00fasund manns, leggja af sta\u00f0 og veita Dav\u00ed\u00f0 eftirf\u00f6r \u00feegar \u00ed n\u00f3tt<a name=\"2\"><span class=\"versanumer\">2<\/span><\/a>og r\u00e1\u00f0ast \u00e1 hann, me\u00f0an hann er \u00fereyttur og r\u00e1\u00f0\u00ferota, og skj\u00f3ta honum skelk \u00ed bringu. Mun \u00fe\u00e1 allt li\u00f0i\u00f0, sem me\u00f0 honum er, leggja \u00e1 fl\u00f3tta, en \u00e9g mun drepa konunginn einan.<a name=\"3\"><span class=\"versanumer\">3<\/span><\/a>S\u00ed\u00f0an mun \u00e9g lei\u00f0a aftur allt f\u00f3lki\u00f0 til \u00fe\u00edn, eins og \u00feegar br\u00fa\u00f0ur hverfur aftur til manns s\u00edns. \u00dea\u00f0 er \u00fe\u00f3 ekki nema einn ma\u00f0ur, sem \u00fe\u00fa vilt feigan, en allur l\u00fd\u00f0urinn mun hafa fri\u00f0.<a name=\"4\"><span class=\"versanumer\">4<\/span><\/a>\u00deetta r\u00e1\u00f0 ge\u00f0ja\u00f0ist Absalon vel og \u00f6llum \u00f6ldungum \u00cdsraels.<a name=\"5\"><span class=\"versanumer\">5<\/span><\/a>Og Absalon sag\u00f0i: Kalli\u00f0 og \u00e1 H\u00fasa\u00ed Ark\u00edta, svo a\u00f0 v\u00e9r megum einnig heyra, hva\u00f0 hann leggur til.<a name=\"6\"><span class=\"versanumer\">6<\/span><\/a>\u00de\u00e1 kom H\u00fasa\u00ed til Absalons, og Absalon sag\u00f0i vi\u00f0 hann: \u00deannig hefir Ak\u00edt\u00f3fel tala\u00f0. Eigum v\u00e9r a\u00f0 gj\u00f6ra \u00fea\u00f0, sem hann segir? Ef eigi, \u00fe\u00e1 tala \u00fe\u00fa!<a name=\"7\"><span class=\"versanumer\">7<\/span><\/a>\u00de\u00e1 sag\u00f0i H\u00fasa\u00ed vi\u00f0 Absalon: R\u00e1\u00f0 \u00fea\u00f0, er Ak\u00edt\u00f3fel a\u00f0 \u00feessu sinni hefir r\u00e1\u00f0i\u00f0, er ekki gott.<a name=\"8\"><span class=\"versanumer\">8<\/span><\/a>Og H\u00fasa\u00ed sag\u00f0i: \u00de\u00fa \u00feekkir f\u00f6\u00f0ur \u00feinn og menn hans, a\u00f0 \u00feeir eru hinir mestu kappar og grimmir \u00ed skapi, eins og birna \u00e1 m\u00f6rkinni, sem r\u00e6nd er h\u00fanum s\u00ednum. Auk \u00feess er fa\u00f0ir \u00feinn ma\u00f0ur vanur bard\u00f6gum og l\u00e6tur eigi fyrir berast um n\u00e6tur hj\u00e1 li\u00f0inu.<a name=\"9\"><span class=\"versanumer\">9<\/span><\/a>Sj\u00e1, hann mun n\u00fa hafa fali\u00f0 sig \u00ed einhverri gryfjunni e\u00f0a einhversta\u00f0ar annars sta\u00f0ar. Ef nokkrir af \u00feeim falla \u00ed fyrstu og \u00fea\u00f0 spyrst, munu menn segja: Li\u00f0 \u00fea\u00f0, sem fylgir Absalon, hefir be\u00f0i\u00f0 \u00f3sigur.<a name=\"10\"><span class=\"versanumer\">10<\/span><\/a>\u00de\u00e1 mun svo fara, a\u00f0 jafnvel hreystimenni\u00f0 me\u00f0 lj\u00f3nshjarta\u00f0 mun l\u00e1ta hugfallast, \u00fev\u00ed a\u00f0 allur \u00cdsrael veit, a\u00f0 fa\u00f0ir \u00feinn er hetja og \u00feeir hraustmenni, sem me\u00f0 honum eru.<a name=\"11\"><span class=\"versanumer\">11<\/span><\/a>En \u00feetta er mitt r\u00e1\u00f0: Allur \u00cdsrael fr\u00e1 Dan til Beerseba skal saman safnast til \u00fe\u00edn, svo fj\u00f6lmennur sem sandur \u00e1 sj\u00e1varstr\u00f6ndu, og sj\u00e1lfur fer \u00fe\u00fa me\u00f0al \u00feeirra.<a name=\"12\"><span class=\"versanumer\">12<\/span><\/a>Og ef v\u00e9r \u00fe\u00e1 hittum hann einhvers sta\u00f0ar, hvar sem hann n\u00fa kann a\u00f0 finnast, \u00fe\u00e1 skulum v\u00e9r steypa oss yfir hann, eins og d\u00f6gg fellur \u00e1 j\u00f6r\u00f0u, og af honum og \u00f6llum \u00feeim m\u00f6nnum, sem me\u00f0 honum eru, skal ekki einn eftir ver\u00f0a.<a name=\"13\"><span class=\"versanumer\">13<\/span><\/a>Og ef hann leitar inn \u00ed einhverja borg, skal allur \u00cdsrael bera va\u00f0i a\u00f0 \u00feeirri borg, og s\u00ed\u00f0an skulum v\u00e9r draga hana ofan \u00ed \u00e1na, uns \u00fear finnst ekki einu sinni steinvala.<a name=\"14\"><span class=\"versanumer\">14<\/span><\/a>\u00de\u00e1 sag\u00f0i Absalon og allir \u00cdsraelsmenn: Betra er r\u00e1\u00f0 H\u00fasa\u00ed Ark\u00edta en r\u00e1\u00f0 Ak\u00edt\u00f3fels! \u00dev\u00ed a\u00f0 Drottinn haf\u00f0i \u00e1kve\u00f0i\u00f0 a\u00f0 \u00f3n\u00fdta hi\u00f0 g\u00f3\u00f0a r\u00e1\u00f0 Ak\u00edt\u00f3fels, til \u00feess a\u00f0 hann g\u00e6ti l\u00e1ti\u00f0 \u00f3g\u00e6funa koma yfir Absalon.<a name=\"15\"><span class=\"versanumer\">15<\/span><\/a>\u00de\u00e1 sag\u00f0i H\u00fasa\u00ed vi\u00f0 prestana Sad\u00f3k og Abjatar: \u00dea\u00f0 og \u00fea\u00f0 hefir Ak\u00edt\u00f3fel r\u00e1\u00f0i\u00f0 Absalon og \u00f6ldungum \u00cdsraels, og \u00fea\u00f0 og \u00fea\u00f0 hefi \u00e9g r\u00e1\u00f0i\u00f0.<a name=\"16\"><span class=\"versanumer\">16<\/span><\/a>Sendi\u00f0 \u00fev\u00ed sem skj\u00f3tast og segi\u00f0 Dav\u00ed\u00f0: L\u00e1t \u00fe\u00fa eigi fyrirberast \u00ed n\u00f3tt vi\u00f0 v\u00f6\u00f0in \u00ed ey\u00f0im\u00f6rkinni, heldur far \u00fe\u00fa yfir um, svo a\u00f0 konungur og allt li\u00f0i\u00f0, sem me\u00f0 honum er, tort\u00edmist ekki skyndilega.<a name=\"17\"><span class=\"versanumer\">17<\/span><\/a>En J\u00f3natan og Ak\u00edmaas st\u00f3\u00f0u vi\u00f0 R\u00f3gel-lind, og st\u00falka nokkur var v\u00f6n a\u00f0 fara og f\u00e6ra \u00feeim t\u00ed\u00f0indin, en \u00feeir f\u00f3ru \u00fe\u00e1 jafnan og s\u00f6g\u00f0u Dav\u00ed\u00f0 konungi fr\u00e1, \u00fev\u00ed a\u00f0 \u00feeir m\u00e1ttu ekki l\u00e1ta sj\u00e1, a\u00f0 \u00feeir k\u00e6mu inn \u00ed borgina.<a name=\"18\"><span class=\"versanumer\">18<\/span><\/a>En sveinn nokkur s\u00e1 \u00fe\u00e1 og sag\u00f0i Absalon fr\u00e1. F\u00f3ru \u00feeir \u00fe\u00e1 b\u00e1\u00f0ir brott \u00ed skyndi og komu til h\u00fass manns nokkurs \u00ed Bah\u00far\u00edm, sem \u00e1tti brunn \u00ed h\u00fasagar\u00f0i s\u00ednum, og stigu \u00feeir ofan \u00ed brunninn,<a name=\"19\"><span class=\"versanumer\">19<\/span><\/a>en h\u00fasfreyja t\u00f3k d\u00fak og breiddi yfir brunninn og str\u00e1\u00f0i yfir grj\u00f3num, a\u00f0 eigi skyldi \u00e1 bera.<a name=\"20\"><span class=\"versanumer\">20<\/span><\/a>Menn Absalons komu til konunnar \u00ed h\u00fasi\u00f0 og s\u00f6g\u00f0u: Hvar eru \u00feeir Ak\u00edmaas og J\u00f3natan? Konan svara\u00f0i \u00feeim: \u00deeir eru farnir yfir \u00e1na. \u00deeir leitu\u00f0u, en fundu \u00fe\u00e1 ekki, og sneru aftur til Jer\u00fasalem.<a name=\"21\"><span class=\"versanumer\">21<\/span><\/a>En er \u00feeir voru burt farnir, stigu J\u00f3natan og Ak\u00edmaas upp \u00far brunninum, h\u00e9ldu \u00e1fram og fluttu Dav\u00ed\u00f0 konungi t\u00ed\u00f0indin. Og \u00feeir s\u00f6g\u00f0u vi\u00f0 Dav\u00ed\u00f0: Taki\u00f0 y\u00f0ur upp og fari\u00f0 sem skj\u00f3tast yfir \u00e1na, \u00fev\u00ed a\u00f0 \u00feau r\u00e1\u00f0 hefir Ak\u00edt\u00f3fel r\u00e1\u00f0i\u00f0 m\u00f3ti y\u00f0ur.<a name=\"22\"><span class=\"versanumer\">22<\/span><\/a>\u00de\u00e1 t\u00f3k Dav\u00ed\u00f0 sig upp og allt li\u00f0i\u00f0, sem me\u00f0 honum var, og f\u00f3ru yfir J\u00f3rdan. Og er l\u00fdsti af degi, var enginn s\u00e1, er ekki hef\u00f0i fari\u00f0 yfir J\u00f3rdan.<a name=\"23\"><span class=\"versanumer\">23<\/span><\/a>En er Ak\u00edt\u00f3fel s\u00e1, a\u00f0 eigi var fari\u00f0 a\u00f0 r\u00e1\u00f0um hans, s\u00f6\u00f0la\u00f0i hann asna sinn, lag\u00f0i af sta\u00f0 og f\u00f3r heim til s\u00edn \u00ed borg s\u00edna, r\u00e1\u00f0stafa\u00f0i h\u00fasi s\u00ednu og hengdi sig, og l\u00e9t \u00feannig l\u00edf sitt. Var hann s\u00ed\u00f0an jar\u00f0a\u00f0ur hj\u00e1 f\u00f6\u00f0ur s\u00ednum.<a name=\"24\"><span class=\"versanumer\">24<\/span><\/a>Dav\u00ed\u00f0 var kominn til Mahana\u00edm, \u00feegar Absalon f\u00f3r yfir J\u00f3rdan, og allir \u00cdsraelsmenn me\u00f0 honum.<a name=\"25\"><span class=\"versanumer\">25<\/span><\/a>Absalon haf\u00f0i sett Amasa yfir herinn \u00ed sta\u00f0 J\u00f3abs, en Amasa var sonur \u00cdsmael\u00edta nokkurs, er J\u00edtra h\u00e9t og gengi\u00f0 haf\u00f0i inn til Ab\u00edgal, d\u00f3ttur Nahas, systur Ser\u00faju, m\u00f3\u00f0ur J\u00f3abs.<a name=\"26\"><span class=\"versanumer\">26<\/span><\/a>\u00cdsrael og Absalon settu herb\u00fa\u00f0ir s\u00ednar \u00ed G\u00edlea\u00f0landi.<a name=\"27\"><span class=\"versanumer\">27<\/span><\/a>En er Dav\u00ed\u00f0 kom til Mahana\u00edm, fluttu \u00feeir S\u00f3b\u00ed Nahasson fr\u00e1 Rabba, borg Amm\u00f3n\u00edta, Mak\u00edr Amm\u00edelsson fr\u00e1 L\u00f3debar og Barsilla\u00ed G\u00edlea\u00f0\u00edti fr\u00e1 R\u00f3gel\u00edm \u00feanga\u00f0<a name=\"28\"><span class=\"versanumer\">28<\/span><\/a>hv\u00edlur, \u00e1brei\u00f0ur, sk\u00e1lar og leirker og f\u00e6r\u00f0u Dav\u00ed\u00f0 og li\u00f0inu, sem me\u00f0 honum var, hveiti, bygg, mj\u00f6l, baka\u00f0 korn, baunir, flatbaunir,<a name=\"29\"><span class=\"versanumer\">29<\/span><\/a>hunang, rj\u00f3ma, sau\u00f0i og osta \u00far k\u00faamj\u00f3lk til a\u00f0 eta, \u00fev\u00ed a\u00f0 \u00feeir hugsu\u00f0u: Li\u00f0i\u00f0 er or\u00f0i\u00f0 hungra\u00f0, \u00fereytt og \u00feyrst \u00e1 ey\u00f0im\u00f6rkinni.<\/p>\n<div class=\"footnote1981\"><b>17.1<\/b> Veita eftirf\u00f6r 2Sam 20.6<br \/>\n<b>17.2<\/b> \u00dereyttur 2Sam 16.14<br \/>\n<b>17.8<\/b> Eins og birna H\u00f3s 13.8; Okv 17.12 \u2013 bardagama\u00f0ur 1Sam 16.18<br \/>\n<b>17.9<\/b> \u00cd einhverjum helli 1Sam 22.1<br \/>\n<b>17.10<\/b> Hreystimenni 2Sam 23.8-23<br \/>\n<b>17.11<\/b> Sem sandur 1M\u00f3s 22.17+<br \/>\n<b>17.14<\/b> Gera a\u00f0 engu 2Sam 15.31,34<br \/>\n<b>17.16<\/b> Skilabo\u00f0 til Dav\u00ed\u00f0s 2Sam 15.28<br \/>\n<b>17.19<\/b> Breiddi yfir J\u00f3s 2.4-6; 1Sam 19.11-17<br \/>\n<b>17.23<\/b> Ak\u00edt\u00f3fel 2Sam 15.12+ &#8211; hengdi sig D\u00f3m 9.54; 1Sam 31.4-6; 1Kon 16.18; 2Makk 14.42-46; Matt 27.5<br \/>\n<b>17.27-29<\/b> Vistir 2Sam 16.1+<br \/>\n<b>17.27<\/b> Mak\u00edr 2Sam 9.4 \u2013 Barsilla\u00ed 2Sam 19.31-39<\/div>\n","protected":false},"excerpt":{"rendered":"<p>1S\u00ed\u00f0an sag\u00f0i Ak\u00edt\u00f3fel vi\u00f0 Absalon: \u00c9g \u00e6tla a\u00f0 velja \u00far t\u00f3lf \u00fe\u00fasund manns, leggja af sta\u00f0 og veita Dav\u00ed\u00f0 eftirf\u00f6r \u00feegar \u00ed n\u00f3tt2og r\u00e1\u00f0ast \u00e1 hann, me\u00f0an hann er \u00fereyttur og r\u00e1\u00f0\u00ferota, og skj\u00f3ta honum skelk \u00ed bringu. Mun \u00fe\u00e1 allt li\u00f0i\u00f0, sem me\u00f0 honum er, leggja \u00e1 fl\u00f3tta, en \u00e9g mun drepa konunginn einan.3S\u00ed\u00f0an mun \u00e9g lei\u00f0a aftur allt f\u00f3lki\u00f0 til \u00fe\u00edn, eins og \u00feegar br\u00fa\u00f0ur hverfur aftur til manns s\u00edns. \u00dea\u00f0 er \u00fe\u00f3 ekki nema einn ma\u00f0ur, sem \u00fe\u00fa vilt feigan, en allur l\u00fd\u00f0urinn mun hafa fri\u00f0.4\u00deetta r\u00e1\u00f0 ge\u00f0ja\u00f0ist Absalon vel og \u00f6llum \u00f6ldungum \u00cdsraels.5Og Absalon sag\u00f0i: Kalli\u00f0 <a href=\"https:\/\/biblian.is\/1981\/sidari-samuelsbok-17-kafli\/\"> [&#8230;]<\/a><\/p>\n","protected":false},"author":1,"featured_media":0,"parent":0,"menu_order":0,"comment_status":"open","ping_status":"open","template":"bibliukaflar.php","meta":{"footnotes":""},"class_list":["post-1630","page","type-page","status-publish","hentry"],"_links":{"self":[{"href":"https:\/\/biblian.is\/1981\/wp-json\/wp\/v2\/pages\/1630","targetHints":{"allow":["GET"]}}],"collection":[{"href":"https:\/\/biblian.is\/1981\/wp-json\/wp\/v2\/pages"}],"about":[{"href":"https:\/\/biblian.is\/1981\/wp-json\/wp\/v2\/types\/page"}],"author":[{"embeddable":true,"href":"https:\/\/biblian.is\/1981\/wp-json\/wp\/v2\/users\/1"}],"replies":[{"embeddable":true,"href":"https:\/\/biblian.is\/1981\/wp-json\/wp\/v2\/comments?post=1630"}],"version-history":[{"count":0,"href":"https:\/\/biblian.is\/1981\/wp-json\/wp\/v2\/pages\/1630\/revisions"}],"wp:attachment":[{"href":"https:\/\/biblian.is\/1981\/wp-json\/wp\/v2\/media?parent=1630"}],"curies":[{"name":"wp","href":"https:\/\/api.w.org\/{rel}","templated":true}]}}