{"id":1629,"date":"2017-11-18T20:18:04","date_gmt":"2017-11-18T20:18:04","guid":{"rendered":"http:\/\/biblian.is\/1981\/sidari-samuelsbok-16-kafli\/"},"modified":"2021-06-06T11:10:46","modified_gmt":"2021-06-06T11:10:46","slug":"sidari-samuelsbok-16-kafli","status":"publish","type":"page","link":"https:\/\/biblian.is\/1981\/sidari-samuelsbok-16-kafli\/","title":{"rendered":"S\u00ed\u00f0ari Sam\u00faelsb\u00f3k 16. kafli"},"content":{"rendered":"<p><a name=\"1\"><span class=\"versanumer\">1<\/span><\/a>En er Dav\u00ed\u00f0 var kominn sp\u00f6lkorn fr\u00e1 h\u00e6\u00f0inni, kom S\u00edba, sveinn Mef\u00edb\u00f3sets, \u00ed m\u00f3ti honum me\u00f0 tvo s\u00f6\u00f0la\u00f0a asna, klyfja\u00f0a tv\u00f6 hundru\u00f0 brau\u00f0um, hundra\u00f0 r\u00fas\u00ednuk\u00f6kum, hundra\u00f0 aldink\u00f6kum og v\u00ednlegli.<a name=\"2\"><span class=\"versanumer\">2<\/span><\/a>Konungur m\u00e6lti vi\u00f0 S\u00edba: Hva\u00f0 \u00e6tlar \u00fe\u00fa a\u00f0 gj\u00f6ra vi\u00f0 \u00feetta? S\u00edba svara\u00f0i: Asnarnir eru \u00e6tla\u00f0ir konungsf\u00f3lkinu til rei\u00f0ar, brau\u00f0in og aldinin til matar \u00fej\u00f3nustuli\u00f0inu og v\u00edni\u00f0 til drykkjar \u00feeim, er \u00f6rmagnast kunna \u00e1 ey\u00f0im\u00f6rkinni.<a name=\"3\"><span class=\"versanumer\">3<\/span><\/a>\u00de\u00e1 m\u00e6lti konungur: Hvar er sonur herra \u00fe\u00edns? S\u00edba svara\u00f0i konungi: Hann er kyrr \u00ed Jer\u00fasalem, \u00fev\u00ed a\u00f0 hann hugsa\u00f0i: \u00cd dag mun \u00cdsraels h\u00fas f\u00e1 m\u00e9r aftur konungsr\u00edki f\u00f6\u00f0ur m\u00edns.<a name=\"4\"><span class=\"versanumer\">4<\/span><\/a>\u00de\u00e1 sag\u00f0i konungur vi\u00f0 S\u00edba: Sj\u00e1, allt sem Mef\u00edb\u00f3set \u00e1, \u00fea\u00f0 s\u00e9 \u00feitt! S\u00edba m\u00e6lti: \u00c9g hneigi mig! M\u00e6tti \u00e9g jafnan finna n\u00e1\u00f0 \u00ed augum \u00fe\u00ednum, minn herra konungur.<a name=\"5\"><span class=\"versanumer\">5<\/span><\/a>\u00deegar Dav\u00ed\u00f0 konungur kom til Bah\u00far\u00edm, kom \u00fea\u00f0an ma\u00f0ur af kyn\u00fe\u00e6tti S\u00e1ls, sem S\u00edme\u00ed h\u00e9t, Gerason. Hann kom b\u00f6lvandi og ragnandi<a name=\"6\"><span class=\"versanumer\">6<\/span><\/a>og kasta\u00f0i steinum a\u00f0 Dav\u00ed\u00f0 og \u00f6llum \u00fej\u00f3num Dav\u00ed\u00f0s konungs, en allt f\u00f3lki\u00f0 og allir kapparnir gengu til h\u00e6gri og vinstri hli\u00f0ar honum.<a name=\"7\"><span class=\"versanumer\">7<\/span><\/a>En S\u00edme\u00ed komst svo a\u00f0 or\u00f0i \u00ed form\u00e6lingum s\u00ednum: Burt, burt, bl\u00f3\u00f0hundurinn og hrakmenni\u00f0!<a name=\"8\"><span class=\"versanumer\">8<\/span><\/a>N\u00fa l\u00e6tur Drottinn \u00fe\u00e9r \u00ed koll koma allt bl\u00f3\u00f0 \u00e6ttar S\u00e1ls, \u00ed hvers sta\u00f0 \u00fe\u00fa ert konungur or\u00f0inn, og Drottinn hefir gefi\u00f0 konungd\u00f3minn \u00ed hendur Absalon syni \u00fe\u00ednum, og n\u00fa er \u00f3g\u00e6fan yfir \u00feig komin, af \u00fev\u00ed a\u00f0 \u00fe\u00fa ert bl\u00f3\u00f0hundur.<a name=\"9\"><span class=\"versanumer\">9<\/span><\/a>\u00de\u00e1 m\u00e6lti Ab\u00edsa\u00ed Ser\u00fajuson vi\u00f0 konung: Hv\u00ed skal \u00feessi dau\u00f0i hundur form\u00e6la m\u00ednum herra konunginum? L\u00e1t mig fara og st\u00fdfa af honum hausinn.<a name=\"10\"><span class=\"versanumer\">10<\/span><\/a>En konungur svara\u00f0i: Hva\u00f0 hefi \u00e9g saman vi\u00f0 y\u00f0ur a\u00f0 s\u00e6lda, Ser\u00fajusynir? Ef hann form\u00e6lir og ef Drottinn hefir sagt honum: Form\u00e6l Dav\u00ed\u00f0! hver vogar \u00fe\u00e1 a\u00f0 segja: Hv\u00ed gj\u00f6rir \u00fe\u00fa \u00feetta?<a name=\"11\"><span class=\"versanumer\">11<\/span><\/a>Og Dav\u00ed\u00f0 sag\u00f0i vi\u00f0 Ab\u00edsa\u00ed og vi\u00f0 alla \u00fej\u00f3na s\u00edna: Sj\u00e1, fyrst sonur minn, sem \u00fat genginn er af lendum m\u00ednum, situr um l\u00edf mitt, hv\u00ed \u00fe\u00e1 ekki \u00feessi Benjam\u00edn\u00edti? L\u00e1ti\u00f0 hann \u00ed fri\u00f0i og lofi\u00f0 honum a\u00f0 form\u00e6la, \u00fev\u00ed a\u00f0 Drottinn hefir sagt honum \u00fea\u00f0.<a name=\"12\"><span class=\"versanumer\">12<\/span><\/a>Vera m\u00e1 a\u00f0 Drottinn l\u00edti \u00e1 eymd m\u00edna og b\u00e6ti m\u00e9r form\u00e6ling hans \u00ed dag me\u00f0 g\u00f3\u00f0u.<a name=\"13\"><span class=\"versanumer\">13<\/span><\/a>S\u00ed\u00f0an f\u00f3r Dav\u00ed\u00f0 og menn hans lei\u00f0ar sinnar, en S\u00edme\u00ed gekk \u00ed fjallshl\u00ed\u00f0inni \u00e1 hli\u00f0 vi\u00f0 hann og form\u00e6lti honum \u00ed s\u00edfellu, kasta\u00f0i steinum a\u00f0 honum og l\u00e9t moldarhnausana dynja \u00e1 honum.<a name=\"14\"><span class=\"versanumer\">14<\/span><\/a>S\u00ed\u00f0an kom konungur og allt f\u00f3lki\u00f0, sem me\u00f0 honum var, uppgefi\u00f0 til J\u00f3rdanar og hv\u00edldi sig \u00fear.<a name=\"15\"><span class=\"versanumer\">15<\/span><\/a>Absalon og allir \u00cdsraelsmenn komu til Jer\u00fasalem og Ak\u00edt\u00f3fel me\u00f0 honum.<a name=\"16\"><span class=\"versanumer\">16<\/span><\/a>Og er H\u00fasa\u00ed Ark\u00edti, vinur Dav\u00ed\u00f0s, kom til Absalons, sag\u00f0i H\u00fasa\u00ed vi\u00f0 hann: Konungurinn lifi! Konungurinn lifi!<a name=\"17\"><span class=\"versanumer\">17<\/span><\/a>\u00de\u00e1 sag\u00f0i Absalon vi\u00f0 H\u00fasa\u00ed: Er \u00feetta k\u00e6rleikur \u00feinn til vinar \u00fe\u00edns? Hvers vegna f\u00f3rst \u00fe\u00fa ekki me\u00f0 vini \u00fe\u00ednum?<a name=\"18\"><span class=\"versanumer\">18<\/span><\/a>H\u00fasa\u00ed sag\u00f0i \u00fe\u00e1 vi\u00f0 Absalon: Nei, \u00fev\u00ed a\u00f0 \u00feann, sem Drottinn og \u00feessi l\u00fd\u00f0ur og allir \u00cdsraelsmenn velja, hans ma\u00f0ur vil \u00e9g vera, og hj\u00e1 honum vil \u00e9g dveljast.<a name=\"19\"><span class=\"versanumer\">19<\/span><\/a>Og \u00ed annan sta\u00f0: Hverjum veiti \u00e9g \u00fej\u00f3nustu? Er \u00fea\u00f0 ekki syni hans? Eins og \u00e9g hefi veitt f\u00f6\u00f0ur \u00fe\u00ednum \u00fej\u00f3nustu, svo mun \u00e9g og veita \u00fe\u00e9r.<a name=\"20\"><span class=\"versanumer\">20<\/span><\/a>\u00de\u00e1 sag\u00f0i Absalon vi\u00f0 Ak\u00edt\u00f3fel: Leggi\u00f0 n\u00fa r\u00e1\u00f0 \u00e1, hva\u00f0 v\u00e9r skulum gj\u00f6ra!<a name=\"21\"><span class=\"versanumer\">21<\/span><\/a>Ak\u00edt\u00f3fel sag\u00f0i vi\u00f0 Absalon: Gakk \u00fe\u00fa inn til hj\u00e1kvenna f\u00f6\u00f0ur \u00fe\u00edns, sem hann l\u00e9t eftir ver\u00f0a til \u00feess a\u00f0 g\u00e6ta hallarinnar. Mun \u00fe\u00e1 allur \u00cdsrael fr\u00e9tta, a\u00f0 \u00fe\u00fa s\u00e9rt or\u00f0inn \u00f3\u00feokka\u00f0ur af f\u00f6\u00f0ur \u00fe\u00ednum, og mun \u00fe\u00e1 \u00f6llum \u00fe\u00ednum m\u00f6nnum vaxa hugur.<a name=\"22\"><span class=\"versanumer\">22<\/span><\/a>\u00de\u00e1 tj\u00f6ldu\u00f0u \u00feeir fyrir Absalon \u00e1 \u00feakinu, og Absalon gekk inn til hj\u00e1kvenna f\u00f6\u00f0ur s\u00edns \u00ed augs\u00fdn alls \u00cdsraels.<a name=\"23\"><span class=\"versanumer\">23<\/span><\/a>En \u00feau r\u00e1\u00f0, er Ak\u00edt\u00f3fel r\u00e9\u00f0, \u00fe\u00f3ttu \u00ed \u00fe\u00e1 daga eins g\u00f3\u00f0 og gild, sem gengi\u00f0 v\u00e6ri til fr\u00e9tta vi\u00f0 Gu\u00f0, svo mikils m\u00e1ttu s\u00edn \u00f6ll r\u00e1\u00f0 Ak\u00edt\u00f3fels, b\u00e6\u00f0i hj\u00e1 Dav\u00ed\u00f0 og Absalon.<\/p>\n<div class=\"footnote1981\"><b>16.1<\/b> Mef\u00edb\u00f3set 2Sam 9.1-6+ &#8211; klyfja\u00f0ir asnar 2Sam 17.27-29; 1Sam 25.18<br \/>\n<b>16.2<\/b> Asnar til rei\u00f0ar D\u00f3m 10.4\u00b812.14; Sak 9.9<br \/>\n<b>16.5<\/b> S\u00edme\u00ed 2Sam 19.16-24; 1Kon 2.8-9,36-46<br \/>\n<b>16.8<\/b> \u00cd koll koma 1Sam 25.39+<br \/>\n<b>16.9<\/b> H\u00f6f\u00f0inu styttri 2Sam 4.7; 1Sam 17.46; 2Kon 6.32; J\u00fadt 13.8<br \/>\n<b>16.12<\/b> Eymd m\u00edn 1M\u00f3s 29.32; 31.42; 2M\u00f3s 3.7; 4.31; 5M\u00f3s 26.7<br \/>\n<b>16.16<\/b> Konungurinn lifi Slm 72.15+<br \/>\n<b>16.18<\/b> Drottinn k\u00fds 5M\u00f3s 17.15; 1Sam 10.24; Slm 89.4<br \/>\n<b>16.21<\/b> Til hj\u00e1kvenna 2Sam 12.11; 15.16+<br \/>\n<b>16.23<\/b> Ak\u00edt\u00f3fel 2Sam 15.12+<\/div>\n","protected":false},"excerpt":{"rendered":"<p>1En er Dav\u00ed\u00f0 var kominn sp\u00f6lkorn fr\u00e1 h\u00e6\u00f0inni, kom S\u00edba, sveinn Mef\u00edb\u00f3sets, \u00ed m\u00f3ti honum me\u00f0 tvo s\u00f6\u00f0la\u00f0a asna, klyfja\u00f0a tv\u00f6 hundru\u00f0 brau\u00f0um, hundra\u00f0 r\u00fas\u00ednuk\u00f6kum, hundra\u00f0 aldink\u00f6kum og v\u00ednlegli.2Konungur m\u00e6lti vi\u00f0 S\u00edba: Hva\u00f0 \u00e6tlar \u00fe\u00fa a\u00f0 gj\u00f6ra vi\u00f0 \u00feetta? S\u00edba svara\u00f0i: Asnarnir eru \u00e6tla\u00f0ir konungsf\u00f3lkinu til rei\u00f0ar, brau\u00f0in og aldinin til matar \u00fej\u00f3nustuli\u00f0inu og v\u00edni\u00f0 til drykkjar \u00feeim, er \u00f6rmagnast kunna \u00e1 ey\u00f0im\u00f6rkinni.3\u00de\u00e1 m\u00e6lti konungur: Hvar er sonur herra \u00fe\u00edns? S\u00edba svara\u00f0i konungi: Hann er kyrr \u00ed Jer\u00fasalem, \u00fev\u00ed a\u00f0 hann hugsa\u00f0i: \u00cd dag mun \u00cdsraels h\u00fas f\u00e1 m\u00e9r aftur konungsr\u00edki f\u00f6\u00f0ur m\u00edns.4\u00de\u00e1 sag\u00f0i konungur vi\u00f0 S\u00edba: Sj\u00e1, allt sem <a href=\"https:\/\/biblian.is\/1981\/sidari-samuelsbok-16-kafli\/\"> [&#8230;]<\/a><\/p>\n","protected":false},"author":1,"featured_media":0,"parent":0,"menu_order":0,"comment_status":"open","ping_status":"open","template":"bibliukaflar.php","meta":{"footnotes":""},"class_list":["post-1629","page","type-page","status-publish","hentry"],"_links":{"self":[{"href":"https:\/\/biblian.is\/1981\/wp-json\/wp\/v2\/pages\/1629","targetHints":{"allow":["GET"]}}],"collection":[{"href":"https:\/\/biblian.is\/1981\/wp-json\/wp\/v2\/pages"}],"about":[{"href":"https:\/\/biblian.is\/1981\/wp-json\/wp\/v2\/types\/page"}],"author":[{"embeddable":true,"href":"https:\/\/biblian.is\/1981\/wp-json\/wp\/v2\/users\/1"}],"replies":[{"embeddable":true,"href":"https:\/\/biblian.is\/1981\/wp-json\/wp\/v2\/comments?post=1629"}],"version-history":[{"count":0,"href":"https:\/\/biblian.is\/1981\/wp-json\/wp\/v2\/pages\/1629\/revisions"}],"wp:attachment":[{"href":"https:\/\/biblian.is\/1981\/wp-json\/wp\/v2\/media?parent=1629"}],"curies":[{"name":"wp","href":"https:\/\/api.w.org\/{rel}","templated":true}]}}