{"id":1628,"date":"2017-11-18T20:18:04","date_gmt":"2017-11-18T20:18:04","guid":{"rendered":"http:\/\/biblian.is\/1981\/sidari-samuelsbok-15-kafli\/"},"modified":"2021-06-06T11:10:45","modified_gmt":"2021-06-06T11:10:45","slug":"sidari-samuelsbok-15-kafli","status":"publish","type":"page","link":"https:\/\/biblian.is\/1981\/sidari-samuelsbok-15-kafli\/","title":{"rendered":"S\u00ed\u00f0ari Sam\u00faelsb\u00f3k 15. kafli"},"content":{"rendered":"<p><a name=\"1\"><span class=\"versanumer\">1<\/span><\/a>Eftir \u00feetta bar \u00fea\u00f0 til, a\u00f0 Absalon f\u00e9kk s\u00e9r vagna og hesta og fimmt\u00edu menn, sem fyrir honum hlupu.<a name=\"2\"><span class=\"versanumer\">2<\/span><\/a>Og hann lag\u00f0i \u00fea\u00f0 \u00ed vana sinn a\u00f0 nema sta\u00f0ar snemma morguns vi\u00f0 veginn, sem l\u00e1 inn a\u00f0 borgarhli\u00f0inu. Og hann kalla\u00f0i \u00e1 hvern \u00feann mann, er \u00ed m\u00e1li \u00e1tti og fyrir \u00fev\u00ed leita\u00f0i \u00e1 konungs fund til \u00feess a\u00f0 f\u00e1 \u00farskur\u00f0 hans, og m\u00e6lti: Fr\u00e1 hva\u00f0a borg ert \u00fe\u00fa? Og seg\u00f0i hann: \u00dej\u00f3nn \u00feinn er af einni \u00e6ttkv\u00edsl \u00cdsraels,<a name=\"3\"><span class=\"versanumer\">3<\/span><\/a>\u00fe\u00e1 sag\u00f0i Absalon vi\u00f0 hann: Sj\u00e1, m\u00e1lefni \u00feitt er gott og r\u00e9tt, en konungur hefir engan sett, er veiti \u00fe\u00e9r \u00e1heyrn.<a name=\"4\"><span class=\"versanumer\">4<\/span><\/a>Og Absalon sag\u00f0i: \u00c9g vildi \u00f3ska a\u00f0 \u00e9g v\u00e6ri skipa\u00f0ur d\u00f3mari \u00ed landinu, svo a\u00f0 hver ma\u00f0ur, sem \u00e6tti \u00ed \u00fer\u00e6tu e\u00f0a hef\u00f0i m\u00e1l a\u00f0 s\u00e6kja, g\u00e6ti komi\u00f0 til m\u00edn. \u00de\u00e1 skyldi \u00e9g l\u00e1ta hann n\u00e1 r\u00e9tti s\u00ednum.<a name=\"5\"><span class=\"versanumer\">5<\/span><\/a>Og \u00feegar einhver kom til hans til \u00feess a\u00f0 l\u00fata honum, r\u00e9tti hann fram h\u00f6ndina, dr\u00f3 hann a\u00f0 s\u00e9r og kyssti hann.<a name=\"6\"><span class=\"versanumer\">6<\/span><\/a>Svo gj\u00f6r\u00f0i Absalon vi\u00f0 alla \u00cdsraelsmenn, \u00fe\u00e1 er leitu\u00f0u \u00e1 konungs fund til \u00feess a\u00f0 f\u00e1 \u00farskur\u00f0 hans. Og \u00feann veg stal Absalon hj\u00f6rtum \u00cdsraelsmanna.<a name=\"7\"><span class=\"versanumer\">7<\/span><\/a>Og \u00fea\u00f0 bar til fj\u00f3rum \u00e1rum s\u00ed\u00f0ar, a\u00f0 Absalon sag\u00f0i vi\u00f0 konung: Leyf m\u00e9r a\u00f0 fara og efna heit mitt \u00ed Hebron, \u00fea\u00f0 er \u00e9g hefi gj\u00f6rt Drottni.<a name=\"8\"><span class=\"versanumer\">8<\/span><\/a>\u00dev\u00ed a\u00f0 \u00fej\u00f3nn \u00feinn gj\u00f6r\u00f0i svol\u00e1tandi heit, \u00fe\u00e1 er hann dvaldist \u00ed Ges\u00far \u00e1 S\u00fdrlandi: Ef Drottinn flytur mig aftur til Jer\u00fasalem, \u00fe\u00e1 skal \u00e9g \u00fej\u00f3na Drottni.<a name=\"9\"><span class=\"versanumer\">9<\/span><\/a>Konungur svara\u00f0i honum: Far \u00fe\u00fa \u00ed fri\u00f0i! Lag\u00f0i hann \u00fe\u00e1 af sta\u00f0 og f\u00f3r til Hebron.<a name=\"10\"><span class=\"versanumer\">10<\/span><\/a>En Absalon gj\u00f6r\u00f0i menn \u00e1 laun til allra \u00e6ttkv\u00edsla \u00cdsraels me\u00f0 svol\u00e1tandi or\u00f0sending: \u00deegar \u00fe\u00e9r heyri\u00f0 l\u00fa\u00f0urhlj\u00f3m, \u00fe\u00e1 segi\u00f0: Absalon er konungur or\u00f0inn \u00ed Hebron!<a name=\"11\"><span class=\"versanumer\">11<\/span><\/a>Me\u00f0 Absalon f\u00f3ru tv\u00f6 hundru\u00f0 manns \u00far Jer\u00fasalem, er hann kvaddi til farar me\u00f0 s\u00e9r. F\u00f3ru \u00feeir \u00ed grandleysi og vissu ekki, hva\u00f0 undir bj\u00f3.<a name=\"12\"><span class=\"versanumer\">12<\/span><\/a>Og er Absalon var a\u00f0 f\u00f3rnum, sendi hann eftir Ak\u00edt\u00f3fel G\u00edl\u00f3n\u00edta, r\u00e1\u00f0gjafa Dav\u00ed\u00f0s, til G\u00edl\u00f3, \u00e6ttborgar hans. Og sams\u00e6ri\u00f0 magna\u00f0ist og \u00e6 fleiri og fleiri menn gengu \u00ed li\u00f0 me\u00f0 Absalon.<a name=\"13\"><span class=\"versanumer\">13<\/span><\/a>N\u00fa komu menn til Dav\u00ed\u00f0s og s\u00f6g\u00f0u honum: Hugur \u00cdsraelsmanna hefir sn\u00faist til Absalons.<a name=\"14\"><span class=\"versanumer\">14<\/span><\/a>\u00de\u00e1 sag\u00f0i Dav\u00ed\u00f0 vi\u00f0 alla \u00fej\u00f3na s\u00edna, \u00fe\u00e1 er me\u00f0 honum voru \u00ed Jer\u00fasalem: Af sta\u00f0! V\u00e9r skulum fl\u00fdja, \u00fev\u00ed a\u00f0 \u00f6\u00f0rum kosti munum v\u00e9r ekki komast undan Absalon. Hra\u00f0i\u00f0 y\u00f0ur, svo a\u00f0 hann komi ekki skyndilega og n\u00e1i oss, f\u00e6ri oss \u00f3g\u00e6fu a\u00f0 h\u00f6ndum og taki borgina herskildi.<a name=\"15\"><span class=\"versanumer\">15<\/span><\/a>\u00dej\u00f3nar konungs sv\u00f6ru\u00f0u honum: Alveg eins og minn herra konungurinn vill, sj\u00e1, v\u00e9r erum \u00fej\u00f3nar \u00fe\u00ednir.<a name=\"16\"><span class=\"versanumer\">16<\/span><\/a>\u00de\u00e1 lag\u00f0i konungur af sta\u00f0 og allt hans h\u00fas me\u00f0 honum. En konungur l\u00e9t t\u00edu hj\u00e1konur eftir ver\u00f0a til \u00feess a\u00f0 g\u00e6ta h\u00fassins.<a name=\"17\"><span class=\"versanumer\">17<\/span><\/a>Konungur lag\u00f0i af sta\u00f0 og allir \u00fej\u00f3nar hans me\u00f0 honum. Og \u00feeir n\u00e1mu sta\u00f0ar vi\u00f0 ysta h\u00fasi\u00f0,<a name=\"18\"><span class=\"versanumer\">18<\/span><\/a>en allt f\u00f3lki\u00f0 og allir Kretar og Pletar gengu fram hj\u00e1 honum. Enn fremur gengu allir menn \u00cdtta\u00eds fr\u00e1 Gat, sex hundru\u00f0 manns, er komnir voru me\u00f0 honum fr\u00e1 Gat, fram hj\u00e1 \u00ed augs\u00fdn konungs.<a name=\"19\"><span class=\"versanumer\">19<\/span><\/a>\u00de\u00e1 sag\u00f0i konungur vi\u00f0 \u00cdtta\u00ed fr\u00e1 Gat: Hvers vegna fer \u00fe\u00fa og me\u00f0 oss? Sn\u00fa aftur og ver me\u00f0 hinum konunginum, \u00fev\u00ed a\u00f0 \u00fe\u00fa ert \u00fatlendingur og meira a\u00f0 segja \u00fatl\u00e6gur gj\u00f6r \u00far \u00e1tth\u00f6gum \u00fe\u00ednum.<a name=\"20\"><span class=\"versanumer\">20<\/span><\/a>\u00de\u00fa komst \u00ed g\u00e6r, og \u00ed dag \u00e6tti \u00e9g a\u00f0 f\u00e1 \u00feig til a\u00f0 reika um me\u00f0 oss, \u00fear sem \u00e9g ver\u00f0 a\u00f0 fara \u00feanga\u00f0 sem verkast vill. Sn\u00fa \u00fe\u00fa aftur og haf me\u00f0 \u00fe\u00e9r sveitunga \u00fe\u00edna. Drottinn mun au\u00f0s\u00fdna \u00fe\u00e9r miskunn og tr\u00fafesti.<a name=\"21\"><span class=\"versanumer\">21<\/span><\/a>En \u00cdtta\u00ed svara\u00f0i konungi: Svo sannarlega sem Drottinn lifir, og svo sannarlega sem minn herra konungurinn lifir: \u00c1 \u00feeim sta\u00f0, sem minn herra konungurinn ver\u00f0ur hvort sem \u00fea\u00f0 ver\u00f0ur til dau\u00f0a e\u00f0a l\u00edfs, \u00fear mun og \u00fej\u00f3nn \u00feinn ver\u00f0a.<a name=\"22\"><span class=\"versanumer\">22<\/span><\/a>\u00de\u00e1 sag\u00f0i Dav\u00ed\u00f0 vi\u00f0 \u00cdtta\u00ed: J\u00e6ja, far \u00fe\u00fa \u00fe\u00e1 fram hj\u00e1. \u00de\u00e1 f\u00f3r \u00cdtta\u00ed fr\u00e1 Gat fram hj\u00e1 og allir hans menn og \u00f6ll b\u00f6rnin, sem me\u00f0 honum voru.<a name=\"23\"><span class=\"versanumer\">23<\/span><\/a>En allt landi\u00f0 gr\u00e9t h\u00e1st\u00f6fum, me\u00f0an allt f\u00f3lki\u00f0 gekk fram hj\u00e1. En konungur st\u00f3\u00f0 \u00ed K\u00eddrondal, me\u00f0an allt f\u00f3lki\u00f0 gekk fram hj\u00e1 honum \u00ed \u00e1ttina til ol\u00edutr\u00e9sins, sem er \u00ed ey\u00f0im\u00f6rkinni.<a name=\"24\"><span class=\"versanumer\">24<\/span><\/a>\u00dear var og Sad\u00f3k, og Abjatar og allir lev\u00edtarnir me\u00f0 honum. B\u00e1ru \u00feeir s\u00e1ttm\u00e1ls\u00f6rk Gu\u00f0s. Og \u00feeir settu ni\u00f0ur \u00f6rk Gu\u00f0s, uns allur l\u00fd\u00f0urinn \u00far borginni var kominn fram hj\u00e1.<a name=\"25\"><span class=\"versanumer\">25<\/span><\/a>Og konungur sag\u00f0i vi\u00f0 Sad\u00f3k: Flyt \u00fe\u00fa \u00f6rk Gu\u00f0s aftur inn \u00ed borgina. Finni \u00e9g n\u00e1\u00f0 \u00ed augum Drottins, mun hann lei\u00f0a mig heim aftur og l\u00e1ta mig sj\u00e1 sj\u00e1lfan sig og b\u00fasta\u00f0 sinn.<a name=\"26\"><span class=\"versanumer\">26<\/span><\/a>En ef hann hugsar svo: \u00c9g hefi ekki \u00fe\u00f3knun \u00e1 \u00fe\u00e9r, \u00fe\u00e1 er \u00e9g h\u00e9r, gj\u00f6ri hann vi\u00f0 mig sem honum gott \u00feykir.<a name=\"27\"><span class=\"versanumer\">27<\/span><\/a>\u00de\u00e1 m\u00e6lti konungur vi\u00f0 Sad\u00f3k h\u00f6fu\u00f0prest: Far \u00fe\u00fa aftur til borgarinnar \u00ed fri\u00f0i og Ak\u00edmaas sonur \u00feinn og J\u00f3natan sonur Abjatars b\u00e1\u00f0ir synir ykkar me\u00f0 ykkur.<a name=\"28\"><span class=\"versanumer\">28<\/span><\/a>Hyggi\u00f0 a\u00f0! \u00c9g \u00e6tla a\u00f0 hafast vi\u00f0 hj\u00e1 v\u00f6\u00f0unum \u00ed ey\u00f0im\u00f6rkinni, \u00fear til er m\u00e9r kemur fr\u00e1 y\u00f0ur t\u00ed\u00f0indas\u00f6gn.<a name=\"29\"><span class=\"versanumer\">29<\/span><\/a>S\u00ed\u00f0an fluttu \u00feeir Sad\u00f3k og Abjatar \u00f6rk Gu\u00f0s aftur til Jer\u00fasalem og dv\u00f6ldust \u00fear.<a name=\"30\"><span class=\"versanumer\">30<\/span><\/a>Dav\u00ed\u00f0 gekk upp Ol\u00edufjalli\u00f0. F\u00f3r hann gr\u00e1tandi og huldu h\u00f6f\u00f0i. Hann gekk berf\u00e6ttur, og allt f\u00f3lki\u00f0, sem me\u00f0 honum var, huldi h\u00f6fu\u00f0 s\u00edn og gekk gr\u00e1tandi.<a name=\"31\"><span class=\"versanumer\">31<\/span><\/a>Og er Dav\u00ed\u00f0 b\u00e1rust \u00feau t\u00ed\u00f0indi, a\u00f0 Ak\u00edt\u00f3fel v\u00e6ri me\u00f0al \u00feeirra, er sams\u00e6ri\u00f0 h\u00f6f\u00f0u gj\u00f6rt vi\u00f0 Absalon, \u00fe\u00e1 sag\u00f0i Dav\u00ed\u00f0: Gj\u00f6r \u00fe\u00fa, Drottinn, r\u00e1\u00f0 Ak\u00edt\u00f3fels a\u00f0 heimsku.<a name=\"32\"><span class=\"versanumer\">32<\/span><\/a>En er Dav\u00ed\u00f0 var kominn efst upp \u00e1 fjalli\u00f0, \u00fear sem menn voru vanir a\u00f0 tilbi\u00f0ja Gu\u00f0, \u00fe\u00e1 m\u00e6tti honum H\u00fasa\u00ed Ark\u00edti \u00ed rifnum kyrtli og me\u00f0 mold \u00e1 h\u00f6f\u00f0i s\u00e9r.<a name=\"33\"><span class=\"versanumer\">33<\/span><\/a>Dav\u00ed\u00f0 sag\u00f0i vi\u00f0 hann: Farir \u00fe\u00fa me\u00f0 m\u00e9r, ver\u00f0ur \u00fe\u00fa m\u00e9r til \u00feyngsla.<a name=\"34\"><span class=\"versanumer\">34<\/span><\/a>En ef \u00fe\u00fa fer aftur til borgarinnar og segir vi\u00f0 Absalon: \u00de\u00e9r vil \u00e9g \u00fej\u00f3na, konungur. F\u00f6\u00f0ur \u00fe\u00ednum hefi \u00e9g \u00e1\u00f0ur \u00fej\u00f3na\u00f0, en n\u00fa vil \u00e9g \u00fej\u00f3na \u00fe\u00e9r, \u00fe\u00e1 getur \u00fe\u00fa \u00f3n\u00fdtt r\u00e1\u00f0 Ak\u00edt\u00f3fels fyrir mig.<a name=\"35\"><span class=\"versanumer\">35<\/span><\/a>\u00dear hefir \u00fe\u00fa hj\u00e1 \u00fe\u00e9r prestana Sad\u00f3k og Abjatar. Allt sem \u00fe\u00fa fr\u00e9ttir \u00far konungsh\u00f6llinni, skalt \u00fe\u00fa segja prestunum Sad\u00f3k og Abjatar.<a name=\"36\"><span class=\"versanumer\">36<\/span><\/a>\u00deeir hafa \u00fear hj\u00e1 s\u00e9r b\u00e1\u00f0a sonu s\u00edna, Sad\u00f3k Ak\u00edmaas og Abjatar J\u00f3natan. L\u00e1ti\u00f0 \u00fe\u00e1 f\u00e6ra m\u00e9r \u00f6ll \u00feau t\u00ed\u00f0indi, sem \u00fe\u00e9r f\u00e1i\u00f0.<a name=\"37\"><span class=\"versanumer\">37<\/span><\/a>S\u00ed\u00f0an f\u00f3r H\u00fasa\u00ed, stallari Dav\u00ed\u00f0s, til borgarinnar. Absalon f\u00f3r og til Jer\u00fasalem.<\/p>\n<div class=\"footnote1981\"><b>15.1<\/b> Sem hlupu 1Sam 8.11+<br \/>\n<b>15.2<\/b> Leggja m\u00e1l \u00ed d\u00f3m  5M\u00f3s 25.1; 1Kon 3.16-28; L\u00fak 12.13; 18.3<br \/>\n<b>15.4<\/b> K\u00e6mu til m\u00edn 1Sam 22.2<br \/>\n<b>15.5<\/b> Kyssti hann 2Sam 14.33+<br \/>\n<b>15.7<\/b> Standa vi\u00f0 heit 5M\u00f3s 23.22<br \/>\n<b>15.8<\/b> Vann heit 1M\u00f3s 28.20-22<br \/>\n<b>15.10<\/b> Hafurshorni\u00f0 gjalla 1Kon 1.39+<br \/>\n<b>15.12<\/b> F\u00f3rnir 1Kon 1.9,19,25 \u2013 Ak\u00edt\u00f3fel 2Sam 15.34; 16.23; 17.23<br \/>\n<b>15.14<\/b> Vi\u00f0 ver\u00f0um a\u00f0 fl\u00fdja Slm 3.1<br \/>\n<b>15.16<\/b> T\u00edu hj\u00e1konur 2Sam 16.21-22; 20.3<br \/>\n<b>15.21<\/b> Einnig \u00fear sem \u2026 Rut 1.16; L\u00fak 9.57; 22.33<br \/>\n<b>15.25<\/b> Sj\u00e1 b\u00fasta\u00f0 hennar Slm 27.4<br \/>\n<b>15.26<\/b> Eins og hann vill 1Sam 3.18+<br \/>\n<b>15.30<\/b> Huldu h\u00f6f\u00f0i 2Sam 19.4; Est 6.12 \u2013 berf\u00e6ttur M\u00edk 1.8<br \/>\n<b>15.31<\/b> Sn\u00faa r\u00e1\u00f0i \u00ed \u00f3r\u00e1\u00f0 2Sam 17.14,23; Slm 33.10<br \/>\n<b>15.33<\/b> Til trafala 2Sam 19.36<\/div>\n","protected":false},"excerpt":{"rendered":"<p>1Eftir \u00feetta bar \u00fea\u00f0 til, a\u00f0 Absalon f\u00e9kk s\u00e9r vagna og hesta og fimmt\u00edu menn, sem fyrir honum hlupu.2Og hann lag\u00f0i \u00fea\u00f0 \u00ed vana sinn a\u00f0 nema sta\u00f0ar snemma morguns vi\u00f0 veginn, sem l\u00e1 inn a\u00f0 borgarhli\u00f0inu. Og hann kalla\u00f0i \u00e1 hvern \u00feann mann, er \u00ed m\u00e1li \u00e1tti og fyrir \u00fev\u00ed leita\u00f0i \u00e1 konungs fund til \u00feess a\u00f0 f\u00e1 \u00farskur\u00f0 hans, og m\u00e6lti: Fr\u00e1 hva\u00f0a borg ert \u00fe\u00fa? Og seg\u00f0i hann: \u00dej\u00f3nn \u00feinn er af einni \u00e6ttkv\u00edsl \u00cdsraels,3\u00fe\u00e1 sag\u00f0i Absalon vi\u00f0 hann: Sj\u00e1, m\u00e1lefni \u00feitt er gott og r\u00e9tt, en konungur hefir engan sett, er veiti \u00fe\u00e9r \u00e1heyrn.4Og Absalon sag\u00f0i: <a href=\"https:\/\/biblian.is\/1981\/sidari-samuelsbok-15-kafli\/\"> [&#8230;]<\/a><\/p>\n","protected":false},"author":1,"featured_media":0,"parent":0,"menu_order":0,"comment_status":"open","ping_status":"open","template":"bibliukaflar.php","meta":{"footnotes":""},"class_list":["post-1628","page","type-page","status-publish","hentry"],"_links":{"self":[{"href":"https:\/\/biblian.is\/1981\/wp-json\/wp\/v2\/pages\/1628","targetHints":{"allow":["GET"]}}],"collection":[{"href":"https:\/\/biblian.is\/1981\/wp-json\/wp\/v2\/pages"}],"about":[{"href":"https:\/\/biblian.is\/1981\/wp-json\/wp\/v2\/types\/page"}],"author":[{"embeddable":true,"href":"https:\/\/biblian.is\/1981\/wp-json\/wp\/v2\/users\/1"}],"replies":[{"embeddable":true,"href":"https:\/\/biblian.is\/1981\/wp-json\/wp\/v2\/comments?post=1628"}],"version-history":[{"count":0,"href":"https:\/\/biblian.is\/1981\/wp-json\/wp\/v2\/pages\/1628\/revisions"}],"wp:attachment":[{"href":"https:\/\/biblian.is\/1981\/wp-json\/wp\/v2\/media?parent=1628"}],"curies":[{"name":"wp","href":"https:\/\/api.w.org\/{rel}","templated":true}]}}