{"id":1626,"date":"2017-11-18T20:17:59","date_gmt":"2017-11-18T20:17:59","guid":{"rendered":"http:\/\/biblian.is\/1981\/sidari-samuelsbok-13-kafli\/"},"modified":"2021-06-06T11:10:44","modified_gmt":"2021-06-06T11:10:44","slug":"sidari-samuelsbok-13-kafli","status":"publish","type":"page","link":"https:\/\/biblian.is\/1981\/sidari-samuelsbok-13-kafli\/","title":{"rendered":"S\u00ed\u00f0ari Sam\u00faelsb\u00f3k 13. kafli"},"content":{"rendered":"<p><a name=\"1\"><span class=\"versanumer\">1<\/span><\/a>N\u00fa segir fr\u00e1 \u00fev\u00ed, a\u00f0 Absalon sonur Dav\u00ed\u00f0s \u00e1tti fr\u00ed\u00f0a systur, sem h\u00e9t Tamar, og Amnon sonur Dav\u00ed\u00f0s felldi hug til hennar.<a name=\"2\"><span class=\"versanumer\">2<\/span><\/a>Og Amnon p\u00edndist svo, a\u00f0 hann var\u00f0 sj\u00fakur \u00fat af Tamar, systur sinni, \u00fev\u00ed a\u00f0 h\u00fan var mey, og Amnon virtist eigi unnt a\u00f0 gj\u00f6ra henni neitt.<a name=\"3\"><span class=\"versanumer\">3<\/span><\/a>En Amnon \u00e1tti vin, sem J\u00f3nadab h\u00e9t, sonur S\u00edmea, br\u00f3\u00f0ur Dav\u00ed\u00f0s. J\u00f3nadab \u00feessi var mj\u00f6g k\u00e6nn ma\u00f0ur.<a name=\"4\"><span class=\"versanumer\">4<\/span><\/a>Og hann sag\u00f0i vi\u00f0 Amnon: Hv\u00ed megrast \u00fe\u00fa svo, konungsson, dag fr\u00e1 degi? Viltu ekki segja m\u00e9r \u00fea\u00f0? Amnon sag\u00f0i vi\u00f0 hann: \u00c9g felli hug til Tamar, systur Absalons br\u00f3\u00f0ur m\u00edns.<a name=\"5\"><span class=\"versanumer\">5<\/span><\/a>\u00de\u00e1 sag\u00f0i J\u00f3nadab vi\u00f0 hann: Leggst \u00fe\u00fa \u00ed rekkju og l\u00e1t sem \u00fe\u00fa s\u00e9rt sj\u00fakur, og \u00feegar fa\u00f0ir \u00feinn kemur til \u00feess a\u00f0 vitja um \u00feig, \u00fe\u00e1 skaltu segja vi\u00f0 hann: L\u00e1t Tamar systur m\u00edna koma og gefa m\u00e9r a\u00f0 eta. Ef h\u00fan byggi til matinn fyrir augum m\u00e9r, svo a\u00f0 \u00e9g g\u00e6ti horft \u00e1, \u00fe\u00e1 mundi \u00e9g eta \u00far hendi hennar.<a name=\"6\"><span class=\"versanumer\">6<\/span><\/a>S\u00ed\u00f0an lag\u00f0ist Amnon og l\u00e9st vera sj\u00fakur. En er konungur kom a\u00f0 vitja um hann, sag\u00f0i Amnon vi\u00f0 konung: L\u00e1t Tamar systur m\u00edna koma og gj\u00f6ra tv\u00e6r k\u00f6kur a\u00f0 m\u00e9r \u00e1horfandi, svo a\u00f0 \u00e9g megi eta \u00fe\u00e6r \u00far hendi hennar.<a name=\"7\"><span class=\"versanumer\">7<\/span><\/a>\u00de\u00e1 sendi Dav\u00ed\u00f0 bo\u00f0 heim til Tamar og l\u00e9t segja henni: Far \u00fe\u00fa \u00ed h\u00fas Amnons br\u00f3\u00f0ur \u00fe\u00edns og matrei\u00f0 handa honum.<a name=\"8\"><span class=\"versanumer\">8<\/span><\/a>\u00de\u00e1 gekk Tamar \u00ed h\u00fas Amnons br\u00f3\u00f0ur s\u00edns, en hann l\u00e1 \u00ed r\u00faminu. Og h\u00fan t\u00f3k deig og hno\u00f0a\u00f0i og gj\u00f6r\u00f0i \u00far \u00fev\u00ed k\u00f6kur a\u00f0 honum \u00e1horfandi og baka\u00f0i k\u00f6kurnar.<a name=\"9\"><span class=\"versanumer\">9<\/span><\/a>Og h\u00fan t\u00f3k p\u00f6nnuna og steypti \u00far henni frammi fyrir honum, en hann vildi ekki eta. Og Amnon m\u00e6lti: L\u00e1ti\u00f0 alla ganga \u00fat fr\u00e1 m\u00e9r. Og allir gengu \u00fat fr\u00e1 honum.<a name=\"10\"><span class=\"versanumer\">10<\/span><\/a>\u00de\u00e1 sag\u00f0i Amnon vi\u00f0 Tamar: Kom \u00fe\u00fa me\u00f0 matinn inn \u00ed svefnh\u00fasi\u00f0, svo a\u00f0 \u00e9g megi eta \u00far hendi \u00feinni. Og Tamar t\u00f3k k\u00f6kurnar, sem h\u00fan haf\u00f0i gj\u00f6rt, og f\u00e6r\u00f0i Amnon br\u00f3\u00f0ur s\u00ednum inn \u00ed svefnh\u00fasi\u00f0.<a name=\"11\"><span class=\"versanumer\">11<\/span><\/a>En er h\u00fan r\u00e9tti honum \u00fe\u00e6r a\u00f0 eta, \u00fereif hann til hennar og sag\u00f0i vi\u00f0 hana: Kom \u00fe\u00fa og leggst me\u00f0 m\u00e9r, systir m\u00edn!<a name=\"12\"><span class=\"versanumer\">12<\/span><\/a>En h\u00fan sag\u00f0i vi\u00f0 hann: Nei, br\u00f3\u00f0ir minn, sv\u00edvir\u00f0 mig eigi, \u00fev\u00ed a\u00f0 sl\u00edkt vi\u00f0gengst ekki \u00ed \u00cdsrael. Frem \u00fe\u00fa eigi sl\u00edka \u00f3h\u00e6fu.<a name=\"13\"><span class=\"versanumer\">13<\/span><\/a>Og hva\u00f0 \u00e6tti \u00e9g af m\u00e9r a\u00f0 gj\u00f6ra me\u00f0 vans\u00e6md m\u00edna? Og \u00fe\u00fa mundir talinn eitt hi\u00f0 versta varmenni \u00ed \u00cdsrael. Tala \u00fe\u00fa heldur vi\u00f0 konung, \u00fev\u00ed a\u00f0 hann mun ekki synja \u00fe\u00e9r um mig.<a name=\"14\"><span class=\"versanumer\">14<\/span><\/a>En hann vildi ekki hl\u00fd\u00f0a or\u00f0um hennar, heldur l\u00e9t hana kenna aflsmunar og nau\u00f0ga\u00f0i henni og lag\u00f0ist me\u00f0 henni.<a name=\"15\"><span class=\"versanumer\">15<\/span><\/a>En s\u00ed\u00f0an f\u00e9kk Amnon mj\u00f6g mikla \u00f3beit \u00e1 henni, svo a\u00f0 hin mikla \u00f3beit, er hann haf\u00f0i \u00e1 henni, var meiri en \u00e1stin, sem hann haf\u00f0i haft \u00e1 henni. Og Amnon sag\u00f0i vi\u00f0 hana: Statt upp og haf \u00feig \u00e1 burt.<a name=\"16\"><span class=\"versanumer\">16<\/span><\/a>\u00de\u00e1 sag\u00f0i h\u00fan vi\u00f0 hann: Nei, br\u00f3\u00f0ir minn, \u00fev\u00ed a\u00f0 \u00feetta v\u00e6ri enn meira vonskuverk en \u00fea\u00f0, er \u00fe\u00fa hefir \u00e1 m\u00e9r frami\u00f0, a\u00f0 senda mig n\u00fa burt. En hann vildi ekki hl\u00fd\u00f0a or\u00f0um hennar.<a name=\"17\"><span class=\"versanumer\">17<\/span><\/a>Og hann kalla\u00f0i \u00e1 svein sinn, er \u00fej\u00f3na\u00f0i honum, og m\u00e6lti: Kom \u00feessari konu burt fr\u00e1 m\u00e9r \u00fat \u00e1 g\u00f6tuna, og loka\u00f0u dyrunum \u00e1 eftir henni.<a name=\"18\"><span class=\"versanumer\">18<\/span><\/a>En h\u00fan var \u00ed dragkyrtli, \u00fev\u00ed a\u00f0 svo voru fyrrum konungsd\u00e6tur kl\u00e6ddar, me\u00f0an \u00fe\u00e6r voru meyjar. Og \u00fej\u00f3nn hans f\u00f3r me\u00f0 hana \u00fat \u00e1 g\u00f6tuna og loka\u00f0i dyrunum \u00e1 eftir henni.<a name=\"19\"><span class=\"versanumer\">19<\/span><\/a>\u00de\u00e1 j\u00f3s Tamar mold yfir h\u00f6fu\u00f0 s\u00e9r og reif sundur dragkyrtilinn sem h\u00fan var \u00ed, lag\u00f0i s\u00ed\u00f0an h\u00f6nd \u00e1 h\u00f6fu\u00f0 s\u00e9r og gekk hlj\u00f3\u00f0andi burt.<a name=\"20\"><span class=\"versanumer\">20<\/span><\/a>Og Absalon br\u00f3\u00f0ir hennar sag\u00f0i vi\u00f0 hana: Hefir Amnon br\u00f3\u00f0ir \u00feinn veri\u00f0 me\u00f0 \u00fe\u00e9r? \u00deegi \u00fe\u00fa n\u00fa, systir m\u00edn, hann er br\u00f3\u00f0ir \u00feinn. L\u00e1ttu \u00feetta ekki \u00e1 \u00feig f\u00e1. Og Tamar dvaldi ein og yfirgefin \u00ed h\u00fasi Absalons br\u00f3\u00f0ur s\u00edns.<a name=\"21\"><span class=\"versanumer\">21<\/span><\/a>\u00deegar Dav\u00ed\u00f0 konungur fr\u00e9tti allt \u00feetta, var\u00f0 hann rei\u00f0ur mj\u00f6g, en hann vildi eigi hryggja Amnon son sinn, \u00fev\u00ed a\u00f0 hann elska\u00f0i hann, af \u00fev\u00ed a\u00f0 hann var frumgetningur hans.<a name=\"22\"><span class=\"versanumer\">22<\/span><\/a>En Absalon m\u00e6lti eigi or\u00f0 vi\u00f0 Amnon, hvorki illt n\u00e9 gott, \u00fev\u00ed a\u00f0 Absalon hata\u00f0i Amnon fyrir \u00fea\u00f0, a\u00f0 hann haf\u00f0i sv\u00edvirt Tamar systur hans.<a name=\"23\"><span class=\"versanumer\">23<\/span><\/a>Tveimur \u00e1rum s\u00ed\u00f0ar bar svo vi\u00f0, a\u00f0 Absalon l\u00e9t klippa sau\u00f0i s\u00edna \u00ed Baal Has\u00f3r, sem er hj\u00e1 Efra\u00edm, og bau\u00f0 hann til \u00f6llum sonum konungs.<a name=\"24\"><span class=\"versanumer\">24<\/span><\/a>Absalon gekk og fyrir konung og m\u00e6lti: Sj\u00e1, \u00fej\u00f3nn \u00feinn l\u00e6tur n\u00fa klippa sau\u00f0i s\u00edna, og bi\u00f0 \u00e9g a\u00f0 konungurinn og \u00fej\u00f3nar hans komi me\u00f0 \u00fej\u00f3ni \u00fe\u00ednum.<a name=\"25\"><span class=\"versanumer\">25<\/span><\/a>En konungur sag\u00f0i vi\u00f0 Absalon: Nei, sonur minn, eigi skulum v\u00e9r allir fara, svo a\u00f0 v\u00e9r gj\u00f6rum \u00fe\u00e9r eigi \u00e1tro\u00f0ning. Og \u00fe\u00f3tt Absalon leg\u00f0i a\u00f0 honum, vildi hann ekki fara, en ba\u00f0 hann vel fara.<a name=\"26\"><span class=\"versanumer\">26<\/span><\/a>\u00de\u00e1 sag\u00f0i Absalon: Fyrst \u00fe\u00fa vilt ekki fara, \u00fe\u00e1 leyf \u00fe\u00fa a\u00f0 Amnon br\u00f3\u00f0ir minn fari me\u00f0 oss. Konungur svara\u00f0i honum: Hv\u00ed skal hann me\u00f0 \u00fe\u00e9r fara?<a name=\"27\"><span class=\"versanumer\">27<\/span><\/a>En Absalon lag\u00f0i fast a\u00f0 honum. L\u00e9t hann \u00fe\u00e1 Amnon fara me\u00f0 honum og alla konungssonu. Absalon gj\u00f6r\u00f0i veislu, svo sem konungsveisla v\u00e6ri.<a name=\"28\"><span class=\"versanumer\">28<\/span><\/a>Og hann lag\u00f0i svo fyrir sveina s\u00edna: Gefi\u00f0 g\u00e6tur, \u00feegar Amnon gj\u00f6rist hreifur af v\u00edninu og \u00e9g segi vi\u00f0 y\u00f0ur: Drepi\u00f0 Amnon! \u00fe\u00e1 skulu\u00f0 \u00fe\u00e9r vega hann. \u00d3ttist ekki, \u00fea\u00f0 er \u00e9g, sem lagt hefi \u00feetta fyrir y\u00f0ur. Veri\u00f0 hugrakkir og s\u00fdni\u00f0 karlmennsku.<a name=\"29\"><span class=\"versanumer\">29<\/span><\/a>Og sveinar Absalons gj\u00f6r\u00f0u svo vi\u00f0 Amnon sem Absalon haf\u00f0i fyrir \u00fe\u00e1 lagt. \u00de\u00e1 spruttu allir synir konungs upp, stigu \u00e1 bak m\u00falum s\u00ednum og fl\u00fd\u00f0u.<a name=\"30\"><span class=\"versanumer\">30<\/span><\/a>Me\u00f0an \u00feeir voru \u00e1 lei\u00f0inni, kom s\u00fa fregn til konungs, a\u00f0 Absalon hef\u00f0i drepi\u00f0 alla sonu konungs og a\u00f0 enginn \u00feeirra v\u00e6ri eftir skilinn.<a name=\"31\"><span class=\"versanumer\">31<\/span><\/a>\u00de\u00e1 st\u00f3\u00f0 konungur upp og reif sundur kl\u00e6\u00f0i s\u00edn og lag\u00f0ist \u00e1 j\u00f6r\u00f0u, og allir \u00fej\u00f3nar hans, \u00feeir er st\u00f3\u00f0u umhverfis hann, rifu sundur kl\u00e6\u00f0i s\u00edn.<a name=\"32\"><span class=\"versanumer\">32<\/span><\/a>\u00de\u00e1 t\u00f3k J\u00f3nadab, sonur S\u00edmea, br\u00f3\u00f0ur Dav\u00ed\u00f0s, til m\u00e1ls og sag\u00f0i: Herra minn, hugsa \u00fe\u00fa ekki, a\u00f0 \u00feeir hafi drepi\u00f0 alla hina ungu menn, sonu konungsins, \u00fev\u00ed a\u00f0 Amnon einn er dau\u00f0ur, enda vissi \u00e1 illt svipurinn, sem legi\u00f0 hefir um munn Absalons, s\u00ed\u00f0an er Amnon nau\u00f0ga\u00f0i Tamar systur hans.<a name=\"33\"><span class=\"versanumer\">33<\/span><\/a>Minn herra konungurinn l\u00e1ti \u00feetta \u00fev\u00ed eigi \u00e1 sig f\u00e1 og hugsi ekki, a\u00f0 allir synir konungsins s\u00e9u dau\u00f0ir. Nei, Amnon einn er dau\u00f0ur.<a name=\"34\"><span class=\"versanumer\">34<\/span><\/a>Absalon fl\u00fd\u00f0i. En er var\u00f0sveininum var\u00f0 liti\u00f0 upp, s\u00e1 hann margt manna koma ofan fjalli\u00f0 \u00e1 veginum til H\u00f3r\u00f3na\u00edm. Var\u00f0ma\u00f0urinn kom og sag\u00f0i konungi fr\u00e1 og m\u00e6lti: \u00c9g s\u00e1 menn koma af veginum til H\u00f3r\u00f3na\u00edm ni\u00f0ur undan fjallinu.<a name=\"35\"><span class=\"versanumer\">35<\/span><\/a>\u00de\u00e1 sag\u00f0i J\u00f3nadab vi\u00f0 konung: Sj\u00e1, \u00fear koma synir konungsins. Svo hefir allt til gengi\u00f0, sem \u00fej\u00f3nn \u00feinn sag\u00f0i.<a name=\"36\"><span class=\"versanumer\">36<\/span><\/a>Og er hann haf\u00f0i loki\u00f0 m\u00e1li s\u00ednu, sj\u00e1, \u00fe\u00e1 komu synir konungs og gr\u00e9tu h\u00e1st\u00f6fum. Konungur og \u00fej\u00f3nar hans t\u00f3ku \u00fe\u00e1 a\u00f0 gr\u00e1ta \u00e1kaflega.<a name=\"37\"><span class=\"versanumer\">37<\/span><\/a>Absalon fl\u00fd\u00f0i og f\u00f3r til Talma\u00ed Amm\u00edh\u00fa\u00f0ssonar konungs \u00ed Ges\u00far. Og konungur harma\u00f0i son sinn alla daga.<a name=\"38\"><span class=\"versanumer\">38<\/span><\/a>Absalon fl\u00fd\u00f0i og f\u00f3r til Ges\u00far og var \u00fear \u00ed \u00ferj\u00fa \u00e1r.<a name=\"39\"><span class=\"versanumer\">39<\/span><\/a>En konungur \u00fer\u00e1\u00f0i a\u00f0 fara til Absalons, \u00fev\u00ed a\u00f0 hann haf\u00f0i huggast l\u00e1ti\u00f0 yfir \u00fev\u00ed, a\u00f0 Amnon var d\u00e1inn.<\/p>\n<div class=\"footnote1981\"><b>13.1-38<\/b> Ammon og Tamar 1M\u00f3s 34<br \/>\n<b>13.2<\/b> Var\u00f0 hugsj\u00fakur Okv 13.12; J\u00fadt 12.16<br \/>\n<b>13.12<\/b> Sl\u00edkt er \u00f3leyfilegt 1M\u00f3s 34.7; D\u00f3m 19.30 \u2013 \u00f3h\u00e6fa 5M\u00f3s 22.21; D\u00f3m 20.6,10; Jer 29.23<br \/>\n<b>13.15<\/b> F\u00e9kk mikla \u00f3beit \u00e1 5M\u00f3s 22.13,16; 24.3; D\u00f3m 15.2<br \/>\n<b>13.20<\/b> \u00cd h\u00fasi br\u00f3\u00f0ur s\u00edns 1M\u00f3s 38.11<br \/>\n<b>13.23<\/b> R\u00fdja f\u00e9 1M\u00f3s 38.12-13; 1Sam 25.4-8<br \/>\n<b>13.28<\/b> Hreifur 1Sam 25.36+; Est 1.10 \u2013 \u00feegar \u00e9g segi 2Kon 10.24-25<br \/>\n<b>13.31<\/b> Varpa\u00f0i s\u00e9r til jar\u00f0ar 2Sam 12.16<br \/>\n<b>13.34<\/b> Komist undan 1Sam 27.4<br \/>\n<b>13.37<\/b> Sorg 2Sam 19.2; 1M\u00f3s 37.34<br \/>\n<b>13.39<\/b> S\u00e6tt sig vi\u00f0 1M\u00f3s 24.67; 38.12<\/div>\n","protected":false},"excerpt":{"rendered":"<p>1N\u00fa segir fr\u00e1 \u00fev\u00ed, a\u00f0 Absalon sonur Dav\u00ed\u00f0s \u00e1tti fr\u00ed\u00f0a systur, sem h\u00e9t Tamar, og Amnon sonur Dav\u00ed\u00f0s felldi hug til hennar.2Og Amnon p\u00edndist svo, a\u00f0 hann var\u00f0 sj\u00fakur \u00fat af Tamar, systur sinni, \u00fev\u00ed a\u00f0 h\u00fan var mey, og Amnon virtist eigi unnt a\u00f0 gj\u00f6ra henni neitt.3En Amnon \u00e1tti vin, sem J\u00f3nadab h\u00e9t, sonur S\u00edmea, br\u00f3\u00f0ur Dav\u00ed\u00f0s. J\u00f3nadab \u00feessi var mj\u00f6g k\u00e6nn ma\u00f0ur.4Og hann sag\u00f0i vi\u00f0 Amnon: Hv\u00ed megrast \u00fe\u00fa svo, konungsson, dag fr\u00e1 degi? Viltu ekki segja m\u00e9r \u00fea\u00f0? Amnon sag\u00f0i vi\u00f0 hann: \u00c9g felli hug til Tamar, systur Absalons br\u00f3\u00f0ur m\u00edns.5\u00de\u00e1 sag\u00f0i J\u00f3nadab vi\u00f0 hann: Leggst \u00fe\u00fa <a href=\"https:\/\/biblian.is\/1981\/sidari-samuelsbok-13-kafli\/\"> [&#8230;]<\/a><\/p>\n","protected":false},"author":1,"featured_media":0,"parent":0,"menu_order":0,"comment_status":"open","ping_status":"open","template":"bibliukaflar.php","meta":{"footnotes":""},"class_list":["post-1626","page","type-page","status-publish","hentry"],"_links":{"self":[{"href":"https:\/\/biblian.is\/1981\/wp-json\/wp\/v2\/pages\/1626","targetHints":{"allow":["GET"]}}],"collection":[{"href":"https:\/\/biblian.is\/1981\/wp-json\/wp\/v2\/pages"}],"about":[{"href":"https:\/\/biblian.is\/1981\/wp-json\/wp\/v2\/types\/page"}],"author":[{"embeddable":true,"href":"https:\/\/biblian.is\/1981\/wp-json\/wp\/v2\/users\/1"}],"replies":[{"embeddable":true,"href":"https:\/\/biblian.is\/1981\/wp-json\/wp\/v2\/comments?post=1626"}],"version-history":[{"count":0,"href":"https:\/\/biblian.is\/1981\/wp-json\/wp\/v2\/pages\/1626\/revisions"}],"wp:attachment":[{"href":"https:\/\/biblian.is\/1981\/wp-json\/wp\/v2\/media?parent=1626"}],"curies":[{"name":"wp","href":"https:\/\/api.w.org\/{rel}","templated":true}]}}