{"id":1625,"date":"2017-11-18T20:17:59","date_gmt":"2017-11-18T20:17:59","guid":{"rendered":"http:\/\/biblian.is\/1981\/sidari-samuelsbok-12-kafli\/"},"modified":"2021-06-06T11:10:44","modified_gmt":"2021-06-06T11:10:44","slug":"sidari-samuelsbok-12-kafli","status":"publish","type":"page","link":"https:\/\/biblian.is\/1981\/sidari-samuelsbok-12-kafli\/","title":{"rendered":"S\u00ed\u00f0ari Sam\u00faelsb\u00f3k 12. kafli"},"content":{"rendered":"<p><a name=\"1\"><span class=\"versanumer\">1<\/span><\/a>Drottinn sendi Natan til Dav\u00ed\u00f0s, og Natan kom til hans og sag\u00f0i vi\u00f0 hann: Tveir menn voru \u00ed s\u00f6mu borg. Annar var r\u00edkur, hinn f\u00e1t\u00e6kur.<a name=\"2\"><span class=\"versanumer\">2<\/span><\/a>Hinn r\u00edki \u00e1tti fj\u00f6lda sau\u00f0a og nauta,<a name=\"3\"><span class=\"versanumer\">3<\/span><\/a>en hinn f\u00e1t\u00e6ki \u00e1tti ekki nema eitt gimbrarlamb, sem hann haf\u00f0i keypt og ali\u00f0. \u00dea\u00f0 \u00f3x upp hj\u00e1 honum og me\u00f0 b\u00f6rnum hans, \u00fea\u00f0 \u00e1t af mat hans og drakk af bikar hans og svaf vi\u00f0 brj\u00f3st hans og var eins og d\u00f3ttir hans.<a name=\"4\"><span class=\"versanumer\">4<\/span><\/a>\u00de\u00e1 kom gestur til r\u00edka mannsins, og hann t\u00edmdi ekki a\u00f0 taka neinn af sau\u00f0um s\u00ednum e\u00f0a nautum til \u00feess a\u00f0 matrei\u00f0a fyrir fer\u00f0amanninn, sem til hans var kominn, heldur t\u00f3k gimbrarlamb f\u00e1t\u00e6ka mannsins og matbj\u00f3 \u00fea\u00f0 fyrir manninn, sem kominn var til hans.<a name=\"5\"><span class=\"versanumer\">5<\/span><\/a>\u00de\u00e1 reiddist Dav\u00ed\u00f0 manninum \u00e1kaflega og sag\u00f0i vi\u00f0 Natan: Svo sannarlega sem Drottinn lifir: S\u00e1 ma\u00f0ur, sem sl\u00edkt hefir a\u00f0hafst, er dau\u00f0asekur,<a name=\"6\"><span class=\"versanumer\">6<\/span><\/a>og lambi\u00f0 skal hann borga sj\u00f6faldlega, fyrst hann gj\u00f6r\u00f0i sl\u00edkt og haf\u00f0i enga me\u00f0aumkun.<a name=\"7\"><span class=\"versanumer\">7<\/span><\/a>En Natan sag\u00f0i vi\u00f0 Dav\u00ed\u00f0: \u00de\u00fa ert ma\u00f0urinn! Svo segir Drottinn, \u00cdsraels Gu\u00f0: \u00c9g hefi smurt \u00feig til konungs yfir \u00cdsrael, og \u00e9g hefi frelsa\u00f0 \u00feig af hendi S\u00e1ls,<a name=\"8\"><span class=\"versanumer\">8<\/span><\/a>og \u00e9g gaf \u00fe\u00e9r h\u00fas herra \u00fe\u00edns og lag\u00f0i konur herra \u00fe\u00edns upp a\u00f0 brj\u00f3sti \u00fe\u00e9r, og \u00e9g hefi fengi\u00f0 \u00fe\u00e9r \u00cdsraels h\u00fas og J\u00fada og hef\u00f0i \u00fea\u00f0 veri\u00f0 of l\u00edti\u00f0, mundi \u00e9g hafa b\u00e6tt einhverju vi\u00f0 \u00feig.<a name=\"9\"><span class=\"versanumer\">9<\/span><\/a>Hv\u00ed hefir \u00fe\u00fa fyrirliti\u00f0 or\u00f0 Drottins me\u00f0 \u00fev\u00ed a\u00f0 a\u00f0hafast \u00fea\u00f0, sem honum misl\u00edkar? \u00dar\u00eda Het\u00edta hefir \u00fe\u00fa fellt me\u00f0 sver\u00f0i. Konu hans hefir \u00fe\u00fa teki\u00f0 \u00fe\u00e9r fyrir konu, en sj\u00e1lfan hann hefir \u00fe\u00fa myrt me\u00f0 sver\u00f0i Amm\u00f3n\u00edta.<a name=\"10\"><span class=\"versanumer\">10<\/span><\/a>Fyrir \u00fev\u00ed skal sver\u00f0i\u00f0 aldrei v\u00edkja burt fr\u00e1 h\u00fasi \u00fe\u00ednu, sakir \u00feess a\u00f0 \u00fe\u00fa fyrirleist mig og t\u00f3kst konu \u00dar\u00eda Het\u00edta \u00fe\u00e9r fyrir konu.<a name=\"11\"><span class=\"versanumer\">11<\/span><\/a>Svo segir Drottinn: Sj\u00e1, \u00e9g l\u00e6t \u00f3l\u00e1n koma yfir \u00feig fr\u00e1 h\u00fasi \u00fe\u00ednu og tek konur \u00fe\u00ednar fyrir augunum \u00e1 \u00fe\u00e9r og gef \u00fe\u00e6r \u00f6\u00f0rum manni, svo a\u00f0 hann hv\u00edli hj\u00e1 konum \u00fe\u00ednum a\u00f0 s\u00f3linni \u00e1sj\u00e1andi.<a name=\"12\"><span class=\"versanumer\">12<\/span><\/a>\u00de\u00fa hefir gj\u00f6rt \u00feetta me\u00f0 launung, en \u00e9g mun framkv\u00e6ma \u00feetta \u00ed augs\u00fdn alls \u00cdsraels og \u00ed augs\u00fdn s\u00f3larinnar.<a name=\"13\"><span class=\"versanumer\">13<\/span><\/a>\u00de\u00e1 sag\u00f0i Dav\u00ed\u00f0 vi\u00f0 Natan: \u00c9g hefi syndga\u00f0 m\u00f3ti Drottni. Natan sag\u00f0i vi\u00f0 Dav\u00ed\u00f0: Drottinn hefir og fyrirgefi\u00f0 \u00fe\u00e9r synd \u00fe\u00edna. \u00de\u00fa munt ekki deyja.<a name=\"14\"><span class=\"versanumer\">14<\/span><\/a>En sakir \u00feess, a\u00f0 \u00fe\u00fa hefir sm\u00e1na\u00f0 Drottin me\u00f0 ath\u00e6fi \u00fe\u00ednu, \u00fe\u00e1 skal s\u00e1 sonur, sem \u00fe\u00e9r er f\u00e6ddur, vissulega deyja.<a name=\"15\"><span class=\"versanumer\">15<\/span><\/a>S\u00ed\u00f0an f\u00f3r Natan heim til s\u00edn. Drottinn sl\u00f3 barni\u00f0, sem kona \u00dar\u00eda haf\u00f0i f\u00e6tt Dav\u00ed\u00f0, svo a\u00f0 \u00fea\u00f0 var\u00f0 sj\u00fakt.<a name=\"16\"><span class=\"versanumer\">16<\/span><\/a>Og Dav\u00ed\u00f0 leita\u00f0i Gu\u00f0s vegna sveinsins og fasta\u00f0i, og er hann kom heim, lag\u00f0ist hann til svefns \u00e1 g\u00f3lfinu um n\u00f3ttina.<a name=\"17\"><span class=\"versanumer\">17<\/span><\/a>\u00de\u00e1 gengu elstu mennirnir \u00ed h\u00fasi hans til hans til \u00feess a\u00f0 f\u00e1 hann til a\u00f0 r\u00edsa upp af g\u00f3lfinu, en hann vildi \u00fea\u00f0 ekki og neytti ekki matar me\u00f0 \u00feeim.<a name=\"18\"><span class=\"versanumer\">18<\/span><\/a>En \u00e1 sj\u00f6unda degi d\u00f3 barni\u00f0. Og \u00fej\u00f3nar Dav\u00ed\u00f0s \u00feor\u00f0u ekki a\u00f0 segja honum, a\u00f0 barni\u00f0 v\u00e6ri d\u00e1i\u00f0, \u00fev\u00ed a\u00f0 \u00feeir hugsu\u00f0u me\u00f0 s\u00e9r: Sj\u00e1, me\u00f0an barni\u00f0 lif\u00f0i, t\u00f6lu\u00f0um v\u00e9r vi\u00f0 hann, en hann ansa\u00f0i oss ekki. Hvernig \u00e6ttum v\u00e9r \u00fe\u00e1 n\u00fa a\u00f0 segja vi\u00f0 hann: Barni\u00f0 er d\u00e1i\u00f0! Hann kynni a\u00f0 fremja vo\u00f0averk.<a name=\"19\"><span class=\"versanumer\">19<\/span><\/a>En Dav\u00ed\u00f0 s\u00e1, a\u00f0 \u00fej\u00f3nar hans voru a\u00f0 hv\u00edsla hver a\u00f0 \u00f6\u00f0rum, og skildi hann \u00fe\u00e1, a\u00f0 barni\u00f0 v\u00e6ri d\u00e1i\u00f0. Og Dav\u00ed\u00f0 sag\u00f0i vi\u00f0 \u00fej\u00f3na s\u00edna: Er barni\u00f0 d\u00e1i\u00f0? og \u00feeir s\u00f6g\u00f0u: J\u00e1, \u00fea\u00f0 er d\u00e1i\u00f0.<a name=\"20\"><span class=\"versanumer\">20<\/span><\/a>\u00de\u00e1 st\u00f3\u00f0 Dav\u00ed\u00f0 upp af g\u00f3lfinu, lauga\u00f0ist og smur\u00f0i sig og haf\u00f0i kl\u00e6\u00f0askipti. S\u00ed\u00f0an gekk hann \u00ed h\u00fas Drottins og ba\u00f0st fyrir og f\u00f3r \u00fev\u00ed n\u00e6st heim til s\u00edn og ba\u00f0 um mat. Var honum \u00fe\u00e1 borinn matur, og hann neytti.<a name=\"21\"><span class=\"versanumer\">21<\/span><\/a>\u00de\u00e1 s\u00f6g\u00f0u \u00fej\u00f3nar hans vi\u00f0 hann: Hva\u00f0 er \u00feetta, sem \u00fe\u00fa hefir gj\u00f6rt? Me\u00f0an barni\u00f0 lif\u00f0i, fasta\u00f0ir \u00fe\u00fa og gr\u00e9st vegna \u00feess, en \u00feegar barni\u00f0 var d\u00e1i\u00f0, st\u00f3\u00f0st \u00fe\u00fa upp og mata\u00f0ist?<a name=\"22\"><span class=\"versanumer\">22<\/span><\/a>Hann svara\u00f0i: Me\u00f0an barni\u00f0 var \u00e1 l\u00edfi, fasta\u00f0i \u00e9g og gr\u00e9t, \u00fev\u00ed a\u00f0 \u00e9g hugsa\u00f0i: Hver veit nema Drottinn miskunni m\u00e9r, og barni\u00f0 f\u00e1i a\u00f0 lifa?<a name=\"23\"><span class=\"versanumer\">23<\/span><\/a>En fyrst \u00fea\u00f0 er n\u00fa d\u00e1i\u00f0, hvers vegna \u00e6tti \u00e9g \u00fe\u00e1 a\u00f0 fasta? Mun \u00e9g geta l\u00e1ti\u00f0 \u00fea\u00f0 hverfa aftur? \u00c9g fer til \u00feess, en \u00fea\u00f0 kemur eigi aftur til m\u00edn.<a name=\"24\"><span class=\"versanumer\">24<\/span><\/a>Dav\u00ed\u00f0 hugga\u00f0i Batsebu, konu s\u00edna, og hann gekk inn til hennar og lag\u00f0ist me\u00f0 henni, og h\u00fan \u00f3l son. Og hann nefndi hann Sal\u00f3mon. Drottinn elska\u00f0i hann<a name=\"25\"><span class=\"versanumer\">25<\/span><\/a>og l\u00e9t Natan sp\u00e1mann flytja \u00feau bo\u00f0, a\u00f0 hann skyldi heita Jed\u00eddjah vegna Drottins.<a name=\"26\"><span class=\"versanumer\">26<\/span><\/a>J\u00f3ab herja\u00f0i \u00e1 Rabba, borg Amm\u00f3n\u00edta, og vann l\u00e1gborgina.<a name=\"27\"><span class=\"versanumer\">27<\/span><\/a>Og hann gj\u00f6r\u00f0i menn til Dav\u00ed\u00f0s og sag\u00f0i: \u00c9g hefi herja\u00f0 \u00e1 Rabba og \u00feegar unni\u00f0 l\u00e1gborgina.<a name=\"28\"><span class=\"versanumer\">28<\/span><\/a>Safna n\u00fa saman \u00fev\u00ed sem eftir er af li\u00f0inu og sest um borgina og vinn hana, svo a\u00f0 \u00e9g vinni ekki borgina og h\u00fan ver\u00f0i ekki kennd vi\u00f0 mig.<a name=\"29\"><span class=\"versanumer\">29<\/span><\/a>\u00de\u00e1 safna\u00f0i Dav\u00ed\u00f0 saman \u00f6llu li\u00f0inu og f\u00f3r til Rabba og herja\u00f0i \u00e1 hana og vann hana.<a name=\"30\"><span class=\"versanumer\">30<\/span><\/a>Hann t\u00f3k k\u00f3r\u00f3nu Milk\u00f3ms af h\u00f6f\u00f0i honum. H\u00fan v\u00f3 talentu gulls, og \u00ed henni var d\u00fdrindis steinn. Dav\u00ed\u00f0 setti hana \u00e1 h\u00f6fu\u00f0 s\u00e9r og flutti mj\u00f6g miki\u00f0 herfang burt \u00far borginni.<a name=\"31\"><span class=\"versanumer\">31<\/span><\/a>Hann flutti og burt f\u00f3lki\u00f0, sem \u00fear var, og setti \u00fea\u00f0 vi\u00f0 sagirnar, j\u00e1rnfleygana og j\u00e1rnaxirnar og l\u00e9t \u00fea\u00f0 vinna a\u00f0 t\u00edgulsteinagj\u00f6r\u00f0. Svo f\u00f3r hann me\u00f0 allar borgir Amm\u00f3n\u00edta. S\u00ed\u00f0an f\u00f3r Dav\u00ed\u00f0 \u00e1samt \u00f6llu li\u00f0inu aftur heim til Jer\u00fasalem.<\/p>\n<div class=\"footnote1981\"><b>12.1-6<\/b> D\u00e6misaga 2Sam 14.4-11<br \/>\n<b>12.1<\/b> Sendi Natan Slm 51.1 \u2013 r\u00edkur og f\u00e1t\u00e6kur L\u00fak 16.19-20<br \/>\n<b>12.6<\/b> Borga margfaldlega 2M\u00f3s 21.37+<br \/>\n<b>12.7<\/b> \u00c9g smur\u00f0i \u00feig 2Sam 7.8-9; D\u00f3m 6.14; 1Sam 10.1<br \/>\n<b>12.8<\/b> \u00cd fa\u00f0m \u00feinn 1M\u00f3s 16.5<br \/>\n<b>12.9<\/b> \u00de\u00fa hj\u00f3st 2Sam 11.16-17<br \/>\n<b>12.13<\/b> \u00c9g hef syndga\u00f0 2Sam 19.20; 24.10,17; 1Sam 15.24,30; 26.21 \u2013 \u00fe\u00fa munt ekki deyja 2Sam 19.23<br \/>\n<b>12.16<\/b> Lag\u00f0ist \u00e1 bera j\u00f6r\u00f0ina 2Sam 13.31<br \/>\n<b>12.17<\/b> Neytti ekki matar 2Sam 3.35+<br \/>\n<b>12.23<\/b> Fara til hans 1M\u00f3s 37.35<\/div>\n","protected":false},"excerpt":{"rendered":"<p>1Drottinn sendi Natan til Dav\u00ed\u00f0s, og Natan kom til hans og sag\u00f0i vi\u00f0 hann: Tveir menn voru \u00ed s\u00f6mu borg. Annar var r\u00edkur, hinn f\u00e1t\u00e6kur.2Hinn r\u00edki \u00e1tti fj\u00f6lda sau\u00f0a og nauta,3en hinn f\u00e1t\u00e6ki \u00e1tti ekki nema eitt gimbrarlamb, sem hann haf\u00f0i keypt og ali\u00f0. \u00dea\u00f0 \u00f3x upp hj\u00e1 honum og me\u00f0 b\u00f6rnum hans, \u00fea\u00f0 \u00e1t af mat hans og drakk af bikar hans og svaf vi\u00f0 brj\u00f3st hans og var eins og d\u00f3ttir hans.4\u00de\u00e1 kom gestur til r\u00edka mannsins, og hann t\u00edmdi ekki a\u00f0 taka neinn af sau\u00f0um s\u00ednum e\u00f0a nautum til \u00feess a\u00f0 matrei\u00f0a fyrir fer\u00f0amanninn, sem til hans <a href=\"https:\/\/biblian.is\/1981\/sidari-samuelsbok-12-kafli\/\"> [&#8230;]<\/a><\/p>\n","protected":false},"author":1,"featured_media":0,"parent":0,"menu_order":0,"comment_status":"open","ping_status":"open","template":"bibliukaflar.php","meta":{"footnotes":""},"class_list":["post-1625","page","type-page","status-publish","hentry"],"_links":{"self":[{"href":"https:\/\/biblian.is\/1981\/wp-json\/wp\/v2\/pages\/1625","targetHints":{"allow":["GET"]}}],"collection":[{"href":"https:\/\/biblian.is\/1981\/wp-json\/wp\/v2\/pages"}],"about":[{"href":"https:\/\/biblian.is\/1981\/wp-json\/wp\/v2\/types\/page"}],"author":[{"embeddable":true,"href":"https:\/\/biblian.is\/1981\/wp-json\/wp\/v2\/users\/1"}],"replies":[{"embeddable":true,"href":"https:\/\/biblian.is\/1981\/wp-json\/wp\/v2\/comments?post=1625"}],"version-history":[{"count":0,"href":"https:\/\/biblian.is\/1981\/wp-json\/wp\/v2\/pages\/1625\/revisions"}],"wp:attachment":[{"href":"https:\/\/biblian.is\/1981\/wp-json\/wp\/v2\/media?parent=1625"}],"curies":[{"name":"wp","href":"https:\/\/api.w.org\/{rel}","templated":true}]}}